{"id":162757,"date":"2022-09-20T08:39:17","date_gmt":"2022-09-20T08:39:17","guid":{"rendered":""},"modified":"2025-09-23T08:42:39","modified_gmt":"2025-09-23T08:42:39","slug":"sobre-nos","status":"publish","type":"page","link":"https:\/\/lightsourcebp.staging.1int.co.uk\/br\/sobre-nos\/","title":{"rendered":"Sobre n\u00f3s"},"content":{"rendered":"<section class=\"block-page-title bg-color-white\">\n  <div class=\"pt-60 pt-lg-100\"><\/div>\n\n  <div class=\"container\">\n    <div class=\"row\">\n      <div class=\"col-12\">\n                <h1 class=\"fg-color-gradient\">Sobre n\u00f3s<\/h1>\n      <\/div>\n    <\/div>\n  <\/div>\n\n  <div class=\"pt-60 pt-lg-100\"><\/div>\n<\/section>\n  \n\n\n<section class=\"banner-single position-relative\">\n  <div class=\"container-fluid\">\n    <div class=\"row\">\n      <div class=\"col-12 px-0\">\n                <div class=\"position-relative w-100 h-100 aspect-ratio-banner object-fit-cover\">\n          <picture>\n                    <source srcset=\"https:\/\/assets.lightsourcebp.staging.1int.co.uk\/app\/uploads\/2023\/07\/27191701\/Brazil-banner-crop-ESCRITORIO-I-9775-450x180.jpg, https:\/\/assets.lightsourcebp.staging.1int.co.uk\/app\/uploads\/2023\/07\/27191701\/Brazil-banner-crop-ESCRITORIO-I-9775-1000x400.jpg 2x\"\n                          media=\"(max-width: 575px)\">\n                    <source srcset=\"https:\/\/assets.lightsourcebp.staging.1int.co.uk\/app\/uploads\/2023\/07\/27191701\/Brazil-banner-crop-ESCRITORIO-I-9775-1000x400.jpg, https:\/\/assets.lightsourcebp.staging.1int.co.uk\/app\/uploads\/2023\/07\/27191701\/Brazil-banner-crop-ESCRITORIO-I-9775-1920x768.jpg 2x\"\n                          media=\"(min-width: 576px) and (max-width: 991px)\">\n                    <source srcset=\"https:\/\/assets.lightsourcebp.staging.1int.co.uk\/app\/uploads\/2023\/07\/27191701\/Brazil-banner-crop-ESCRITORIO-I-9775.jpg, https:\/\/assets.lightsourcebp.staging.1int.co.uk\/app\/uploads\/2023\/07\/27191701\/Brazil-banner-crop-ESCRITORIO-I-9775.jpg 2x\"\n                          media=\"(min-width: 992px)\">\n                    <img loading=\"lazy\" decoding=\"async\" src=\"https:\/\/assets.lightsourcebp.staging.1int.co.uk\/app\/uploads\/2023\/07\/27191701\/Brazil-banner-crop-ESCRITORIO-I-9775.jpg\" alt=\"\"\n                       srcset=\"https:\/\/assets.lightsourcebp.staging.1int.co.uk\/app\/uploads\/2023\/07\/27191701\/Brazil-banner-crop-ESCRITORIO-I-9775.jpg 2x\"\n                       sizes=\"auto, 100vw\"\n                       class=\"position-absolute w-100 h-100 left-0 top-0 object-fit-cover\"\n                       width=\"1997\"\n                       height=\"799\">\n                <\/picture>\n        <\/div>\n              <\/div>\n    <\/div>\n  <\/div>\n<\/section>\n\n\n<section class=\"text align block_acf-block-68cc29a78b0f6 block bg-color-white position-relative z-1 overflow-hidden\">\n    <div class=\"pt-60 pt-lg-100\"><\/div>\n\n  \n  <div class=\"container \">\n    <div class=\"row\">\n      <div class=\"col-12 col-md-9\">\n        <span class=\"rich-text standard-text fg-color-navy\">\n          <h2>Uma abordagem de ponta a ponta para a energia solar.<\/h2>\n<p>Integramos internamente o desenvolvimento, financiamento de ativos e gest\u00e3o operacional para otimizar a competitividade e capturar ao m\u00e1ximo o valor ao longo do ciclo de vida de cada projeto de energia limpa.<\/p>\n\n        <\/span>\n      <\/div>\n    <\/div>\n  <\/div>\n\n  <div class=\"pt-15 pt-lg-15\"><\/div>\n<\/section>\n\n\n<section class=\"fifty-fifty align block_acf-block-68cc29a8858f0 block bg-color-white position-relative z-1 overflow-hidden\">\n        <div class=\"pt-0 pt-lg-0\"><\/div>\n  \n    \n    <div class=\"fifty-fifty__row\">\n      <div class=\"container \">\n        <div class=\"row align-items-center\">\n                      <div class=\"col-12 col-lg-6 align-self-center fifty-left d-flex flex-column order-2 order-lg-1\">\n                                                                                                  <div class=\"d-inline-flex w-100 button-container mb-15\">\n                    <a class=\"button button--gradient my-0 mr-auto\" href=\"https:\/\/assets.lightsourcebp.staging.1int.co.uk\/app\/uploads\/2023\/05\/19004230\/Conference-Handout_20230308_EVN_BR_D1_DIGITAL.pdf\" target=\"_blank\"><span>Saiba mais sobre Lightsource bp em Brasil<\/span> <svg xmlns=\"http:\/\/www.w3.org\/2000\/svg\" width=\"24\" height=\"24\" fill=\"none\"><path stroke=\"currentColor\" stroke-linecap=\"round\" stroke-linejoin=\"round\" stroke-width=\"2\" d=\"M21 15v4a2 2 0 0 1-2 2H5a2 2 0 0 1-2-2v-4m4-5 5 5 5-5m-5 5V3\"\/><\/svg><\/a>\n                  <\/div>\n                                                                                          <\/div>\n                            <\/div>\n      <\/div>\n    <\/div>\n\n  <div class=\"pt-60 pt-lg-100\"><\/div>\n  <\/section>\n\n\n<section class=\"cards-with-icon-grid align block_acf-block-68d25d7d2cf50 block bg-color-white\">\n  <div class=\"pt-30 pt-lg-30\"><\/div>\n\n  <div class=\"container\">\n        <div class=\"row flex-center\">\n                        <div class=\"col-6 col-md-4 mb-30\">\n            <div class=\"d-flex flex-column flex-middle text-center  \">\n                              <div class=\"w-75px h-75px d-flex flex-column flex-middle mb-25\">\n                  <picture><source srcset=\"https:\/\/assets.lightsourcebp.staging.1int.co.uk\/app\/uploads\/2025\/09\/12151831\/BR-Operational-Construction-icon.png 100w, https:\/\/assets.lightsourcebp.staging.1int.co.uk\/app\/uploads\/2025\/09\/12151831\/BR-Operational-Construction-icon-80x80.png 80w\" sizes=\"\"><img loading=\"lazy\" decoding=\"async\" src=\"https:\/\/assets.lightsourcebp.staging.1int.co.uk\/app\/uploads\/2025\/09\/12151831\/BR-Operational-Construction-icon.png\" alt=\"\" width=\"100\" height=\"100\" class=\"d-flex w-100 h-100\"><\/picture>\n                <\/div>\n              \n              <h3 class=\"mb-20 font-size-h2   \">\n                                  <span class=\"value \" number=\"5.3\">0<\/span>\n                \n                                  <span class=\" ml-n5px\">GW<\/span>\n                              <\/h3>\n\n              <p class=\"line-height-level-6 w-100 w-lg-90 font-weight-bold fg-color-navy-text \">Portf\u00f3lio de ativos operacionais e em fase de constru\u00e7\u00e3o*<\/p>\n\n                          <\/div>\n          <\/div>\n                  <div class=\"col-6 col-md-4 mb-30\">\n            <div class=\"d-flex flex-column flex-middle text-center  \">\n                              <div class=\"w-75px h-75px d-flex flex-column flex-middle mb-25\">\n                  <picture><source srcset=\"https:\/\/assets.lightsourcebp.staging.1int.co.uk\/app\/uploads\/2025\/09\/12151812\/BR-wind-solar-storage-pipeline-icon.png 100w, https:\/\/assets.lightsourcebp.staging.1int.co.uk\/app\/uploads\/2025\/09\/12151812\/BR-wind-solar-storage-pipeline-icon-80x78.png 80w\" sizes=\"\"><img loading=\"lazy\" decoding=\"async\" src=\"https:\/\/assets.lightsourcebp.staging.1int.co.uk\/app\/uploads\/2025\/09\/12151812\/BR-wind-solar-storage-pipeline-icon.png\" alt=\"\" width=\"100\" height=\"97\" class=\"d-flex w-100 h-100\"><\/picture>\n                <\/div>\n              \n              <h3 class=\"mb-20 font-size-h2   \">\n                                  <span class=\"value \" number=\"55\">0<\/span>\n                \n                                  <span class=\" ml-n5px\">GW+<\/span>\n                              <\/h3>\n\n              <p class=\"line-height-level-6 w-100 w-lg-90 font-weight-bold fg-color-navy-text \">Pipeline de projetos em desenvolvimento**<\/p>\n\n                          <\/div>\n          <\/div>\n                  <\/div>\n  <\/div>\n\n  <div class=\"pt-30 pt-lg-30\"><\/div>\n<\/section>\n\n\n<section class=\"fifty-fifty align block_acf-block-68cc29a886725 block bg-color-white position-relative z-1 overflow-hidden\">\n        <div class=\"pt-15 pt-lg-15\"><\/div>\n\n    \n    <div class=\"fifty-fifty__row\">\n      <div class=\"container \">\n        <div class=\"row align-items-center\">\n                      <div class=\"col-12 col-lg-6 col-xl-6 align-self-center fifty-left d-flex flex-column order-2 order-lg-1\">\n                                                                                                                  <div class=\"flex flex-column w-100 mb-30 fifty-fifty__video\">\n                    <div class=\"video video--third-party ratio ratio-16x9 position-relative no-highlight\">\n  <div class=\"video__poster position-absolute w-100 h-100 left-0 top-0 bg-color-red z-1\">\n          <picture><source srcset=\"https:\/\/assets.lightsourcebp.staging.1int.co.uk\/app\/uploads\/2022\/12\/28140004\/sddefault-aspect-ratio-1920-1080.webp 640w, https:\/\/assets.lightsourcebp.staging.1int.co.uk\/app\/uploads\/2022\/12\/28140004\/sddefault-aspect-ratio-1920-1080-300x169.webp 300w, https:\/\/assets.lightsourcebp.staging.1int.co.uk\/app\/uploads\/2022\/12\/28140004\/sddefault-aspect-ratio-1920-1080-80x45.webp 80w, https:\/\/assets.lightsourcebp.staging.1int.co.uk\/app\/uploads\/2022\/12\/28140004\/sddefault-aspect-ratio-1920-1080-150x84.webp 150w, https:\/\/assets.lightsourcebp.staging.1int.co.uk\/app\/uploads\/2022\/12\/28140004\/sddefault-aspect-ratio-1920-1080-450x253.webp 450w\" sizes=\"(max-width: 450px) calc(100vw - 24px), (min-width: 450px) and (max-width: 575.98px) 551px, (min-width: 576px) and (max-width: 767.98px) 516px, (min-width: 768px) and (max-width: 991.98px) 696px, (min-width: 992px) and (max-width: 1199.98px) 456px, (min-width: 1200px) and (max-width: 1399.98px) 546px, (min-width: 1400px) 636px\"><img loading=\"lazy\" decoding=\"async\" src=\"https:\/\/assets.lightsourcebp.staging.1int.co.uk\/app\/uploads\/2022\/12\/28140004\/sddefault-aspect-ratio-1920-1080.webp\" alt=\"\" width=\"640\" height=\"360\" class=\"d-flex mw-100 w-100 h-auto fit-cover rounded-10px\"><\/picture>\n      <\/div>\n\n  <button class=\"video__play-button bottom-0 position-absolute z-2 p-0 border-none transition-500 w-auto h-auto top-auto\">\n    <i class=\"fg-color-off-white\">\n      <svg xmlns=\"http:\/\/www.w3.org\/2000\/svg\" width=\"79\" height=\"79\" fill=\"none\"><path fill=\"url(#playIcon)\" d=\"M0 0h79v79H0V0z\"\/><path fill=\"#fff\" d=\"M29.625 29.269a1 1 0 011.543-.84L46.98 38.66a1 1 0 010 1.68L31.168 50.57a1 1 0 01-1.543-.839V29.27z\"\/><defs><linearGradient id=\"playIcon\" x1=\"0\" x2=\"107.528\" y1=\"79\" y2=\"-2.194\" gradientUnits=\"userSpaceOnUse\"><stop stop-color=\"#DF1995\"\/><stop offset=\"1\" stop-color=\"#FE5000\"\/><\/linearGradient><\/defs><\/svg>\n    <\/i>\n  <\/button>\n\n  <iframe\n  class=\"video__iframe position-absolute w-100 h-100 left-0 top-0 transition-500\"\n  data-src=\"https:\/\/www.youtube-nocookie.com\/embed\/4rhWptVGX-k?autoplay=1&amp;controls=1&amp;rel=0\"\n  data-title=\"Solar respons\u00e1vel no Brasil | Lightsource bp | Global Leaders in Solar Development\"\n  frameBorder=\"0\"\n  width=\"100%\" height=\"100%\"\n  allow=\"autoplay; encrypted-media\"\n  allowFullScreen=\"true\"\n  webkitallowfullscreen=\"true\"\n  mozallowfullscreen=\"true\"><\/iframe>\n<\/div>\n                  <\/div>\n                                                                          <\/div>\n                                <div class=\"col-12 col-lg-6 col-xl-5 offset-xl-1 align-self-center fifty-right d-flex flex-column mb-lg-0 mt-lg-0 order-1 order-lg-1  mb-15 \">\n                                                                  <h2 class=\"mb-20 \">Origina\u00e7\u00e3o direcionada e decis\u00f5es r\u00e1pidas<\/h2>\n                                                                                                                                                                                <div class=\"flex flex-column w-100 line-height-level-6 mb-15 fifty-fifty__text font-size-paragraph-medium  fg-color-navy-text \">\n\n                    <p>Nossa experi\u00eancia de 10 anos em desenvolvimento solar e nosso alcance global nos permitem avaliar oportunidades e tomar decis\u00f5es rapidamente. Essa capacidade de se mover rapidamente nos d\u00e1 a vantagem em um mercado altamente competitivo.<\/p>\n\n                  <\/div>\n                                                                                                                          <\/div>\n                  <\/div>\n      <\/div>\n    <\/div>\n\n  <div class=\"pt-60 pt-lg-50\"><\/div>\n  <\/section>\n\n\n<section class=\"fifty-fifty align block_acf-block-68cc29a886a26 block bg-color-white position-relative z-1 overflow-hidden\">\n        <div class=\"pt-30 pt-lg-50\"><\/div>\n\n    \n    <div class=\"fifty-fifty__row\">\n      <div class=\"container \">\n        <div class=\"row align-items-center\">\n                      <div class=\"col-12 col-lg-6 col-xl-5 align-self-center fifty-left d-flex flex-column order-2 order-lg-1\">\n                                                                  <h2 class=\"mb-20 \">Uma empresa da bp<\/h2>\n                                                                                                                                                                <div class=\"flex flex-column w-100 line-height-level-6 mb-15 fifty-fifty__text font-size-paragraph-medium  fg-color-navy-text \">\n                    <p>Somos a Lightsource bp &#8211; e estamos em uma miss\u00e3o para nos tornarmos l\u00edderes globais em energias renov\u00e1veis onshore, com base em nosso hist\u00f3rico comprovado no desenvolvimento de projetos solares.<\/p>\n<p>H\u00e1 mais de uma d\u00e9cada, atuamos ativamente para diversificar a forma como o mundo \u00e9 abastecido com energia renov\u00e1vel sustent\u00e1vel e respons\u00e1vel. Trabalhamos para fornecer, com seguran\u00e7a, solu\u00e7\u00f5es acess\u00edveis, confi\u00e1veis e em larga escala de energia renov\u00e1vel onshore e armazenamento de energia, ajudando o mundo a descarbonizar.<\/p>\n<p>Nosso neg\u00f3cio em crescimento est\u00e1 constantemente inovando e investindo para impulsionar a transi\u00e7\u00e3o energ\u00e9tica. Nossas pessoas e projetos est\u00e3o focados em apoiar o crescimento sustent\u00e1vel de longo prazo e a seguran\u00e7a energ\u00e9tica.<\/p>\n<p>A Lightsource bp foi adquirida integralmente pela bp em 2024.<\/p>\n\n                  <\/div>\n                                                                                                          <\/div>\n                                <div class=\"col-12 col-lg-6 col-xl-6 offset-xl-1 align-self-center fifty-right d-flex flex-column mb-lg-0 mt-lg-0 order-3 order-lg-1  mt-15 \">\n                                                                                                                <div class=\"flex flex-column w-100 mb-30 fifty-fifty__image\">\n                    <picture><source srcset=\"https:\/\/assets.lightsourcebp.staging.1int.co.uk\/app\/uploads\/2025\/09\/15141959\/GLB-Our-Story-bp-parternship-1.jpg 1000w, https:\/\/assets.lightsourcebp.staging.1int.co.uk\/app\/uploads\/2025\/09\/15141959\/GLB-Our-Story-bp-parternship-1-300x191.jpg 300w, https:\/\/assets.lightsourcebp.staging.1int.co.uk\/app\/uploads\/2025\/09\/15141959\/GLB-Our-Story-bp-parternship-1-80x51.jpg 80w, https:\/\/assets.lightsourcebp.staging.1int.co.uk\/app\/uploads\/2025\/09\/15141959\/GLB-Our-Story-bp-parternship-1-150x95.jpg 150w, https:\/\/assets.lightsourcebp.staging.1int.co.uk\/app\/uploads\/2025\/09\/15141959\/GLB-Our-Story-bp-parternship-1-450x286.jpg 450w, https:\/\/assets.lightsourcebp.staging.1int.co.uk\/app\/uploads\/2025\/09\/15141959\/GLB-Our-Story-bp-parternship-1-767x488.jpg 767w\" sizes=\"100vw\"><img loading=\"lazy\" decoding=\"async\" src=\"https:\/\/assets.lightsourcebp.staging.1int.co.uk\/app\/uploads\/2025\/09\/15141959\/GLB-Our-Story-bp-parternship-1.jpg\" alt=\"\" width=\"1000\" height=\"636\" class=\"d-flex max-w-100 w-100 h-auto mx-auto fit-cover rounded-10px\"><\/picture>\n                  <\/div>\n                                                                          <\/div>\n                  <\/div>\n      <\/div>\n    <\/div>\n\n  <div class=\"pt-30 pt-lg-30\"><\/div>\n  <\/section>\n\n\n<section class=\"fifty-fifty align block_acf-block-68d25d7d2df27 block bg-color-white position-relative z-1 overflow-hidden\">\n        <div class=\"pt-30 pt-lg-50\"><\/div>\n\n    \n    <div class=\"fifty-fifty__row\">\n      <div class=\"container \">\n        <div class=\"row align-items-center\">\n                      <div class=\"col-12 col-lg-6 col-xl-6 align-self-center fifty-left d-flex flex-column order-2 order-lg-1\">\n                                                                                                                <div class=\"flex flex-column w-100 mb-30 fifty-fifty__image\">\n                    <picture><source srcset=\"https:\/\/assets.lightsourcebp.staging.1int.co.uk\/app\/uploads\/2023\/07\/27190323\/Milagres-1000px-ADM01382.jpg 1000w, https:\/\/assets.lightsourcebp.staging.1int.co.uk\/app\/uploads\/2023\/07\/27190323\/Milagres-1000px-ADM01382-300x200.jpg 300w, https:\/\/assets.lightsourcebp.staging.1int.co.uk\/app\/uploads\/2023\/07\/27190323\/Milagres-1000px-ADM01382-80x53.jpg 80w, https:\/\/assets.lightsourcebp.staging.1int.co.uk\/app\/uploads\/2023\/07\/27190323\/Milagres-1000px-ADM01382-150x100.jpg 150w, https:\/\/assets.lightsourcebp.staging.1int.co.uk\/app\/uploads\/2023\/07\/27190323\/Milagres-1000px-ADM01382-450x300.jpg 450w, https:\/\/assets.lightsourcebp.staging.1int.co.uk\/app\/uploads\/2023\/07\/27190323\/Milagres-1000px-ADM01382-767x512.jpg 767w\" sizes=\"100vw\"><img loading=\"lazy\" decoding=\"async\" src=\"https:\/\/assets.lightsourcebp.staging.1int.co.uk\/app\/uploads\/2023\/07\/27190323\/Milagres-1000px-ADM01382.jpg\" alt=\"\" width=\"1000\" height=\"667\" class=\"d-flex max-w-100 w-100 h-auto mx-auto fit-cover rounded-10px\"><\/picture>\n                  <\/div>\n                                                          <\/div>\n                                <div class=\"col-12 col-lg-6 col-xl-5 offset-xl-1 align-self-center fifty-right d-flex flex-column mb-lg-0 mt-lg-0 order-1 order-lg-1  mb-15 \">\n                                                                <div class=\"flex flex-column w-100 line-height-level-6 mb-15 fifty-fifty__text font-size-paragraph-medium  fg-color-navy-text \">\n\n                    <h2>Inspire-se com nossos projetos<\/h2>\n<p>Trabalhamos com empresas e comunidades em todo o mundo para criar projetos de energia solar de baixo carbono que realmente fazem a diferen\u00e7a. D\u00ea uma olhada no v\u00eddeo para ver todos os projetos solares que estamos construindo no mundo inteiro em 2022 \u2013 apesar da perturba\u00e7\u00e3o de uma pandemia global e confinamento em diversos pa\u00edses, nossas equipes est\u00e3o trabalhando duro para continuar fornecendo energia solar sustent\u00e1vel e acess\u00edvel para o nosso mundo.<\/p>\n\n                  <\/div>\n                                                                                                                                                                                                  <div class=\"d-inline-flex w-100 button-container mb-15\">\n                    <a class=\"button button--gradient my-0 mr-auto\" href=\"https:\/\/lightsourcebp.staging.1int.co.uk\/br\/projetos\/\" target=\"_self\"><span>Saiba mais<\/span> <svg xmlns=\"http:\/\/www.w3.org\/2000\/svg\" width=\"8\" height=\"14\" fill=\"none\"><path stroke=\"currentColor\" stroke-linecap=\"round\" stroke-linejoin=\"round\" stroke-width=\"2\" d=\"m1 13 6-6-6-6\"\/><\/svg><\/a>\n                  <\/div>\n                                                                                                          <\/div>\n                  <\/div>\n      <\/div>\n    <\/div>\n\n  <div class=\"pt-60 pt-lg-100\"><\/div>\n  <\/section>\n\n\n<section class=\"text align block_acf-block-68d25d7d2e1a6 block bg-color-white position-relative z-1 overflow-hidden\">\n    <div class=\"pt-30 pt-lg-30\"><\/div>\n\n  \n  <div class=\"container \">\n    <div class=\"row\">\n      <div class=\"col-12\">\n        <span class=\"rich-text standard-text fg-color-navy\">\n          <hr style=\"border: none; border-top: 1px solid #9b9b9b; margin: 6px 0 12px 0;\" \/>\n<p style=\"text-align: center; font-size: .9em; color: #9b9b9b;\">* Projetos operacionais e projetos em constru\u00e7\u00e3o, propriedade da Lightsource bp.<br \/>\n** Pipeline em est\u00e1gio de desenvolvimento 2 ou superior, excluindo os leads do Est\u00e1gio 1.<\/p>\n\n        <\/span>\n      <\/div>\n    <\/div>\n  <\/div>\n\n  <div class=\"pt-15 pt-lg-15\"><\/div>\n<\/section>\n","protected":false},"excerpt":{"rendered":"","protected":false},"author":1,"featured_media":0,"parent":0,"menu_order":0,"comment_status":"closed","ping_status":"closed","template":"","meta":{"_acf_changed":false,"inline_featured_image":false,"footnotes":""},"class_list":["post-162757","page","type-page","status-publish","hentry"],"acf":[],"aioseo_notices":[],"_links":{"self":[{"href":"https:\/\/lightsourcebp.staging.1int.co.uk\/br\/wp-json\/wp\/v2\/pages\/162757","targetHints":{"allow":["GET"]}}],"collection":[{"href":"https:\/\/lightsourcebp.staging.1int.co.uk\/br\/wp-json\/wp\/v2\/pages"}],"about":[{"href":"https:\/\/lightsourcebp.staging.1int.co.uk\/br\/wp-json\/wp\/v2\/types\/page"}],"author":[{"embeddable":true,"href":"https:\/\/lightsourcebp.staging.1int.co.uk\/br\/wp-json\/wp\/v2\/users\/1"}],"replies":[{"embeddable":true,"href":"https:\/\/lightsourcebp.staging.1int.co.uk\/br\/wp-json\/wp\/v2\/comments?post=162757"}],"version-history":[{"count":27,"href":"https:\/\/lightsourcebp.staging.1int.co.uk\/br\/wp-json\/wp\/v2\/pages\/162757\/revisions"}],"predecessor-version":[{"id":472625,"href":"https:\/\/lightsourcebp.staging.1int.co.uk\/br\/wp-json\/wp\/v2\/pages\/162757\/revisions\/472625"}],"wp:attachment":[{"href":"https:\/\/lightsourcebp.staging.1int.co.uk\/br\/wp-json\/wp\/v2\/media?parent=162757"}],"curies":[{"name":"wp","href":"https:\/\/api.w.org\/{rel}","templated":true}]}}