{"id":162761,"date":"2022-10-19T11:44:06","date_gmt":"2022-10-19T11:44:06","guid":{"rendered":""},"modified":"2023-10-11T14:41:13","modified_gmt":"2023-10-11T14:41:13","slug":"solucoes-energeticas","status":"publish","type":"page","link":"https:\/\/lightsourcebp.staging.1int.co.uk\/br\/solucoes-energeticas\/","title":{"rendered":"Solu\u00e7\u00f5es energ\u00e9ticas"},"content":{"rendered":"<section class=\"block-page-title bg-color-white\">\n  <div class=\"pt-60 pt-lg-100\"><\/div>\n\n  <div class=\"container\">\n    <div class=\"row\">\n      <div class=\"col-12\">\n                <h1 class=\"fg-color-gradient\">Solu\u00e7\u00f5es energ\u00e9ticas<\/h1>\n      <\/div>\n    <\/div>\n  <\/div>\n\n  <div class=\"pt-60 pt-lg-100\"><\/div>\n<\/section>\n  \n\n\n<section class=\"banner-single position-relative\">\n  <div class=\"container-fluid\">\n    <div class=\"row\">\n      <div class=\"col-12 px-0\">\n                <div class=\"position-relative w-100 h-100 aspect-ratio-banner object-fit-cover\">\n          <picture>\n                    <source srcset=\"https:\/\/assets.lightsourcebp.staging.1int.co.uk\/app\/uploads\/2022\/12\/27214008\/IL20220407203103-Impact-Solar-Oct-2020-39-scaled-1920x800-1-aspect-ratio-450-490-450x490.jpg, https:\/\/assets.lightsourcebp.staging.1int.co.uk\/app\/uploads\/2022\/12\/27214008\/IL20220407203103-Impact-Solar-Oct-2020-39-scaled-1920x800-1-aspect-ratio-450-490.jpg 2x\"\n                          media=\"(max-width: 575px)\">\n                    <source srcset=\"https:\/\/assets.lightsourcebp.staging.1int.co.uk\/app\/uploads\/2022\/12\/27214012\/IL20220407203103-Impact-Solar-Oct-2020-39-scaled-1920x800-1-1000x417.jpg, https:\/\/assets.lightsourcebp.staging.1int.co.uk\/app\/uploads\/2022\/12\/27214012\/IL20220407203103-Impact-Solar-Oct-2020-39-scaled-1920x800-1.jpg 2x\"\n                          media=\"(min-width: 576px) and (max-width: 991px)\">\n                    <source srcset=\"https:\/\/assets.lightsourcebp.staging.1int.co.uk\/app\/uploads\/2022\/12\/27214012\/IL20220407203103-Impact-Solar-Oct-2020-39-scaled-1920x800-1.jpg, https:\/\/assets.lightsourcebp.staging.1int.co.uk\/app\/uploads\/2022\/12\/27214012\/IL20220407203103-Impact-Solar-Oct-2020-39-scaled-1920x800-1.jpg 2x\"\n                          media=\"(min-width: 992px)\">\n                    <img loading=\"lazy\" decoding=\"async\" src=\"https:\/\/assets.lightsourcebp.staging.1int.co.uk\/app\/uploads\/2022\/12\/27214012\/IL20220407203103-Impact-Solar-Oct-2020-39-scaled-1920x800-1.jpg\" alt=\"\"\n                       srcset=\"https:\/\/assets.lightsourcebp.staging.1int.co.uk\/app\/uploads\/2022\/12\/27214012\/IL20220407203103-Impact-Solar-Oct-2020-39-scaled-1920x800-1.jpg 2x\"\n                       sizes=\"auto, 100vw\"\n                       class=\"position-absolute w-100 h-100 left-0 top-0 object-fit-cover\"\n                       width=\"1920\"\n                       height=\"800\">\n                <\/picture>\n        <\/div>\n              <\/div>\n    <\/div>\n  <\/div>\n<\/section>\n\n\n<section class=\"text align block_047255c984b38f2b7ed4c3c3f8109526 block bg-color-white position-relative z-1 overflow-hidden\">\n    <div class=\"pt-60 pt-lg-100\"><\/div>\n\n  \n  <div class=\"container \">\n    <div class=\"row\">\n      <div class=\"col-12 col-md-9\">\n        <span class=\"rich-text standard-text fg-color-navy-text\">\n          <h2>Contratar energia solar oferece uma ampla gama de benef\u00edcios<\/h2>\n<p>A compra de energia solar permite que as organiza\u00e7\u00f5es avancem significativamente em suas metas globais de redu\u00e7\u00e3o de carbono e de energia renov\u00e1vel e, mais importante, impulsionem a transi\u00e7\u00e3o para uma economia de baixo carbono. <a href=\"https:\/\/lightsourcebp.staging.1int.co.uk\/br\/parcerias\/compradores-de-energia\/\">Nossos clientes tamb\u00e9m podem contar com o benef\u00edcio de ter um planejamento or\u00e7ament\u00e1rio de longo prazo, sem surpresas com os custos de energia, e com a economia de custos por meio de compras competitivas<\/a> de energia solar.<\/p>\n<p>Em outras palavras, comprar energia solar n\u00e3o \u00e9 apenas bom para o meio ambiente, mas tamb\u00e9m faz sentido para os neg\u00f3cios. De acordo com o World Energy Outlook 2021 da Ag\u00eancia Internacional de Energia, energia solar fotovoltaica (PV) e energia e\u00f3lica tornaram-se \u201c<a href=\"https:\/\/www.iea.org\/reports\/world-energy-outlook-2021\" target=\"_blank\" rel=\"noopener\">as fontes mais baratas e competitivas de energia el\u00e9trica na maioria dos mercados\u201d<\/a>. Como resultado, a ind\u00fastria solar brasileira est\u00e1 crescendo rapidamente e <a href=\"https:\/\/renewablesnow.com\/news\/brazil-hits-14-gw-of-installed-solar-capacity-775544\/\" target=\"_blank\" rel=\"noopener\">superou 14 GW de capacidade instalada<\/a>, conforme relatado pela Associa\u00e7\u00e3o Brasileira de Energia Solar Fotovoltaica. A energia solar tornou-se a fonte de energia mais competitiva em leil\u00f5es governamentais e contratos de compra e venda de energia corporativos [Power Purchase Agreements \u2013 PPAs] no mercado livre.<\/p>\n\n        <\/span>\n      <\/div>\n    <\/div>\n  <\/div>\n\n  <div class=\"pt-30 pt-lg-30\"><\/div>\n<\/section>\n\n\n<section class=\"fifty-fifty align block_5ec2142544717ddf5768b9acfa079dbc block bg-color-white position-relative z-1 overflow-hidden\">\n        <div class=\"pt-30 pt-lg-30\"><\/div>\n\n    \n    <div class=\"fifty-fifty__row\">\n      <div class=\"container \">\n        <div class=\"row align-items-center\">\n                      <div class=\"col-12 col-lg-6 col-xl-5 align-self-center fifty-left d-flex flex-column order-2 order-lg-1\">\n                                                                <div class=\"flex flex-column w-100 line-height-level-6 mb-15 fifty-fifty__text font-size-paragraph-medium  fg-color-navy-text \">\n                    <h2>Trabalhe com nossa equipe de especialistas internos<\/h2>\n<p>Nossa equipe de Power Markets da Lightsource bp atuar\u00e1 como seu consultor de energia, determinando a melhor solu\u00e7\u00e3o para atender \u00e0s necessidades de sua empresa e fornecer informa\u00e7\u00f5es e an\u00e1lises de mercado para orientar suas decis\u00f5es. Com acesso a um portf\u00f3lio de desenvolvimento de mais de 4 gigawatts de ativos solares estrategicamente localizados no Brasil (Nordeste e Sudeste), nossa equipe garantir\u00e1 que voc\u00ea obtenha energia de um projeto que atenda \u00e0s suas necessidades.<\/p>\n\n                  <\/div>\n                                                                                                                                                                                  <div class=\"d-inline-flex w-100 button-container mb-15\">\n                    <a class=\"button button--gradient my-0 mr-auto\" href=\"https:\/\/lightsourcebp.staging.1int.co.uk\/br\/parcerias\/compradores-de-energia\" target=\"_blank\"><span>Seja nosso parceiro<\/span> <svg xmlns=\"http:\/\/www.w3.org\/2000\/svg\" width=\"8\" height=\"14\" fill=\"none\"><path stroke=\"currentColor\" stroke-linecap=\"round\" stroke-linejoin=\"round\" stroke-width=\"2\" d=\"m1 13 6-6-6-6\"\/><\/svg><\/a>\n                  <\/div>\n                                                                                          <\/div>\n                                <div class=\"col-12 col-lg-6 col-xl-6 offset-xl-1 align-self-center fifty-right d-flex flex-column mb-lg-0 mt-lg-0 order-3 order-lg-1  mt-15 \">\n                                                                                                                <div class=\"flex flex-column w-100 mb-30 fifty-fifty__image\">\n                    <picture><source srcset=\"https:\/\/assets.lightsourcebp.staging.1int.co.uk\/app\/uploads\/2022\/12\/26144048\/Evento-Lightsourcebp-Brasil-256.jpg 1620w, https:\/\/assets.lightsourcebp.staging.1int.co.uk\/app\/uploads\/2022\/12\/26144048\/Evento-Lightsourcebp-Brasil-256-300x200.jpg 300w, https:\/\/assets.lightsourcebp.staging.1int.co.uk\/app\/uploads\/2022\/12\/26144048\/Evento-Lightsourcebp-Brasil-256-1024x683.jpg 1024w, https:\/\/assets.lightsourcebp.staging.1int.co.uk\/app\/uploads\/2022\/12\/26144048\/Evento-Lightsourcebp-Brasil-256-80x53.jpg 80w, https:\/\/assets.lightsourcebp.staging.1int.co.uk\/app\/uploads\/2022\/12\/26144048\/Evento-Lightsourcebp-Brasil-256-150x100.jpg 150w, https:\/\/assets.lightsourcebp.staging.1int.co.uk\/app\/uploads\/2022\/12\/26144048\/Evento-Lightsourcebp-Brasil-256-450x300.jpg 450w, https:\/\/assets.lightsourcebp.staging.1int.co.uk\/app\/uploads\/2022\/12\/26144048\/Evento-Lightsourcebp-Brasil-256-767x511.jpg 767w, https:\/\/assets.lightsourcebp.staging.1int.co.uk\/app\/uploads\/2022\/12\/26144048\/Evento-Lightsourcebp-Brasil-256-1000x667.jpg 1000w, https:\/\/assets.lightsourcebp.staging.1int.co.uk\/app\/uploads\/2022\/12\/26144048\/Evento-Lightsourcebp-Brasil-256-1200x800.jpg 1200w, https:\/\/assets.lightsourcebp.staging.1int.co.uk\/app\/uploads\/2022\/12\/26144048\/Evento-Lightsourcebp-Brasil-256-1600x1067.jpg 1600w\" sizes=\"100vw\"><img loading=\"lazy\" decoding=\"async\" src=\"https:\/\/assets.lightsourcebp.staging.1int.co.uk\/app\/uploads\/2022\/12\/26144048\/Evento-Lightsourcebp-Brasil-256.jpg\" alt=\"\" width=\"1620\" height=\"1080\" class=\"d-flex max-w-100 w-100 h-auto mx-auto fit-cover rounded-10px\"><\/picture>\n                  <\/div>\n                                                                          <\/div>\n                  <\/div>\n      <\/div>\n    <\/div>\n\n  <div class=\"pt-50 pt-lg-50\"><\/div>\n  <\/section>\n\n\n<section class=\"text align block_5c6ced2130a87a450ad2fabc49e01ada block bg-color-white position-relative z-1 overflow-hidden\">\n    <div class=\"pt-60 pt-lg-100\"><\/div>\n\n  \n  <div class=\"container \">\n    <div class=\"row\">\n      <div class=\"col-12 col-md-9\">\n        <span class=\"rich-text large-text fg-color-navy\">\n          <h2>Contratos de Energia Renov\u00e1vel projetados para maximizar o valor para cada um de nossos clientes<\/h2>\n<p>A Lightsource bp oferece uma ampla gama de solu\u00e7\u00f5es em energia para clientes em todo o Brasil, fornecendo ofertas de ponta a ponta com bom custo-benef\u00edcio, totalmente personalizadas para atender \u00e0s suas necessidades individuais de neg\u00f3cios. Um aspecto importante da compra de energia solar da Lightsource bp \u00e9 que as instala\u00e7\u00f5es de gera\u00e7\u00e3o solar s\u00e3o totalmente financiadas, constru\u00eddas, detidas e operadas por n\u00f3s, o que possibilita o fornecimento de energia a um pre\u00e7o previs\u00edvel e de longo prazo por meio de um contrato de energia renov\u00e1vel. Nenhum investimento de capital inicial \u00e9 exigido de nossos clientes.<\/p>\n\n        <\/span>\n      <\/div>\n    <\/div>\n  <\/div>\n\n  <div class=\"pt-50 pt-lg-50\"><\/div>\n<\/section>\n\n\n<section class=\"multi-column-cards align block_3afab41e9ebee2b72decd8081eeda356 block bg-color-white\">\n  <div class=\"pt-30 pt-lg-0\"><\/div>\n\n  <div class=\"container\">\n    <div class=\"row\">\n      <div class=\"col-12\">\n                <h3 class=\"mb-35\"><\/h3>\n      <\/div>\n    <\/div>\n    <div class=\"row\">\n                        <div class=\"col-12 col-lg-6 mb-30\">\n  <div class=\"multi-column-cards__image-container\">\n          <a href=\"https:\/\/lightsourcebp.staging.1int.co.uk\/br\/solucoes-energeticas\/ppa\/\" >\n          <img decoding=\"async\" src=\"https:\/\/assets.lightsourcebp.staging.1int.co.uk\/app\/uploads\/2022\/12\/26144052\/Impact-Solar-Oct-discover-more-1.jpg\" \/>\n          <\/a>\n      <\/div>\n      <a class=\"text-decoration-none text-decoration-sm-underline-hover\" href=\"https:\/\/lightsourcebp.staging.1int.co.uk\/br\/solucoes-energeticas\/ppa\/\" >\n        <h5 class=\"mt-25 mb-15 fg-color-navy\">Contrato de Compra de Energia (PPA)<\/h5>\n      <\/a>\n          <p><a href=\"https:\/\/lightsourcebp.staging.1int.co.uk\/br\/solucoes-energeticas\/ppa\/\" >PPA <span class=\"ml-10\"><svg xmlns=\"http:\/\/www.w3.org\/2000\/svg\" width=\"8\" height=\"14\" fill=\"none\"><path stroke=\"currentColor\" stroke-linecap=\"round\" stroke-linejoin=\"round\" stroke-width=\"2\" d=\"M1 13l6-6-6-6\"\/><\/svg><\/span><\/a><\/p>\n  <\/div>\n                  <div class=\"col-12 col-lg-6 mb-30\">\n  <div class=\"multi-column-cards__image-container\">\n          <a href=\"https:\/\/lightsourcebp.staging.1int.co.uk\/br\/solucoes-energeticas\/autoproducao\/\" >\n          <img decoding=\"async\" src=\"https:\/\/assets.lightsourcebp.staging.1int.co.uk\/app\/uploads\/2022\/12\/26144505\/Bighorn_Sunset_discover-more-1.jpg\" \/>\n          <\/a>\n      <\/div>\n      <a class=\"text-decoration-none text-decoration-sm-underline-hover\" href=\"https:\/\/lightsourcebp.staging.1int.co.uk\/br\/solucoes-energeticas\/autoproducao\/\" >\n        <h5 class=\"mt-25 mb-15 fg-color-navy\">Solu\u00e7\u00e3o de Autoprodu\u00e7\u00e3o<\/h5>\n      <\/a>\n          <p><a href=\"https:\/\/lightsourcebp.staging.1int.co.uk\/br\/solucoes-energeticas\/autoproducao\/\" >Autoprodu\u00e7\u00e3o <span class=\"ml-10\"><svg xmlns=\"http:\/\/www.w3.org\/2000\/svg\" width=\"8\" height=\"14\" fill=\"none\"><path stroke=\"currentColor\" stroke-linecap=\"round\" stroke-linejoin=\"round\" stroke-width=\"2\" d=\"M1 13l6-6-6-6\"\/><\/svg><\/span><\/a><\/p>\n  <\/div>\n                  <\/div>\n  <\/div>\n\n  <div class=\"pt-30 pt-lg-50\"><\/div>\n<\/section>\n","protected":false},"excerpt":{"rendered":"","protected":false},"author":1,"featured_media":0,"parent":0,"menu_order":0,"comment_status":"closed","ping_status":"closed","template":"","meta":{"_acf_changed":false,"inline_featured_image":false,"footnotes":""},"class_list":["post-162761","page","type-page","status-publish","hentry"],"acf":[],"aioseo_notices":[],"_links":{"self":[{"href":"https:\/\/lightsourcebp.staging.1int.co.uk\/br\/wp-json\/wp\/v2\/pages\/162761","targetHints":{"allow":["GET"]}}],"collection":[{"href":"https:\/\/lightsourcebp.staging.1int.co.uk\/br\/wp-json\/wp\/v2\/pages"}],"about":[{"href":"https:\/\/lightsourcebp.staging.1int.co.uk\/br\/wp-json\/wp\/v2\/types\/page"}],"author":[{"embeddable":true,"href":"https:\/\/lightsourcebp.staging.1int.co.uk\/br\/wp-json\/wp\/v2\/users\/1"}],"replies":[{"embeddable":true,"href":"https:\/\/lightsourcebp.staging.1int.co.uk\/br\/wp-json\/wp\/v2\/comments?post=162761"}],"version-history":[{"count":14,"href":"https:\/\/lightsourcebp.staging.1int.co.uk\/br\/wp-json\/wp\/v2\/pages\/162761\/revisions"}],"predecessor-version":[{"id":328010,"href":"https:\/\/lightsourcebp.staging.1int.co.uk\/br\/wp-json\/wp\/v2\/pages\/162761\/revisions\/328010"}],"wp:attachment":[{"href":"https:\/\/lightsourcebp.staging.1int.co.uk\/br\/wp-json\/wp\/v2\/media?parent=162761"}],"curies":[{"name":"wp","href":"https:\/\/api.w.org\/{rel}","templated":true}]}}