{"id":162764,"date":"2022-09-20T08:47:58","date_gmt":"2022-09-20T08:47:58","guid":{"rendered":""},"modified":"2023-10-11T14:39:03","modified_gmt":"2023-10-11T14:39:03","slug":"sustentabilidade","status":"publish","type":"page","link":"https:\/\/lightsourcebp.staging.1int.co.uk\/br\/sustentabilidade\/","title":{"rendered":"Sustentabilidade"},"content":{"rendered":"<section class=\"block-page-title bg-color-white\">\n  <div class=\"pt-60 pt-lg-100\"><\/div>\n\n  <div class=\"container\">\n    <div class=\"row\">\n      <div class=\"col-12\">\n                <h1 class=\"fg-color-gradient\">Sustentabilidade<\/h1>\n      <\/div>\n    <\/div>\n  <\/div>\n\n  <div class=\"pt-60 pt-lg-100\"><\/div>\n<\/section>\n  \n\n\n<section class=\"banner-single position-relative\">\n  <div class=\"container-fluid\">\n    <div class=\"row\">\n      <div class=\"col-12 px-0\">\n                <div class=\"position-relative w-100 h-100 aspect-ratio-banner object-fit-cover\">\n          <picture>\n                    <source srcset=\"https:\/\/assets.lightsourcebp.staging.1int.co.uk\/app\/uploads\/2023\/07\/27192721\/Milagres-banner-crop-ADM01382-450x179.jpg, https:\/\/assets.lightsourcebp.staging.1int.co.uk\/app\/uploads\/2023\/07\/27192721\/Milagres-banner-crop-ADM01382-1000x399.jpg 2x\"\n                          media=\"(max-width: 575px)\">\n                    <source srcset=\"https:\/\/assets.lightsourcebp.staging.1int.co.uk\/app\/uploads\/2023\/07\/27192721\/Milagres-banner-crop-ADM01382-1000x399.jpg, https:\/\/assets.lightsourcebp.staging.1int.co.uk\/app\/uploads\/2023\/07\/27192721\/Milagres-banner-crop-ADM01382-1920x766.jpg 2x\"\n                          media=\"(min-width: 576px) and (max-width: 991px)\">\n                    <source srcset=\"https:\/\/assets.lightsourcebp.staging.1int.co.uk\/app\/uploads\/2023\/07\/27192721\/Milagres-banner-crop-ADM01382.jpg, https:\/\/assets.lightsourcebp.staging.1int.co.uk\/app\/uploads\/2023\/07\/27192721\/Milagres-banner-crop-ADM01382.jpg 2x\"\n                          media=\"(min-width: 992px)\">\n                    <img loading=\"lazy\" decoding=\"async\" src=\"https:\/\/assets.lightsourcebp.staging.1int.co.uk\/app\/uploads\/2023\/07\/27192721\/Milagres-banner-crop-ADM01382.jpg\" alt=\"\"\n                       srcset=\"https:\/\/assets.lightsourcebp.staging.1int.co.uk\/app\/uploads\/2023\/07\/27192721\/Milagres-banner-crop-ADM01382.jpg 2x\"\n                       sizes=\"auto, 100vw\"\n                       class=\"position-absolute w-100 h-100 left-0 top-0 object-fit-cover\"\n                       width=\"1999\"\n                       height=\"797\">\n                <\/picture>\n        <\/div>\n              <\/div>\n    <\/div>\n  <\/div>\n<\/section>\n\n\n<section class=\"text align block_143a7b1ad4ff8f1b091852c8e3207058 block bg-color-white position-relative z-1 overflow-hidden\">\n    <div class=\"pt-60 pt-lg-100\"><\/div>\n\n  \n  <div class=\"container \">\n    <div class=\"row\">\n      <div class=\"col-12\">\n        <span class=\"rich-text standard-text fg-color-black\">\n          <h2>Sustentabilidade, a hora de agir \u00e9 agora<\/h2>\n\n        <\/span>\n      <\/div>\n    <\/div>\n  <\/div>\n\n  <div class=\"pt-30 pt-lg-30\"><\/div>\n<\/section>\n\n\n<section class=\"image align block_59b62040d2b6607bcc6c1562876c6d87 block\">\n  <div class=\"pt-15 pt-lg-15\"><\/div>\n\n  <div class=\"container \">\n    <div class=\"row\">\n      <div class=\"col-12 image-block__image\">\n        <picture><source srcset=\"https:\/\/assets.lightsourcebp.staging.1int.co.uk\/app\/uploads\/2022\/12\/26232512\/Resize-Brazil-Sustainability-Pillars-Infographic-Square_20221208_CRP_BR_D1-1.png 1448w, https:\/\/assets.lightsourcebp.staging.1int.co.uk\/app\/uploads\/2022\/12\/26232512\/Resize-Brazil-Sustainability-Pillars-Infographic-Square_20221208_CRP_BR_D1-1-300x163.png 300w, https:\/\/assets.lightsourcebp.staging.1int.co.uk\/app\/uploads\/2022\/12\/26232512\/Resize-Brazil-Sustainability-Pillars-Infographic-Square_20221208_CRP_BR_D1-1-1024x556.png 1024w, https:\/\/assets.lightsourcebp.staging.1int.co.uk\/app\/uploads\/2022\/12\/26232512\/Resize-Brazil-Sustainability-Pillars-Infographic-Square_20221208_CRP_BR_D1-1-80x43.png 80w, https:\/\/assets.lightsourcebp.staging.1int.co.uk\/app\/uploads\/2022\/12\/26232512\/Resize-Brazil-Sustainability-Pillars-Infographic-Square_20221208_CRP_BR_D1-1-150x81.png 150w, https:\/\/assets.lightsourcebp.staging.1int.co.uk\/app\/uploads\/2022\/12\/26232512\/Resize-Brazil-Sustainability-Pillars-Infographic-Square_20221208_CRP_BR_D1-1-450x244.png 450w, https:\/\/assets.lightsourcebp.staging.1int.co.uk\/app\/uploads\/2022\/12\/26232512\/Resize-Brazil-Sustainability-Pillars-Infographic-Square_20221208_CRP_BR_D1-1-767x416.png 767w, https:\/\/assets.lightsourcebp.staging.1int.co.uk\/app\/uploads\/2022\/12\/26232512\/Resize-Brazil-Sustainability-Pillars-Infographic-Square_20221208_CRP_BR_D1-1-1000x543.png 1000w, https:\/\/assets.lightsourcebp.staging.1int.co.uk\/app\/uploads\/2022\/12\/26232512\/Resize-Brazil-Sustainability-Pillars-Infographic-Square_20221208_CRP_BR_D1-1-1200x651.png 1200w\" sizes=\"\"><img loading=\"lazy\" decoding=\"async\" src=\"https:\/\/assets.lightsourcebp.staging.1int.co.uk\/app\/uploads\/2022\/12\/26232512\/Resize-Brazil-Sustainability-Pillars-Infographic-Square_20221208_CRP_BR_D1-1.png\" alt=\"\" width=\"1448\" height=\"786\" class=\"d-flex w-100 h-auto object-fit-cover\"><\/picture>\n      <\/div>\n    <\/div>\n  <\/div>\n\n  <div class=\"pt-50 pt-lg-50\"><\/div>\n<\/section>\n\n\n<section class=\"text align block_4b313aa6b0680d48990a2a17fb5172b0 block bg-color-white position-relative z-1 overflow-hidden\">\n    <div class=\"pt-30 pt-lg-0\"><\/div>\n\n  \n  <div class=\"container \">\n    <div class=\"row\">\n      <div class=\"col-12\">\n        <span class=\"rich-text standard-text fg-color-navy-text\">\n          <h2>Energia solar para o nosso povo e para o nosso planeta<\/h2>\n<p>As mudan\u00e7as clim\u00e1ticas, a descarboniza\u00e7\u00e3o energ\u00e9tica e os danos \u00e0 biodiversidade est\u00e3o entre os problemas complexos e interligados, que enfrentamos atualmente no mundo. Tais problemas t\u00eam consequ\u00eancias ambientais graves, impactando diretamente tanto na natureza como na vida e na subsist\u00eancia das pessoas. Na Lightsource bp, trabalhamos mantendo uma postura ativa no combate a tais problemas no Brasil por meio de uma estrat\u00e9gia sustent\u00e1vel, que est\u00e1 alinhada com os Objetivos de Desenvolvimento Sustent\u00e1vel da ONU (ODS) [7] e [13]. Nossa estrat\u00e9gia de sustentabilidade, em sua ess\u00eancia, contribui para ajudar o Brasil na transi\u00e7\u00e3o para uma matriz energ\u00e9tica de baixa emiss\u00e3o de carbono por meio de projetos solares desenvolvidos de forma respons\u00e1vel. Entretanto, nosso compromisso com um Brasil sustent\u00e1vel vai al\u00e9m da energia solar.<\/p>\n\n        <\/span>\n      <\/div>\n    <\/div>\n  <\/div>\n\n  <div class=\"pt-30 pt-lg-30\"><\/div>\n<\/section>\n\n\n<section class=\"cards-with-icon-grid align block_dd4ab83517bb968032e96728ed01414d block bg-color-white\">\n  <div class=\"pt-15 pt-lg-15\"><\/div>\n\n  <div class=\"container\">\n        <div class=\"row flex-center\">\n                        <div class=\"col-6 col-md-4 mb-30\">\n            <div class=\"d-flex flex-column flex-middle text-center  \">\n                              <div class=\"w-75px h-75px d-flex flex-column flex-middle mb-25\">\n                  <picture><source srcset=\"https:\/\/assets.lightsourcebp.staging.1int.co.uk\/app\/uploads\/2022\/12\/27003008\/utility-scale-projects-icon-4.png 91w, https:\/\/assets.lightsourcebp.staging.1int.co.uk\/app\/uploads\/2022\/12\/27003008\/utility-scale-projects-icon-4-80x80.png 80w\" sizes=\"\"><img loading=\"lazy\" decoding=\"async\" src=\"https:\/\/assets.lightsourcebp.staging.1int.co.uk\/app\/uploads\/2022\/12\/27003008\/utility-scale-projects-icon-4.png\" alt=\"\" width=\"91\" height=\"91\" class=\"d-flex w-100 h-100\"><\/picture>\n                <\/div>\n              \n              <h3 class=\"mb-20 font-size-h2   \">\n                \n                                  <span class=\" ml-n5px\">Energia<\/span>\n                              <\/h3>\n\n              <p class=\"line-height-level-6 w-100 w-lg-90 font-weight-bold fg-color-navy-text \">Queremos inspirar e permitir que milh\u00f5es de comunidades e empresas no Brasil e no mundo escolham a energia solar. A fonte solar \u00e9 uma forma passiva de tecnologia, fornecendo eletricidade local e sustent\u00e1vel a um pre\u00e7o acess\u00edvel e queremos fazer dela a escolha natural durante a transi\u00e7\u00e3o para a baixa emiss\u00e3o de carbono. <\/p>\n\n                          <\/div>\n          <\/div>\n                  <div class=\"col-6 col-md-4 mb-30\">\n            <div class=\"d-flex flex-column flex-middle text-center  \">\n                              <div class=\"w-75px h-75px d-flex flex-column flex-middle mb-25\">\n                  <picture><source srcset=\"https:\/\/assets.lightsourcebp.staging.1int.co.uk\/app\/uploads\/2022\/12\/27003025\/Countries-icon-5.png 91w, https:\/\/assets.lightsourcebp.staging.1int.co.uk\/app\/uploads\/2022\/12\/27003025\/Countries-icon-5-80x80.png 80w\" sizes=\"\"><img loading=\"lazy\" decoding=\"async\" src=\"https:\/\/assets.lightsourcebp.staging.1int.co.uk\/app\/uploads\/2022\/12\/27003025\/Countries-icon-5.png\" alt=\"\" width=\"91\" height=\"91\" class=\"d-flex w-100 h-100\"><\/picture>\n                <\/div>\n              \n              <h3 class=\"mb-20 font-size-h2   \">\n                \n                                  <span class=\" ml-n5px\">Meio ambiente<\/span>\n                              <\/h3>\n\n              <p class=\"line-height-level-6 w-100 w-lg-90 font-weight-bold fg-color-navy-text \">\u00c0 medida que contribu\u00edmos com a transi\u00e7\u00e3o para a energia verde e com o combate aos efeitos das mudan\u00e7as clim\u00e1ticas, tamb\u00e9m planejamos manter nossa preocupa\u00e7\u00e3o com o clima, monitorando nossas emiss\u00f5es e res\u00edduos de gases de efeito estufa e buscando formas de reduzi-los. Al\u00e9m disso, queremos continuar melhorando os ecossistemas e aumentando a biodiversidade nas comunidades brasileiras onde atuamos.<\/p>\n\n                          <\/div>\n          <\/div>\n                  <div class=\"col-6 col-md-4 mb-30\">\n            <div class=\"d-flex flex-column flex-middle text-center  \">\n                              <div class=\"w-75px h-75px d-flex flex-column flex-middle mb-25\">\n                  <picture><source srcset=\"https:\/\/assets.lightsourcebp.staging.1int.co.uk\/app\/uploads\/2022\/12\/27003011\/Team-icon-5.png 91w, https:\/\/assets.lightsourcebp.staging.1int.co.uk\/app\/uploads\/2022\/12\/27003011\/Team-icon-5-80x80.png 80w\" sizes=\"\"><img loading=\"lazy\" decoding=\"async\" src=\"https:\/\/assets.lightsourcebp.staging.1int.co.uk\/app\/uploads\/2022\/12\/27003011\/Team-icon-5.png\" alt=\"\" width=\"91\" height=\"91\" class=\"d-flex w-100 h-100\"><\/picture>\n                <\/div>\n              \n              <h3 class=\"mb-20 font-size-h2   \">\n                \n                                  <span class=\" ml-n5px\">Pessoas<\/span>\n                              <\/h3>\n\n              <p class=\"line-height-level-6 w-100 w-lg-90 font-weight-bold fg-color-navy-text \">Diversidade e inclus\u00e3o representam uma parte importante da nossa cultura aqui na Lightsource bp. Acreditamos que nossa inclus\u00e3o nos diferencia de nossos concorrentes e nos d\u00e1 uma perspectiva \u00fanica e diversa, mas n\u00e3o vamos parar por a\u00ed. Precisamos continuar a expandir os limites de nosso pensamento e manter viva a alegria e a abertura de nossa cultura para continuar trabalhando em dire\u00e7\u00e3o a nossa miss\u00e3o positiva para o clima.<\/p>\n\n                          <\/div>\n          <\/div>\n                  <\/div>\n  <\/div>\n\n  <div class=\"pt-50 pt-lg-50\"><\/div>\n<\/section>\n\n\n<section class=\"fifty-fifty align block_b2fb00493e0856067341b374dea4eceb block bg-color-orange-3-percent position-relative z-1 overflow-hidden\">\n        <div class=\"pt-30 pt-lg-50\"><\/div>\n\n          <img decoding=\"async\" class=\"position-absolute top-n20 right-n125 right-sm-n80 right-md-n45 right-xl-n32 rotate-230 -z-1\" src=\"https:\/\/lightsourcebp.staging.1int.co.uk\/app\/themes\/lightsourcebp-theme\/dist\/images\/global\/background-swirls_935dfcd0.png\" alt=\"\" \/>\n    \n    <div class=\"fifty-fifty__row\">\n      <div class=\"container \">\n        <div class=\"row align-items-center\">\n                      <div class=\"col-12 col-lg-6 col-xl-5 align-self-center fifty-left d-flex flex-column order-2 order-lg-1\">\n                                                                  <h2 class=\"mb-20 \">Energia solar respons\u00e1vel<\/h2>\n                                                                                                                                                                <div class=\"flex flex-column w-100 line-height-level-6 mb-15 fifty-fifty__text font-size-paragraph-large  fg-color-navy-text \">\n                    <p>Conhe\u00e7a mais sobre nossa estrat\u00e9gia sustent\u00e1vel<\/p>\n\n                  <\/div>\n                                                                                                                                                                                  <div class=\"d-inline-flex w-100 button-container mb-15\">\n                    <a class=\"button button--gradient my-0 mr-auto\" href=\"https:\/\/lightsourcebp.staging.1int.co.uk\/sustainability\/\" target=\"_blank\"><span>Visite nosso site global de sustentabilidade<\/span> <svg xmlns=\"http:\/\/www.w3.org\/2000\/svg\" width=\"8\" height=\"14\" fill=\"none\"><path stroke=\"currentColor\" stroke-linecap=\"round\" stroke-linejoin=\"round\" stroke-width=\"2\" d=\"m1 13 6-6-6-6\"\/><\/svg><\/a>\n                  <\/div>\n                                                                                          <\/div>\n                                <div class=\"col-12 col-lg-6 col-xl-6 offset-xl-1 align-self-center fifty-right d-flex flex-column mb-lg-0 mt-lg-0 order-3 order-lg-1  mt-15 \">\n                                                                                                                  <div class=\"flex flex-column w-100 mb-30 fifty-fifty__video\">\n                    <div class=\"video video--third-party ratio ratio-16x9 position-relative no-highlight\">\n  <div class=\"video__poster position-absolute w-100 h-100 left-0 top-0 bg-color-red z-1\">\n          <picture><source data-srcset=\"https:\/\/assets.lightsourcebp.staging.1int.co.uk\/app\/uploads\/2022\/12\/28020017\/sddefault-aspect-ratio-1920-1080-1.webp 640w, https:\/\/assets.lightsourcebp.staging.1int.co.uk\/app\/uploads\/2022\/12\/28020017\/sddefault-aspect-ratio-1920-1080-1-300x169.webp 300w, https:\/\/assets.lightsourcebp.staging.1int.co.uk\/app\/uploads\/2022\/12\/28020017\/sddefault-aspect-ratio-1920-1080-1-80x45.webp 80w, https:\/\/assets.lightsourcebp.staging.1int.co.uk\/app\/uploads\/2022\/12\/28020017\/sddefault-aspect-ratio-1920-1080-1-150x84.webp 150w, https:\/\/assets.lightsourcebp.staging.1int.co.uk\/app\/uploads\/2022\/12\/28020017\/sddefault-aspect-ratio-1920-1080-1-450x253.webp 450w\" data-sizes=\"(max-width: 450px) calc(100vw - 24px), (min-width: 450px) and (max-width: 575.98px) 551px, (min-width: 576px) and (max-width: 767.98px) 516px, (min-width: 768px) and (max-width: 991.98px) 696px, (min-width: 992px) and (max-width: 1199.98px) 456px, (min-width: 1200px) and (max-width: 1399.98px) 546px, (min-width: 1400px) 636px\"><img data-src=\"https:\/\/assets.lightsourcebp.staging.1int.co.uk\/app\/uploads\/2022\/12\/28020017\/sddefault-aspect-ratio-1920-1080-1.webp\" alt=\"\" width=\"640\" height=\"360\" class=\"d-flex mw-100 w-100 h-auto fit-cover rounded-10px lazy\"  decoding=\"sync\"><\/picture><noscript><img loading=\"lazy\" src=\"https:\/\/assets.lightsourcebp.staging.1int.co.uk\/app\/uploads\/2022\/12\/28020017\/sddefault-aspect-ratio-1920-1080-1.webp\" alt=\"\" width=\"640\" height=\"360\" class=\"d-flex mw-100 w-100 h-auto fit-cover rounded-10px \"  decoding=\"sync\"><\/noscript>\n      <\/div>\n\n  <button class=\"video__play-button bottom-0 position-absolute z-2 p-0 border-none transition-500 w-auto h-auto top-auto\">\n    <i class=\"fg-color-off-white\">\n      <svg xmlns=\"http:\/\/www.w3.org\/2000\/svg\" width=\"79\" height=\"79\" fill=\"none\"><path fill=\"url(#playIcon)\" d=\"M0 0h79v79H0V0z\"\/><path fill=\"#fff\" d=\"M29.625 29.269a1 1 0 011.543-.84L46.98 38.66a1 1 0 010 1.68L31.168 50.57a1 1 0 01-1.543-.839V29.27z\"\/><defs><linearGradient id=\"playIcon\" x1=\"0\" x2=\"107.528\" y1=\"79\" y2=\"-2.194\" gradientUnits=\"userSpaceOnUse\"><stop stop-color=\"#DF1995\"\/><stop offset=\"1\" stop-color=\"#FE5000\"\/><\/linearGradient><\/defs><\/svg>\n    <\/i>\n  <\/button>\n\n  <iframe\n  class=\"video__iframe position-absolute w-100 h-100 left-0 top-0 transition-500\"\n  data-src=\"https:\/\/www.youtube-nocookie.com\/embed\/4rhWptVGX-k?autoplay=1&amp;controls=1&amp;rel=0\"\n  data-title=\"Solar respons\u00e1vel no Brasil | Lightsource bp | Global Leaders in Solar Development\"\n  frameBorder=\"0\"\n  width=\"100%\" height=\"100%\"\n  allow=\"autoplay; encrypted-media\"\n  allowFullScreen=\"true\"\n  webkitallowfullscreen=\"true\"\n  mozallowfullscreen=\"true\"><\/iframe>\n<\/div>\n                  <\/div>\n                                                                                          <\/div>\n                  <\/div>\n      <\/div>\n    <\/div>\n\n  <div class=\"pt-30 pt-lg-50\"><\/div>\n  <\/section>\n\n\n<section class=\"multi-column-cards align block_e36c4b8bd92451733c57f80ad280f6ce block bg-color-white\">\n  <div class=\"pt-30 pt-lg-50\"><\/div>\n\n  <div class=\"container\">\n    <div class=\"row\">\n      <div class=\"col-12\">\n                <h3 class=\"mb-35\">Descubra mais<\/h3>\n      <\/div>\n    <\/div>\n    <div class=\"row\">\n                        <div class=\"col-12 col-lg-6 mb-30\">\n  <div class=\"multi-column-cards__image-container\">\n          <a href=\"https:\/\/lightsourcebp.staging.1int.co.uk\/br\/solucoes-energeticas\/\" >\n          <img decoding=\"async\" src=\"https:\/\/assets.lightsourcebp.staging.1int.co.uk\/app\/uploads\/2022\/12\/26230527\/Energy-thumb.jpg\" \/>\n          <\/a>\n      <\/div>\n      <a class=\"text-decoration-none text-decoration-sm-underline-hover\" href=\"https:\/\/lightsourcebp.staging.1int.co.uk\/br\/solucoes-energeticas\/\" >\n        <h5 class=\"mt-25 mb-15 fg-color-navy\">Solu\u00e7\u00f5es energ\u00e9ticas<\/h5>\n      <\/a>\n          <p><a href=\"https:\/\/lightsourcebp.staging.1int.co.uk\/br\/solucoes-energeticas\/\" >Descubra mais <span class=\"ml-10\"><svg xmlns=\"http:\/\/www.w3.org\/2000\/svg\" width=\"8\" height=\"14\" fill=\"none\"><path stroke=\"currentColor\" stroke-linecap=\"round\" stroke-linejoin=\"round\" stroke-width=\"2\" d=\"M1 13l6-6-6-6\"\/><\/svg><\/span><\/a><\/p>\n  <\/div>\n                  <div class=\"col-12 col-lg-6 mb-30\">\n  <div class=\"multi-column-cards__image-container\">\n          <a href=\"https:\/\/lightsourcebp.staging.1int.co.uk\/br\/parcerias\/comunidades\/\" >\n          <img decoding=\"async\" src=\"https:\/\/assets.lightsourcebp.staging.1int.co.uk\/app\/uploads\/2022\/12\/26233005\/MDF_5146-Resize.jpg\" \/>\n          <\/a>\n      <\/div>\n      <a class=\"text-decoration-none text-decoration-sm-underline-hover\" href=\"https:\/\/lightsourcebp.staging.1int.co.uk\/br\/parcerias\/comunidades\/\" >\n        <h5 class=\"mt-25 mb-15 fg-color-navy\">Communidades<\/h5>\n      <\/a>\n          <p><a href=\"https:\/\/lightsourcebp.staging.1int.co.uk\/br\/parcerias\/comunidades\/\" >Descubra mais <span class=\"ml-10\"><svg xmlns=\"http:\/\/www.w3.org\/2000\/svg\" width=\"8\" height=\"14\" fill=\"none\"><path stroke=\"currentColor\" stroke-linecap=\"round\" stroke-linejoin=\"round\" stroke-width=\"2\" d=\"M1 13l6-6-6-6\"\/><\/svg><\/span><\/a><\/p>\n  <\/div>\n                  <\/div>\n  <\/div>\n\n  <div class=\"pt-30 pt-lg-50\"><\/div>\n<\/section>\n","protected":false},"excerpt":{"rendered":"","protected":false},"author":1,"featured_media":412142,"parent":0,"menu_order":0,"comment_status":"closed","ping_status":"closed","template":"","meta":{"_acf_changed":false,"inline_featured_image":false,"footnotes":""},"class_list":["post-162764","page","type-page","status-publish","has-post-thumbnail","hentry"],"acf":[],"aioseo_notices":[],"_links":{"self":[{"href":"https:\/\/lightsourcebp.staging.1int.co.uk\/br\/wp-json\/wp\/v2\/pages\/162764","targetHints":{"allow":["GET"]}}],"collection":[{"href":"https:\/\/lightsourcebp.staging.1int.co.uk\/br\/wp-json\/wp\/v2\/pages"}],"about":[{"href":"https:\/\/lightsourcebp.staging.1int.co.uk\/br\/wp-json\/wp\/v2\/types\/page"}],"author":[{"embeddable":true,"href":"https:\/\/lightsourcebp.staging.1int.co.uk\/br\/wp-json\/wp\/v2\/users\/1"}],"replies":[{"embeddable":true,"href":"https:\/\/lightsourcebp.staging.1int.co.uk\/br\/wp-json\/wp\/v2\/comments?post=162764"}],"version-history":[{"count":21,"href":"https:\/\/lightsourcebp.staging.1int.co.uk\/br\/wp-json\/wp\/v2\/pages\/162764\/revisions"}],"predecessor-version":[{"id":459250,"href":"https:\/\/lightsourcebp.staging.1int.co.uk\/br\/wp-json\/wp\/v2\/pages\/162764\/revisions\/459250"}],"wp:featuredmedia":[{"embeddable":true,"href":"https:\/\/lightsourcebp.staging.1int.co.uk\/br\/wp-json\/wp\/v2\/media\/412142"}],"wp:attachment":[{"href":"https:\/\/lightsourcebp.staging.1int.co.uk\/br\/wp-json\/wp\/v2\/media?parent=162764"}],"curies":[{"name":"wp","href":"https:\/\/api.w.org\/{rel}","templated":true}]}}