{"id":162770,"date":"2022-09-20T08:56:45","date_gmt":"2022-09-20T08:56:45","guid":{"rendered":""},"modified":"2023-10-11T14:44:21","modified_gmt":"2023-10-11T14:44:21","slug":"parcerias","status":"publish","type":"page","link":"https:\/\/lightsourcebp.staging.1int.co.uk\/br\/parcerias\/","title":{"rendered":"Parcerias"},"content":{"rendered":"<section class=\"block-page-title bg-color-white\">\n  <div class=\"pt-60 pt-lg-100\"><\/div>\n\n  <div class=\"container\">\n    <div class=\"row\">\n      <div class=\"col-12\">\n                <h1 class=\"fg-color-gradient\">Fa\u00e7a uma parceria conosco<\/h1>\n      <\/div>\n    <\/div>\n  <\/div>\n\n  <div class=\"pt-60 pt-lg-100\"><\/div>\n<\/section>\n  \n\n\n<section class=\"banner-single position-relative\">\n  <div class=\"container-fluid\">\n    <div class=\"row\">\n      <div class=\"col-12 px-0\">\n                <div class=\"position-relative w-100 h-100 aspect-ratio-banner object-fit-cover\">\n          <picture>\n                    <source srcset=\"https:\/\/assets.lightsourcebp.staging.1int.co.uk\/app\/uploads\/2023\/08\/01233457\/20230727_155558-1-450x190.jpg, https:\/\/assets.lightsourcebp.staging.1int.co.uk\/app\/uploads\/2023\/08\/01233457\/20230727_155558-1-1000x423.jpg 2x\"\n                          media=\"(max-width: 575px)\">\n                    <source srcset=\"https:\/\/assets.lightsourcebp.staging.1int.co.uk\/app\/uploads\/2023\/08\/01233457\/20230727_155558-1-1000x423.jpg, https:\/\/assets.lightsourcebp.staging.1int.co.uk\/app\/uploads\/2023\/08\/01233457\/20230727_155558-1-1920x812.jpg 2x\"\n                          media=\"(min-width: 576px) and (max-width: 991px)\">\n                    <source srcset=\"https:\/\/assets.lightsourcebp.staging.1int.co.uk\/app\/uploads\/2023\/08\/01233457\/20230727_155558-1.jpg, https:\/\/assets.lightsourcebp.staging.1int.co.uk\/app\/uploads\/2023\/08\/01233457\/20230727_155558-1.jpg 2x\"\n                          media=\"(min-width: 992px)\">\n                    <img loading=\"lazy\" decoding=\"async\" src=\"https:\/\/assets.lightsourcebp.staging.1int.co.uk\/app\/uploads\/2023\/08\/01233457\/20230727_155558-1.jpg\" alt=\"\"\n                       srcset=\"https:\/\/assets.lightsourcebp.staging.1int.co.uk\/app\/uploads\/2023\/08\/01233457\/20230727_155558-1.jpg 2x\"\n                       sizes=\"auto, 100vw\"\n                       class=\"position-absolute w-100 h-100 left-0 top-0 object-fit-cover\"\n                       width=\"1999\"\n                       height=\"845\">\n                <\/picture>\n        <\/div>\n              <\/div>\n    <\/div>\n  <\/div>\n<\/section>\n\n\n<section class=\"text align block_8617c5b1b72bff88731c4cfb9bd8d8a2 block bg-color-white position-relative z-1 overflow-hidden\">\n    <div class=\"pt-60 pt-lg-100\"><\/div>\n\n  \n  <div class=\"container \">\n    <div class=\"row\">\n      <div class=\"col-12 col-md-9\">\n        <span class=\"rich-text standard-text fg-color-navy-text\">\n          <h2>Uma parceria confi\u00e1vel<\/h2>\n<p>Nossa equipe interna de especialistas em energia, desenvolvedores de projetos e gerentes de investimento querem ouvir pessoas e empresas que desejam formar parcerias s\u00f3lidas e duradouras para promover a energia renov\u00e1vel em todo o Brasil. Valorizamos a transpar\u00eancia e a honestidade em nossos neg\u00f3cios, honramos nossos compromissos e estamos ansiosos para trabalhar com parceiros que tenham os mesmos valores.<\/p>\n\n        <\/span>\n      <\/div>\n    <\/div>\n  <\/div>\n\n  <div class=\"pt-15 pt-lg-15\"><\/div>\n<\/section>\n\n\n<section class=\"fifty-fifty align block_9a5019cc21847416fcb939898a913f90 block bg-color-white position-relative z-1 overflow-hidden\">\n        <div class=\"pt-15 pt-lg-15\"><\/div>\n\n    \n    <div class=\"fifty-fifty__row\">\n      <div class=\"container \">\n        <div class=\"row align-items-center\">\n                      <div class=\"col-12 col-lg-6 align-self-center fifty-left d-flex flex-column order-2 order-lg-1\">\n                                                                                                  <div class=\"d-inline-flex w-100 button-container mb-15\">\n                    <a class=\"button button--gradient my-0 mr-auto\" href=\"https:\/\/lightsourcebp.staging.1int.co.uk\/br\/contact\/\" target=\"_self\"><span>Informe-nos do seu interesse<\/span> <svg xmlns=\"http:\/\/www.w3.org\/2000\/svg\" width=\"8\" height=\"14\" fill=\"none\"><path stroke=\"currentColor\" stroke-linecap=\"round\" stroke-linejoin=\"round\" stroke-width=\"2\" d=\"m1 13 6-6-6-6\"\/><\/svg><\/a>\n                  <\/div>\n                                                                                          <\/div>\n                            <\/div>\n      <\/div>\n    <\/div>\n\n  <div class=\"pt-60 pt-lg-30\"><\/div>\n  <\/section>\n\n\n<section class=\"multi-column-cards align block_6dd8a21dc662ea1d7dbcf382294dceab block bg-color-white\">\n  <div class=\"pt-30 pt-lg-30\"><\/div>\n\n  <div class=\"container\">\n    <div class=\"row\">\n      <div class=\"col-12\">\n                <h3 class=\"mb-35\">Parcerias de energia<\/h3>\n      <\/div>\n    <\/div>\n    <div class=\"row\">\n                        <div class=\"col-12 col-lg-4 mb-30\">\n  <div class=\"multi-column-cards__image-container\">\n          <a href=\"https:\/\/lightsourcebp.staging.1int.co.uk\/br\/parcerias\/compradores-de-energia\/\" >\n          <img decoding=\"async\" src=\"https:\/\/assets.lightsourcebp.staging.1int.co.uk\/app\/uploads\/2022\/12\/27192239\/Energy-buyers-supporting-images.jpg\" \/>\n          <\/a>\n      <\/div>\n      <a class=\"text-decoration-none text-decoration-sm-underline-hover\" href=\"https:\/\/lightsourcebp.staging.1int.co.uk\/br\/parcerias\/compradores-de-energia\/\" >\n        <h5 class=\"mt-25 mb-15 fg-color-navy\">Compradores de energia<\/h5>\n      <\/a>\n        <p class=\"line-height-level-6\">Saiba como trabalhamos com compradores de energia renov\u00e1vel<\/p>\n        <p><a href=\"https:\/\/lightsourcebp.staging.1int.co.uk\/br\/parcerias\/compradores-de-energia\/\" >Descubra mais <span class=\"ml-10\"><svg xmlns=\"http:\/\/www.w3.org\/2000\/svg\" width=\"8\" height=\"14\" fill=\"none\"><path stroke=\"currentColor\" stroke-linecap=\"round\" stroke-linejoin=\"round\" stroke-width=\"2\" d=\"M1 13l6-6-6-6\"\/><\/svg><\/span><\/a><\/p>\n  <\/div>\n                  <div class=\"col-12 col-lg-4 mb-30\">\n  <div class=\"multi-column-cards__image-container\">\n          <a href=\"https:\/\/lightsourcebp.staging.1int.co.uk\/br\/parcerias\/proprietarios-de-terras\/\" >\n          <img decoding=\"async\" src=\"https:\/\/assets.lightsourcebp.staging.1int.co.uk\/app\/uploads\/2022\/12\/27192233\/Landowners-supporting-images.jpg\" \/>\n          <\/a>\n      <\/div>\n      <a class=\"text-decoration-none text-decoration-sm-underline-hover\" href=\"https:\/\/lightsourcebp.staging.1int.co.uk\/br\/parcerias\/proprietarios-de-terras\/\" >\n        <h5 class=\"mt-25 mb-15 fg-color-navy\">Propriet\u00e1rios de terras<\/h5>\n      <\/a>\n        <p class=\"line-height-level-6\">Veja o que uma usina solar pode fazer por suas terras e seu futuro<\/p>\n        <p><a href=\"https:\/\/lightsourcebp.staging.1int.co.uk\/br\/parcerias\/proprietarios-de-terras\/\" >Descubra mais <span class=\"ml-10\"><svg xmlns=\"http:\/\/www.w3.org\/2000\/svg\" width=\"8\" height=\"14\" fill=\"none\"><path stroke=\"currentColor\" stroke-linecap=\"round\" stroke-linejoin=\"round\" stroke-width=\"2\" d=\"M1 13l6-6-6-6\"\/><\/svg><\/span><\/a><\/p>\n  <\/div>\n                  <div class=\"col-12 col-lg-4 mb-30\">\n  <div class=\"multi-column-cards__image-container\">\n          <a href=\"https:\/\/lightsourcebp.staging.1int.co.uk\/br\/parcerias\/comunidades\/\" >\n          <img decoding=\"async\" src=\"https:\/\/assets.lightsourcebp.staging.1int.co.uk\/app\/uploads\/2023\/07\/06002111\/WhatsApp-Image-2023-06-19-at-10.21.53-4.jpeg\" \/>\n          <\/a>\n      <\/div>\n      <a class=\"text-decoration-none text-decoration-sm-underline-hover\" href=\"https:\/\/lightsourcebp.staging.1int.co.uk\/br\/parcerias\/comunidades\/\" >\n        <h5 class=\"mt-25 mb-15 fg-color-navy\">Comunidades<\/h5>\n      <\/a>\n        <p class=\"line-height-level-6\">Na Lightsource bp, fazemos o poss\u00edvel para criar usinas solares das quais as comunidades locais possam se orgulhar<\/p>\n        <p><a href=\"https:\/\/lightsourcebp.staging.1int.co.uk\/br\/parcerias\/comunidades\/\" >Descubra mais <span class=\"ml-10\"><svg xmlns=\"http:\/\/www.w3.org\/2000\/svg\" width=\"8\" height=\"14\" fill=\"none\"><path stroke=\"currentColor\" stroke-linecap=\"round\" stroke-linejoin=\"round\" stroke-width=\"2\" d=\"M1 13l6-6-6-6\"\/><\/svg><\/span><\/a><\/p>\n  <\/div>\n                  <\/div>\n  <\/div>\n\n  <div class=\"pt-15 pt-lg-15\"><\/div>\n<\/section>\n","protected":false},"excerpt":{"rendered":"","protected":false},"author":1,"featured_media":0,"parent":0,"menu_order":1,"comment_status":"closed","ping_status":"closed","template":"","meta":{"_acf_changed":false,"inline_featured_image":false,"footnotes":""},"class_list":["post-162770","page","type-page","status-publish","hentry"],"acf":[],"aioseo_notices":[],"_links":{"self":[{"href":"https:\/\/lightsourcebp.staging.1int.co.uk\/br\/wp-json\/wp\/v2\/pages\/162770","targetHints":{"allow":["GET"]}}],"collection":[{"href":"https:\/\/lightsourcebp.staging.1int.co.uk\/br\/wp-json\/wp\/v2\/pages"}],"about":[{"href":"https:\/\/lightsourcebp.staging.1int.co.uk\/br\/wp-json\/wp\/v2\/types\/page"}],"author":[{"embeddable":true,"href":"https:\/\/lightsourcebp.staging.1int.co.uk\/br\/wp-json\/wp\/v2\/users\/1"}],"replies":[{"embeddable":true,"href":"https:\/\/lightsourcebp.staging.1int.co.uk\/br\/wp-json\/wp\/v2\/comments?post=162770"}],"version-history":[{"count":7,"href":"https:\/\/lightsourcebp.staging.1int.co.uk\/br\/wp-json\/wp\/v2\/pages\/162770\/revisions"}],"predecessor-version":[{"id":328014,"href":"https:\/\/lightsourcebp.staging.1int.co.uk\/br\/wp-json\/wp\/v2\/pages\/162770\/revisions\/328014"}],"wp:attachment":[{"href":"https:\/\/lightsourcebp.staging.1int.co.uk\/br\/wp-json\/wp\/v2\/media?parent=162770"}],"curies":[{"name":"wp","href":"https:\/\/api.w.org\/{rel}","templated":true}]}}