{"id":162777,"date":"2022-12-06T14:42:58","date_gmt":"2022-12-06T14:42:58","guid":{"rendered":""},"modified":"2025-11-26T16:07:11","modified_gmt":"2025-11-26T16:07:11","slug":"compradores-de-energia","status":"publish","type":"page","link":"https:\/\/lightsourcebp.staging.1int.co.uk\/br\/parcerias\/compradores-de-energia\/","title":{"rendered":"Compradores de Energia"},"content":{"rendered":"<section class=\"block-page-title bg-color-white\">\n  <div class=\"pt-60 pt-lg-100\"><\/div>\n\n  <div class=\"container\">\n    <div class=\"row\">\n      <div class=\"col-12\">\n                <h1 class=\"fg-color-gradient\">Compradores de Energia<\/h1>\n      <\/div>\n    <\/div>\n  <\/div>\n\n  <div class=\"pt-60 pt-lg-100\"><\/div>\n<\/section>\n  \n\n\n<section class=\"banner-single position-relative\">\n  <div class=\"container-fluid\">\n    <div class=\"row\">\n      <div class=\"col-12 px-0\">\n                <div class=\"position-relative w-100 h-100 aspect-ratio-banner object-fit-cover\">\n          <picture>\n                    <source srcset=\"https:\/\/assets.lightsourcebp.staging.1int.co.uk\/app\/uploads\/2022\/12\/27213013\/IL20220407203825-190906_206_RS-ID-1600714-2-scaled-1920x800-2-aspect-ratio-450-490-450x490.jpg, https:\/\/assets.lightsourcebp.staging.1int.co.uk\/app\/uploads\/2022\/12\/27213013\/IL20220407203825-190906_206_RS-ID-1600714-2-scaled-1920x800-2-aspect-ratio-450-490.jpg 2x\"\n                          media=\"(max-width: 575px)\">\n                    <source srcset=\"https:\/\/assets.lightsourcebp.staging.1int.co.uk\/app\/uploads\/2022\/12\/27213016\/IL20220407203825-190906_206_RS-ID-1600714-2-scaled-1920x800-2-1000x417.jpg, https:\/\/assets.lightsourcebp.staging.1int.co.uk\/app\/uploads\/2022\/12\/27213016\/IL20220407203825-190906_206_RS-ID-1600714-2-scaled-1920x800-2.jpg 2x\"\n                          media=\"(min-width: 576px) and (max-width: 991px)\">\n                    <source srcset=\"https:\/\/assets.lightsourcebp.staging.1int.co.uk\/app\/uploads\/2022\/12\/27213016\/IL20220407203825-190906_206_RS-ID-1600714-2-scaled-1920x800-2.jpg, https:\/\/assets.lightsourcebp.staging.1int.co.uk\/app\/uploads\/2022\/12\/27213016\/IL20220407203825-190906_206_RS-ID-1600714-2-scaled-1920x800-2.jpg 2x\"\n                          media=\"(min-width: 992px)\">\n                    <img loading=\"lazy\" decoding=\"async\" src=\"https:\/\/assets.lightsourcebp.staging.1int.co.uk\/app\/uploads\/2022\/12\/27213016\/IL20220407203825-190906_206_RS-ID-1600714-2-scaled-1920x800-2.jpg\" alt=\"\"\n                       srcset=\"https:\/\/assets.lightsourcebp.staging.1int.co.uk\/app\/uploads\/2022\/12\/27213016\/IL20220407203825-190906_206_RS-ID-1600714-2-scaled-1920x800-2.jpg 2x\"\n                       sizes=\"auto, 100vw\"\n                       class=\"position-absolute w-100 h-100 left-0 top-0 object-fit-cover\"\n                       width=\"1920\"\n                       height=\"800\">\n                <\/picture>\n        <\/div>\n              <\/div>\n    <\/div>\n  <\/div>\n<\/section>\n\n\n<section class=\"text align block_acf-block-692725ae64d91 block bg-color-white position-relative z-1 overflow-hidden\">\n    <div class=\"pt-60 pt-lg-100\"><\/div>\n\n  \n  <div class=\"container \">\n    <div class=\"row\">\n      <div class=\"col-12 col-md-9\">\n        <span class=\"rich-text standard-text fg-color-navy-text\">\n          <h2>Compradores de Energia<\/h2>\n<p>Al\u00e9m de promover seus objetivos de sustentabilidade, nossos compradores de energia renov\u00e1vel podem contar com o benef\u00edcio de ter um planejamento or\u00e7ament\u00e1rio de longo prazo, sem surpresas com os custos de energia, e com a economia de custos por meio de compras de energia solar competitivas. Nossos compradores de energia est\u00e3o inclu\u00eddos no mercado livre (Ambiente de Comercializa\u00e7\u00e3o Livre \u2013 ACL) do Brasil (consumidores do setor de com\u00e9rcio e servi\u00e7os, ind\u00fastrias, comercializadoras de energia (trading companies), geradores, universidades e \u00f3rg\u00e3os governamentais) e no mercado regulamentado\/cativo (Ambiente de Comercializa\u00e7\u00e3o Regulado \u2013 ACR), onde podemos vender em leil\u00f5es para as distribuidoras, que compram em nome principalmente de consumidores residenciais.<\/p>\n\n        <\/span>\n      <\/div>\n    <\/div>\n  <\/div>\n\n  <div class=\"pt-60 pt-lg-15\"><\/div>\n<\/section>\n\n\n<section class=\"fifty-fifty align block_acf-block-692725ae64def block bg-color-white position-relative z-1 overflow-hidden\">\n        <div class=\"pt-30 pt-lg-30\"><\/div>\n\n    \n    <div class=\"fifty-fifty__row\">\n      <div class=\"container \">\n        <div class=\"row align-items-center\">\n                      <div class=\"col-12 col-lg-6 col-xl-6 align-self-center fifty-left d-flex flex-column order-2 order-lg-1\">\n                                                                                                                <div class=\"flex flex-column w-100 mb-30 fifty-fifty__image\">\n                    <picture><source srcset=\"https:\/\/assets.lightsourcebp.staging.1int.co.uk\/app\/uploads\/2023\/08\/02142521\/DJI_0054-Complexo-Solar-Milagres.jpg 1800w, https:\/\/assets.lightsourcebp.staging.1int.co.uk\/app\/uploads\/2023\/08\/02142521\/DJI_0054-Complexo-Solar-Milagres-240x300.jpg 240w, https:\/\/assets.lightsourcebp.staging.1int.co.uk\/app\/uploads\/2023\/08\/02142521\/DJI_0054-Complexo-Solar-Milagres-819x1024.jpg 819w, https:\/\/assets.lightsourcebp.staging.1int.co.uk\/app\/uploads\/2023\/08\/02142521\/DJI_0054-Complexo-Solar-Milagres-80x100.jpg 80w, https:\/\/assets.lightsourcebp.staging.1int.co.uk\/app\/uploads\/2023\/08\/02142521\/DJI_0054-Complexo-Solar-Milagres-150x188.jpg 150w, https:\/\/assets.lightsourcebp.staging.1int.co.uk\/app\/uploads\/2023\/08\/02142521\/DJI_0054-Complexo-Solar-Milagres-300x375.jpg 300w, https:\/\/assets.lightsourcebp.staging.1int.co.uk\/app\/uploads\/2023\/08\/02142521\/DJI_0054-Complexo-Solar-Milagres-450x563.jpg 450w, https:\/\/assets.lightsourcebp.staging.1int.co.uk\/app\/uploads\/2023\/08\/02142521\/DJI_0054-Complexo-Solar-Milagres-767x959.jpg 767w, https:\/\/assets.lightsourcebp.staging.1int.co.uk\/app\/uploads\/2023\/08\/02142521\/DJI_0054-Complexo-Solar-Milagres-1000x1250.jpg 1000w, https:\/\/assets.lightsourcebp.staging.1int.co.uk\/app\/uploads\/2023\/08\/02142521\/DJI_0054-Complexo-Solar-Milagres-1200x1500.jpg 1200w, https:\/\/assets.lightsourcebp.staging.1int.co.uk\/app\/uploads\/2023\/08\/02142521\/DJI_0054-Complexo-Solar-Milagres-1600x2000.jpg 1600w\" sizes=\"100vw\"><img loading=\"lazy\" decoding=\"async\" src=\"https:\/\/assets.lightsourcebp.staging.1int.co.uk\/app\/uploads\/2023\/08\/02142521\/DJI_0054-Complexo-Solar-Milagres.jpg\" alt=\"\" width=\"1800\" height=\"2250\" class=\"d-flex max-w-100 w-100 h-auto mx-auto fit-cover rounded-10px\"><\/picture>\n                  <\/div>\n                                                          <\/div>\n                                <div class=\"col-12 col-lg-6 col-xl-5 offset-xl-1 align-self-center fifty-right d-flex flex-column mb-lg-0 mt-lg-0 order-3 order-lg-1  mt-15 \">\n                                                                <div class=\"flex flex-column w-100 line-height-level-6 mb-15 fifty-fifty__text font-size-paragraph-medium  fg-color-navy-text \">\n\n                    <h3>Sucesso local possibilitado pela for\u00e7a de uma plataforma global<\/h3>\n<p>A Lightsource bp \u00e9 l\u00edder global no desenvolvimento e gerenciamento de projetos de armazenamento solar e de gera\u00e7\u00e3o de energia em larga escala. Nossa equipe mundial inclui mais de 700 especialistas do setor, trabalhando em 17 pa\u00edses. Aproveitando nossa parceria estrat\u00e9gica de Joint Venture 50:50 com a bp, estamos ajudando a impulsionar a transi\u00e7\u00e3o para energia de baixo carbono do mundo com energia limpa, confi\u00e1vel e com pre\u00e7os competitivos para empresas e comunidades.<\/p>\n<p>Financiamos, constru\u00edmos e operamos <a href=\"https:\/\/lightsourcebp.staging.1int.co.uk\/pt-br\/solucoes-energeticas\/\">solu\u00e7\u00f5es de energia limpa<\/a> competitivas em grande escala e mantemos uma colabora\u00e7\u00e3o estrat\u00e9gica de longo prazo com nossos clientes por meio de servi\u00e7os de ciclo de vida completo das nossas plantas de gera\u00e7\u00e3o solar, desde a sele\u00e7\u00e3o inicial do local at\u00e9 a gest\u00e3o de longo prazo dos ativos. Com um grande pipeline brasileiro de projetos, a Lightsource bp oferece uma combina\u00e7\u00e3o incompar\u00e1vel de experi\u00eancia, escala e estabilidade aos nossos parceiros de projeto e clientes consumidores.<\/p>\n\n                  <\/div>\n                                                                                                                          <\/div>\n                  <\/div>\n      <\/div>\n    <\/div>\n\n  <div class=\"pt-30 pt-lg-50\"><\/div>\n  <\/section>\n\n\n<section class=\"text align block_acf-block-692725ae64e34 block bg-color-orange-3-percent position-relative z-1 overflow-hidden\">\n    <div class=\"pt-30 pt-lg-100\"><\/div>\n\n      <img decoding=\"async\" class=\"position-absolute top-n20 right-n190 right-sm-n80 right-md-n50 right-xxl-n32 rotate-230 -z-1\" src=\"https:\/\/lightsourcebp.staging.1int.co.uk\/app\/themes\/lightsourcebp-theme\/dist\/images\/global\/background-swirls_935dfcd0.png\" alt=\"\" \/>\n  \n  <div class=\"container \">\n    <div class=\"row\">\n      <div class=\"col-12 col-md-9\">\n        <span class=\"rich-text standard-text fg-color-navy\">\n          <h2>Por que solar?<\/h2>\n<p>Fornecemos eletricidade local confi\u00e1vel e de baixo custo para grandes compradores de energia, reduzindo sua pegada de carbono e ajudando-os a atender \u00e0s expectativas dos seus clientes em rela\u00e7\u00e3o \u00e0 responsabilidade e administra\u00e7\u00e3o ambiental.<\/p>\n\n        <\/span>\n      <\/div>\n    <\/div>\n  <\/div>\n\n  <div class=\"pt-15 pt-lg-15\"><\/div>\n<\/section>\n\n\n<section class=\"cards-with-icon-grid align block_acf-block-692725ae64ea7 block bg-color-orange-3-percent\">\n  <div class=\"pt-60 pt-lg-15\"><\/div>\n\n  <div class=\"container\">\n        <div class=\"row flex-center\">\n                        <div class=\"col-6 col-md-4 mb-30\">\n            <div class=\"d-flex flex-column flex-middle text-center  \">\n                              <div class=\"w-75px h-75px d-flex flex-column flex-middle mb-25\">\n                  <picture><source srcset=\"https:\/\/assets.lightsourcebp.staging.1int.co.uk\/app\/uploads\/2022\/12\/27172542\/Rectangle-245.png 100w, https:\/\/assets.lightsourcebp.staging.1int.co.uk\/app\/uploads\/2022\/12\/27172542\/Rectangle-245-80x80.png 80w\" sizes=\"\"><img loading=\"lazy\" decoding=\"async\" src=\"https:\/\/assets.lightsourcebp.staging.1int.co.uk\/app\/uploads\/2022\/12\/27172542\/Rectangle-245.png\" alt=\"\" width=\"100\" height=\"100\" class=\"d-flex w-100 h-100\"><\/picture>\n                <\/div>\n              \n              <h3 class=\"mb-20 font-size-h2   \">\n                \n                                  <span class=\" ml-n5px\">Comunidades de apoio<\/span>\n                              <\/h3>\n\n              <p class=\"line-height-level-6 w-100 w-lg-90 font-weight-bold fg-color-navy-text \">Obtenha melhorias na comunidade por meio de energia solar renov\u00e1vel, que fornece energia limpa, previs\u00edvel e de baixo custo e, ainda, crescimento do emprego local<\/p>\n\n                          <\/div>\n          <\/div>\n                  <div class=\"col-6 col-md-4 mb-30\">\n            <div class=\"d-flex flex-column flex-middle text-center  \">\n                              <div class=\"w-75px h-75px d-flex flex-column flex-middle mb-25\">\n                  <picture><source srcset=\"https:\/\/assets.lightsourcebp.staging.1int.co.uk\/app\/uploads\/2022\/12\/27172523\/Rectangle-248.png 100w, https:\/\/assets.lightsourcebp.staging.1int.co.uk\/app\/uploads\/2022\/12\/27172523\/Rectangle-248-80x80.png 80w\" sizes=\"\"><img loading=\"lazy\" decoding=\"async\" src=\"https:\/\/assets.lightsourcebp.staging.1int.co.uk\/app\/uploads\/2022\/12\/27172523\/Rectangle-248.png\" alt=\"\" width=\"100\" height=\"100\" class=\"d-flex w-100 h-100\"><\/picture>\n                <\/div>\n              \n              <h3 class=\"mb-20 font-size-h2   \">\n                \n                                  <span class=\" ml-n5px\">Economize<\/span>\n                              <\/h3>\n\n              <p class=\"line-height-level-6 w-100 w-lg-90 font-weight-bold fg-color-navy-text \">Economize com a aquisi\u00e7\u00e3o de energia solar de baixo custo e ganhe previsbilidade or\u00e7ament\u00e1ria de longo prazo<\/p>\n\n                          <\/div>\n          <\/div>\n                  <div class=\"col-6 col-md-4 mb-30\">\n            <div class=\"d-flex flex-column flex-middle text-center  \">\n                              <div class=\"w-75px h-75px d-flex flex-column flex-middle mb-25\">\n                  <picture><source srcset=\"https:\/\/assets.lightsourcebp.staging.1int.co.uk\/app\/uploads\/2022\/12\/27172552\/Rectangle-243.png 100w, https:\/\/assets.lightsourcebp.staging.1int.co.uk\/app\/uploads\/2022\/12\/27172552\/Rectangle-243-80x80.png 80w\" sizes=\"\"><img loading=\"lazy\" decoding=\"async\" src=\"https:\/\/assets.lightsourcebp.staging.1int.co.uk\/app\/uploads\/2022\/12\/27172552\/Rectangle-243.png\" alt=\"\" width=\"100\" height=\"100\" class=\"d-flex w-100 h-100\"><\/picture>\n                <\/div>\n              \n              <h3 class=\"mb-20 font-size-h2   \">\n                \n                                  <span class=\" ml-n5px\">Reduza a pegada de carbono<\/span>\n                              <\/h3>\n\n              <p class=\"line-height-level-6 w-100 w-lg-90 font-weight-bold fg-color-navy-text \">Cumpra os compromissos de sustentabilidade e forne\u00e7a um ambiente mais limpo, saud\u00e1vel e seguro para sua comunidade<\/p>\n\n                          <\/div>\n          <\/div>\n                  <\/div>\n  <\/div>\n\n  <div class=\"pt-0 pt-lg-15\"><\/div>\n<\/section>\n\n\n<section class=\"cards-with-icon-grid align block_acf-block-692725ae64f1e block bg-color-orange-3-percent\">\n  <div class=\"pt-15 pt-lg-15\"><\/div>\n\n  <div class=\"container\">\n        <div class=\"row flex-center\">\n                        <div class=\"col-6 col-md-4 mb-30\">\n            <div class=\"d-flex flex-column flex-middle text-center  \">\n                              <div class=\"w-75px h-75px d-flex flex-column flex-middle mb-25\">\n                  <picture><source srcset=\"https:\/\/assets.lightsourcebp.staging.1int.co.uk\/app\/uploads\/2022\/12\/27172546\/Rectangle-244.png 100w, https:\/\/assets.lightsourcebp.staging.1int.co.uk\/app\/uploads\/2022\/12\/27172546\/Rectangle-244-80x80.png 80w\" sizes=\"\"><img loading=\"lazy\" decoding=\"async\" src=\"https:\/\/assets.lightsourcebp.staging.1int.co.uk\/app\/uploads\/2022\/12\/27172546\/Rectangle-244.png\" alt=\"\" width=\"100\" height=\"100\" class=\"d-flex w-100 h-100\"><\/picture>\n                <\/div>\n              \n              <h3 class=\"mb-20 font-size-h2   \">\n                \n                                  <span class=\" ml-n5px\">Sem custos de capital<\/span>\n                              <\/h3>\n\n              <p class=\"line-height-level-6 w-100 w-lg-90 font-weight-bold fg-color-navy-text \">N\u00e3o arque com custos de capital. A Lightsource BP financia, constr\u00f3i, possui e opera as instala\u00e7\u00f5es solares, entregando 100% da energia a um pre\u00e7o fixo de longo prazo<\/p>\n\n                          <\/div>\n          <\/div>\n                  <div class=\"col-6 col-md-4 mb-30\">\n            <div class=\"d-flex flex-column flex-middle text-center  \">\n                              <div class=\"w-75px h-75px d-flex flex-column flex-middle mb-25\">\n                  <picture><source srcset=\"https:\/\/assets.lightsourcebp.staging.1int.co.uk\/app\/uploads\/2022\/12\/27172536\/Rectangle-246.png 100w, https:\/\/assets.lightsourcebp.staging.1int.co.uk\/app\/uploads\/2022\/12\/27172536\/Rectangle-246-80x80.png 80w\" sizes=\"\"><img loading=\"lazy\" decoding=\"async\" src=\"https:\/\/assets.lightsourcebp.staging.1int.co.uk\/app\/uploads\/2022\/12\/27172536\/Rectangle-246.png\" alt=\"\" width=\"100\" height=\"100\" class=\"d-flex w-100 h-100\"><\/picture>\n                <\/div>\n              \n              <h3 class=\"mb-20 font-size-h2   \">\n                \n                                  <span class=\" ml-n5px\">Diversifique fontes<\/span>\n                              <\/h3>\n\n              <p class=\"line-height-level-6 w-100 w-lg-90 font-weight-bold fg-color-navy-text \">Diversidade de portf\u00f3lio de energia se traduz em seguran\u00e7a energ\u00e9tica<\/p>\n\n                          <\/div>\n          <\/div>\n                  <div class=\"col-6 col-md-4 mb-30\">\n            <div class=\"d-flex flex-column flex-middle text-center  \">\n                              <div class=\"w-75px h-75px d-flex flex-column flex-middle mb-25\">\n                  <picture><source srcset=\"https:\/\/assets.lightsourcebp.staging.1int.co.uk\/app\/uploads\/2022\/12\/27172530\/Rectangle-247.png 100w, https:\/\/assets.lightsourcebp.staging.1int.co.uk\/app\/uploads\/2022\/12\/27172530\/Rectangle-247-80x80.png 80w\" sizes=\"\"><img loading=\"lazy\" decoding=\"async\" src=\"https:\/\/assets.lightsourcebp.staging.1int.co.uk\/app\/uploads\/2022\/12\/27172530\/Rectangle-247.png\" alt=\"\" width=\"100\" height=\"100\" class=\"d-flex w-100 h-100\"><\/picture>\n                <\/div>\n              \n              <h3 class=\"mb-20 font-size-h2   \">\n                \n                                  <span class=\" ml-n5px\">Reduza riscos<\/span>\n                              <\/h3>\n\n              <p class=\"line-height-level-6 w-100 w-lg-90 font-weight-bold fg-color-navy-text \">Os contratos s\u00e3o personalizados para atender \u00e0s suas necessidades de energia: modula\u00e7\u00e3o, sazonalidade, hedge para riscos de submercado<\/p>\n\n                          <\/div>\n          <\/div>\n                  <\/div>\n  <\/div>\n\n  <div class=\"pt-50 pt-lg-50\"><\/div>\n<\/section>\n\n\n<section class=\"fifty-fifty align block_acf-block-692725ae6695f block bg-color-white position-relative z-1 overflow-hidden\">\n        <div class=\"pt-60 pt-lg-100\"><\/div>\n\n    \n    <div class=\"fifty-fifty__row\">\n      <div class=\"container \">\n        <div class=\"row align-items-center\">\n                      <div class=\"col-12 col-lg-6 col-xl-5 align-self-center fifty-left d-flex flex-column order-2 order-lg-1\">\n                                                                  <h2 class=\"mb-20 \">Solu\u00e7\u00f5es energ\u00e9ticas, personalizadas para as suas necessidades de neg\u00f3cio<\/h2>\n                                                                                                                                                                <div class=\"flex flex-column w-100 line-height-level-6 mb-15 fifty-fifty__text font-size-paragraph-medium  fg-color-navy-text \">\n                    <p>Nossa equipe especializada de consultores de energia avaliar\u00e1 suas metas ambientais, de consumo de energia e de neg\u00f3cios para criar uma solu\u00e7\u00e3o de energia hol\u00edstica personalizada, projetada para atender aos seus objetivos.<\/p>\n\n                  <\/div>\n                                                                                                                                                                                  <div class=\"d-inline-flex w-100 button-container mb-15\">\n                    <a class=\"button button--gradient my-0 mr-auto\" href=\"https:\/\/lightsourcebp.staging.1int.co.uk\/br\/buy-renewable-power\/\" target=\"_self\"><span>Veja nossas Solu\u00e7\u00f5es em Energia<\/span> <svg xmlns=\"http:\/\/www.w3.org\/2000\/svg\" width=\"8\" height=\"14\" fill=\"none\"><path stroke=\"currentColor\" stroke-linecap=\"round\" stroke-linejoin=\"round\" stroke-width=\"2\" d=\"m1 13 6-6-6-6\"\/><\/svg><\/a>\n                  <\/div>\n                                                                                                                                                                  <div class=\"d-inline-flex w-100 button-container mb-15\">\n                    <a class=\"button button--white my-0 mr-auto\" href=\"https:\/\/lightsourcebp.staging.1int.co.uk\/pt-br\/contact\/\" target=\"_self\"><span>Entre em contato conosco<\/span> <svg xmlns=\"http:\/\/www.w3.org\/2000\/svg\" width=\"8\" height=\"14\" fill=\"none\"><path stroke=\"currentColor\" stroke-linecap=\"round\" stroke-linejoin=\"round\" stroke-width=\"2\" d=\"m1 13 6-6-6-6\"\/><\/svg><\/a>\n                  <\/div>\n                                                                                          <\/div>\n                                <div class=\"col-12 col-lg-6 col-xl-6 offset-xl-1 align-self-center fifty-right d-flex flex-column mb-lg-0 mt-lg-0 order-3 order-lg-1  mt-15 \">\n                                                                                                                <div class=\"flex flex-column w-100 mb-30 fifty-fifty__image\">\n                    <picture><source srcset=\"https:\/\/assets.lightsourcebp.staging.1int.co.uk\/app\/uploads\/2023\/08\/02142753\/ADM01949-Complexo-Solar-Milagres--scaled.jpg 2048w, https:\/\/assets.lightsourcebp.staging.1int.co.uk\/app\/uploads\/2023\/08\/02142753\/ADM01949-Complexo-Solar-Milagres--240x300.jpg 240w, https:\/\/assets.lightsourcebp.staging.1int.co.uk\/app\/uploads\/2023\/08\/02142753\/ADM01949-Complexo-Solar-Milagres--819x1024.jpg 819w, https:\/\/assets.lightsourcebp.staging.1int.co.uk\/app\/uploads\/2023\/08\/02142753\/ADM01949-Complexo-Solar-Milagres--80x100.jpg 80w, https:\/\/assets.lightsourcebp.staging.1int.co.uk\/app\/uploads\/2023\/08\/02142753\/ADM01949-Complexo-Solar-Milagres--150x187.jpg 150w, https:\/\/assets.lightsourcebp.staging.1int.co.uk\/app\/uploads\/2023\/08\/02142753\/ADM01949-Complexo-Solar-Milagres--300x375.jpg 300w, https:\/\/assets.lightsourcebp.staging.1int.co.uk\/app\/uploads\/2023\/08\/02142753\/ADM01949-Complexo-Solar-Milagres--450x562.jpg 450w, https:\/\/assets.lightsourcebp.staging.1int.co.uk\/app\/uploads\/2023\/08\/02142753\/ADM01949-Complexo-Solar-Milagres--767x959.jpg 767w, https:\/\/assets.lightsourcebp.staging.1int.co.uk\/app\/uploads\/2023\/08\/02142753\/ADM01949-Complexo-Solar-Milagres--1000x1250.jpg 1000w, https:\/\/assets.lightsourcebp.staging.1int.co.uk\/app\/uploads\/2023\/08\/02142753\/ADM01949-Complexo-Solar-Milagres--1200x1500.jpg 1200w, https:\/\/assets.lightsourcebp.staging.1int.co.uk\/app\/uploads\/2023\/08\/02142753\/ADM01949-Complexo-Solar-Milagres--1600x2000.jpg 1600w, https:\/\/assets.lightsourcebp.staging.1int.co.uk\/app\/uploads\/2023\/08\/02142753\/ADM01949-Complexo-Solar-Milagres--1920x2400.jpg 1920w\" sizes=\"100vw\"><img loading=\"lazy\" decoding=\"async\" src=\"https:\/\/assets.lightsourcebp.staging.1int.co.uk\/app\/uploads\/2023\/08\/02142753\/ADM01949-Complexo-Solar-Milagres--scaled.jpg\" alt=\"\" width=\"2048\" height=\"2560\" class=\"d-flex max-w-100 w-100 h-auto mx-auto fit-cover rounded-10px\"><\/picture>\n                  <\/div>\n                                                                          <\/div>\n                  <\/div>\n      <\/div>\n    <\/div>\n\n  <div class=\"pt-60 pt-lg-100\"><\/div>\n  <\/section>\n","protected":false},"excerpt":{"rendered":"","protected":false},"author":33,"featured_media":0,"parent":162770,"menu_order":0,"comment_status":"closed","ping_status":"closed","template":"","meta":{"_acf_changed":false,"inline_featured_image":false,"footnotes":""},"class_list":["post-162777","page","type-page","status-publish","hentry"],"acf":[],"aioseo_notices":[],"_links":{"self":[{"href":"https:\/\/lightsourcebp.staging.1int.co.uk\/br\/wp-json\/wp\/v2\/pages\/162777","targetHints":{"allow":["GET"]}}],"collection":[{"href":"https:\/\/lightsourcebp.staging.1int.co.uk\/br\/wp-json\/wp\/v2\/pages"}],"about":[{"href":"https:\/\/lightsourcebp.staging.1int.co.uk\/br\/wp-json\/wp\/v2\/types\/page"}],"author":[{"embeddable":true,"href":"https:\/\/lightsourcebp.staging.1int.co.uk\/br\/wp-json\/wp\/v2\/users\/33"}],"replies":[{"embeddable":true,"href":"https:\/\/lightsourcebp.staging.1int.co.uk\/br\/wp-json\/wp\/v2\/comments?post=162777"}],"version-history":[{"count":11,"href":"https:\/\/lightsourcebp.staging.1int.co.uk\/br\/wp-json\/wp\/v2\/pages\/162777\/revisions"}],"predecessor-version":[{"id":479061,"href":"https:\/\/lightsourcebp.staging.1int.co.uk\/br\/wp-json\/wp\/v2\/pages\/162777\/revisions\/479061"}],"up":[{"embeddable":true,"href":"https:\/\/lightsourcebp.staging.1int.co.uk\/br\/wp-json\/wp\/v2\/pages\/162770"}],"wp:attachment":[{"href":"https:\/\/lightsourcebp.staging.1int.co.uk\/br\/wp-json\/wp\/v2\/media?parent=162777"}],"curies":[{"name":"wp","href":"https:\/\/api.w.org\/{rel}","templated":true}]}}