{"id":162779,"date":"2022-12-06T11:38:55","date_gmt":"2022-12-06T11:38:55","guid":{"rendered":"https:\/\/lightsourcebp.staging.1int.co.uk\/solucoes-energeticas\/ppa\/"},"modified":"2023-08-02T14:29:51","modified_gmt":"2023-08-02T14:29:51","slug":"ppa","status":"publish","type":"page","link":"https:\/\/lightsourcebp.staging.1int.co.uk\/br\/solucoes-energeticas\/ppa\/","title":{"rendered":"PPA"},"content":{"rendered":"<section class=\"block-page-title bg-color-white\">\n  <div class=\"pt-60 pt-lg-100\"><\/div>\n\n  <div class=\"container\">\n    <div class=\"row\">\n      <div class=\"col-12\">\n                <h1 class=\"fg-color-gradient\">Contrato de Compra de Energia<\/h1>\n      <\/div>\n    <\/div>\n  <\/div>\n\n  <div class=\"pt-60 pt-lg-100\"><\/div>\n<\/section>\n  \n\n\n<section class=\"banner-single position-relative\">\n  <div class=\"container-fluid\">\n    <div class=\"row\">\n      <div class=\"col-12 px-0\">\n                <div class=\"position-relative w-100 h-100 aspect-ratio-banner object-fit-cover\">\n          <picture>\n                    <source srcset=\"https:\/\/assets.lightsourcebp.staging.1int.co.uk\/app\/uploads\/2022\/12\/27213521\/Impact_Solar_Aerial_045-1920x800-3-aspect-ratio-450-490-450x490.jpg, https:\/\/assets.lightsourcebp.staging.1int.co.uk\/app\/uploads\/2022\/12\/27213521\/Impact_Solar_Aerial_045-1920x800-3-aspect-ratio-450-490.jpg 2x\"\n                          media=\"(max-width: 575px)\">\n                    <source srcset=\"https:\/\/assets.lightsourcebp.staging.1int.co.uk\/app\/uploads\/2022\/12\/27214004\/Impact_Solar_Aerial_045-1920x800-3-1000x417.jpg, https:\/\/assets.lightsourcebp.staging.1int.co.uk\/app\/uploads\/2022\/12\/27214004\/Impact_Solar_Aerial_045-1920x800-3.jpg 2x\"\n                          media=\"(min-width: 576px) and (max-width: 991px)\">\n                    <source srcset=\"https:\/\/assets.lightsourcebp.staging.1int.co.uk\/app\/uploads\/2022\/12\/27214004\/Impact_Solar_Aerial_045-1920x800-3.jpg, https:\/\/assets.lightsourcebp.staging.1int.co.uk\/app\/uploads\/2022\/12\/27214004\/Impact_Solar_Aerial_045-1920x800-3.jpg 2x\"\n                          media=\"(min-width: 992px)\">\n                    <img loading=\"lazy\" decoding=\"async\" src=\"https:\/\/assets.lightsourcebp.staging.1int.co.uk\/app\/uploads\/2022\/12\/27214004\/Impact_Solar_Aerial_045-1920x800-3.jpg\" alt=\"\"\n                       srcset=\"https:\/\/assets.lightsourcebp.staging.1int.co.uk\/app\/uploads\/2022\/12\/27214004\/Impact_Solar_Aerial_045-1920x800-3.jpg 2x\"\n                       sizes=\"auto, 100vw\"\n                       class=\"position-absolute w-100 h-100 left-0 top-0 object-fit-cover\"\n                       width=\"1920\"\n                       height=\"800\">\n                <\/picture>\n        <\/div>\n              <\/div>\n    <\/div>\n  <\/div>\n<\/section>\n\n\n<section class=\"text align block_7e8a1ef6189fca7b8a1d10c5c53cf185 block bg-color-white position-relative z-1 overflow-hidden\">\n    <div class=\"pt-60 pt-lg-100\"><\/div>\n\n  \n  <div class=\"container \">\n    <div class=\"row\">\n      <div class=\"col-12 col-md-9\">\n        <span class=\"rich-text standard-text fg-color-navy-text\">\n          <h2>Solu\u00e7\u00f5es Energ\u00e9ticas \u2013PPA<\/h2>\n<p>Um Contrato de Compra de Energia (PPA) \u00e9 um contrato entre um comprador de energia e a Lightsource bp, normalmente a um pre\u00e7o pr\u00e9-determinado para entrega e aloca\u00e7\u00e3o da energia da instala\u00e7\u00e3o de gera\u00e7\u00e3o solar e dos Certificados de Energia Renov\u00e1vel.<\/p>\n<p>Em um PPA, o comprador de energia assina um contrato com a Lightsource bp, que construir\u00e1, manter\u00e1 e operar\u00e1 um sistema de gera\u00e7\u00e3o de energia renov\u00e1vel, normalmente localizado em um munic\u00edpio diferente do munic\u00edpio do cliente, sendo cuidadosamente escolhido para atender \u00e0s condi\u00e7\u00f5es t\u00e9cnicas ideais para fornecer a solu\u00e7\u00e3o mais competitiva ao cliente. A energia \u00e9 entregue atrav\u00e9s da rede de transmiss\u00e3o e distribui\u00e7\u00e3o, com pre\u00e7o e volume definidos pelo contrato. O cliente concorda em comprar a energia a um pre\u00e7o definido ao longo de um prazo acordado, e a Lightsource bp assume os riscos associados \u00e0 gera\u00e7\u00e3o de energia e \u00e0 propriedade e opera\u00e7\u00e3o da planta de gera\u00e7\u00e3o.<\/p>\n\n        <\/span>\n      <\/div>\n    <\/div>\n  <\/div>\n\n  <div class=\"pt-15 pt-lg-0\"><\/div>\n<\/section>\n\n\n<section class=\"image align block_23fa3280973b83986c8b253022d849c6 block\">\n  <div class=\"pt-0 pt-lg-0\"><\/div>\n  \n  <div class=\"container \">\n    <div class=\"row\">\n      <div class=\"col-12 image-block__image\">\n        <picture><source srcset=\"https:\/\/assets.lightsourcebp.staging.1int.co.uk\/app\/uploads\/2022\/12\/28000509\/Certificados-de-Energia-Renovavel-1024x576-2.png 1024w, https:\/\/assets.lightsourcebp.staging.1int.co.uk\/app\/uploads\/2022\/12\/28000509\/Certificados-de-Energia-Renovavel-1024x576-2-300x169.png 300w, https:\/\/assets.lightsourcebp.staging.1int.co.uk\/app\/uploads\/2022\/12\/28000509\/Certificados-de-Energia-Renovavel-1024x576-2-80x45.png 80w, https:\/\/assets.lightsourcebp.staging.1int.co.uk\/app\/uploads\/2022\/12\/28000509\/Certificados-de-Energia-Renovavel-1024x576-2-150x84.png 150w, https:\/\/assets.lightsourcebp.staging.1int.co.uk\/app\/uploads\/2022\/12\/28000509\/Certificados-de-Energia-Renovavel-1024x576-2-450x253.png 450w, https:\/\/assets.lightsourcebp.staging.1int.co.uk\/app\/uploads\/2022\/12\/28000509\/Certificados-de-Energia-Renovavel-1024x576-2-767x431.png 767w, https:\/\/assets.lightsourcebp.staging.1int.co.uk\/app\/uploads\/2022\/12\/28000509\/Certificados-de-Energia-Renovavel-1024x576-2-1000x563.png 1000w\" sizes=\"\"><img loading=\"lazy\" decoding=\"async\" src=\"https:\/\/assets.lightsourcebp.staging.1int.co.uk\/app\/uploads\/2022\/12\/28000509\/Certificados-de-Energia-Renovavel-1024x576-2.png\" alt=\"\" width=\"1024\" height=\"576\" class=\"d-flex w-100 h-auto object-fit-cover\"><\/picture>\n      <\/div>\n    <\/div>\n  <\/div>\n\n  <div class=\"pt-0 pt-lg-0\"><\/div>\n  <\/section>\n\n\n<section class=\"fifty-fifty align block_fbe4c7e878b723a5fe484061be9a4946 block bg-color-orange-3-percent position-relative z-1 overflow-hidden\">\n        <div class=\"pt-15 pt-lg-100\"><\/div>\n\n    \n    <div class=\"fifty-fifty__row\">\n      <div class=\"container \">\n        <div class=\"row align-items-center\">\n                      <div class=\"col-12 col-lg-6 col-xl-6 align-self-center fifty-left d-flex flex-column order-2 order-lg-1\">\n                                                                                                                <div class=\"flex flex-column w-100 mb-30 fifty-fifty__image\">\n                    <picture><source srcset=\"https:\/\/assets.lightsourcebp.staging.1int.co.uk\/app\/uploads\/2022\/12\/28000505\/Impact-Solar-Oct-2020-38-527x702-3.jpg 527w, https:\/\/assets.lightsourcebp.staging.1int.co.uk\/app\/uploads\/2022\/12\/28000505\/Impact-Solar-Oct-2020-38-527x702-3-225x300.jpg 225w, https:\/\/assets.lightsourcebp.staging.1int.co.uk\/app\/uploads\/2022\/12\/28000505\/Impact-Solar-Oct-2020-38-527x702-3-80x107.jpg 80w, https:\/\/assets.lightsourcebp.staging.1int.co.uk\/app\/uploads\/2022\/12\/28000505\/Impact-Solar-Oct-2020-38-527x702-3-150x200.jpg 150w, https:\/\/assets.lightsourcebp.staging.1int.co.uk\/app\/uploads\/2022\/12\/28000505\/Impact-Solar-Oct-2020-38-527x702-3-300x400.jpg 300w, https:\/\/assets.lightsourcebp.staging.1int.co.uk\/app\/uploads\/2022\/12\/28000505\/Impact-Solar-Oct-2020-38-527x702-3-450x599.jpg 450w\" sizes=\"100vw\"><img loading=\"lazy\" decoding=\"async\" src=\"https:\/\/assets.lightsourcebp.staging.1int.co.uk\/app\/uploads\/2022\/12\/28000505\/Impact-Solar-Oct-2020-38-527x702-3.jpg\" alt=\"\" width=\"527\" height=\"702\" class=\"d-flex max-w-100 w-100 h-auto mx-auto fit-cover rounded-10px\"><\/picture>\n                  <\/div>\n                                                          <\/div>\n                                <div class=\"col-12 col-lg-6 col-xl-5 offset-xl-1 align-self-center fifty-right d-flex flex-column mb-lg-0 mt-lg-0 order-1 order-lg-1  mb-15 \">\n                                                                <div class=\"flex flex-column w-100 line-height-level-6 mb-15 fifty-fifty__text font-size-paragraph-medium  fg-color-navy-text \">\n\n                    <p><strong>Produtos dispon\u00edveis mediante PPA:<\/strong><\/p>\n<ul>\n<li>Energia incentivada (desconto de 50% na tarifa de Transmiss\u00e3o e Distribui\u00e7\u00e3o TUST\/TUSD))<\/li>\n<li>Certificados de Energia Renov\u00e1vel<\/li>\n<li>Personaliza\u00e7\u00e3o para atender \u00e0s necessidades de cada cliente: modula\u00e7\u00e3o, sazonaliza\u00e7\u00e3o, cobertura para riscos de descolamento de pre\u00e7o entre submercados, etc.<\/li>\n<\/ul>\n<p><strong>Local:<\/strong> Projeto normalmente localizado em um munic\u00edpio diferente do munic\u00edpio do cliente, cuidadosamente escolhido para atender \u00e0s condi\u00e7\u00f5es t\u00e9cnicas ideais, de modo a fornecer a solu\u00e7\u00e3o mais competitiva para o cliente.<\/p>\n<p><strong>Moeda:<\/strong> Para os exportadores, ou clientes com moeda funcional diferente do Real (R$), o contrato pode ser feito em d\u00f3lares norte-americanos (US$) em vez de Reais (R$)<\/p>\n<p><strong>Clientes t\u00edpicos:<\/strong> Consumidores do setor de com\u00e9rcio e servi\u00e7os, ind\u00fastrias, comercializadoras de energia (trading companies), distribuidoras e outras empresas geradoras de energia.<\/p>\n<p><strong>Vantagens:<\/strong><\/p>\n<ul>\n<li>Economia<\/li>\n<li>Previsibilidade or\u00e7ament\u00e1ria com contrato de longo prazo com pre\u00e7o pr\u00e9-determinado<\/li>\n<li>Cumprir metas de sustentabilidade e reduzir as emiss\u00f5es de gases de efeito estufa<\/li>\n<li>Capacidade de customizar os atributos de energia (sazonalidade e\/ou curvas de modula\u00e7\u00e3o) e o per\u00edodo de fornecimento (de 1 a 20 anos) para cada transa\u00e7\u00e3o<\/li>\n<\/ul>\n\n                  <\/div>\n                                                                                                                          <\/div>\n                  <\/div>\n      <\/div>\n    <\/div>\n\n  <div class=\"pt-30 pt-lg-100\"><\/div>\n  <\/section>\n\n\n<section class=\"multi-column-cards align block_9074678404d3cf3a820a4f5522a938fb block bg-color-white\">\n  <div class=\"pt-60 pt-lg-100\"><\/div>\n\n  <div class=\"container\">\n    <div class=\"row\">\n      <div class=\"col-12\">\n                <h3 class=\"mb-35\">Estudos de caso de PPA<\/h3>\n      <\/div>\n    <\/div>\n    <div class=\"row\">\n                        <div class=\"col-12 col-lg-6 mb-30\">\n  <div class=\"multi-column-cards__image-container\">\n    <a href=\"https:\/\/lightsourcebp.staging.1int.co.uk\/br\/project\/milagres-solar\/\" class=\"d-block w-100 h-100\">\n      <picture><source srcset=\"https:\/\/assets.lightsourcebp.staging.1int.co.uk\/app\/uploads\/2022\/12\/28143249\/BR-Projects-Milagres-Featured.jpg 600w, https:\/\/assets.lightsourcebp.staging.1int.co.uk\/app\/uploads\/2022\/12\/28143249\/BR-Projects-Milagres-Featured-300x188.jpg 300w, https:\/\/assets.lightsourcebp.staging.1int.co.uk\/app\/uploads\/2022\/12\/28143249\/BR-Projects-Milagres-Featured-80x50.jpg 80w, https:\/\/assets.lightsourcebp.staging.1int.co.uk\/app\/uploads\/2022\/12\/28143249\/BR-Projects-Milagres-Featured-150x94.jpg 150w, https:\/\/assets.lightsourcebp.staging.1int.co.uk\/app\/uploads\/2022\/12\/28143249\/BR-Projects-Milagres-Featured-450x281.jpg 450w\" sizes=\"\"><img loading=\"lazy\" decoding=\"async\" src=\"https:\/\/assets.lightsourcebp.staging.1int.co.uk\/app\/uploads\/2022\/12\/28143249\/BR-Projects-Milagres-Featured.jpg\" alt=\"Massive field of dark solar panels extending to the horizon in a desert or arid region.\" width=\"600\" height=\"375\"><\/picture>\n    <\/a>\n  <\/div>\n  <a class=\"text-decoration-none text-decoration-sm-underline-hover\" href=\"https:\/\/lightsourcebp.staging.1int.co.uk\/br\/project\/milagres-solar\/\">\n    <h5 class=\"mt-20 fg-color-navy\">Projeto Solar Milagres<\/h5>\n  <\/a>\n  <p><a href=\"https:\/\/lightsourcebp.staging.1int.co.uk\/br\/project\/milagres-solar\/\">Read Project <span class=\"ml-10\"><svg xmlns=\"http:\/\/www.w3.org\/2000\/svg\" width=\"8\" height=\"14\" fill=\"none\"><path stroke=\"currentColor\" stroke-linecap=\"round\" stroke-linejoin=\"round\" stroke-width=\"2\" d=\"M1 13l6-6-6-6\"\/><\/svg><\/span><\/a><\/p>\n<\/div>\n                  <\/div>\n  <\/div>\n\n  <div class=\"pt-60 pt-lg-100\"><\/div>\n<\/section>\n","protected":false},"excerpt":{"rendered":"","protected":false},"author":33,"featured_media":0,"parent":162761,"menu_order":1,"comment_status":"closed","ping_status":"closed","template":"","meta":{"_acf_changed":false,"inline_featured_image":false,"footnotes":""},"class_list":["post-162779","page","type-page","status-publish","hentry"],"acf":[],"aioseo_notices":[],"_links":{"self":[{"href":"https:\/\/lightsourcebp.staging.1int.co.uk\/br\/wp-json\/wp\/v2\/pages\/162779","targetHints":{"allow":["GET"]}}],"collection":[{"href":"https:\/\/lightsourcebp.staging.1int.co.uk\/br\/wp-json\/wp\/v2\/pages"}],"about":[{"href":"https:\/\/lightsourcebp.staging.1int.co.uk\/br\/wp-json\/wp\/v2\/types\/page"}],"author":[{"embeddable":true,"href":"https:\/\/lightsourcebp.staging.1int.co.uk\/br\/wp-json\/wp\/v2\/users\/33"}],"replies":[{"embeddable":true,"href":"https:\/\/lightsourcebp.staging.1int.co.uk\/br\/wp-json\/wp\/v2\/comments?post=162779"}],"version-history":[{"count":14,"href":"https:\/\/lightsourcebp.staging.1int.co.uk\/br\/wp-json\/wp\/v2\/pages\/162779\/revisions"}],"predecessor-version":[{"id":304139,"href":"https:\/\/lightsourcebp.staging.1int.co.uk\/br\/wp-json\/wp\/v2\/pages\/162779\/revisions\/304139"}],"up":[{"embeddable":true,"href":"https:\/\/lightsourcebp.staging.1int.co.uk\/br\/wp-json\/wp\/v2\/pages\/162761"}],"wp:attachment":[{"href":"https:\/\/lightsourcebp.staging.1int.co.uk\/br\/wp-json\/wp\/v2\/media?parent=162779"}],"curies":[{"name":"wp","href":"https:\/\/api.w.org\/{rel}","templated":true}]}}