{"id":162781,"date":"2022-12-06T11:38:25","date_gmt":"2022-12-06T11:38:25","guid":{"rendered":""},"modified":"2023-10-11T14:42:44","modified_gmt":"2023-10-11T14:42:44","slug":"autoproducao","status":"publish","type":"page","link":"https:\/\/lightsourcebp.staging.1int.co.uk\/br\/solucoes-energeticas\/autoproducao\/","title":{"rendered":"Autoprodu\u00e7\u00e3o"},"content":{"rendered":"<section class=\"block-page-title bg-color-white\">\n  <div class=\"pt-60 pt-lg-100\"><\/div>\n\n  <div class=\"container\">\n    <div class=\"row\">\n      <div class=\"col-12\">\n                <h1 class=\"fg-color-gradient\">Solu\u00e7\u00e3o de Autoprodu\u00e7\u00e3o<\/h1>\n      <\/div>\n    <\/div>\n  <\/div>\n\n  <div class=\"pt-60 pt-lg-100\"><\/div>\n<\/section>\n  \n\n\n<section class=\"banner-single position-relative\">\n  <div class=\"container-fluid\">\n    <div class=\"row\">\n      <div class=\"col-12 px-0\">\n                <div class=\"position-relative w-100 h-100 aspect-ratio-banner object-fit-cover\">\n          <picture>\n                    <source srcset=\"https:\/\/assets.lightsourcebp.staging.1int.co.uk\/app\/uploads\/2022\/12\/27213514\/Bighorn_Sunset_0384-1920x800-2-aspect-ratio-450-490-450x490.jpg, https:\/\/assets.lightsourcebp.staging.1int.co.uk\/app\/uploads\/2022\/12\/27213514\/Bighorn_Sunset_0384-1920x800-2-aspect-ratio-450-490.jpg 2x\"\n                          media=\"(max-width: 575px)\">\n                    <source srcset=\"https:\/\/assets.lightsourcebp.staging.1int.co.uk\/app\/uploads\/2022\/12\/27213517\/Bighorn_Sunset_0384-1920x800-2-1000x417.jpg, https:\/\/assets.lightsourcebp.staging.1int.co.uk\/app\/uploads\/2022\/12\/27213517\/Bighorn_Sunset_0384-1920x800-2.jpg 2x\"\n                          media=\"(min-width: 576px) and (max-width: 991px)\">\n                    <source srcset=\"https:\/\/assets.lightsourcebp.staging.1int.co.uk\/app\/uploads\/2022\/12\/27213517\/Bighorn_Sunset_0384-1920x800-2.jpg, https:\/\/assets.lightsourcebp.staging.1int.co.uk\/app\/uploads\/2022\/12\/27213517\/Bighorn_Sunset_0384-1920x800-2.jpg 2x\"\n                          media=\"(min-width: 992px)\">\n                    <img loading=\"lazy\" decoding=\"async\" src=\"https:\/\/assets.lightsourcebp.staging.1int.co.uk\/app\/uploads\/2022\/12\/27213517\/Bighorn_Sunset_0384-1920x800-2.jpg\" alt=\"\"\n                       srcset=\"https:\/\/assets.lightsourcebp.staging.1int.co.uk\/app\/uploads\/2022\/12\/27213517\/Bighorn_Sunset_0384-1920x800-2.jpg 2x\"\n                       sizes=\"auto, 100vw\"\n                       class=\"position-absolute w-100 h-100 left-0 top-0 object-fit-cover\"\n                       width=\"1920\"\n                       height=\"800\">\n                <\/picture>\n        <\/div>\n              <\/div>\n    <\/div>\n  <\/div>\n<\/section>\n\n\n<section class=\"text align block_e628d2a633e9260daf847e06f4eaf97c block bg-color-white position-relative z-1 overflow-hidden\">\n    <div class=\"pt-60 pt-lg-100\"><\/div>\n\n  \n  <div class=\"container \">\n    <div class=\"row\">\n      <div class=\"col-12 col-md-9\">\n        <span class=\"rich-text standard-text fg-color-navy-text\">\n          <h2>Solu\u00e7\u00f5es Energ\u00e9ticas \u2013Autoprodu\u00e7\u00e3o<\/h2>\n<p>A Solu\u00e7\u00e3o de Autoprodu\u00e7\u00e3o \u00e9 semelhante a um Contrato de Compra de Energia, mas com uma diferen\u00e7a muito importante: o cliente tamb\u00e9m \u00e9 acionista da instala\u00e7\u00e3o de gera\u00e7\u00e3o solar.<\/p>\n<p>O fato de ser acionista da planta solar permite ao cliente ter economias adicionais e substanciais em encargos setoriais (CDE, Proinfa, EER, CCC, ESS) e, conforme o caso, tamb\u00e9m em impostos sobre o consumo de energia (ICMS).<\/p>\n<p>Como parte do acordo de acionistas, a Lightsource bp continuar\u00e1 a ter a principal responsabilidade de construir, manter e operar a planta de gera\u00e7\u00e3o solar, permitindo que o cliente se concentre em seu neg\u00f3cio principal.<\/p>\n<p>A planta de gera\u00e7\u00e3o solar est\u00e1 normalmente localizada em um munic\u00edpio diferente do munic\u00edpio do cliente, cuidadosamente escolhido para atender \u00e0s condi\u00e7\u00f5es t\u00e9cnicas ideais, de modo a fornecer a solu\u00e7\u00e3o mais competitiva para o cliente. O cliente de autoprodu\u00e7\u00e3o tamb\u00e9m assinar\u00e1 um PPA com a usina solar. A energia \u00e9 entregue atrav\u00e9s da rede de transmiss\u00e3o e distribui\u00e7\u00e3o, com pre\u00e7o e volume definidos pelo contrato, correspondente \u00e0 sua participa\u00e7\u00e3o como acionista. O cliente concorda em comprar a energia a um pre\u00e7o definido ao longo de um prazo acordado, e a Lightsource bp geralmente assume os riscos associados \u00e0 gera\u00e7\u00e3o de energia e ao fato de possuir e operar o sistema.<\/p>\n\n        <\/span>\n      <\/div>\n    <\/div>\n  <\/div>\n\n  <div class=\"pt-30 pt-lg-30\"><\/div>\n<\/section>\n\n\n<section class=\"fifty-fifty align block_6eccb7269fd925334448de1b9e252670 block bg-color-white position-relative z-1 overflow-hidden\">\n        <div class=\"pt-30 pt-lg-30\"><\/div>\n\n    \n    <div class=\"fifty-fifty__row\">\n      <div class=\"container \">\n        <div class=\"row align-items-center\">\n                      <div class=\"col-12 col-lg-6 col-xl-6 align-self-start fifty-left d-flex flex-column order-2 order-lg-1\">\n                                                                                                                <div class=\"flex flex-column w-100 mb-30 fifty-fifty__image\">\n                    <picture><source srcset=\"https:\/\/assets.lightsourcebp.staging.1int.co.uk\/app\/uploads\/2022\/12\/28000505\/Impact-Solar-Oct-2020-38-527x702-3.jpg 527w, https:\/\/assets.lightsourcebp.staging.1int.co.uk\/app\/uploads\/2022\/12\/28000505\/Impact-Solar-Oct-2020-38-527x702-3-225x300.jpg 225w, https:\/\/assets.lightsourcebp.staging.1int.co.uk\/app\/uploads\/2022\/12\/28000505\/Impact-Solar-Oct-2020-38-527x702-3-80x107.jpg 80w, https:\/\/assets.lightsourcebp.staging.1int.co.uk\/app\/uploads\/2022\/12\/28000505\/Impact-Solar-Oct-2020-38-527x702-3-150x200.jpg 150w, https:\/\/assets.lightsourcebp.staging.1int.co.uk\/app\/uploads\/2022\/12\/28000505\/Impact-Solar-Oct-2020-38-527x702-3-300x400.jpg 300w, https:\/\/assets.lightsourcebp.staging.1int.co.uk\/app\/uploads\/2022\/12\/28000505\/Impact-Solar-Oct-2020-38-527x702-3-450x599.jpg 450w\" sizes=\"100vw\"><img loading=\"lazy\" decoding=\"async\" src=\"https:\/\/assets.lightsourcebp.staging.1int.co.uk\/app\/uploads\/2022\/12\/28000505\/Impact-Solar-Oct-2020-38-527x702-3.jpg\" alt=\"\" width=\"527\" height=\"702\" class=\"d-flex max-w-100 w-100 h-auto mx-auto fit-cover rounded-10px\"><\/picture>\n                  <\/div>\n                                                          <\/div>\n                                <div class=\"col-12 col-lg-6 col-xl-5 offset-xl-1 align-self-start fifty-right d-flex flex-column mb-lg-0 mt-lg-0 order-1 order-lg-1  mb-15 \">\n                                                                <div class=\"flex flex-column w-100 line-height-level-6 mb-15 fifty-fifty__text font-size-paragraph-medium  fg-color-navy-text \">\n\n                    <p><strong>Produtos dispon\u00edveis com uma Solu\u00e7\u00e3o de Autoprodu\u00e7\u00e3o:<\/strong><\/p>\n<ul>\n<li>Energia incentivada (desconto de 50% na tarifa de Transmiss\u00e3o e Distribui\u00e7\u00e3o (TUST\/TUSD))<\/li>\n<li>Certificados de Energia Renov\u00e1vel<\/li>\n<li>Personaliza\u00e7\u00e3o para atender \u00e0s necessidades de cada cliente: modula\u00e7\u00e3o, sazonaliza\u00e7\u00e3o, cobertura para riscos de descolamento de pre\u00e7os entre submercados, etc.<\/li>\n<li>Isen\u00e7\u00e3o de encargos setoriais (CDE, Proinfa, EER, CCC, ESS)<\/li>\n<li>Isen\u00e7\u00e3o do imposto sobre o consumo de energia (ICMS), conforme o caso<\/li>\n<\/ul>\n<p><strong>Local:<\/strong> Projeto normalmente localizado em um munic\u00edpio diferente do munic\u00edpio do cliente, cuidadosamente escolhido para atender \u00e0s condi\u00e7\u00f5es t\u00e9cnicas ideais, de modo a fornecer a solu\u00e7\u00e3o mais competitiva para o cliente.<\/p>\n<p><strong>Moeda:<\/strong> Para os exportadores, ou clientes com moeda funcional diferente do Real (R$), o contrato pode ser feito em d\u00f3lares norte-americanos (US$) em vez de Reais (R$).<\/p>\n<p><strong>Clientes t\u00edpicos:<\/strong> Grandes consumidores de setor de com\u00e9rcio e servi\u00e7os e ind\u00fastrias de m\u00e9dio a grande porte, com carga m\u00ednima de 5MW m\u00e9dios, dispostos a assinar um PPA de longo prazo (pelo menos 15 anos).<\/p>\n<h3><\/h3>\n<p><strong>Vantagens:<\/strong><\/p>\n<ul>\n<li>Economia de custos em energia, encargos setoriais e, conforme o caso, impostos sobre o consumo de energia<\/li>\n<li>Previsibilidade or\u00e7ament\u00e1ria com contrato de longo prazo com pre\u00e7o pr\u00e9-determinado<\/li>\n<li>Cumprir metas de sustentabilidade e reduzir as emiss\u00f5es de gases de efeito estufa<\/li>\n<li>Capacidade de customizar os atributos de energia (sazonalidade e\/ou curvas de modula\u00e7\u00e3o)<\/li>\n<\/ul>\n\n                  <\/div>\n                                                                                                                          <\/div>\n                  <\/div>\n      <\/div>\n    <\/div>\n\n  <div class=\"pt-30 pt-lg-50\"><\/div>\n  <\/section>\n\n\n<section class=\"multi-column-cards align block_9b24cf1a2f89a898b4d0c8208bc2c21d block bg-color-orange-3-percent\">\n  <div class=\"pt-50 pt-lg-50\"><\/div>\n\n  <div class=\"container\">\n    <div class=\"row\">\n      <div class=\"col-12\">\n                <h3 class=\"mb-35\">Descubra mais<\/h3>\n      <\/div>\n    <\/div>\n    <div class=\"row\">\n                        <div class=\"col-12 col-lg-6 mb-30\">\n  <div class=\"multi-column-cards__image-container\">\n          <a href=\"https:\/\/lightsourcebp.staging.1int.co.uk\/br\/solucoes-energeticas\/ppa\/\" >\n          <img decoding=\"async\" src=\"https:\/\/assets.lightsourcebp.staging.1int.co.uk\/app\/uploads\/2022\/12\/27172518\/PPA-thumb.jpg\" \/>\n          <\/a>\n      <\/div>\n      <a class=\"text-decoration-none text-decoration-sm-underline-hover\" href=\"https:\/\/lightsourcebp.staging.1int.co.uk\/br\/solucoes-energeticas\/ppa\/\" >\n        <h5 class=\"mt-25 mb-15 fg-color-navy\">Contrato de Compra de Energia (PPA)<\/h5>\n      <\/a>\n          <p><a href=\"https:\/\/lightsourcebp.staging.1int.co.uk\/br\/solucoes-energeticas\/ppa\/\" >Leia mais <span class=\"ml-10\"><svg xmlns=\"http:\/\/www.w3.org\/2000\/svg\" width=\"8\" height=\"14\" fill=\"none\"><path stroke=\"currentColor\" stroke-linecap=\"round\" stroke-linejoin=\"round\" stroke-width=\"2\" d=\"M1 13l6-6-6-6\"\/><\/svg><\/span><\/a><\/p>\n  <\/div>\n                  <div class=\"col-12 col-lg-6 mb-30\">\n  <div class=\"multi-column-cards__image-container\">\n          <a href=\"https:\/\/lightsourcebp.staging.1int.co.uk\/br\/parcerias\/compradores-de-energia\/\" >\n          <img decoding=\"async\" src=\"https:\/\/assets.lightsourcebp.staging.1int.co.uk\/app\/uploads\/2022\/12\/27161147\/IL20220407203825-190906_206_RS-ID-1600714-2-scaled-1920x800-2-1.jpg\" \/>\n          <\/a>\n      <\/div>\n      <a class=\"text-decoration-none text-decoration-sm-underline-hover\" href=\"https:\/\/lightsourcebp.staging.1int.co.uk\/br\/parcerias\/compradores-de-energia\/\" >\n        <h5 class=\"mt-25 mb-15 fg-color-navy\">Compradores de Energia<\/h5>\n      <\/a>\n          <p><a href=\"https:\/\/lightsourcebp.staging.1int.co.uk\/br\/parcerias\/compradores-de-energia\/\" >Leia mais <span class=\"ml-10\"><svg xmlns=\"http:\/\/www.w3.org\/2000\/svg\" width=\"8\" height=\"14\" fill=\"none\"><path stroke=\"currentColor\" stroke-linecap=\"round\" stroke-linejoin=\"round\" stroke-width=\"2\" d=\"M1 13l6-6-6-6\"\/><\/svg><\/span><\/a><\/p>\n  <\/div>\n                  <\/div>\n  <\/div>\n\n  <div class=\"pt-50 pt-lg-50\"><\/div>\n<\/section>\n","protected":false},"excerpt":{"rendered":"","protected":false},"author":33,"featured_media":0,"parent":162761,"menu_order":2,"comment_status":"closed","ping_status":"closed","template":"","meta":{"_acf_changed":false,"inline_featured_image":false,"footnotes":""},"class_list":["post-162781","page","type-page","status-publish","hentry"],"acf":[],"aioseo_notices":[],"_links":{"self":[{"href":"https:\/\/lightsourcebp.staging.1int.co.uk\/br\/wp-json\/wp\/v2\/pages\/162781","targetHints":{"allow":["GET"]}}],"collection":[{"href":"https:\/\/lightsourcebp.staging.1int.co.uk\/br\/wp-json\/wp\/v2\/pages"}],"about":[{"href":"https:\/\/lightsourcebp.staging.1int.co.uk\/br\/wp-json\/wp\/v2\/types\/page"}],"author":[{"embeddable":true,"href":"https:\/\/lightsourcebp.staging.1int.co.uk\/br\/wp-json\/wp\/v2\/users\/33"}],"replies":[{"embeddable":true,"href":"https:\/\/lightsourcebp.staging.1int.co.uk\/br\/wp-json\/wp\/v2\/comments?post=162781"}],"version-history":[{"count":7,"href":"https:\/\/lightsourcebp.staging.1int.co.uk\/br\/wp-json\/wp\/v2\/pages\/162781\/revisions"}],"predecessor-version":[{"id":328012,"href":"https:\/\/lightsourcebp.staging.1int.co.uk\/br\/wp-json\/wp\/v2\/pages\/162781\/revisions\/328012"}],"up":[{"embeddable":true,"href":"https:\/\/lightsourcebp.staging.1int.co.uk\/br\/wp-json\/wp\/v2\/pages\/162761"}],"wp:attachment":[{"href":"https:\/\/lightsourcebp.staging.1int.co.uk\/br\/wp-json\/wp\/v2\/media?parent=162781"}],"curies":[{"name":"wp","href":"https:\/\/api.w.org\/{rel}","templated":true}]}}