{"id":162807,"date":"2022-10-24T15:04:18","date_gmt":"2022-10-24T15:04:18","guid":{"rendered":""},"modified":"2023-10-11T14:53:09","modified_gmt":"2023-10-11T14:53:09","slug":"carreiras","status":"publish","type":"page","link":"https:\/\/lightsourcebp.staging.1int.co.uk\/br\/carreiras\/","title":{"rendered":"Carreiras"},"content":{"rendered":"<section class=\"block-page-title bg-color-white\">\n  <div class=\"pt-60 pt-lg-100\"><\/div>\n\n  <div class=\"container\">\n    <div class=\"row\">\n      <div class=\"col-12\">\n                <h1 class=\"fg-color-gradient\">Carreiras<\/h1>\n      <\/div>\n    <\/div>\n  <\/div>\n\n  <div class=\"pt-60 pt-lg-0\"><\/div>\n<\/section>\n  \n\n\n<section class=\"text align block_a430c88560a6551af017fc67091b63e9 block bg-color-white position-relative z-1 overflow-hidden\">\n    <div class=\"pt-60 pt-lg-0\"><\/div>\n\n  \n  <div class=\"container \">\n    <div class=\"row\">\n      <div class=\"col-12 col-md-9\">\n        <span class=\"rich-text standard-text fg-color-navy-text\">\n          <h2>Quem somos<\/h2>\n<p>A Lightsource bp \u00e9 composta por um grupo diversificado de pessoas unidos pela ideia de mudar o mundo. Nossa equipe no Brasil trabalha com diversas empresas e comunidades para ajudar o pa\u00eds a atingir suas metas de energia renov\u00e1vel. Trabalhando junto com nossos colegas do mundo todo, temos a vantagem de ter acesso a experi\u00eancias diferentes que podem fazer a diferen\u00e7a aqui no Brasil.<\/p>\n\n        <\/span>\n      <\/div>\n    <\/div>\n  <\/div>\n\n  <div class=\"pt-15 pt-lg-15\"><\/div>\n<\/section>\n\n\n<section class=\"fifty-fifty align block_9a520be2ed74f5ca79aa1409cd8663ff block bg-color-white position-relative z-1 overflow-hidden\">\n        <div class=\"pt-0 pt-lg-0\"><\/div>\n  \n    \n    <div class=\"fifty-fifty__row\">\n      <div class=\"container \">\n        <div class=\"row align-items-center\">\n                      <div class=\"col-12 col-lg-6 align-self-center fifty-left d-flex flex-column order-2 order-lg-1\">\n                                                                                                  <div class=\"d-inline-flex w-100 button-container mb-15\">\n                    <a class=\"button button--gradient my-0 mr-auto\" href=\"https:\/\/careers.lightsourcebp.com\/go\/View-All-Jobs\/8639602\/?locale=en_GB\" target=\"_self\"><span>Visite nosso site global de carreiras<\/span> <svg xmlns=\"http:\/\/www.w3.org\/2000\/svg\" width=\"8\" height=\"14\" fill=\"none\"><path stroke=\"currentColor\" stroke-linecap=\"round\" stroke-linejoin=\"round\" stroke-width=\"2\" d=\"m1 13 6-6-6-6\"\/><\/svg><\/a>\n                  <\/div>\n                                                                                          <\/div>\n                            <\/div>\n      <\/div>\n    <\/div>\n\n  <div class=\"pt-50 pt-lg-50\"><\/div>\n  <\/section>\n\n\n<section class=\"text align block_93bd4efce09feed84a349c72d7d7ffc9 block bg-color-white position-relative z-1 overflow-hidden\">\n    <div class=\"pt-30 pt-lg-50\"><\/div>\n\n  \n  <div class=\"container \">\n    <div class=\"row\">\n      <div class=\"col-12 col-md-9\">\n        <span class=\"rich-text standard-text fg-color-navy\">\n          <h2>Viva sua melhor vida<\/h2>\n<p>Queremos que nossos funcion\u00e1rios permane\u00e7am saud\u00e1veis, aproveitem a vida dentro e fora do trabalho e tenham acesso a todos os recursos que precisam para prosperar. Nossos benef\u00edcios refletem esses valores.<\/p>\n\n        <\/span>\n      <\/div>\n    <\/div>\n  <\/div>\n\n  <div class=\"pt-15 pt-lg-30\"><\/div>\n<\/section>\n\n\n<section class=\"icon-grid align block_5a0e4bd205f43f0e2e961769bc674e45 block bg-color-white\">\n  <div class=\"pt-15 pt-lg-15\"><\/div>\n\n  <div class=\"container\">\n    <div class=\"row flex-center\">\n                        <div class=\"col-6 col-md-6 col-lg-2 mb-30\">\n            <div class=\"d-flex flex-column flex-middle text-center\">\n              <img decoding=\"async\" class=\"mb-25\" src=\"https:\/\/assets.lightsourcebp.staging.1int.co.uk\/app\/uploads\/2022\/12\/26212513\/Rectangle-242-1.png\" \/>\n              <p class=\"line-height-level-5 font-size-paragraph-large w-55\">Programa de b\u00f4nus anua<\/p>\n            <\/div>\n          <\/div>\n                  <div class=\"col-6 col-md-6 col-lg-2 mb-30\">\n            <div class=\"d-flex flex-column flex-middle text-center\">\n              <img decoding=\"async\" class=\"mb-25\" src=\"https:\/\/assets.lightsourcebp.staging.1int.co.uk\/app\/uploads\/2022\/12\/26212536\/Rectangle-237-1.png\" \/>\n              <p class=\"line-height-level-5 font-size-paragraph-large w-55\">Programa de b\u00f4nus anua<\/p>\n            <\/div>\n          <\/div>\n                  <div class=\"col-6 col-md-6 col-lg-2 mb-30\">\n            <div class=\"d-flex flex-column flex-middle text-center\">\n              <img decoding=\"async\" class=\"mb-25\" src=\"https:\/\/assets.lightsourcebp.staging.1int.co.uk\/app\/uploads\/2022\/12\/26212519\/Rectangle-240-1.png\" \/>\n              <p class=\"line-height-level-5 font-size-paragraph-large w-55\">SIM corporativo<\/p>\n            <\/div>\n          <\/div>\n                  <div class=\"col-6 col-md-6 col-lg-2 mb-30\">\n            <div class=\"d-flex flex-column flex-middle text-center\">\n              <img decoding=\"async\" class=\"mb-25\" src=\"https:\/\/assets.lightsourcebp.staging.1int.co.uk\/app\/uploads\/2022\/12\/26212516\/Rectangle-241-1.png\" \/>\n              <p class=\"line-height-level-5 font-size-paragraph-large w-55\">Generosa folga remunerada<\/p>\n            <\/div>\n          <\/div>\n                  <div class=\"col-6 col-md-6 col-lg-2 mb-30\">\n            <div class=\"d-flex flex-column flex-middle text-center\">\n              <img decoding=\"async\" class=\"mb-25\" src=\"https:\/\/assets.lightsourcebp.staging.1int.co.uk\/app\/uploads\/2022\/12\/26212524\/Rectangle-239-1.png\" \/>\n              <p class=\"line-height-level-5 font-size-paragraph-large w-55\">Ambiente de trabalho h\u00edbrido<\/p>\n            <\/div>\n          <\/div>\n                  <div class=\"col-6 col-md-6 col-lg-2 mb-30\">\n            <div class=\"d-flex flex-column flex-middle text-center\">\n              <img decoding=\"async\" class=\"mb-25\" src=\"https:\/\/assets.lightsourcebp.staging.1int.co.uk\/app\/uploads\/2022\/12\/26212531\/Rectangle-238-1.png\" \/>\n              <p class=\"line-height-level-5 font-size-paragraph-large w-55\">Vale refei\u00e7\u00e3o<\/p>\n            <\/div>\n          <\/div>\n                  <\/div>\n  <\/div>\n\n  <div class=\"pt-15 pt-lg-15\"><\/div>\n<\/section>\n\n\n<section class=\"fifty-fifty align block_340a1b2d0bc6aab294ce2bdb0b5fe5cb block bg-color-white position-relative z-1 overflow-hidden\">\n        <div class=\"pt-0 pt-lg-0\"><\/div>\n  \n    \n    <div class=\"fifty-fifty__row\">\n      <div class=\"container \">\n        <div class=\"row align-items-center\">\n                      <div class=\"col-12 col-lg-6 align-self-start fifty-left d-flex flex-column order-2 order-lg-1\">\n                                                                <div class=\"flex flex-column w-100 line-height-level-6 mb-15 fifty-fifty__text font-size-paragraph-medium  fg-color-navy-text \">\n                    <ul>\n<li>Os integrantes da equipe no Brasil t\u00eam direito a benef\u00edcios m\u00e9dicos e odontol\u00f3gicos para si e seus dependentes, al\u00e9m de seguro de vida.<\/li>\n<li>Os membros da equipe recebem um Vale Refei\u00e7\u00e3o de aproximadamente R$ 44,5 por dia de trabalho, o que equivale a cerca de R$ 934,5 por m\u00eas.<\/li>\n<li>Os membros da equipe Lightsource bp no Brasil recebem um celular e um cart\u00e3o SIM pagos pela empresa.<\/li>\n<li>A Lightsource bp considera os seguintes 13 feriados no Brasil: Ano Novo, Anivers\u00e1rio de S\u00e3o Paulo, Carnaval, Sexta-Feira Santa, Dia de Tiradentes, Dia do Trabalho, Corpus Christi, Dia da Independ\u00eancia, Nossa Senhora Aparecida, Dia de Finados, Proclama\u00e7\u00e3o da Rep\u00fablica, Dia da Consci\u00eancia Negra, Natal<\/li>\n<\/ul>\n\n                  <\/div>\n                                                                                                          <\/div>\n                                <div class=\"col-12 col-lg-6 align-self-start fifty-right d-flex flex-column mb-lg-0 mt-lg-0 order-3 order-lg-1  mt-15 \">\n                                                                <div class=\"flex flex-column w-100 line-height-level-6 mb-15 fifty-fifty__text font-size-paragraph-medium  fg-color-navy-text \">\n\n                    <ul>\n<li>Os membros de nossa equipe s\u00e3o eleg\u00edveis para um b\u00f4nus anual discricion\u00e1rio, calculado com base em objetivos corporativos, de equipe e individuais. Os membros da equipe no Brasil tamb\u00e9m podem receber um adicional de 50% de seu b\u00f4nus anual em um \u201cbanco de reten\u00e7\u00e3o\u201d, dispon\u00edvel para saque ap\u00f3s tr\u00eas anos de pr\u00eamios de b\u00f4nus acumulados.<\/li>\n<li>F\u00e9rias remuneradas de 30 dias corridos s\u00e3o concedidas ap\u00f3s um ano completo de servi\u00e7o.<\/li>\n<li>A Lightsource bp optou por se inscrever no programa federal \u201cEmpresa Cidad\u00e3\u201d, que define licen\u00e7as parentais estendidas de at\u00e9 180 dias de licen\u00e7a maternidade e at\u00e9 20 dias de licen\u00e7a paternidade. As empregadas que adotarem ou obtiverem a guarda judicial para fins de ado\u00e7\u00e3o de crian\u00e7a ou adolescente ter\u00e3o licen\u00e7a parental nos mesmos termos das empregadas gestantes.<\/li>\n<\/ul>\n\n                  <\/div>\n                                                                                                                          <\/div>\n                  <\/div>\n      <\/div>\n    <\/div>\n\n  <div class=\"pt-30 pt-lg-50\"><\/div>\n  <\/section>\n\n\n<section class=\"text align block_f563c09189b285c85cd0e06e5639b153 block bg-color-orange-3-percent position-relative z-1 overflow-hidden\">\n    <div class=\"pt-60 pt-lg-100\"><\/div>\n\n      <img decoding=\"async\" class=\"position-absolute top-n20 right-n190 right-sm-n80 right-md-n50 right-xxl-n32 rotate-230 -z-1\" src=\"https:\/\/lightsourcebp.staging.1int.co.uk\/app\/themes\/lightsourcebp-theme\/dist\/images\/global\/background-swirls_935dfcd0.png\" alt=\"\" \/>\n  \n  <div class=\"container \">\n    <div class=\"row\">\n      <div class=\"col-12 col-md-9\">\n        <span class=\"rich-text standard-text fg-color-navy\">\n          <h2>Inspira-se em nossa equipe<\/h2>\n<p>Todos n\u00f3s temos uma hist\u00f3ria e queremos compartilh\u00e1-la contigo. Leia sobre algumas experi\u00eancias dos nossos colegas que se uniram de modo a formar a Lightsource bp.<\/p>\n\n        <\/span>\n      <\/div>\n    <\/div>\n  <\/div>\n\n  <div class=\"pt-0 pt-lg-0\"><\/div>\n  <\/section>\n\n\n<section class=\"multi-column-cards align block_02b5dcbe3d1ad801a50213dcb81d8d9b block bg-color-orange-3-percent\">\n  <div class=\"pt-15 pt-lg-0\"><\/div>\n\n  <div class=\"container\">\n    <div class=\"row\">\n      <div class=\"col-12\">\n                <h3 class=\"mb-35\"><\/h3>\n      <\/div>\n    <\/div>\n    <div class=\"row\">\n                        <div class=\"col-12 col-lg-6 mb-30\">\n  <div class=\"multi-column-cards__image-container\">\n    <a href=\"https:\/\/lightsourcebp.staging.1int.co.uk\/br\/news\/resultados-para-o-futuro-a-historia-de-maira\/\" class=\"d-block w-100 h-100\">\n      <picture><source srcset=\"https:\/\/assets.lightsourcebp.staging.1int.co.uk\/app\/uploads\/2022\/11\/29152513\/IMG-20210922-WA0041.jpg 1200w, https:\/\/assets.lightsourcebp.staging.1int.co.uk\/app\/uploads\/2022\/11\/29152513\/IMG-20210922-WA0041-225x300.jpg 225w, https:\/\/assets.lightsourcebp.staging.1int.co.uk\/app\/uploads\/2022\/11\/29152513\/IMG-20210922-WA0041-768x1024.jpg 768w, https:\/\/assets.lightsourcebp.staging.1int.co.uk\/app\/uploads\/2022\/11\/29152513\/IMG-20210922-WA0041-80x107.jpg 80w, https:\/\/assets.lightsourcebp.staging.1int.co.uk\/app\/uploads\/2022\/11\/29152513\/IMG-20210922-WA0041-150x200.jpg 150w, https:\/\/assets.lightsourcebp.staging.1int.co.uk\/app\/uploads\/2022\/11\/29152513\/IMG-20210922-WA0041-300x400.jpg 300w, https:\/\/assets.lightsourcebp.staging.1int.co.uk\/app\/uploads\/2022\/11\/29152513\/IMG-20210922-WA0041-450x600.jpg 450w, https:\/\/assets.lightsourcebp.staging.1int.co.uk\/app\/uploads\/2022\/11\/29152513\/IMG-20210922-WA0041-767x1023.jpg 767w, https:\/\/assets.lightsourcebp.staging.1int.co.uk\/app\/uploads\/2022\/11\/29152513\/IMG-20210922-WA0041-1000x1333.jpg 1000w\" sizes=\"\"><img loading=\"lazy\" decoding=\"async\" src=\"https:\/\/assets.lightsourcebp.staging.1int.co.uk\/app\/uploads\/2022\/11\/29152513\/IMG-20210922-WA0041.jpg\" alt=\"\" width=\"1200\" height=\"1600\"><\/picture>\n    <\/a>\n  <\/div>\n      <p class=\"mt-20 mb-10 font-size-paragraph-small\">15 Mar, 2022<\/p>\n    <a class=\"text-decoration-none text-decoration-sm-underline-hover\" href=\"https:\/\/lightsourcebp.staging.1int.co.uk\/br\/news\/resultados-para-o-futuro-a-historia-de-maira\/\">\n    <h5 class=\"mb-15 fg-color-navy\">Resultados para o futuro, a hist\u00f3ria de Maira<\/h5>\n  <\/a>\n      <p class=\"mb-15 line-height-level-6\"> <\/p>\n    <p><a href=\"https:\/\/lightsourcebp.staging.1int.co.uk\/br\/news\/resultados-para-o-futuro-a-historia-de-maira\/\">Leia a hist\u00f3ria <span class=\"ml-10\"><svg xmlns=\"http:\/\/www.w3.org\/2000\/svg\" width=\"8\" height=\"14\" fill=\"none\"><path stroke=\"currentColor\" stroke-linecap=\"round\" stroke-linejoin=\"round\" stroke-width=\"2\" d=\"M1 13l6-6-6-6\"\/><\/svg><\/span><\/a><\/p>\n<\/div>\n                  <div class=\"col-12 col-lg-6 mb-30\">\n  <div class=\"multi-column-cards__image-container\">\n    <a href=\"https:\/\/lightsourcebp.staging.1int.co.uk\/br\/news\/vendo-todos-os-lados-a-historia-de-michelle\/\" class=\"d-block w-100 h-100\">\n      <picture><source srcset=\"https:\/\/assets.lightsourcebp.staging.1int.co.uk\/app\/uploads\/2022\/11\/29192010\/Michelle-Mello-2.jpeg 960w, https:\/\/assets.lightsourcebp.staging.1int.co.uk\/app\/uploads\/2022\/11\/29192010\/Michelle-Mello-2-300x226.jpeg 300w, https:\/\/assets.lightsourcebp.staging.1int.co.uk\/app\/uploads\/2022\/11\/29192010\/Michelle-Mello-2-80x60.jpeg 80w, https:\/\/assets.lightsourcebp.staging.1int.co.uk\/app\/uploads\/2022\/11\/29192010\/Michelle-Mello-2-150x113.jpeg 150w, https:\/\/assets.lightsourcebp.staging.1int.co.uk\/app\/uploads\/2022\/11\/29192010\/Michelle-Mello-2-450x338.jpeg 450w, https:\/\/assets.lightsourcebp.staging.1int.co.uk\/app\/uploads\/2022\/11\/29192010\/Michelle-Mello-2-767x577.jpeg 767w\" sizes=\"\"><img loading=\"lazy\" decoding=\"async\" src=\"https:\/\/assets.lightsourcebp.staging.1int.co.uk\/app\/uploads\/2022\/11\/29192010\/Michelle-Mello-2.jpeg\" alt=\"\" width=\"960\" height=\"722\"><\/picture>\n    <\/a>\n  <\/div>\n      <p class=\"mt-20 mb-10 font-size-paragraph-small\">11 Jun, 2020<\/p>\n    <a class=\"text-decoration-none text-decoration-sm-underline-hover\" href=\"https:\/\/lightsourcebp.staging.1int.co.uk\/br\/news\/vendo-todos-os-lados-a-historia-de-michelle\/\">\n    <h5 class=\"mb-15 fg-color-navy\">Vendo todos os lados, a hist\u00f3ria de Michelle<\/h5>\n  <\/a>\n      <p class=\"mb-15 line-height-level-6\"> <\/p>\n    <p><a href=\"https:\/\/lightsourcebp.staging.1int.co.uk\/br\/news\/vendo-todos-os-lados-a-historia-de-michelle\/\">Leia a hist\u00f3ria <span class=\"ml-10\"><svg xmlns=\"http:\/\/www.w3.org\/2000\/svg\" width=\"8\" height=\"14\" fill=\"none\"><path stroke=\"currentColor\" stroke-linecap=\"round\" stroke-linejoin=\"round\" stroke-width=\"2\" d=\"M1 13l6-6-6-6\"\/><\/svg><\/span><\/a><\/p>\n<\/div>\n                  <div class=\"col-12 col-lg-6 mb-30\">\n  <div class=\"multi-column-cards__image-container\">\n    <a href=\"https:\/\/lightsourcebp.staging.1int.co.uk\/br\/news\/a-lightsource-bp-garante-expansao-brasileira-com-aquisicao-de-portfolio-solar-new\/\" class=\"d-block w-100 h-100\">\n      <picture><source srcset=\"https:\/\/assets.lightsourcebp.staging.1int.co.uk\/app\/uploads\/2023\/01\/27065008\/LightsourceBP_SouthCreak0024-1-1920x800-2-aspect-ratio-315-195.jpg 1026w, https:\/\/assets.lightsourcebp.staging.1int.co.uk\/app\/uploads\/2023\/01\/27065008\/LightsourceBP_SouthCreak0024-1-1920x800-2-aspect-ratio-315-195-300x186.jpg 300w, https:\/\/assets.lightsourcebp.staging.1int.co.uk\/app\/uploads\/2023\/01\/27065008\/LightsourceBP_SouthCreak0024-1-1920x800-2-aspect-ratio-315-195-1024x634.jpg 1024w, https:\/\/assets.lightsourcebp.staging.1int.co.uk\/app\/uploads\/2023\/01\/27065008\/LightsourceBP_SouthCreak0024-1-1920x800-2-aspect-ratio-315-195-80x50.jpg 80w, https:\/\/assets.lightsourcebp.staging.1int.co.uk\/app\/uploads\/2023\/01\/27065008\/LightsourceBP_SouthCreak0024-1-1920x800-2-aspect-ratio-315-195-150x93.jpg 150w, https:\/\/assets.lightsourcebp.staging.1int.co.uk\/app\/uploads\/2023\/01\/27065008\/LightsourceBP_SouthCreak0024-1-1920x800-2-aspect-ratio-315-195-450x279.jpg 450w, https:\/\/assets.lightsourcebp.staging.1int.co.uk\/app\/uploads\/2023\/01\/27065008\/LightsourceBP_SouthCreak0024-1-1920x800-2-aspect-ratio-315-195-767x475.jpg 767w, https:\/\/assets.lightsourcebp.staging.1int.co.uk\/app\/uploads\/2023\/01\/27065008\/LightsourceBP_SouthCreak0024-1-1920x800-2-aspect-ratio-315-195-1000x619.jpg 1000w\" sizes=\"\"><img loading=\"lazy\" decoding=\"async\" src=\"https:\/\/assets.lightsourcebp.staging.1int.co.uk\/app\/uploads\/2023\/01\/27065008\/LightsourceBP_SouthCreak0024-1-1920x800-2-aspect-ratio-315-195.jpg\" alt=\"\" width=\"1026\" height=\"635\"><\/picture>\n    <\/a>\n  <\/div>\n      <p class=\"mt-20 mb-10 font-size-paragraph-small\">04 Jul, 2019<\/p>\n    <a class=\"text-decoration-none text-decoration-sm-underline-hover\" href=\"https:\/\/lightsourcebp.staging.1int.co.uk\/br\/news\/a-lightsource-bp-garante-expansao-brasileira-com-aquisicao-de-portfolio-solar-new\/\">\n    <h5 class=\"mb-15 fg-color-navy\">A Lightsource BP Garante Expans\u00e3o Brasileira com Aquisi\u00e7\u00e3o de Portf\u00f3lio Solar<\/h5>\n  <\/a>\n      <p class=\"mb-15 line-height-level-6\"> <\/p>\n    <p><a href=\"https:\/\/lightsourcebp.staging.1int.co.uk\/br\/news\/a-lightsource-bp-garante-expansao-brasileira-com-aquisicao-de-portfolio-solar-new\/\">Leia a hist\u00f3ria <span class=\"ml-10\"><svg xmlns=\"http:\/\/www.w3.org\/2000\/svg\" width=\"8\" height=\"14\" fill=\"none\"><path stroke=\"currentColor\" stroke-linecap=\"round\" stroke-linejoin=\"round\" stroke-width=\"2\" d=\"M1 13l6-6-6-6\"\/><\/svg><\/span><\/a><\/p>\n<\/div>\n                  <\/div>\n  <\/div>\n\n  <div class=\"pt-30 pt-lg-50\"><\/div>\n<\/section>\n\n\n<section class=\"fifty-fifty align block_6861edb12c5f568eb73719188cb740dd block bg-color-white position-relative z-1 overflow-hidden\">\n        <div class=\"pt-60 pt-lg-100\"><\/div>\n\n    \n    <div class=\"fifty-fifty__row\">\n      <div class=\"container \">\n        <div class=\"row align-items-center\">\n                      <div class=\"col-12 col-lg-6 col-xl-6 align-self-center fifty-left d-flex flex-column order-2 order-lg-1\">\n                                                                                                                  <div class=\"flex flex-column w-100 mb-30 fifty-fifty__video\">\n                    <div class=\"video video--third-party ratio ratio-16x9 position-relative no-highlight\">\n  <div class=\"video__poster position-absolute w-100 h-100 left-0 top-0 bg-color-red z-1\">\n          <picture><source srcset=\"https:\/\/assets.lightsourcebp.staging.1int.co.uk\/app\/uploads\/2022\/12\/26212504\/bem-the-change-video-2.jpg 624w, https:\/\/assets.lightsourcebp.staging.1int.co.uk\/app\/uploads\/2022\/12\/26212504\/bem-the-change-video-2-300x169.jpg 300w, https:\/\/assets.lightsourcebp.staging.1int.co.uk\/app\/uploads\/2022\/12\/26212504\/bem-the-change-video-2-80x45.jpg 80w, https:\/\/assets.lightsourcebp.staging.1int.co.uk\/app\/uploads\/2022\/12\/26212504\/bem-the-change-video-2-150x84.jpg 150w, https:\/\/assets.lightsourcebp.staging.1int.co.uk\/app\/uploads\/2022\/12\/26212504\/bem-the-change-video-2-450x253.jpg 450w\" sizes=\"(max-width: 450px) calc(100vw - 24px), (min-width: 450px) and (max-width: 575.98px) 551px, (min-width: 576px) and (max-width: 767.98px) 516px, (min-width: 768px) and (max-width: 991.98px) 696px, (min-width: 992px) and (max-width: 1199.98px) 456px, (min-width: 1200px) and (max-width: 1399.98px) 546px, (min-width: 1400px) 636px\"><img loading=\"lazy\" decoding=\"async\" src=\"https:\/\/assets.lightsourcebp.staging.1int.co.uk\/app\/uploads\/2022\/12\/26212504\/bem-the-change-video-2.jpg\" alt=\"\" width=\"624\" height=\"351\" class=\"d-flex mw-100 w-100 h-auto fit-cover rounded-10px\"><\/picture>\n      <\/div>\n\n  <button class=\"video__play-button bottom-0 position-absolute z-2 p-0 border-none transition-500 w-auto h-auto top-auto\">\n    <i class=\"fg-color-off-white\">\n      <svg xmlns=\"http:\/\/www.w3.org\/2000\/svg\" width=\"79\" height=\"79\" fill=\"none\"><path fill=\"url(#playIcon)\" d=\"M0 0h79v79H0V0z\"\/><path fill=\"#fff\" d=\"M29.625 29.269a1 1 0 011.543-.84L46.98 38.66a1 1 0 010 1.68L31.168 50.57a1 1 0 01-1.543-.839V29.27z\"\/><defs><linearGradient id=\"playIcon\" x1=\"0\" x2=\"107.528\" y1=\"79\" y2=\"-2.194\" gradientUnits=\"userSpaceOnUse\"><stop stop-color=\"#DF1995\"\/><stop offset=\"1\" stop-color=\"#FE5000\"\/><\/linearGradient><\/defs><\/svg>\n    <\/i>\n  <\/button>\n\n  <iframe\n  class=\"video__iframe position-absolute w-100 h-100 left-0 top-0 transition-500\"\n  data-src=\"https:\/\/www.youtube-nocookie.com\/embed\/NmB53Pdy-Bg?autoplay=1&amp;controls=1&amp;rel=0\"\n  data-title=\"Seja a Mudan\u00e7a | Lightsource bp\"\n  frameBorder=\"0\"\n  width=\"100%\" height=\"100%\"\n  allow=\"autoplay; encrypted-media\"\n  allowFullScreen=\"true\"\n  webkitallowfullscreen=\"true\"\n  mozallowfullscreen=\"true\"><\/iframe>\n<\/div>\n                  <\/div>\n                                                                          <\/div>\n                                <div class=\"col-12 col-lg-6 col-xl-5 offset-xl-1 align-self-center fifty-right d-flex flex-column mb-lg-0 mt-lg-0 order-1 order-lg-1  mb-15 \">\n                                                                  <h3 class=\"mb-20 \">Buscar vagas<\/h3>\n                                                                                                                                                                                <div class=\"flex flex-column w-100 line-height-level-6 mb-15 fifty-fifty__text font-size-paragraph-large  fg-color-navy-text \">\n\n                    <p>Todo mundo tem uma hist\u00f3ria e quer\u00edamos compartilhar algumas com voc\u00ea. Leia sobre as jornadas e experi\u00eancias da vida real de pessoas que se unem para formar a fam\u00edlia Lightsource bp no Brasil.<\/p>\n<p>Se voc\u00ea est\u00e1 procurando uma oportunidade de trabalho, visite nossa se\u00e7\u00e3o de carreiras para saber mais sobre quem somos, no que acreditamos e o que podemos oferecer a voc\u00ea.<\/p>\n\n                  <\/div>\n                                                                                                                                                                                                  <div class=\"d-inline-flex w-100 button-container mb-15\">\n                    <a class=\"button button--gradient my-0 mr-auto\" href=\"https:\/\/careers.lightsourcebp.com\/go\/View-All-Jobs\/8639602\/?locale=en_GB\" target=\"_blank\"><span>Buscar vagas<\/span> <svg xmlns=\"http:\/\/www.w3.org\/2000\/svg\" width=\"8\" height=\"14\" fill=\"none\"><path stroke=\"currentColor\" stroke-linecap=\"round\" stroke-linejoin=\"round\" stroke-width=\"2\" d=\"m1 13 6-6-6-6\"\/><\/svg><\/a>\n                  <\/div>\n                                                                                                          <\/div>\n                  <\/div>\n      <\/div>\n    <\/div>\n\n  <div class=\"pt-60 pt-lg-100\"><\/div>\n  <\/section>\n","protected":false},"excerpt":{"rendered":"","protected":false},"author":1,"featured_media":0,"parent":0,"menu_order":0,"comment_status":"closed","ping_status":"closed","template":"","meta":{"_acf_changed":false,"inline_featured_image":false,"footnotes":""},"class_list":["post-162807","page","type-page","status-publish","hentry"],"acf":[],"aioseo_notices":[],"_links":{"self":[{"href":"https:\/\/lightsourcebp.staging.1int.co.uk\/br\/wp-json\/wp\/v2\/pages\/162807","targetHints":{"allow":["GET"]}}],"collection":[{"href":"https:\/\/lightsourcebp.staging.1int.co.uk\/br\/wp-json\/wp\/v2\/pages"}],"about":[{"href":"https:\/\/lightsourcebp.staging.1int.co.uk\/br\/wp-json\/wp\/v2\/types\/page"}],"author":[{"embeddable":true,"href":"https:\/\/lightsourcebp.staging.1int.co.uk\/br\/wp-json\/wp\/v2\/users\/1"}],"replies":[{"embeddable":true,"href":"https:\/\/lightsourcebp.staging.1int.co.uk\/br\/wp-json\/wp\/v2\/comments?post=162807"}],"version-history":[{"count":11,"href":"https:\/\/lightsourcebp.staging.1int.co.uk\/br\/wp-json\/wp\/v2\/pages\/162807\/revisions"}],"predecessor-version":[{"id":328026,"href":"https:\/\/lightsourcebp.staging.1int.co.uk\/br\/wp-json\/wp\/v2\/pages\/162807\/revisions\/328026"}],"wp:attachment":[{"href":"https:\/\/lightsourcebp.staging.1int.co.uk\/br\/wp-json\/wp\/v2\/media?parent=162807"}],"curies":[{"name":"wp","href":"https:\/\/api.w.org\/{rel}","templated":true}]}}