{"id":162810,"date":"2022-10-20T13:15:22","date_gmt":"2022-10-20T13:15:22","guid":{"rendered":""},"modified":"2026-01-05T11:15:16","modified_gmt":"2026-01-05T11:15:16","slug":"projetos","status":"publish","type":"page","link":"https:\/\/lightsourcebp.staging.1int.co.uk\/br\/projetos\/","title":{"rendered":"Nossos projetos"},"content":{"rendered":"<section class=\"block-page-title bg-color-white\">\n  <div class=\"pt-60 pt-lg-100\"><\/div>\n\n  <div class=\"container\">\n    <div class=\"row\">\n      <div class=\"col-12\">\n                <h1 class=\"fg-color-gradient\">Nossos projetos<\/h1>\n      <\/div>\n    <\/div>\n  <\/div>\n\n  <div class=\"pt-60 pt-lg-100\"><\/div>\n<\/section>\n  \n\n\n<section class=\"banner-single position-relative\">\n  <div class=\"container-fluid\">\n    <div class=\"row\">\n      <div class=\"col-12 px-0\">\n                <div class=\"position-relative w-100 h-100 aspect-ratio-banner object-fit-cover\">\n          <picture>\n                    <source srcset=\"https:\/\/assets.lightsourcebp.staging.1int.co.uk\/app\/uploads\/2023\/08\/02150358\/ND0A0964-Complexo-Solar-Milagres-450x183.png, https:\/\/assets.lightsourcebp.staging.1int.co.uk\/app\/uploads\/2023\/08\/02150358\/ND0A0964-Complexo-Solar-Milagres-1000x407.png 2x\"\n                          media=\"(max-width: 575px)\">\n                    <source srcset=\"https:\/\/assets.lightsourcebp.staging.1int.co.uk\/app\/uploads\/2023\/08\/02150358\/ND0A0964-Complexo-Solar-Milagres-1000x407.png, https:\/\/assets.lightsourcebp.staging.1int.co.uk\/app\/uploads\/2023\/08\/02150358\/ND0A0964-Complexo-Solar-Milagres-1920x781.png 2x\"\n                          media=\"(min-width: 576px) and (max-width: 991px)\">\n                    <source srcset=\"https:\/\/assets.lightsourcebp.staging.1int.co.uk\/app\/uploads\/2023\/08\/02150358\/ND0A0964-Complexo-Solar-Milagres.png, https:\/\/assets.lightsourcebp.staging.1int.co.uk\/app\/uploads\/2023\/08\/02150358\/ND0A0964-Complexo-Solar-Milagres.png 2x\"\n                          media=\"(min-width: 992px)\">\n                    <img loading=\"lazy\" decoding=\"async\" src=\"https:\/\/assets.lightsourcebp.staging.1int.co.uk\/app\/uploads\/2023\/08\/02150358\/ND0A0964-Complexo-Solar-Milagres.png\" alt=\"\"\n                       srcset=\"https:\/\/assets.lightsourcebp.staging.1int.co.uk\/app\/uploads\/2023\/08\/02150358\/ND0A0964-Complexo-Solar-Milagres.png 2x\"\n                       sizes=\"auto, 100vw\"\n                       class=\"position-absolute w-100 h-100 left-0 top-0 object-fit-cover\"\n                       width=\"1998\"\n                       height=\"813\">\n                <\/picture>\n        <\/div>\n              <\/div>\n    <\/div>\n  <\/div>\n<\/section>\n\n\n<section class=\"fifty-fifty align block_acf-block-695b9d433c1b7 block bg-color-white position-relative z-1 overflow-hidden\">\n        <div class=\"pt-60 pt-lg-100\"><\/div>\n\n    \n    <div class=\"fifty-fifty__row\">\n      <div class=\"container \">\n        <div class=\"row align-items-center\">\n                      <div class=\"col-12 col-lg-6 col-xl-5 align-self-center fifty-left d-flex flex-column order-2 order-lg-1\">\n                                                                <div class=\"flex flex-column w-100 line-height-level-6 mb-15 fifty-fifty__text font-size-paragraph-medium  fg-color-navy-text \">\n                    <h2>Promovendo o avan\u00e7o da energia solar no Brasil<\/h2>\n<p>Na Lightsource bp, estamos trabalhando para aumentar a diversifica\u00e7\u00e3o e a seguran\u00e7a energ\u00e9tica do Brasil, ao mesmo tempo em que ajudamos a reduzir os custos de eletricidade por meio de energia solar limpa, segura e acess\u00edvel para empresas e comunidades.\u00a0O projetos abaixo representa parte do nosso portf\u00f3lio no Brasil.<\/p>\n\n                  <\/div>\n                                                                                                          <\/div>\n                                <div class=\"col-12 col-lg-6 col-xl-6 offset-xl-1 align-self-center fifty-right d-flex flex-column mb-lg-0 mt-lg-0 order-3 order-lg-1  mt-15 \">\n                                                                                                                <div class=\"flex flex-column w-100 mb-30 fifty-fifty__image\">\n                    <picture><source srcset=\"https:\/\/assets.lightsourcebp.staging.1int.co.uk\/app\/uploads\/2023\/08\/02150702\/DJI_0060-scaled.jpg 2560w, https:\/\/assets.lightsourcebp.staging.1int.co.uk\/app\/uploads\/2023\/08\/02150702\/DJI_0060-300x169.jpg 300w, https:\/\/assets.lightsourcebp.staging.1int.co.uk\/app\/uploads\/2023\/08\/02150702\/DJI_0060-1024x576.jpg 1024w, https:\/\/assets.lightsourcebp.staging.1int.co.uk\/app\/uploads\/2023\/08\/02150702\/DJI_0060-80x45.jpg 80w, https:\/\/assets.lightsourcebp.staging.1int.co.uk\/app\/uploads\/2023\/08\/02150702\/DJI_0060-150x84.jpg 150w, https:\/\/assets.lightsourcebp.staging.1int.co.uk\/app\/uploads\/2023\/08\/02150702\/DJI_0060-450x253.jpg 450w, https:\/\/assets.lightsourcebp.staging.1int.co.uk\/app\/uploads\/2023\/08\/02150702\/DJI_0060-767x431.jpg 767w, https:\/\/assets.lightsourcebp.staging.1int.co.uk\/app\/uploads\/2023\/08\/02150702\/DJI_0060-1000x563.jpg 1000w, https:\/\/assets.lightsourcebp.staging.1int.co.uk\/app\/uploads\/2023\/08\/02150702\/DJI_0060-1200x675.jpg 1200w, https:\/\/assets.lightsourcebp.staging.1int.co.uk\/app\/uploads\/2023\/08\/02150702\/DJI_0060-1600x900.jpg 1600w, https:\/\/assets.lightsourcebp.staging.1int.co.uk\/app\/uploads\/2023\/08\/02150702\/DJI_0060-1920x1080.jpg 1920w\" sizes=\"100vw\"><img loading=\"lazy\" decoding=\"async\" src=\"https:\/\/assets.lightsourcebp.staging.1int.co.uk\/app\/uploads\/2023\/08\/02150702\/DJI_0060-scaled.jpg\" alt=\"\" width=\"2560\" height=\"1440\" class=\"d-flex max-w-100 w-100 h-auto mx-auto fit-cover rounded-10px\"><\/picture>\n                  <\/div>\n                                                                                                                <div class=\"flex flex-column w-100 line-height-level-6 mb-15 fifty-fifty__text font-size-paragraph-medium  fg-color-navy-text \">\n\n                    <h3>O Projeto Solar Milagres<\/h3>\n<p><strong>212 MWp no Cear\u00e1<\/strong><\/p>\n<p>O Solar Milagres da Lightsource bp \u00e9 composto por cinco usinas fotovoltaicas localizadas no municipio de Abaiara e ocupa uma \u00e1rea total de 387 ha.<\/p>\n\n                  <\/div>\n                                                                                                                                                                                                  <div class=\"d-inline-flex w-100 button-container mb-15\">\n                    <a class=\"button button--gradient my-0 mr-auto\" href=\"https:\/\/lightsourcebp.staging.1int.co.uk\/br\/project\/milagres-solar\/\" target=\"_self\"><span>SAIBA MAIS<\/span> <svg xmlns=\"http:\/\/www.w3.org\/2000\/svg\" width=\"8\" height=\"14\" fill=\"none\"><path stroke=\"currentColor\" stroke-linecap=\"round\" stroke-linejoin=\"round\" stroke-width=\"2\" d=\"m1 13 6-6-6-6\"\/><\/svg><\/a>\n                  <\/div>\n                                                                                                          <\/div>\n                  <\/div>\n      <\/div>\n    <\/div>\n\n  <div class=\"pt-50 pt-lg-50\"><\/div>\n  <\/section>\n\n\n<section class=\"contact-form align block_63920bab47869 block call-to-action\">\n  \n  <div class=\"container-fluid z-2\">\n    <div class=\"row\">\n      <div class=\"col-12 col-lg-6 px-0 position-relative\">\n        <picture><source srcset=\"https:\/\/assets.lightsourcebp.staging.1int.co.uk\/app\/uploads\/2022\/12\/26225004\/IL20220516231859-Impact_Solar_Landscape_0677-scaled-1920x800-1-aspect-ratio-1550-600-1-1.jpg 680w, https:\/\/assets.lightsourcebp.staging.1int.co.uk\/app\/uploads\/2022\/12\/26225004\/IL20220516231859-Impact_Solar_Landscape_0677-scaled-1920x800-1-aspect-ratio-1550-600-1-1-274x300.jpg 274w, https:\/\/assets.lightsourcebp.staging.1int.co.uk\/app\/uploads\/2022\/12\/26225004\/IL20220516231859-Impact_Solar_Landscape_0677-scaled-1920x800-1-aspect-ratio-1550-600-1-1-80x88.jpg 80w, https:\/\/assets.lightsourcebp.staging.1int.co.uk\/app\/uploads\/2022\/12\/26225004\/IL20220516231859-Impact_Solar_Landscape_0677-scaled-1920x800-1-aspect-ratio-1550-600-1-1-150x164.jpg 150w, https:\/\/assets.lightsourcebp.staging.1int.co.uk\/app\/uploads\/2022\/12\/26225004\/IL20220516231859-Impact_Solar_Landscape_0677-scaled-1920x800-1-aspect-ratio-1550-600-1-1-300x328.jpg 300w, https:\/\/assets.lightsourcebp.staging.1int.co.uk\/app\/uploads\/2022\/12\/26225004\/IL20220516231859-Impact_Solar_Landscape_0677-scaled-1920x800-1-aspect-ratio-1550-600-1-1-450x492.jpg 450w\" sizes=\"\"><img loading=\"lazy\" decoding=\"async\" src=\"https:\/\/assets.lightsourcebp.staging.1int.co.uk\/app\/uploads\/2022\/12\/26225004\/IL20220516231859-Impact_Solar_Landscape_0677-scaled-1920x800-1-aspect-ratio-1550-600-1-1.jpg\" alt=\"\" width=\"680\" height=\"744\" class=\"w-101 h-auto h-sm-100 object-fit-cover ml-15px\"><\/picture>\n        <div class=\"contact-form__overlap-text position-absolute bg-color-white top-35px top-sm-100px left-5 left-md-15 w-90 w-md-70 py-50 px-15 px-md-65\">\n                      <h2>Fale conosco <br>\n<\/h2>\n                    <p class=\"line-height-level-6 font-size-paragraph-large\">Para saber mais sobre esse ou outros projetos, entre em contato conosco no e-mail brasil@lightsourcebp.com. \r\n\r\nAguardamos o seu contato. <\/p>\n                      <a class=\"d-flex flex-row flex-middle fg-color-orange text-decoration-none text-decoration-underline-hover font-weight-bold\" href=\"mailto:brasil@lightsourcebp.com\"><svg xmlns=\"http:\/\/www.w3.org\/2000\/svg\" width=\"24\" height=\"25\" fill=\"none\"><path stroke=\"#E0D9E9\" stroke-linecap=\"round\" stroke-linejoin=\"round\" stroke-width=\"2\" d=\"M4 4.54h16c1.1 0 2 .9 2 2v12c0 1.1-.9 2-2 2H4c-1.1 0-2-.9-2-2v-12c0-1.1.9-2 2-2Z\"\/><path stroke=\"#E0D9E9\" stroke-linecap=\"round\" stroke-linejoin=\"round\" stroke-width=\"2\" d=\"m22 6.54-10 7-10-7\"\/><\/svg>\n <span class=\"ml-15\">brasil@lightsourcebp.com<\/span><\/a>\n                            <\/div>\n      <\/div>\n      <div class=\"col-12 col-lg-6 bg-color-gradient fg-color-navy position-relative z-1 overflow-hidden\">\n\n        <img decoding=\"async\" class=\"position-absolute top-n20 right-n125 right-sm-n100 right-md-n80 right-xl-n68 rotate-230 -z-1\" src=\"https:\/\/lightsourcebp.staging.1int.co.uk\/app\/themes\/lightsourcebp-theme\/dist\/images\/global\/background-swirls-alt-red_935dfcd0.png\" alt=\"\" \/>\n\n        <div class=\"d-flex flex-column flex-center px-15 px-md-100 py-40 py-lg-100\">\n                      <div class=\"row flex-center\">\n              <p class=\"fg-color-white font-weight-bold mb-30\">*indica campo obrigat\u00f3rio<\/p>\n              <form novalidate action=\"https:\/\/lightsourcebp.staging.1int.co.uk\/br\/forms\/contact-form\/#contact-form_63920bab47869\" class=\"form d-flex flex-wrap text-left \" data-id=\"123143\" enctype=\"multipart\/form-data\">\n\n          <div id=\"tipo-de-consulta\" class=\"form__input-row d-flex flex-column mb-20 position-relative form__input-row--full  form__input-row--select \">\n          <label class=\"form__label user-select-none mb-12 font-weight-bold font-size-paragraph-small fg-color-white\" for=\"tipo-de-consulta_123143\">Tipo de consulta<span class=\"form__required-indicator\">*<\/span><\/label>\n    \n    <div class=\"position-relative w-100\">\n  <select\n    id=\"tipo-de-consulta_123143\"\n    class=\"form__select form__select--unselected pl-20 pr-50 py-14\"\n    name=\"tipo-de-consulta\"\n    data-field-label=\"Tipo de consulta&lt;span class=&quot;form__required-indicator&quot;&gt;*&lt;\/span&gt;\"\n  \/>\n    <option value=\"\" disabled 1>Please choose<\/option>\n          <option value=\"Informa\u00e7\u00e3o sobre arrendamento de terrenos\" >Informa\u00e7\u00e3o sobre arrendamento de terrenos<\/option>\n          <option value=\"Informa\u00e7\u00e3o sobre PPAs \/ compra de energia\" >Informa\u00e7\u00e3o sobre PPAs \/ compra de energia<\/option>\n          <option value=\"Informa\u00e7\u00e3o sobre projetos\" >Informa\u00e7\u00e3o sobre projetos<\/option>\n          <option value=\"Informa\u00e7\u00e3o geral\" >Informa\u00e7\u00e3o geral<\/option>\n          <option value=\"Informa\u00e7\u00e3o sobre oportunidades profissionais\" >Informa\u00e7\u00e3o sobre oportunidades profissionais<\/option>\n      <\/select>\n  <div class=\"pointer-events-none position-absolute d-flex flex-center flex-middle w-70px h-100 top-1px right-0 fg-color-white\">\n    \n  <\/div>\n<\/div>\n  <\/div>\n\n          <div id=\"o-seu-nome\" class=\"form__input-row d-flex flex-column mb-20 position-relative form__input-row--full  form__input-row--text \">\n          <label class=\"form__label user-select-none mb-12 font-weight-bold font-size-paragraph-small fg-color-white\" for=\"o-seu-nome_123143\">O seu nome<span class=\"form__required-indicator\">*<\/span><\/label>\n    \n    <input\n  id=\"o-seu-nome_123143\"\n  class=\"form__input h-55px w-100 px-20 py-10\"\n  type=\"text\"\n  name=\"o-seu-nome\"\n  placeholder=\"\"\n  value=\"\"\n\/>\n  <\/div>\n\n          <div id=\"endereco-de-e-mail\" class=\"form__input-row d-flex flex-column mb-20 position-relative form__input-row--full  form__input-row--text \">\n          <label class=\"form__label user-select-none mb-12 font-weight-bold font-size-paragraph-small fg-color-white\" for=\"endereco-de-e-mail_123143\">Endere\u00e7o de e-mail<span class=\"form__required-indicator\">*<\/span><\/label>\n    \n    <input\n  id=\"endereco-de-e-mail_123143\"\n  class=\"form__input h-55px w-100 px-20 py-10\"\n  type=\"text\"\n  name=\"endereco-de-e-mail\"\n  placeholder=\"\"\n  value=\"\"\n\/>\n  <\/div>\n\n          <div id=\"organizacao\" class=\"form__input-row d-flex flex-column mb-20 position-relative form__input-row--full  form__input-row--text \">\n          <label class=\"form__label user-select-none mb-12 font-weight-bold font-size-paragraph-small fg-color-white\" for=\"organizacao_123143\">Organiza\u00e7\u00e3o<\/label>\n    \n    <input\n  id=\"organizacao_123143\"\n  class=\"form__input h-55px w-100 px-20 py-10\"\n  type=\"text\"\n  name=\"organizacao\"\n  placeholder=\"\"\n  value=\"\"\n\/>\n  <\/div>\n\n          <div id=\"mensagem\" class=\"form__input-row d-flex flex-column mb-20 position-relative form__input-row--full  form__input-row--textarea \">\n          <label class=\"form__label user-select-none mb-12 font-weight-bold font-size-paragraph-small fg-color-white\" for=\"mensagem_123143\">Mensagem<span class=\"form__required-indicator\">*<\/span><\/label>\n    \n    <textarea\n  id=\"mensagem_123143\"\n  class=\"form__textarea w-100 position-relative px-20 py-22\"\n  name=\"mensagem\"\n  placeholder=\"\"\n  rows=\"2\"\n>\n<\/textarea>\n  <\/div>\n\n    \n    \n    <div class=\"form__input-row form__input-row--recaptcha form__input-row--full form__input-row--last relative d-flex justify-content-sm-center\">\n      <div name=\"recaptcha\" class=\"g-recaptcha\"><\/div>\n    <\/div>\n\n    <div class=\"d-flex mt-10\">\n      <div class=\"d-flex flex-column\">\n                  <div id=\"concordo\" class=\"form__input-row d-flex flex-column mb-20 position-relative form__input-row--inline-with-button  form__input-row--checkbox pr-0 pr-md-10\">\n          <label class=\"form__label user-select-none mb-12 font-weight-bold font-size-paragraph-small fg-color-white d-none\" for=\"concordo_123143\">Concordo<span class=\"form__required-indicator\">*<\/span><\/label>\n    \n    <input\n    id=\"concordo_123143\"\n    class=\"position-absolute\"\n    name=\"concordo[]\"\n    type=\"checkbox\"\n    aria-label=\"\"\n  \/>\n\n  <label class=\"form__checkbox-label  font-size-body user-select-none m-0 position-relative d-block pl-50 fg-color-white\" for=\"concordo_123143\">\n    Eu concordo com os<a href=\"https:\/\/lightsourcebp.staging.1int.co.uk\/terms-and-conditions\/\"> termos e condi\u00e7\u00f5es<\/a> da Lightsource bp\n\n\n      <\/label>\n\n  <\/div>\n\n        \n        <div class=\"d-inline-flex w-100 button-container mt-20\">\n          <button class=\"form__submit-button button button--gradient my-0 mr-auto my-0\" href=\"\"><span class=\"button__text\">Enviar mensagem<\/span> <svg xmlns=\"http:\/\/www.w3.org\/2000\/svg\" width=\"24\" height=\"25\" fill=\"none\"><path stroke=\"currentColor\" stroke-linecap=\"round\" stroke-linejoin=\"round\" stroke-width=\"2\" d=\"m20 4.54-9 9m9-9-5.6 16-3.2-7.2-7.2-3.2 16-5.6Z\"\/><\/svg>\n<\/button>\n        <\/div>\n\n      <\/div>\n    <\/div>\n  <\/form>\n            <\/div>\n                  <\/div>\n      <\/div>\n    <\/div>\n  <\/div>\n<\/section>\n\n","protected":false},"excerpt":{"rendered":"","protected":false},"author":1,"featured_media":283171,"parent":0,"menu_order":0,"comment_status":"closed","ping_status":"closed","template":"","meta":{"_acf_changed":false,"inline_featured_image":false,"footnotes":""},"class_list":["post-162810","page","type-page","status-publish","has-post-thumbnail","hentry"],"acf":[],"aioseo_notices":[],"_links":{"self":[{"href":"https:\/\/lightsourcebp.staging.1int.co.uk\/br\/wp-json\/wp\/v2\/pages\/162810","targetHints":{"allow":["GET"]}}],"collection":[{"href":"https:\/\/lightsourcebp.staging.1int.co.uk\/br\/wp-json\/wp\/v2\/pages"}],"about":[{"href":"https:\/\/lightsourcebp.staging.1int.co.uk\/br\/wp-json\/wp\/v2\/types\/page"}],"author":[{"embeddable":true,"href":"https:\/\/lightsourcebp.staging.1int.co.uk\/br\/wp-json\/wp\/v2\/users\/1"}],"replies":[{"embeddable":true,"href":"https:\/\/lightsourcebp.staging.1int.co.uk\/br\/wp-json\/wp\/v2\/comments?post=162810"}],"version-history":[{"count":30,"href":"https:\/\/lightsourcebp.staging.1int.co.uk\/br\/wp-json\/wp\/v2\/pages\/162810\/revisions"}],"predecessor-version":[{"id":480066,"href":"https:\/\/lightsourcebp.staging.1int.co.uk\/br\/wp-json\/wp\/v2\/pages\/162810\/revisions\/480066"}],"wp:featuredmedia":[{"embeddable":true,"href":"https:\/\/lightsourcebp.staging.1int.co.uk\/br\/wp-json\/wp\/v2\/media\/283171"}],"wp:attachment":[{"href":"https:\/\/lightsourcebp.staging.1int.co.uk\/br\/wp-json\/wp\/v2\/media?parent=162810"}],"curies":[{"name":"wp","href":"https:\/\/api.w.org\/{rel}","templated":true}]}}