{"id":162815,"date":"2022-09-20T09:10:04","date_gmt":"2022-09-20T09:10:04","guid":{"rendered":"https:\/\/lightsourcebp.staging.1int.co.uk\/contact\/"},"modified":"2023-11-08T14:50:59","modified_gmt":"2023-11-08T14:50:59","slug":"contato","status":"publish","type":"page","link":"https:\/\/lightsourcebp.staging.1int.co.uk\/br\/contato\/","title":{"rendered":"Contato"},"content":{"rendered":"<section class=\"block-page-title bg-color-white\">\n  <div class=\"pt-60 pt-lg-100\"><\/div>\n\n  <div class=\"container\">\n    <div class=\"row\">\n      <div class=\"col-12\">\n                <h1 class=\"fg-color-gradient\">Entre em contato conosco<\/h1>\n      <\/div>\n    <\/div>\n  <\/div>\n\n  <div class=\"pt-60 pt-lg-0\"><\/div>\n<\/section>\n  \n\n\n<section class=\"fifty-fifty align block_a527bd6c51b2b8a1186e30dc0cbbfc46 block bg-color-white position-relative z-1 overflow-hidden\">\n        <div class=\"pt-60 pt-lg-100\"><\/div>\n\n    \n    <div class=\"fifty-fifty__row\">\n      <div class=\"container \">\n        <div class=\"row align-items-center\">\n                      <div class=\"col-12 col-lg-6 align-self-center fifty-left d-flex flex-column order-2 order-lg-1\">\n                                                                <div class=\"flex flex-column w-100 line-height-level-6 mb-15 fifty-fifty__text font-size-paragraph-medium  fg-color-navy-text \">\n                    <h2 class=\"mb-20 \">Centro de imprensa<\/h2>\n<div class=\"flex flex-column w-100 line-height-level-6 mb-15 fifty-fifty__text font-size-paragraph-medium  fg-color-navy-text \">\n<p>Se voc\u00ea \u00e9 um membro da m\u00eddia e gostaria de saber mais sobre nossas \u00faltimas not\u00edcias ou entrar em contato com um membro de nossa equipe de imprensa, visite nosso centro de imprensa.<\/p>\n<\/div>\n\n                  <\/div>\n                                                                                                                                                                                  <div class=\"d-inline-flex w-100 button-container mb-15\">\n                    <a class=\"button button--gradient my-0 mr-auto\" href=\"https:\/\/lightsourcebp.staging.1int.co.uk\/br\/centro-de-imprensa\/\" target=\"_self\"><span>Centro de imprensa<\/span> <svg xmlns=\"http:\/\/www.w3.org\/2000\/svg\" width=\"8\" height=\"14\" fill=\"none\"><path stroke=\"currentColor\" stroke-linecap=\"round\" stroke-linejoin=\"round\" stroke-width=\"2\" d=\"m1 13 6-6-6-6\"\/><\/svg><\/a>\n                  <\/div>\n                                                                                          <\/div>\n                            <\/div>\n      <\/div>\n    <\/div>\n\n  <div class=\"pt-60 pt-lg-100\"><\/div>\n  <\/section>\n\n\n<section class=\"contact-form align block_a6d01b63050ee6d6a51cea75014e3c64 block call-to-action\">\n  \n  <div class=\"container-fluid z-2\">\n    <div class=\"row\">\n      <div class=\"col-12 col-lg-6 px-0 position-relative\">\n        <picture><source srcset=\"https:\/\/assets.lightsourcebp.staging.1int.co.uk\/app\/uploads\/2022\/10\/26234012\/find-out-more-image-min.jpg 770w, https:\/\/assets.lightsourcebp.staging.1int.co.uk\/app\/uploads\/2022\/10\/26234012\/find-out-more-image-min-276x300.jpg 276w, https:\/\/assets.lightsourcebp.staging.1int.co.uk\/app\/uploads\/2022\/10\/26234012\/find-out-more-image-min-80x87.jpg 80w, https:\/\/assets.lightsourcebp.staging.1int.co.uk\/app\/uploads\/2022\/10\/26234012\/find-out-more-image-min-150x163.jpg 150w, https:\/\/assets.lightsourcebp.staging.1int.co.uk\/app\/uploads\/2022\/10\/26234012\/find-out-more-image-min-300x326.jpg 300w, https:\/\/assets.lightsourcebp.staging.1int.co.uk\/app\/uploads\/2022\/10\/26234012\/find-out-more-image-min-450x489.jpg 450w, https:\/\/assets.lightsourcebp.staging.1int.co.uk\/app\/uploads\/2022\/10\/26234012\/find-out-more-image-min-767x834.jpg 767w\" sizes=\"\"><img loading=\"lazy\" decoding=\"async\" src=\"https:\/\/assets.lightsourcebp.staging.1int.co.uk\/app\/uploads\/2022\/10\/26234012\/find-out-more-image-min.jpg\" alt=\"\" width=\"770\" height=\"837\" class=\"w-101 h-auto h-sm-100 object-fit-cover ml-15px\"><\/picture>\n        <div class=\"contact-form__overlap-text position-absolute bg-color-white top-35px top-sm-100px left-5 left-md-15 w-90 w-md-70 py-50 px-15 px-md-65\">\n                    <p class=\"line-height-level-6 font-size-paragraph-large\">N\u00f3s estamos sempre prontos para responder qualquer pergunta. Voc\u00ea pode nos contactar via brasil@lightsourcebp.com\r\nAlternativamente, voc\u00ea pode preencher o formul\u00e1rio e entraremos em contato com voc\u00ea.\r\n\r\nFaremos o nosso melhor para responder em at\u00e9 dois dias uteis.<\/p>\n                      <a class=\"d-flex flex-row flex-middle fg-color-orange text-decoration-none text-decoration-underline-hover font-weight-bold\" href=\"mailto:brasil@lightsourcebp.com\"><svg xmlns=\"http:\/\/www.w3.org\/2000\/svg\" width=\"24\" height=\"25\" fill=\"none\"><path stroke=\"#E0D9E9\" stroke-linecap=\"round\" stroke-linejoin=\"round\" stroke-width=\"2\" d=\"M4 4.54h16c1.1 0 2 .9 2 2v12c0 1.1-.9 2-2 2H4c-1.1 0-2-.9-2-2v-12c0-1.1.9-2 2-2Z\"\/><path stroke=\"#E0D9E9\" stroke-linecap=\"round\" stroke-linejoin=\"round\" stroke-width=\"2\" d=\"m22 6.54-10 7-10-7\"\/><\/svg>\n <span class=\"ml-15\">brasil@lightsourcebp.com<\/span><\/a>\n                            <\/div>\n      <\/div>\n      <div class=\"col-12 col-lg-6 bg-color-gradient fg-color-navy position-relative z-1 overflow-hidden\">\n\n        <img decoding=\"async\" class=\"position-absolute top-n20 right-n125 right-sm-n100 right-md-n80 right-xl-n68 rotate-230 -z-1\" src=\"https:\/\/lightsourcebp.staging.1int.co.uk\/app\/themes\/lightsourcebp-theme\/dist\/images\/global\/background-swirls-alt-red_935dfcd0.png\" alt=\"\" \/>\n\n        <div class=\"d-flex flex-column flex-center px-15 px-md-100 py-40 py-lg-100\">\n                      <div class=\"row flex-center\">\n              <p class=\"fg-color-white font-weight-bold mb-30\">*indica campo obrigat\u00f3rio<\/p>\n              <form novalidate action=\"https:\/\/lightsourcebp.staging.1int.co.uk\/br\/forms\/contact-form\/#contact-form_a6d01b63050ee6d6a51cea75014e3c64\" class=\"form d-flex flex-wrap text-left \" data-id=\"123143\" enctype=\"multipart\/form-data\">\n\n          <div id=\"tipo-de-consulta\" class=\"form__input-row d-flex flex-column mb-20 position-relative form__input-row--full  form__input-row--select \">\n          <label class=\"form__label user-select-none mb-12 font-weight-bold font-size-paragraph-small fg-color-white\" for=\"tipo-de-consulta_123143\">Tipo de consulta<span class=\"form__required-indicator\">*<\/span><\/label>\n    \n    <div class=\"position-relative w-100\">\n  <select\n    id=\"tipo-de-consulta_123143\"\n    class=\"form__select form__select--unselected pl-20 pr-50 py-14\"\n    name=\"tipo-de-consulta\"\n    data-field-label=\"Tipo de consulta&lt;span class=&quot;form__required-indicator&quot;&gt;*&lt;\/span&gt;\"\n  \/>\n    <option value=\"\" disabled 1>Please choose<\/option>\n          <option value=\"Informa\u00e7\u00e3o sobre arrendamento de terrenos\" >Informa\u00e7\u00e3o sobre arrendamento de terrenos<\/option>\n          <option value=\"Informa\u00e7\u00e3o sobre PPAs \/ compra de energia\" >Informa\u00e7\u00e3o sobre PPAs \/ compra de energia<\/option>\n          <option value=\"Informa\u00e7\u00e3o sobre projetos\" >Informa\u00e7\u00e3o sobre projetos<\/option>\n          <option value=\"Informa\u00e7\u00e3o geral\" >Informa\u00e7\u00e3o geral<\/option>\n          <option value=\"Informa\u00e7\u00e3o sobre oportunidades profissionais\" >Informa\u00e7\u00e3o sobre oportunidades profissionais<\/option>\n      <\/select>\n  <div class=\"pointer-events-none position-absolute d-flex flex-center flex-middle w-70px h-100 top-1px right-0 fg-color-white\">\n    \n  <\/div>\n<\/div>\n  <\/div>\n\n          <div id=\"o-seu-nome\" class=\"form__input-row d-flex flex-column mb-20 position-relative form__input-row--full  form__input-row--text \">\n          <label class=\"form__label user-select-none mb-12 font-weight-bold font-size-paragraph-small fg-color-white\" for=\"o-seu-nome_123143\">O seu nome<span class=\"form__required-indicator\">*<\/span><\/label>\n    \n    <input\n  id=\"o-seu-nome_123143\"\n  class=\"form__input h-55px w-100 px-20 py-10\"\n  type=\"text\"\n  name=\"o-seu-nome\"\n  placeholder=\"\"\n  value=\"\"\n\/>\n  <\/div>\n\n          <div id=\"endereco-de-e-mail\" class=\"form__input-row d-flex flex-column mb-20 position-relative form__input-row--full  form__input-row--text \">\n          <label class=\"form__label user-select-none mb-12 font-weight-bold font-size-paragraph-small fg-color-white\" for=\"endereco-de-e-mail_123143\">Endere\u00e7o de e-mail<span class=\"form__required-indicator\">*<\/span><\/label>\n    \n    <input\n  id=\"endereco-de-e-mail_123143\"\n  class=\"form__input h-55px w-100 px-20 py-10\"\n  type=\"text\"\n  name=\"endereco-de-e-mail\"\n  placeholder=\"\"\n  value=\"\"\n\/>\n  <\/div>\n\n          <div id=\"organizacao\" class=\"form__input-row d-flex flex-column mb-20 position-relative form__input-row--full  form__input-row--text \">\n          <label class=\"form__label user-select-none mb-12 font-weight-bold font-size-paragraph-small fg-color-white\" for=\"organizacao_123143\">Organiza\u00e7\u00e3o<\/label>\n    \n    <input\n  id=\"organizacao_123143\"\n  class=\"form__input h-55px w-100 px-20 py-10\"\n  type=\"text\"\n  name=\"organizacao\"\n  placeholder=\"\"\n  value=\"\"\n\/>\n  <\/div>\n\n          <div id=\"mensagem\" class=\"form__input-row d-flex flex-column mb-20 position-relative form__input-row--full  form__input-row--textarea \">\n          <label class=\"form__label user-select-none mb-12 font-weight-bold font-size-paragraph-small fg-color-white\" for=\"mensagem_123143\">Mensagem<span class=\"form__required-indicator\">*<\/span><\/label>\n    \n    <textarea\n  id=\"mensagem_123143\"\n  class=\"form__textarea w-100 position-relative px-20 py-22\"\n  name=\"mensagem\"\n  placeholder=\"\"\n  rows=\"2\"\n>\n<\/textarea>\n  <\/div>\n\n    \n    \n    <div class=\"form__input-row form__input-row--recaptcha form__input-row--full form__input-row--last relative d-flex justify-content-sm-center\">\n      <div name=\"recaptcha\" class=\"g-recaptcha\"><\/div>\n    <\/div>\n\n    <div class=\"d-flex mt-10\">\n      <div class=\"d-flex flex-column\">\n                  <div id=\"concordo\" class=\"form__input-row d-flex flex-column mb-20 position-relative form__input-row--inline-with-button  form__input-row--checkbox pr-0 pr-md-10\">\n          <label class=\"form__label user-select-none mb-12 font-weight-bold font-size-paragraph-small fg-color-white d-none\" for=\"concordo_123143\">Concordo<span class=\"form__required-indicator\">*<\/span><\/label>\n    \n    <input\n    id=\"concordo_123143\"\n    class=\"position-absolute\"\n    name=\"concordo[]\"\n    type=\"checkbox\"\n    aria-label=\"\"\n  \/>\n\n  <label class=\"form__checkbox-label  font-size-body user-select-none m-0 position-relative d-block pl-50 fg-color-white\" for=\"concordo_123143\">\n    Eu concordo com os<a href=\"https:\/\/lightsourcebp.staging.1int.co.uk\/terms-and-conditions\/\"> termos e condi\u00e7\u00f5es<\/a> da Lightsource bp\n\n\n      <\/label>\n\n  <\/div>\n\n        \n        <div class=\"d-inline-flex w-100 button-container mt-20\">\n          <button class=\"form__submit-button button button--gradient my-0 mr-auto my-0\" href=\"\"><span class=\"button__text\">Enviar mensagem<\/span> <svg xmlns=\"http:\/\/www.w3.org\/2000\/svg\" width=\"24\" height=\"25\" fill=\"none\"><path stroke=\"currentColor\" stroke-linecap=\"round\" stroke-linejoin=\"round\" stroke-width=\"2\" d=\"m20 4.54-9 9m9-9-5.6 16-3.2-7.2-7.2-3.2 16-5.6Z\"\/><\/svg>\n<\/button>\n        <\/div>\n\n      <\/div>\n    <\/div>\n  <\/form>\n            <\/div>\n                  <\/div>\n      <\/div>\n    <\/div>\n  <\/div>\n<\/section>\n\n\n\n<section class=\"full-width-call-to-action align block_c677e2e1bef944213aa760d15d0151b9 block bg-color-orange-3-percent position-relative z-1 overflow-hidden\">\n  <div class=\"pt-60 pt-lg-100\"><\/div>\n\n      <img decoding=\"async\" class=\"position-absolute bottom-0 right-10 -z-1\" src=\"https:\/\/lightsourcebp.staging.1int.co.uk\/app\/themes\/lightsourcebp-theme\/dist\/images\/global\/background-swirls_935dfcd0.png\" alt=\"\" \/>\n  \n  <div class=\"container z-2\">\n    <div class=\"row\">\n      <div class=\"col-12 col-lg-6 col-xl-5 mb-30 mb-lg-0\">\n                  <span class=\"d-flex font-size-navigation font-weight-semi-bold mb-15 text-transform-uppercase letter-spacing-title fg-color-gradient\">ESCOLHA SUA REGI\u00c3O<\/span>\n                          <h2 class=\"mb-20 \">Selecione sua localiza\u00e7\u00e3o para visitar um site regional<\/h2>\n                          <div class=\"flex flex-column w-100 rich-text \">\n            <p>Fornecemos energia solar sustent\u00e1vel em seis continentes. Selecione um local para ver o trabalho que estamos realizando em 19 regi\u00f5es do mundo.<\/p>\n\n          <\/div>\n                                    <div class=\"d-inline-flex w-100 button-container mb-15\">\n            <a class=\"button button--gradient my-0 mr-auto\" href=\"https:\/\/lightsourcebp.staging.1int.co.uk\/location-selector\/\" target=\"_self\"><span>SELETOR DE LOCALIZA\u00c7\u00c3O<\/span> <svg xmlns=\"http:\/\/www.w3.org\/2000\/svg\" width=\"8\" height=\"14\" fill=\"none\"><path stroke=\"currentColor\" stroke-linecap=\"round\" stroke-linejoin=\"round\" stroke-width=\"2\" d=\"m1 13 6-6-6-6\"\/><\/svg><\/a>\n          <\/div>\n              <\/div>\n      <div class=\"col-12 col-lg-6 col-xl-6 offset-xl-1\">\n        <picture><source srcset=\"https:\/\/assets.lightsourcebp.staging.1int.co.uk\/app\/uploads\/2022\/10\/27003253\/world-map.png 824w, https:\/\/assets.lightsourcebp.staging.1int.co.uk\/app\/uploads\/2022\/10\/27003253\/world-map-300x145.png 300w, https:\/\/assets.lightsourcebp.staging.1int.co.uk\/app\/uploads\/2022\/10\/27003253\/world-map-80x39.png 80w, https:\/\/assets.lightsourcebp.staging.1int.co.uk\/app\/uploads\/2022\/10\/27003253\/world-map-150x73.png 150w, https:\/\/assets.lightsourcebp.staging.1int.co.uk\/app\/uploads\/2022\/10\/27003253\/world-map-450x218.png 450w, https:\/\/assets.lightsourcebp.staging.1int.co.uk\/app\/uploads\/2022\/10\/27003253\/world-map-767x371.png 767w\" sizes=\"\"><img loading=\"lazy\" decoding=\"async\" src=\"https:\/\/assets.lightsourcebp.staging.1int.co.uk\/app\/uploads\/2022\/10\/27003253\/world-map.png\" alt=\"world map graphic\" width=\"824\" height=\"399\" class=\"d-flex w-100 h-100\"><\/picture>\n      <\/div>\n    <\/div>\n  <\/div>\n\n  <div class=\"pt-60 pt-lg-100\"><\/div>\n<\/section>\n","protected":false},"excerpt":{"rendered":"","protected":false},"author":1,"featured_media":0,"parent":0,"menu_order":0,"comment_status":"closed","ping_status":"closed","template":"","meta":{"_acf_changed":false,"inline_featured_image":false,"footnotes":""},"class_list":["post-162815","page","type-page","status-publish","hentry"],"acf":[],"aioseo_notices":[],"_links":{"self":[{"href":"https:\/\/lightsourcebp.staging.1int.co.uk\/br\/wp-json\/wp\/v2\/pages\/162815","targetHints":{"allow":["GET"]}}],"collection":[{"href":"https:\/\/lightsourcebp.staging.1int.co.uk\/br\/wp-json\/wp\/v2\/pages"}],"about":[{"href":"https:\/\/lightsourcebp.staging.1int.co.uk\/br\/wp-json\/wp\/v2\/types\/page"}],"author":[{"embeddable":true,"href":"https:\/\/lightsourcebp.staging.1int.co.uk\/br\/wp-json\/wp\/v2\/users\/1"}],"replies":[{"embeddable":true,"href":"https:\/\/lightsourcebp.staging.1int.co.uk\/br\/wp-json\/wp\/v2\/comments?post=162815"}],"version-history":[{"count":6,"href":"https:\/\/lightsourcebp.staging.1int.co.uk\/br\/wp-json\/wp\/v2\/pages\/162815\/revisions"}],"predecessor-version":[{"id":335181,"href":"https:\/\/lightsourcebp.staging.1int.co.uk\/br\/wp-json\/wp\/v2\/pages\/162815\/revisions\/335181"}],"wp:attachment":[{"href":"https:\/\/lightsourcebp.staging.1int.co.uk\/br\/wp-json\/wp\/v2\/media?parent=162815"}],"curies":[{"name":"wp","href":"https:\/\/api.w.org\/{rel}","templated":true}]}}