{"id":28039,"date":"2022-09-20T09:10:04","date_gmt":"2022-09-20T09:10:04","guid":{"rendered":"https:\/\/lightsourcebp.staging.1int.co.uk\/contact\/"},"modified":"2024-10-02T14:08:48","modified_gmt":"2024-10-02T14:08:48","slug":"kontakt","status":"publish","type":"page","link":"https:\/\/lightsourcebp.staging.1int.co.uk\/de\/kontakt\/","title":{"rendered":"Kontakt"},"content":{"rendered":"<section class=\"block-page-title bg-color-white\">\n  <div class=\"pt-60 pt-lg-100\"><\/div>\n\n  <div class=\"container\">\n    <div class=\"row\">\n      <div class=\"col-12\">\n                <h1 class=\"fg-color-gradient\">Kontaktieren Sie uns<\/h1>\n      <\/div>\n    <\/div>\n  <\/div>\n\n  <div class=\"pt-60 pt-lg-100\"><\/div>\n<\/section>\n  \n\n\n<section class=\"banner-single position-relative\">\n  <div class=\"container-fluid\">\n    <div class=\"row\">\n      <div class=\"col-12 px-0\">\n                <div class=\"position-relative w-100 h-100 aspect-ratio-banner object-fit-cover\">\n          <picture>\n                    <source srcset=\"https:\/\/assets.lightsourcebp.staging.1int.co.uk\/app\/uploads\/2023\/01\/27064004\/contact-banner-1-aspect-ratio-450-490-8-450x490.jpg, https:\/\/assets.lightsourcebp.staging.1int.co.uk\/app\/uploads\/2023\/01\/27064004\/contact-banner-1-aspect-ratio-450-490-8.jpg 2x\"\n                          media=\"(max-width: 575px)\">\n                    <source srcset=\"https:\/\/assets.lightsourcebp.staging.1int.co.uk\/app\/uploads\/2022\/12\/26224516\/contact-banner-1-1000x417.jpg, https:\/\/assets.lightsourcebp.staging.1int.co.uk\/app\/uploads\/2022\/12\/26224516\/contact-banner-1.jpg 2x\"\n                          media=\"(min-width: 576px) and (max-width: 991px)\">\n                    <source srcset=\"https:\/\/assets.lightsourcebp.staging.1int.co.uk\/app\/uploads\/2022\/12\/26224516\/contact-banner-1.jpg, https:\/\/assets.lightsourcebp.staging.1int.co.uk\/app\/uploads\/2022\/12\/26224516\/contact-banner-1.jpg 2x\"\n                          media=\"(min-width: 992px)\">\n                    <img loading=\"lazy\" decoding=\"async\" src=\"https:\/\/assets.lightsourcebp.staging.1int.co.uk\/app\/uploads\/2022\/12\/26224516\/contact-banner-1.jpg\" alt=\"worker under solar panel\"\n                       srcset=\"https:\/\/assets.lightsourcebp.staging.1int.co.uk\/app\/uploads\/2022\/12\/26224516\/contact-banner-1.jpg 2x\"\n                       sizes=\"auto, 100vw\"\n                       class=\"position-absolute w-100 h-100 left-0 top-0 object-fit-cover\"\n                       width=\"1920\"\n                       height=\"800\">\n                <\/picture>\n        <\/div>\n              <\/div>\n    <\/div>\n  <\/div>\n<\/section>\n\n\n<section class=\"fifty-fifty align block_acf-block-66fd53ef05886 block bg-color-white position-relative z-1 overflow-hidden\">\n        <div class=\"pt-60 pt-lg-100\"><\/div>\n\n    \n    <div class=\"fifty-fifty__row\">\n      <div class=\"container \">\n        <div class=\"row align-items-center\">\n                      <div class=\"col-12 col-lg-6 align-self-start fifty-left d-flex flex-column order-2 order-lg-1\">\n                                                                  <h2 class=\"mb-20 \">Deine Karriere bei Lightsource bp<\/h2>\n                                                                                                                                                                <div class=\"flex flex-column w-100 line-height-level-6 mb-15 fifty-fifty__text font-size-paragraph-medium  fg-color-navy-text \">\n                    <p>Suchst Du nach einer Karriere, in der Du gesch\u00e4tzt und als Individuum anerkannt wirst? Bei der Du mit Menschen zusammenarbeitest, die Deine Leidenschaft f\u00fcr eine nachhaltige Zukunft teilen? Gemeinsam wollen wir Gro\u00dfes erreichen \u2013 sei dabei und bewirb Dich jetzt!<\/p>\n\n                  <\/div>\n                                                                                                                                                                                  <div class=\"d-inline-flex w-100 button-container mb-15\">\n                    <a class=\"button button--gradient my-0 mr-auto\" href=\"https:\/\/lightsourcebp.staging.1int.co.uk\/de\/karriere\/\" target=\"_self\"><span>Karriere<\/span> <svg xmlns=\"http:\/\/www.w3.org\/2000\/svg\" width=\"8\" height=\"14\" fill=\"none\"><path stroke=\"currentColor\" stroke-linecap=\"round\" stroke-linejoin=\"round\" stroke-width=\"2\" d=\"m1 13 6-6-6-6\"\/><\/svg><\/a>\n                  <\/div>\n                                                                                          <\/div>\n                                <div class=\"col-12 col-lg-6 align-self-start fifty-right d-flex flex-column mb-lg-0 mt-lg-0 order-3 order-lg-1  mt-15 \">\n                                                                  <h2 class=\"mb-20 \">Pressezentrum<\/h2>\n                                                                                                                                                                                <div class=\"flex flex-column w-100 line-height-level-6 mb-15 fifty-fifty__text font-size-paragraph-medium  fg-color-navy-text \">\n\n                    <p>Wenn Sie Medienvertreter sind und mehr \u00fcber unsere neuesten Nachrichten erfahren oder sich mit einem Mitglied unseres Presseteams in Verbindung setzen m\u00f6chten, besuchen Sie bitte unser Pressezentrum.<\/p>\n\n                  <\/div>\n                                                                                                                                                                                                  <div class=\"d-inline-flex w-100 button-container mb-15\">\n                    <a class=\"button button--gradient my-0 mr-auto\" href=\"https:\/\/lightsourcebp.staging.1int.co.uk\/press-centre\/\" target=\"_self\"><span>Pressezentrum<\/span> <svg xmlns=\"http:\/\/www.w3.org\/2000\/svg\" width=\"8\" height=\"14\" fill=\"none\"><path stroke=\"currentColor\" stroke-linecap=\"round\" stroke-linejoin=\"round\" stroke-width=\"2\" d=\"m1 13 6-6-6-6\"\/><\/svg><\/a>\n                  <\/div>\n                                                                                                          <\/div>\n                  <\/div>\n      <\/div>\n    <\/div>\n\n  <div class=\"pt-15 pt-lg-15\"><\/div>\n  <\/section>\n\n\n<section class=\"cards-with-icon-grid align block_acf-block-66fd53ef06310 block bg-color-orange-3-percent\">\n  <div class=\"pt-50 pt-lg-50\"><\/div>\n\n  <div class=\"container\">\n        <div class=\"row flex-center\">\n                        <div class=\"col-6 col-md-4 mb-30\">\n            <div class=\"d-flex flex-column flex-middle text-center  \">\n                              <div class=\"w-75px h-75px d-flex flex-column flex-middle mb-25\">\n                  <picture><source srcset=\"https:\/\/assets.lightsourcebp.staging.1int.co.uk\/app\/uploads\/2024\/06\/18160320\/Office-Building-2.png 100w, https:\/\/assets.lightsourcebp.staging.1int.co.uk\/app\/uploads\/2024\/06\/18160320\/Office-Building-2-80x80.png 80w\" sizes=\"\"><img loading=\"lazy\" decoding=\"async\" src=\"https:\/\/assets.lightsourcebp.staging.1int.co.uk\/app\/uploads\/2024\/06\/18160320\/Office-Building-2.png\" alt=\"Office building icon\" width=\"100\" height=\"100\" class=\"d-flex w-100 h-100\"><\/picture>\n                <\/div>\n              \n              <h3 class=\"mb-20 font-size-h2   \">\n                \n                                  <span class=\" ml-n5px\">Berlin<\/span>\n                              <\/h3>\n\n              <p class=\"line-height-level-6 w-100 w-lg-90 font-weight-bold fg-color-navy-text \">c\/o WeWork, Kemperplatz 1, 10785 Berlin<\/p>\n\n                          <\/div>\n          <\/div>\n                  <\/div>\n  <\/div>\n\n  <div class=\"pt-30 pt-lg-30\"><\/div>\n<\/section>\n\n\n<section class=\"contact-form align block_acf-block-66fd53ef0634c block call-to-action\">\n  \n  <div class=\"container-fluid z-2\">\n    <div class=\"row\">\n      <div class=\"col-12 col-lg-6 px-0 position-relative\">\n        <picture><source srcset=\"https:\/\/assets.lightsourcebp.staging.1int.co.uk\/app\/uploads\/2022\/10\/26234012\/find-out-more-image-min.jpg 770w, https:\/\/assets.lightsourcebp.staging.1int.co.uk\/app\/uploads\/2022\/10\/26234012\/find-out-more-image-min-276x300.jpg 276w, https:\/\/assets.lightsourcebp.staging.1int.co.uk\/app\/uploads\/2022\/10\/26234012\/find-out-more-image-min-80x87.jpg 80w, https:\/\/assets.lightsourcebp.staging.1int.co.uk\/app\/uploads\/2022\/10\/26234012\/find-out-more-image-min-150x163.jpg 150w, https:\/\/assets.lightsourcebp.staging.1int.co.uk\/app\/uploads\/2022\/10\/26234012\/find-out-more-image-min-300x326.jpg 300w, https:\/\/assets.lightsourcebp.staging.1int.co.uk\/app\/uploads\/2022\/10\/26234012\/find-out-more-image-min-450x489.jpg 450w, https:\/\/assets.lightsourcebp.staging.1int.co.uk\/app\/uploads\/2022\/10\/26234012\/find-out-more-image-min-767x834.jpg 767w\" sizes=\"\"><img loading=\"lazy\" decoding=\"async\" src=\"https:\/\/assets.lightsourcebp.staging.1int.co.uk\/app\/uploads\/2022\/10\/26234012\/find-out-more-image-min.jpg\" alt=\"\" width=\"770\" height=\"837\" class=\"w-101 h-auto h-sm-100 object-fit-cover ml-15px\"><\/picture>\n        <div class=\"contact-form__overlap-text position-absolute bg-color-white top-35px top-sm-100px left-5 left-md-15 w-90 w-md-70 py-50 px-15 px-md-65\">\n                      <h2>Kontaktieren Sie uns<br>\n<\/h2>\n                    <p class=\"line-height-level-6 font-size-paragraph-large\">Bei R\u00fcckfragen stehen wir Ihnen jederzeit zur Verf\u00fcgung. <\/p>\n                      <a class=\"d-flex flex-row flex-middle fg-color-orange text-decoration-none text-decoration-underline-hover font-weight-bold\" href=\"mailto:de.info@lightsourcebp.com\"><svg xmlns=\"http:\/\/www.w3.org\/2000\/svg\" width=\"24\" height=\"25\" fill=\"none\"><path stroke=\"#E0D9E9\" stroke-linecap=\"round\" stroke-linejoin=\"round\" stroke-width=\"2\" d=\"M4 4.54h16c1.1 0 2 .9 2 2v12c0 1.1-.9 2-2 2H4c-1.1 0-2-.9-2-2v-12c0-1.1.9-2 2-2Z\"\/><path stroke=\"#E0D9E9\" stroke-linecap=\"round\" stroke-linejoin=\"round\" stroke-width=\"2\" d=\"m22 6.54-10 7-10-7\"\/><\/svg>\n <span class=\"ml-15\">de.info@lightsourcebp.com<\/span><\/a>\n                                <a class=\"d-flex flex-row flex-middle fg-color-orange text-decoration-none text-decoration-underline-hover font-weight-bold mt-15\" href=\"mailto:+49 (0) 30 300 15437\"><svg xmlns=\"http:\/\/www.w3.org\/2000\/svg\" width=\"24\" height=\"25\" fill=\"none\"><g clip-path=\"url(#a)\"><path stroke=\"#E0D9E9\" stroke-linecap=\"round\" stroke-linejoin=\"round\" stroke-width=\"2\" d=\"M15.05 5.643A5 5 0 0119 9.593m-3.95-7.95A9 9 0 0123 9.583m-1 7.98v3a1.998 1.998 0 01-2.18 2 19.791 19.791 0 01-8.63-3.07 19.5 19.5 0 01-6-6 19.79 19.79 0 01-3.07-8.67 2 2 0 011.99-2.18h3a2 2 0 012 1.72c.127.96.361 1.902.7 2.81a2 2 0 01-.45 2.11l-1.27 1.27a16 16 0 006 6l1.27-1.27a2 2 0 012.11-.45c.907.338 1.85.573 2.81.7a2 2 0 011.72 2.03z\"\/><\/g><defs><clipPath id=\"a\"><path fill=\"#fff\" d=\"M0 0h24v24H0z\" transform=\"translate(0 .643)\"\/><\/clipPath><\/defs><\/svg> <span class=\"ml-15\">+49 (0) 30 300 15437<\/span><\/a>\n                  <\/div>\n      <\/div>\n      <div class=\"col-12 col-lg-6 bg-color-gradient fg-color-navy position-relative z-1 overflow-hidden\">\n\n        <img decoding=\"async\" class=\"position-absolute top-n20 right-n125 right-sm-n100 right-md-n80 right-xl-n68 rotate-230 -z-1\" src=\"https:\/\/lightsourcebp.staging.1int.co.uk\/app\/themes\/lightsourcebp-theme\/dist\/images\/global\/background-swirls-alt-red_935dfcd0.png\" alt=\"\" \/>\n\n        <div class=\"d-flex flex-column flex-center px-15 px-md-100 py-40 py-lg-100\">\n                      <div class=\"row flex-center\">\n              <p class=\"fg-color-white font-weight-bold mb-30\">*Erforderlich<\/p>\n              <form novalidate action=\"https:\/\/lightsourcebp.staging.1int.co.uk\/de\/forms\/contact-form\/#contact-form_acf-block-66fd53ef0634c\" class=\"form d-flex flex-wrap text-left \" data-id=\"262394\" enctype=\"multipart\/form-data\">\n\n          <div id=\"art-der-anfrage\" class=\"form__input-row d-flex flex-column mb-20 position-relative form__input-row--full  form__input-row--select \">\n          <label class=\"form__label user-select-none mb-12 font-weight-bold font-size-paragraph-small fg-color-white\" for=\"art-der-anfrage_262394\">Art der Anfrage<span class=\"form__required-indicator\">*<\/span><\/label>\n    \n    <div class=\"position-relative w-100\">\n  <select\n    id=\"art-der-anfrage_262394\"\n    class=\"form__select form__select--unselected pl-20 pr-50 py-14\"\n    name=\"art-der-anfrage\"\n    data-field-label=\"Art der Anfrage&lt;span class=&quot;form__required-indicator&quot;&gt;*&lt;\/span&gt;\"\n  \/>\n    <option value=\"\" disabled 1>Please choose<\/option>\n          <option value=\"Anfrage zur Verpachtung von Grundst\u00fccken\" >Anfrage zur Verpachtung von Grundst\u00fccken<\/option>\n          <option value=\"Anfrage zu Stromliefervertr\u00e4gen (PPA) \" >Anfrage zu Stromliefervertr\u00e4gen (PPA) <\/option>\n          <option value=\"Anfrage zum Projekt und zur Gemeinde\" >Anfrage zum Projekt und zur Gemeinde<\/option>\n          <option value=\"Allgemeine Anfrage\" >Allgemeine Anfrage<\/option>\n          <option value=\"Anfrage zu Karrierem\u00f6glichkeiten\" >Anfrage zu Karrierem\u00f6glichkeiten<\/option>\n      <\/select>\n  <div class=\"pointer-events-none position-absolute d-flex flex-center flex-middle w-70px h-100 top-1px right-0 fg-color-white\">\n    \n  <\/div>\n<\/div>\n  <\/div>\n\n          <div id=\"name\" class=\"form__input-row d-flex flex-column mb-20 position-relative form__input-row--full  form__input-row--text \">\n          <label class=\"form__label user-select-none mb-12 font-weight-bold font-size-paragraph-small fg-color-white\" for=\"name_262394\">Name<span class=\"form__required-indicator\">*<\/span><\/label>\n    \n    <input\n  id=\"name_262394\"\n  class=\"form__input h-55px w-100 px-20 py-10\"\n  type=\"text\"\n  name=\"name\"\n  placeholder=\"\"\n  value=\"\"\n\/>\n  <\/div>\n\n          <div id=\"e-mail\" class=\"form__input-row d-flex flex-column mb-20 position-relative form__input-row--full  form__input-row--text \">\n          <label class=\"form__label user-select-none mb-12 font-weight-bold font-size-paragraph-small fg-color-white\" for=\"e-mail_262394\">E-mail<span class=\"form__required-indicator\">*<\/span><\/label>\n    \n    <input\n  id=\"e-mail_262394\"\n  class=\"form__input h-55px w-100 px-20 py-10\"\n  type=\"text\"\n  name=\"e-mail\"\n  placeholder=\"\"\n  value=\"\"\n\/>\n  <\/div>\n\n          <div id=\"organisation\" class=\"form__input-row d-flex flex-column mb-20 position-relative form__input-row--full  form__input-row--text \">\n          <label class=\"form__label user-select-none mb-12 font-weight-bold font-size-paragraph-small fg-color-white\" for=\"organisation_262394\">Organisation<\/label>\n    \n    <input\n  id=\"organisation_262394\"\n  class=\"form__input h-55px w-100 px-20 py-10\"\n  type=\"text\"\n  name=\"organisation\"\n  placeholder=\"\"\n  value=\"\"\n\/>\n  <\/div>\n\n          <div id=\"nachricht\" class=\"form__input-row d-flex flex-column mb-20 position-relative form__input-row--full  form__input-row--text \">\n          <label class=\"form__label user-select-none mb-12 font-weight-bold font-size-paragraph-small fg-color-white\" for=\"nachricht_262394\">Nachricht<span class=\"form__required-indicator\">*<\/span><\/label>\n    \n    <input\n  id=\"nachricht_262394\"\n  class=\"form__input h-55px w-100 px-20 py-10\"\n  type=\"text\"\n  name=\"nachricht\"\n  placeholder=\"\"\n  value=\"\"\n\/>\n  <\/div>\n\n    \n    \n    <div class=\"form__input-row form__input-row--recaptcha form__input-row--full form__input-row--last relative d-flex justify-content-sm-center\">\n      <div name=\"recaptcha\" class=\"g-recaptcha\"><\/div>\n    <\/div>\n\n    <div class=\"d-flex mt-10\">\n      <div class=\"d-flex flex-column\">\n        \n        <div class=\"d-inline-flex w-100 button-container mt-20\">\n          <button class=\"form__submit-button button button--gradient my-0 mr-auto my-0\" href=\"\"><span class=\"button__text\">Abschicken<\/span> <svg xmlns=\"http:\/\/www.w3.org\/2000\/svg\" width=\"24\" height=\"25\" fill=\"none\"><path stroke=\"currentColor\" stroke-linecap=\"round\" stroke-linejoin=\"round\" stroke-width=\"2\" d=\"m20 4.54-9 9m9-9-5.6 16-3.2-7.2-7.2-3.2 16-5.6Z\"\/><\/svg>\n<\/button>\n        <\/div>\n\n      <\/div>\n    <\/div>\n  <\/form>\n            <\/div>\n                  <\/div>\n      <\/div>\n    <\/div>\n  <\/div>\n<\/section>\n\n","protected":false},"excerpt":{"rendered":"","protected":false},"author":1,"featured_media":140465,"parent":0,"menu_order":0,"comment_status":"closed","ping_status":"closed","template":"","meta":{"_acf_changed":false,"inline_featured_image":false,"footnotes":""},"class_list":["post-28039","page","type-page","status-publish","has-post-thumbnail","hentry"],"acf":[],"aioseo_notices":[],"_links":{"self":[{"href":"https:\/\/lightsourcebp.staging.1int.co.uk\/de\/wp-json\/wp\/v2\/pages\/28039","targetHints":{"allow":["GET"]}}],"collection":[{"href":"https:\/\/lightsourcebp.staging.1int.co.uk\/de\/wp-json\/wp\/v2\/pages"}],"about":[{"href":"https:\/\/lightsourcebp.staging.1int.co.uk\/de\/wp-json\/wp\/v2\/types\/page"}],"author":[{"embeddable":true,"href":"https:\/\/lightsourcebp.staging.1int.co.uk\/de\/wp-json\/wp\/v2\/users\/1"}],"replies":[{"embeddable":true,"href":"https:\/\/lightsourcebp.staging.1int.co.uk\/de\/wp-json\/wp\/v2\/comments?post=28039"}],"version-history":[{"count":28,"href":"https:\/\/lightsourcebp.staging.1int.co.uk\/de\/wp-json\/wp\/v2\/pages\/28039\/revisions"}],"predecessor-version":[{"id":427231,"href":"https:\/\/lightsourcebp.staging.1int.co.uk\/de\/wp-json\/wp\/v2\/pages\/28039\/revisions\/427231"}],"wp:featuredmedia":[{"embeddable":true,"href":"https:\/\/lightsourcebp.staging.1int.co.uk\/de\/wp-json\/wp\/v2\/media\/140465"}],"wp:attachment":[{"href":"https:\/\/lightsourcebp.staging.1int.co.uk\/de\/wp-json\/wp\/v2\/media?parent=28039"}],"curies":[{"name":"wp","href":"https:\/\/api.w.org\/{rel}","templated":true}]}}