{"id":307601,"date":"2023-11-10T14:20:07","date_gmt":"2023-11-10T14:20:07","guid":{"rendered":"https:\/\/lightsourcebp.staging.1int.co.uk\/?page_id=307601"},"modified":"2023-11-16T15:51:58","modified_gmt":"2023-11-16T15:51:58","slug":"allgemeine-geschaeftsbedingungen","status":"publish","type":"page","link":"https:\/\/lightsourcebp.staging.1int.co.uk\/de\/allgemeine-geschaeftsbedingungen\/","title":{"rendered":"Allgemeine Gesch\u00e4ftsbedingungen"},"content":{"rendered":"<section class=\"block-page-title bg-color-white\">\n  <div class=\"pt-60 pt-lg-100\"><\/div>\n\n  <div class=\"container\">\n    <div class=\"row\">\n      <div class=\"col-12\">\n                <h1 class=\"fg-color-gradient\">Allgemeine Gesch\u00e4ftsbedingungen (AGB)<\/h1>\n      <\/div>\n    <\/div>\n  <\/div>\n\n  <div class=\"pt-60 pt-lg-100\"><\/div>\n<\/section>\n  \n\n\n<section class=\"banner-single position-relative\">\n  <div class=\"container-fluid\">\n    <div class=\"row\">\n      <div class=\"col-12 px-0\">\n                <div class=\"position-relative w-100 h-100 aspect-ratio-banner object-fit-cover\">\n          <picture>\n                    <source srcset=\"https:\/\/assets.lightsourcebp.staging.1int.co.uk\/app\/uploads\/2022\/12\/22105258\/code-of-business-conduct-and-ethics-for-counterparties-banner-1-450x165.jpg, https:\/\/assets.lightsourcebp.staging.1int.co.uk\/app\/uploads\/2022\/12\/22105258\/code-of-business-conduct-and-ethics-for-counterparties-banner-1-1000x366.jpg 2x\"\n                          media=\"(max-width: 575px)\">\n                    <source srcset=\"https:\/\/assets.lightsourcebp.staging.1int.co.uk\/app\/uploads\/2022\/12\/22105258\/code-of-business-conduct-and-ethics-for-counterparties-banner-1-1000x366.jpg, https:\/\/assets.lightsourcebp.staging.1int.co.uk\/app\/uploads\/2022\/12\/22105258\/code-of-business-conduct-and-ethics-for-counterparties-banner-1.jpg 2x\"\n                          media=\"(min-width: 576px) and (max-width: 991px)\">\n                    <source srcset=\"https:\/\/assets.lightsourcebp.staging.1int.co.uk\/app\/uploads\/2022\/12\/22105258\/code-of-business-conduct-and-ethics-for-counterparties-banner-1.jpg, https:\/\/assets.lightsourcebp.staging.1int.co.uk\/app\/uploads\/2022\/12\/22105258\/code-of-business-conduct-and-ethics-for-counterparties-banner-1.jpg 2x\"\n                          media=\"(min-width: 992px)\">\n                    <img loading=\"lazy\" decoding=\"async\" src=\"https:\/\/assets.lightsourcebp.staging.1int.co.uk\/app\/uploads\/2022\/12\/22105258\/code-of-business-conduct-and-ethics-for-counterparties-banner-1.jpg\" alt=\"Pen on table\"\n                       srcset=\"https:\/\/assets.lightsourcebp.staging.1int.co.uk\/app\/uploads\/2022\/12\/22105258\/code-of-business-conduct-and-ethics-for-counterparties-banner-1.jpg 2x\"\n                       sizes=\"auto, 100vw\"\n                       class=\"position-absolute w-100 h-100 left-0 top-0 object-fit-cover\"\n                       width=\"1640\"\n                       height=\"600\">\n                <\/picture>\n        <\/div>\n              <\/div>\n    <\/div>\n  <\/div>\n<\/section>\n\n\n<section class=\"text align block_b98293e36542beca37388556e8dd6d74 block bg-color-white position-relative z-1 overflow-hidden\">\n    <div class=\"pt-60 pt-lg-100\"><\/div>\n\n  \n  <div class=\"container \">\n    <div class=\"row\">\n      <div class=\"col-12\">\n        <span class=\"rich-text standard-text fg-color-navy\">\n          <p>Willkommen auf unserer Website. Wenn Sie diese Website weiterhin durchsuchen und nutzen, erkl\u00e4ren Sie sich damit einverstanden, die folgenden Nutzungsbedingungen einzuhalten und an diese gebunden zu sein, die zusammen mit unserer Datenschutzrichtlinie die Beziehung von Lightsource BP zu Ihnen in Bezug auf diese Website regeln. Wenn Sie mit einem Teil dieser Bedingungen nicht einverstanden sind, nutzen Sie bitte unsere Website nicht.<\/p>\n<p>Der Begriff &#8220;Lightsource BP&#8221; oder &#8220;uns&#8221; oder &#8220;wir&#8221; bezieht sich auf den Eigent\u00fcmer der Website mit Sitz in 7th Floor, 33 Holborn, London, EC1N 2HU. Unsere Firmenbuchnummer ist 09496737.<\/p>\n<p>Der Begriff &#8220;Ihr&#8221; bezieht sich auf den Benutzer oder Betrachter unserer Website.<\/p>\n<h3>Nutzungsbedingungen<\/h3>\n<p><strong>Die Nutzung dieser Website unterliegt den folgenden Nutzungsbedingungen:<\/strong><\/p>\n<ul>\n<li>Der Inhalt der Seiten dieser Website dient nur zu Ihrer allgemeinen Information und Nutzung. Sie k\u00f6nnen ohne vorherige Ank\u00fcndigung ge\u00e4ndert werden.<\/li>\n<li>Weder wir noch Dritte geben eine Gew\u00e4hrleistung oder Garantie f\u00fcr die Genauigkeit, Aktualit\u00e4t, Leistung, Vollst\u00e4ndigkeit oder Eignung der Informationen und Materialien, die auf dieser Website gefunden oder angeboten werden, f\u00fcr einen bestimmten Zweck. Sie erkennen an, dass solche Informationen und Materialien Ungenauigkeiten oder Fehler enthalten k\u00f6nnen, und wir schlie\u00dfen ausdr\u00fccklich die Haftung f\u00fcr solche Ungenauigkeiten oder Fehler aus, soweit dies gesetzlich zul\u00e4ssig ist.<\/li>\n<li>Ihre Nutzung von Informationen oder Materialien auf dieser Website erfolgt ausschlie\u00dflich auf eigene Gefahr, f\u00fcr die wir nicht haftbar gemacht werden k\u00f6nnen. Es liegt in Ihrer eigenen Verantwortung, sicherzustellen, dass alle Produkte, Dienstleistungen oder Informationen, die \u00fcber diese Website verf\u00fcgbar sind, Ihren spezifischen Anforderungen entsprechen.<\/li>\n<li>Diese Website enth\u00e4lt Material, das unser Eigentum ist oder an uns lizenziert ist. Dieses Material umfasst, ist aber nicht beschr\u00e4nkt auf, das Design, Layout, Aussehen, Aussehen und Grafiken. Die Vervielf\u00e4ltigung ist verboten, au\u00dfer in \u00dcbereinstimmung mit dem Urheberrechtsvermerk, der Teil dieser Allgemeinen Gesch\u00e4ftsbedingungen ist.<\/li>\n<li>Alle auf dieser Website wiedergegebenen Marken, die nicht Eigentum des Betreibers sind oder an ihn lizenziert sind, werden auf der Website anerkannt.<\/li>\n<li>Die unbefugte Nutzung dieser Website kann zu Schadensersatzanspr\u00fcchen f\u00fchren und\/oder eine Straftat darstellen.<\/li>\n<li>Von Zeit zu Zeit kann diese Website auch Links zu anderen Websites enthalten. Diese Links werden zu Ihrer Bequemlichkeit bereitgestellt, um weitere Informationen bereitzustellen. Sie bedeuten nicht, dass wir die Website(s) unterst\u00fctzen. Wir \u00fcbernehmen keine Verantwortung f\u00fcr den Inhalt der verlinkten Website(s).<\/li>\n<li>Ihre Nutzung dieser Website und alle Streitigkeiten, die sich aus einer solchen Nutzung der Website ergeben, unterliegen den Gesetzen von England, Nordirland, Schottland und Wales.<\/li>\n<\/ul>\n<p>&nbsp;<\/p>\n\n        <\/span>\n      <\/div>\n    <\/div>\n  <\/div>\n\n  <div class=\"pt-30 pt-lg-30\"><\/div>\n<\/section>\n\n\n","protected":false},"excerpt":{"rendered":"","protected":false},"author":14,"featured_media":37911,"parent":0,"menu_order":0,"comment_status":"closed","ping_status":"closed","template":"","meta":{"_acf_changed":false,"inline_featured_image":false,"footnotes":""},"class_list":["post-307601","page","type-page","status-publish","has-post-thumbnail","hentry"],"acf":[],"aioseo_notices":[],"_links":{"self":[{"href":"https:\/\/lightsourcebp.staging.1int.co.uk\/de\/wp-json\/wp\/v2\/pages\/307601","targetHints":{"allow":["GET"]}}],"collection":[{"href":"https:\/\/lightsourcebp.staging.1int.co.uk\/de\/wp-json\/wp\/v2\/pages"}],"about":[{"href":"https:\/\/lightsourcebp.staging.1int.co.uk\/de\/wp-json\/wp\/v2\/types\/page"}],"author":[{"embeddable":true,"href":"https:\/\/lightsourcebp.staging.1int.co.uk\/de\/wp-json\/wp\/v2\/users\/14"}],"replies":[{"embeddable":true,"href":"https:\/\/lightsourcebp.staging.1int.co.uk\/de\/wp-json\/wp\/v2\/comments?post=307601"}],"version-history":[{"count":2,"href":"https:\/\/lightsourcebp.staging.1int.co.uk\/de\/wp-json\/wp\/v2\/pages\/307601\/revisions"}],"predecessor-version":[{"id":401730,"href":"https:\/\/lightsourcebp.staging.1int.co.uk\/de\/wp-json\/wp\/v2\/pages\/307601\/revisions\/401730"}],"wp:featuredmedia":[{"embeddable":true,"href":"https:\/\/lightsourcebp.staging.1int.co.uk\/de\/wp-json\/wp\/v2\/media\/37911"}],"wp:attachment":[{"href":"https:\/\/lightsourcebp.staging.1int.co.uk\/de\/wp-json\/wp\/v2\/media?parent=307601"}],"curies":[{"name":"wp","href":"https:\/\/api.w.org\/{rel}","templated":true}]}}