{"id":308219,"date":"2023-11-07T15:12:08","date_gmt":"2023-11-07T15:12:08","guid":{"rendered":"https:\/\/lightsourcebp.staging.1int.co.uk\/?page_id=308219"},"modified":"2025-06-18T17:02:34","modified_gmt":"2025-06-18T17:02:34","slug":"nachhaltigkeit","status":"publish","type":"page","link":"https:\/\/lightsourcebp.staging.1int.co.uk\/de\/nachhaltigkeit\/","title":{"rendered":"Nachhaltigkeit"},"content":{"rendered":"<section class=\"block-page-title bg-color-white\">\n  <div class=\"pt-60 pt-lg-100\"><\/div>\n\n  <div class=\"container\">\n    <div class=\"row\">\n      <div class=\"col-12\">\n                <h1 class=\"fg-color-gradient\">Nachhaltigkeit ist das Kernelement unserer Unternehmensstrategie <\/h1>\n      <\/div>\n    <\/div>\n  <\/div>\n\n  <div class=\"pt-60 pt-lg-100\"><\/div>\n<\/section>\n  \n\n\n<section class=\"banner-single position-relative\">\n  <div class=\"container-fluid\">\n    <div class=\"row\">\n      <div class=\"col-12 px-0\">\n                <div class=\"position-relative w-100 h-100 aspect-ratio-banner object-fit-cover\">\n          <picture>\n                    <source srcset=\"https:\/\/assets.lightsourcebp.staging.1int.co.uk\/app\/uploads\/2022\/11\/29203518\/sustainability-banner-image-aspect-ratio-1550-600-450x174.jpg, https:\/\/assets.lightsourcebp.staging.1int.co.uk\/app\/uploads\/2022\/11\/29203518\/sustainability-banner-image-aspect-ratio-1550-600-1000x387.jpg 2x\"\n                          media=\"(max-width: 575px)\">\n                    <source srcset=\"https:\/\/assets.lightsourcebp.staging.1int.co.uk\/app\/uploads\/2022\/11\/29203518\/sustainability-banner-image-aspect-ratio-1550-600-1000x387.jpg, https:\/\/assets.lightsourcebp.staging.1int.co.uk\/app\/uploads\/2022\/11\/29203518\/sustainability-banner-image-aspect-ratio-1550-600.jpg 2x\"\n                          media=\"(min-width: 576px) and (max-width: 991px)\">\n                    <source srcset=\"https:\/\/assets.lightsourcebp.staging.1int.co.uk\/app\/uploads\/2022\/11\/29203518\/sustainability-banner-image-aspect-ratio-1550-600.jpg, https:\/\/assets.lightsourcebp.staging.1int.co.uk\/app\/uploads\/2022\/11\/29203518\/sustainability-banner-image-aspect-ratio-1550-600.jpg 2x\"\n                          media=\"(min-width: 992px)\">\n                    <img loading=\"lazy\" decoding=\"async\" src=\"https:\/\/assets.lightsourcebp.staging.1int.co.uk\/app\/uploads\/2022\/11\/29203518\/sustainability-banner-image-aspect-ratio-1550-600.jpg\" alt=\"\"\n                       srcset=\"https:\/\/assets.lightsourcebp.staging.1int.co.uk\/app\/uploads\/2022\/11\/29203518\/sustainability-banner-image-aspect-ratio-1550-600.jpg 2x\"\n                       sizes=\"auto, 100vw\"\n                       class=\"position-absolute w-100 h-100 left-0 top-0 object-fit-cover\"\n                       width=\"1540\"\n                       height=\"596\">\n                <\/picture>\n        <\/div>\n              <\/div>\n    <\/div>\n  <\/div>\n<\/section>\n\n\n<section class=\"lightsource-bp-supports align block_acf-block-667442256a032 block\">\n  <div class=\"pt-60 pt-lg-100\"><\/div>\n\n    <div class=\"container\">\n      <div class=\"row\">\n        <div class=\"col-12\">\n          <h2 class=\"mb-25\"><\/h2>\n        <\/div>\n      <\/div>\n      <div class=\"row\">\n                  <div class=\"d-flex flex-column w-20 w-lg-12 mb-25\">\n            <picture><source srcset=\"https:\/\/assets.lightsourcebp.staging.1int.co.uk\/app\/uploads\/2022\/10\/26234026\/affordable-and-clean-energy.jpg 120w, https:\/\/assets.lightsourcebp.staging.1int.co.uk\/app\/uploads\/2022\/10\/26234026\/affordable-and-clean-energy-80x80.jpg 80w\" sizes=\"\"><img loading=\"lazy\" decoding=\"async\" src=\"https:\/\/assets.lightsourcebp.staging.1int.co.uk\/app\/uploads\/2022\/10\/26234026\/affordable-and-clean-energy.jpg\" alt=\"\" width=\"120\" height=\"120\" class=\"d-flex max-w-100 w-100 h-100\"><\/picture>\n          <\/div>\n                  <div class=\"d-flex flex-column w-20 w-lg-12 mb-25\">\n            <picture><source srcset=\"https:\/\/assets.lightsourcebp.staging.1int.co.uk\/app\/uploads\/2022\/12\/28234537\/sdg-8.png 120w, https:\/\/assets.lightsourcebp.staging.1int.co.uk\/app\/uploads\/2022\/12\/28234537\/sdg-8-80x80.png 80w\" sizes=\"\"><img loading=\"lazy\" decoding=\"async\" src=\"https:\/\/assets.lightsourcebp.staging.1int.co.uk\/app\/uploads\/2022\/12\/28234537\/sdg-8.png\" alt=\"\" width=\"120\" height=\"120\" class=\"d-flex max-w-100 w-100 h-100\"><\/picture>\n          <\/div>\n                  <div class=\"d-flex flex-column w-20 w-lg-12 mb-25\">\n            <picture><source srcset=\"https:\/\/assets.lightsourcebp.staging.1int.co.uk\/app\/uploads\/2022\/12\/28234532\/sdg-13.png 120w, https:\/\/assets.lightsourcebp.staging.1int.co.uk\/app\/uploads\/2022\/12\/28234532\/sdg-13-80x80.png 80w\" sizes=\"\"><img loading=\"lazy\" decoding=\"async\" src=\"https:\/\/assets.lightsourcebp.staging.1int.co.uk\/app\/uploads\/2022\/12\/28234532\/sdg-13.png\" alt=\"\" width=\"120\" height=\"120\" class=\"d-flex max-w-100 w-100 h-100\"><\/picture>\n          <\/div>\n                  <div class=\"d-flex flex-column w-20 w-lg-12 mb-25\">\n            <picture><source srcset=\"https:\/\/assets.lightsourcebp.staging.1int.co.uk\/app\/uploads\/2022\/12\/28234528\/sdg-15.png 120w, https:\/\/assets.lightsourcebp.staging.1int.co.uk\/app\/uploads\/2022\/12\/28234528\/sdg-15-80x80.png 80w\" sizes=\"\"><img loading=\"lazy\" decoding=\"async\" src=\"https:\/\/assets.lightsourcebp.staging.1int.co.uk\/app\/uploads\/2022\/12\/28234528\/sdg-15.png\" alt=\"\" width=\"120\" height=\"120\" class=\"d-flex max-w-100 w-100 h-100\"><\/picture>\n          <\/div>\n              <\/div>\n      <div class=\"row\">\n        <div class=\"col-12\">\n          <div class=\"font-size-paragraph-large\">\n            <p><a href=\"https:\/\/sdgs.un.org\/goals\" target=\"_blank\" rel=\"noopener\">Wir unterst\u00fctzen die UN-Ziele f\u00fcr nachhaltige Entwicklung.<\/a><\/p>\n\n          <\/div>\n      <\/div>\n    <\/div>\n\n  <div class=\"pt-30 pt-lg-100\"><\/div>\n<\/section>\n\n\n<section class=\"fifty-fifty align block_acf-block-6852f129b8aa3 block bg-color-white position-relative z-1 overflow-hidden\">\n        <div class=\"pt-30 pt-lg-15\"><\/div>\n\n    \n    <div class=\"fifty-fifty__row\">\n      <div class=\"container \">\n        <div class=\"row align-items-center\">\n                      <div class=\"col-12 col-lg-6 col-xl-5 align-self-center fifty-left d-flex flex-column order-2 order-lg-1\">\n                                                                  <h2 class=\"mb-20 \">Mit Solarstrom nachhaltig die Welt versorgen <\/h2>\n                                                                                                                                                                <div class=\"flex flex-column w-100 line-height-level-6 mb-15 fifty-fifty__text font-size-paragraph-large  fg-color-navy-text \">\n                    <p>Nachhaltigkeit ist als einer unserer Grundwerte fest in der Unternehmensstrategie verankert. Bei Lightsource bp ist das gesamte Gesch\u00e4ftsmodell langfristig ausgerichtet. In unserem t\u00e4glichen Handeln finden wir aktiv L\u00f6sungen f\u00fcr die Herausforderungen des Klimawandels, versorgen die Industrie mit gr\u00fcnem Strom und begegnen dem Verlust der Biodiversit\u00e4t.<\/p>\n<p>2021 haben wir unser Nachhaltigkeitskonzept vorgestellt, das auf drei S\u00e4ulen fu\u00dft: Energie, Umwelt und Menschen. Wir <span class=\"Y2IQFc\" lang=\"de\">ver\u00f6ffentlichen auch j\u00e4hrlich <\/span>\u202f<a href=\"https:\/\/assets.lightsourcebp.staging.1int.co.uk\/app\/uploads\/2025\/05\/28103225\/Lightsource-bp-Sustainability-Report-2024-1.pdf?_gl=1*rxvidb*_gcl_au*MjEzNjcxODcyOS4xNzQ2NTMyMjg1\" target=\"_blank\" rel=\"noopener\">Nachhaltigkeitsbericht<\/a>.<\/p>\n\n                  <\/div>\n                                                                                                          <\/div>\n                                <div class=\"col-12 col-lg-6 col-xl-6 offset-xl-1 align-self-center fifty-right d-flex flex-column mb-lg-0 mt-lg-0 order-3 order-lg-1  mt-15 \">\n                                                                                                                <div class=\"flex flex-column w-100 mb-30 fifty-fifty__image\">\n                    <picture><source srcset=\"https:\/\/assets.lightsourcebp.staging.1int.co.uk\/app\/uploads\/2022\/12\/28234546\/rectangle-166.jpg 624w, https:\/\/assets.lightsourcebp.staging.1int.co.uk\/app\/uploads\/2022\/12\/28234546\/rectangle-166-300x189.jpg 300w, https:\/\/assets.lightsourcebp.staging.1int.co.uk\/app\/uploads\/2022\/12\/28234546\/rectangle-166-80x50.jpg 80w, https:\/\/assets.lightsourcebp.staging.1int.co.uk\/app\/uploads\/2022\/12\/28234546\/rectangle-166-150x94.jpg 150w, https:\/\/assets.lightsourcebp.staging.1int.co.uk\/app\/uploads\/2022\/12\/28234546\/rectangle-166-450x283.jpg 450w\" sizes=\"100vw\"><img loading=\"lazy\" decoding=\"async\" src=\"https:\/\/assets.lightsourcebp.staging.1int.co.uk\/app\/uploads\/2022\/12\/28234546\/rectangle-166.jpg\" alt=\"\" width=\"624\" height=\"393\" class=\"d-flex max-w-100 w-100 h-auto mx-auto fit-cover rounded-10px\"><\/picture>\n                  <\/div>\n                                                                          <\/div>\n                  <\/div>\n      <\/div>\n    <\/div>\n\n  <div class=\"pt-30 pt-lg-100\"><\/div>\n  <\/section>\n\n\n<section class=\"fifty-fifty align block_acf-block-667442261e48c block bg-color-white position-relative z-1 overflow-hidden\">\n        <div class=\"pt-30 pt-lg-15\"><\/div>\n\n    \n    <div class=\"fifty-fifty__row\">\n      <div class=\"container \">\n        <div class=\"row align-items-center\">\n                      <div class=\"col-12 col-lg-6 col-xl-5 align-self-center fifty-left d-flex flex-column order-2 order-lg-1\">\n                                                                                                                <div class=\"flex flex-column w-100 mb-30 fifty-fifty__image\">\n                    <picture><source srcset=\"https:\/\/assets.lightsourcebp.staging.1int.co.uk\/app\/uploads\/2022\/10\/26234019\/solor-power-for-our-world.png 442w, https:\/\/assets.lightsourcebp.staging.1int.co.uk\/app\/uploads\/2022\/10\/26234019\/solor-power-for-our-world-300x300.png 300w, https:\/\/assets.lightsourcebp.staging.1int.co.uk\/app\/uploads\/2022\/10\/26234019\/solor-power-for-our-world-150x150.png 150w, https:\/\/assets.lightsourcebp.staging.1int.co.uk\/app\/uploads\/2022\/10\/26234019\/solor-power-for-our-world-80x80.png 80w\" sizes=\"100vw\"><img loading=\"lazy\" decoding=\"async\" src=\"https:\/\/assets.lightsourcebp.staging.1int.co.uk\/app\/uploads\/2022\/10\/26234019\/solor-power-for-our-world.png\" alt=\"\" width=\"442\" height=\"442\" class=\"d-flex max-w-100 w-100 h-auto mx-auto fit-cover rounded-10px\"><\/picture>\n                  <\/div>\n                                                          <\/div>\n                                <div class=\"col-12 col-lg-6 col-xl-6 offset-xl-1 align-self-center fifty-right d-flex flex-column mb-lg-0 mt-lg-0 order-3 order-lg-1  mt-15 \">\n                                                                  <h2 class=\"mb-20 \">Solarprojekte als zentraler Beitrag zur globalen Nachhaltigkeit<\/h2>\n                                                                                                                                                                                <div class=\"flex flex-column w-100 line-height-level-6 mb-15 fifty-fifty__text font-size-paragraph-medium  fg-color-navy-text \">\n\n                    <p><span data-contrast=\"auto\">Bei Lightsource bp setzen wir uns f\u00fcr den Ausbau der Photovoltaik auf der ganzen Welt ein. Dabei leitet uns unser Nachhaltigkeitscodex, nach dem<\/span>\u00a0<span data-contrast=\"none\">das gesamte Gesch\u00e4ftsmodell <\/span><span data-contrast=\"auto\">von Lightsource bp ausgerichtet ist. Wir gestalten all unsere Aktivit\u00e4ten, Projekte und Partnerschaften langfristig und f\u00f6rdern so die globale Energiewende.<\/span><span data-ccp-props=\"{}\">\u00a0<\/span><\/p>\n<p><span data-contrast=\"auto\">Wir leisten einen bedeuteten Beitrag zur globalen Nachhaltigkeit, indem wir die weltweite durch die Kraft der Sonne nachhaltige Energie f\u00fcr die Industrie erzeugen. Unsere Solarprojekte werden dabei verantwortungsbewusst entwickelt und tragen ma\u00dfgeblich zur Umgestaltung des Energiesektors bei.<\/span><span data-ccp-props=\"{}\">\u00a0<\/span><\/p>\n\n                  <\/div>\n                                                                                                                          <\/div>\n                  <\/div>\n      <\/div>\n    <\/div>\n\n  <div class=\"pt-30 pt-lg-100\"><\/div>\n  <\/section>\n\n\n<section class=\"full-width-50-50-list-with-image align block_acf-block-667442261e517 block call-to-action\">\n    <div class=\"pt-60 pt-lg-30\"><\/div>\n\n  <div class=\"container-fluid z-2\">\n    <div class=\"row\">\n      <div class=\"col-12 col-lg-6 bg-color-orange-3-percent position-relative z-1 overflow-hidden pt-50 pb-50 pr-xl-130\">\n        <div class=\"d-flex flex-column flex-center h-100 px-15 px-md-50 py-60 py-lg-0\">\n                      <h3 class=\"mb-20\">Erfahren Sie mehr<\/h3>\n                                <div class=\"flex flex-column w-100 line-height-level-5 fg-color-navy-text mb-50\">\n              In einer sich rasch ver\u00e4ndernden globalen Energielandschaft m\u00fcssen wir auf die Klimakrise mit der gebotenen Dringlichkeit und Aufmerksamkeit reagieren. Im Folgenden erfahren Sie mehr \u00fcber die wichtigsten Bereiche unserer Nachhaltigkeitsstrategie.\n            <\/div>\n                                              <div class=\"mb-30 border-bottom-1px border-solid border-left-0 border-right-0 border-top-0 border-color-beige w-100\">\n                <a class=\"call-to-action-hover-link d-block\" target=\"\" href=\"https:\/\/lightsourcebp.staging.1int.co.uk\/de\/nachhaltigkeit\/verantwortung-fuer-die-umwelt\/\" data-image-ref=\"1\">\n                  <div class=\"d-flex\">\n                    <div class=\"d-flex flex-grow-1 flex-column\">\n                      <h4 class=\"call-to-action-hover-link__title fg-color-orange mb-10\">Aus unserem Selbstverst\u00e4ndnis f\u00fcr unsere Umwelt\u2026<\/h4>\n                      <p class=\"call-to-action-hover-link__text fg-color-navy-text line-height-level-5\">Wir setzen neue Ma\u00dfst\u00e4be, um wissenschaftlich fundierte Klimaschutzma\u00dfnahmen zu ergreifen, \u00d6kosysteme und Biodiversit\u00e4t zu sch\u00fctzen, und die Kreislaufwirtschaft zu verbessern.<\/p>\n                    <\/div>\n                    <div class=\"mb-2 d-flex flex-end flex-middle fg-color-orange w-80px w-lg-140px pl-20\">\n                      <svg xmlns=\"http:\/\/www.w3.org\/2000\/svg\" width=\"8\" height=\"14\" fill=\"none\"><path stroke=\"currentColor\" stroke-linecap=\"round\" stroke-linejoin=\"round\" stroke-width=\"2\" d=\"M1 13l6-6-6-6\"\/><\/svg>\n                    <\/div>\n                  <\/div>\n                <\/a>\n              <\/div>\n                          <div class=\"mb-30 border-bottom-1px border-solid border-left-0 border-right-0 border-top-0 border-color-beige w-100\">\n                <a class=\"call-to-action-hover-link d-block\" target=\"\" href=\"https:\/\/lightsourcebp.staging.1int.co.uk\/de\/nachhaltigkeit\/energie\/\" data-image-ref=\"2\">\n                  <div class=\"d-flex\">\n                    <div class=\"d-flex flex-grow-1 flex-column\">\n                      <h4 class=\"call-to-action-hover-link__title fg-color-orange mb-10\">\u00fcber erneuerbaren Solarstrom\u2026<\/h4>\n                      <p class=\"call-to-action-hover-link__text fg-color-navy-text line-height-level-5\">Erneuerbare Energien wie Solarenergie sind die beste Wahl f\u00fcr eine nachhaltige Energieversorgung.<\/p>\n                    <\/div>\n                    <div class=\"mb-2 d-flex flex-end flex-middle fg-color-orange w-80px w-lg-140px pl-20\">\n                      <svg xmlns=\"http:\/\/www.w3.org\/2000\/svg\" width=\"8\" height=\"14\" fill=\"none\"><path stroke=\"currentColor\" stroke-linecap=\"round\" stroke-linejoin=\"round\" stroke-width=\"2\" d=\"M1 13l6-6-6-6\"\/><\/svg>\n                    <\/div>\n                  <\/div>\n                <\/a>\n              <\/div>\n                          <div class=\"mb-30 border-bottom-1px border-solid border-left-0 border-right-0 border-top-0 border-color-beige w-100\">\n                <a class=\"call-to-action-hover-link d-block\" target=\"\" href=\"https:\/\/lightsourcebp.staging.1int.co.uk\/de\/nachhaltigkeit\/soziale-verantwortung\/\" data-image-ref=\"3\">\n                  <div class=\"d-flex\">\n                    <div class=\"d-flex flex-grow-1 flex-column\">\n                      <h4 class=\"call-to-action-hover-link__title fg-color-orange mb-10\">auf dem Weg zu echten Ver\u00e4nderungen auf allen Ebenen&#8230;<\/h4>\n                      <p class=\"call-to-action-hover-link__text fg-color-navy-text line-height-level-5\">Wir wollen ein gerechtes Unternehmen schaffen, das positive soziale Auswirkungen f\u00fcr unsere Mitarbeitenden, Partner und Gemeinden hat.\r\nErfahren Sie mehr \u00fcber unser soziales Engagement, von Menschen \u00fcber die Lieferkette bis hin zu lokalen Gemeinschaften und Stiftungsorganisationen. <\/p>\n                    <\/div>\n                    <div class=\"mb-2 d-flex flex-end flex-middle fg-color-orange w-80px w-lg-140px pl-20\">\n                      <svg xmlns=\"http:\/\/www.w3.org\/2000\/svg\" width=\"8\" height=\"14\" fill=\"none\"><path stroke=\"currentColor\" stroke-linecap=\"round\" stroke-linejoin=\"round\" stroke-width=\"2\" d=\"M1 13l6-6-6-6\"\/><\/svg>\n                    <\/div>\n                  <\/div>\n                <\/a>\n              <\/div>\n                              <\/div>\n      <\/div>\n      <div class=\"col-12 col-lg-6 position-relative px-0\">\n        <picture><source srcset=\"https:\/\/assets.lightsourcebp.staging.1int.co.uk\/app\/uploads\/2022\/10\/26234012\/find-out-more-image-min.jpg 770w, https:\/\/assets.lightsourcebp.staging.1int.co.uk\/app\/uploads\/2022\/10\/26234012\/find-out-more-image-min-276x300.jpg 276w, https:\/\/assets.lightsourcebp.staging.1int.co.uk\/app\/uploads\/2022\/10\/26234012\/find-out-more-image-min-80x87.jpg 80w, https:\/\/assets.lightsourcebp.staging.1int.co.uk\/app\/uploads\/2022\/10\/26234012\/find-out-more-image-min-150x163.jpg 150w, https:\/\/assets.lightsourcebp.staging.1int.co.uk\/app\/uploads\/2022\/10\/26234012\/find-out-more-image-min-300x326.jpg 300w, https:\/\/assets.lightsourcebp.staging.1int.co.uk\/app\/uploads\/2022\/10\/26234012\/find-out-more-image-min-450x489.jpg 450w, https:\/\/assets.lightsourcebp.staging.1int.co.uk\/app\/uploads\/2022\/10\/26234012\/find-out-more-image-min-767x834.jpg 767w\" sizes=\"\"><img loading=\"lazy\" decoding=\"async\" src=\"https:\/\/assets.lightsourcebp.staging.1int.co.uk\/app\/uploads\/2022\/10\/26234012\/find-out-more-image-min.jpg\" alt=\"\" width=\"770\" height=\"837\" class=\"w-100 h-100 object-fit-cover\"><\/picture>\n                  <div class=\"call-to-action-hover-images position-absolute top-0 right-0 bottom-0 left-0\">\n                          <div class=\"call-to-action-hover-image position-absolute top-0 right-0 bottom-0 left-0\"  data-link-ref=\"1\">\n                <picture><source srcset=\"https:\/\/assets.lightsourcebp.staging.1int.co.uk\/app\/uploads\/2022\/12\/28234557\/environmental-stewardship-promo.jpg 700w, https:\/\/assets.lightsourcebp.staging.1int.co.uk\/app\/uploads\/2022\/12\/28234557\/environmental-stewardship-promo-300x285.jpg 300w, https:\/\/assets.lightsourcebp.staging.1int.co.uk\/app\/uploads\/2022\/12\/28234557\/environmental-stewardship-promo-80x76.jpg 80w, https:\/\/assets.lightsourcebp.staging.1int.co.uk\/app\/uploads\/2022\/12\/28234557\/environmental-stewardship-promo-150x142.jpg 150w, https:\/\/assets.lightsourcebp.staging.1int.co.uk\/app\/uploads\/2022\/12\/28234557\/environmental-stewardship-promo-450x427.jpg 450w\" sizes=\"\"><img loading=\"lazy\" decoding=\"async\" src=\"https:\/\/assets.lightsourcebp.staging.1int.co.uk\/app\/uploads\/2022\/12\/28234557\/environmental-stewardship-promo.jpg\" alt=\"\" width=\"700\" height=\"664\" class=\"w-100 h-100 object-fit-cover\"><\/picture>\n              <\/div>\n                          <div class=\"call-to-action-hover-image position-absolute top-0 right-0 bottom-0 left-0\"  data-link-ref=\"2\">\n                <picture><source srcset=\"https:\/\/assets.lightsourcebp.staging.1int.co.uk\/app\/uploads\/2022\/12\/28234601\/energy-promo.jpg 700w, https:\/\/assets.lightsourcebp.staging.1int.co.uk\/app\/uploads\/2022\/12\/28234601\/energy-promo-300x285.jpg 300w, https:\/\/assets.lightsourcebp.staging.1int.co.uk\/app\/uploads\/2022\/12\/28234601\/energy-promo-80x76.jpg 80w, https:\/\/assets.lightsourcebp.staging.1int.co.uk\/app\/uploads\/2022\/12\/28234601\/energy-promo-150x142.jpg 150w, https:\/\/assets.lightsourcebp.staging.1int.co.uk\/app\/uploads\/2022\/12\/28234601\/energy-promo-450x427.jpg 450w\" sizes=\"\"><img loading=\"lazy\" decoding=\"async\" src=\"https:\/\/assets.lightsourcebp.staging.1int.co.uk\/app\/uploads\/2022\/12\/28234601\/energy-promo.jpg\" alt=\"\" width=\"700\" height=\"664\" class=\"w-100 h-100 object-fit-cover\"><\/picture>\n              <\/div>\n                          <div class=\"call-to-action-hover-image position-absolute top-0 right-0 bottom-0 left-0\"  data-link-ref=\"3\">\n                <picture><source srcset=\"https:\/\/assets.lightsourcebp.staging.1int.co.uk\/app\/uploads\/2022\/12\/28234522\/social-rsponsibility-promo.jpg 700w, https:\/\/assets.lightsourcebp.staging.1int.co.uk\/app\/uploads\/2022\/12\/28234522\/social-rsponsibility-promo-300x285.jpg 300w, https:\/\/assets.lightsourcebp.staging.1int.co.uk\/app\/uploads\/2022\/12\/28234522\/social-rsponsibility-promo-80x76.jpg 80w, https:\/\/assets.lightsourcebp.staging.1int.co.uk\/app\/uploads\/2022\/12\/28234522\/social-rsponsibility-promo-150x142.jpg 150w, https:\/\/assets.lightsourcebp.staging.1int.co.uk\/app\/uploads\/2022\/12\/28234522\/social-rsponsibility-promo-450x427.jpg 450w\" sizes=\"\"><img loading=\"lazy\" decoding=\"async\" src=\"https:\/\/assets.lightsourcebp.staging.1int.co.uk\/app\/uploads\/2022\/12\/28234522\/social-rsponsibility-promo.jpg\" alt=\"\" width=\"700\" height=\"664\" class=\"w-100 h-100 object-fit-cover\"><\/picture>\n              <\/div>\n                      <\/div>\n              <\/div>\n    <\/div>\n  <\/div>\n<\/section>\n\n\n<section class=\"call-to-action align block_acf-block-667442261e596 block call-to-action\">\n  <div class=\"pt-0 pt-lg-0\"><\/div>\n  \n  <div class=\"container-fluid z-2\">\n\n    <div class=\"row\">\n      <div class=\"col-12 col-lg-6 pl-0 pr-0\">\n        <picture><source srcset=\"https:\/\/assets.lightsourcebp.staging.1int.co.uk\/app\/uploads\/2022\/10\/27003249\/careers-cta.jpg 770w, https:\/\/assets.lightsourcebp.staging.1int.co.uk\/app\/uploads\/2022\/10\/27003249\/careers-cta-300x238.jpg 300w, https:\/\/assets.lightsourcebp.staging.1int.co.uk\/app\/uploads\/2022\/10\/27003249\/careers-cta-80x63.jpg 80w, https:\/\/assets.lightsourcebp.staging.1int.co.uk\/app\/uploads\/2022\/10\/27003249\/careers-cta-150x119.jpg 150w, https:\/\/assets.lightsourcebp.staging.1int.co.uk\/app\/uploads\/2022\/10\/27003249\/careers-cta-450x356.jpg 450w, https:\/\/assets.lightsourcebp.staging.1int.co.uk\/app\/uploads\/2022\/10\/27003249\/careers-cta-767x608.jpg 767w\" sizes=\"\"><img loading=\"lazy\" decoding=\"async\" src=\"https:\/\/assets.lightsourcebp.staging.1int.co.uk\/app\/uploads\/2022\/10\/27003249\/careers-cta.jpg\" alt=\"\" width=\"770\" height=\"610\" class=\"w-100 w-lg-101 h-100 object-fit-cover ml--15px\"><\/picture>\n      <\/div>\n      <div class=\"col-12 col-lg-6 bg-color-gradient position-relative z-1 overflow-hidden\">\n\n                  <img decoding=\"async\" class=\"position-absolute top-n20 right-n190 right-sm-n116 right-xxl-n68 rotate-230 -z-1\" src=\"https:\/\/lightsourcebp.staging.1int.co.uk\/app\/themes\/lightsourcebp-theme\/dist\/images\/global\/background-swirls-alt-red_935dfcd0.png\" alt=\"\" \/>\n        \n        <div class=\"d-flex flex-column flex-center h-100 px-15 px-md-50 py-60 py-lg-30 py-xxl-0\">\n                      <span class=\"d-flex font-size-navigation font-weight-semi-bold mb-15 text-transform-uppercase letter-spacing-title fg-color-gradient\">Karriere<\/span>\n                                <h2 class=\"mb-20 fg-color-white\">Deine Karriere bei Lightsource bp<\/h2>\n                                <div class=\"flex flex-column w-100 rich-text fg-color-white\">\n              <p>Du suchst nach einer Karriere in einem innovativen und zukunftsf\u00e4higen Unternehmen? Es ist Dir wichtig in einem Positiven Umfeld zu arbeiten, mit Menschen, die Deine Art und Weise sch\u00e4tzen und Dich wahrnehmen? Du hast Leidenschaft f\u00fcr eine nachhaltige Welt? Gemeinsam wollen wir Gro\u00dfes erreichen \u2013 sei dabei und bewirb Dich jetzt!<\/p>\n\n            <\/div>\n                                            <div class=\"d-inline-flex w-100 button-container mb-15\">\n              <a class=\"button button--gradient my-0 mr-auto\" href=\"https:\/\/lightsourcebp.staging.1int.co.uk\/de\/karriere\/\" target=\"_self\"><span>Entdecke Deine Karriere bei Lightsource bp<\/span> <svg xmlns=\"http:\/\/www.w3.org\/2000\/svg\" width=\"8\" height=\"14\" fill=\"none\"><path stroke=\"currentColor\" stroke-linecap=\"round\" stroke-linejoin=\"round\" stroke-width=\"2\" d=\"m1 13 6-6-6-6\"\/><\/svg><\/a>\n            <\/div>\n                  <\/div>\n      <\/div>\n    <\/div>\n  <\/div>\n  <div class=\"pt-0 pt-lg-0\"><\/div>\n  <\/section>\n","protected":false},"excerpt":{"rendered":"","protected":false},"author":14,"featured_media":299361,"parent":0,"menu_order":0,"comment_status":"closed","ping_status":"closed","template":"","meta":{"_acf_changed":false,"inline_featured_image":false,"footnotes":""},"class_list":["post-308219","page","type-page","status-publish","has-post-thumbnail","hentry"],"acf":[],"aioseo_notices":[],"_links":{"self":[{"href":"https:\/\/lightsourcebp.staging.1int.co.uk\/de\/wp-json\/wp\/v2\/pages\/308219","targetHints":{"allow":["GET"]}}],"collection":[{"href":"https:\/\/lightsourcebp.staging.1int.co.uk\/de\/wp-json\/wp\/v2\/pages"}],"about":[{"href":"https:\/\/lightsourcebp.staging.1int.co.uk\/de\/wp-json\/wp\/v2\/types\/page"}],"author":[{"embeddable":true,"href":"https:\/\/lightsourcebp.staging.1int.co.uk\/de\/wp-json\/wp\/v2\/users\/14"}],"replies":[{"embeddable":true,"href":"https:\/\/lightsourcebp.staging.1int.co.uk\/de\/wp-json\/wp\/v2\/comments?post=308219"}],"version-history":[{"count":51,"href":"https:\/\/lightsourcebp.staging.1int.co.uk\/de\/wp-json\/wp\/v2\/pages\/308219\/revisions"}],"predecessor-version":[{"id":465008,"href":"https:\/\/lightsourcebp.staging.1int.co.uk\/de\/wp-json\/wp\/v2\/pages\/308219\/revisions\/465008"}],"wp:featuredmedia":[{"embeddable":true,"href":"https:\/\/lightsourcebp.staging.1int.co.uk\/de\/wp-json\/wp\/v2\/media\/299361"}],"wp:attachment":[{"href":"https:\/\/lightsourcebp.staging.1int.co.uk\/de\/wp-json\/wp\/v2\/media?parent=308219"}],"curies":[{"name":"wp","href":"https:\/\/api.w.org\/{rel}","templated":true}]}}