{"id":308362,"date":"2023-11-07T15:33:36","date_gmt":"2023-11-07T15:33:36","guid":{"rendered":"https:\/\/lightsourcebp.staging.1int.co.uk\/?page_id=308362"},"modified":"2026-01-21T10:00:24","modified_gmt":"2026-01-21T10:00:24","slug":"uber-uns","status":"publish","type":"page","link":"https:\/\/lightsourcebp.staging.1int.co.uk\/de\/uber-uns\/","title":{"rendered":"\u00dcber uns"},"content":{"rendered":"<section class=\"block-page-title bg-color-white\">\n  <div class=\"pt-60 pt-lg-100\"><\/div>\n\n  <div class=\"container\">\n    <div class=\"row\">\n      <div class=\"col-12\">\n                <h1 class=\"fg-color-gradient\">\u00dcber uns<\/h1>\n      <\/div>\n    <\/div>\n  <\/div>\n\n  <div class=\"pt-60 pt-lg-100\"><\/div>\n<\/section>\n  \n\n\n<section class=\"banner-single position-relative\">\n  <div class=\"container-fluid\">\n    <div class=\"row\">\n      <div class=\"col-12 px-0\">\n                <div class=\"position-relative w-100 h-100 aspect-ratio-banner object-fit-cover\">\n          <picture>\n                    <source srcset=\"https:\/\/assets.lightsourcebp.staging.1int.co.uk\/app\/uploads\/2023\/02\/26204733\/about-banner-aspect-ratio-450-490-450x489.jpg, https:\/\/assets.lightsourcebp.staging.1int.co.uk\/app\/uploads\/2023\/02\/26204733\/about-banner-aspect-ratio-450-490.jpg 2x\"\n                          media=\"(max-width: 575px)\">\n                    <source srcset=\"https:\/\/assets.lightsourcebp.staging.1int.co.uk\/app\/uploads\/2022\/12\/28235511\/about-banner-aspect-ratio-1550-600-1-1000x387.jpg, https:\/\/assets.lightsourcebp.staging.1int.co.uk\/app\/uploads\/2022\/12\/28235511\/about-banner-aspect-ratio-1550-600-1.jpg 2x\"\n                          media=\"(min-width: 576px) and (max-width: 991px)\">\n                    <source srcset=\"https:\/\/assets.lightsourcebp.staging.1int.co.uk\/app\/uploads\/2022\/12\/28235511\/about-banner-aspect-ratio-1550-600-1.jpg, https:\/\/assets.lightsourcebp.staging.1int.co.uk\/app\/uploads\/2022\/12\/28235511\/about-banner-aspect-ratio-1550-600-1.jpg 2x\"\n                          media=\"(min-width: 992px)\">\n                    <img loading=\"lazy\" decoding=\"async\" src=\"https:\/\/assets.lightsourcebp.staging.1int.co.uk\/app\/uploads\/2022\/12\/28235511\/about-banner-aspect-ratio-1550-600-1.jpg\" alt=\"\"\n                       srcset=\"https:\/\/assets.lightsourcebp.staging.1int.co.uk\/app\/uploads\/2022\/12\/28235511\/about-banner-aspect-ratio-1550-600-1.jpg 2x\"\n                       sizes=\"auto, 100vw\"\n                       class=\"position-absolute w-100 h-100 left-0 top-0 object-fit-cover\"\n                       width=\"1540\"\n                       height=\"596\">\n                <\/picture>\n        <\/div>\n              <\/div>\n    <\/div>\n  <\/div>\n<\/section>\n\n\n<section class=\"text align block_acf-block-68cc234c140ff block bg-color-white position-relative z-1 overflow-hidden\">\n    <div class=\"pt-60 pt-lg-100\"><\/div>\n\n  \n  <div class=\"container \">\n    <div class=\"row\">\n      <div class=\"col-12 col-md-9\">\n        <span class=\"rich-text large-text fg-color-navy\">\n          <p>Wir, Lightsource bp, haben uns zum Ziel gesetzt, ein weltweit f\u00fchrendes Unternehmen im Bereich der erneuerbaren Energien zu werden, gest\u00fctzt auf unsere nachweisliche Erfolgsbilanz bei der Entwicklung von Solarprojekten. Seit \u00fcber einem Jahrzehnt setzen wir uns aktiv daf\u00fcr ein, die weltweite Energieversorgung durch nachhaltige und verantwortungsvoll produzierte Energie zu diversifizieren. Wir arbeiten an der sicheren Bereitstellung von erschwinglicher, zuverl\u00e4ssiger Produktion von erneuerbarer Energie und deren Speicherungen, um die Welt bei der Dekarbonisierung zu unterst\u00fctzen.<\/p>\n<p>Unser wachsendes Unternehmen ist st\u00e4ndig auf der Suche nach Innovationen und Investitionen, um die Energiewende voranzutreiben. Unsere Mitarbeiter und Projekte sind darauf ausgerichtet, langfristiges, nachhaltiges Wachstum und Energiesicherheit zu f\u00f6rdern.<\/p>\n\n        <\/span>\n      <\/div>\n    <\/div>\n  <\/div>\n\n  <div class=\"pt-30 pt-lg-30\"><\/div>\n<\/section>\n\n\n<section class=\"cards-with-icon-grid align block_acf-block-68d51480e6793 block bg-color-white\">\n  <div class=\"pt-30 pt-lg-30\"><\/div>\n\n  <div class=\"container\">\n        <div class=\"row flex-center\">\n                        <div class=\"col-6 col-md-4 mb-30\">\n            <div class=\"d-flex flex-column flex-middle text-center  \">\n                              <div class=\"w-75px h-75px d-flex flex-column flex-middle mb-25\">\n                  <picture><source srcset=\"https:\/\/assets.lightsourcebp.staging.1int.co.uk\/app\/uploads\/2025\/09\/12094509\/GLB-Operational-Construction-digger-icon.png 100w, https:\/\/assets.lightsourcebp.staging.1int.co.uk\/app\/uploads\/2025\/09\/12094509\/GLB-Operational-Construction-digger-icon-80x80.png 80w\" sizes=\"\"><img loading=\"lazy\" decoding=\"async\" src=\"https:\/\/assets.lightsourcebp.staging.1int.co.uk\/app\/uploads\/2025\/09\/12094509\/GLB-Operational-Construction-digger-icon.png\" alt=\"\" width=\"100\" height=\"100\" class=\"d-flex w-100 h-100\"><\/picture>\n                <\/div>\n              \n              <h3 class=\"mb-20 font-size-h2   \">\n                                  <span class=\"value \" number=\"5.3\">0<\/span>\n                \n                                  <span class=\" ml-n5px\">GW<\/span>\n                              <\/h3>\n\n              <p class=\"line-height-level-6 w-100 w-lg-90 font-weight-bold fg-color-navy-text \">Portfolio von Anlagen im Bau und in Betrieb*<\/p>\n\n                          <\/div>\n          <\/div>\n                  <div class=\"col-6 col-md-4 mb-30\">\n            <div class=\"d-flex flex-column flex-middle text-center  \">\n                              <div class=\"w-75px h-75px d-flex flex-column flex-middle mb-25\">\n                  <picture><source srcset=\"https:\/\/assets.lightsourcebp.staging.1int.co.uk\/app\/uploads\/2025\/09\/12094728\/GLB-wind-solar-storage-pipeline-icon.png 100w, https:\/\/assets.lightsourcebp.staging.1int.co.uk\/app\/uploads\/2025\/09\/12094728\/GLB-wind-solar-storage-pipeline-icon-80x78.png 80w\" sizes=\"\"><img loading=\"lazy\" decoding=\"async\" src=\"https:\/\/assets.lightsourcebp.staging.1int.co.uk\/app\/uploads\/2025\/09\/12094728\/GLB-wind-solar-storage-pipeline-icon.png\" alt=\"\" width=\"100\" height=\"97\" class=\"d-flex w-100 h-100\"><\/picture>\n                <\/div>\n              \n              <h3 class=\"mb-20 font-size-h2   \">\n                                  <span class=\"value \" number=\"55\">0<\/span>\n                \n                                  <span class=\" ml-n5px\">GW+<\/span>\n                              <\/h3>\n\n              <p class=\"line-height-level-6 w-100 w-lg-90 font-weight-bold fg-color-navy-text \">Entwicklungspipeline**<\/p>\n\n                          <\/div>\n          <\/div>\n                  <\/div>\n  <\/div>\n\n  <div class=\"pt-30 pt-lg-30\"><\/div>\n<\/section>\n\n\n<section class=\"fifty-fifty align block_acf-block-68cc234c16b16 block bg-color-white position-relative z-1 overflow-hidden\">\n        <div class=\"pt-30 pt-lg-30\"><\/div>\n\n    \n    <div class=\"fifty-fifty__row\">\n      <div class=\"container \">\n        <div class=\"row align-items-center\">\n                      <div class=\"col-12 col-lg-6 col-xl-5 align-self-center fifty-left d-flex flex-column order-2 order-lg-1\">\n                                                                  <h2 class=\"mb-20 \">Nachhaltige Solarprojekte weltweit<\/h2>\n                                                                                                                                                                <div class=\"flex flex-column w-100 line-height-level-6 mb-15 fifty-fifty__text font-size-paragraph-medium  fg-color-navy-text \">\n                    <p>Unsere verantwortungsvoll entwickelten Projekte im Versorgungsma\u00dfstab liefern erschwingliche und nachhaltige Energie f\u00fcr Unternehmen und Gemeinden auf der ganzen Welt. Unsere Projekte basieren auf unseren Grundwerten, mit dem Fokus auf ethische Werte und der Unterst\u00fctzung der Energiewende. Erfahren Sie mehr dar\u00fcber, wie unsere Projekte die lokale Biodiversit\u00e4t f\u00f6rdern, die landwirtschaftliche Fl\u00e4chennutzung unterst\u00fctzen und lokale Wirtschaften st\u00e4rken.<\/p>\n\n                  <\/div>\n                                                                                                                                                                                  <div class=\"d-inline-flex w-100 button-container mb-15\">\n                    <a class=\"button button--gradient my-0 mr-auto\" href=\"https:\/\/lightsourcebp.staging.1int.co.uk\/projects\" target=\"_blank\"><span>Entdecken Sie unsere Projekte<\/span> <svg xmlns=\"http:\/\/www.w3.org\/2000\/svg\" width=\"8\" height=\"14\" fill=\"none\"><path stroke=\"currentColor\" stroke-linecap=\"round\" stroke-linejoin=\"round\" stroke-width=\"2\" d=\"m1 13 6-6-6-6\"\/><\/svg><\/a>\n                  <\/div>\n                                                                                          <\/div>\n                                <div class=\"col-12 col-lg-6 col-xl-6 offset-xl-1 align-self-center fifty-right d-flex flex-column mb-lg-0 mt-lg-0 order-3 order-lg-1  mt-15 \">\n                                                                                                                <div class=\"flex flex-column w-100 mb-30 fifty-fifty__image\">\n                    <picture><source srcset=\"https:\/\/assets.lightsourcebp.staging.1int.co.uk\/app\/uploads\/2023\/09\/23164542\/Lightsource-bp-partenaire-solide.jpg 624w, https:\/\/assets.lightsourcebp.staging.1int.co.uk\/app\/uploads\/2023\/09\/23164542\/Lightsource-bp-partenaire-solide-300x189.jpg 300w, https:\/\/assets.lightsourcebp.staging.1int.co.uk\/app\/uploads\/2023\/09\/23164542\/Lightsource-bp-partenaire-solide-80x50.jpg 80w, https:\/\/assets.lightsourcebp.staging.1int.co.uk\/app\/uploads\/2023\/09\/23164542\/Lightsource-bp-partenaire-solide-150x94.jpg 150w, https:\/\/assets.lightsourcebp.staging.1int.co.uk\/app\/uploads\/2023\/09\/23164542\/Lightsource-bp-partenaire-solide-450x283.jpg 450w\" sizes=\"100vw\"><img loading=\"lazy\" decoding=\"async\" src=\"https:\/\/assets.lightsourcebp.staging.1int.co.uk\/app\/uploads\/2023\/09\/23164542\/Lightsource-bp-partenaire-solide.jpg\" alt=\"\" width=\"624\" height=\"393\" class=\"d-flex max-w-100 w-100 h-auto mx-auto fit-cover rounded-10px\"><\/picture>\n                  <\/div>\n                                                                          <\/div>\n                  <\/div>\n      <\/div>\n    <\/div>\n\n  <div class=\"pt-30 pt-lg-30\"><\/div>\n  <\/section>\n\n\n<section class=\"fifty-fifty align block_acf-block-6970a3b669690 block bg-color-orange-3-percent position-relative z-1 overflow-hidden\">\n        <div class=\"pt-30 pt-lg-30\"><\/div>\n\n    \n    <div class=\"fifty-fifty__row\">\n      <div class=\"container \">\n        <div class=\"row align-items-center\">\n                      <div class=\"col-12 col-lg-6 col-xl-6 align-self-center fifty-left d-flex flex-column order-2 order-lg-1\">\n                                                                                                                <div class=\"flex flex-column w-100 mb-30 fifty-fifty__image\">\n                    <picture><source srcset=\"https:\/\/assets.lightsourcebp.staging.1int.co.uk\/app\/uploads\/2023\/10\/13140408\/Power-markets-feature-featured-1.png 600w, https:\/\/assets.lightsourcebp.staging.1int.co.uk\/app\/uploads\/2023\/10\/13140408\/Power-markets-feature-featured-1-300x188.png 300w, https:\/\/assets.lightsourcebp.staging.1int.co.uk\/app\/uploads\/2023\/10\/13140408\/Power-markets-feature-featured-1-80x50.png 80w, https:\/\/assets.lightsourcebp.staging.1int.co.uk\/app\/uploads\/2023\/10\/13140408\/Power-markets-feature-featured-1-150x94.png 150w, https:\/\/assets.lightsourcebp.staging.1int.co.uk\/app\/uploads\/2023\/10\/13140408\/Power-markets-feature-featured-1-450x281.png 450w\" sizes=\"100vw\"><img loading=\"lazy\" decoding=\"async\" src=\"https:\/\/assets.lightsourcebp.staging.1int.co.uk\/app\/uploads\/2023\/10\/13140408\/Power-markets-feature-featured-1.png\" alt=\"Lightsource bp sign\" width=\"600\" height=\"375\" class=\"d-flex max-w-100 w-100 h-auto mx-auto fit-cover rounded-10px\"><\/picture>\n                  <\/div>\n                                                          <\/div>\n                                <div class=\"col-12 col-lg-6 col-xl-5 offset-xl-1 align-self-center fifty-right d-flex flex-column mb-lg-0 mt-lg-0 order-3 order-lg-1  mt-15 \">\n                                                                  <h2 class=\"mb-20 \">Unsere Wachstumsgeschichte<\/h2>\n                                                                                                                                                                                <div class=\"flex flex-column w-100 line-height-level-6 mb-15 fifty-fifty__text font-size-paragraph-medium  fg-color-navy-text \">\n\n                    <p>Lightsource bp wurde 2010 mit dem einzigen Ziel gegr\u00fcndet, Solarenergie im Versorgungsma\u00dfstab f\u00fcr unserer Welt zu entwickeln. Im Jahr 2015 weiteten wir unsere Gesch\u00e4ftst\u00e4tigkeiten auf die M\u00e4rkte in Europa, Amerika und Asien aus.<\/p>\n<p>Im Jahr 2017 gaben wir unsere Partnerschaft mit bp bekannt, benannten uns in Lightsource bp um und formulierten unsere gemeinsame Mission: den Einsatz von Solarenergie auf der ganzen Welt zu beschleunigen.<\/p>\n<p>Unsere Partnerschaft mit bp war der Wachstumsmotor f\u00fcr weitere Erfolge unserer Gesch\u00e4ftst\u00e4tigkeiten. Im Jahr 2024 erfolgte die vollst\u00e4ndige \u00dcbernahme durch bp und der Energiekonzern verdoppelte damit seine Investition in Lightsource bp.<\/p>\n<p>Wir werden weiterhin innovationsstark sein, investieren und Grenzen \u00fcberschreiten, um die Energiewende voranzutreiben, mit dem Ziel, einer der weltweit f\u00fchrenden Anbieter von erneuerbaren Energien zu werden.<\/p>\n<p>Auch wenn sich unser Unternehmen rasant weiterentwickelt hat, bleiben unser Team und die Entwicklung einer Kultur der Integration und Zugeh\u00f6rigkeit der st\u00e4ndige Antrieb unseres Erfolgs.<\/p>\n\n                  <\/div>\n                                                                                                                          <\/div>\n                  <\/div>\n      <\/div>\n    <\/div>\n\n  <div class=\"pt-30 pt-lg-30\"><\/div>\n  <\/section>\n\n\n<section class=\"fifty-fifty align block_acf-block-673b76948f551 block bg-color-white position-relative z-1 overflow-hidden\">\n        <div class=\"pt-30 pt-lg-30\"><\/div>\n\n    \n    <div class=\"fifty-fifty__row\">\n      <div class=\"container \">\n        <div class=\"row align-items-center\">\n                      <div class=\"col-12 col-lg-6 col-xl-5 align-self-center fifty-left d-flex flex-column order-2 order-lg-1\">\n                                                                  <h2 class=\"mb-20 \">Unsere Unternehmenskultur<\/h2>\n                                                                                                                                                                <div class=\"flex flex-column w-100 line-height-level-6 mb-15 fifty-fifty__text font-size-paragraph-medium  fg-color-navy-text \">\n                    <p><span data-contrast=\"auto\">Unsere Unternehmenskultur und unsere Mitarbeitenden machen uns zu dem, was wir sind. Wir lassen unseren Worten Taten folgen und setzen uns leidenschaftlich f\u00fcr Vielfalt und Integration ein.\u00a0<\/span><span data-ccp-props=\"{}\">\u00a0<\/span><\/p>\n<p><span data-contrast=\"auto\">Dieser Ansatz der Offenheit und Integrit\u00e4t zieht sich durch unser gesamtes Unternehmen und wird von unseren Mitarbeitenden, Kunden, und unseren lokalen Partnern gesch\u00e4tzt.<\/span><span data-ccp-props=\"{}\">\u00a0<\/span><\/p>\n<p><span data-contrast=\"auto\">Im Zentrum unser Unternehmensphilosophie steht der Anspruch, eine sichere Umgebung f\u00fcr unsere Mitarbeitenden und Partner zu schaffen.<\/span><\/p>\n\n                  <\/div>\n                                                                                                          <\/div>\n                                <div class=\"col-12 col-lg-6 col-xl-6 offset-xl-1 align-self-center fifty-right d-flex flex-column mb-lg-0 mt-lg-0 order-1 order-lg-1  mb-15 \">\n                                                                                                                <div class=\"flex flex-column w-100 mb-30 fifty-fifty__image\">\n                    <picture><source srcset=\"https:\/\/assets.lightsourcebp.staging.1int.co.uk\/app\/uploads\/2022\/12\/28235547\/our-culture-and-people.jpg 624w, https:\/\/assets.lightsourcebp.staging.1int.co.uk\/app\/uploads\/2022\/12\/28235547\/our-culture-and-people-300x169.jpg 300w, https:\/\/assets.lightsourcebp.staging.1int.co.uk\/app\/uploads\/2022\/12\/28235547\/our-culture-and-people-80x45.jpg 80w, https:\/\/assets.lightsourcebp.staging.1int.co.uk\/app\/uploads\/2022\/12\/28235547\/our-culture-and-people-150x84.jpg 150w, https:\/\/assets.lightsourcebp.staging.1int.co.uk\/app\/uploads\/2022\/12\/28235547\/our-culture-and-people-450x253.jpg 450w\" sizes=\"100vw\"><img loading=\"lazy\" decoding=\"async\" src=\"https:\/\/assets.lightsourcebp.staging.1int.co.uk\/app\/uploads\/2022\/12\/28235547\/our-culture-and-people.jpg\" alt=\"\" width=\"624\" height=\"351\" class=\"d-flex max-w-100 w-100 h-auto mx-auto fit-cover rounded-10px\"><\/picture>\n                  <\/div>\n                                                                          <\/div>\n                  <\/div>\n      <\/div>\n    <\/div>\n\n  <div class=\"pt-30 pt-lg-30\"><\/div>\n  <\/section>\n\n\n<section class=\"fifty-fifty align block_acf-block-673b76948f5e2 block bg-color-orange-3-percent position-relative z-1 overflow-hidden\">\n        <div class=\"pt-30 pt-lg-30\"><\/div>\n\n    \n    <div class=\"fifty-fifty__row\">\n      <div class=\"container \">\n        <div class=\"row align-items-center\">\n                      <div class=\"col-12 col-lg-6 col-xl-6 align-self-center fifty-left d-flex flex-column order-2 order-lg-1\">\n                                                                                                                <div class=\"flex flex-column w-100 mb-30 fifty-fifty__image\">\n                    <picture><source srcset=\"https:\/\/assets.lightsourcebp.staging.1int.co.uk\/app\/uploads\/2022\/11\/27002020\/co-location-wind-and-solar-min.jpg 624w, https:\/\/assets.lightsourcebp.staging.1int.co.uk\/app\/uploads\/2022\/11\/27002020\/co-location-wind-and-solar-min-300x187.jpg 300w, https:\/\/assets.lightsourcebp.staging.1int.co.uk\/app\/uploads\/2022\/11\/27002020\/co-location-wind-and-solar-min-80x50.jpg 80w, https:\/\/assets.lightsourcebp.staging.1int.co.uk\/app\/uploads\/2022\/11\/27002020\/co-location-wind-and-solar-min-150x94.jpg 150w, https:\/\/assets.lightsourcebp.staging.1int.co.uk\/app\/uploads\/2022\/11\/27002020\/co-location-wind-and-solar-min-450x281.jpg 450w\" sizes=\"100vw\"><img loading=\"lazy\" decoding=\"async\" src=\"https:\/\/assets.lightsourcebp.staging.1int.co.uk\/app\/uploads\/2022\/11\/27002020\/co-location-wind-and-solar-min.jpg\" alt=\"wind turbines and solar panels\" width=\"624\" height=\"389\" class=\"d-flex max-w-100 w-100 h-auto mx-auto fit-cover rounded-10px\"><\/picture>\n                  <\/div>\n                                                          <\/div>\n                                <div class=\"col-12 col-lg-6 col-xl-5 offset-xl-1 align-self-center fifty-right d-flex flex-column mb-lg-0 mt-lg-0 order-3 order-lg-1  mt-15 \">\n                                                                  <h2 class=\"mb-20 \">Solarenergie ist die Zukunft<\/h2>\n                                                                                                                                                                                <div class=\"flex flex-column w-100 line-height-level-6 mb-15 fifty-fifty__text font-size-paragraph-medium  fg-color-navy-text \">\n\n                    <p><span data-contrast=\"auto\">Photovoltaik ist kosteng\u00fcnstig, zuverl\u00e4ssig und leicht skalierbar. Es ist deshalb eine ideale L\u00f6sung f\u00fcr eine nachhaltige und sichere Energieversorgung.<\/span><span data-ccp-props=\"{}\">\u00a0<\/span><\/p>\n<p><span data-contrast=\"auto\">Wir unterst\u00fctzen mit unseren Produkten und unserer Unternehmensstrategie aktiv die Energiewende. Denn angesichts der Herausforderungen, vor die uns der Klimawandel stellt und des stetig wachsenden Energiebedarfs der Gesellschaft, brauchen wir neue Wege und L\u00f6sungen f\u00fcr unsere Gesellschaft. Deshalb nutzt Lightsource bp die Kraft der Sonne, um die Transformation der Energielandschaft zu unterst\u00fctzen.<\/span><span data-ccp-props=\"{}\">\u00a0<\/span><\/p>\n\n                  <\/div>\n                                                                                                                                                                                                  <div class=\"d-inline-flex w-100 button-container mb-15\">\n                    <a class=\"button button--gradient my-0 mr-auto\" href=\"https:\/\/lightsourcebp.staging.1int.co.uk\/about\/the-power-of-solar\/\" target=\"_blank\"><span>Entdecken Sie die Kraft der Sonne (Englisch)<\/span> <svg xmlns=\"http:\/\/www.w3.org\/2000\/svg\" width=\"8\" height=\"14\" fill=\"none\"><path stroke=\"currentColor\" stroke-linecap=\"round\" stroke-linejoin=\"round\" stroke-width=\"2\" d=\"m1 13 6-6-6-6\"\/><\/svg><\/a>\n                  <\/div>\n                                                                                                          <\/div>\n                  <\/div>\n      <\/div>\n    <\/div>\n\n  <div class=\"pt-30 pt-lg-30\"><\/div>\n  <\/section>\n\n\n<section class=\"text align block_acf-block-68d51480e6b6c block bg-color-white position-relative z-1 overflow-hidden\">\n    <div class=\"pt-30 pt-lg-30\"><\/div>\n\n  \n  <div class=\"container \">\n    <div class=\"row\">\n      <div class=\"col-12\">\n        <span class=\"rich-text standard-text fg-color-navy\">\n          <hr style=\"border: none; border-top: 1px solid #9b9b9b; margin: 6px 0 12px 0;\" \/>\n<p style=\"text-align: center; font-size: .9em; color: #9b9b9b;\">* Projekte in Betrieb und Projekte im Bau, im Besitz von Lightsource bp.<br \/>\n** Pipeline mit Entwicklungsstand Stufe 2 oder h\u00f6her, ohne Stufe 1 Leads.<\/p>\n\n        <\/span>\n      <\/div>\n    <\/div>\n  <\/div>\n\n  <div class=\"pt-30 pt-lg-30\"><\/div>\n<\/section>\n\n\n<section class=\"call-to-action align block_acf-block-68d51480e7141 block call-to-action\">\n  <div class=\"pt-0 pt-lg-0\"><\/div>\n  \n  <div class=\"container-fluid z-2\">\n\n    <div class=\"row\">\n      <div class=\"col-12 col-lg-6 pl-0 pr-0\">\n        <picture><source srcset=\"https:\/\/assets.lightsourcebp.staging.1int.co.uk\/app\/uploads\/2024\/09\/16141254\/GLB-Homepage-Careers-Cta-3.jpg 1000w, https:\/\/assets.lightsourcebp.staging.1int.co.uk\/app\/uploads\/2024\/09\/16141254\/GLB-Homepage-Careers-Cta-3-300x238.jpg 300w, https:\/\/assets.lightsourcebp.staging.1int.co.uk\/app\/uploads\/2024\/09\/16141254\/GLB-Homepage-Careers-Cta-3-80x63.jpg 80w, https:\/\/assets.lightsourcebp.staging.1int.co.uk\/app\/uploads\/2024\/09\/16141254\/GLB-Homepage-Careers-Cta-3-150x119.jpg 150w, https:\/\/assets.lightsourcebp.staging.1int.co.uk\/app\/uploads\/2024\/09\/16141254\/GLB-Homepage-Careers-Cta-3-450x356.jpg 450w, https:\/\/assets.lightsourcebp.staging.1int.co.uk\/app\/uploads\/2024\/09\/16141254\/GLB-Homepage-Careers-Cta-3-767x607.jpg 767w\" sizes=\"\"><img loading=\"lazy\" decoding=\"async\" src=\"https:\/\/assets.lightsourcebp.staging.1int.co.uk\/app\/uploads\/2024\/09\/16141254\/GLB-Homepage-Careers-Cta-3.jpg\" alt=\"Two female office workers working by their desks\" width=\"1000\" height=\"792\" class=\"w-100 w-lg-101 h-100 object-fit-cover ml--15px\"><\/picture>\n      <\/div>\n      <div class=\"col-12 col-lg-6 bg-color-gradient position-relative z-1 overflow-hidden\">\n\n                  <img decoding=\"async\" class=\"position-absolute top-n20 right-n190 right-sm-n116 right-xxl-n68 rotate-230 -z-1\" src=\"https:\/\/lightsourcebp.staging.1int.co.uk\/app\/themes\/lightsourcebp-theme\/dist\/images\/global\/background-swirls-alt-red_935dfcd0.png\" alt=\"\" \/>\n        \n        <div class=\"d-flex flex-column flex-center h-100 px-15 px-md-50 py-60 py-lg-30 py-xxl-0\">\n                      <span class=\"d-flex font-size-navigation font-weight-semi-bold mb-15 text-transform-uppercase letter-spacing-title fg-color-gradient\">Karriere<\/span>\n                                <h2 class=\"mb-20 fg-color-white\">Deine Karriere bei Lightsource bp<\/h2>\n                                <div class=\"flex flex-column w-100 rich-text fg-color-white\">\n              <p class=\"p1\">Du suchst nach einer Karriere in einem innovativen und zukunftsf\u00e4higen Unternehmen? Es ist Dir wichtig in einem Positiven Umfeld zu arbeiten, mit Menschen, die deine Art und Weise sch\u00e4tzen und Dich wahrnehmen? Du hast Leidenschaft f\u00fcr eine nachhaltige Welt? Gemeinsam wollen wir Gro\u00dfes erreichen \u2013 sei dabei und bewirb Dich jetzt!<\/p>\n\n            <\/div>\n                                            <div class=\"d-inline-flex w-100 button-container mb-15\">\n              <a class=\"button button--gradient my-0 mr-auto\" href=\"https:\/\/lightsourcebp.staging.1int.co.uk\/de\/karriere\/\" target=\"_self\"><span>Entdecke Deine Karriere bei Lightsource bp<\/span> <svg xmlns=\"http:\/\/www.w3.org\/2000\/svg\" width=\"8\" height=\"14\" fill=\"none\"><path stroke=\"currentColor\" stroke-linecap=\"round\" stroke-linejoin=\"round\" stroke-width=\"2\" d=\"m1 13 6-6-6-6\"\/><\/svg><\/a>\n            <\/div>\n                  <\/div>\n      <\/div>\n    <\/div>\n  <\/div>\n  <div class=\"pt-0 pt-lg-0\"><\/div>\n  <\/section>\n","protected":false},"excerpt":{"rendered":"","protected":false},"author":14,"featured_media":32837,"parent":0,"menu_order":0,"comment_status":"closed","ping_status":"closed","template":"","meta":{"_acf_changed":false,"inline_featured_image":false,"footnotes":""},"class_list":["post-308362","page","type-page","status-publish","has-post-thumbnail","hentry"],"acf":[],"aioseo_notices":[],"_links":{"self":[{"href":"https:\/\/lightsourcebp.staging.1int.co.uk\/de\/wp-json\/wp\/v2\/pages\/308362","targetHints":{"allow":["GET"]}}],"collection":[{"href":"https:\/\/lightsourcebp.staging.1int.co.uk\/de\/wp-json\/wp\/v2\/pages"}],"about":[{"href":"https:\/\/lightsourcebp.staging.1int.co.uk\/de\/wp-json\/wp\/v2\/types\/page"}],"author":[{"embeddable":true,"href":"https:\/\/lightsourcebp.staging.1int.co.uk\/de\/wp-json\/wp\/v2\/users\/14"}],"replies":[{"embeddable":true,"href":"https:\/\/lightsourcebp.staging.1int.co.uk\/de\/wp-json\/wp\/v2\/comments?post=308362"}],"version-history":[{"count":91,"href":"https:\/\/lightsourcebp.staging.1int.co.uk\/de\/wp-json\/wp\/v2\/pages\/308362\/revisions"}],"predecessor-version":[{"id":480951,"href":"https:\/\/lightsourcebp.staging.1int.co.uk\/de\/wp-json\/wp\/v2\/pages\/308362\/revisions\/480951"}],"wp:featuredmedia":[{"embeddable":true,"href":"https:\/\/lightsourcebp.staging.1int.co.uk\/de\/wp-json\/wp\/v2\/media\/32837"}],"wp:attachment":[{"href":"https:\/\/lightsourcebp.staging.1int.co.uk\/de\/wp-json\/wp\/v2\/media?parent=308362"}],"curies":[{"name":"wp","href":"https:\/\/api.w.org\/{rel}","templated":true}]}}