{"id":322638,"date":"2023-11-07T14:34:19","date_gmt":"2023-11-07T14:34:19","guid":{"rendered":"https:\/\/lightsourcebp.staging.1int.co.uk\/de\/karriere\/"},"modified":"2025-02-05T11:23:32","modified_gmt":"2025-02-05T11:23:32","slug":"karriere","status":"publish","type":"page","link":"https:\/\/lightsourcebp.staging.1int.co.uk\/de\/karriere\/","title":{"rendered":"Karriere"},"content":{"rendered":"<section class=\"block-page-title bg-color-white\">\n  <div class=\"pt-60 pt-lg-100\"><\/div>\n\n  <div class=\"container\">\n    <div class=\"row\">\n      <div class=\"col-12\">\n                <h1 class=\"fg-color-gradient\">Karriere<\/h1>\n      <\/div>\n    <\/div>\n  <\/div>\n\n  <div class=\"pt-60 pt-lg-100\"><\/div>\n<\/section>\n  \n\n\n<section class=\"banner-single position-relative\">\n  <div class=\"container-fluid\">\n    <div class=\"row\">\n      <div class=\"col-12 px-0\">\n                <div class=\"position-relative w-100 h-100 aspect-ratio-banner object-fit-cover\">\n          <picture>\n                    <source srcset=\"https:\/\/assets.lightsourcebp.staging.1int.co.uk\/app\/uploads\/2023\/02\/26204726\/careers-banner-aspect-ratio-450-490-450x489.jpg, https:\/\/assets.lightsourcebp.staging.1int.co.uk\/app\/uploads\/2023\/02\/26204726\/careers-banner-aspect-ratio-450-490.jpg 2x\"\n                          media=\"(max-width: 575px)\">\n                    <source srcset=\"https:\/\/assets.lightsourcebp.staging.1int.co.uk\/app\/uploads\/2022\/11\/29201805\/careers-banner-image-min-aspect-ratio-1550-600-1000x387.jpg, https:\/\/assets.lightsourcebp.staging.1int.co.uk\/app\/uploads\/2022\/11\/29201805\/careers-banner-image-min-aspect-ratio-1550-600-1920x743.jpg 2x\"\n                          media=\"(min-width: 576px) and (max-width: 991px)\">\n                    <source srcset=\"https:\/\/assets.lightsourcebp.staging.1int.co.uk\/app\/uploads\/2022\/11\/29201805\/careers-banner-image-min-aspect-ratio-1550-600.jpg, https:\/\/assets.lightsourcebp.staging.1int.co.uk\/app\/uploads\/2022\/11\/29201805\/careers-banner-image-min-aspect-ratio-1550-600.jpg 2x\"\n                          media=\"(min-width: 992px)\">\n                    <img loading=\"lazy\" decoding=\"async\" src=\"https:\/\/assets.lightsourcebp.staging.1int.co.uk\/app\/uploads\/2022\/11\/29201805\/careers-banner-image-min-aspect-ratio-1550-600.jpg\" alt=\"\"\n                       srcset=\"https:\/\/assets.lightsourcebp.staging.1int.co.uk\/app\/uploads\/2022\/11\/29201805\/careers-banner-image-min-aspect-ratio-1550-600.jpg 2x\"\n                       sizes=\"auto, 100vw\"\n                       class=\"position-absolute w-100 h-100 left-0 top-0 object-fit-cover\"\n                       width=\"2148\"\n                       height=\"831\">\n                <\/picture>\n        <\/div>\n              <\/div>\n    <\/div>\n  <\/div>\n<\/section>\n\n\n<section class=\"fifty-fifty align block_acf-block-67a34a337e90c block bg-color-white position-relative z-1 overflow-hidden\">\n        <div class=\"pt-60 pt-lg-100\"><\/div>\n\n    \n    <div class=\"fifty-fifty__row\">\n      <div class=\"container \">\n        <div class=\"row align-items-center\">\n                      <div class=\"col-12 col-lg-6 col-xl-5 align-self-center fifty-left d-flex flex-column order-2 order-lg-1\">\n                                                                  <h2 class=\"mb-20 \">Du f\u00fcr Lightsource \u2013 und Lightsource f\u00fcr Dich<\/h2>\n                                                                                                                                                                <div class=\"flex flex-column w-100 line-height-level-6 mb-15 fifty-fifty__text font-size-paragraph-medium  fg-color-navy-text \">\n                    <p><span data-contrast=\"auto\">Wir sind Lightsource bp \u2013 ein weltweit f\u00fchrendes Unternehmen in der Entwicklung von Solaranlagen. Seit \u00fcber einem Jahrzehnt nutzen wir die Energie der Sonne f\u00fcr eine nachhaltige Energieversorgung von tausenden von Menschen. Auf der Welt und in Deutschland wollen wir auf saubere, nachhaltige und verantwortungsvolle Weise Strom erzeugen \u2013 gemeinsam mit Dir!<\/span><span data-ccp-props=\"{}\">\u00a0<\/span><\/p>\n<p><span data-contrast=\"auto\">Lightsource bp ist eines der dynamischsten Unternehmen im Sektor der Erneuerbaren Energien und ein spannender Ort voller M\u00f6glichkeiten. Unsere Experten arbeiten an den Trends der Zukunft. Wir sind ein diverses Unternehmen mit viel Tatendrang!<\/span><\/p>\n\n                  <\/div>\n                                                                                                          <\/div>\n                                <div class=\"col-12 col-lg-6 col-xl-6 offset-xl-1 align-self-center fifty-right d-flex flex-column mb-lg-0 mt-lg-0 order-3 order-lg-1  mt-15 \">\n                                                                                                                  <div class=\"flex flex-column w-100 mb-30 fifty-fifty__video\">\n                    <div class=\"video video--third-party ratio ratio-16x9 position-relative no-highlight\">\n  <div class=\"video__poster position-absolute w-100 h-100 left-0 top-0 bg-color-red z-1\">\n          <picture><source data-srcset=\"https:\/\/assets.lightsourcebp.staging.1int.co.uk\/app\/uploads\/2023\/09\/11122005\/careers-thumbnail-1-aspect-ratio-1920-1080-1.png 1196w, https:\/\/assets.lightsourcebp.staging.1int.co.uk\/app\/uploads\/2023\/09\/11122005\/careers-thumbnail-1-aspect-ratio-1920-1080-1-300x169.png 300w, https:\/\/assets.lightsourcebp.staging.1int.co.uk\/app\/uploads\/2023\/09\/11122005\/careers-thumbnail-1-aspect-ratio-1920-1080-1-1024x576.png 1024w, https:\/\/assets.lightsourcebp.staging.1int.co.uk\/app\/uploads\/2023\/09\/11122005\/careers-thumbnail-1-aspect-ratio-1920-1080-1-80x45.png 80w, https:\/\/assets.lightsourcebp.staging.1int.co.uk\/app\/uploads\/2023\/09\/11122005\/careers-thumbnail-1-aspect-ratio-1920-1080-1-150x84.png 150w, https:\/\/assets.lightsourcebp.staging.1int.co.uk\/app\/uploads\/2023\/09\/11122005\/careers-thumbnail-1-aspect-ratio-1920-1080-1-450x253.png 450w, https:\/\/assets.lightsourcebp.staging.1int.co.uk\/app\/uploads\/2023\/09\/11122005\/careers-thumbnail-1-aspect-ratio-1920-1080-1-767x432.png 767w, https:\/\/assets.lightsourcebp.staging.1int.co.uk\/app\/uploads\/2023\/09\/11122005\/careers-thumbnail-1-aspect-ratio-1920-1080-1-1000x563.png 1000w\" data-sizes=\"(max-width: 450px) calc(100vw - 24px), (min-width: 450px) and (max-width: 575.98px) 551px, (min-width: 576px) and (max-width: 767.98px) 516px, (min-width: 768px) and (max-width: 991.98px) 696px, (min-width: 992px) and (max-width: 1199.98px) 456px, (min-width: 1200px) and (max-width: 1399.98px) 546px, (min-width: 1400px) 636px\"><img data-src=\"https:\/\/assets.lightsourcebp.staging.1int.co.uk\/app\/uploads\/2023\/09\/11122005\/careers-thumbnail-1-aspect-ratio-1920-1080-1.png\" alt=\"\" width=\"1196\" height=\"673\" class=\"d-flex mw-100 w-100 h-auto fit-cover rounded-10px lazy\"  decoding=\"sync\"><\/picture><noscript><img loading=\"lazy\" src=\"https:\/\/assets.lightsourcebp.staging.1int.co.uk\/app\/uploads\/2023\/09\/11122005\/careers-thumbnail-1-aspect-ratio-1920-1080-1.png\" alt=\"\" width=\"1196\" height=\"673\" class=\"d-flex mw-100 w-100 h-auto fit-cover rounded-10px \"  decoding=\"sync\"><\/noscript>\n      <\/div>\n\n  <button class=\"video__play-button bottom-0 position-absolute z-2 p-0 border-none transition-500 w-auto h-auto top-auto\">\n    <i class=\"fg-color-off-white\">\n      <svg xmlns=\"http:\/\/www.w3.org\/2000\/svg\" width=\"79\" height=\"79\" fill=\"none\"><path fill=\"url(#playIcon)\" d=\"M0 0h79v79H0V0z\"\/><path fill=\"#fff\" d=\"M29.625 29.269a1 1 0 011.543-.84L46.98 38.66a1 1 0 010 1.68L31.168 50.57a1 1 0 01-1.543-.839V29.27z\"\/><defs><linearGradient id=\"playIcon\" x1=\"0\" x2=\"107.528\" y1=\"79\" y2=\"-2.194\" gradientUnits=\"userSpaceOnUse\"><stop stop-color=\"#DF1995\"\/><stop offset=\"1\" stop-color=\"#FE5000\"\/><\/linearGradient><\/defs><\/svg>\n    <\/i>\n  <\/button>\n\n  <iframe\n  class=\"video__iframe position-absolute w-100 h-100 left-0 top-0 transition-500\"\n  data-src=\"https:\/\/www.youtube-nocookie.com\/embed\/O0U-tGMVz3s?autoplay=1&amp;controls=1&amp;rel=0\"\n  data-title=\"2025 new year, new career? Join Lightsource bp, Be The Change.\"\n  frameBorder=\"0\"\n  width=\"100%\" height=\"100%\"\n  allow=\"autoplay; encrypted-media\"\n  allowFullScreen=\"true\"\n  webkitallowfullscreen=\"true\"\n  mozallowfullscreen=\"true\"><\/iframe>\n<\/div>\n                  <\/div>\n                                                                                          <\/div>\n                  <\/div>\n      <\/div>\n    <\/div>\n\n  <div class=\"pt-30 pt-lg-50\"><\/div>\n  <\/section>\n\n\n<section class=\"fifty-fifty align block_acf-block-675ac8226cfc0 block bg-color-orange-3-percent position-relative z-1 overflow-hidden\">\n        <div class=\"pt-30 pt-lg-30\"><\/div>\n\n    \n    <div class=\"fifty-fifty__row\">\n      <div class=\"container \">\n        <div class=\"row align-items-center\">\n                      <div class=\"col-12 col-lg-6 col-xl-5 align-self-center fifty-left d-flex flex-column order-2 order-lg-1\">\n                                                                                                                <div class=\"flex flex-column w-100 mb-30 fifty-fifty__image\">\n                    <picture><source srcset=\"https:\/\/assets.lightsourcebp.staging.1int.co.uk\/app\/uploads\/2023\/09\/19180335\/Lightsource-bp-panneaux-solaire-maintenance3-1.jpg 624w, https:\/\/assets.lightsourcebp.staging.1int.co.uk\/app\/uploads\/2023\/09\/19180335\/Lightsource-bp-panneaux-solaire-maintenance3-1-300x169.jpg 300w, https:\/\/assets.lightsourcebp.staging.1int.co.uk\/app\/uploads\/2023\/09\/19180335\/Lightsource-bp-panneaux-solaire-maintenance3-1-80x45.jpg 80w, https:\/\/assets.lightsourcebp.staging.1int.co.uk\/app\/uploads\/2023\/09\/19180335\/Lightsource-bp-panneaux-solaire-maintenance3-1-150x84.jpg 150w, https:\/\/assets.lightsourcebp.staging.1int.co.uk\/app\/uploads\/2023\/09\/19180335\/Lightsource-bp-panneaux-solaire-maintenance3-1-450x253.jpg 450w\" sizes=\"100vw\"><img loading=\"lazy\" decoding=\"async\" src=\"https:\/\/assets.lightsourcebp.staging.1int.co.uk\/app\/uploads\/2023\/09\/19180335\/Lightsource-bp-panneaux-solaire-maintenance3-1.jpg\" alt=\"\" width=\"624\" height=\"351\" class=\"d-flex max-w-100 w-100 h-auto mx-auto fit-cover rounded-10px\"><\/picture>\n                  <\/div>\n                                                          <\/div>\n                                <div class=\"col-12 col-lg-6 col-xl-6 offset-xl-1 align-self-center fifty-right d-flex flex-column mb-lg-0 mt-lg-0 order-3 order-lg-1  mt-15 \">\n                                                                  <h2 class=\"mb-20 \">Teamarbeit, Vertrauen und Respekt<\/h2>\n                                                                                                                                                                                <div class=\"flex flex-column w-100 line-height-level-6 mb-15 fifty-fifty__text font-size-paragraph-medium  fg-color-navy-text \">\n\n                    <p><span data-contrast=\"none\">Nachhaltigkeit ist uns ein wichtiges Anliegen, auch bei unseren Mitarbeitenden. Deshalb f\u00f6rdern wir das Wachstum und die Entwicklung unserer Mitarbeitenden. Unsere Kommunikation ist offen und transparent, basierend auf Respekt und Wertsch\u00e4tzung. Unser Handeln und Wirken steht immer im Einklang mit den Zielen, Visionen und Priorit\u00e4ten von Lightsource bp.<\/span><span data-ccp-props=\"{}\">\u00a0<\/span><\/p>\n<p><span data-contrast=\"auto\">F\u00fcr die St\u00e4rkung unseres deutschen Teams suchen wir tatkr\u00e4ftige Unterst\u00fctzung. Als neues Teammitglied hilfst Du dabei, den Wandel zu einer nachhaltigen Zukunft mitzugestalten. Gleichzeitig bietet Dir die Stelle die Chance, pers\u00f6nlich zu wachsen und ein gro\u00dfartiges Team in einer wachstumsstarken Firma mitzugestalten.\u00a0<\/span><span data-ccp-props=\"{}\">\u00a0<\/span><\/p>\n<p><span data-contrast=\"auto\">Wir haben viel vor &#8211; sei dabei! Werde Teil eines Teams, dass eine nachhaltigere Zukunft f\u00fcr unsere Welt durch sichere und \u00f6kologische Energieprojekte schafft.<\/span><span data-ccp-props=\"{}\">\u00a0<\/span><\/p>\n\n                  <\/div>\n                                                                                                                          <\/div>\n                  <\/div>\n      <\/div>\n    <\/div>\n\n  <div class=\"pt-30 pt-lg-30\"><\/div>\n  <\/section>\n\n\n<section class=\"fifty-fifty align block_acf-block-675ac8226d02f block bg-color-orange-3-percent position-relative z-1 overflow-hidden\">\n        <div class=\"pt-30 pt-lg-15\"><\/div>\n\n          <img decoding=\"async\" class=\"position-absolute bottom-0 right-10 -z-1\" src=\"https:\/\/lightsourcebp.staging.1int.co.uk\/app\/themes\/lightsourcebp-theme\/dist\/images\/global\/background-swirls_935dfcd0.png\" alt=\"\" \/>\n    \n    <div class=\"fifty-fifty__row\">\n      <div class=\"container \">\n        <div class=\"row align-items-center\">\n                      <div class=\"col-12 col-lg-6 col-xl-5 align-self-center fifty-left d-flex flex-column order-2 order-lg-1\">\n                                                                  <h2 class=\"mb-20 \">Was uns als Arbeitgeber auszeichnet<\/h2>\n                                                                                                                                                                <div class=\"flex flex-column w-100 line-height-level-6 mb-15 fifty-fifty__text font-size-paragraph-medium  fg-color-navy-text \">\n                    <p><span data-contrast=\"auto\">Lightsource bp ist ein Ort, an dem Menschen gerne arbeiten. Wir sind divers, agil und haben einen starken Unternehmergeist. Wir denken global und agieren lokal.\u00a0<\/span><span data-ccp-props=\"{}\">\u00a0<\/span><\/p>\n<p><span data-contrast=\"auto\">Wir erkennen die Einzigartigkeit unserer Mitarbeitenden an und sch\u00e4tzen jeden Menschen f\u00fcr seinen individuellen Beitrag. Sei Teil eines Teams von brillanten Menschen, die sich gegenseitig best\u00e4rken und sich f\u00fcr eine nachhaltige Zukunft einsetzen.<\/span><span data-ccp-props=\"{}\">\u00a0<\/span><\/p>\n\n                  <\/div>\n                                                                                                          <\/div>\n                                <div class=\"col-12 col-lg-6 col-xl-6 offset-xl-1 align-self-center fifty-right d-flex flex-column mb-lg-0 mt-lg-0 order-3 order-lg-1  mt-15 \">\n                                                                                                                <div class=\"flex flex-column w-100 mb-30 fifty-fifty__image\">\n                    <picture><source srcset=\"https:\/\/assets.lightsourcebp.staging.1int.co.uk\/app\/uploads\/2022\/12\/28232029\/be-you.jpg 624w, https:\/\/assets.lightsourcebp.staging.1int.co.uk\/app\/uploads\/2022\/12\/28232029\/be-you-300x300.jpg 300w, https:\/\/assets.lightsourcebp.staging.1int.co.uk\/app\/uploads\/2022\/12\/28232029\/be-you-150x150.jpg 150w, https:\/\/assets.lightsourcebp.staging.1int.co.uk\/app\/uploads\/2022\/12\/28232029\/be-you-80x80.jpg 80w, https:\/\/assets.lightsourcebp.staging.1int.co.uk\/app\/uploads\/2022\/12\/28232029\/be-you-450x450.jpg 450w\" sizes=\"100vw\"><img loading=\"lazy\" decoding=\"async\" src=\"https:\/\/assets.lightsourcebp.staging.1int.co.uk\/app\/uploads\/2022\/12\/28232029\/be-you.jpg\" alt=\"\" width=\"624\" height=\"624\" class=\"d-flex max-w-100 w-100 h-auto mx-auto fit-cover rounded-10px\"><\/picture>\n                  <\/div>\n                                                                          <\/div>\n                  <\/div>\n      <\/div>\n    <\/div>\n\n  <div class=\"pt-30 pt-lg-100\"><\/div>\n  <\/section>\n\n\n<section class=\"call-to-action align block_acf-block-675ac8226de0a block call-to-action\">\n  <div class=\"pt-0 pt-lg-0\"><\/div>\n  \n  <div class=\"container-fluid z-2\">\n\n    <div class=\"row\">\n      <div class=\"col-12 col-lg-6 pl-0 pr-0\">\n        <picture><source srcset=\"https:\/\/assets.lightsourcebp.staging.1int.co.uk\/app\/uploads\/2024\/09\/16141254\/GLB-Homepage-Careers-Cta-3.jpg 1000w, https:\/\/assets.lightsourcebp.staging.1int.co.uk\/app\/uploads\/2024\/09\/16141254\/GLB-Homepage-Careers-Cta-3-300x238.jpg 300w, https:\/\/assets.lightsourcebp.staging.1int.co.uk\/app\/uploads\/2024\/09\/16141254\/GLB-Homepage-Careers-Cta-3-80x63.jpg 80w, https:\/\/assets.lightsourcebp.staging.1int.co.uk\/app\/uploads\/2024\/09\/16141254\/GLB-Homepage-Careers-Cta-3-150x119.jpg 150w, https:\/\/assets.lightsourcebp.staging.1int.co.uk\/app\/uploads\/2024\/09\/16141254\/GLB-Homepage-Careers-Cta-3-450x356.jpg 450w, https:\/\/assets.lightsourcebp.staging.1int.co.uk\/app\/uploads\/2024\/09\/16141254\/GLB-Homepage-Careers-Cta-3-767x607.jpg 767w\" sizes=\"\"><img loading=\"lazy\" decoding=\"async\" src=\"https:\/\/assets.lightsourcebp.staging.1int.co.uk\/app\/uploads\/2024\/09\/16141254\/GLB-Homepage-Careers-Cta-3.jpg\" alt=\"Two female office workers working by their desks\" width=\"1000\" height=\"792\" class=\"w-100 w-lg-101 h-100 object-fit-cover ml--15px\"><\/picture>\n      <\/div>\n      <div class=\"col-12 col-lg-6 bg-color-gradient position-relative z-1 overflow-hidden\">\n\n                  <img decoding=\"async\" class=\"position-absolute top-n20 right-n190 right-sm-n116 right-xxl-n68 rotate-230 -z-1\" src=\"https:\/\/lightsourcebp.staging.1int.co.uk\/app\/themes\/lightsourcebp-theme\/dist\/images\/global\/background-swirls-alt-red_935dfcd0.png\" alt=\"\" \/>\n        \n        <div class=\"d-flex flex-column flex-center h-100 px-15 px-md-50 py-60 py-lg-30 py-xxl-0\">\n                      <span class=\"d-flex font-size-navigation font-weight-semi-bold mb-15 text-transform-uppercase letter-spacing-title fg-color-gradient\">Aktuelle Stellenangebote anzeigen<\/span>\n                                <h2 class=\"mb-20 fg-color-white\">Deine Karriere bei Lightsource bp<\/h2>\n                                <div class=\"flex flex-column w-100 rich-text fg-color-white\">\n              <p>Du suchst nach einer Karriere in einem innovativen und zukunftsf\u00e4higen Unternehmen? Es ist dir wichtig in einem Positiven Umfeld zu arbeiten, mit Menschen, die deine Art und Weise sch\u00e4tzen und dich wahrnehmen? Du hast Leidenschaft f\u00fcr eine nachhaltige Welt? Gemeinsam wollen wir Gro\u00dfes erreichen \u2013 sei dabei und bewirb dich jetzt!<\/p>\n\n            <\/div>\n                                            <div class=\"d-inline-flex w-100 button-container mb-15\">\n              <a class=\"button button--gradient my-0 mr-auto\" href=\"https:\/\/careers.lightsourcebp.com\/go\/View-All-Jobs\/8639602\/\" target=\"_self\"><span>Aktuelle Stellenangebote anzeigen<\/span> <svg xmlns=\"http:\/\/www.w3.org\/2000\/svg\" width=\"8\" height=\"14\" fill=\"none\"><path stroke=\"currentColor\" stroke-linecap=\"round\" stroke-linejoin=\"round\" stroke-width=\"2\" d=\"m1 13 6-6-6-6\"\/><\/svg><\/a>\n            <\/div>\n                  <\/div>\n      <\/div>\n    <\/div>\n  <\/div>\n  <div class=\"pt-0 pt-lg-0\"><\/div>\n  <\/section>\n","protected":false},"excerpt":{"rendered":"","protected":false},"author":14,"featured_media":37705,"parent":0,"menu_order":0,"comment_status":"closed","ping_status":"closed","template":"","meta":{"_acf_changed":false,"inline_featured_image":false,"footnotes":""},"class_list":["post-322638","page","type-page","status-publish","has-post-thumbnail","hentry"],"acf":[],"aioseo_notices":[],"_links":{"self":[{"href":"https:\/\/lightsourcebp.staging.1int.co.uk\/de\/wp-json\/wp\/v2\/pages\/322638","targetHints":{"allow":["GET"]}}],"collection":[{"href":"https:\/\/lightsourcebp.staging.1int.co.uk\/de\/wp-json\/wp\/v2\/pages"}],"about":[{"href":"https:\/\/lightsourcebp.staging.1int.co.uk\/de\/wp-json\/wp\/v2\/types\/page"}],"author":[{"embeddable":true,"href":"https:\/\/lightsourcebp.staging.1int.co.uk\/de\/wp-json\/wp\/v2\/users\/14"}],"replies":[{"embeddable":true,"href":"https:\/\/lightsourcebp.staging.1int.co.uk\/de\/wp-json\/wp\/v2\/comments?post=322638"}],"version-history":[{"count":23,"href":"https:\/\/lightsourcebp.staging.1int.co.uk\/de\/wp-json\/wp\/v2\/pages\/322638\/revisions"}],"predecessor-version":[{"id":442452,"href":"https:\/\/lightsourcebp.staging.1int.co.uk\/de\/wp-json\/wp\/v2\/pages\/322638\/revisions\/442452"}],"wp:featuredmedia":[{"embeddable":true,"href":"https:\/\/lightsourcebp.staging.1int.co.uk\/de\/wp-json\/wp\/v2\/media\/37705"}],"wp:attachment":[{"href":"https:\/\/lightsourcebp.staging.1int.co.uk\/de\/wp-json\/wp\/v2\/media?parent=322638"}],"curies":[{"name":"wp","href":"https:\/\/api.w.org\/{rel}","templated":true}]}}