{"id":272074,"date":"2023-04-28T14:41:53","date_gmt":"2023-04-28T14:41:53","guid":{"rendered":"https:\/\/lightsourcebp.staging.1int.co.uk\/thank-you-for-contacting-lightsource-bp\/"},"modified":"2023-05-03T16:20:07","modified_gmt":"2023-05-03T16:20:07","slug":"gracias-por-contactar-con-lightsource-bp","status":"publish","type":"page","link":"https:\/\/lightsourcebp.staging.1int.co.uk\/es\/gracias-por-contactar-con-lightsource-bp\/","title":{"rendered":"Gracias por contactar con Lightsource bp"},"content":{"rendered":"<section class=\"block-page-title bg-color-white\">\n  <div class=\"pt-60 pt-lg-100\"><\/div>\n\n  <div class=\"container\">\n    <div class=\"row\">\n      <div class=\"col-12\">\n                <h1 class=\"fg-color-gradient\">Mensaje enviado&#8230;<\/h1>\n      <\/div>\n    <\/div>\n  <\/div>\n\n  <div class=\"pt-60 pt-lg-100\"><\/div>\n<\/section>\n  \n\n\n<section class=\"text align block_c4af9101e19bfcdc3930a070f7a7d5f3 block bg-color-orange-3-percent position-relative z-1 overflow-hidden\">\n    <div class=\"pt-60 pt-lg-100\"><\/div>\n\n      <img decoding=\"async\" class=\"position-absolute bottom-0 right-10 -z-1\" src=\"https:\/\/lightsourcebp.staging.1int.co.uk\/app\/themes\/lightsourcebp-theme\/dist\/images\/global\/background-swirls_935dfcd0.png\" alt=\"\" \/>\n  \n  <div class=\"container \">\n    <div class=\"row\">\n      <div class=\"col-12\">\n        <span class=\"rich-text standard-text fg-color-navy\">\n          <h2 style=\"text-align: center;\">Gracias por contactar con Lightsource bp.<\/h2>\n<h3 style=\"text-align: center;\">Nuestro equipo te responder\u00e1 muy pronto.<\/h3>\n<p>Mientras tanto, \u00bfpor qu\u00e9 no descubres m\u00e1s sobre nosotros y el sector de las renovables visitando nuestra p\u00e1gina de noticias ? Alternativamente, echa un ojo a nuestros proyectos solares para ver c\u00f3mo estamos contribuyendo a la transici\u00f3n hacia un futuro energ\u00e9tico m\u00e1s sostenible.<\/p>\n\n        <\/span>\n      <\/div>\n    <\/div>\n  <\/div>\n\n  <div class=\"pt-60 pt-lg-100\"><\/div>\n<\/section>\n\n\n<section class=\"multi-column-cards align block_3c046d2a874e2f42c2865dcc5af1928a block bg-color-white\">\n  <div class=\"pt-15 pt-lg-15\"><\/div>\n\n  <div class=\"container\">\n    <div class=\"row\">\n      <div class=\"col-12\">\n                <h3 class=\"mb-35\"><\/h3>\n      <\/div>\n    <\/div>\n    <div class=\"row\">\n                        <div class=\"col-12 col-lg-6 mb-30\">\n  <div class=\"multi-column-cards__image-container\">\n          <a href=\"https:\/\/lightsourcebp.staging.1int.co.uk\/es\/noticias-y-perspectivas\/\" >\n          <img decoding=\"async\" src=\"https:\/\/assets.lightsourcebp.staging.1int.co.uk\/app\/uploads\/2023\/04\/28142604\/Thank-you-news-thumbnail.png\" \/>\n          <\/a>\n      <\/div>\n      <a class=\"text-decoration-none text-decoration-sm-underline-hover\" href=\"https:\/\/lightsourcebp.staging.1int.co.uk\/es\/noticias-y-perspectivas\/\" >\n        <h5 class=\"mt-25 mb-15 fg-color-navy\">Noticias<\/h5>\n      <\/a>\n          <p><a href=\"https:\/\/lightsourcebp.staging.1int.co.uk\/es\/noticias-y-perspectivas\/\" >Descubre m\u00e1s  <span class=\"ml-10\"><svg xmlns=\"http:\/\/www.w3.org\/2000\/svg\" width=\"8\" height=\"14\" fill=\"none\"><path stroke=\"currentColor\" stroke-linecap=\"round\" stroke-linejoin=\"round\" stroke-width=\"2\" d=\"M1 13l6-6-6-6\"\/><\/svg><\/span><\/a><\/p>\n  <\/div>\n                  <div class=\"col-12 col-lg-6 mb-30\">\n  <div class=\"multi-column-cards__image-container\">\n          <a href=\"https:\/\/lightsourcebp.staging.1int.co.uk\/es\/proyectos\/\" >\n          <img decoding=\"async\" src=\"https:\/\/assets.lightsourcebp.staging.1int.co.uk\/app\/uploads\/2023\/04\/28142650\/Thank-you-projects-thumbnail.png\" \/>\n          <\/a>\n      <\/div>\n      <a class=\"text-decoration-none text-decoration-sm-underline-hover\" href=\"https:\/\/lightsourcebp.staging.1int.co.uk\/es\/proyectos\/\" >\n        <h5 class=\"mt-25 mb-15 fg-color-navy\">Proyectos solares<\/h5>\n      <\/a>\n          <p><a href=\"https:\/\/lightsourcebp.staging.1int.co.uk\/es\/proyectos\/\" >Descubre m\u00e1s   <span class=\"ml-10\"><svg xmlns=\"http:\/\/www.w3.org\/2000\/svg\" width=\"8\" height=\"14\" fill=\"none\"><path stroke=\"currentColor\" stroke-linecap=\"round\" stroke-linejoin=\"round\" stroke-width=\"2\" d=\"M1 13l6-6-6-6\"\/><\/svg><\/span><\/a><\/p>\n  <\/div>\n                  <\/div>\n  <\/div>\n\n  <div class=\"pt-60 pt-lg-100\"><\/div>\n<\/section>\n\n\n<section class=\"fifty-fifty align block_0d66a213b840e71b1448a5c2436ce439 block bg-color-white position-relative z-1 overflow-hidden\">\n        <div class=\"pt-15 pt-lg-15\"><\/div>\n\n    \n    <div class=\"fifty-fifty__row\">\n      <div class=\"container \">\n        <div class=\"row align-items-center\">\n                      <div class=\"col-12 col-lg-6 align-self-center fifty-left d-flex flex-column order-2 order-lg-1\">\n                                                                                                  <div class=\"d-inline-flex w-100 button-container mb-15\">\n                    <a class=\"button button--gradient my-0 mr-auto\" href=\"https:\/\/lightsourcebp.staging.1int.co.uk\/es\/\" target=\"_self\"><span>Vuelve a la home page<\/span> <svg xmlns=\"http:\/\/www.w3.org\/2000\/svg\" width=\"8\" height=\"14\" fill=\"none\"><path stroke=\"currentColor\" stroke-linecap=\"round\" stroke-linejoin=\"round\" stroke-width=\"2\" d=\"m1 13 6-6-6-6\"\/><\/svg><\/a>\n                  <\/div>\n                                                                                          <\/div>\n                            <\/div>\n      <\/div>\n    <\/div>\n\n  <div class=\"pt-60 pt-lg-100\"><\/div>\n  <\/section>\n","protected":false},"excerpt":{"rendered":"","protected":false},"author":33,"featured_media":272050,"parent":0,"menu_order":0,"comment_status":"closed","ping_status":"closed","template":"","meta":{"_acf_changed":false,"inline_featured_image":false,"footnotes":""},"class_list":["post-272074","page","type-page","status-publish","has-post-thumbnail","hentry"],"acf":[],"aioseo_notices":[],"_links":{"self":[{"href":"https:\/\/lightsourcebp.staging.1int.co.uk\/es\/wp-json\/wp\/v2\/pages\/272074","targetHints":{"allow":["GET"]}}],"collection":[{"href":"https:\/\/lightsourcebp.staging.1int.co.uk\/es\/wp-json\/wp\/v2\/pages"}],"about":[{"href":"https:\/\/lightsourcebp.staging.1int.co.uk\/es\/wp-json\/wp\/v2\/types\/page"}],"author":[{"embeddable":true,"href":"https:\/\/lightsourcebp.staging.1int.co.uk\/es\/wp-json\/wp\/v2\/users\/33"}],"replies":[{"embeddable":true,"href":"https:\/\/lightsourcebp.staging.1int.co.uk\/es\/wp-json\/wp\/v2\/comments?post=272074"}],"version-history":[{"count":12,"href":"https:\/\/lightsourcebp.staging.1int.co.uk\/es\/wp-json\/wp\/v2\/pages\/272074\/revisions"}],"predecessor-version":[{"id":272897,"href":"https:\/\/lightsourcebp.staging.1int.co.uk\/es\/wp-json\/wp\/v2\/pages\/272074\/revisions\/272897"}],"wp:featuredmedia":[{"embeddable":true,"href":"https:\/\/lightsourcebp.staging.1int.co.uk\/es\/wp-json\/wp\/v2\/media\/272050"}],"wp:attachment":[{"href":"https:\/\/lightsourcebp.staging.1int.co.uk\/es\/wp-json\/wp\/v2\/media?parent=272074"}],"curies":[{"name":"wp","href":"https:\/\/api.w.org\/{rel}","templated":true}]}}