{"id":27760,"date":"2022-11-28T15:23:43","date_gmt":"2022-11-28T15:23:43","guid":{"rendered":"https:\/\/lightsourcebp.staging.1int.co.uk\/terms-and-conditions-2\/"},"modified":"2023-01-17T15:42:14","modified_gmt":"2023-01-17T15:42:14","slug":"terminos-y-condiciones","status":"publish","type":"page","link":"https:\/\/lightsourcebp.staging.1int.co.uk\/es\/terminos-y-condiciones\/","title":{"rendered":"T\u00e9rminos y condiciones"},"content":{"rendered":"<section class=\"block-page-title bg-color-white\">\n  <div class=\"pt-60 pt-lg-100\"><\/div>\n\n  <div class=\"container\">\n    <div class=\"row\">\n      <div class=\"col-12\">\n                <h1 class=\"fg-color-gradient\">T\u00e9rminos y condiciones<\/h1>\n      <\/div>\n    <\/div>\n  <\/div>\n\n  <div class=\"pt-60 pt-lg-100\"><\/div>\n<\/section>\n  \n\n\n<section class=\"text align block_637e5e49c6361 block bg-color-white position-relative z-1 overflow-hidden\">\n    <div class=\"pt-0 pt-lg-0\"><\/div>\n  \n  \n  <div class=\"container \">\n    <div class=\"row\">\n      <div class=\"col-12\">\n        <span class=\"rich-text standard-text fg-color-navy\">\n          <p>Bienvenido a nuestro sitio web. Si contin\u00faa navegando y utilizando este sitio web, acepta cumplir y estar sujeto a los siguientes t\u00e9rminos y condiciones de uso, que junto con nuestra pol\u00edtica de privacidad rigen la relaci\u00f3n de Lightsource bp con usted en relaci\u00f3n con este sitio web. Si no est\u00e1 de acuerdo con alguna parte de estos t\u00e9rminos y condiciones, no utilice nuestro sitio web.<\/p>\n<p>El t\u00e9rmino &#8216;Lightsource bp&#8217; o &#8216;nosotros&#8217; se refiere al propietario del sitio web cuyo domicilio social es 7th Floor, 33 Holborn, Londres, EC1N 2HU. El n\u00famero de registro de nuestra empresa es 09496737.<\/p>\n<p>El t\u00e9rmino &#8220;su&#8221; se refiere al usuario o visitante de nuestro sitio web.<\/p>\n<h3>Condiciones de uso<\/h3>\n<p><strong>El uso de este sitio web est\u00e1 sujeto a los siguientes t\u00e9rminos de uso:<\/strong><\/p>\n<ul>\n<li>El contenido de las p\u00e1ginas de este sitio web es solo para su informaci\u00f3n y uso general. Est\u00e1 sujeto a cambios sin previo aviso.<\/li>\n<li>Ni nosotros ni ning\u00fan tercero ofrecemos ninguna garant\u00eda en cuanto a la exactitud, puntualidad, rendimiento, integridad o idoneidad de la informaci\u00f3n y los materiales encontrados u ofrecidos en este sitio web para cualquier prop\u00f3sito en particular. Usted reconoce que dicha informaci\u00f3n y materiales pueden contener inexactitudes o errores y excluimos expresamente la responsabilidad por tales inexactitudes o errores en la m\u00e1xima medida permitida por la ley.<\/li>\n<li>El uso de cualquier informaci\u00f3n o material en este sitio web es bajo su propio riesgo, por lo que no seremos responsables. Ser\u00e1 su propia responsabilidad asegurarse de que cualquier producto, servicio o informaci\u00f3n disponible a trav\u00e9s de este sitio web cumpla con sus requisitos espec\u00edficos.<\/li>\n<li>Este sitio web contiene material que es de nuestra propiedad o con licencia para nosotros. Este material incluye, pero no se limita a, el dise\u00f1o, el dise\u00f1o, el aspecto, la apariencia y los gr\u00e1ficos. La reproducci\u00f3n est\u00e1 prohibida excepto de acuerdo con el aviso de derechos de autor, que forma parte de estos t\u00e9rminos y condiciones.<\/li>\n<li>Todas las marcas comerciales reproducidas en este sitio web, que no son propiedad de, o con licencia para, el operador, se reconocen en el sitio web.<\/li>\n<li>El uso no autorizado de este sitio web puede dar lugar a una reclamaci\u00f3n por da\u00f1os y perjuicios y\/o constituir un delito.<\/li>\n<li>De vez en cuando, este sitio web tambi\u00e9n puede incluir enlaces a otros sitios web. Estos enlaces se proporcionan para su conveniencia para proporcionar m\u00e1s informaci\u00f3n. No significan que respaldemos el (los) sitio (s) web (s). No tenemos ninguna responsabilidad por el contenido de los sitios web vinculados.<\/li>\n<li>Su uso de este sitio web y cualquier disputa que surja de dicho uso del sitio web est\u00e1 sujeto a las leyes de Inglaterra, Irlanda del Norte, Escocia y Gales.<\/li>\n<\/ul>\n<p>&nbsp;<\/p>\n\n        <\/span>\n      <\/div>\n    <\/div>\n  <\/div>\n\n  <div class=\"pt-30 pt-lg-30\"><\/div>\n<\/section>\n\n\n<section class=\"fifty-fifty align block_637e5e54c6362 block bg-color-white position-relative z-1 overflow-hidden\">\n        <div class=\"pt-0 pt-lg-0\"><\/div>\n  \n    \n    <div class=\"fifty-fifty__row\">\n      <div class=\"container \">\n        <div class=\"row align-items-center\">\n                      <div class=\"col-12 col-lg-6 align-self-center fifty-left d-flex flex-column order-2 order-lg-1\">\n                                                                                                                                        <\/div>\n                            <\/div>\n      <\/div>\n    <\/div>\n\n  <div class=\"pt-60 pt-lg-100\"><\/div>\n  <\/section>\n","protected":false},"excerpt":{"rendered":"","protected":false},"author":4,"featured_media":0,"parent":0,"menu_order":0,"comment_status":"closed","ping_status":"closed","template":"","meta":{"_acf_changed":false,"inline_featured_image":false,"footnotes":""},"class_list":["post-27760","page","type-page","status-publish","hentry"],"acf":[],"aioseo_notices":[],"_links":{"self":[{"href":"https:\/\/lightsourcebp.staging.1int.co.uk\/es\/wp-json\/wp\/v2\/pages\/27760","targetHints":{"allow":["GET"]}}],"collection":[{"href":"https:\/\/lightsourcebp.staging.1int.co.uk\/es\/wp-json\/wp\/v2\/pages"}],"about":[{"href":"https:\/\/lightsourcebp.staging.1int.co.uk\/es\/wp-json\/wp\/v2\/types\/page"}],"author":[{"embeddable":true,"href":"https:\/\/lightsourcebp.staging.1int.co.uk\/es\/wp-json\/wp\/v2\/users\/4"}],"replies":[{"embeddable":true,"href":"https:\/\/lightsourcebp.staging.1int.co.uk\/es\/wp-json\/wp\/v2\/comments?post=27760"}],"version-history":[{"count":7,"href":"https:\/\/lightsourcebp.staging.1int.co.uk\/es\/wp-json\/wp\/v2\/pages\/27760\/revisions"}],"predecessor-version":[{"id":117199,"href":"https:\/\/lightsourcebp.staging.1int.co.uk\/es\/wp-json\/wp\/v2\/pages\/27760\/revisions\/117199"}],"wp:attachment":[{"href":"https:\/\/lightsourcebp.staging.1int.co.uk\/es\/wp-json\/wp\/v2\/media?parent=27760"}],"curies":[{"name":"wp","href":"https:\/\/api.w.org\/{rel}","templated":true}]}}