{"id":28047,"date":"2022-09-20T09:10:04","date_gmt":"2022-09-20T09:10:04","guid":{"rendered":"https:\/\/lightsourcebp.staging.1int.co.uk\/contact\/"},"modified":"2024-08-21T14:04:13","modified_gmt":"2024-08-21T14:04:13","slug":"contacto","status":"publish","type":"page","link":"https:\/\/lightsourcebp.staging.1int.co.uk\/es\/contacto\/","title":{"rendered":"Contacto"},"content":{"rendered":"<section class=\"block-page-title bg-color-white\">\n  <div class=\"pt-60 pt-lg-100\"><\/div>\n\n  <div class=\"container\">\n    <div class=\"row\">\n      <div class=\"col-12\">\n                <h1 class=\"fg-color-gradient\">Cont\u00e1ctanos<\/h1>\n      <\/div>\n    <\/div>\n  <\/div>\n\n  <div class=\"pt-60 pt-lg-100\"><\/div>\n<\/section>\n  \n\n\n<section class=\"banner-single position-relative\">\n  <div class=\"container-fluid\">\n    <div class=\"row\">\n      <div class=\"col-12 px-0\">\n                <div class=\"position-relative w-100 h-100 aspect-ratio-banner object-fit-cover\">\n          <picture>\n                    <source srcset=\"https:\/\/assets.lightsourcebp.staging.1int.co.uk\/app\/uploads\/2023\/01\/27075021\/contact-banner-1-aspect-ratio-450-490-450x490.jpg, https:\/\/assets.lightsourcebp.staging.1int.co.uk\/app\/uploads\/2023\/01\/27075021\/contact-banner-1-aspect-ratio-450-490.jpg 2x\"\n                          media=\"(max-width: 575px)\">\n                    <source srcset=\"https:\/\/assets.lightsourcebp.staging.1int.co.uk\/app\/uploads\/2022\/12\/26224516\/contact-banner-1-1000x417.jpg, https:\/\/assets.lightsourcebp.staging.1int.co.uk\/app\/uploads\/2022\/12\/26224516\/contact-banner-1.jpg 2x\"\n                          media=\"(min-width: 576px) and (max-width: 991px)\">\n                    <source srcset=\"https:\/\/assets.lightsourcebp.staging.1int.co.uk\/app\/uploads\/2022\/12\/26224516\/contact-banner-1.jpg, https:\/\/assets.lightsourcebp.staging.1int.co.uk\/app\/uploads\/2022\/12\/26224516\/contact-banner-1.jpg 2x\"\n                          media=\"(min-width: 992px)\">\n                    <img loading=\"lazy\" decoding=\"async\" src=\"https:\/\/assets.lightsourcebp.staging.1int.co.uk\/app\/uploads\/2022\/12\/26224516\/contact-banner-1.jpg\" alt=\"worker under solar panel\"\n                       srcset=\"https:\/\/assets.lightsourcebp.staging.1int.co.uk\/app\/uploads\/2022\/12\/26224516\/contact-banner-1.jpg 2x\"\n                       sizes=\"auto, 100vw\"\n                       class=\"position-absolute w-100 h-100 left-0 top-0 object-fit-cover\"\n                       width=\"1920\"\n                       height=\"800\">\n                <\/picture>\n        <\/div>\n              <\/div>\n    <\/div>\n  <\/div>\n<\/section>\n\n\n<section class=\"fifty-fifty align block_acf-block-6671b9ba504f2 block bg-color-white position-relative z-1 overflow-hidden\">\n        <div class=\"pt-60 pt-lg-100\"><\/div>\n\n    \n    <div class=\"fifty-fifty__row\">\n      <div class=\"container \">\n        <div class=\"row align-items-center\">\n                      <div class=\"col-12 col-lg-6 align-self-start fifty-left d-flex flex-column order-2 order-lg-1\">\n                                                                  <h2 class=\"mb-20 \">Carreras<\/h2>\n                                                                                                                                                                <div class=\"flex flex-column w-100 line-height-level-6 mb-15 fifty-fifty__text font-size-paragraph-medium  fg-color-navy-text \">\n                    <p>Al elegir una carrera en Lightsource bp, te unes a un equipo que realmente se preocupa por crear un futuro m\u00e1s sostenible para nuestro planeta, desarrollando proyectos de energ\u00eda renovable seguros y significativos.<\/p>\n<p>Si est\u00e1s buscando una oportunidad laboral, visita nuestra secci\u00f3n &#8220;Carreras&#8221; para conocer m\u00e1s sobre qui\u00e9nes somos, consultar las vacantes y enviar tu candidatura.<\/p>\n\n                  <\/div>\n                                                                                                                                                                                  <div class=\"d-inline-flex w-100 button-container mb-15\">\n                    <a class=\"button button--gradient my-0 mr-auto\" href=\"https:\/\/lightsourcebp.staging.1int.co.uk\/es\/carreras\/\" target=\"_self\"><span>Consulta nuestras vacantes<\/span> <svg xmlns=\"http:\/\/www.w3.org\/2000\/svg\" width=\"8\" height=\"14\" fill=\"none\"><path stroke=\"currentColor\" stroke-linecap=\"round\" stroke-linejoin=\"round\" stroke-width=\"2\" d=\"m1 13 6-6-6-6\"\/><\/svg><\/a>\n                  <\/div>\n                                                                                          <\/div>\n                                <div class=\"col-12 col-lg-6 align-self-start fifty-right d-flex flex-column mb-lg-0 mt-lg-0 order-3 order-lg-1  mt-15 \">\n                                                                  <h2 class=\"mb-20 \">Press centre<\/h2>\n                                                                                                                                                                                <div class=\"flex flex-column w-100 line-height-level-6 mb-15 fifty-fifty__text font-size-paragraph-medium  fg-color-navy-text \">\n\n                    <p>Si eres un periodista y quieres saber m\u00e1s sobre nuestras \u00faltimas noticias o ponerte en contacto con nosotros, visita nuestro press centre.<\/p>\n\n                  <\/div>\n                                                                                                                                                                                                  <div class=\"d-inline-flex w-100 button-container mb-15\">\n                    <a class=\"button button--gradient my-0 mr-auto\" href=\"https:\/\/lightsourcebp.staging.1int.co.uk\/press-centre\/\" target=\"_self\"><span>Press Centre<\/span> <svg xmlns=\"http:\/\/www.w3.org\/2000\/svg\" width=\"8\" height=\"14\" fill=\"none\"><path stroke=\"currentColor\" stroke-linecap=\"round\" stroke-linejoin=\"round\" stroke-width=\"2\" d=\"m1 13 6-6-6-6\"\/><\/svg><\/a>\n                  <\/div>\n                                                                                                          <\/div>\n                  <\/div>\n      <\/div>\n    <\/div>\n\n  <div class=\"pt-15 pt-lg-15\"><\/div>\n  <\/section>\n\n\n<section class=\"fifty-fifty align block_acf-block-6671b9ba5055e block bg-color-white position-relative z-1 overflow-hidden\">\n        <div class=\"pt-15 pt-lg-15\"><\/div>\n\n    \n    <div class=\"fifty-fifty__row\">\n      <div class=\"container \">\n        <div class=\"row align-items-center\">\n                      <div class=\"col-12 col-lg-6 align-self-center fifty-left d-flex flex-column order-2 order-lg-1\">\n                                                                  <h2 class=\"mb-20 \">Clientes corporativos<\/h2>\n                                                                                                                                                                <div class=\"flex flex-column w-100 line-height-level-6 mb-15 fifty-fifty__text font-size-paragraph-medium  fg-color-navy-text \">\n                    <p>Si deseas obtener m\u00e1s informaci\u00f3n sobre compraventa de energ\u00eda (PPA), por favor, contacta con nosotros.<\/p>\n\n                  <\/div>\n                                                                                                                                                                                  <div class=\"d-inline-flex w-100 button-container mb-15\">\n                    <a class=\"button button--gradient my-0 mr-auto\" href=\"https:\/\/lightsourcebp.staging.1int.co.uk\/es\/adquiere-energia-renovable\/\" target=\"_self\"><span>Adquiere energ\u00eda renovable<\/span> <svg xmlns=\"http:\/\/www.w3.org\/2000\/svg\" width=\"8\" height=\"14\" fill=\"none\"><path stroke=\"currentColor\" stroke-linecap=\"round\" stroke-linejoin=\"round\" stroke-width=\"2\" d=\"m1 13 6-6-6-6\"\/><\/svg><\/a>\n                  <\/div>\n                                                                                          <\/div>\n                                <div class=\"col-12 col-lg-6 align-self-center fifty-right d-flex flex-column mb-lg-0 mt-lg-0 order-3 order-lg-1  mt-15 \">\n                                                                                                                <div class=\"flex flex-column w-100 mb-30 fifty-fifty__image\">\n                    <picture><source srcset=\"https:\/\/assets.lightsourcebp.staging.1int.co.uk\/app\/uploads\/2023\/04\/20114806\/Be-You_Lightsource-bp-London-Office-Staff-201_Resized.jpg 624w, https:\/\/assets.lightsourcebp.staging.1int.co.uk\/app\/uploads\/2023\/04\/20114806\/Be-You_Lightsource-bp-London-Office-Staff-201_Resized-300x300.jpg 300w, https:\/\/assets.lightsourcebp.staging.1int.co.uk\/app\/uploads\/2023\/04\/20114806\/Be-You_Lightsource-bp-London-Office-Staff-201_Resized-150x150.jpg 150w, https:\/\/assets.lightsourcebp.staging.1int.co.uk\/app\/uploads\/2023\/04\/20114806\/Be-You_Lightsource-bp-London-Office-Staff-201_Resized-80x80.jpg 80w, https:\/\/assets.lightsourcebp.staging.1int.co.uk\/app\/uploads\/2023\/04\/20114806\/Be-You_Lightsource-bp-London-Office-Staff-201_Resized-450x450.jpg 450w\" sizes=\"100vw\"><img loading=\"lazy\" decoding=\"async\" src=\"https:\/\/assets.lightsourcebp.staging.1int.co.uk\/app\/uploads\/2023\/04\/20114806\/Be-You_Lightsource-bp-London-Office-Staff-201_Resized.jpg\" alt=\"\" width=\"624\" height=\"624\" class=\"d-flex max-w-100 w-100 h-auto mx-auto fit-cover rounded-10px\"><\/picture>\n                  <\/div>\n                                                                          <\/div>\n                  <\/div>\n      <\/div>\n    <\/div>\n\n  <div class=\"pt-60 pt-lg-100\"><\/div>\n  <\/section>\n\n\n<section class=\"contact-form align block_acf-block-66c5f3dbe49d2 block call-to-action\">\n  \n  <div class=\"container-fluid z-2\">\n    <div class=\"row\">\n      <div class=\"col-12 col-lg-6 px-0 position-relative\">\n        <picture><source srcset=\"https:\/\/assets.lightsourcebp.staging.1int.co.uk\/app\/uploads\/2022\/10\/26234012\/find-out-more-image-min.jpg 770w, https:\/\/assets.lightsourcebp.staging.1int.co.uk\/app\/uploads\/2022\/10\/26234012\/find-out-more-image-min-276x300.jpg 276w, https:\/\/assets.lightsourcebp.staging.1int.co.uk\/app\/uploads\/2022\/10\/26234012\/find-out-more-image-min-80x87.jpg 80w, https:\/\/assets.lightsourcebp.staging.1int.co.uk\/app\/uploads\/2022\/10\/26234012\/find-out-more-image-min-150x163.jpg 150w, https:\/\/assets.lightsourcebp.staging.1int.co.uk\/app\/uploads\/2022\/10\/26234012\/find-out-more-image-min-300x326.jpg 300w, https:\/\/assets.lightsourcebp.staging.1int.co.uk\/app\/uploads\/2022\/10\/26234012\/find-out-more-image-min-450x489.jpg 450w, https:\/\/assets.lightsourcebp.staging.1int.co.uk\/app\/uploads\/2022\/10\/26234012\/find-out-more-image-min-767x834.jpg 767w\" sizes=\"\"><img loading=\"lazy\" decoding=\"async\" src=\"https:\/\/assets.lightsourcebp.staging.1int.co.uk\/app\/uploads\/2022\/10\/26234012\/find-out-more-image-min.jpg\" alt=\"\" width=\"770\" height=\"837\" class=\"w-101 h-auto h-sm-100 object-fit-cover ml-15px\"><\/picture>\n        <div class=\"contact-form__overlap-text position-absolute bg-color-white top-35px top-sm-100px left-5 left-md-15 w-90 w-md-70 py-50 px-15 px-md-65\">\n                      <h2>Cont\u00e1ctanos<br>\n<\/h2>\n                    <p class=\"line-height-level-6 font-size-paragraph-large\">Siempre estamos disponibles para atender cualquier consulta, completa el formulario y nos pondremos en contacto contigo.<\/p>\n                            <\/div>\n      <\/div>\n      <div class=\"col-12 col-lg-6 bg-color-gradient fg-color-navy position-relative z-1 overflow-hidden\">\n\n        <img decoding=\"async\" class=\"position-absolute top-n20 right-n125 right-sm-n100 right-md-n80 right-xl-n68 rotate-230 -z-1\" src=\"https:\/\/lightsourcebp.staging.1int.co.uk\/app\/themes\/lightsourcebp-theme\/dist\/images\/global\/background-swirls-alt-red_935dfcd0.png\" alt=\"\" \/>\n\n        <div class=\"d-flex flex-column flex-center px-15 px-md-100 py-40 py-lg-100\">\n                      <div class=\"row flex-center\">\n              <p class=\"fg-color-white font-weight-bold mb-30\">*Campos obligatorios<\/p>\n              <form novalidate action=\"https:\/\/lightsourcebp.staging.1int.co.uk\/es\/forms\/contact-form\/#contact-form_acf-block-66c5f3dbe49d2\" class=\"form d-flex flex-wrap text-left \" data-id=\"107962\" enctype=\"multipart\/form-data\">\n\n          <div id=\"tipo-de-consulta\" class=\"form__input-row d-flex flex-column mb-20 position-relative form__input-row--full  form__input-row--select \">\n          <label class=\"form__label user-select-none mb-12 font-weight-bold font-size-paragraph-small fg-color-white\" for=\"tipo-de-consulta_107962\">Tipo de consulta<span class=\"form__required-indicator\">*<\/span><\/label>\n    \n    <div class=\"position-relative w-100\">\n  <select\n    id=\"tipo-de-consulta_107962\"\n    class=\"form__select form__select--unselected pl-20 pr-50 py-14\"\n    name=\"tipo-de-consulta\"\n    data-field-label=\"Tipo de consulta&lt;span class=&quot;form__required-indicator&quot;&gt;*&lt;\/span&gt;\"\n  \/>\n    <option value=\"\" disabled 1>Please choose<\/option>\n          <option value=\"Consulta sobre alquiler de terrenos\" >Consulta sobre alquiler de terrenos<\/option>\n          <option value=\"Consulta sobre PPAs \/ compra de energ\u00eda\" >Consulta sobre PPAs \/ compra de energ\u00eda<\/option>\n          <option value=\"Consulta sobre proyectos\" >Consulta sobre proyectos<\/option>\n          <option value=\"Consulta general\" >Consulta general<\/option>\n          <option value=\"Consulta sobre empleos\" >Consulta sobre empleos<\/option>\n      <\/select>\n  <div class=\"pointer-events-none position-absolute d-flex flex-center flex-middle w-70px h-100 top-1px right-0 fg-color-white\">\n    \n  <\/div>\n<\/div>\n  <\/div>\n\n          <div id=\"nombre-completo\" class=\"form__input-row d-flex flex-column mb-20 position-relative form__input-row--full  form__input-row--text \">\n          <label class=\"form__label user-select-none mb-12 font-weight-bold font-size-paragraph-small fg-color-white\" for=\"nombre-completo_107962\">Nombre completo<span class=\"form__required-indicator\">*<\/span><\/label>\n    \n    <input\n  id=\"nombre-completo_107962\"\n  class=\"form__input h-55px w-100 px-20 py-10\"\n  type=\"text\"\n  name=\"nombre-completo\"\n  placeholder=\"\"\n  value=\"\"\n\/>\n  <\/div>\n\n          <div id=\"correo-electronico\" class=\"form__input-row d-flex flex-column mb-20 position-relative form__input-row--full  form__input-row--text \">\n          <label class=\"form__label user-select-none mb-12 font-weight-bold font-size-paragraph-small fg-color-white\" for=\"correo-electronico_107962\">Correo electr\u00f3nico<span class=\"form__required-indicator\">*<\/span><\/label>\n    \n    <input\n  id=\"correo-electronico_107962\"\n  class=\"form__input h-55px w-100 px-20 py-10\"\n  type=\"text\"\n  name=\"correo-electronico\"\n  placeholder=\"\"\n  value=\"\"\n\/>\n  <\/div>\n\n          <div id=\"empresa\" class=\"form__input-row d-flex flex-column mb-20 position-relative form__input-row--full form__input-row--left form__input-row--text \">\n          <label class=\"form__label user-select-none mb-12 font-weight-bold font-size-paragraph-small fg-color-white\" for=\"empresa_107962\">Empresa<\/label>\n    \n    <input\n  id=\"empresa_107962\"\n  class=\"form__input h-55px w-100 px-20 py-10\"\n  type=\"text\"\n  name=\"empresa\"\n  placeholder=\"\"\n  value=\"\"\n\/>\n  <\/div>\n\n          <div id=\"mensaje\" class=\"form__input-row d-flex flex-column mb-20 position-relative form__input-row--full  form__input-row--textarea \">\n          <label class=\"form__label user-select-none mb-12 font-weight-bold font-size-paragraph-small fg-color-white\" for=\"mensaje_107962\">Mensaje<span class=\"form__required-indicator\">*<\/span><\/label>\n    \n    <textarea\n  id=\"mensaje_107962\"\n  class=\"form__textarea w-100 position-relative px-20 py-22\"\n  name=\"mensaje\"\n  placeholder=\"\"\n  rows=\"2\"\n>\n<\/textarea>\n  <\/div>\n\n    \n    \n    <div class=\"form__input-row form__input-row--recaptcha form__input-row--full form__input-row--last relative d-flex justify-content-sm-center\">\n      <div name=\"recaptcha\" class=\"g-recaptcha\"><\/div>\n    <\/div>\n\n    <div class=\"d-flex mt-10\">\n      <div class=\"d-flex flex-column\">\n                  <div id=\"acepto\" class=\"form__input-row d-flex flex-column mb-20 position-relative form__input-row--inline-with-button  form__input-row--checkbox pr-0 pr-md-10\">\n          <label class=\"form__label user-select-none mb-12 font-weight-bold font-size-paragraph-small fg-color-white d-none\" for=\"acepto_107962\">Acepto<span class=\"form__required-indicator\">*<\/span><\/label>\n    \n    <input\n    id=\"acepto_107962\"\n    class=\"position-absolute\"\n    name=\"acepto[]\"\n    type=\"checkbox\"\n    aria-label=\"\"\n  \/>\n\n  <label class=\"form__checkbox-label  font-size-body user-select-none m-0 position-relative d-block pl-50 fg-color-white\" for=\"acepto_107962\">\n    Estoy de acuerdo con los <a href=\"https:\/\/lightsourcebp.staging.1int.co.uk\/terms-and-conditions\/\">t\u00e9rminos y condiciones<\/a> de Lightsource bp\n\n\n      <\/label>\n\n  <\/div>\n\n        \n        <div class=\"d-inline-flex w-100 button-container mt-20\">\n          <button class=\"form__submit-button button button--gradient my-0 mr-auto my-0\" href=\"\"><span class=\"button__text\">Env\u00eda<\/span> <svg xmlns=\"http:\/\/www.w3.org\/2000\/svg\" width=\"24\" height=\"25\" fill=\"none\"><path stroke=\"currentColor\" stroke-linecap=\"round\" stroke-linejoin=\"round\" stroke-width=\"2\" d=\"m20 4.54-9 9m9-9-5.6 16-3.2-7.2-7.2-3.2 16-5.6Z\"\/><\/svg>\n<\/button>\n        <\/div>\n\n      <\/div>\n    <\/div>\n  <\/form>\n            <\/div>\n                  <\/div>\n      <\/div>\n    <\/div>\n  <\/div>\n<\/section>\n\n\n\n<section class=\"cards-with-icon-grid align block_acf-block-6671b9ba512c1 block bg-color-orange-3-percent\">\n  <div class=\"pt-60 pt-lg-100\"><\/div>\n\n  <div class=\"container\">\n        <div class=\"row flex-center\">\n                        <div class=\"col-6 col-md-4 mb-30\">\n            <div class=\"d-flex flex-column flex-middle text-center  \">\n                              <div class=\"w-75px h-75px d-flex flex-column flex-middle mb-25\">\n                  <picture><source srcset=\"https:\/\/assets.lightsourcebp.staging.1int.co.uk\/app\/uploads\/2024\/06\/18160320\/Office-Building-2.png 100w, https:\/\/assets.lightsourcebp.staging.1int.co.uk\/app\/uploads\/2024\/06\/18160320\/Office-Building-2-80x80.png 80w\" sizes=\"\"><img loading=\"lazy\" decoding=\"async\" src=\"https:\/\/assets.lightsourcebp.staging.1int.co.uk\/app\/uploads\/2024\/06\/18160320\/Office-Building-2.png\" alt=\"Office building icon\" width=\"100\" height=\"100\" class=\"d-flex w-100 h-100\"><\/picture>\n                <\/div>\n              \n              <h3 class=\"mb-20 font-size-h2   \">\n                \n                                  <span class=\" ml-n5px\">Madrid<\/span>\n                              <\/h3>\n\n              <p class=\"line-height-level-6 w-100 w-lg-90 font-weight-bold fg-color-navy-text \">Calle de Jos\u00e9 Ortega y Gasset 100, 28006 Madrid, Spain<\/p>\n\n                          <\/div>\n          <\/div>\n                  <\/div>\n  <\/div>\n\n  <div class=\"pt-30 pt-lg-30\"><\/div>\n<\/section>\n\n\n<section class=\"full-width-call-to-action align block_acf-block-6671b9ba51a0f block bg-color-orange-3-percent position-relative z-1 overflow-hidden\">\n  <div class=\"pt-30 pt-lg-30\"><\/div>\n\n      <img decoding=\"async\" class=\"position-absolute bottom-0 right-10 -z-1\" src=\"https:\/\/lightsourcebp.staging.1int.co.uk\/app\/themes\/lightsourcebp-theme\/dist\/images\/global\/background-swirls_935dfcd0.png\" alt=\"\" \/>\n  \n  <div class=\"container z-2\">\n    <div class=\"row\">\n      <div class=\"col-12 col-lg-6 col-xl-5 mb-30 mb-lg-0\">\n                  <span class=\"d-flex font-size-navigation font-weight-semi-bold mb-15 text-transform-uppercase letter-spacing-title fg-color-gradient\">Alcance global<\/span>\n                          <h2 class=\"mb-20 \">Nuestra presencia alrededor del mundo<\/h2>\n                          <div class=\"flex flex-column w-100 rich-text \">\n            <p>Descubre m\u00e1s sobre los mercados donde estamos trabajando para obtener m\u00e1s informaci\u00f3n sobre nuestros proyectos locales, iniciativas y contactos clave.<\/p>\n\n          <\/div>\n                                    <div class=\"d-inline-flex w-100 button-container mb-15\">\n            <a class=\"button button--gradient my-0 mr-auto\" href=\"https:\/\/lightsourcebp.staging.1int.co.uk\/location-selector\/\" target=\"_self\"><span>Lee m\u00e1s sobre nuestra actividad en el mundo<\/span> <svg xmlns=\"http:\/\/www.w3.org\/2000\/svg\" width=\"8\" height=\"14\" fill=\"none\"><path stroke=\"currentColor\" stroke-linecap=\"round\" stroke-linejoin=\"round\" stroke-width=\"2\" d=\"m1 13 6-6-6-6\"\/><\/svg><\/a>\n          <\/div>\n              <\/div>\n      <div class=\"col-12 col-lg-6 col-xl-6 offset-xl-1\">\n        <picture><source srcset=\"https:\/\/assets.lightsourcebp.staging.1int.co.uk\/app\/uploads\/2022\/10\/27003253\/world-map.png 824w, https:\/\/assets.lightsourcebp.staging.1int.co.uk\/app\/uploads\/2022\/10\/27003253\/world-map-300x145.png 300w, https:\/\/assets.lightsourcebp.staging.1int.co.uk\/app\/uploads\/2022\/10\/27003253\/world-map-80x39.png 80w, https:\/\/assets.lightsourcebp.staging.1int.co.uk\/app\/uploads\/2022\/10\/27003253\/world-map-150x73.png 150w, https:\/\/assets.lightsourcebp.staging.1int.co.uk\/app\/uploads\/2022\/10\/27003253\/world-map-450x218.png 450w, https:\/\/assets.lightsourcebp.staging.1int.co.uk\/app\/uploads\/2022\/10\/27003253\/world-map-767x371.png 767w\" sizes=\"\"><img loading=\"lazy\" decoding=\"async\" src=\"https:\/\/assets.lightsourcebp.staging.1int.co.uk\/app\/uploads\/2022\/10\/27003253\/world-map.png\" alt=\"world map graphic\" width=\"824\" height=\"399\" class=\"d-flex w-100 h-100\"><\/picture>\n      <\/div>\n    <\/div>\n  <\/div>\n\n  <div class=\"pt-60 pt-lg-100\"><\/div>\n<\/section>\n","protected":false},"excerpt":{"rendered":"","protected":false},"author":1,"featured_media":0,"parent":0,"menu_order":0,"comment_status":"closed","ping_status":"closed","template":"","meta":{"_acf_changed":false,"inline_featured_image":false,"footnotes":""},"class_list":["post-28047","page","type-page","status-publish","hentry"],"acf":[],"aioseo_notices":[],"_links":{"self":[{"href":"https:\/\/lightsourcebp.staging.1int.co.uk\/es\/wp-json\/wp\/v2\/pages\/28047","targetHints":{"allow":["GET"]}}],"collection":[{"href":"https:\/\/lightsourcebp.staging.1int.co.uk\/es\/wp-json\/wp\/v2\/pages"}],"about":[{"href":"https:\/\/lightsourcebp.staging.1int.co.uk\/es\/wp-json\/wp\/v2\/types\/page"}],"author":[{"embeddable":true,"href":"https:\/\/lightsourcebp.staging.1int.co.uk\/es\/wp-json\/wp\/v2\/users\/1"}],"replies":[{"embeddable":true,"href":"https:\/\/lightsourcebp.staging.1int.co.uk\/es\/wp-json\/wp\/v2\/comments?post=28047"}],"version-history":[{"count":33,"href":"https:\/\/lightsourcebp.staging.1int.co.uk\/es\/wp-json\/wp\/v2\/pages\/28047\/revisions"}],"predecessor-version":[{"id":403755,"href":"https:\/\/lightsourcebp.staging.1int.co.uk\/es\/wp-json\/wp\/v2\/pages\/28047\/revisions\/403755"}],"wp:attachment":[{"href":"https:\/\/lightsourcebp.staging.1int.co.uk\/es\/wp-json\/wp\/v2\/media?parent=28047"}],"curies":[{"name":"wp","href":"https:\/\/api.w.org\/{rel}","templated":true}]}}