{"id":28278,"date":"2022-09-20T08:50:52","date_gmt":"2022-09-20T08:50:52","guid":{"rendered":"https:\/\/lightsourcebp.staging.1int.co.uk\/partner-with-us\/"},"modified":"2023-01-27T07:52:44","modified_gmt":"2023-01-27T07:52:44","slug":"nuestros-partners","status":"publish","type":"page","link":"https:\/\/lightsourcebp.staging.1int.co.uk\/es\/nuestros-partners\/","title":{"rendered":"Nuestros partners"},"content":{"rendered":"<section class=\"block-page-title bg-color-white\">\n  <div class=\"pt-60 pt-lg-100\"><\/div>\n\n  <div class=\"container\">\n    <div class=\"row\">\n      <div class=\"col-12\">\n                <h1 class=\"fg-color-gradient\">Nuestros partners<\/h1>\n      <\/div>\n    <\/div>\n  <\/div>\n\n  <div class=\"pt-60 pt-lg-100\"><\/div>\n<\/section>\n  \n\n\n<section class=\"banner-single position-relative\">\n  <div class=\"container-fluid\">\n    <div class=\"row\">\n      <div class=\"col-12 px-0\">\n                <div class=\"position-relative w-100 h-100 aspect-ratio-banner object-fit-cover\">\n          <picture>\n                    <source srcset=\"https:\/\/assets.lightsourcebp.staging.1int.co.uk\/app\/uploads\/2022\/12\/28232135\/partner-with-us-banner-aspect-ratio-1550-600-450x174.jpg, https:\/\/assets.lightsourcebp.staging.1int.co.uk\/app\/uploads\/2022\/12\/28232135\/partner-with-us-banner-aspect-ratio-1550-600-1000x387.jpg 2x\"\n                          media=\"(max-width: 575px)\">\n                    <source srcset=\"https:\/\/assets.lightsourcebp.staging.1int.co.uk\/app\/uploads\/2022\/12\/28232135\/partner-with-us-banner-aspect-ratio-1550-600-1000x387.jpg, https:\/\/assets.lightsourcebp.staging.1int.co.uk\/app\/uploads\/2022\/12\/28232135\/partner-with-us-banner-aspect-ratio-1550-600.jpg 2x\"\n                          media=\"(min-width: 576px) and (max-width: 991px)\">\n                    <source srcset=\"https:\/\/assets.lightsourcebp.staging.1int.co.uk\/app\/uploads\/2022\/12\/28232135\/partner-with-us-banner-aspect-ratio-1550-600.jpg, https:\/\/assets.lightsourcebp.staging.1int.co.uk\/app\/uploads\/2022\/12\/28232135\/partner-with-us-banner-aspect-ratio-1550-600.jpg 2x\"\n                          media=\"(min-width: 992px)\">\n                    <img loading=\"lazy\" decoding=\"async\" src=\"https:\/\/assets.lightsourcebp.staging.1int.co.uk\/app\/uploads\/2022\/12\/28232135\/partner-with-us-banner-aspect-ratio-1550-600.jpg\" alt=\"\"\n                       srcset=\"https:\/\/assets.lightsourcebp.staging.1int.co.uk\/app\/uploads\/2022\/12\/28232135\/partner-with-us-banner-aspect-ratio-1550-600.jpg 2x\"\n                       sizes=\"auto, 100vw\"\n                       class=\"position-absolute w-100 h-100 left-0 top-0 object-fit-cover\"\n                       width=\"1540\"\n                       height=\"596\">\n                <\/picture>\n        <\/div>\n              <\/div>\n    <\/div>\n  <\/div>\n<\/section>\n\n\n<section class=\"text align block_63512797a37a8 block bg-color-white position-relative z-1 overflow-hidden\">\n    <div class=\"pt-60 pt-lg-100\"><\/div>\n\n  \n  <div class=\"container \">\n    <div class=\"row\">\n      <div class=\"col-12 col-md-9\">\n        <span class=\"rich-text extra-large-text fg-color-navy-text\">\n          <h2 class=\"list__heading-text\">Creamos alianzas s\u00f3lidas que contribuyen al crecimiento econ\u00f3mico local<\/h2>\n<p><strong>Creemos que la transici\u00f3n hacia un futuro m\u00e1s sostenible solo puede lograrse a trav\u00e9s de asociaciones significativas. <\/strong>Nuestro equipo de desarrollo y nuestros gestores de inversiones tienen m\u00e1s de una d\u00e9cada de experiencia en la formaci\u00f3n de asociaciones s\u00f3lidas y duraderas con compradores de energ\u00eda, inversores, propietarios de terrenos y otros socios comerciales.<\/p>\n\n        <\/span>\n      <\/div>\n    <\/div>\n  <\/div>\n\n  <div class=\"pt-30 pt-lg-100\"><\/div>\n<\/section>\n\n\n<section class=\"fifty-fifty align block_635127b1a37a9 block bg-color-white position-relative z-1 overflow-hidden\">\n        <div class=\"pt-30 pt-lg-15\"><\/div>\n\n    \n    <div class=\"fifty-fifty__row\">\n      <div class=\"container \">\n        <div class=\"row align-items-center\">\n                      <div class=\"col-12 col-lg-6 col-xl-5 align-self-center fifty-left d-flex flex-column order-2 order-lg-1\">\n                                                                    <span class=\"font-size-navigation font-weight-semi-bold mb-15 text-transform-uppercase letter-spacing-title fg-color-gradient\">Promotores locales<\/span>\n                                    <h2 class=\"mb-20 \">Asociaciones para el desarrollo de proyectos solares responsables<\/h2>\n                                                                                                                                                                <div class=\"flex flex-column w-100 line-height-level-6 mb-15 fifty-fifty__text font-size-paragraph-medium  fg-color-navy-text \">\n                    <p>A lo largo de los a\u00f1os hemos adquirido una amplia experiencia en establecer relaciones que ofrezcan un valor a\u00f1adido, econ\u00f3mico y medio ambiental, para el entorno local. Nuestro s\u00f3lido know how en el desarrollo, financiaci\u00f3n y construcci\u00f3n de parques solares, as\u00ed como la capacidad de nuestro equipo para trabajar con m\u00faltiples socios bajo diferentes estructuras, nos permiten ofrecer formas flexibles de asociaci\u00f3n. Somos expertos en estructuraci\u00f3n de acuerdos con intermediarios, acuerdos de codesarrollo, joint ventures, adquisiciones de carteras de proyectos y mucho m\u00e1s. Adem\u00e1s, junto con nuestros socios nos comprometemos a seguir nuestros valores corporativos y a garantizar los m\u00e1s altos est\u00e1ndares de calidad para el desarrollo de proyectos seguros y sostenibles.<\/p>\n\n                  <\/div>\n                                                                                                          <\/div>\n                                <div class=\"col-12 col-lg-6 col-xl-6 offset-xl-1 align-self-center fifty-right d-flex flex-column mb-lg-0 mt-lg-0 order-3 order-lg-1  mt-15 \">\n                                                                                                                <div class=\"flex flex-column w-100 mb-30 fifty-fifty__image\">\n                    <picture><source srcset=\"https:\/\/assets.lightsourcebp.staging.1int.co.uk\/app\/uploads\/2023\/01\/27084016\/Elm_Branch_0494.jpg 770w, https:\/\/assets.lightsourcebp.staging.1int.co.uk\/app\/uploads\/2023\/01\/27084016\/Elm_Branch_0494-300x259.jpg 300w, https:\/\/assets.lightsourcebp.staging.1int.co.uk\/app\/uploads\/2023\/01\/27084016\/Elm_Branch_0494-80x69.jpg 80w, https:\/\/assets.lightsourcebp.staging.1int.co.uk\/app\/uploads\/2023\/01\/27084016\/Elm_Branch_0494-150x130.jpg 150w, https:\/\/assets.lightsourcebp.staging.1int.co.uk\/app\/uploads\/2023\/01\/27084016\/Elm_Branch_0494-450x389.jpg 450w, https:\/\/assets.lightsourcebp.staging.1int.co.uk\/app\/uploads\/2023\/01\/27084016\/Elm_Branch_0494-767x662.jpg 767w\" sizes=\"100vw\"><img loading=\"lazy\" decoding=\"async\" src=\"https:\/\/assets.lightsourcebp.staging.1int.co.uk\/app\/uploads\/2023\/01\/27084016\/Elm_Branch_0494.jpg\" alt=\"landowner on solar field\" width=\"770\" height=\"665\" class=\"d-flex max-w-100 w-100 h-auto mx-auto fit-cover rounded-10px\"><\/picture>\n                  <\/div>\n                                                                          <\/div>\n                  <\/div>\n      <\/div>\n    <\/div>\n\n  <div class=\"pt-30 pt-lg-30\"><\/div>\n  <\/section>\n\n\n<section class=\"fifty-fifty align block_63512932a37ad block bg-color-white position-relative z-1 overflow-hidden\">\n        <div class=\"pt-30 pt-lg-50\"><\/div>\n\n    \n    <div class=\"fifty-fifty__row\">\n      <div class=\"container \">\n        <div class=\"row align-items-center\">\n                      <div class=\"col-12 col-lg-6 col-xl-6 align-self-center fifty-left d-flex flex-column order-2 order-lg-1\">\n                                                                                                                <div class=\"flex flex-column w-100 mb-30 fifty-fifty__image\">\n                    <picture><source srcset=\"https:\/\/assets.lightsourcebp.staging.1int.co.uk\/app\/uploads\/2022\/12\/28232200\/landowners.jpg 625w, https:\/\/assets.lightsourcebp.staging.1int.co.uk\/app\/uploads\/2022\/12\/28232200\/landowners-300x268.jpg 300w, https:\/\/assets.lightsourcebp.staging.1int.co.uk\/app\/uploads\/2022\/12\/28232200\/landowners-80x72.jpg 80w, https:\/\/assets.lightsourcebp.staging.1int.co.uk\/app\/uploads\/2022\/12\/28232200\/landowners-150x134.jpg 150w, https:\/\/assets.lightsourcebp.staging.1int.co.uk\/app\/uploads\/2022\/12\/28232200\/landowners-450x402.jpg 450w\" sizes=\"100vw\"><img loading=\"lazy\" decoding=\"async\" src=\"https:\/\/assets.lightsourcebp.staging.1int.co.uk\/app\/uploads\/2022\/12\/28232200\/landowners.jpg\" alt=\"\" width=\"625\" height=\"559\" class=\"d-flex max-w-100 w-100 h-auto mx-auto fit-cover rounded-10px\"><\/picture>\n                  <\/div>\n                                                          <\/div>\n                                <div class=\"col-12 col-lg-6 col-xl-5 offset-xl-1 align-self-center fifty-right d-flex flex-column mb-lg-0 mt-lg-0 order-1 order-lg-1  mb-15 \">\n                                                                    <span class=\"font-size-navigation font-weight-semi-bold mb-15 text-transform-uppercase letter-spacing-title fg-color-gradient\">Propietarios de terrenos<\/span>\n                                    <h2 class=\"mb-20 \">Doble uso del terreno <\/h2>\n                                                                                                                                                                                <div class=\"flex flex-column w-100 line-height-level-6 mb-15 fifty-fifty__text font-size-paragraph-medium  fg-color-navy-text \">\n\n                    <p>Los propietarios y las comunidades locales de toda Espa\u00f1a est\u00e1n comprobando de primera mano la rentabilidad de alquilar su terreno para el desarrollo de proyectos solares. Alquilar una parte del terreno para la instalaci\u00f3n de una planta supone una fuente de ingresos diversificada y fiable. Los proyectos solares, dise\u00f1ados de forma responsable, pueden brindar oportunidades para el doble uso del terreno, combinando la producci\u00f3n de energ\u00eda limpia con actividades agr\u00edcolas como el pastoreo, adem\u00e1s de impulsar la biodiversidad.<\/p>\n<p>&nbsp;<\/p>\n\n                  <\/div>\n                                                                                                                          <\/div>\n                  <\/div>\n      <\/div>\n    <\/div>\n\n  <div class=\"pt-60 pt-lg-100\"><\/div>\n  <\/section>\n\n\n<section class=\"fifty-fifty align block_63512b2aa37b3 block bg-color-orange-3-percent position-relative z-1 overflow-hidden\">\n        <div class=\"pt-60 pt-lg-100\"><\/div>\n\n          <img decoding=\"async\" class=\"position-absolute top-n20 right-n125 right-sm-n80 right-md-n45 right-xl-n32 rotate-230 -z-1\" src=\"https:\/\/lightsourcebp.staging.1int.co.uk\/app\/themes\/lightsourcebp-theme\/dist\/images\/global\/background-swirls_935dfcd0.png\" alt=\"\" \/>\n    \n    <div class=\"fifty-fifty__row\">\n      <div class=\"container \">\n        <div class=\"row align-items-center\">\n                      <div class=\"col-12 col-lg-6 col-xl-5 align-self-center fifty-left d-flex flex-column order-2 order-lg-1\">\n                                                                    <span class=\"font-size-navigation font-weight-semi-bold mb-15 text-transform-uppercase letter-spacing-title fg-color-gradient\">Clientes corporativos<\/span>\n                                    <h2 class=\"mb-20 \">Soluciones personalizadas a largo plazo<\/h2>\n                                                                                                                                                                <div class=\"flex flex-column w-100 line-height-level-6 mb-15 fifty-fifty__text font-size-paragraph-medium  fg-color-navy-text \">\n                    <p>Nuestro equipo en Espa\u00f1a y Europa tiene un extenso conocimiento del sector fotovoltaico, y del mercado espa\u00f1ol en particular. Esto, junto a una significativa experiencia en la estructuraci\u00f3n y financiaci\u00f3n de contratos de compra de energ\u00eda (PPA), nos permite brindar soluciones personalizadas basadas en las necesidades del cliente, posicion\u00e1ndonos como un socio de confianza para el desarrollo de plantas y la gesti\u00f3n de PPA a largo plazo.<\/p>\n<p>Lee m\u00e1s sobre nuestro compromiso con <a href=\"https:\/\/lightsourcebp.staging.1int.co.uk\/es\/sostenibilidad\/\">la sostenibilidad<\/a> y nuestros <a href=\"https:\/\/lightsourcebp.staging.1int.co.uk\/es\/proyectos\/\">proyectos destacados<\/a>.<\/p>\n\n                  <\/div>\n                                                                                                          <\/div>\n                                <div class=\"col-12 col-lg-6 col-xl-6 offset-xl-1 align-self-center fifty-right d-flex flex-column mb-lg-0 mt-lg-0 order-3 order-lg-1  mt-15 \">\n                                                                                                                <div class=\"flex flex-column w-100 mb-30 fifty-fifty__image\">\n                    <picture><source srcset=\"https:\/\/assets.lightsourcebp.staging.1int.co.uk\/app\/uploads\/2022\/10\/26232031\/predictable-long-term-returns-min.jpg 624w, https:\/\/assets.lightsourcebp.staging.1int.co.uk\/app\/uploads\/2022\/10\/26232031\/predictable-long-term-returns-min-300x300.jpg 300w, https:\/\/assets.lightsourcebp.staging.1int.co.uk\/app\/uploads\/2022\/10\/26232031\/predictable-long-term-returns-min-150x150.jpg 150w, https:\/\/assets.lightsourcebp.staging.1int.co.uk\/app\/uploads\/2022\/10\/26232031\/predictable-long-term-returns-min-80x80.jpg 80w, https:\/\/assets.lightsourcebp.staging.1int.co.uk\/app\/uploads\/2022\/10\/26232031\/predictable-long-term-returns-min-450x450.jpg 450w\" sizes=\"100vw\"><img loading=\"lazy\" decoding=\"async\" src=\"https:\/\/assets.lightsourcebp.staging.1int.co.uk\/app\/uploads\/2022\/10\/26232031\/predictable-long-term-returns-min.jpg\" alt=\"row of solar panels\" width=\"624\" height=\"624\" class=\"d-flex max-w-100 w-100 h-auto mx-auto fit-cover rounded-10px\"><\/picture>\n                  <\/div>\n                                                                          <\/div>\n                  <\/div>\n      <\/div>\n    <\/div>\n\n  <div class=\"pt-60 pt-lg-100\"><\/div>\n  <\/section>\n\n\n<section class=\"fifty-fifty align block_63512c32a37ba block bg-color-white position-relative z-1 overflow-hidden\">\n        <div class=\"pt-60 pt-lg-100\"><\/div>\n\n    \n    <div class=\"fifty-fifty__row\">\n      <div class=\"container \">\n        <div class=\"row align-items-center\">\n                      <div class=\"col-12 col-lg-6 align-self-start fifty-left d-flex flex-column order-2 order-lg-1\">\n                                                                    <span class=\"font-size-navigation font-weight-semi-bold mb-15 text-transform-uppercase letter-spacing-title fg-color-gradient\">Comunidades y autoridades locales<\/span>\n                                    <h2 class=\"mb-20 \">Colaboramos para contribuir a la transici\u00f3n energ\u00e9tica<\/h2>\n                                                                                                                                                                <div class=\"flex flex-column w-100 line-height-level-6 mb-15 fifty-fifty__text font-size-paragraph-medium  fg-color-navy-text \">\n                    <p>Contribuir a la transici\u00f3n energ\u00e9tica es fundamental para nosotros y, por ello, nos comprometemos a trabajar con las comunidades locales apoy\u00e1ndolas en la elecci\u00f3n de la energ\u00eda solar. Adem\u00e1s, deseamos colaborar con el gobierno y las autoridades locales para impulsar el cambio hac\u00eda soluciones de energ\u00eda renovable que traigan beneficios a los territorios en los que se ubican, promoviendo el desarrollo econ\u00f3mico local y la biodiversidad. Nuestra larga y exitosa trayectoria en el desarrollo de proyectos solares alrededor del mundo y nuestra capacidad financiera nos convierten en el socio ideal con el que colaborar para alcanzar los objetivos de sostenibilidad establecidos por la Uni\u00f3n Europea.<\/p>\n\n                  <\/div>\n                                                                                                          <\/div>\n                                <div class=\"col-12 col-lg-6 align-self-start fifty-right d-flex flex-column mb-lg-0 mt-lg-0 order-3 order-lg-1  mt-15 \">\n                                                                                                                <div class=\"flex flex-column w-100 mb-30 fifty-fifty__image\">\n                    <picture><source srcset=\"https:\/\/assets.lightsourcebp.staging.1int.co.uk\/app\/uploads\/2022\/12\/27230017\/Impact-Solar-Oct-2020-29-527x702-2-e1670337965658.jpg\"><img loading=\"lazy\" decoding=\"async\" src=\"https:\/\/assets.lightsourcebp.staging.1int.co.uk\/app\/uploads\/2022\/12\/27230017\/Impact-Solar-Oct-2020-29-527x702-2-e1670337965658.jpg\" alt=\"\" width=\"527\" height=\"702\" class=\"d-flex max-w-100 w-100 h-auto mx-auto fit-cover rounded-10px\"><\/picture>\n                  <\/div>\n                                                                          <\/div>\n                  <\/div>\n      <\/div>\n    <\/div>\n\n  <div class=\"pt-30 pt-lg-30\"><\/div>\n  <\/section>\n\n\n<section class=\"fifty-fifty align block_63512c73a37bf block bg-color-orange-3-percent position-relative z-1 overflow-hidden\">\n        <div class=\"pt-60 pt-lg-100\"><\/div>\n\n          <img decoding=\"async\" class=\"position-absolute top-n20 right-n125 right-sm-n80 right-md-n45 right-xl-n32 rotate-230 -z-1\" src=\"https:\/\/lightsourcebp.staging.1int.co.uk\/app\/themes\/lightsourcebp-theme\/dist\/images\/global\/background-swirls_935dfcd0.png\" alt=\"\" \/>\n    \n    <div class=\"fifty-fifty__row\">\n      <div class=\"container \">\n        <div class=\"row align-items-center\">\n                      <div class=\"col-12 col-lg-6 col-xl-5 align-self-center fifty-left d-flex flex-column order-2 order-lg-1\">\n                                                                    <span class=\"font-size-navigation font-weight-semi-bold mb-15 text-transform-uppercase letter-spacing-title fg-color-gradient\">EPC y proveedores de servicios O&#038;M<\/span>\n                                    <h2 class=\"mb-20 \">Trabajamos siguiendo los m\u00e1s altos est\u00e1ndares de calidad y seguridad<\/h2>\n                                                                                                                                                                <div class=\"flex flex-column w-100 line-height-level-6 mb-15 fifty-fifty__text font-size-paragraph-medium  fg-color-navy-text \">\n                    <p>Colaboramos con socios locales e internacionales para realizar un desarrollo responsable de nuestros proyectos. Todas nuestras plantas est\u00e1n construidas siguiendo los m\u00e1s altos est\u00e1ndares de calidad y seguridad. La seguridad es de hecho uno de nuestros valores fundamentales y rige todo lo que hacemos, desde las primeras etapas de desarrollo hasta el desmantelamiento del parque fotovoltaico al final de su vida \u00fatil. Trabajar con Lightsource bp significa tener acceso a una cartera de proyectos de alcance mundial y a financiamientos seguros que nos permiten construir y operar nuestros parques solares de acuerdo con las mejores pr\u00e1cticas de la industria.<\/p>\n\n                  <\/div>\n                                                                                                          <\/div>\n                                <div class=\"col-12 col-lg-6 col-xl-6 offset-xl-1 align-self-center fifty-right d-flex flex-column mb-lg-0 mt-lg-0 order-3 order-lg-1  mt-15 \">\n                                                                                                                <div class=\"flex flex-column w-100 mb-30 fifty-fifty__image\">\n                    <picture><source srcset=\"https:\/\/assets.lightsourcebp.staging.1int.co.uk\/app\/uploads\/2022\/12\/28232214\/asset-services-and-om.jpg 624w, https:\/\/assets.lightsourcebp.staging.1int.co.uk\/app\/uploads\/2022\/12\/28232214\/asset-services-and-om-300x189.jpg 300w, https:\/\/assets.lightsourcebp.staging.1int.co.uk\/app\/uploads\/2022\/12\/28232214\/asset-services-and-om-80x51.jpg 80w, https:\/\/assets.lightsourcebp.staging.1int.co.uk\/app\/uploads\/2022\/12\/28232214\/asset-services-and-om-150x95.jpg 150w, https:\/\/assets.lightsourcebp.staging.1int.co.uk\/app\/uploads\/2022\/12\/28232214\/asset-services-and-om-450x284.jpg 450w\" sizes=\"100vw\"><img loading=\"lazy\" decoding=\"async\" src=\"https:\/\/assets.lightsourcebp.staging.1int.co.uk\/app\/uploads\/2022\/12\/28232214\/asset-services-and-om.jpg\" alt=\"\" width=\"624\" height=\"394\" class=\"d-flex max-w-100 w-100 h-auto mx-auto fit-cover rounded-10px\"><\/picture>\n                  <\/div>\n                                                                          <\/div>\n                  <\/div>\n      <\/div>\n    <\/div>\n\n  <div class=\"pt-30 pt-lg-50\"><\/div>\n  <\/section>\n\n\n<section class=\"call-to-action align block_63c6b4aa14abf block call-to-action\">\n  <div class=\"pt-60 pt-lg-100\"><\/div>\n\n  <div class=\"container z-2\">\n\n    <div class=\"row\">\n      <div class=\"col-12 col-lg-6 pl-0 pr-0\">\n        <picture><source srcset=\"https:\/\/assets.lightsourcebp.staging.1int.co.uk\/app\/uploads\/2022\/12\/27000022\/careers-thumbnail-1.jpg 800w, https:\/\/assets.lightsourcebp.staging.1int.co.uk\/app\/uploads\/2022\/12\/27000022\/careers-thumbnail-1-300x188.jpg 300w, https:\/\/assets.lightsourcebp.staging.1int.co.uk\/app\/uploads\/2022\/12\/27000022\/careers-thumbnail-1-80x50.jpg 80w, https:\/\/assets.lightsourcebp.staging.1int.co.uk\/app\/uploads\/2022\/12\/27000022\/careers-thumbnail-1-150x94.jpg 150w, https:\/\/assets.lightsourcebp.staging.1int.co.uk\/app\/uploads\/2022\/12\/27000022\/careers-thumbnail-1-450x281.jpg 450w, https:\/\/assets.lightsourcebp.staging.1int.co.uk\/app\/uploads\/2022\/12\/27000022\/careers-thumbnail-1-767x479.jpg 767w\" sizes=\"\"><img loading=\"lazy\" decoding=\"async\" src=\"https:\/\/assets.lightsourcebp.staging.1int.co.uk\/app\/uploads\/2022\/12\/27000022\/careers-thumbnail-1.jpg\" alt=\"female Lightsource bp employee\" width=\"800\" height=\"500\" class=\"w-100 w-lg-101 h-100 object-fit-cover ml--15px\"><\/picture>\n      <\/div>\n      <div class=\"col-12 col-lg-6 bg-color-gradient position-relative z-1 overflow-hidden\">\n\n                  <img decoding=\"async\" class=\"position-absolute top-n20 right-n190 right-sm-n116 right-xxl-n68 rotate-230 -z-1\" src=\"https:\/\/lightsourcebp.staging.1int.co.uk\/app\/themes\/lightsourcebp-theme\/dist\/images\/global\/background-swirls-alt-red_935dfcd0.png\" alt=\"\" \/>\n        \n        <div class=\"d-flex flex-column flex-center h-100 px-15 px-md-50 py-60 py-lg-30 py-xxl-0\">\n                                <h2 class=\"mb-20 fg-color-white\">Cont\u00e1ctanos<\/h2>\n                                <div class=\"flex flex-column w-100 rich-text fg-color-white\">\n              <p>Siempre estamos disponibles para atender cualquier consulta.<\/p>\n\n            <\/div>\n                                            <div class=\"d-inline-flex w-100 button-container mb-15\">\n              <a class=\"button button--gradient my-0 mr-auto\" href=\"https:\/\/lightsourcebp.staging.1int.co.uk\/es\/contacto\/\" target=\"_self\"><span>CONT\u00c1CTANOS PARA SABER M\u00c1S<\/span> <svg xmlns=\"http:\/\/www.w3.org\/2000\/svg\" width=\"8\" height=\"14\" fill=\"none\"><path stroke=\"currentColor\" stroke-linecap=\"round\" stroke-linejoin=\"round\" stroke-width=\"2\" d=\"m1 13 6-6-6-6\"\/><\/svg><\/a>\n            <\/div>\n                  <\/div>\n      <\/div>\n    <\/div>\n  <\/div>\n  <div class=\"pt-60 pt-lg-100\"><\/div>\n<\/section>\n","protected":false},"excerpt":{"rendered":"","protected":false},"author":1,"featured_media":0,"parent":0,"menu_order":0,"comment_status":"closed","ping_status":"closed","template":"","meta":{"_acf_changed":false,"inline_featured_image":false,"footnotes":""},"class_list":["post-28278","page","type-page","status-publish","hentry"],"acf":[],"aioseo_notices":[],"_links":{"self":[{"href":"https:\/\/lightsourcebp.staging.1int.co.uk\/es\/wp-json\/wp\/v2\/pages\/28278","targetHints":{"allow":["GET"]}}],"collection":[{"href":"https:\/\/lightsourcebp.staging.1int.co.uk\/es\/wp-json\/wp\/v2\/pages"}],"about":[{"href":"https:\/\/lightsourcebp.staging.1int.co.uk\/es\/wp-json\/wp\/v2\/types\/page"}],"author":[{"embeddable":true,"href":"https:\/\/lightsourcebp.staging.1int.co.uk\/es\/wp-json\/wp\/v2\/users\/1"}],"replies":[{"embeddable":true,"href":"https:\/\/lightsourcebp.staging.1int.co.uk\/es\/wp-json\/wp\/v2\/comments?post=28278"}],"version-history":[{"count":30,"href":"https:\/\/lightsourcebp.staging.1int.co.uk\/es\/wp-json\/wp\/v2\/pages\/28278\/revisions"}],"predecessor-version":[{"id":237618,"href":"https:\/\/lightsourcebp.staging.1int.co.uk\/es\/wp-json\/wp\/v2\/pages\/28278\/revisions\/237618"}],"wp:attachment":[{"href":"https:\/\/lightsourcebp.staging.1int.co.uk\/es\/wp-json\/wp\/v2\/media?parent=28278"}],"curies":[{"name":"wp","href":"https:\/\/api.w.org\/{rel}","templated":true}]}}