{"id":28412,"date":"2022-09-20T08:45:22","date_gmt":"2022-09-20T08:45:22","guid":{"rendered":"https:\/\/lightsourcebp.staging.1int.co.uk\/leadership\/"},"modified":"2025-07-29T11:33:08","modified_gmt":"2025-07-29T11:33:08","slug":"equipo-directivo","status":"publish","type":"page","link":"https:\/\/lightsourcebp.staging.1int.co.uk\/es\/quienes-somos\/equipo-directivo\/","title":{"rendered":"Equipo directivo"},"content":{"rendered":"<section class=\"block-page-title bg-color-white\">\n  <div class=\"pt-60 pt-lg-100\"><\/div>\n\n  <div class=\"container\">\n    <div class=\"row\">\n      <div class=\"col-12\">\n                <h1 class=\"fg-color-gradient\">Nuestro equipo directivo<\/h1>\n      <\/div>\n    <\/div>\n  <\/div>\n\n  <div class=\"pt-60 pt-lg-100\"><\/div>\n<\/section>\n  \n\n\n<section class=\"banner-single position-relative\">\n  <div class=\"container-fluid\">\n    <div class=\"row\">\n      <div class=\"col-12 px-0\">\n                <div class=\"position-relative w-100 h-100 aspect-ratio-banner object-fit-cover\">\n          <picture>\n                    <source srcset=\"https:\/\/assets.lightsourcebp.staging.1int.co.uk\/app\/uploads\/2023\/08\/31140643\/Madrid-Office-Management-Team-Banner-aspect-ratio-417-234-1-450x252.jpg, https:\/\/assets.lightsourcebp.staging.1int.co.uk\/app\/uploads\/2023\/08\/31140643\/Madrid-Office-Management-Team-Banner-aspect-ratio-417-234-1-1000x561.jpg 2x\"\n                          media=\"(max-width: 575px)\">\n                    <source srcset=\"https:\/\/assets.lightsourcebp.staging.1int.co.uk\/app\/uploads\/2023\/08\/31135540\/Madrid-Office-Management-Team-Banner-1000x400.jpg, https:\/\/assets.lightsourcebp.staging.1int.co.uk\/app\/uploads\/2023\/08\/31135540\/Madrid-Office-Management-Team-Banner-1920x768.jpg 2x\"\n                          media=\"(min-width: 576px) and (max-width: 991px)\">\n                    <source srcset=\"https:\/\/assets.lightsourcebp.staging.1int.co.uk\/app\/uploads\/2023\/08\/31135540\/Madrid-Office-Management-Team-Banner.jpg, https:\/\/assets.lightsourcebp.staging.1int.co.uk\/app\/uploads\/2023\/08\/31135540\/Madrid-Office-Management-Team-Banner.jpg 2x\"\n                          media=\"(min-width: 992px)\">\n                    <img loading=\"lazy\" decoding=\"async\" src=\"https:\/\/assets.lightsourcebp.staging.1int.co.uk\/app\/uploads\/2023\/08\/31135540\/Madrid-Office-Management-Team-Banner.jpg\" alt=\"Neon Lightsource bp sign in Madrid Office\"\n                       srcset=\"https:\/\/assets.lightsourcebp.staging.1int.co.uk\/app\/uploads\/2023\/08\/31135540\/Madrid-Office-Management-Team-Banner.jpg 2x\"\n                       sizes=\"auto, 100vw\"\n                       class=\"position-absolute w-100 h-100 left-0 top-0 object-fit-cover\"\n                       width=\"2000\"\n                       height=\"800\">\n                <\/picture>\n        <\/div>\n              <\/div>\n    <\/div>\n  <\/div>\n<\/section>\n\n\n<section class=\"text align block_acf-block-6888b173e8d8f block bg-color-white position-relative z-1 overflow-hidden\">\n    <div class=\"pt-60 pt-lg-100\"><\/div>\n\n  \n  <div class=\"container \">\n    <div class=\"row\">\n      <div class=\"col-12\">\n        <span class=\"rich-text standard-text fg-color-navy\">\n          <h2>\nLas personas son la raz\u00f3n de nuestro \u00e9xito y esto comienza con nuestro equipo directivo.<\/h2>\n<p>Su amplia experiencia en el sector renovable, conocimiento y trayectoria son los cimientos sobre los que se construye nuestro negocio. Nuestros directivos impulsan nuestra cultura y valores, promueven un esp\u00edritu emprendedor en los equipos y fomentan la creaci\u00f3n de un entorno laboral diverso y \u00e1gil.<\/p>\n<p>A continuaci\u00f3n, puedes saber m\u00e1s sobre nuestro equipo directivo para conocer su experiencia y su pasi\u00f3n por avanzar en la transici\u00f3n energ\u00e9tica.<\/p>\n\n        <\/span>\n      <\/div>\n    <\/div>\n  <\/div>\n\n  <div class=\"pt-0 pt-lg-0\"><\/div>\n  <\/section>\n\n\n<section class=\"multi-column-cards align block_acf-block-6888b173e97e2 block bg-color-white\">\n  <div class=\"pt-60 pt-lg-100\"><\/div>\n\n  <div class=\"container\">\n    <div class=\"row\">\n      <div class=\"col-12\">\n                <h3 class=\"mb-35\">Nuestro equipo directivo<\/h3>\n      <\/div>\n    <\/div>\n    <div class=\"row\">\n                        <div class=\"col-12 col-lg-4 mb-30\">\n  <a class=\"text-decoration-none\" href=\"https:\/\/lightsourcebp.staging.1int.co.uk\/es\/leadership-team\/alvaro-contreras-polin\/\">\n    <div class=\"multi-column-cards__image-container\">\n      <img decoding=\"async\" src=\"https:\/\/assets.lightsourcebp.staging.1int.co.uk\/app\/uploads\/2023\/07\/27102135\/Alvaro-Contreras.png\" \/>\n    <\/div>\n    <h5 class=\"mt-25 mb-5 fg-color-orange\">\u00c1lvaro Contreras Polin<\/h5>\n    <p class=\"fg-color-navy\">Head of Interconnection<\/p>\n  <\/a>\n<\/div>\n                  <div class=\"col-12 col-lg-4 mb-30\">\n  <a class=\"text-decoration-none\" href=\"https:\/\/lightsourcebp.staging.1int.co.uk\/es\/leadership-team\/david-garcia\/\">\n    <div class=\"multi-column-cards__image-container\">\n      <img decoding=\"async\" src=\"https:\/\/assets.lightsourcebp.staging.1int.co.uk\/app\/uploads\/2023\/07\/27085107\/David-Garcia.png\" \/>\n    <\/div>\n    <h5 class=\"mt-25 mb-5 fg-color-orange\">David Garc\u00eda<\/h5>\n    <p class=\"fg-color-navy\">Global Head of Engineering<\/p>\n  <\/a>\n<\/div>\n                  <div class=\"col-12 col-lg-4 mb-30\">\n  <a class=\"text-decoration-none\" href=\"https:\/\/lightsourcebp.staging.1int.co.uk\/es\/leadership-team\/fernando-reina\/\">\n    <div class=\"multi-column-cards__image-container\">\n      <img decoding=\"async\" src=\"https:\/\/assets.lightsourcebp.staging.1int.co.uk\/app\/uploads\/2023\/06\/26154537\/Fernando-Reina-featured.png\" \/>\n    <\/div>\n    <h5 class=\"mt-25 mb-5 fg-color-orange\">Fernando Reina<\/h5>\n    <p class=\"fg-color-navy\">Managing Counsel para Espa\u00f1a<\/p>\n  <\/a>\n<\/div>\n                  <div class=\"col-12 col-lg-4 mb-30\">\n  <a class=\"text-decoration-none\" href=\"https:\/\/lightsourcebp.staging.1int.co.uk\/es\/leadership-team\/juan-luis-canton\/\">\n    <div class=\"multi-column-cards__image-container\">\n      <img decoding=\"async\" src=\"https:\/\/assets.lightsourcebp.staging.1int.co.uk\/app\/uploads\/2023\/07\/27101245\/Juan-Luis-Canton.png\" \/>\n    <\/div>\n    <h5 class=\"mt-25 mb-5 fg-color-orange\">Juan Luis Cant\u00f3n<\/h5>\n    <p class=\"fg-color-navy\">Country Head Spain<\/p>\n  <\/a>\n<\/div>\n                  <div class=\"col-12 col-lg-4 mb-30\">\n  <a class=\"text-decoration-none\" href=\"https:\/\/lightsourcebp.staging.1int.co.uk\/es\/leadership-team\/luis-alberto-garcia-alonso\/\">\n    <div class=\"multi-column-cards__image-container\">\n      <img decoding=\"async\" src=\"https:\/\/assets.lightsourcebp.staging.1int.co.uk\/app\/uploads\/2023\/07\/27085119\/Luis-Alberto-Garcia-Alonso.png\" \/>\n    <\/div>\n    <h5 class=\"mt-25 mb-5 fg-color-orange\">Luis Alberto Garc\u00eda Alonso<\/h5>\n    <p class=\"fg-color-navy\">Head of Construction Europe<\/p>\n  <\/a>\n<\/div>\n                  <\/div>\n  <\/div>\n\n  <div class=\"pt-60 pt-lg-100\"><\/div>\n<\/section>\n","protected":false},"excerpt":{"rendered":"","protected":false},"author":1,"featured_media":0,"parent":28461,"menu_order":0,"comment_status":"closed","ping_status":"closed","template":"","meta":{"_acf_changed":false,"inline_featured_image":false,"footnotes":""},"class_list":["post-28412","page","type-page","status-publish","hentry"],"acf":[],"aioseo_notices":[],"_links":{"self":[{"href":"https:\/\/lightsourcebp.staging.1int.co.uk\/es\/wp-json\/wp\/v2\/pages\/28412","targetHints":{"allow":["GET"]}}],"collection":[{"href":"https:\/\/lightsourcebp.staging.1int.co.uk\/es\/wp-json\/wp\/v2\/pages"}],"about":[{"href":"https:\/\/lightsourcebp.staging.1int.co.uk\/es\/wp-json\/wp\/v2\/types\/page"}],"author":[{"embeddable":true,"href":"https:\/\/lightsourcebp.staging.1int.co.uk\/es\/wp-json\/wp\/v2\/users\/1"}],"replies":[{"embeddable":true,"href":"https:\/\/lightsourcebp.staging.1int.co.uk\/es\/wp-json\/wp\/v2\/comments?post=28412"}],"version-history":[{"count":36,"href":"https:\/\/lightsourcebp.staging.1int.co.uk\/es\/wp-json\/wp\/v2\/pages\/28412\/revisions"}],"predecessor-version":[{"id":467409,"href":"https:\/\/lightsourcebp.staging.1int.co.uk\/es\/wp-json\/wp\/v2\/pages\/28412\/revisions\/467409"}],"up":[{"embeddable":true,"href":"https:\/\/lightsourcebp.staging.1int.co.uk\/es\/wp-json\/wp\/v2\/pages\/28461"}],"wp:attachment":[{"href":"https:\/\/lightsourcebp.staging.1int.co.uk\/es\/wp-json\/wp\/v2\/media?parent=28412"}],"curies":[{"name":"wp","href":"https:\/\/api.w.org\/{rel}","templated":true}]}}