{"id":28038,"date":"2022-09-20T09:10:04","date_gmt":"2022-09-20T09:10:04","guid":{"rendered":"https:\/\/lightsourcebp.staging.1int.co.uk\/contact\/"},"modified":"2024-07-10T14:45:04","modified_gmt":"2024-07-10T14:45:04","slug":"contacter","status":"publish","type":"page","link":"https:\/\/lightsourcebp.staging.1int.co.uk\/fr\/contacter\/","title":{"rendered":"Nous contacter"},"content":{"rendered":"<section class=\"block-page-title bg-color-white\">\n  <div class=\"pt-60 pt-lg-100\"><\/div>\n\n  <div class=\"container\">\n    <div class=\"row\">\n      <div class=\"col-12\">\n                <h1 class=\"fg-color-gradient\">Nous contacter<\/h1>\n      <\/div>\n    <\/div>\n  <\/div>\n\n  <div class=\"pt-60 pt-lg-100\"><\/div>\n<\/section>\n  \n\n\n<section class=\"banner-single position-relative\">\n  <div class=\"container-fluid\">\n    <div class=\"row\">\n      <div class=\"col-12 px-0\">\n                <div class=\"position-relative w-100 h-100 aspect-ratio-banner object-fit-cover\">\n          <picture>\n                    <source srcset=\"https:\/\/assets.lightsourcebp.staging.1int.co.uk\/app\/uploads\/2023\/01\/27071004\/contact-banner-1-aspect-ratio-450-490-6-450x490.jpg, https:\/\/assets.lightsourcebp.staging.1int.co.uk\/app\/uploads\/2023\/01\/27071004\/contact-banner-1-aspect-ratio-450-490-6.jpg 2x\"\n                          media=\"(max-width: 575px)\">\n                    <source srcset=\"https:\/\/assets.lightsourcebp.staging.1int.co.uk\/app\/uploads\/2022\/12\/26224516\/contact-banner-1-1000x417.jpg, https:\/\/assets.lightsourcebp.staging.1int.co.uk\/app\/uploads\/2022\/12\/26224516\/contact-banner-1.jpg 2x\"\n                          media=\"(min-width: 576px) and (max-width: 991px)\">\n                    <source srcset=\"https:\/\/assets.lightsourcebp.staging.1int.co.uk\/app\/uploads\/2022\/12\/26224516\/contact-banner-1.jpg, https:\/\/assets.lightsourcebp.staging.1int.co.uk\/app\/uploads\/2022\/12\/26224516\/contact-banner-1.jpg 2x\"\n                          media=\"(min-width: 992px)\">\n                    <img loading=\"lazy\" decoding=\"async\" src=\"https:\/\/assets.lightsourcebp.staging.1int.co.uk\/app\/uploads\/2022\/12\/26224516\/contact-banner-1.jpg\" alt=\"worker under solar panel\"\n                       srcset=\"https:\/\/assets.lightsourcebp.staging.1int.co.uk\/app\/uploads\/2022\/12\/26224516\/contact-banner-1.jpg 2x\"\n                       sizes=\"auto, 100vw\"\n                       class=\"position-absolute w-100 h-100 left-0 top-0 object-fit-cover\"\n                       width=\"1920\"\n                       height=\"800\">\n                <\/picture>\n        <\/div>\n              <\/div>\n    <\/div>\n  <\/div>\n<\/section>\n\n\n<section class=\"fifty-fifty align block_acf-block-668e9e6f8b485 block bg-color-white position-relative z-1 overflow-hidden\">\n        <div class=\"pt-60 pt-lg-100\"><\/div>\n\n    \n    <div class=\"fifty-fifty__row\">\n      <div class=\"container \">\n        <div class=\"row align-items-center\">\n                      <div class=\"col-12 col-lg-6 align-self-center fifty-left d-flex flex-column order-2 order-lg-1\">\n                                                                  <h2 class=\"mb-20 \">Carri\u00e8res<\/h2>\n                                                                                                                                                                <div class=\"flex flex-column w-100 line-height-level-6 mb-15 fifty-fifty__text font-size-paragraph-medium  fg-color-navy-text \">\n                    <p>En rejoignant Lightsource bp, vous int\u00e8grerez une \u00e9quipe qui a \u00e0 c\u0153ur de cr\u00e9er un avenir plus durable, gr\u00e2ce \u00e0 des projets \u00e9nerg\u00e9tiques renouvelables durables et fiables.<\/p>\n\n                  <\/div>\n                                                                                                                                                                                  <div class=\"d-inline-flex w-100 button-container mb-15\">\n                    <a class=\"button button--gradient my-0 mr-auto\" href=\"https:\/\/lightsourcebp.staging.1int.co.uk\/fr\/carrieres\/\" target=\"_self\"><span>Carri\u00e8res<\/span> <svg xmlns=\"http:\/\/www.w3.org\/2000\/svg\" width=\"8\" height=\"14\" fill=\"none\"><path stroke=\"currentColor\" stroke-linecap=\"round\" stroke-linejoin=\"round\" stroke-width=\"2\" d=\"m1 13 6-6-6-6\"\/><\/svg><\/a>\n                  <\/div>\n                                                                                          <\/div>\n                                <div class=\"col-12 col-lg-6 align-self-center fifty-right d-flex flex-column mb-lg-0 mt-lg-0 order-3 order-lg-1  mt-15 \">\n                                                                  <h2 class=\"mb-20 \">Espace M\u00e9dias<\/h2>\n                                                                                                                                                                                <div class=\"flex flex-column w-100 line-height-level-6 mb-15 fifty-fifty__text font-size-paragraph-medium  fg-color-navy-text \">\n\n                    <p>Vous \u00eates journaliste et souhaitez conna\u00eetre nos derni\u00e8res ou contacter un membre de notre \u00e9quipe M\u00e9dias ? Rendez-vous sur notre espace M\u00e9dias.<\/p>\n\n                  <\/div>\n                                                                                                                                                                                                  <div class=\"d-inline-flex w-100 button-container mb-15\">\n                    <a class=\"button button--gradient my-0 mr-auto\" href=\"https:\/\/lightsourcebp.staging.1int.co.uk\/press-centre\/\" target=\"_blank\"><span>Espace M\u00e9dias<\/span> <svg xmlns=\"http:\/\/www.w3.org\/2000\/svg\" width=\"8\" height=\"14\" fill=\"none\"><path stroke=\"currentColor\" stroke-linecap=\"round\" stroke-linejoin=\"round\" stroke-width=\"2\" d=\"m1 13 6-6-6-6\"\/><\/svg><\/a>\n                  <\/div>\n                                                                                                          <\/div>\n                  <\/div>\n      <\/div>\n    <\/div>\n\n  <div class=\"pt-60 pt-lg-100\"><\/div>\n  <\/section>\n\n\n<section class=\"contact-form align block_acf-block-668e9c4ad8d2c block call-to-action\">\n  \n  <div class=\"container-fluid z-2\">\n    <div class=\"row\">\n      <div class=\"col-12 col-lg-6 px-0 position-relative\">\n        <picture><source srcset=\"https:\/\/assets.lightsourcebp.staging.1int.co.uk\/app\/uploads\/2019\/05\/27102009\/Alabama-municip-thumbnail-images.jpg 400w, https:\/\/assets.lightsourcebp.staging.1int.co.uk\/app\/uploads\/2019\/05\/27102009\/Alabama-municip-thumbnail-images-300x188.jpg 300w, https:\/\/assets.lightsourcebp.staging.1int.co.uk\/app\/uploads\/2019\/05\/27102009\/Alabama-municip-thumbnail-images-80x50.jpg 80w, https:\/\/assets.lightsourcebp.staging.1int.co.uk\/app\/uploads\/2019\/05\/27102009\/Alabama-municip-thumbnail-images-150x94.jpg 150w\" sizes=\"\"><img loading=\"lazy\" decoding=\"async\" src=\"https:\/\/assets.lightsourcebp.staging.1int.co.uk\/app\/uploads\/2019\/05\/27102009\/Alabama-municip-thumbnail-images.jpg\" alt=\"tractors between rows of solar panels\" width=\"400\" height=\"250\" class=\"w-101 h-auto h-sm-100 object-fit-cover ml-15px\"><\/picture>\n        <div class=\"contact-form__overlap-text position-absolute bg-color-white top-35px top-sm-100px left-5 left-md-15 w-90 w-md-70 py-50 px-15 px-md-65\">\n                      <h2>Nous contacter<br>\n<\/h2>\n                    <p class=\"line-height-level-6 font-size-paragraph-large\">Nous sommes toujours \u00e0 votre disposition pour r\u00e9pondre \u00e0 toutes vos questions. Vous pouvez nous contacter gr\u00e2ce au formulaire ci-contre.<\/p>\n                            <\/div>\n      <\/div>\n      <div class=\"col-12 col-lg-6 bg-color-gradient fg-color-navy position-relative z-1 overflow-hidden\">\n\n        <img decoding=\"async\" class=\"position-absolute top-n20 right-n125 right-sm-n100 right-md-n80 right-xl-n68 rotate-230 -z-1\" src=\"https:\/\/lightsourcebp.staging.1int.co.uk\/app\/themes\/lightsourcebp-theme\/dist\/images\/global\/background-swirls-alt-red_935dfcd0.png\" alt=\"\" \/>\n\n        <div class=\"d-flex flex-column flex-center px-15 px-md-100 py-40 py-lg-100\">\n                      <div class=\"row flex-center\">\n              <p class=\"fg-color-white font-weight-bold mb-30\">*Champ obligatoire<\/p>\n              <form novalidate action=\"https:\/\/lightsourcebp.staging.1int.co.uk\/fr\/forms\/contact-form\/#contact-form_acf-block-668e9c4ad8d2c\" class=\"form d-flex flex-wrap text-left \" data-id=\"239201\" enctype=\"multipart\/form-data\">\n\n          <div id=\"type-de-demande\" class=\"form__input-row d-flex flex-column mb-20 position-relative form__input-row--full  form__input-row--select \">\n          <label class=\"form__label user-select-none mb-12 font-weight-bold font-size-paragraph-small fg-color-white\" for=\"type-de-demande_239201\">Type de demande<span class=\"form__required-indicator\">*<\/span><\/label>\n    \n    <div class=\"position-relative w-100\">\n  <select\n    id=\"type-de-demande_239201\"\n    class=\"form__select form__select--unselected pl-20 pr-50 py-14\"\n    name=\"type-de-demande\"\n    data-field-label=\"Type de demande&lt;span class=&quot;form__required-indicator&quot;&gt;*&lt;\/span&gt;\"\n  \/>\n    <option value=\"\" disabled 1>Please choose<\/option>\n          <option value=\"Demande de location de terrain\" >Demande de location de terrain<\/option>\n          <option value=\"Demande concernant les contrats d\u2019achat d\u2019\u00e9lectricit\u00e9 (PPA) ou l\u2019achat d\u2019\u00e9nergie\" >Demande concernant les contrats d\u2019achat d\u2019\u00e9lectricit\u00e9 (PPA) ou l\u2019achat d\u2019\u00e9nergie<\/option>\n          <option value=\"Demande concernant le projet\" >Demande concernant le projet<\/option>\n          <option value=\"Demande g\u00e9n\u00e9rale\" >Demande g\u00e9n\u00e9rale<\/option>\n          <option value=\"Demande concernant les carri\u00e8res\" >Demande concernant les carri\u00e8res<\/option>\n      <\/select>\n  <div class=\"pointer-events-none position-absolute d-flex flex-center flex-middle w-70px h-100 top-1px right-0 fg-color-white\">\n    \n  <\/div>\n<\/div>\n  <\/div>\n\n          <div id=\"organisation\" class=\"form__input-row d-flex flex-column mb-20 position-relative form__input-row--full  form__input-row--text \">\n          <label class=\"form__label user-select-none mb-12 font-weight-bold font-size-paragraph-small fg-color-white\" for=\"organisation_239201\">Organisation<\/label>\n    \n    <input\n  id=\"organisation_239201\"\n  class=\"form__input h-55px w-100 px-20 py-10\"\n  type=\"text\"\n  name=\"organisation\"\n  placeholder=\"\"\n  value=\"\"\n\/>\n  <\/div>\n\n          <div id=\"nom\" class=\"form__input-row d-flex flex-column mb-20 position-relative form__input-row--full  form__input-row--text \">\n          <label class=\"form__label user-select-none mb-12 font-weight-bold font-size-paragraph-small fg-color-white\" for=\"nom_239201\">Nom<span class=\"form__required-indicator\">*<\/span><\/label>\n    \n    <input\n  id=\"nom_239201\"\n  class=\"form__input h-55px w-100 px-20 py-10\"\n  type=\"text\"\n  name=\"nom\"\n  placeholder=\"\"\n  value=\"\"\n\/>\n  <\/div>\n\n          <div id=\"adresse-e-mail\" class=\"form__input-row d-flex flex-column mb-20 position-relative form__input-row--full  form__input-row--text \">\n          <label class=\"form__label user-select-none mb-12 font-weight-bold font-size-paragraph-small fg-color-white\" for=\"adresse-e-mail_239201\">Adresse e-mail<span class=\"form__required-indicator\">*<\/span><\/label>\n    \n    <input\n  id=\"adresse-e-mail_239201\"\n  class=\"form__input h-55px w-100 px-20 py-10\"\n  type=\"text\"\n  name=\"adresse-e-mail\"\n  placeholder=\"\"\n  value=\"\"\n\/>\n  <\/div>\n\n          <div id=\"numero-de-telephone\" class=\"form__input-row d-flex flex-column mb-20 position-relative form__input-row--full  form__input-row--text \">\n          <label class=\"form__label user-select-none mb-12 font-weight-bold font-size-paragraph-small fg-color-white\" for=\"numero-de-telephone_239201\">Num\u00e9ro de t\u00e9l\u00e9phone<\/label>\n    \n    <input\n  id=\"numero-de-telephone_239201\"\n  class=\"form__input h-55px w-100 px-20 py-10\"\n  type=\"text\"\n  name=\"numero-de-telephone\"\n  placeholder=\"\"\n  value=\"\"\n\/>\n  <\/div>\n\n          <div id=\"message\" class=\"form__input-row d-flex flex-column mb-20 position-relative form__input-row--full  form__input-row--text \">\n          <label class=\"form__label user-select-none mb-12 font-weight-bold font-size-paragraph-small fg-color-white\" for=\"message_239201\">Message<span class=\"form__required-indicator\">*<\/span><\/label>\n    \n    <input\n  id=\"message_239201\"\n  class=\"form__input h-55px w-100 px-20 py-10\"\n  type=\"text\"\n  name=\"message\"\n  placeholder=\"\"\n  value=\"\"\n\/>\n  <\/div>\n\n    \n    \n    <div class=\"form__input-row form__input-row--recaptcha form__input-row--full form__input-row--last relative d-flex justify-content-sm-center\">\n      <div name=\"recaptcha\" class=\"g-recaptcha\"><\/div>\n    <\/div>\n\n    <div class=\"d-flex mt-10\">\n      <div class=\"d-flex flex-column\">\n        \n        <div class=\"d-inline-flex w-100 button-container mt-20\">\n          <button class=\"form__submit-button button button--gradient my-0 mr-auto my-0\" href=\"\"><span class=\"button__text\">Envoyer<\/span> <svg xmlns=\"http:\/\/www.w3.org\/2000\/svg\" width=\"24\" height=\"25\" fill=\"none\"><path stroke=\"currentColor\" stroke-linecap=\"round\" stroke-linejoin=\"round\" stroke-width=\"2\" d=\"m20 4.54-9 9m9-9-5.6 16-3.2-7.2-7.2-3.2 16-5.6Z\"\/><\/svg>\n<\/button>\n        <\/div>\n\n      <\/div>\n    <\/div>\n  <\/form>\n            <\/div>\n                  <\/div>\n      <\/div>\n    <\/div>\n  <\/div>\n<\/section>\n\n","protected":false},"excerpt":{"rendered":"","protected":false},"author":1,"featured_media":0,"parent":0,"menu_order":0,"comment_status":"closed","ping_status":"closed","template":"","meta":{"_acf_changed":false,"inline_featured_image":false,"footnotes":""},"class_list":["post-28038","page","type-page","status-publish","hentry"],"acf":[],"aioseo_notices":[],"_links":{"self":[{"href":"https:\/\/lightsourcebp.staging.1int.co.uk\/fr\/wp-json\/wp\/v2\/pages\/28038","targetHints":{"allow":["GET"]}}],"collection":[{"href":"https:\/\/lightsourcebp.staging.1int.co.uk\/fr\/wp-json\/wp\/v2\/pages"}],"about":[{"href":"https:\/\/lightsourcebp.staging.1int.co.uk\/fr\/wp-json\/wp\/v2\/types\/page"}],"author":[{"embeddable":true,"href":"https:\/\/lightsourcebp.staging.1int.co.uk\/fr\/wp-json\/wp\/v2\/users\/1"}],"replies":[{"embeddable":true,"href":"https:\/\/lightsourcebp.staging.1int.co.uk\/fr\/wp-json\/wp\/v2\/comments?post=28038"}],"version-history":[{"count":17,"href":"https:\/\/lightsourcebp.staging.1int.co.uk\/fr\/wp-json\/wp\/v2\/pages\/28038\/revisions"}],"predecessor-version":[{"id":397322,"href":"https:\/\/lightsourcebp.staging.1int.co.uk\/fr\/wp-json\/wp\/v2\/pages\/28038\/revisions\/397322"}],"wp:attachment":[{"href":"https:\/\/lightsourcebp.staging.1int.co.uk\/fr\/wp-json\/wp\/v2\/media?parent=28038"}],"curies":[{"name":"wp","href":"https:\/\/api.w.org\/{rel}","templated":true}]}}