{"id":312347,"date":"2023-09-26T06:05:35","date_gmt":"2023-09-26T06:05:35","guid":{"rendered":"https:\/\/lightsourcebp.staging.1int.co.uk\/?page_id=312347"},"modified":"2024-11-05T08:27:54","modified_gmt":"2024-11-05T08:27:54","slug":"histoire","status":"publish","type":"page","link":"https:\/\/lightsourcebp.staging.1int.co.uk\/fr\/a-propos\/histoire\/","title":{"rendered":"Notre histoire"},"content":{"rendered":"<section class=\"block-page-title bg-color-white\">\n  <div class=\"pt-60 pt-lg-100\"><\/div>\n\n  <div class=\"container\">\n    <div class=\"row\">\n      <div class=\"col-12\">\n                <h1 class=\"fg-color-gradient\">Notre histoire<\/h1>\n      <\/div>\n    <\/div>\n  <\/div>\n\n  <div class=\"pt-60 pt-lg-100\"><\/div>\n<\/section>\n  \n\n\n<section class=\"banner-single position-relative\">\n  <div class=\"container-fluid\">\n    <div class=\"row\">\n      <div class=\"col-12 px-0\">\n                <div class=\"position-relative w-100 h-100 aspect-ratio-banner object-fit-cover\">\n          <picture>\n                    <source srcset=\"https:\/\/assets.lightsourcebp.staging.1int.co.uk\/app\/uploads\/2023\/09\/19153636\/Lightsource-bp-ferme-solaire-manor-farm-solar-450x174.jpg, https:\/\/assets.lightsourcebp.staging.1int.co.uk\/app\/uploads\/2023\/09\/19153636\/Lightsource-bp-ferme-solaire-manor-farm-solar-1000x387.jpg 2x\"\n                          media=\"(max-width: 575px)\">\n                    <source srcset=\"https:\/\/assets.lightsourcebp.staging.1int.co.uk\/app\/uploads\/2023\/09\/19153636\/Lightsource-bp-ferme-solaire-manor-farm-solar-1000x387.jpg, https:\/\/assets.lightsourcebp.staging.1int.co.uk\/app\/uploads\/2023\/09\/19153636\/Lightsource-bp-ferme-solaire-manor-farm-solar.jpg 2x\"\n                          media=\"(min-width: 576px) and (max-width: 991px)\">\n                    <source srcset=\"https:\/\/assets.lightsourcebp.staging.1int.co.uk\/app\/uploads\/2023\/09\/19153636\/Lightsource-bp-ferme-solaire-manor-farm-solar.jpg, https:\/\/assets.lightsourcebp.staging.1int.co.uk\/app\/uploads\/2023\/09\/19153636\/Lightsource-bp-ferme-solaire-manor-farm-solar.jpg 2x\"\n                          media=\"(min-width: 992px)\">\n                    <img loading=\"lazy\" decoding=\"async\" src=\"https:\/\/assets.lightsourcebp.staging.1int.co.uk\/app\/uploads\/2023\/09\/19153636\/Lightsource-bp-ferme-solaire-manor-farm-solar.jpg\" alt=\"\"\n                       srcset=\"https:\/\/assets.lightsourcebp.staging.1int.co.uk\/app\/uploads\/2023\/09\/19153636\/Lightsource-bp-ferme-solaire-manor-farm-solar.jpg 2x\"\n                       sizes=\"auto, 100vw\"\n                       class=\"position-absolute w-100 h-100 left-0 top-0 object-fit-cover\"\n                       width=\"1540\"\n                       height=\"596\">\n                <\/picture>\n        <\/div>\n              <\/div>\n    <\/div>\n  <\/div>\n<\/section>\n\n\n<section class=\"fifty-fifty align block_acf-block-6729142d52061 block bg-color-white position-relative z-1 overflow-hidden\">\n        <div class=\"pt-60 pt-lg-100\"><\/div>\n\n    \n    <div class=\"fifty-fifty__row\">\n      <div class=\"container \">\n        <div class=\"row align-items-center\">\n                      <div class=\"col-12 col-lg-6 col-xl-5 align-self-center fifty-left d-flex flex-column order-2 order-lg-1\">\n                                                                  <h2 class=\"mb-20 \">Devenir un leader mondial des renouvelables onshore gr\u00e2ce \u00e0 notre expertise mondiale dans le d\u00e9veloppement de projets solaires<\/h2>\n                                                                                                                          <\/div>\n                                <div class=\"col-12 col-lg-6 col-xl-6 offset-xl-1 align-self-center fifty-right d-flex flex-column mb-lg-0 mt-lg-0 order-3 order-lg-1  mt-15 \">\n                                                                                                                <div class=\"flex flex-column w-100 mb-30 fifty-fifty__image\">\n                    <picture><source srcset=\"https:\/\/assets.lightsourcebp.staging.1int.co.uk\/app\/uploads\/2022\/12\/27002005\/our-story-2.jpg 624w, https:\/\/assets.lightsourcebp.staging.1int.co.uk\/app\/uploads\/2022\/12\/27002005\/our-story-2-300x169.jpg 300w, https:\/\/assets.lightsourcebp.staging.1int.co.uk\/app\/uploads\/2022\/12\/27002005\/our-story-2-80x45.jpg 80w, https:\/\/assets.lightsourcebp.staging.1int.co.uk\/app\/uploads\/2022\/12\/27002005\/our-story-2-150x84.jpg 150w, https:\/\/assets.lightsourcebp.staging.1int.co.uk\/app\/uploads\/2022\/12\/27002005\/our-story-2-450x253.jpg 450w\" sizes=\"100vw\"><img loading=\"lazy\" decoding=\"async\" src=\"https:\/\/assets.lightsourcebp.staging.1int.co.uk\/app\/uploads\/2022\/12\/27002005\/our-story-2.jpg\" alt=\"\" width=\"624\" height=\"351\" class=\"d-flex max-w-100 w-100 h-auto mx-auto fit-cover rounded-10px\"><\/picture>\n                  <\/div>\n                                                                          <\/div>\n                  <\/div>\n      <\/div>\n    <\/div>\n\n  <div class=\"pt-60 pt-lg-0\"><\/div>\n  <\/section>\n\n\n<section class=\"fifty-fifty align block_acf-block-672915528ef0d block bg-color-white position-relative z-1 overflow-hidden\">\n        <div class=\"pt-60 pt-lg-0\"><\/div>\n\n          <img decoding=\"async\" class=\"position-absolute top-n20 right-n125 right-sm-n80 right-md-n45 right-xl-n32 rotate-230 -z-1\" src=\"https:\/\/lightsourcebp.staging.1int.co.uk\/app\/themes\/lightsourcebp-theme\/dist\/images\/global\/background-swirls_935dfcd0.png\" alt=\"\" \/>\n    \n    <div class=\"fifty-fifty__row\">\n      <div class=\"container \">\n        <div class=\"row align-items-center\">\n                      <div class=\"col-12 col-lg-6 col-xl-7 align-self-center fifty-left d-flex flex-column order-2 order-lg-1\">\n                                                                <div class=\"flex flex-column w-100 line-height-level-6 mb-15 fifty-fifty__text font-size-paragraph-medium  fg-color-navy-text \">\n                    <p>Lightsource bp a \u00e9t\u00e9 fond\u00e9 en 2010 avec un objectif unique\u00a0: d\u00e9velopper des projets solaires \u00e0 grande \u00e9chelle pour notre plan\u00e8te. D\u00e8s 2015, nous avons mis le cap outre-Manche pour explorer des opportunit\u00e9s commerciales en Europe, dans les Am\u00e9riques et en Asie.<\/p>\n<p>En 2017, nous nous sommes associ\u00e9s \u00e0 <a href=\"https:\/\/www.bp.com\/fr_fr\/france\/home.html\" target=\"_blank\" rel=\"noopener\">bp<\/a> pour devenir Lightsource bp. Depuis, nous poursuivons une mission commune\u00a0: acc\u00e9l\u00e9rer le d\u00e9ploiement de l\u2019\u00e9nergie solaire dans le monde entier. V\u00e9ritable catalyseur de notre succ\u00e8s, ce partenariat avec bp nous a permis de doper la croissance de notre activit\u00e9. En 2024, bp a acquis l\u2019int\u00e9gralit\u00e9 du capital de Lightsource bp, doublant ainsi son investissement dans notre entreprise.<\/p>\n<p>Nous continuons d\u2019innover, d\u2019investir et de repousser les limites pour faire avancer la transition \u00e9nerg\u00e9tique, avec pour ambition de devenir un leader mondial des \u00e9nergies renouvelables onshore.<\/p>\n\n                  <\/div>\n                                                                                                          <\/div>\n                            <\/div>\n      <\/div>\n    <\/div>\n\n  <div class=\"pt-60 pt-lg-0\"><\/div>\n  <\/section>\n\n\n<section class=\"video-single align block_acf-block-67291492a7d7c block bg-color-orange-3-percent position-relative z-1 overflow-hidden\">\n<div class=\"pt-60 pt-lg-100\"><\/div>\n\n  \n  <div class=\"container \">\n    <div class=\"row\">\n      <div class=\"col-12\">\n                          <div class=\"w-lg-75 mx-lg-auto w-100 overflow-hidden\">\n            <div class=\"video video--third-party position-relative no-highlight h-100\">\n  <div class=\"video__poster w-101 h-100 left-0 top-0 \">\n          <picture><source srcset=\"https:\/\/assets.lightsourcebp.staging.1int.co.uk\/app\/uploads\/2024\/11\/04183536\/Lightsource-bp-10-ans.png 870w, https:\/\/assets.lightsourcebp.staging.1int.co.uk\/app\/uploads\/2024\/11\/04183536\/Lightsource-bp-10-ans-300x169.png 300w, https:\/\/assets.lightsourcebp.staging.1int.co.uk\/app\/uploads\/2024\/11\/04183536\/Lightsource-bp-10-ans-80x45.png 80w, https:\/\/assets.lightsourcebp.staging.1int.co.uk\/app\/uploads\/2024\/11\/04183536\/Lightsource-bp-10-ans-150x84.png 150w, https:\/\/assets.lightsourcebp.staging.1int.co.uk\/app\/uploads\/2024\/11\/04183536\/Lightsource-bp-10-ans-450x253.png 450w, https:\/\/assets.lightsourcebp.staging.1int.co.uk\/app\/uploads\/2024\/11\/04183536\/Lightsource-bp-10-ans-767x432.png 767w\" sizes=\"\"><img loading=\"lazy\" decoding=\"async\" src=\"https:\/\/assets.lightsourcebp.staging.1int.co.uk\/app\/uploads\/2024\/11\/04183536\/Lightsource-bp-10-ans.png\" alt=\"\" width=\"870\" height=\"490\" class=\"w-100 h-100 object-fit-cover\"><\/picture>\n      <\/div>\n\n  <button class=\"video__play-button bottom-0 position-absolute z-2 p-0 border-none transition-500 z-1\">\n    <i class=\"fg-color-off-white\">\n      <svg class=\"w-100 h-100\" xmlns=\"http:\/\/www.w3.org\/2000\/svg\" width=\"79\" height=\"79\" fill=\"none\"><path fill=\"url(#playIcon)\" d=\"M0 0h79v79H0V0z\"\/><path fill=\"#fff\" d=\"M29.625 29.269a1 1 0 011.543-.84L46.98 38.66a1 1 0 010 1.68L31.168 50.57a1 1 0 01-1.543-.839V29.27z\"\/><defs><linearGradient id=\"playIcon\" x1=\"0\" x2=\"107.528\" y1=\"79\" y2=\"-2.194\" gradientUnits=\"userSpaceOnUse\"><stop stop-color=\"#DF1995\"\/><stop offset=\"1\" stop-color=\"#FE5000\"\/><\/linearGradient><\/defs><\/svg>\n    <\/i>\n  <\/button>\n\n      <iframe\n    class=\"video__iframe position-absolute aspect-ratio-16x9 w-100 h-100 left-0 top-0 transition-500 \"\n    data-src=\"https:\/\/www.youtube-nocookie.com\/embed\/SYI2971BAVI?autoplay=0&amp;mute=0&amp;loop=1&amp;controls=1&amp;playlist=SYI2971BAVI\"\n    frameBorder=\"0\"\n    width=\"100%\" height=\"100%\"\n    allow=\"autoplay; encrypted-media\"\n    allowFullScreen=\"true\"\n    webkitallowfullscreen=\"true\"\n    mozallowfullscreen=\"true\"><\/iframe>\n  <\/div>\n          <\/div>\n                      <\/div>\n    <\/div>\n  <\/div>\n<div class=\"pt-60 pt-lg-100\"><\/div>\n<\/section>\n  \n\n\n<section class=\"fifty-fifty align block_acf-block-6729d708d50d1 block bg-color-white position-relative z-1 overflow-hidden\">\n        <div class=\"pt-60 pt-lg-100\"><\/div>\n\n    \n    <div class=\"fifty-fifty__row\">\n      <div class=\"container \">\n        <div class=\"row align-items-center\">\n                      <div class=\"col-12 col-lg-6 align-self-center fifty-left d-flex flex-column order-2 order-lg-1\">\n                                                                  <h2 class=\"mb-20 \">Cap sur la France<\/h2>\n                                                                                                                                                                <div class=\"flex flex-column w-100 line-height-level-6 mb-15 fifty-fifty__text font-size-paragraph-medium  fg-color-navy-text \">\n                    <p>En 2022, nous nous installons en France et \u00e9tablissons notre premier bureau \u00e0 Aix-en-Provence, notre si\u00e8ge social dans l\u2019Hexagone. Par la suite, neuf autres agences ouvriront leur porte aux six coins du pays. Notre objectif : mettre en place une offre \u00e0 360\u00b0 qui int\u00e8gre toutes les \u00e9tapes du d\u00e9ploiement d\u2019un projet solaire, depuis la s\u00e9lection initiale du site, l\u2019obtention des permis, le financement, la construction, la maintenance et l\u2019exploitation \u00e0 long terme des installations jusqu\u2019\u00e0 la vente d\u2019\u00e9lectricit\u00e9. Pour un avenir plus propre, durable et responsable.<\/p>\n\n                  <\/div>\n                                                                                                                                                                                  <div class=\"d-inline-flex w-100 button-container mb-15\">\n                    <a class=\"button button--gradient my-0 mr-auto\" href=\"https:\/\/lightsourcebp.staging.1int.co.uk\/fr\/a-propos\/equipe-direction\/\" target=\"_self\"><span>Notre \u00e9quipe de direction<\/span> <svg xmlns=\"http:\/\/www.w3.org\/2000\/svg\" width=\"8\" height=\"14\" fill=\"none\"><path stroke=\"currentColor\" stroke-linecap=\"round\" stroke-linejoin=\"round\" stroke-width=\"2\" d=\"m1 13 6-6-6-6\"\/><\/svg><\/a>\n                  <\/div>\n                                                                                          <\/div>\n                                <div class=\"col-12 col-lg-6 align-self-center fifty-right d-flex flex-column mb-lg-0 mt-lg-0 order-3 order-lg-1  mt-15 \">\n                                                                                                                <div class=\"flex flex-column w-100 mb-30 fifty-fifty__image\">\n                    <picture><source srcset=\"https:\/\/assets.lightsourcebp.staging.1int.co.uk\/app\/uploads\/2023\/09\/23122335\/France-campagne-lavande.jpg 624w, https:\/\/assets.lightsourcebp.staging.1int.co.uk\/app\/uploads\/2023\/09\/23122335\/France-campagne-lavande-300x169.jpg 300w, https:\/\/assets.lightsourcebp.staging.1int.co.uk\/app\/uploads\/2023\/09\/23122335\/France-campagne-lavande-80x45.jpg 80w, https:\/\/assets.lightsourcebp.staging.1int.co.uk\/app\/uploads\/2023\/09\/23122335\/France-campagne-lavande-150x84.jpg 150w, https:\/\/assets.lightsourcebp.staging.1int.co.uk\/app\/uploads\/2023\/09\/23122335\/France-campagne-lavande-450x253.jpg 450w\" sizes=\"100vw\"><img loading=\"lazy\" decoding=\"async\" src=\"https:\/\/assets.lightsourcebp.staging.1int.co.uk\/app\/uploads\/2023\/09\/23122335\/France-campagne-lavande.jpg\" alt=\"\" width=\"624\" height=\"351\" class=\"d-flex max-w-100 w-100 h-auto mx-auto fit-cover rounded-10px\"><\/picture>\n                  <\/div>\n                                                                          <\/div>\n                  <\/div>\n      <\/div>\n    <\/div>\n\n  <div class=\"pt-60 pt-lg-100\"><\/div>\n  <\/section>\n\n\n<section class=\"fifty-fifty align block_acf-block-6729160f14667 block bg-color-white position-relative z-1 overflow-hidden\">\n        <div class=\"pt-60 pt-lg-100\"><\/div>\n\n          <img decoding=\"async\" class=\"position-absolute top-n20 right-n125 right-sm-n80 right-md-n45 right-xl-n32 rotate-230 -z-1\" src=\"https:\/\/lightsourcebp.staging.1int.co.uk\/app\/themes\/lightsourcebp-theme\/dist\/images\/global\/background-swirls_935dfcd0.png\" alt=\"\" \/>\n    \n    <div class=\"fifty-fifty__row\">\n      <div class=\"container \">\n        <div class=\"row align-items-center\">\n                      <div class=\"col-12 col-lg-6 col-xl-5 align-self-center fifty-left d-flex flex-column order-2 order-lg-1\">\n                                                                                                                <div class=\"flex flex-column w-100 mb-30 fifty-fifty__image\">\n                    <picture><source srcset=\"https:\/\/assets.lightsourcebp.staging.1int.co.uk\/app\/uploads\/2023\/09\/19155014\/Lightsource-bp_ferme-solaire-Torrubia.jpg 624w, https:\/\/assets.lightsourcebp.staging.1int.co.uk\/app\/uploads\/2023\/09\/19155014\/Lightsource-bp_ferme-solaire-Torrubia-300x169.jpg 300w, https:\/\/assets.lightsourcebp.staging.1int.co.uk\/app\/uploads\/2023\/09\/19155014\/Lightsource-bp_ferme-solaire-Torrubia-80x45.jpg 80w, https:\/\/assets.lightsourcebp.staging.1int.co.uk\/app\/uploads\/2023\/09\/19155014\/Lightsource-bp_ferme-solaire-Torrubia-150x84.jpg 150w, https:\/\/assets.lightsourcebp.staging.1int.co.uk\/app\/uploads\/2023\/09\/19155014\/Lightsource-bp_ferme-solaire-Torrubia-450x253.jpg 450w\" sizes=\"100vw\"><img loading=\"lazy\" decoding=\"async\" src=\"https:\/\/assets.lightsourcebp.staging.1int.co.uk\/app\/uploads\/2023\/09\/19155014\/Lightsource-bp_ferme-solaire-Torrubia.jpg\" alt=\"\" width=\"624\" height=\"351\" class=\"d-flex max-w-100 w-100 h-auto mx-auto fit-cover rounded-10px\"><\/picture>\n                  <\/div>\n                                                          <\/div>\n                                <div class=\"col-12 col-lg-6 col-xl-6 offset-xl-1 align-self-center fifty-right d-flex flex-column mb-lg-0 mt-lg-0 order-3 order-lg-1  mt-15 \">\n                                                                  <h2 class=\"mb-20 \">Notre vision pour le futur<\/h2>\n                                                                                                                                                                                <div class=\"flex flex-column w-100 line-height-level-6 mb-15 fifty-fifty__text font-size-paragraph-medium  fg-color-navy-text \">\n\n                    <p>L\u2019\u00e9nergie renouvelable est essentielle pour r\u00e9ussir la transition \u00e9nerg\u00e9tique.<\/p>\n<p>Notre volont\u00e9\u2009? Construire des projets renouvelables onshore qui contribuent \u00e0 d\u00e9carboner nos usages de l\u2019\u00e9nergie tout en stimulant la biodiversit\u00e9, car le d\u00e9veloppement durable est au c\u0153ur de toutes nos actions. En somme, des projets qui profitent \u00e0 tous : territoires, propri\u00e9taires fonciers, habitants, notre plan\u00e8te\u2009!<\/p>\n\n                  <\/div>\n                                                                                                                                                                                                  <div class=\"d-inline-flex w-100 button-container mb-15\">\n                    <a class=\"button button--gradient my-0 mr-auto\" href=\"https:\/\/lightsourcebp.staging.1int.co.uk\/fr\/a-propos\/mission\/\" target=\"_self\"><span>Notre mission<\/span> <svg xmlns=\"http:\/\/www.w3.org\/2000\/svg\" width=\"8\" height=\"14\" fill=\"none\"><path stroke=\"currentColor\" stroke-linecap=\"round\" stroke-linejoin=\"round\" stroke-width=\"2\" d=\"m1 13 6-6-6-6\"\/><\/svg><\/a>\n                  <\/div>\n                                                                                                          <\/div>\n                  <\/div>\n      <\/div>\n    <\/div>\n\n  <div class=\"pt-60 pt-lg-100\"><\/div>\n  <\/section>\n","protected":false},"excerpt":{"rendered":"","protected":false},"author":40,"featured_media":0,"parent":311271,"menu_order":0,"comment_status":"closed","ping_status":"closed","template":"","meta":{"_acf_changed":false,"inline_featured_image":false,"footnotes":""},"class_list":["post-312347","page","type-page","status-publish","hentry"],"acf":[],"aioseo_notices":[],"_links":{"self":[{"href":"https:\/\/lightsourcebp.staging.1int.co.uk\/fr\/wp-json\/wp\/v2\/pages\/312347","targetHints":{"allow":["GET"]}}],"collection":[{"href":"https:\/\/lightsourcebp.staging.1int.co.uk\/fr\/wp-json\/wp\/v2\/pages"}],"about":[{"href":"https:\/\/lightsourcebp.staging.1int.co.uk\/fr\/wp-json\/wp\/v2\/types\/page"}],"author":[{"embeddable":true,"href":"https:\/\/lightsourcebp.staging.1int.co.uk\/fr\/wp-json\/wp\/v2\/users\/40"}],"replies":[{"embeddable":true,"href":"https:\/\/lightsourcebp.staging.1int.co.uk\/fr\/wp-json\/wp\/v2\/comments?post=312347"}],"version-history":[{"count":110,"href":"https:\/\/lightsourcebp.staging.1int.co.uk\/fr\/wp-json\/wp\/v2\/pages\/312347\/revisions"}],"predecessor-version":[{"id":436104,"href":"https:\/\/lightsourcebp.staging.1int.co.uk\/fr\/wp-json\/wp\/v2\/pages\/312347\/revisions\/436104"}],"up":[{"embeddable":true,"href":"https:\/\/lightsourcebp.staging.1int.co.uk\/fr\/wp-json\/wp\/v2\/pages\/311271"}],"wp:attachment":[{"href":"https:\/\/lightsourcebp.staging.1int.co.uk\/fr\/wp-json\/wp\/v2\/media?parent=312347"}],"curies":[{"name":"wp","href":"https:\/\/api.w.org\/{rel}","templated":true}]}}