{"id":313029,"date":"2023-09-26T08:21:40","date_gmt":"2023-09-26T08:21:40","guid":{"rendered":"https:\/\/lightsourcebp.staging.1int.co.uk\/?page_id=313029"},"modified":"2025-06-19T17:30:17","modified_gmt":"2025-06-19T17:30:17","slug":"developpement-durable","status":"publish","type":"page","link":"https:\/\/lightsourcebp.staging.1int.co.uk\/fr\/developpement-durable\/","title":{"rendered":"Notre politique RSE"},"content":{"rendered":"<section class=\"block-page-title bg-color-white\">\n  <div class=\"pt-60 pt-lg-100\"><\/div>\n\n  <div class=\"container\">\n    <div class=\"row\">\n      <div class=\"col-12\">\n                <h1 class=\"fg-color-gradient\">Nos engagements pour un d\u00e9veloppement durable de nos activit\u00e9s<\/h1>\n      <\/div>\n    <\/div>\n  <\/div>\n\n  <div class=\"pt-60 pt-lg-100\"><\/div>\n<\/section>\n  \n\n\n<section class=\"banner-single position-relative\">\n  <div class=\"container-fluid\">\n    <div class=\"row\">\n      <div class=\"col-12 px-0\">\n                <div class=\"position-relative w-100 h-100 aspect-ratio-banner object-fit-cover\">\n          <picture>\n                    <source srcset=\"https:\/\/assets.lightsourcebp.staging.1int.co.uk\/app\/uploads\/2023\/09\/23125617\/Lightsource-bp-cadre-developpement-durable-banner-450x174.jpg, https:\/\/assets.lightsourcebp.staging.1int.co.uk\/app\/uploads\/2023\/09\/23125617\/Lightsource-bp-cadre-developpement-durable-banner-1000x387.jpg 2x\"\n                          media=\"(max-width: 575px)\">\n                    <source srcset=\"https:\/\/assets.lightsourcebp.staging.1int.co.uk\/app\/uploads\/2023\/09\/23125617\/Lightsource-bp-cadre-developpement-durable-banner-1000x387.jpg, https:\/\/assets.lightsourcebp.staging.1int.co.uk\/app\/uploads\/2023\/09\/23125617\/Lightsource-bp-cadre-developpement-durable-banner.jpg 2x\"\n                          media=\"(min-width: 576px) and (max-width: 991px)\">\n                    <source srcset=\"https:\/\/assets.lightsourcebp.staging.1int.co.uk\/app\/uploads\/2023\/09\/23125617\/Lightsource-bp-cadre-developpement-durable-banner.jpg, https:\/\/assets.lightsourcebp.staging.1int.co.uk\/app\/uploads\/2023\/09\/23125617\/Lightsource-bp-cadre-developpement-durable-banner.jpg 2x\"\n                          media=\"(min-width: 992px)\">\n                    <img loading=\"lazy\" decoding=\"async\" src=\"https:\/\/assets.lightsourcebp.staging.1int.co.uk\/app\/uploads\/2023\/09\/23125617\/Lightsource-bp-cadre-developpement-durable-banner.jpg\" alt=\"\"\n                       srcset=\"https:\/\/assets.lightsourcebp.staging.1int.co.uk\/app\/uploads\/2023\/09\/23125617\/Lightsource-bp-cadre-developpement-durable-banner.jpg 2x\"\n                       sizes=\"auto, 100vw\"\n                       class=\"position-absolute w-100 h-100 left-0 top-0 object-fit-cover\"\n                       width=\"1540\"\n                       height=\"596\">\n                <\/picture>\n        <\/div>\n              <\/div>\n    <\/div>\n  <\/div>\n<\/section>\n\n\n<section class=\"fifty-fifty align block_acf-block-67d9d44aa4260 block bg-color-white position-relative z-1 overflow-hidden\">\n        <div class=\"pt-60 pt-lg-100\"><\/div>\n\n    \n    <div class=\"fifty-fifty__row\">\n      <div class=\"container \">\n        <div class=\"row align-items-center\">\n                      <div class=\"col-12 col-lg-6 col-xl-5 align-self-center fifty-left d-flex flex-column order-2 order-lg-1\">\n                                                                  <h2 class=\"mb-20 \">Contribuer \u00e0 un futur durable<\/h2>\n                                                                                                                                                                <div class=\"flex flex-column w-100 line-height-level-6 mb-15 fifty-fifty__text font-size-paragraph-medium  fg-color-navy-text \">\n                    <p>D\u00e9carbonation de l\u2019\u00e9nergie, pr\u00e9servation de la biodiversit\u00e9 et souverainet\u00e9 \u00e9nerg\u00e9tique sont trois grands d\u00e9fis que nous devons relever d\u00e8s aujourd\u2019hui. Car partout dans le monde, nous subissons les effets ravageurs du d\u00e9r\u00e8glement climatique.<\/p>\n<p>Chez Lightsource bp, notre objectif est de r\u00e9duire nos \u00e9missions directes et indirectes (scopes 1 et 2) de 42 % d\u2019ici \u00e0 2030 par rapport \u00e0 2021, et celles li\u00e9es \u00e0 l\u2019utilisation de nos produits (scope 3) de 52 % par m\u00e9gawatt construit d\u2019ici \u00e0 2030 par rapport \u00e0 2021.<\/p>\n<p>Notre volont\u00e9\u2009? Construire des projets vertueux qui profitent aux citoyens, aux collectivit\u00e9s, \u00e0 la plan\u00e8te. En somme, des projets qui profitent \u00e0 tous.<\/p>\n\n                  <\/div>\n                                                                                                                                                                                  <div class=\"d-inline-flex w-100 button-container mb-15\">\n                    <a class=\"button button--gradient my-0 mr-auto\" href=\"https:\/\/assets.lightsourcebp.staging.1int.co.uk\/app\/uploads\/2025\/03\/18201101\/Brochure_France_2025-03.pdf\" target=\"_blank\"><span>Notre brochure sur l&#8217;\u00e9nergie solaire<\/span> <svg xmlns=\"http:\/\/www.w3.org\/2000\/svg\" width=\"24\" height=\"24\" fill=\"none\"><path stroke=\"currentColor\" stroke-linecap=\"round\" stroke-linejoin=\"round\" stroke-width=\"2\" d=\"M21 15v4a2 2 0 0 1-2 2H5a2 2 0 0 1-2-2v-4m4-5 5 5 5-5m-5 5V3\"\/><\/svg><\/a>\n                  <\/div>\n                                                                                          <\/div>\n                                <div class=\"col-12 col-lg-6 col-xl-6 offset-xl-1 align-self-center fifty-right d-flex flex-column mb-lg-0 mt-lg-0 order-3 order-lg-1  mt-15 \">\n                                                                                                                <div class=\"flex flex-column w-100 mb-30 fifty-fifty__image\">\n                    <picture><source srcset=\"https:\/\/assets.lightsourcebp.staging.1int.co.uk\/app\/uploads\/2022\/12\/28234546\/rectangle-166.jpg 624w, https:\/\/assets.lightsourcebp.staging.1int.co.uk\/app\/uploads\/2022\/12\/28234546\/rectangle-166-300x189.jpg 300w, https:\/\/assets.lightsourcebp.staging.1int.co.uk\/app\/uploads\/2022\/12\/28234546\/rectangle-166-80x50.jpg 80w, https:\/\/assets.lightsourcebp.staging.1int.co.uk\/app\/uploads\/2022\/12\/28234546\/rectangle-166-150x94.jpg 150w, https:\/\/assets.lightsourcebp.staging.1int.co.uk\/app\/uploads\/2022\/12\/28234546\/rectangle-166-450x283.jpg 450w\" sizes=\"100vw\"><img loading=\"lazy\" decoding=\"async\" src=\"https:\/\/assets.lightsourcebp.staging.1int.co.uk\/app\/uploads\/2022\/12\/28234546\/rectangle-166.jpg\" alt=\"\" width=\"624\" height=\"393\" class=\"d-flex max-w-100 w-100 h-auto mx-auto fit-cover rounded-10px\"><\/picture>\n                  <\/div>\n                                                                          <\/div>\n                  <\/div>\n      <\/div>\n    <\/div>\n\n  <div class=\"pt-30 pt-lg-100\"><\/div>\n  <\/section>\n\n\n<section class=\"lightsource-bp-supports align block_acf-block-6729085905d0c block\">\n  <div class=\"pt-60 pt-lg-15\"><\/div>\n\n    <div class=\"container\">\n      <div class=\"row\">\n        <div class=\"col-12\">\n          <h2 class=\"mb-25\"><\/h2>\n        <\/div>\n      <\/div>\n      <div class=\"row\">\n                  <div class=\"d-flex flex-column w-20 w-lg-12 mb-25\">\n            <picture><source srcset=\"https:\/\/assets.lightsourcebp.staging.1int.co.uk\/app\/uploads\/2024\/11\/04174247\/ODD7-e1730742309584.png\"><img loading=\"lazy\" decoding=\"async\" src=\"https:\/\/assets.lightsourcebp.staging.1int.co.uk\/app\/uploads\/2024\/11\/04174247\/ODD7-e1730742309584.png\" alt=\"\" width=\"140\" height=\"140\" class=\"d-flex max-w-100 w-100 h-100\"><\/picture>\n          <\/div>\n                  <div class=\"d-flex flex-column w-20 w-lg-12 mb-25\">\n            <picture><source srcset=\"https:\/\/assets.lightsourcebp.staging.1int.co.uk\/app\/uploads\/2024\/11\/04174254\/ODD8-e1730742294355.png\"><img loading=\"lazy\" decoding=\"async\" src=\"https:\/\/assets.lightsourcebp.staging.1int.co.uk\/app\/uploads\/2024\/11\/04174254\/ODD8-e1730742294355.png\" alt=\"\" width=\"140\" height=\"140\" class=\"d-flex max-w-100 w-100 h-100\"><\/picture>\n          <\/div>\n                  <div class=\"d-flex flex-column w-20 w-lg-12 mb-25\">\n            <picture><source srcset=\"https:\/\/assets.lightsourcebp.staging.1int.co.uk\/app\/uploads\/2024\/11\/04174301\/ODD13-e1730742258674.png\"><img loading=\"lazy\" decoding=\"async\" src=\"https:\/\/assets.lightsourcebp.staging.1int.co.uk\/app\/uploads\/2024\/11\/04174301\/ODD13-e1730742258674.png\" alt=\"\" width=\"140\" height=\"140\" class=\"d-flex max-w-100 w-100 h-100\"><\/picture>\n          <\/div>\n                  <div class=\"d-flex flex-column w-20 w-lg-12 mb-25\">\n            <picture><source srcset=\"https:\/\/assets.lightsourcebp.staging.1int.co.uk\/app\/uploads\/2024\/11\/04174308\/ODD15-e1730742237346.png\"><img loading=\"lazy\" decoding=\"async\" src=\"https:\/\/assets.lightsourcebp.staging.1int.co.uk\/app\/uploads\/2024\/11\/04174308\/ODD15-e1730742237346.png\" alt=\"\" width=\"140\" height=\"140\" class=\"d-flex max-w-100 w-100 h-100\"><\/picture>\n          <\/div>\n              <\/div>\n      <div class=\"row\">\n        <div class=\"col-12\">\n          <div class=\"font-size-paragraph-large\">\n            <p><a href=\"https:\/\/sdgs.un.org\/fr\/goals\" target=\"_blank\" rel=\"noopener\">Nous soutenons les objectifs de d\u00e9veloppement durable des Nations unies.<\/a><\/p>\n\n          <\/div>\n      <\/div>\n    <\/div>\n\n  <div class=\"pt-30 pt-lg-100\"><\/div>\n<\/section>\n\n\n<section class=\"fifty-fifty align block_acf-block-685449267047a block bg-color-orange-3-percent position-relative z-1 overflow-hidden\">\n        <div class=\"pt-60 pt-lg-100\"><\/div>\n\n    \n    <div class=\"fifty-fifty__row\">\n      <div class=\"container \">\n        <div class=\"row align-items-center\">\n                      <div class=\"col-12 col-lg-6 col-xl-5 align-self-center fifty-left d-flex flex-column order-2 order-lg-1\">\n                                                                  <h2 class=\"mb-20 \">S\u00e9curit\u00e9 : objectif 0 accident<\/h2>\n                                                                                                                                                                <div class=\"flex flex-column w-100 line-height-level-6 mb-15 fifty-fifty__text font-size-paragraph-medium  fg-color-navy-text \">\n                    <p>Chez Lightsource bp, nous \u0153uvrons jour apr\u00e8s jour pour que nos collaborateurs, prestataires et fournisseurs puissent toujours travailler dans des conditions optimales de s\u00e9curit\u00e9. Nous avons mis en place une solide culture S\u00e9curit\u00e9 au sein de l\u2019entreprise. En 2024, notre TRIR s&#8217;est \u00e9tabli \u00e0 0,36.<\/p>\n\n                  <\/div>\n                                                                                                                                                                                  <div class=\"d-inline-flex w-100 button-container mb-15\">\n                    <a class=\"button button--gradient my-0 mr-auto\" href=\"https:\/\/lightsourcebp.staging.1int.co.uk\/fr\/developpement-durable\/securite-excellence-operationnelle\/\" target=\"_self\"><span>Notre approche de la s\u00e9curit\u00e9<\/span> <svg xmlns=\"http:\/\/www.w3.org\/2000\/svg\" width=\"8\" height=\"14\" fill=\"none\"><path stroke=\"currentColor\" stroke-linecap=\"round\" stroke-linejoin=\"round\" stroke-width=\"2\" d=\"m1 13 6-6-6-6\"\/><\/svg><\/a>\n                  <\/div>\n                                                                                          <\/div>\n                                <div class=\"col-12 col-lg-6 col-xl-6 offset-xl-1 align-self-center fifty-right d-flex flex-column mb-lg-0 mt-lg-0 order-3 order-lg-1  mt-15 \">\n                                                                                                                <div class=\"flex flex-column w-100 mb-30 fifty-fifty__image\">\n                    <picture><source srcset=\"https:\/\/assets.lightsourcebp.staging.1int.co.uk\/app\/uploads\/2023\/09\/19161557\/Lightsource-bp-ferme-solaire-maintenance-electricite.jpg 624w, https:\/\/assets.lightsourcebp.staging.1int.co.uk\/app\/uploads\/2023\/09\/19161557\/Lightsource-bp-ferme-solaire-maintenance-electricite-300x169.jpg 300w, https:\/\/assets.lightsourcebp.staging.1int.co.uk\/app\/uploads\/2023\/09\/19161557\/Lightsource-bp-ferme-solaire-maintenance-electricite-80x45.jpg 80w, https:\/\/assets.lightsourcebp.staging.1int.co.uk\/app\/uploads\/2023\/09\/19161557\/Lightsource-bp-ferme-solaire-maintenance-electricite-150x84.jpg 150w, https:\/\/assets.lightsourcebp.staging.1int.co.uk\/app\/uploads\/2023\/09\/19161557\/Lightsource-bp-ferme-solaire-maintenance-electricite-450x253.jpg 450w\" sizes=\"100vw\"><img loading=\"lazy\" decoding=\"async\" src=\"https:\/\/assets.lightsourcebp.staging.1int.co.uk\/app\/uploads\/2023\/09\/19161557\/Lightsource-bp-ferme-solaire-maintenance-electricite.jpg\" alt=\"\" width=\"624\" height=\"351\" class=\"d-flex max-w-100 w-100 h-auto mx-auto fit-cover rounded-10px\"><\/picture>\n                  <\/div>\n                                                                          <\/div>\n                  <\/div>\n      <\/div>\n    <\/div>\n\n  <div class=\"pt-30 pt-lg-100\"><\/div>\n  <\/section>\n\n\n<section class=\"fifty-fifty align block_acf-block-6729d1f186bbe block bg-color-white position-relative z-1 overflow-hidden\">\n        <div class=\"pt-60 pt-lg-100\"><\/div>\n\n    \n    <div class=\"fifty-fifty__row\">\n      <div class=\"container \">\n        <div class=\"row align-items-center\">\n                      <div class=\"col-12 col-lg-6 col-xl-5 align-self-center fifty-left d-flex flex-column order-2 order-lg-1\">\n                                                                                                                <div class=\"flex flex-column w-100 mb-30 fifty-fifty__image\">\n                    <picture><source srcset=\"https:\/\/assets.lightsourcebp.staging.1int.co.uk\/app\/uploads\/2024\/11\/04175458\/Lightsource-bp_Developpement-durable_Web.png 3334w, https:\/\/assets.lightsourcebp.staging.1int.co.uk\/app\/uploads\/2024\/11\/04175458\/Lightsource-bp_Developpement-durable_Web-300x300.png 300w, https:\/\/assets.lightsourcebp.staging.1int.co.uk\/app\/uploads\/2024\/11\/04175458\/Lightsource-bp_Developpement-durable_Web-1024x1024.png 1024w, https:\/\/assets.lightsourcebp.staging.1int.co.uk\/app\/uploads\/2024\/11\/04175458\/Lightsource-bp_Developpement-durable_Web-150x150.png 150w, https:\/\/assets.lightsourcebp.staging.1int.co.uk\/app\/uploads\/2024\/11\/04175458\/Lightsource-bp_Developpement-durable_Web-80x80.png 80w, https:\/\/assets.lightsourcebp.staging.1int.co.uk\/app\/uploads\/2024\/11\/04175458\/Lightsource-bp_Developpement-durable_Web-450x450.png 450w, https:\/\/assets.lightsourcebp.staging.1int.co.uk\/app\/uploads\/2024\/11\/04175458\/Lightsource-bp_Developpement-durable_Web-767x767.png 767w, https:\/\/assets.lightsourcebp.staging.1int.co.uk\/app\/uploads\/2024\/11\/04175458\/Lightsource-bp_Developpement-durable_Web-1000x1000.png 1000w, https:\/\/assets.lightsourcebp.staging.1int.co.uk\/app\/uploads\/2024\/11\/04175458\/Lightsource-bp_Developpement-durable_Web-1200x1200.png 1200w, https:\/\/assets.lightsourcebp.staging.1int.co.uk\/app\/uploads\/2024\/11\/04175458\/Lightsource-bp_Developpement-durable_Web-1600x1600.png 1600w, https:\/\/assets.lightsourcebp.staging.1int.co.uk\/app\/uploads\/2024\/11\/04175458\/Lightsource-bp_Developpement-durable_Web-1920x1920.png 1920w\" sizes=\"100vw\"><img loading=\"lazy\" decoding=\"async\" src=\"https:\/\/assets.lightsourcebp.staging.1int.co.uk\/app\/uploads\/2024\/11\/04175458\/Lightsource-bp_Developpement-durable_Web.png\" alt=\"\" width=\"3334\" height=\"3334\" class=\"d-flex max-w-100 w-100 h-auto mx-auto fit-cover rounded-10px\"><\/picture>\n                  <\/div>\n                                                          <\/div>\n                                <div class=\"col-12 col-lg-6 col-xl-6 offset-xl-1 align-self-center fifty-right d-flex flex-column mb-lg-0 mt-lg-0 order-1 order-lg-1  mb-15 \">\n                                                                  <h2 class=\"mb-20 \">Aller au-del\u00e0 du d\u00e9veloppement des \u00e9nergies renouvelables<\/h2>\n                                                                                                                                                                                <div class=\"flex flex-column w-100 line-height-level-6 mb-15 fifty-fifty__text font-size-paragraph-medium  fg-color-navy-text \">\n\n                    <p>Abondantes, propres et rentables, les \u00e9nergies renouvelables onshore ont toute sa place dans le mix \u00e9nerg\u00e9tique pour lutter contre le changement climatique. Chez Lightsource bp, nous inscrivons nos projets dans un cadre plus global de d\u00e9veloppement durable pour qu\u2019ils soient encore plus vertueux.<\/p>\n<p>Concertation avec les acteurs locaux pour le d\u00e9veloppement de tous nos projets, pr\u00e9servation des \u00e9cosyst\u00e8mes et gain net de biodiversit\u00e9, prise en compte du bien-\u00eatre animal, r\u00e9duction de nos \u00e9missions, minimisation des d\u00e9chets et recyclage : nous maximisons les bienfaits de nos projets pour que notre activit\u00e9 ait durablement un impact positif.<\/p>\n\n                  <\/div>\n                                                                                                                                                                                                  <div class=\"d-inline-flex w-100 button-container mb-15\">\n                    <a class=\"button button--gradient my-0 mr-auto\" href=\"https:\/\/lightsourcebp.staging.1int.co.uk\/fr\/developpement-durable\/biodiversite-agriculture-durable\/\" target=\"_self\"><span>Nos actions en faveur de la biodiversit\u00e9<\/span> <svg xmlns=\"http:\/\/www.w3.org\/2000\/svg\" width=\"8\" height=\"14\" fill=\"none\"><path stroke=\"currentColor\" stroke-linecap=\"round\" stroke-linejoin=\"round\" stroke-width=\"2\" d=\"m1 13 6-6-6-6\"\/><\/svg><\/a>\n                  <\/div>\n                                                                                                          <\/div>\n                  <\/div>\n      <\/div>\n    <\/div>\n\n  <div class=\"pt-30 pt-lg-100\"><\/div>\n  <\/section>\n\n\n<section class=\"fifty-fifty align block_acf-block-6729d1f186f18 block bg-color-orange-3-percent position-relative z-1 overflow-hidden\">\n        <div class=\"pt-60 pt-lg-100\"><\/div>\n\n    \n    <div class=\"fifty-fifty__row\">\n      <div class=\"container \">\n        <div class=\"row align-items-center\">\n                      <div class=\"col-12 col-lg-6 align-self-center fifty-left d-flex flex-column order-2 order-lg-1\">\n                                                                    <span class=\"font-size-navigation font-weight-semi-bold mb-15 text-transform-uppercase letter-spacing-title fg-color-gradient\">Gestion du cycle de vie<\/span>\n                                    <h2 class=\"mb-20 \">De la construction au d\u00e9mant\u00e8lement : un accompagnement sans faille<\/h2>\n                                                                                                                                                                <div class=\"flex flex-column w-100 line-height-level-6 mb-15 fifty-fifty__text font-size-paragraph-medium  fg-color-navy-text \">\n                    <p>Chez Lightsource bp, nous accordons une place centrale \u00e0 la gestion du cycle de vie de chacun de nos actifs. Nos experts chevronn\u00e9s sont pr\u00e9sents et accompagnent nos partenaires sur toute la dur\u00e9e de vie des installations, du d\u00e9veloppement \u00e0 l&#8217;exploitation des installations en passant par leur financement et leur construction, mais aussi leur d\u00e9mant\u00e8lement et leur recyclage \u00e0 l&#8217;issue du projet.<\/p>\n\n                  <\/div>\n                                                                                                                                                                                  <div class=\"d-inline-flex w-100 button-container mb-15\">\n                    <a class=\"button button--gradient my-0 mr-auto\" href=\"https:\/\/lightsourcebp.staging.1int.co.uk\/fr\/developpement-durable\/gestion-dechets\/\" target=\"_self\"><span>Notre approche de la gestion des d\u00e9chets<\/span> <svg xmlns=\"http:\/\/www.w3.org\/2000\/svg\" width=\"8\" height=\"14\" fill=\"none\"><path stroke=\"currentColor\" stroke-linecap=\"round\" stroke-linejoin=\"round\" stroke-width=\"2\" d=\"m1 13 6-6-6-6\"\/><\/svg><\/a>\n                  <\/div>\n                                                                                          <\/div>\n                                <div class=\"col-12 col-lg-6 align-self-center fifty-right d-flex flex-column mb-lg-0 mt-lg-0 order-3 order-lg-1  mt-15 \">\n                                                                                                                <div class=\"flex flex-column w-100 mb-30 fifty-fifty__image\">\n                    <picture><source srcset=\"https:\/\/assets.lightsourcebp.staging.1int.co.uk\/app\/uploads\/2023\/09\/23125247\/Lightsource-bp-maintenance-accompagnement.jpg 624w, https:\/\/assets.lightsourcebp.staging.1int.co.uk\/app\/uploads\/2023\/09\/23125247\/Lightsource-bp-maintenance-accompagnement-300x169.jpg 300w, https:\/\/assets.lightsourcebp.staging.1int.co.uk\/app\/uploads\/2023\/09\/23125247\/Lightsource-bp-maintenance-accompagnement-80x45.jpg 80w, https:\/\/assets.lightsourcebp.staging.1int.co.uk\/app\/uploads\/2023\/09\/23125247\/Lightsource-bp-maintenance-accompagnement-150x84.jpg 150w, https:\/\/assets.lightsourcebp.staging.1int.co.uk\/app\/uploads\/2023\/09\/23125247\/Lightsource-bp-maintenance-accompagnement-450x253.jpg 450w\" sizes=\"100vw\"><img loading=\"lazy\" decoding=\"async\" src=\"https:\/\/assets.lightsourcebp.staging.1int.co.uk\/app\/uploads\/2023\/09\/23125247\/Lightsource-bp-maintenance-accompagnement.jpg\" alt=\"\" width=\"624\" height=\"351\" class=\"d-flex max-w-100 w-100 h-auto mx-auto fit-cover rounded-10px\"><\/picture>\n                  <\/div>\n                                                                          <\/div>\n                  <\/div>\n      <\/div>\n    <\/div>\n\n  <div class=\"pt-60 pt-lg-100\"><\/div>\n  <\/section>\n\n\n<section class=\"call-to-action align block_acf-block-66fecc1623d8d block call-to-action\">\n  <div class=\"pt-0 pt-lg-0\"><\/div>\n  \n  <div class=\"container-fluid z-2\">\n\n    <div class=\"row\">\n      <div class=\"col-12 col-lg-6 pl-0 pr-0\">\n        <picture><source srcset=\"https:\/\/assets.lightsourcebp.staging.1int.co.uk\/app\/uploads\/2023\/03\/10163433\/join-lsbp-1-1.jpg 770w, https:\/\/assets.lightsourcebp.staging.1int.co.uk\/app\/uploads\/2023\/03\/10163433\/join-lsbp-1-1-300x238.jpg 300w, https:\/\/assets.lightsourcebp.staging.1int.co.uk\/app\/uploads\/2023\/03\/10163433\/join-lsbp-1-1-80x63.jpg 80w, https:\/\/assets.lightsourcebp.staging.1int.co.uk\/app\/uploads\/2023\/03\/10163433\/join-lsbp-1-1-150x119.jpg 150w, https:\/\/assets.lightsourcebp.staging.1int.co.uk\/app\/uploads\/2023\/03\/10163433\/join-lsbp-1-1-450x356.jpg 450w, https:\/\/assets.lightsourcebp.staging.1int.co.uk\/app\/uploads\/2023\/03\/10163433\/join-lsbp-1-1-767x608.jpg 767w\" sizes=\"\"><img loading=\"lazy\" decoding=\"async\" src=\"https:\/\/assets.lightsourcebp.staging.1int.co.uk\/app\/uploads\/2023\/03\/10163433\/join-lsbp-1-1.jpg\" alt=\"woman chatting to a man at an office desk\" width=\"770\" height=\"610\" class=\"w-100 w-lg-101 h-100 object-fit-cover ml--15px\"><\/picture>\n      <\/div>\n      <div class=\"col-12 col-lg-6 bg-color-gradient position-relative z-1 overflow-hidden\">\n\n                  <img decoding=\"async\" class=\"position-absolute top-n20 right-n190 right-sm-n116 right-xxl-n68 rotate-230 -z-1\" src=\"https:\/\/lightsourcebp.staging.1int.co.uk\/app\/themes\/lightsourcebp-theme\/dist\/images\/global\/background-swirls-alt-red_935dfcd0.png\" alt=\"\" \/>\n        \n        <div class=\"d-flex flex-column flex-center h-100 px-15 px-md-50 py-60 py-lg-30 py-xxl-0\">\n                      <span class=\"d-flex font-size-navigation font-weight-semi-bold mb-15 text-transform-uppercase letter-spacing-title fg-color-gradient\">Carri\u00e8res<\/span>\n                                <h2 class=\"mb-20 fg-color-white\">Rejoignez une aventure qui a du sens\u2009!<\/h2>\n                                <div class=\"flex flex-column w-100 rich-text fg-color-white\">\n              <p>Vous voulez contribuer au d\u00e9fi de la d\u00e9carbonation de l\u2019\u00e9nergie ? Vous souhaitez int\u00e9grer une \u00e9quipe dynamique, agile et innovante ? Rendez-vous dans notre espace \u00ab\u2009Carri\u00e8res\u2009\u00bb !<\/p>\n\n            <\/div>\n                                            <div class=\"d-inline-flex w-100 button-container mb-15\">\n              <a class=\"button button--gradient my-0 mr-auto\" href=\"https:\/\/lightsourcebp.staging.1int.co.uk\/fr\/carrieres\/\" target=\"_self\"><span>Consultez nos offres d&#8217;emploi<\/span> <svg xmlns=\"http:\/\/www.w3.org\/2000\/svg\" width=\"8\" height=\"14\" fill=\"none\"><path stroke=\"currentColor\" stroke-linecap=\"round\" stroke-linejoin=\"round\" stroke-width=\"2\" d=\"m1 13 6-6-6-6\"\/><\/svg><\/a>\n            <\/div>\n                  <\/div>\n      <\/div>\n    <\/div>\n  <\/div>\n  <div class=\"pt-0 pt-lg-0\"><\/div>\n  <\/section>\n","protected":false},"excerpt":{"rendered":"","protected":false},"author":40,"featured_media":299360,"parent":0,"menu_order":0,"comment_status":"closed","ping_status":"closed","template":"","meta":{"_acf_changed":false,"inline_featured_image":false,"footnotes":""},"class_list":["post-313029","page","type-page","status-publish","has-post-thumbnail","hentry"],"acf":[],"aioseo_notices":[],"_links":{"self":[{"href":"https:\/\/lightsourcebp.staging.1int.co.uk\/fr\/wp-json\/wp\/v2\/pages\/313029","targetHints":{"allow":["GET"]}}],"collection":[{"href":"https:\/\/lightsourcebp.staging.1int.co.uk\/fr\/wp-json\/wp\/v2\/pages"}],"about":[{"href":"https:\/\/lightsourcebp.staging.1int.co.uk\/fr\/wp-json\/wp\/v2\/types\/page"}],"author":[{"embeddable":true,"href":"https:\/\/lightsourcebp.staging.1int.co.uk\/fr\/wp-json\/wp\/v2\/users\/40"}],"replies":[{"embeddable":true,"href":"https:\/\/lightsourcebp.staging.1int.co.uk\/fr\/wp-json\/wp\/v2\/comments?post=313029"}],"version-history":[{"count":108,"href":"https:\/\/lightsourcebp.staging.1int.co.uk\/fr\/wp-json\/wp\/v2\/pages\/313029\/revisions"}],"predecessor-version":[{"id":465118,"href":"https:\/\/lightsourcebp.staging.1int.co.uk\/fr\/wp-json\/wp\/v2\/pages\/313029\/revisions\/465118"}],"wp:featuredmedia":[{"embeddable":true,"href":"https:\/\/lightsourcebp.staging.1int.co.uk\/fr\/wp-json\/wp\/v2\/media\/299360"}],"wp:attachment":[{"href":"https:\/\/lightsourcebp.staging.1int.co.uk\/fr\/wp-json\/wp\/v2\/media?parent=313029"}],"curies":[{"name":"wp","href":"https:\/\/api.w.org\/{rel}","templated":true}]}}