{"id":313201,"date":"2023-09-26T08:24:06","date_gmt":"2023-09-26T08:24:06","guid":{"rendered":"https:\/\/lightsourcebp.staging.1int.co.uk\/?page_id=313201"},"modified":"2025-03-18T20:17:14","modified_gmt":"2025-03-18T20:17:14","slug":"biodiversite-agriculture-durable","status":"publish","type":"page","link":"https:\/\/lightsourcebp.staging.1int.co.uk\/fr\/developpement-durable\/biodiversite-agriculture-durable\/","title":{"rendered":"Biodiversit\u00e9"},"content":{"rendered":"<section class=\"block-page-title bg-color-white\">\n  <div class=\"pt-60 pt-lg-100\"><\/div>\n\n  <div class=\"container\">\n    <div class=\"row\">\n      <div class=\"col-12\">\n                <h1 class=\"fg-color-gradient\">Stimuler la biodiversit\u00e9 pour une agriculture durable<\/h1>\n      <\/div>\n    <\/div>\n  <\/div>\n\n  <div class=\"pt-60 pt-lg-100\"><\/div>\n<\/section>\n  \n\n\n<section class=\"banner-single position-relative\">\n  <div class=\"container-fluid\">\n    <div class=\"row\">\n      <div class=\"col-12 px-0\">\n                <div class=\"position-relative w-100 h-100 aspect-ratio-banner object-fit-cover\">\n          <picture>\n                    <source srcset=\"https:\/\/assets.lightsourcebp.staging.1int.co.uk\/app\/uploads\/2022\/12\/27191128\/Knockcairn-Second-1-2-aspect-ratio-450-490-450x490.jpg, https:\/\/assets.lightsourcebp.staging.1int.co.uk\/app\/uploads\/2022\/12\/27191128\/Knockcairn-Second-1-2-aspect-ratio-450-490-1000x1089.jpg 2x\"\n                          media=\"(max-width: 575px)\">\n                    <source srcset=\"https:\/\/assets.lightsourcebp.staging.1int.co.uk\/app\/uploads\/2022\/12\/28120517\/Knockcairn-Second-1-2-1000x668.jpg, https:\/\/assets.lightsourcebp.staging.1int.co.uk\/app\/uploads\/2022\/12\/28120517\/Knockcairn-Second-1-2-1920x1282.jpg 2x\"\n                          media=\"(min-width: 576px) and (max-width: 991px)\">\n                    <source srcset=\"https:\/\/assets.lightsourcebp.staging.1int.co.uk\/app\/uploads\/2022\/12\/28120517\/Knockcairn-Second-1-2.jpg, https:\/\/assets.lightsourcebp.staging.1int.co.uk\/app\/uploads\/2022\/12\/28120517\/Knockcairn-Second-1-2.jpg 2x\"\n                          media=\"(min-width: 992px)\">\n                    <img loading=\"lazy\" decoding=\"async\" src=\"https:\/\/assets.lightsourcebp.staging.1int.co.uk\/app\/uploads\/2022\/12\/28120517\/Knockcairn-Second-1-2.jpg\" alt=\"\"\n                       srcset=\"https:\/\/assets.lightsourcebp.staging.1int.co.uk\/app\/uploads\/2022\/12\/28120517\/Knockcairn-Second-1-2.jpg 2x\"\n                       sizes=\"auto, 100vw\"\n                       class=\"position-absolute w-100 h-100 left-0 top-0 object-fit-cover\"\n                       width=\"2000\"\n                       height=\"1335\">\n                <\/picture>\n        <\/div>\n              <\/div>\n    <\/div>\n  <\/div>\n<\/section>\n\n\n<section class=\"text align block_acf-block-6687f2cc8bf37 block bg-color-orange-3-percent position-relative z-1 overflow-hidden\">\n    <div class=\"pt-60 pt-lg-100\"><\/div>\n\n      <img decoding=\"async\" class=\"position-absolute top-n20 right-n190 right-sm-n80 right-md-n50 right-xxl-n32 rotate-230 -z-1\" src=\"https:\/\/lightsourcebp.staging.1int.co.uk\/app\/themes\/lightsourcebp-theme\/dist\/images\/global\/background-swirls_935dfcd0.png\" alt=\"\" \/>\n  \n  <div class=\"container \">\n    <div class=\"row\">\n      <div class=\"col-12 col-md-9\">\n        <span class=\"rich-text standard-text fg-color-navy\">\n          <h2>La biodiversit\u00e9 au c\u0153ur de nos projets solaires<\/h2>\n<p>En 2018, la France s\u2019est dot\u00e9e d\u2019un <a href=\"https:\/\/www.ecologie.gouv.fr\/plan-biodiversite\" target=\"_blank\" rel=\"noopener\">Plan biodiversit\u00e9<\/a>. Son ambition\u2009? Pr\u00e9server la biodiversit\u00e9 en freinant l\u2019artificialisation des espaces naturels et des terres agricoles, en la restaurant lorsqu\u2019elle est d\u00e9grad\u00e9e et en reconqu\u00e9rant des espaces de biodiversit\u00e9 partout o\u00f9 cela est possible.<\/p>\n<p>Chez Lightsource bp, pour chaque projet, nous coconstruisons avec des experts en \u00e9cologie et en gestion des terres un plan de gestion de la biodiversit\u00e9 afin de garantir un gain net autour de nos installations pour une agriculture durable.<\/p>\n\n        <\/span>\n      <\/div>\n    <\/div>\n  <\/div>\n\n  <div class=\"pt-30 pt-lg-100\"><\/div>\n<\/section>\n\n\n<section class=\"fifty-fifty align block_acf-block-67d9d4c9935ad block bg-color-white position-relative z-1 overflow-hidden\">\n        <div class=\"pt-60 pt-lg-100\"><\/div>\n\n    \n    <div class=\"fifty-fifty__row\">\n      <div class=\"container \">\n        <div class=\"row align-items-center\">\n                      <div class=\"col-12 col-lg-6 col-xl-6 align-self-center fifty-left d-flex flex-column order-2 order-lg-1\">\n                                                                  <h2 class=\"mb-20 \">Agir concr\u00e8tement en faveur de la biodiversit\u00e9<\/h2>\n                                                                                                                                                                <div class=\"flex flex-column w-100 line-height-level-6 mb-15 fifty-fifty__text font-size-paragraph-medium  fg-color-navy-text \">\n                    <p>Avant la construction d\u2019un projet agrivolta\u00efque, nous conduisons une \u00e9tude environnementale afin d\u2019\u00e9valuer l\u2019impact du projet sur la biodiversit\u00e9. Puis, une fois les conclusions de l\u2019\u00e9tude rendues, nous appliquons les trois principes de notre plan de gestion de la biodiversit\u00e9 : \u00e9viter, r\u00e9duire, compenser.<\/p>\n<ul>\n<li><strong>\u00c9viter<\/strong> : si les conclusions de l\u2019\u00e9tude environnementale identifient un impact n\u00e9gatif, nous modifions la conception du projet de sorte \u00e0 l\u2019\u00e9liminer. Il peut s\u2019agir de contourner une haie, un habitat, une plante prot\u00e9g\u00e9e ou encore de ne pas lancer les phases de travaux pendant les p\u00e9riodes de reproduction ou de migration.<\/li>\n<li><strong>R\u00e9duire<\/strong> : nous limitons autant que possible la dur\u00e9e, l\u2019intensit\u00e9 et\/ou l\u2019\u00e9tendue des impacts d\u2019un projet qui ne peuvent \u00eatre compl\u00e8tement \u00e9vit\u00e9s. Par exemple, nous mettons en place des \u00e9crans v\u00e9g\u00e9taux constitu\u00e9s d\u2019arbres et arbustes autour des installations, nous reconstruisons les haies de ripisylves en bordure des cours d\u2019eau ou encore am\u00e9nageons des couloirs pour permettre \u00e0 la faune de traverser nos fermes solaires.<\/li>\n<li><strong>Compenser<\/strong> : nous apportons une contrepartie aux effets n\u00e9gatifs notables, directs ou indirects, de nos projets lorsque ces derniers n\u2019ont pu \u00eatre \u00e9vit\u00e9s ou suffisamment r\u00e9duits, en garantissant toujours un gain net de biodiversit\u00e9. Pour compenser ces impacts r\u00e9siduels, nous pouvons cr\u00e9er une zone humide \u00e0 l\u2019ext\u00e9rieur du p\u00e9rim\u00e8tre du projet et en assurer la gestion, proc\u00e9der \u00e0 la d\u00e9pollution d\u2019un habitat, etc.<\/li>\n<\/ul>\n<p>Une fois les installations mises en service, nous r\u00e9\u00e9valuons le projet apr\u00e8s cinq ans et prenons de nouvelles mesures si nous n\u2019enregistrons pas de gain net de biodiversit\u00e9.<\/p>\n\n                  <\/div>\n                                                                                                                                                                                  <div class=\"d-inline-flex w-100 button-container mb-15\">\n                    <a class=\"button button--gradient my-0 mr-auto\" href=\"https:\/\/assets.lightsourcebp.staging.1int.co.uk\/app\/uploads\/2025\/03\/18201101\/Brochure_France_2025-03.pdf\" target=\"_blank\"><span>T\u00e9l\u00e9chargez notre brochure sur l&#8217;\u00e9nergie solaire<\/span> <svg xmlns=\"http:\/\/www.w3.org\/2000\/svg\" width=\"24\" height=\"24\" fill=\"none\"><path stroke=\"currentColor\" stroke-linecap=\"round\" stroke-linejoin=\"round\" stroke-width=\"2\" d=\"M21 15v4a2 2 0 0 1-2 2H5a2 2 0 0 1-2-2v-4m4-5 5 5 5-5m-5 5V3\"\/><\/svg><\/a>\n                  <\/div>\n                                                                                          <\/div>\n                                <div class=\"col-12 col-lg-6 col-xl-5 offset-xl-1 align-self-center fifty-right d-flex flex-column mb-lg-0 mt-lg-0 order-3 order-lg-1  mt-15 \">\n                                                                                                                <div class=\"flex flex-column w-100 mb-30 fifty-fifty__image\">\n                    <picture><source srcset=\"https:\/\/assets.lightsourcebp.staging.1int.co.uk\/app\/uploads\/2023\/09\/19155823\/Lightsource-bp_biodiversite-mission.jpg 624w, https:\/\/assets.lightsourcebp.staging.1int.co.uk\/app\/uploads\/2023\/09\/19155823\/Lightsource-bp_biodiversite-mission-200x300.jpg 200w, https:\/\/assets.lightsourcebp.staging.1int.co.uk\/app\/uploads\/2023\/09\/19155823\/Lightsource-bp_biodiversite-mission-80x120.jpg 80w, https:\/\/assets.lightsourcebp.staging.1int.co.uk\/app\/uploads\/2023\/09\/19155823\/Lightsource-bp_biodiversite-mission-150x225.jpg 150w, https:\/\/assets.lightsourcebp.staging.1int.co.uk\/app\/uploads\/2023\/09\/19155823\/Lightsource-bp_biodiversite-mission-300x450.jpg 300w, https:\/\/assets.lightsourcebp.staging.1int.co.uk\/app\/uploads\/2023\/09\/19155823\/Lightsource-bp_biodiversite-mission-450x675.jpg 450w\" sizes=\"100vw\"><img loading=\"lazy\" decoding=\"async\" src=\"https:\/\/assets.lightsourcebp.staging.1int.co.uk\/app\/uploads\/2023\/09\/19155823\/Lightsource-bp_biodiversite-mission.jpg\" alt=\"\" width=\"624\" height=\"936\" class=\"d-flex max-w-100 w-100 h-auto mx-auto fit-cover rounded-10px\"><\/picture>\n                  <\/div>\n                                                                          <\/div>\n                  <\/div>\n      <\/div>\n    <\/div>\n\n  <div class=\"pt-30 pt-lg-100\"><\/div>\n  <\/section>\n\n\n<section class=\"fifty-fifty align block_acf-block-6687f2cd43767 block bg-color-orange-3-percent position-relative z-1 overflow-hidden\">\n        <div class=\"pt-60 pt-lg-100\"><\/div>\n\n    \n    <div class=\"fifty-fifty__row\">\n      <div class=\"container \">\n        <div class=\"row align-items-center\">\n                      <div class=\"col-12 col-lg-6 col-xl-5 align-self-center fifty-left d-flex flex-column order-2 order-lg-1\">\n                                                                                                                <div class=\"flex flex-column w-100 mb-30 fifty-fifty__image\">\n                    <picture><source srcset=\"https:\/\/assets.lightsourcebp.staging.1int.co.uk\/app\/uploads\/2023\/09\/19162402\/Lightsource-bp-ferme-solaire-Vendimia-solar.jpg 624w, https:\/\/assets.lightsourcebp.staging.1int.co.uk\/app\/uploads\/2023\/09\/19162402\/Lightsource-bp-ferme-solaire-Vendimia-solar-300x169.jpg 300w, https:\/\/assets.lightsourcebp.staging.1int.co.uk\/app\/uploads\/2023\/09\/19162402\/Lightsource-bp-ferme-solaire-Vendimia-solar-80x45.jpg 80w, https:\/\/assets.lightsourcebp.staging.1int.co.uk\/app\/uploads\/2023\/09\/19162402\/Lightsource-bp-ferme-solaire-Vendimia-solar-150x84.jpg 150w, https:\/\/assets.lightsourcebp.staging.1int.co.uk\/app\/uploads\/2023\/09\/19162402\/Lightsource-bp-ferme-solaire-Vendimia-solar-450x253.jpg 450w\" sizes=\"100vw\"><img loading=\"lazy\" decoding=\"async\" src=\"https:\/\/assets.lightsourcebp.staging.1int.co.uk\/app\/uploads\/2023\/09\/19162402\/Lightsource-bp-ferme-solaire-Vendimia-solar.jpg\" alt=\"\" width=\"624\" height=\"351\" class=\"d-flex max-w-100 w-100 h-auto mx-auto fit-cover rounded-10px\"><\/picture>\n                  <\/div>\n                                                          <\/div>\n                                <div class=\"col-12 col-lg-6 col-xl-6 offset-xl-1 align-self-center fifty-right d-flex flex-column mb-lg-0 mt-lg-0 order-1 order-lg-1  mb-15 \">\n                                                                  <h2 class=\"mb-20 \">Planter, ensemencer et prot\u00e9ger le milieu naturel<\/h2>\n                                                                                                                                                                                <div class=\"flex flex-column w-100 line-height-level-6 mb-15 fifty-fifty__text font-size-paragraph-medium  fg-color-navy-text \">\n\n                    <p>Lors de la conception de nos projets en France, nous accordons une importance capitale au maintien et \u00e0 la pr\u00e9servation des habitats existants et \u00e0 la plantation d\u2019esp\u00e8ces v\u00e9g\u00e9tales entre les panneaux et sur tout le p\u00e9rim\u00e8tre de la ferme solaire. Nous s\u00e9lectionnons ces arbres et arbustes parmi les esp\u00e8ces locales susceptibles de constituer un habitat ad\u00e9quat pour la faune et la flore alentour. Nous veillons \u00e9galement \u00e0 ce que ces v\u00e9g\u00e9taux se fondent naturellement dans le paysage.<\/p>\n\n                  <\/div>\n                                                                                                                                                                                                  <div class=\"d-inline-flex w-100 button-container mb-15\">\n                    <a class=\"button button--gradient my-0 mr-auto\" href=\"https:\/\/lightsourcebp.staging.1int.co.uk\/fr\/developpement-durable\/\" target=\"_self\"><span>Notre cadre de d\u00e9veloppement durable<\/span> <svg xmlns=\"http:\/\/www.w3.org\/2000\/svg\" width=\"8\" height=\"14\" fill=\"none\"><path stroke=\"currentColor\" stroke-linecap=\"round\" stroke-linejoin=\"round\" stroke-width=\"2\" d=\"m1 13 6-6-6-6\"\/><\/svg><\/a>\n                  <\/div>\n                                                                                                          <\/div>\n                  <\/div>\n      <\/div>\n    <\/div>\n\n  <div class=\"pt-30 pt-lg-100\"><\/div>\n  <\/section>\n\n\n<section class=\"fifty-fifty align block_acf-block-6687f2cd437bc block bg-color-white position-relative z-1 overflow-hidden\">\n        <div class=\"pt-60 pt-lg-100\"><\/div>\n\n    \n    <div class=\"fifty-fifty__row\">\n      <div class=\"container \">\n        <div class=\"row align-items-center\">\n                      <div class=\"col-12 col-lg-6 col-xl-7 align-self-center fifty-left d-flex flex-column order-2 order-lg-1\">\n                                                                  <h2 class=\"mb-20 \">Cr\u00e9er des habitats naturels<\/h2>\n                                                                                                                                                                <div class=\"flex flex-column w-100 line-height-level-6 mb-15 fifty-fifty__text font-size-paragraph-medium  fg-color-navy-text \">\n                    <p>Une biodiversit\u00e9 riche et en pleine sant\u00e9 est essentielle \u00e0 la construction d\u2019un avenir durable pour notre plan\u00e8te. Un des principaux objectifs de la \u00ab\u2009Strat\u00e9gie en faveur de la biodiversit\u00e9 \u00e0 l\u2019horizon 2030\u2009\u00bb adopt\u00e9e par l\u2019Union europ\u00e9enne est de prot\u00e9ger et d\u2019am\u00e9liorer l\u2019\u00e9tat des \u00e9cosyst\u00e8mes menac\u00e9s d\u2019extinction. Lightsource bp a \u00e0 c\u0153ur de s\u2019engager aux c\u00f4t\u00e9s des pouvoirs publics pour contribuer \u00e0 les pr\u00e9server.<\/p>\n<p>Une ferme solaire peut \u00eatre un habitat id\u00e9al pour des pollinisateurs comme les abeilles ou les papillons. Les terres agricoles qui les abritent tout au long de l\u2019ann\u00e9e sont propices au d\u00e9veloppement de fleurs sauvages et autres v\u00e9g\u00e9taux et au d\u00e9veloppement des populations d\u2019insectes et d\u2019oiseaux.<\/p>\n<p>Gr\u00e2ce aux diff\u00e9rentes esp\u00e8ces de gramin\u00e9es et de m\u00e9langes de fleurs que nous ensemen\u00e7ons, nous leur cr\u00e9ons des habitats naturels qui contribuent \u00e0 accro\u00eetre leurs populations. De plus, lors de la construction de nos projets, nous cr\u00e9ons g\u00e9n\u00e9ralement :<\/p>\n<ul>\n<li>Des ouvertures dans la cl\u00f4ture autour des installations, pour permettre aux petits animaux de traverser la ferme solaire.<\/li>\n<li>Des nichoirs, qui offrent aux oiseaux et chauves-souris un refuge de choix pour se prot\u00e9ger et se reproduire.<\/li>\n<li>Des abris pour l\u00e9zards et autres reptiles en qu\u00eate de tranquillit\u00e9.<\/li>\n<li>Des \u00ab\u2009h\u00f4tels \u00e0 insectes\u2009\u00bb, qui encouragent et stimulent les populations d\u2019invert\u00e9br\u00e9s.<\/li>\n<\/ul>\n\n                  <\/div>\n                                                                                                          <\/div>\n                                <div class=\"col-12 col-lg-6 col-xl-4 offset-xl-1 align-self-center fifty-right d-flex flex-column mb-lg-0 mt-lg-0 order-3 order-lg-1  mt-15 \">\n                                                                                                                <div class=\"flex flex-column w-100 mb-30 fifty-fifty__image\">\n                    <picture><source srcset=\"https:\/\/assets.lightsourcebp.staging.1int.co.uk\/app\/uploads\/2023\/09\/19162511\/Lightsource-bp-ferme-solaire-biodiversite-lapin.jpg 624w, https:\/\/assets.lightsourcebp.staging.1int.co.uk\/app\/uploads\/2023\/09\/19162511\/Lightsource-bp-ferme-solaire-biodiversite-lapin-200x300.jpg 200w, https:\/\/assets.lightsourcebp.staging.1int.co.uk\/app\/uploads\/2023\/09\/19162511\/Lightsource-bp-ferme-solaire-biodiversite-lapin-80x120.jpg 80w, https:\/\/assets.lightsourcebp.staging.1int.co.uk\/app\/uploads\/2023\/09\/19162511\/Lightsource-bp-ferme-solaire-biodiversite-lapin-150x225.jpg 150w, https:\/\/assets.lightsourcebp.staging.1int.co.uk\/app\/uploads\/2023\/09\/19162511\/Lightsource-bp-ferme-solaire-biodiversite-lapin-300x450.jpg 300w, https:\/\/assets.lightsourcebp.staging.1int.co.uk\/app\/uploads\/2023\/09\/19162511\/Lightsource-bp-ferme-solaire-biodiversite-lapin-450x675.jpg 450w\" sizes=\"100vw\"><img loading=\"lazy\" decoding=\"async\" src=\"https:\/\/assets.lightsourcebp.staging.1int.co.uk\/app\/uploads\/2023\/09\/19162511\/Lightsource-bp-ferme-solaire-biodiversite-lapin.jpg\" alt=\"\" width=\"624\" height=\"936\" class=\"d-flex max-w-100 w-100 h-auto mx-auto fit-cover rounded-10px\"><\/picture>\n                  <\/div>\n                                                                          <\/div>\n                  <\/div>\n      <\/div>\n    <\/div>\n\n  <div class=\"pt-30 pt-lg-100\"><\/div>\n  <\/section>\n","protected":false},"excerpt":{"rendered":"","protected":false},"author":40,"featured_media":0,"parent":313029,"menu_order":0,"comment_status":"closed","ping_status":"closed","template":"","meta":{"_acf_changed":false,"inline_featured_image":false,"footnotes":""},"class_list":["post-313201","page","type-page","status-publish","hentry"],"acf":[],"aioseo_notices":[],"_links":{"self":[{"href":"https:\/\/lightsourcebp.staging.1int.co.uk\/fr\/wp-json\/wp\/v2\/pages\/313201","targetHints":{"allow":["GET"]}}],"collection":[{"href":"https:\/\/lightsourcebp.staging.1int.co.uk\/fr\/wp-json\/wp\/v2\/pages"}],"about":[{"href":"https:\/\/lightsourcebp.staging.1int.co.uk\/fr\/wp-json\/wp\/v2\/types\/page"}],"author":[{"embeddable":true,"href":"https:\/\/lightsourcebp.staging.1int.co.uk\/fr\/wp-json\/wp\/v2\/users\/40"}],"replies":[{"embeddable":true,"href":"https:\/\/lightsourcebp.staging.1int.co.uk\/fr\/wp-json\/wp\/v2\/comments?post=313201"}],"version-history":[{"count":70,"href":"https:\/\/lightsourcebp.staging.1int.co.uk\/fr\/wp-json\/wp\/v2\/pages\/313201\/revisions"}],"predecessor-version":[{"id":444994,"href":"https:\/\/lightsourcebp.staging.1int.co.uk\/fr\/wp-json\/wp\/v2\/pages\/313201\/revisions\/444994"}],"up":[{"embeddable":true,"href":"https:\/\/lightsourcebp.staging.1int.co.uk\/fr\/wp-json\/wp\/v2\/pages\/313029"}],"wp:attachment":[{"href":"https:\/\/lightsourcebp.staging.1int.co.uk\/fr\/wp-json\/wp\/v2\/media?parent=313201"}],"curies":[{"name":"wp","href":"https:\/\/api.w.org\/{rel}","templated":true}]}}