{"id":313886,"date":"2023-09-26T08:53:09","date_gmt":"2023-09-26T08:53:09","guid":{"rendered":"https:\/\/lightsourcebp.staging.1int.co.uk\/?page_id=313886"},"modified":"2025-03-18T20:16:07","modified_gmt":"2025-03-18T20:16:07","slug":"pouvoir-des-renouvelables","status":"publish","type":"page","link":"https:\/\/lightsourcebp.staging.1int.co.uk\/fr\/a-propos\/pouvoir-des-renouvelables\/","title":{"rendered":"Le pouvoir des renouvelables"},"content":{"rendered":"<section class=\"block-page-title bg-color-white\">\n  <div class=\"pt-60 pt-lg-100\"><\/div>\n\n  <div class=\"container\">\n    <div class=\"row\">\n      <div class=\"col-12\">\n                <h1 class=\"fg-color-gradient\">Le pouvoir des renouvelables<\/h1>\n      <\/div>\n    <\/div>\n  <\/div>\n\n  <div class=\"pt-60 pt-lg-100\"><\/div>\n<\/section>\n  \n\n\n<section class=\"banner-single position-relative\">\n  <div class=\"container-fluid\">\n    <div class=\"row\">\n      <div class=\"col-12 px-0\">\n                <div class=\"position-relative w-100 h-100 aspect-ratio-banner object-fit-cover\">\n          <picture>\n                    <source srcset=\"https:\/\/assets.lightsourcebp.staging.1int.co.uk\/app\/uploads\/2023\/09\/19170149\/Lightsource-bp-ferme-solaire-Vendimia-solar-2-450x174.jpg, https:\/\/assets.lightsourcebp.staging.1int.co.uk\/app\/uploads\/2023\/09\/19170149\/Lightsource-bp-ferme-solaire-Vendimia-solar-2-1000x387.jpg 2x\"\n                          media=\"(max-width: 575px)\">\n                    <source srcset=\"https:\/\/assets.lightsourcebp.staging.1int.co.uk\/app\/uploads\/2023\/09\/19170149\/Lightsource-bp-ferme-solaire-Vendimia-solar-2-1000x387.jpg, https:\/\/assets.lightsourcebp.staging.1int.co.uk\/app\/uploads\/2023\/09\/19170149\/Lightsource-bp-ferme-solaire-Vendimia-solar-2.jpg 2x\"\n                          media=\"(min-width: 576px) and (max-width: 991px)\">\n                    <source srcset=\"https:\/\/assets.lightsourcebp.staging.1int.co.uk\/app\/uploads\/2023\/09\/19170149\/Lightsource-bp-ferme-solaire-Vendimia-solar-2.jpg, https:\/\/assets.lightsourcebp.staging.1int.co.uk\/app\/uploads\/2023\/09\/19170149\/Lightsource-bp-ferme-solaire-Vendimia-solar-2.jpg 2x\"\n                          media=\"(min-width: 992px)\">\n                    <img loading=\"lazy\" decoding=\"async\" src=\"https:\/\/assets.lightsourcebp.staging.1int.co.uk\/app\/uploads\/2023\/09\/19170149\/Lightsource-bp-ferme-solaire-Vendimia-solar-2.jpg\" alt=\"\"\n                       srcset=\"https:\/\/assets.lightsourcebp.staging.1int.co.uk\/app\/uploads\/2023\/09\/19170149\/Lightsource-bp-ferme-solaire-Vendimia-solar-2.jpg 2x\"\n                       sizes=\"auto, 100vw\"\n                       class=\"position-absolute w-100 h-100 left-0 top-0 object-fit-cover\"\n                       width=\"1540\"\n                       height=\"596\">\n                <\/picture>\n        <\/div>\n              <\/div>\n    <\/div>\n  <\/div>\n<\/section>\n\n\n<section class=\"fifty-fifty align block_acf-block-67d9d4865c9ef block bg-color-orange-3-percent position-relative z-1 overflow-hidden\">\n        <div class=\"pt-60 pt-lg-100\"><\/div>\n\n          <img decoding=\"async\" class=\"position-absolute bottom-0 right-10 -z-1\" src=\"https:\/\/lightsourcebp.staging.1int.co.uk\/app\/themes\/lightsourcebp-theme\/dist\/images\/global\/background-swirls_935dfcd0.png\" alt=\"\" \/>\n    \n    <div class=\"fifty-fifty__row\">\n      <div class=\"container \">\n        <div class=\"row align-items-center\">\n                      <div class=\"col-12 col-lg-6 col-xl-7 align-self-center fifty-left d-flex flex-column order-2 order-lg-1\">\n                                                                  <h2 class=\"mb-20 \">Un paysage \u00e9nerg\u00e9tique en pleine mutation<\/h2>\n                                                                                                                                                                <div class=\"flex flex-column w-100 line-height-level-6 mb-15 fifty-fifty__text font-size-paragraph-medium  fg-color-navy-text \">\n                    <p>Le paysage \u00e9nerg\u00e9tique est en constante \u00e9volution. Une seule certitude : nous devons d\u00e9carboner notre usage de l\u2019\u00e9nergie. Chez Lightsource bp, nous sommes convaincus que l\u2019\u00e9nergie solaire est la cl\u00e9 d\u2019un avenir responsable.<\/p>\n<p>Avec nos <a href=\"https:\/\/lightsourcebp.staging.1int.co.uk\/fr\/nos-projets\/\">projets solaires<\/a>, nous contribuons depuis plus de 10 ans \u00e0 l\u2019essor de cette fabuleuse source d\u2019\u00e9nergie dans le monde entier et nous n\u2019en sommes qu\u2019aux d\u00e9buts. La plan\u00e8te doit faire face \u00e0 une demande en \u00e9lectricit\u00e9 croissante dans un contexte d\u2019urgence climatique. Il devient plus que n\u00e9cessaire de changer nos modes de consommation et de passer \u00e0 une autre forme d\u2019approvisionnement en \u00e9lectricit\u00e9 : l\u2019\u00e9nergie renouvelable \u00e0 grande \u00e9chelle.<\/p>\n\n                  <\/div>\n                                                                                                                                                                                  <div class=\"d-inline-flex w-100 button-container mb-15\">\n                    <a class=\"button button--gradient my-0 mr-auto\" href=\"https:\/\/assets.lightsourcebp.staging.1int.co.uk\/app\/uploads\/2025\/03\/18201101\/Brochure_France_2025-03.pdf\" target=\"_blank\"><span>T\u00e9l\u00e9chargez notre brochure sur l&#8217;\u00e9nergie solaire<\/span> <svg xmlns=\"http:\/\/www.w3.org\/2000\/svg\" width=\"8\" height=\"14\" fill=\"none\"><path stroke=\"currentColor\" stroke-linecap=\"round\" stroke-linejoin=\"round\" stroke-width=\"2\" d=\"m1 13 6-6-6-6\"\/><\/svg><\/a>\n                  <\/div>\n                                                                                          <\/div>\n                                <div class=\"col-12 col-lg-6 col-xl-4 offset-xl-1 align-self-center fifty-right d-flex flex-column mb-lg-0 mt-lg-0 order-3 order-lg-1  mt-15 \">\n                                                                                                                                                        <\/div>\n                  <\/div>\n      <\/div>\n    <\/div>\n\n  <div class=\"pt-30 pt-lg-100\"><\/div>\n  <\/section>\n\n\n<section class=\"fifty-fifty align block_acf-block-66857a65198b8 block bg-color-white position-relative z-1 overflow-hidden\">\n        <div class=\"pt-60 pt-lg-100\"><\/div>\n\n    \n    <div class=\"fifty-fifty__row\">\n      <div class=\"container \">\n        <div class=\"row align-items-center\">\n                      <div class=\"col-12 col-lg-6 col-xl-5 align-self-center fifty-left d-flex flex-column order-2 order-lg-1\">\n                                                                  <h2 class=\"mb-20 \">L\u2019\u00e9nergie solaire : notre meilleure alli\u00e9e pour un monde durable<\/h2>\n                                                                                                                                                                <div class=\"flex flex-column w-100 line-height-level-6 mb-15 fifty-fifty__text font-size-paragraph-medium  fg-color-navy-text \">\n                    <p>Pourquoi l\u2019\u00e9nergie solaire ? Parce qu\u2019elle est r\u00e9siliente, fiable, pr\u00e9visible et qu\u2019elle permet de produire de l\u2019\u00e9lectricit\u00e9 verte et locale. Abondante, elle a d\u00e9j\u00e0 toute sa place dans le mix \u00e9nerg\u00e9tique mondial pour lutter contre le changement climatique. Aujourd\u2019hui, c\u2019est une \u00e9nergie abordable et rentable, qui offre en plus une fiabilit\u00e9 d\u2019approvisionnement pendant les pics de consommation. En r\u00e9sum\u00e9, elle est LA solution pour une plan\u00e8te plus durable.<\/p>\n\n                  <\/div>\n                                                                                                          <\/div>\n                                <div class=\"col-12 col-lg-6 col-xl-6 offset-xl-1 align-self-center fifty-right d-flex flex-column mb-lg-0 mt-lg-0 order-3 order-lg-1  mt-15 \">\n                                                                                                                <div class=\"flex flex-column w-100 mb-30 fifty-fifty__image\">\n                    <picture><source srcset=\"https:\/\/assets.lightsourcebp.staging.1int.co.uk\/app\/uploads\/2023\/09\/19170503\/Lightsource-bp-ferme-solaire-sur-plan-eau.jpg 624w, https:\/\/assets.lightsourcebp.staging.1int.co.uk\/app\/uploads\/2023\/09\/19170503\/Lightsource-bp-ferme-solaire-sur-plan-eau-300x169.jpg 300w, https:\/\/assets.lightsourcebp.staging.1int.co.uk\/app\/uploads\/2023\/09\/19170503\/Lightsource-bp-ferme-solaire-sur-plan-eau-80x45.jpg 80w, https:\/\/assets.lightsourcebp.staging.1int.co.uk\/app\/uploads\/2023\/09\/19170503\/Lightsource-bp-ferme-solaire-sur-plan-eau-150x84.jpg 150w, https:\/\/assets.lightsourcebp.staging.1int.co.uk\/app\/uploads\/2023\/09\/19170503\/Lightsource-bp-ferme-solaire-sur-plan-eau-450x253.jpg 450w\" sizes=\"100vw\"><img loading=\"lazy\" decoding=\"async\" src=\"https:\/\/assets.lightsourcebp.staging.1int.co.uk\/app\/uploads\/2023\/09\/19170503\/Lightsource-bp-ferme-solaire-sur-plan-eau.jpg\" alt=\"\" width=\"624\" height=\"351\" class=\"d-flex max-w-100 w-100 h-auto mx-auto fit-cover rounded-10px\"><\/picture>\n                  <\/div>\n                                                                          <\/div>\n                  <\/div>\n      <\/div>\n    <\/div>\n\n  <div class=\"pt-0 pt-lg-30\"><\/div>\n  <\/section>\n\n\n<section class=\"fifty-fifty align block_acf-block-66857a6519c42 block bg-color-white position-relative z-1 overflow-hidden\">\n        <div class=\"pt-60 pt-lg-100\"><\/div>\n\n    \n    <div class=\"fifty-fifty__row\">\n      <div class=\"container \">\n        <div class=\"row align-items-center\">\n                      <div class=\"col-12 col-lg-6 col-xl-6 align-self-center fifty-left d-flex flex-column order-2 order-lg-1\">\n                                                                                                                <div class=\"flex flex-column w-100 mb-30 fifty-fifty__image\">\n                    <picture><source srcset=\"https:\/\/assets.lightsourcebp.staging.1int.co.uk\/app\/uploads\/2023\/09\/19170552\/Lightsource-bp-ferme-solaire-impact-solar-1.jpg 624w, https:\/\/assets.lightsourcebp.staging.1int.co.uk\/app\/uploads\/2023\/09\/19170552\/Lightsource-bp-ferme-solaire-impact-solar-1-300x169.jpg 300w, https:\/\/assets.lightsourcebp.staging.1int.co.uk\/app\/uploads\/2023\/09\/19170552\/Lightsource-bp-ferme-solaire-impact-solar-1-80x45.jpg 80w, https:\/\/assets.lightsourcebp.staging.1int.co.uk\/app\/uploads\/2023\/09\/19170552\/Lightsource-bp-ferme-solaire-impact-solar-1-150x84.jpg 150w, https:\/\/assets.lightsourcebp.staging.1int.co.uk\/app\/uploads\/2023\/09\/19170552\/Lightsource-bp-ferme-solaire-impact-solar-1-450x253.jpg 450w\" sizes=\"100vw\"><img loading=\"lazy\" decoding=\"async\" src=\"https:\/\/assets.lightsourcebp.staging.1int.co.uk\/app\/uploads\/2023\/09\/19170552\/Lightsource-bp-ferme-solaire-impact-solar-1.jpg\" alt=\"\" width=\"624\" height=\"351\" class=\"d-flex max-w-100 w-100 h-auto mx-auto fit-cover rounded-10px\"><\/picture>\n                  <\/div>\n                                                          <\/div>\n                                <div class=\"col-12 col-lg-6 col-xl-5 offset-xl-1 align-self-center fifty-right d-flex flex-column mb-lg-0 mt-lg-0 order-1 order-lg-1  mb-15 \">\n                                                                  <h2 class=\"mb-20 \">Un usage multiple du foncier<\/h2>\n                                                                                                                                                                                <div class=\"flex flex-column w-100 line-height-level-6 mb-15 fifty-fifty__text font-size-paragraph-medium  fg-color-navy-text \">\n\n                    <p>Qu\u2019il s\u2019agisse de valoriser des terrains industriels ou agricoles, nos installations solaires sont adapt\u00e9es \u00e0 de nombreux usages. Dans nos projets agrivolta\u00efques par exemple, nos panneaux n\u2019occupent que 40 % de la surface agricole utile, tout en produisant de l\u2019\u00e9lectricit\u00e9 verte avec la priorit\u00e9 toujours donn\u00e9e \u00e0 l\u2019exploitation agricole. Les bovins, ovins et caprins disposent ainsi de suffisamment d\u2019espace pour brouter \u00e0 leur guise\u2026 et \u00e0 l\u2019ombre. En somme, nos projets agrivolta\u00efques permettent de multiplier les usages du foncier.<\/p>\n\n                  <\/div>\n                                                                                                                                                                                                  <div class=\"d-inline-flex w-100 button-container mb-15\">\n                    <a class=\"button button--gradient my-0 mr-auto\" href=\"https:\/\/lightsourcebp.staging.1int.co.uk\/fr\/partenariats\/location-terre-agricole-panneaux-photovoltaiques\/\" target=\"_self\"><span>Louer son terrain<\/span> <svg xmlns=\"http:\/\/www.w3.org\/2000\/svg\" width=\"8\" height=\"14\" fill=\"none\"><path stroke=\"currentColor\" stroke-linecap=\"round\" stroke-linejoin=\"round\" stroke-width=\"2\" d=\"m1 13 6-6-6-6\"\/><\/svg><\/a>\n                  <\/div>\n                                                                                                          <\/div>\n                  <\/div>\n      <\/div>\n    <\/div>\n\n  <div class=\"pt-30 pt-lg-100\"><\/div>\n  <\/section>\n\n\n<section class=\"fifty-fifty align block_acf-block-6687d5155aaf5 block bg-color-orange-3-percent position-relative z-1 overflow-hidden\">\n        <div class=\"pt-60 pt-lg-100\"><\/div>\n\n    \n    <div class=\"fifty-fifty__row\">\n      <div class=\"container \">\n        <div class=\"row align-items-center\">\n                      <div class=\"col-12 col-lg-6 align-self-center fifty-left d-flex flex-column order-2 order-lg-1\">\n                                                                  <h2 class=\"mb-20 \">Au plus pr\u00e8s des territoires<\/h2>\n                                                                                                                                                                <div class=\"flex flex-column w-100 line-height-level-6 mb-15 fifty-fifty__text font-size-paragraph-medium  fg-color-navy-text \">\n                    <p>Nos installations solaires ont une dur\u00e9e de vie moyenne de 40 ans. Chez Lightsource bp, nous pla\u00e7ons donc la pr\u00e9servation des espaces naturels et des terres agricoles au c\u0153ur de nos enjeux et nouons des partenariats durables avec les propri\u00e9taires fonciers et les acteurs locaux.<\/p>\n<p>Concertation avec nos parties prenantes, int\u00e9gration paysag\u00e8re, am\u00e9lioration de la biodiversit\u00e9 et partage de la valeur cr\u00e9\u00e9e sont des axes de travail que nous d\u00e9fendons pour chaque projet. Et nous faisons en sorte que ces projets deviennent la fiert\u00e9 des territoires.<\/p>\n\n                  <\/div>\n                                                                                                                                                                                  <div class=\"d-inline-flex w-100 button-container mb-15\">\n                    <a class=\"button button--gradient my-0 mr-auto\" href=\"https:\/\/lightsourcebp.staging.1int.co.uk\/fr\/partenariats\/approche-360\/\" target=\"_self\"><span>Notre approche<\/span> <svg xmlns=\"http:\/\/www.w3.org\/2000\/svg\" width=\"8\" height=\"14\" fill=\"none\"><path stroke=\"currentColor\" stroke-linecap=\"round\" stroke-linejoin=\"round\" stroke-width=\"2\" d=\"m1 13 6-6-6-6\"\/><\/svg><\/a>\n                  <\/div>\n                                                                                          <\/div>\n                                <div class=\"col-12 col-lg-6 align-self-center fifty-right d-flex flex-column mb-lg-0 mt-lg-0 order-3 order-lg-1  mt-15 \">\n                                                                                                                <div class=\"flex flex-column w-100 mb-30 fifty-fifty__image\">\n                    <picture><source srcset=\"https:\/\/assets.lightsourcebp.staging.1int.co.uk\/app\/uploads\/2023\/09\/19170638\/Lightsource-bp-ferme-solaire-manor-farm-solar-1.jpg 624w, https:\/\/assets.lightsourcebp.staging.1int.co.uk\/app\/uploads\/2023\/09\/19170638\/Lightsource-bp-ferme-solaire-manor-farm-solar-1-300x169.jpg 300w, https:\/\/assets.lightsourcebp.staging.1int.co.uk\/app\/uploads\/2023\/09\/19170638\/Lightsource-bp-ferme-solaire-manor-farm-solar-1-80x45.jpg 80w, https:\/\/assets.lightsourcebp.staging.1int.co.uk\/app\/uploads\/2023\/09\/19170638\/Lightsource-bp-ferme-solaire-manor-farm-solar-1-150x84.jpg 150w, https:\/\/assets.lightsourcebp.staging.1int.co.uk\/app\/uploads\/2023\/09\/19170638\/Lightsource-bp-ferme-solaire-manor-farm-solar-1-450x253.jpg 450w\" sizes=\"100vw\"><img loading=\"lazy\" decoding=\"async\" src=\"https:\/\/assets.lightsourcebp.staging.1int.co.uk\/app\/uploads\/2023\/09\/19170638\/Lightsource-bp-ferme-solaire-manor-farm-solar-1.jpg\" alt=\"\" width=\"624\" height=\"351\" class=\"d-flex max-w-100 w-100 h-auto mx-auto fit-cover rounded-10px\"><\/picture>\n                  <\/div>\n                                                                          <\/div>\n                  <\/div>\n      <\/div>\n    <\/div>\n\n  <div class=\"pt-60 pt-lg-100\"><\/div>\n  <\/section>\n","protected":false},"excerpt":{"rendered":"","protected":false},"author":40,"featured_media":0,"parent":311271,"menu_order":0,"comment_status":"closed","ping_status":"closed","template":"","meta":{"_acf_changed":false,"inline_featured_image":false,"footnotes":""},"class_list":["post-313886","page","type-page","status-publish","hentry"],"acf":[],"aioseo_notices":[],"_links":{"self":[{"href":"https:\/\/lightsourcebp.staging.1int.co.uk\/fr\/wp-json\/wp\/v2\/pages\/313886","targetHints":{"allow":["GET"]}}],"collection":[{"href":"https:\/\/lightsourcebp.staging.1int.co.uk\/fr\/wp-json\/wp\/v2\/pages"}],"about":[{"href":"https:\/\/lightsourcebp.staging.1int.co.uk\/fr\/wp-json\/wp\/v2\/types\/page"}],"author":[{"embeddable":true,"href":"https:\/\/lightsourcebp.staging.1int.co.uk\/fr\/wp-json\/wp\/v2\/users\/40"}],"replies":[{"embeddable":true,"href":"https:\/\/lightsourcebp.staging.1int.co.uk\/fr\/wp-json\/wp\/v2\/comments?post=313886"}],"version-history":[{"count":56,"href":"https:\/\/lightsourcebp.staging.1int.co.uk\/fr\/wp-json\/wp\/v2\/pages\/313886\/revisions"}],"predecessor-version":[{"id":444992,"href":"https:\/\/lightsourcebp.staging.1int.co.uk\/fr\/wp-json\/wp\/v2\/pages\/313886\/revisions\/444992"}],"up":[{"embeddable":true,"href":"https:\/\/lightsourcebp.staging.1int.co.uk\/fr\/wp-json\/wp\/v2\/pages\/311271"}],"wp:attachment":[{"href":"https:\/\/lightsourcebp.staging.1int.co.uk\/fr\/wp-json\/wp\/v2\/media?parent=313886"}],"curies":[{"name":"wp","href":"https:\/\/api.w.org\/{rel}","templated":true}]}}