{"id":313928,"date":"2023-09-26T08:56:25","date_gmt":"2023-09-26T08:56:25","guid":{"rendered":"https:\/\/lightsourcebp.staging.1int.co.uk\/?page_id=313928"},"modified":"2025-03-19T12:01:56","modified_gmt":"2025-03-19T12:01:56","slug":"approche-360","status":"publish","type":"page","link":"https:\/\/lightsourcebp.staging.1int.co.uk\/fr\/approche-360\/","title":{"rendered":"Notre approche \u00e0 360\u00b0"},"content":{"rendered":"<section class=\"block-page-title bg-color-white\">\n  <div class=\"pt-60 pt-lg-100\"><\/div>\n\n  <div class=\"container\">\n    <div class=\"row\">\n      <div class=\"col-12\">\n                <h1 class=\"fg-color-gradient\">Notre approche \u00e0 360\u00b0 des projets renouvelables<\/h1>\n      <\/div>\n    <\/div>\n  <\/div>\n\n  <div class=\"pt-60 pt-lg-100\"><\/div>\n<\/section>\n  \n\n\n<section class=\"banner-single position-relative\">\n  <div class=\"container-fluid\">\n    <div class=\"row\">\n      <div class=\"col-12 px-0\">\n                <div class=\"position-relative w-100 h-100 aspect-ratio-banner object-fit-cover\">\n          <picture>\n                    <source srcset=\"https:\/\/assets.lightsourcebp.staging.1int.co.uk\/app\/uploads\/2023\/09\/19171103\/Lightsource-bp-panneaux-solaire-arc-en-ciel-450x174.jpg, https:\/\/assets.lightsourcebp.staging.1int.co.uk\/app\/uploads\/2023\/09\/19171103\/Lightsource-bp-panneaux-solaire-arc-en-ciel-1000x387.jpg 2x\"\n                          media=\"(max-width: 575px)\">\n                    <source srcset=\"https:\/\/assets.lightsourcebp.staging.1int.co.uk\/app\/uploads\/2023\/09\/19171103\/Lightsource-bp-panneaux-solaire-arc-en-ciel-1000x387.jpg, https:\/\/assets.lightsourcebp.staging.1int.co.uk\/app\/uploads\/2023\/09\/19171103\/Lightsource-bp-panneaux-solaire-arc-en-ciel.jpg 2x\"\n                          media=\"(min-width: 576px) and (max-width: 991px)\">\n                    <source srcset=\"https:\/\/assets.lightsourcebp.staging.1int.co.uk\/app\/uploads\/2023\/09\/19171103\/Lightsource-bp-panneaux-solaire-arc-en-ciel.jpg, https:\/\/assets.lightsourcebp.staging.1int.co.uk\/app\/uploads\/2023\/09\/19171103\/Lightsource-bp-panneaux-solaire-arc-en-ciel.jpg 2x\"\n                          media=\"(min-width: 992px)\">\n                    <img loading=\"lazy\" decoding=\"async\" src=\"https:\/\/assets.lightsourcebp.staging.1int.co.uk\/app\/uploads\/2023\/09\/19171103\/Lightsource-bp-panneaux-solaire-arc-en-ciel.jpg\" alt=\"\"\n                       srcset=\"https:\/\/assets.lightsourcebp.staging.1int.co.uk\/app\/uploads\/2023\/09\/19171103\/Lightsource-bp-panneaux-solaire-arc-en-ciel.jpg 2x\"\n                       sizes=\"auto, 100vw\"\n                       class=\"position-absolute w-100 h-100 left-0 top-0 object-fit-cover\"\n                       width=\"1540\"\n                       height=\"596\">\n                <\/picture>\n        <\/div>\n              <\/div>\n    <\/div>\n  <\/div>\n<\/section>\n\n\n<section class=\"fifty-fifty align block_acf-block-67292b7be3ee0 block bg-color-white position-relative z-1 overflow-hidden\">\n        <div class=\"pt-60 pt-lg-100\"><\/div>\n\n    \n    <div class=\"fifty-fifty__row\">\n      <div class=\"container \">\n        <div class=\"row align-items-center\">\n                      <div class=\"col-12 col-lg-6 col-xl-5 align-self-center fifty-left d-flex flex-column order-2 order-lg-1\">\n                                                                    <span class=\"font-size-navigation font-weight-semi-bold mb-15 text-transform-uppercase letter-spacing-title fg-color-gradient\">Focus sur les projets solaires<\/span>\n                                    <h2 class=\"mb-20 \">Un accompagnement sur toutes les phases de votre projet<\/h2>\n                                                                                                                                                                <div class=\"flex flex-column w-100 line-height-level-6 mb-15 fifty-fifty__text font-size-paragraph-medium  fg-color-navy-text \">\n                    <p>De la signature du bail \u00e0 l\u2019obtention du permis, de la construction de la ferme solaire \u00e0 son exploitation, sa maintenance et son d\u00e9mant\u00e8lement : nous accompagnons nos partenaires sur toutes les \u00e9tapes de leur projet solaire pour choisir ensemble les installations les mieux adapt\u00e9es \u00e0 leurs besoins. Notre volont\u00e9\u2009? Leur offrir un service cl\u00e9 en main avec une solution 100 % r\u00e9versibles\u2009!<\/p>\n\n                  <\/div>\n                                                                                                                                                                                  <div class=\"d-inline-flex w-100 button-container mb-15\">\n                    <a class=\"button button--gradient my-0 mr-auto\" href=\"https:\/\/lightsourcebp.staging.1int.co.uk\/fr\/partenariats\/location-terre-agricole-panneaux-photovoltaiques\/\" target=\"_self\"><span>Louer son terrain<\/span> <svg xmlns=\"http:\/\/www.w3.org\/2000\/svg\" width=\"8\" height=\"14\" fill=\"none\"><path stroke=\"currentColor\" stroke-linecap=\"round\" stroke-linejoin=\"round\" stroke-width=\"2\" d=\"m1 13 6-6-6-6\"\/><\/svg><\/a>\n                  <\/div>\n                                                                                          <\/div>\n                                <div class=\"col-12 col-lg-6 col-xl-6 offset-xl-1 align-self-center fifty-right d-flex flex-column mb-lg-0 mt-lg-0 order-3 order-lg-1  mt-15 \">\n                                                                                                                <div class=\"flex flex-column w-100 mb-30 fifty-fifty__image\">\n                    <picture><source srcset=\"https:\/\/assets.lightsourcebp.staging.1int.co.uk\/app\/uploads\/2023\/09\/19171230\/Lightsource-bp-ferme-solaire-manor-farm-solar-maintenance.jpg 624w, https:\/\/assets.lightsourcebp.staging.1int.co.uk\/app\/uploads\/2023\/09\/19171230\/Lightsource-bp-ferme-solaire-manor-farm-solar-maintenance-300x169.jpg 300w, https:\/\/assets.lightsourcebp.staging.1int.co.uk\/app\/uploads\/2023\/09\/19171230\/Lightsource-bp-ferme-solaire-manor-farm-solar-maintenance-80x45.jpg 80w, https:\/\/assets.lightsourcebp.staging.1int.co.uk\/app\/uploads\/2023\/09\/19171230\/Lightsource-bp-ferme-solaire-manor-farm-solar-maintenance-150x84.jpg 150w, https:\/\/assets.lightsourcebp.staging.1int.co.uk\/app\/uploads\/2023\/09\/19171230\/Lightsource-bp-ferme-solaire-manor-farm-solar-maintenance-450x253.jpg 450w\" sizes=\"100vw\"><img loading=\"lazy\" decoding=\"async\" src=\"https:\/\/assets.lightsourcebp.staging.1int.co.uk\/app\/uploads\/2023\/09\/19171230\/Lightsource-bp-ferme-solaire-manor-farm-solar-maintenance.jpg\" alt=\"\" width=\"624\" height=\"351\" class=\"d-flex max-w-100 w-100 h-auto mx-auto fit-cover rounded-10px\"><\/picture>\n                  <\/div>\n                                                                          <\/div>\n                  <\/div>\n      <\/div>\n    <\/div>\n\n  <div class=\"pt-60 pt-lg-100\"><\/div>\n  <\/section>\n\n\n<section class=\"fifty-fifty align block_acf-block-67292b7be4368 block bg-color-orange-3-percent position-relative z-1 overflow-hidden\">\n        <div class=\"pt-60 pt-lg-100\"><\/div>\n\n          <img decoding=\"async\" class=\"position-absolute top-n20 right-n125 right-sm-n80 right-md-n45 right-xl-n32 rotate-230 -z-1\" src=\"https:\/\/lightsourcebp.staging.1int.co.uk\/app\/themes\/lightsourcebp-theme\/dist\/images\/global\/background-swirls_935dfcd0.png\" alt=\"\" \/>\n    \n    <div class=\"fifty-fifty__row\">\n      <div class=\"container \">\n        <div class=\"row align-items-center\">\n                      <div class=\"col-12 col-lg-6 col-xl-7 align-self-center fifty-left d-flex flex-column order-2 order-lg-1\">\n                                                                    <span class=\"font-size-navigation font-weight-semi-bold mb-15 text-transform-uppercase letter-spacing-title fg-color-gradient\">Les diff\u00e9rentes \u00e9tapes d&#8217;un projet solaire<\/span>\n                                    <h2 class=\"mb-20 \">Un projet cl\u00e9 en main<\/h2>\n                                                                                                                                                                <div class=\"flex flex-column w-100 line-height-level-6 mb-15 fifty-fifty__text font-size-paragraph-medium  fg-color-navy-text \">\n                    <p>Un projet photovolta\u00efque, c\u2019est d\u2019abord la rencontre avec un partenaire d\u00e9sireux de produire de l\u2019\u00e9lectricit\u00e9 en compl\u00e9ment de son activit\u00e9. <\/p>\n<p>D\u00e9couvrez dans cette infographie les diff\u00e9rentes \u00e9tapes de la mise en \u0153uvre d\u2019un projet solaire.<\/p>\n\n                  <\/div>\n                                                                                                          <\/div>\n                            <\/div>\n      <\/div>\n    <\/div>\n\n  <div class=\"pt-0 pt-lg-0\"><\/div>\n    <\/section>\n\n\n<section class=\"text align block_acf-block-668437f347344 block bg-color-orange-3-percent position-relative z-1 overflow-hidden\">\n    <div class=\"pt-60 pt-lg-100\"><\/div>\n\n  \n  <div class=\"container \">\n    <div class=\"row\">\n      <div class=\"col-12\">\n        <span class=\"rich-text standard-text fg-color-navy\">\n          <p><img decoding=\"async\" class=\"alignnone\" src=\"https:\/\/assets.lightsourcebp.staging.1int.co.uk\/app\/uploads\/2024\/07\/02122239\/Etapes_Projet_transparent.png\" alt=\"\" style=\"width:100%;\" \/><\/p>\n\n        <\/span>\n      <\/div>\n    <\/div>\n  <\/div>\n\n  <div class=\"pt-60 pt-lg-100\"><\/div>\n<\/section>\n\n\n<section class=\"fifty-fifty align block_acf-block-6729d444c4721 block bg-color-white position-relative z-1 overflow-hidden\">\n        <div class=\"pt-60 pt-lg-100\"><\/div>\n\n    \n    <div class=\"fifty-fifty__row\">\n      <div class=\"container \">\n        <div class=\"row align-items-center\">\n                      <div class=\"col-12 col-lg-6 col-xl-6 align-self-center fifty-left d-flex flex-column order-2 order-lg-1\">\n                                                                  <h2 class=\"mb-20 \">Une entreprise internationale, un acteur local<\/h2>\n                                                                                                                                                                <div class=\"flex flex-column w-100 line-height-level-6 mb-15 fifty-fifty__text font-size-paragraph-medium  fg-color-navy-text \">\n                    <p>Chez Lightsource bp, nous nourrissons une forte conviction : mener \u00e0 bien un projet renouvelable onshore n\u00e9cessite de travailler en \u00e9troite collaboration avec nos parties prenantes, nos partenaires et d\u2019\u00eatre au plus pr\u00e8s des territoires. Avec nos \u00e9quipes aux six coins de l\u2019Hexagone, nous sommes au plus pr\u00e8s des besoins locaux pour construire des projets renouvelables en concertation avec les collectivit\u00e9s et les communaut\u00e9s d\u2019agriculteurs exploitants.<\/p>\n\n                  <\/div>\n                                                                                                                                                                                  <div class=\"d-inline-flex w-100 button-container mb-15\">\n                    <a class=\"button button--gradient my-0 mr-auto\" href=\"https:\/\/lightsourcebp.staging.1int.co.uk\/fr\/a-propos\/\" target=\"_self\"><span>Qui nous sommes<\/span> <svg xmlns=\"http:\/\/www.w3.org\/2000\/svg\" width=\"8\" height=\"14\" fill=\"none\"><path stroke=\"currentColor\" stroke-linecap=\"round\" stroke-linejoin=\"round\" stroke-width=\"2\" d=\"m1 13 6-6-6-6\"\/><\/svg><\/a>\n                  <\/div>\n                                                                                          <\/div>\n                                <div class=\"col-12 col-lg-6 col-xl-5 offset-xl-1 align-self-center fifty-right d-flex flex-column mb-lg-0 mt-lg-0 order-3 order-lg-1  mt-15 \">\n                                                                                                                <div class=\"flex flex-column w-100 mb-30 fifty-fifty__image\">\n                    <picture><source srcset=\"https:\/\/assets.lightsourcebp.staging.1int.co.uk\/app\/uploads\/2023\/09\/19171346\/accord-foncier-e1730794556331.jpg 623w, https:\/\/assets.lightsourcebp.staging.1int.co.uk\/app\/uploads\/2023\/09\/19171346\/accord-foncier-e1730794556331-227x300.jpg 227w, https:\/\/assets.lightsourcebp.staging.1int.co.uk\/app\/uploads\/2023\/09\/19171346\/accord-foncier-e1730794556331-80x106.jpg 80w, https:\/\/assets.lightsourcebp.staging.1int.co.uk\/app\/uploads\/2023\/09\/19171346\/accord-foncier-e1730794556331-150x198.jpg 150w, https:\/\/assets.lightsourcebp.staging.1int.co.uk\/app\/uploads\/2023\/09\/19171346\/accord-foncier-e1730794556331-300x396.jpg 300w, https:\/\/assets.lightsourcebp.staging.1int.co.uk\/app\/uploads\/2023\/09\/19171346\/accord-foncier-e1730794556331-450x594.jpg 450w\" sizes=\"100vw\"><img loading=\"lazy\" decoding=\"async\" src=\"https:\/\/assets.lightsourcebp.staging.1int.co.uk\/app\/uploads\/2023\/09\/19171346\/accord-foncier-e1730794556331.jpg\" alt=\"\" width=\"623\" height=\"822\" class=\"d-flex max-w-100 w-100 h-auto mx-auto fit-cover rounded-10px\"><\/picture>\n                  <\/div>\n                                                                          <\/div>\n                  <\/div>\n      <\/div>\n    <\/div>\n\n  <div class=\"pt-30 pt-lg-100\"><\/div>\n  <\/section>\n\n\n<section class=\"operating-model align block_acf-block-67dab2318a770 block bg-color-gradient-navy position-relative z-1 overflow-hidden\">\n  <div class=\"pt-60 pt-lg-100\"><\/div>\n\n  <div class=\"container\">\n    <div class=\"row mb-30 mb-lg-50\">\n      <div class=\"col-12 col-md-7 mx-auto text-center\">\n        <h2 class=\"fg-color-white mb-10\">L\u2019approche Lightsource bp<\/h2>\n        <p class=\"fg-color-navy-light line-height-level-5 font-size-paragraph-large\">Nous fournissons \u00e0 nos clients une solution compl\u00e8te pour leurs projets renouvelables. Notre mod\u00e8le d\u2019exploitation repose sur nos valeurs fondamentales. Il est soutenu par notre agilit\u00e9 et notre capacit\u00e9 d\u2019innovation et encadr\u00e9 par nos fonctions corporate.<\/p>\n      <\/div>\n    <\/div>\n    <div class=\"row mb-30 mb-lg-50\">\n      <div class=\"col-12 col-md-3 align-self-center mb-30 mb-md-0\">\n        <span class=\"d-block fg-color-navy-light text-center rich-text--small w-lg-90\"><p><strong>Nos forces :<\/strong><\/p>\n<p>Pr\u00e9sence internationale et capacit\u00e9 d\u2019achat, capacit\u00e9 de financement, performances dans l\u2019ex\u00e9cution de projet, investissement dans la recherche et l\u2019innovation.<\/p>\n<\/span>\n      <\/div>\n      <div class=\"col-12 col-md-6 align-self-center mb-30 mb-md-0\">\n        <picture><source srcset=\"https:\/\/assets.lightsourcebp.staging.1int.co.uk\/app\/uploads\/2024\/11\/21084236\/Lightsource-bp_Approche-360-projets-renouvelables-2.png 800w, https:\/\/assets.lightsourcebp.staging.1int.co.uk\/app\/uploads\/2024\/11\/21084236\/Lightsource-bp_Approche-360-projets-renouvelables-2-300x135.png 300w, https:\/\/assets.lightsourcebp.staging.1int.co.uk\/app\/uploads\/2024\/11\/21084236\/Lightsource-bp_Approche-360-projets-renouvelables-2-80x36.png 80w, https:\/\/assets.lightsourcebp.staging.1int.co.uk\/app\/uploads\/2024\/11\/21084236\/Lightsource-bp_Approche-360-projets-renouvelables-2-150x68.png 150w, https:\/\/assets.lightsourcebp.staging.1int.co.uk\/app\/uploads\/2024\/11\/21084236\/Lightsource-bp_Approche-360-projets-renouvelables-2-450x203.png 450w, https:\/\/assets.lightsourcebp.staging.1int.co.uk\/app\/uploads\/2024\/11\/21084236\/Lightsource-bp_Approche-360-projets-renouvelables-2-767x346.png 767w\" sizes=\"\"><img loading=\"lazy\" decoding=\"async\" src=\"https:\/\/assets.lightsourcebp.staging.1int.co.uk\/app\/uploads\/2024\/11\/21084236\/Lightsource-bp_Approche-360-projets-renouvelables-2.png\" alt=\"\" width=\"800\" height=\"361\" class=\"d-flex w-100 h-auto\"><\/picture>\n      <\/div>\n      <div class=\"col-12 col-md-3 align-self-center mb-30 mb-md-0\">\n        <span class=\"d-block fg-color-navy-light text-center rich-text--small w-lg-90\"><p><strong>Fond\u00e9es sur nos valeurs :<\/strong><\/p>\n<p>S\u00e9curit\u00e9, Int\u00e9grit\u00e9, Respect, Durabilit\u00e9, Volont\u00e9.<\/p>\n<\/span>\n      <\/div>\n    <\/div>\n     <div class=\"row\">\n          <\/div>\n  <\/div>\n\n  <img decoding=\"async\" class=\"position-absolute bottom-0 bottom-lg-n8 left-lg-18 left-0 -z-1 w-100 w-lg-80 left-0\" src=\"https:\/\/lightsourcebp.staging.1int.co.uk\/app\/themes\/lightsourcebp-theme\/dist\/images\/global\/background-swirls-alt-red_935dfcd0.png\" alt=\"\" \/>\n  <div class=\"pt-60 pt-lg-100\"><\/div>\n<\/section>\n","protected":false},"excerpt":{"rendered":"","protected":false},"author":40,"featured_media":0,"parent":0,"menu_order":0,"comment_status":"closed","ping_status":"closed","template":"","meta":{"_acf_changed":false,"inline_featured_image":false,"footnotes":""},"class_list":["post-313928","page","type-page","status-publish","hentry"],"acf":[],"aioseo_notices":[],"_links":{"self":[{"href":"https:\/\/lightsourcebp.staging.1int.co.uk\/fr\/wp-json\/wp\/v2\/pages\/313928","targetHints":{"allow":["GET"]}}],"collection":[{"href":"https:\/\/lightsourcebp.staging.1int.co.uk\/fr\/wp-json\/wp\/v2\/pages"}],"about":[{"href":"https:\/\/lightsourcebp.staging.1int.co.uk\/fr\/wp-json\/wp\/v2\/types\/page"}],"author":[{"embeddable":true,"href":"https:\/\/lightsourcebp.staging.1int.co.uk\/fr\/wp-json\/wp\/v2\/users\/40"}],"replies":[{"embeddable":true,"href":"https:\/\/lightsourcebp.staging.1int.co.uk\/fr\/wp-json\/wp\/v2\/comments?post=313928"}],"version-history":[{"count":74,"href":"https:\/\/lightsourcebp.staging.1int.co.uk\/fr\/wp-json\/wp\/v2\/pages\/313928\/revisions"}],"predecessor-version":[{"id":445249,"href":"https:\/\/lightsourcebp.staging.1int.co.uk\/fr\/wp-json\/wp\/v2\/pages\/313928\/revisions\/445249"}],"wp:attachment":[{"href":"https:\/\/lightsourcebp.staging.1int.co.uk\/fr\/wp-json\/wp\/v2\/media?parent=313928"}],"curies":[{"name":"wp","href":"https:\/\/api.w.org\/{rel}","templated":true}]}}