{"id":315088,"date":"2023-09-26T08:04:40","date_gmt":"2023-09-26T08:04:40","guid":{"rendered":"https:\/\/lightsourcebp.staging.1int.co.uk\/?page_id=315088"},"modified":"2024-11-05T09:01:09","modified_gmt":"2024-11-05T09:01:09","slug":"collectivites-neutralite-carbone","status":"publish","type":"page","link":"https:\/\/lightsourcebp.staging.1int.co.uk\/fr\/approche-360\/collectivites-neutralite-carbone\/","title":{"rendered":"Collectivit\u00e9s"},"content":{"rendered":"<section class=\"block-page-title bg-color-white\">\n  <div class=\"pt-60 pt-lg-100\"><\/div>\n\n  <div class=\"container\">\n    <div class=\"row\">\n      <div class=\"col-12\">\n                <h1 class=\"fg-color-gradient\">Collectivit\u00e9s : atteindre la neutralit\u00e9 carbone gr\u00e2ce aux renouvelables<\/h1>\n      <\/div>\n    <\/div>\n  <\/div>\n\n  <div class=\"pt-60 pt-lg-100\"><\/div>\n<\/section>\n  \n\n\n<section class=\"banner-single position-relative\">\n  <div class=\"container-fluid\">\n    <div class=\"row\">\n      <div class=\"col-12 px-0\">\n                <div class=\"position-relative w-100 h-100 aspect-ratio-banner object-fit-cover\">\n          <picture>\n                    <source srcset=\"https:\/\/assets.lightsourcebp.staging.1int.co.uk\/app\/uploads\/2023\/09\/19194246\/panneaux-solaires-autoroute-450x174.jpg, https:\/\/assets.lightsourcebp.staging.1int.co.uk\/app\/uploads\/2023\/09\/19194246\/panneaux-solaires-autoroute-1000x387.jpg 2x\"\n                          media=\"(max-width: 575px)\">\n                    <source srcset=\"https:\/\/assets.lightsourcebp.staging.1int.co.uk\/app\/uploads\/2023\/09\/19194246\/panneaux-solaires-autoroute-1000x387.jpg, https:\/\/assets.lightsourcebp.staging.1int.co.uk\/app\/uploads\/2023\/09\/19194246\/panneaux-solaires-autoroute.jpg 2x\"\n                          media=\"(min-width: 576px) and (max-width: 991px)\">\n                    <source srcset=\"https:\/\/assets.lightsourcebp.staging.1int.co.uk\/app\/uploads\/2023\/09\/19194246\/panneaux-solaires-autoroute.jpg, https:\/\/assets.lightsourcebp.staging.1int.co.uk\/app\/uploads\/2023\/09\/19194246\/panneaux-solaires-autoroute.jpg 2x\"\n                          media=\"(min-width: 992px)\">\n                    <img loading=\"lazy\" decoding=\"async\" src=\"https:\/\/assets.lightsourcebp.staging.1int.co.uk\/app\/uploads\/2023\/09\/19194246\/panneaux-solaires-autoroute.jpg\" alt=\"\"\n                       srcset=\"https:\/\/assets.lightsourcebp.staging.1int.co.uk\/app\/uploads\/2023\/09\/19194246\/panneaux-solaires-autoroute.jpg 2x\"\n                       sizes=\"auto, 100vw\"\n                       class=\"position-absolute w-100 h-100 left-0 top-0 object-fit-cover\"\n                       width=\"1540\"\n                       height=\"596\">\n                <\/picture>\n        <\/div>\n              <\/div>\n    <\/div>\n  <\/div>\n<\/section>\n\n\n<section class=\"fifty-fifty align block_acf-block-6687d76e11344 block bg-color-white position-relative z-1 overflow-hidden\">\n        <div class=\"pt-60 pt-lg-100\"><\/div>\n\n    \n    <div class=\"fifty-fifty__row\">\n      <div class=\"container \">\n        <div class=\"row align-items-center\">\n                      <div class=\"col-12 col-lg-6 col-xl-5 align-self-center fifty-left d-flex flex-column order-2 order-lg-1\">\n                                                                  <h2 class=\"mb-20 \">Le solaire, un levier essentiel<\/h2>\n                                                                                                                                                                <div class=\"flex flex-column w-100 line-height-level-6 mb-15 fifty-fifty__text font-size-paragraph-medium  fg-color-navy-text \">\n                    <p>Pour garantir un avenir durable, nous avons besoin d\u2019une \u00e9nergie d\u00e9carbon\u00e9e, fiable et abordable. L\u2019\u00e9nergie solaire a donc toute sa place dans le mix \u00e9nerg\u00e9tique qui permettra de lutter contre le r\u00e9chauffement climatique en r\u00e9duisant nos \u00e9missions de carbone. De plus, gr\u00e2ce \u00e0 l\u2019\u00e9volution constante des technologies, le solaire photovolta\u00efque est d\u00e9sormais rentable en France. Rapide \u00e0 d\u00e9ployer, l\u2019\u00e9nergie solaire est donc id\u00e9ale pour satisfaire les besoins croissants en \u00e9lectricit\u00e9 verte. Ainsi, elle contribue \u00e0 la fois \u00e0 la s\u00e9curit\u00e9 \u00e9nerg\u00e9tique et \u00e0 la neutralit\u00e9 carbone.<\/p>\n\n                  <\/div>\n                                                                                                                                                                                  <div class=\"d-inline-flex w-100 button-container mb-15\">\n                    <a class=\"button button--gradient my-0 mr-auto\" href=\"https:\/\/lightsourcebp.staging.1int.co.uk\/fr\/achat-electricite-bas-carbone\/\" target=\"_self\"><span>Nos solutions<\/span> <svg xmlns=\"http:\/\/www.w3.org\/2000\/svg\" width=\"8\" height=\"14\" fill=\"none\"><path stroke=\"currentColor\" stroke-linecap=\"round\" stroke-linejoin=\"round\" stroke-width=\"2\" d=\"m1 13 6-6-6-6\"\/><\/svg><\/a>\n                  <\/div>\n                                                                                          <\/div>\n                                <div class=\"col-12 col-lg-6 col-xl-6 offset-xl-1 align-self-center fifty-right d-flex flex-column mb-lg-0 mt-lg-0 order-3 order-lg-1  mt-15 \">\n                                                                                                                <div class=\"flex flex-column w-100 mb-30 fifty-fifty__image\">\n                    <picture><source srcset=\"https:\/\/assets.lightsourcebp.staging.1int.co.uk\/app\/uploads\/2023\/09\/19194430\/Lightsource-bp-ferme-solaire-panneaux-PV-1.jpg 624w, https:\/\/assets.lightsourcebp.staging.1int.co.uk\/app\/uploads\/2023\/09\/19194430\/Lightsource-bp-ferme-solaire-panneaux-PV-1-300x169.jpg 300w, https:\/\/assets.lightsourcebp.staging.1int.co.uk\/app\/uploads\/2023\/09\/19194430\/Lightsource-bp-ferme-solaire-panneaux-PV-1-80x45.jpg 80w, https:\/\/assets.lightsourcebp.staging.1int.co.uk\/app\/uploads\/2023\/09\/19194430\/Lightsource-bp-ferme-solaire-panneaux-PV-1-150x84.jpg 150w, https:\/\/assets.lightsourcebp.staging.1int.co.uk\/app\/uploads\/2023\/09\/19194430\/Lightsource-bp-ferme-solaire-panneaux-PV-1-450x253.jpg 450w\" sizes=\"100vw\"><img loading=\"lazy\" decoding=\"async\" src=\"https:\/\/assets.lightsourcebp.staging.1int.co.uk\/app\/uploads\/2023\/09\/19194430\/Lightsource-bp-ferme-solaire-panneaux-PV-1.jpg\" alt=\"\" width=\"624\" height=\"351\" class=\"d-flex max-w-100 w-100 h-auto mx-auto fit-cover rounded-10px\"><\/picture>\n                  <\/div>\n                                                                          <\/div>\n                  <\/div>\n      <\/div>\n    <\/div>\n\n  <div class=\"pt-30 pt-lg-100\"><\/div>\n  <\/section>\n\n\n<section class=\"fifty-fifty align block_acf-block-6729ded40a6ba block bg-color-white position-relative z-1 overflow-hidden\">\n        <div class=\"pt-60 pt-lg-15\"><\/div>\n\n    \n    <div class=\"fifty-fifty__row\">\n      <div class=\"container \">\n        <div class=\"row align-items-center\">\n                      <div class=\"col-12 col-lg-6 col-xl-5 align-self-center fifty-left d-flex flex-column order-2 order-lg-1\">\n                                                                                                                <div class=\"flex flex-column w-100 mb-30 fifty-fifty__image\">\n                    <picture><source srcset=\"https:\/\/assets.lightsourcebp.staging.1int.co.uk\/app\/uploads\/2023\/09\/19194536\/Lightsource-bp-ferme-solaire-Vendimia-solar5.jpg 624w, https:\/\/assets.lightsourcebp.staging.1int.co.uk\/app\/uploads\/2023\/09\/19194536\/Lightsource-bp-ferme-solaire-Vendimia-solar5-200x300.jpg 200w, https:\/\/assets.lightsourcebp.staging.1int.co.uk\/app\/uploads\/2023\/09\/19194536\/Lightsource-bp-ferme-solaire-Vendimia-solar5-80x120.jpg 80w, https:\/\/assets.lightsourcebp.staging.1int.co.uk\/app\/uploads\/2023\/09\/19194536\/Lightsource-bp-ferme-solaire-Vendimia-solar5-150x225.jpg 150w, https:\/\/assets.lightsourcebp.staging.1int.co.uk\/app\/uploads\/2023\/09\/19194536\/Lightsource-bp-ferme-solaire-Vendimia-solar5-300x450.jpg 300w, https:\/\/assets.lightsourcebp.staging.1int.co.uk\/app\/uploads\/2023\/09\/19194536\/Lightsource-bp-ferme-solaire-Vendimia-solar5-450x675.jpg 450w\" sizes=\"100vw\"><img loading=\"lazy\" decoding=\"async\" src=\"https:\/\/assets.lightsourcebp.staging.1int.co.uk\/app\/uploads\/2023\/09\/19194536\/Lightsource-bp-ferme-solaire-Vendimia-solar5.jpg\" alt=\"\" width=\"624\" height=\"936\" class=\"d-flex max-w-100 w-100 h-auto mx-auto fit-cover rounded-10px\"><\/picture>\n                  <\/div>\n                                                          <\/div>\n                                <div class=\"col-12 col-lg-6 col-xl-6 offset-xl-1 align-self-center fifty-right d-flex flex-column mb-lg-0 mt-lg-0 order-1 order-lg-1  mb-15 \">\n                                                                  <h2 class=\"mb-20 \">De nombreux b\u00e9n\u00e9fices pour les collectivit\u00e9s<\/h2>\n                                                                                                                                                                                <div class=\"flex flex-column w-100 line-height-level-6 mb-15 fifty-fifty__text font-size-paragraph-medium  fg-color-navy-text \">\n\n                    <p>La transition vers une \u00e9nergie d\u00e9carbon\u00e9e est l\u2019affaire de tous pour atteindre la neutralit\u00e9 carbone. Chez Lightsource bp, notre volont\u00e9 est de faire \u00e9quipe avec des collectivit\u00e9s et administrations publiques qui partagent nos objectifs et notre raison d\u2019\u00eatre et souhaitent unir leurs forces aux n\u00f4tres avec une ambition : \u00e9crire les pages d\u2019un avenir plus durable gr\u00e2ce \u00e0 des projets dont les b\u00e9n\u00e9fices sont multiples pour les territoires.<\/p>\n<h4>Cr\u00e9ation de valeur locale<\/h4>\n<p>Nos activit\u00e9s sont cr\u00e9atrices de valeur localement en g\u00e9n\u00e9rant des emplois qualifi\u00e9s pour le d\u00e9veloppement, la construction, l\u2019exploitation et la maintenance des installations photovolta\u00efques, pendant toute leur dur\u00e9e de vie, soit plus de quarante ans en moyenne. En somme, nos projets peuvent g\u00e9n\u00e9rer de la croissance \u00e9conomique \u00e0 l\u2019\u00e9chelle locale, tout en participant au d\u00e9veloppement des comp\u00e9tences de la population active et en dynamisant le march\u00e9 de l\u2019emploi.<\/p>\n<h4>Des retomb\u00e9es fiscales avantageuses<\/h4>\n<p>Cotisation fonci\u00e8re des entreprises, taxe fonci\u00e8re sur les propri\u00e9t\u00e9s b\u00e2ties, imp\u00f4t forfaitaire sur les entreprises de r\u00e9seaux : nos projets contribuent \u00e0 g\u00e9n\u00e9rer d\u2019importantes retomb\u00e9es fiscales pour les collectivit\u00e9s. Ces taxes permettent en retour de financer les services publics qui profitent au plus grand nombre.<\/p>\n<h4>Dispositifs de partage de la valeur<\/h4>\n<p>Pour mieux r\u00e9partir la valeur cr\u00e9\u00e9e par nos projets, nous lan\u00e7ons syst\u00e9matiquement des campagnes de financement participatif aupr\u00e8s des citoyens via les plateformes s\u00e9curis\u00e9es de nos partenaires <a href=\"https:\/\/www.lendosphere.com\" target=\"_blank\" rel=\"noopener\">Lendosphere<\/a> ou <a href=\"https:\/\/www.lumo-france.com\" target=\"_blank\" rel=\"noopener\">Lumo<\/a>. Ainsi, les habitants se voient garantir un placement int\u00e9ressant de l\u2019ordre de 5 % sur une dur\u00e9e d\u2019environ 5 ans.<\/p>\n\n                  <\/div>\n                                                                                                                                                                                                  <div class=\"d-inline-flex w-100 button-container mb-15\">\n                    <a class=\"button button--gradient my-0 mr-auto\" href=\"https:\/\/lightsourcebp.staging.1int.co.uk\/fr\/a-propos\/pouvoir-energie-solaire\/\" target=\"_self\"><span>Le pouvoir des renouvelables<\/span> <svg xmlns=\"http:\/\/www.w3.org\/2000\/svg\" width=\"8\" height=\"14\" fill=\"none\"><path stroke=\"currentColor\" stroke-linecap=\"round\" stroke-linejoin=\"round\" stroke-width=\"2\" d=\"m1 13 6-6-6-6\"\/><\/svg><\/a>\n                  <\/div>\n                                                                                                          <\/div>\n                  <\/div>\n      <\/div>\n    <\/div>\n\n  <div class=\"pt-30 pt-lg-100\"><\/div>\n  <\/section>\n","protected":false},"excerpt":{"rendered":"","protected":false},"author":40,"featured_media":0,"parent":313928,"menu_order":0,"comment_status":"closed","ping_status":"closed","template":"","meta":{"_acf_changed":false,"inline_featured_image":false,"footnotes":""},"class_list":["post-315088","page","type-page","status-publish","hentry"],"acf":[],"aioseo_notices":[],"_links":{"self":[{"href":"https:\/\/lightsourcebp.staging.1int.co.uk\/fr\/wp-json\/wp\/v2\/pages\/315088","targetHints":{"allow":["GET"]}}],"collection":[{"href":"https:\/\/lightsourcebp.staging.1int.co.uk\/fr\/wp-json\/wp\/v2\/pages"}],"about":[{"href":"https:\/\/lightsourcebp.staging.1int.co.uk\/fr\/wp-json\/wp\/v2\/types\/page"}],"author":[{"embeddable":true,"href":"https:\/\/lightsourcebp.staging.1int.co.uk\/fr\/wp-json\/wp\/v2\/users\/40"}],"replies":[{"embeddable":true,"href":"https:\/\/lightsourcebp.staging.1int.co.uk\/fr\/wp-json\/wp\/v2\/comments?post=315088"}],"version-history":[{"count":34,"href":"https:\/\/lightsourcebp.staging.1int.co.uk\/fr\/wp-json\/wp\/v2\/pages\/315088\/revisions"}],"predecessor-version":[{"id":436131,"href":"https:\/\/lightsourcebp.staging.1int.co.uk\/fr\/wp-json\/wp\/v2\/pages\/315088\/revisions\/436131"}],"up":[{"embeddable":true,"href":"https:\/\/lightsourcebp.staging.1int.co.uk\/fr\/wp-json\/wp\/v2\/pages\/313928"}],"wp:attachment":[{"href":"https:\/\/lightsourcebp.staging.1int.co.uk\/fr\/wp-json\/wp\/v2\/media?parent=315088"}],"curies":[{"name":"wp","href":"https:\/\/api.w.org\/{rel}","templated":true}]}}