{"id":315123,"date":"2023-09-26T08:08:10","date_gmt":"2023-09-26T08:08:10","guid":{"rendered":"https:\/\/lightsourcebp.staging.1int.co.uk\/?page_id=315123"},"modified":"2024-11-05T08:20:15","modified_gmt":"2024-11-05T08:20:15","slug":"developpeurs-apporteurs-affaires","status":"publish","type":"page","link":"https:\/\/lightsourcebp.staging.1int.co.uk\/fr\/approche-360\/developpeurs-apporteurs-affaires\/","title":{"rendered":"D\u00e9veloppeurs et apporteurs d&#8217;affaires"},"content":{"rendered":"<section class=\"block-page-title bg-color-white\">\n  <div class=\"pt-60 pt-lg-100\"><\/div>\n\n  <div class=\"container\">\n    <div class=\"row\">\n      <div class=\"col-12\">\n                <h1 class=\"fg-color-gradient\">D\u00e9veloppeurs et apporteurs d\u2019affaires : des partenariats fructueux<\/h1>\n      <\/div>\n    <\/div>\n  <\/div>\n\n  <div class=\"pt-60 pt-lg-100\"><\/div>\n<\/section>\n  \n\n\n<section class=\"banner-single position-relative\">\n  <div class=\"container-fluid\">\n    <div class=\"row\">\n      <div class=\"col-12 px-0\">\n                <div class=\"position-relative w-100 h-100 aspect-ratio-banner object-fit-cover\">\n          <picture>\n                    <source srcset=\"https:\/\/assets.lightsourcebp.staging.1int.co.uk\/app\/uploads\/2021\/05\/27041515\/IL20200626130401-Belfast-International-Airport-Crookeds3367-1920x800-1-450x188.jpg, https:\/\/assets.lightsourcebp.staging.1int.co.uk\/app\/uploads\/2021\/05\/27041515\/IL20200626130401-Belfast-International-Airport-Crookeds3367-1920x800-1-1000x417.jpg 2x\"\n                          media=\"(max-width: 575px)\">\n                    <source srcset=\"https:\/\/assets.lightsourcebp.staging.1int.co.uk\/app\/uploads\/2021\/05\/27041515\/IL20200626130401-Belfast-International-Airport-Crookeds3367-1920x800-1-1000x417.jpg, https:\/\/assets.lightsourcebp.staging.1int.co.uk\/app\/uploads\/2021\/05\/27041515\/IL20200626130401-Belfast-International-Airport-Crookeds3367-1920x800-1.jpg 2x\"\n                          media=\"(min-width: 576px) and (max-width: 991px)\">\n                    <source srcset=\"https:\/\/assets.lightsourcebp.staging.1int.co.uk\/app\/uploads\/2021\/05\/27041515\/IL20200626130401-Belfast-International-Airport-Crookeds3367-1920x800-1.jpg, https:\/\/assets.lightsourcebp.staging.1int.co.uk\/app\/uploads\/2021\/05\/27041515\/IL20200626130401-Belfast-International-Airport-Crookeds3367-1920x800-1.jpg 2x\"\n                          media=\"(min-width: 992px)\">\n                    <img loading=\"lazy\" decoding=\"async\" src=\"https:\/\/assets.lightsourcebp.staging.1int.co.uk\/app\/uploads\/2021\/05\/27041515\/IL20200626130401-Belfast-International-Airport-Crookeds3367-1920x800-1.jpg\" alt=\"Worker with solar panels behind\"\n                       srcset=\"https:\/\/assets.lightsourcebp.staging.1int.co.uk\/app\/uploads\/2021\/05\/27041515\/IL20200626130401-Belfast-International-Airport-Crookeds3367-1920x800-1.jpg 2x\"\n                       sizes=\"auto, 100vw\"\n                       class=\"position-absolute w-100 h-100 left-0 top-0 object-fit-cover\"\n                       width=\"1920\"\n                       height=\"800\">\n                <\/picture>\n        <\/div>\n              <\/div>\n    <\/div>\n  <\/div>\n<\/section>\n\n\n<section class=\"fifty-fifty align block_acf-block-6729d53d2c8ef block bg-color-orange-3-percent position-relative z-1 overflow-hidden\">\n        <div class=\"pt-60 pt-lg-100\"><\/div>\n\n          <img decoding=\"async\" class=\"position-absolute bottom-0 right-10 -z-1\" src=\"https:\/\/lightsourcebp.staging.1int.co.uk\/app\/themes\/lightsourcebp-theme\/dist\/images\/global\/background-swirls_935dfcd0.png\" alt=\"\" \/>\n    \n    <div class=\"fifty-fifty__row\">\n      <div class=\"container \">\n        <div class=\"row align-items-center\">\n                      <div class=\"col-12 col-lg-6 col-xl-5 align-self-center fifty-left d-flex flex-column order-2 order-lg-1\">\n                                                                  <h2 class=\"mb-20 \">Contribuer ensemble \u00e0 l\u2019essor des renouvelables<\/h2>\n                                                                                                                                                                <div class=\"flex flex-column w-100 line-height-level-6 mb-15 fifty-fifty__text font-size-paragraph-medium  fg-color-navy-text \">\n                    <p>D\u00e9veloppeurs et apporteurs d\u2019affaires, investisseurs, partenaires de joint-venture : les partenariats que nous d\u00e9veloppons profitent \u00e9quitablement \u00e0 toutes les parties, qu\u2019il s\u2019agisse de g\u00e9n\u00e9ration de prospects, d\u2019activit\u00e9s de long terme ou de maintenance des sites.<\/p>\n\n                  <\/div>\n                                                                                                                                                                                  <div class=\"d-inline-flex w-100 button-container mb-15\">\n                    <a class=\"button button--gradient my-0 mr-auto\" href=\"https:\/\/lightsourcebp.staging.1int.co.uk\/fr\/nos-solutions\/\" target=\"_self\"><span>Le pouvoir des renouvelables<\/span> <svg xmlns=\"http:\/\/www.w3.org\/2000\/svg\" width=\"8\" height=\"14\" fill=\"none\"><path stroke=\"currentColor\" stroke-linecap=\"round\" stroke-linejoin=\"round\" stroke-width=\"2\" d=\"m1 13 6-6-6-6\"\/><\/svg><\/a>\n                  <\/div>\n                                                                                          <\/div>\n                                <div class=\"col-12 col-lg-6 col-xl-6 offset-xl-1 align-self-center fifty-right d-flex flex-column mb-lg-0 mt-lg-0 order-3 order-lg-1  mt-15 \">\n                                                                                                                <div class=\"flex flex-column w-100 mb-30 fifty-fifty__image\">\n                    <picture><source srcset=\"https:\/\/assets.lightsourcebp.staging.1int.co.uk\/app\/uploads\/2023\/09\/19195155\/Lightsource-bp-ferme-solaire-panneaux-PV-2.jpg 624w, https:\/\/assets.lightsourcebp.staging.1int.co.uk\/app\/uploads\/2023\/09\/19195155\/Lightsource-bp-ferme-solaire-panneaux-PV-2-300x169.jpg 300w, https:\/\/assets.lightsourcebp.staging.1int.co.uk\/app\/uploads\/2023\/09\/19195155\/Lightsource-bp-ferme-solaire-panneaux-PV-2-80x45.jpg 80w, https:\/\/assets.lightsourcebp.staging.1int.co.uk\/app\/uploads\/2023\/09\/19195155\/Lightsource-bp-ferme-solaire-panneaux-PV-2-150x84.jpg 150w, https:\/\/assets.lightsourcebp.staging.1int.co.uk\/app\/uploads\/2023\/09\/19195155\/Lightsource-bp-ferme-solaire-panneaux-PV-2-450x253.jpg 450w\" sizes=\"100vw\"><img loading=\"lazy\" decoding=\"async\" src=\"https:\/\/assets.lightsourcebp.staging.1int.co.uk\/app\/uploads\/2023\/09\/19195155\/Lightsource-bp-ferme-solaire-panneaux-PV-2.jpg\" alt=\"\" width=\"624\" height=\"351\" class=\"d-flex max-w-100 w-100 h-auto mx-auto fit-cover rounded-10px\"><\/picture>\n                  <\/div>\n                                                                          <\/div>\n                  <\/div>\n      <\/div>\n    <\/div>\n\n  <div class=\"pt-30 pt-lg-100\"><\/div>\n  <\/section>\n\n\n<section class=\"fifty-fifty align block_acf-block-6729d53d2cd7b block bg-color-white position-relative z-1 overflow-hidden\">\n        <div class=\"pt-60 pt-lg-100\"><\/div>\n\n    \n    <div class=\"fifty-fifty__row\">\n      <div class=\"container \">\n        <div class=\"row align-items-center\">\n                      <div class=\"col-12 col-lg-6 col-xl-5 align-self-center fifty-left d-flex flex-column order-2 order-lg-1\">\n                                                                                                                <div class=\"flex flex-column w-100 mb-30 fifty-fifty__image\">\n                    <picture><source srcset=\"https:\/\/assets.lightsourcebp.staging.1int.co.uk\/app\/uploads\/2023\/09\/19195248\/Lightsource-bp-Business-Dev-projet-solaire.jpg 624w, https:\/\/assets.lightsourcebp.staging.1int.co.uk\/app\/uploads\/2023\/09\/19195248\/Lightsource-bp-Business-Dev-projet-solaire-300x169.jpg 300w, https:\/\/assets.lightsourcebp.staging.1int.co.uk\/app\/uploads\/2023\/09\/19195248\/Lightsource-bp-Business-Dev-projet-solaire-80x45.jpg 80w, https:\/\/assets.lightsourcebp.staging.1int.co.uk\/app\/uploads\/2023\/09\/19195248\/Lightsource-bp-Business-Dev-projet-solaire-150x84.jpg 150w, https:\/\/assets.lightsourcebp.staging.1int.co.uk\/app\/uploads\/2023\/09\/19195248\/Lightsource-bp-Business-Dev-projet-solaire-450x253.jpg 450w\" sizes=\"100vw\"><img loading=\"lazy\" decoding=\"async\" src=\"https:\/\/assets.lightsourcebp.staging.1int.co.uk\/app\/uploads\/2023\/09\/19195248\/Lightsource-bp-Business-Dev-projet-solaire.jpg\" alt=\"\" width=\"624\" height=\"351\" class=\"d-flex max-w-100 w-100 h-auto mx-auto fit-cover rounded-10px\"><\/picture>\n                  <\/div>\n                                                          <\/div>\n                                <div class=\"col-12 col-lg-6 col-xl-6 offset-xl-1 align-self-center fifty-right d-flex flex-column mb-lg-0 mt-lg-0 order-1 order-lg-1  mb-15 \">\n                                                                  <h2 class=\"mb-20 \">D\u00e9veloppeurs : des partenariats mutuellement b\u00e9n\u00e9fiques<\/h2>\n                                                                                                                                                                                <div class=\"flex flex-column w-100 line-height-level-6 mb-15 fifty-fifty__text font-size-paragraph-medium  fg-color-navy-text \">\n\n                    <p>Chez Lightsource bp, nous aspirons \u00e0 fournir une \u00e9nergie renouvelable fiable, abordable et durable. Nous sommes fiers de collaborer avec d\u2019autres entreprises pour y parvenir. Nos \u00e9quipes d\u2019experts s\u2019appuient sur leur solide exp\u00e9rience pour nouer des partenariats solides et mutuellement b\u00e9n\u00e9fiques.<\/p>\n<p>Nous faisons toujours preuve de la plus grande exigence en mati\u00e8re de s\u00e9curit\u00e9 et d\u2019\u00e9thique professionnelle, et appliquons la m\u00eame politique avec nos partenaires.<\/p>\n\n                  <\/div>\n                                                                                                                                                                                                  <div class=\"d-inline-flex w-100 button-container mb-15\">\n                    <a class=\"button button--gradient my-0 mr-auto\" href=\"https:\/\/lightsourcebp.staging.1int.co.uk\/fr\/partenariats\/approche-360\/\" target=\"_self\"><span>Notre approche \u00e0 360\u00b0<\/span> <svg xmlns=\"http:\/\/www.w3.org\/2000\/svg\" width=\"8\" height=\"14\" fill=\"none\"><path stroke=\"currentColor\" stroke-linecap=\"round\" stroke-linejoin=\"round\" stroke-width=\"2\" d=\"m1 13 6-6-6-6\"\/><\/svg><\/a>\n                  <\/div>\n                                                                                                          <\/div>\n                  <\/div>\n      <\/div>\n    <\/div>\n\n  <div class=\"pt-30 pt-lg-100\"><\/div>\n  <\/section>\n\n\n<section class=\"fifty-fifty align block_acf-block-6687dc03026a1 block bg-color-white position-relative z-1 overflow-hidden\">\n        <div class=\"pt-60 pt-lg-15\"><\/div>\n\n    \n    <div class=\"fifty-fifty__row\">\n      <div class=\"container \">\n        <div class=\"row align-items-center\">\n                      <div class=\"col-12 col-lg-6 col-xl-5 align-self-center fifty-left d-flex flex-column order-2 order-lg-1\">\n                                                                  <h2 class=\"mb-20 \">Apporteurs d\u2019affaires : des partenariats flexibles et rentables<\/h2>\n                                                                                                                                                                <div class=\"flex flex-column w-100 line-height-level-6 mb-15 fifty-fifty__text font-size-paragraph-medium  fg-color-navy-text \">\n                    <p>Nous sommes toujours \u00e0 l\u2019\u00e9coute des apporteurs d\u2019affaires d\u00e9sireux de faire \u00e9voluer le paysage \u00e9nerg\u00e9tique fran\u00e7ais. Gr\u00e2ce \u00e0 notre expertise, nous sommes parfaitement positionn\u00e9s pour concr\u00e9tiser leurs projets.<\/p>\n<p>Pr\u00e9sents sur le march\u00e9 depuis plus de dix ans, nous avons nou\u00e9 de nombreux partenariats avec des d\u00e9veloppeurs d\u2019affaires. Notre capacit\u00e9 d\u2019ing\u00e9nierie financi\u00e8re et notre aptitude \u00e0 r\u00e9pondre aux besoins de march\u00e9s de grande taille nous permettront de mener \u00e0 bien de nombreux projets en France.<\/p>\n<p>Vous souhaitez obtenir davantage d\u2019informations\u2009? Contactez un de nos experts.<\/p>\n\n                  <\/div>\n                                                                                                                                                                                  <div class=\"d-inline-flex w-100 button-container mb-15\">\n                    <a class=\"button button--gradient my-0 mr-auto\" href=\"https:\/\/lightsourcebp.staging.1int.co.uk\/fr\/a-propos\/\" target=\"_self\"><span>En savoir plus sur Lightsource bp<\/span> <svg xmlns=\"http:\/\/www.w3.org\/2000\/svg\" width=\"8\" height=\"14\" fill=\"none\"><path stroke=\"currentColor\" stroke-linecap=\"round\" stroke-linejoin=\"round\" stroke-width=\"2\" d=\"m1 13 6-6-6-6\"\/><\/svg><\/a>\n                  <\/div>\n                                                                                          <\/div>\n                                <div class=\"col-12 col-lg-6 col-xl-6 offset-xl-1 align-self-center fifty-right d-flex flex-column mb-lg-0 mt-lg-0 order-3 order-lg-1  mt-15 \">\n                                                                                                                <div class=\"flex flex-column w-100 mb-30 fifty-fifty__image\">\n                    <picture><source srcset=\"https:\/\/assets.lightsourcebp.staging.1int.co.uk\/app\/uploads\/2023\/09\/19195404\/projet-solaire-apporteur-affaires.jpg 624w, https:\/\/assets.lightsourcebp.staging.1int.co.uk\/app\/uploads\/2023\/09\/19195404\/projet-solaire-apporteur-affaires-300x200.jpg 300w, https:\/\/assets.lightsourcebp.staging.1int.co.uk\/app\/uploads\/2023\/09\/19195404\/projet-solaire-apporteur-affaires-80x53.jpg 80w, https:\/\/assets.lightsourcebp.staging.1int.co.uk\/app\/uploads\/2023\/09\/19195404\/projet-solaire-apporteur-affaires-150x100.jpg 150w, https:\/\/assets.lightsourcebp.staging.1int.co.uk\/app\/uploads\/2023\/09\/19195404\/projet-solaire-apporteur-affaires-450x300.jpg 450w\" sizes=\"100vw\"><img loading=\"lazy\" decoding=\"async\" src=\"https:\/\/assets.lightsourcebp.staging.1int.co.uk\/app\/uploads\/2023\/09\/19195404\/projet-solaire-apporteur-affaires.jpg\" alt=\"\" width=\"624\" height=\"416\" class=\"d-flex max-w-100 w-100 h-auto mx-auto fit-cover rounded-10px\"><\/picture>\n                  <\/div>\n                                                                          <\/div>\n                  <\/div>\n      <\/div>\n    <\/div>\n\n  <div class=\"pt-30 pt-lg-100\"><\/div>\n  <\/section>\n\n\n<section class=\"contact-form align block_acf-block-6687dc03026d8 block call-to-action\">\n  \n  <div class=\"container-fluid z-2\">\n    <div class=\"row\">\n      <div class=\"col-12 col-lg-6 px-0 position-relative\">\n        <picture><source srcset=\"https:\/\/assets.lightsourcebp.staging.1int.co.uk\/app\/uploads\/2022\/12\/29221609\/sustainability-find-out-more-default-2.jpg 700w, https:\/\/assets.lightsourcebp.staging.1int.co.uk\/app\/uploads\/2022\/12\/29221609\/sustainability-find-out-more-default-2-300x195.jpg 300w, https:\/\/assets.lightsourcebp.staging.1int.co.uk\/app\/uploads\/2022\/12\/29221609\/sustainability-find-out-more-default-2-80x52.jpg 80w, https:\/\/assets.lightsourcebp.staging.1int.co.uk\/app\/uploads\/2022\/12\/29221609\/sustainability-find-out-more-default-2-150x98.jpg 150w, https:\/\/assets.lightsourcebp.staging.1int.co.uk\/app\/uploads\/2022\/12\/29221609\/sustainability-find-out-more-default-2-450x293.jpg 450w\" sizes=\"\"><img loading=\"lazy\" decoding=\"async\" src=\"https:\/\/assets.lightsourcebp.staging.1int.co.uk\/app\/uploads\/2022\/12\/29221609\/sustainability-find-out-more-default-2.jpg\" alt=\"\" width=\"700\" height=\"455\" class=\"w-101 h-auto h-sm-100 object-fit-cover ml-15px\"><\/picture>\n        <div class=\"contact-form__overlap-text position-absolute bg-color-white top-35px top-sm-100px left-5 left-md-15 w-90 w-md-70 py-50 px-15 px-md-65\">\n                      <h2>Restons en contact<br>\n<\/h2>\n                    <p class=\"line-height-level-6 font-size-paragraph-large\">Vous souhaitez plus d\u2019informations sur nos partenariats ? \u00c9crivez-nous par e-mail ou via le formulaire de contact ci-dessous.<\/p>\n                      <a class=\"d-flex flex-row flex-middle fg-color-orange text-decoration-none text-decoration-underline-hover font-weight-bold\" href=\"mailto:contact.fr@lightsourcebp.com\"><svg xmlns=\"http:\/\/www.w3.org\/2000\/svg\" width=\"24\" height=\"25\" fill=\"none\"><path stroke=\"#E0D9E9\" stroke-linecap=\"round\" stroke-linejoin=\"round\" stroke-width=\"2\" d=\"M4 4.54h16c1.1 0 2 .9 2 2v12c0 1.1-.9 2-2 2H4c-1.1 0-2-.9-2-2v-12c0-1.1.9-2 2-2Z\"\/><path stroke=\"#E0D9E9\" stroke-linecap=\"round\" stroke-linejoin=\"round\" stroke-width=\"2\" d=\"m22 6.54-10 7-10-7\"\/><\/svg>\n <span class=\"ml-15\">contact.fr@lightsourcebp.com<\/span><\/a>\n                            <\/div>\n      <\/div>\n      <div class=\"col-12 col-lg-6 bg-color-gradient fg-color-navy position-relative z-1 overflow-hidden\">\n\n        <img decoding=\"async\" class=\"position-absolute top-n20 right-n125 right-sm-n100 right-md-n80 right-xl-n68 rotate-230 -z-1\" src=\"https:\/\/lightsourcebp.staging.1int.co.uk\/app\/themes\/lightsourcebp-theme\/dist\/images\/global\/background-swirls-alt-red_935dfcd0.png\" alt=\"\" \/>\n\n        <div class=\"d-flex flex-column flex-center px-15 px-md-100 py-40 py-lg-100\">\n                      <div class=\"row flex-center\">\n              <p class=\"fg-color-white font-weight-bold mb-30\">*Champ obligatoire<\/p>\n              <form novalidate action=\"https:\/\/lightsourcebp.staging.1int.co.uk\/fr\/forms\/contact-form\/#contact-form_acf-block-6687dc03026d8\" class=\"form d-flex flex-wrap text-left \" data-id=\"238579\" enctype=\"multipart\/form-data\">\n\n          <div id=\"type-de-demande\" class=\"form__input-row d-flex flex-column mb-20 position-relative form__input-row--full  form__input-row--select \">\n          <label class=\"form__label user-select-none mb-12 font-weight-bold font-size-paragraph-small fg-color-white\" for=\"type-de-demande_238579\">Type de demande<span class=\"form__required-indicator\">*<\/span><\/label>\n    \n    <div class=\"position-relative w-100\">\n  <select\n    id=\"type-de-demande_238579\"\n    class=\"form__select form__select--unselected pl-20 pr-50 py-14\"\n    name=\"type-de-demande\"\n    data-field-label=\"Type de demande&lt;span class=&quot;form__required-indicator&quot;&gt;*&lt;\/span&gt;\"\n  \/>\n    <option value=\"\" disabled 1>Please choose<\/option>\n          <option value=\"Demande concernant le projet\" >Demande concernant le projet<\/option>\n          <option value=\"Demande g\u00e9n\u00e9rale\" >Demande g\u00e9n\u00e9rale<\/option>\n      <\/select>\n  <div class=\"pointer-events-none position-absolute d-flex flex-center flex-middle w-70px h-100 top-1px right-0 fg-color-white\">\n    \n  <\/div>\n<\/div>\n  <\/div>\n\n          <div id=\"nom-de-societe\" class=\"form__input-row d-flex flex-column mb-20 position-relative form__input-row--full  form__input-row--text \">\n          <label class=\"form__label user-select-none mb-12 font-weight-bold font-size-paragraph-small fg-color-white\" for=\"nom-de-societe_238579\">Nom de soci\u00e9t\u00e9<\/label>\n    \n    <input\n  id=\"nom-de-societe_238579\"\n  class=\"form__input h-55px w-100 px-20 py-10\"\n  type=\"text\"\n  name=\"nom-de-societe\"\n  placeholder=\"\"\n  value=\"\"\n\/>\n  <\/div>\n\n          <div id=\"activites\" class=\"form__input-row d-flex flex-column mb-20 position-relative form__input-row--full  form__input-row--checkbox pr-0 pr-md-10\">\n          <label class=\"form__label user-select-none mb-12 font-weight-bold font-size-paragraph-small fg-color-white\" for=\"activites_238579\">Activit\u00e9s<\/label>\n    \n    <div class=\"form__checkbox-group w-100\">\n          <div class=\"mb-10\">\n        <input\n          id=\"activites_238579_0\"\n          class=\"position-absolute\"\n          name=\"activites[]\"\n          type=\"checkbox\"\n          value=\"Introducteur\"\n          aria-label=\"Introducteur\"\n        \/>\n\n        <label class=\"form__checkbox-label  font-size-body user-select-none m-0 position-relative d-block pl-50 fg-color-white\" for=\"activites_238579_0\">\n          Introducteur\n        <\/label>\n      <\/div>\n          <div class=\"mb-10\">\n        <input\n          id=\"activites_238579_1\"\n          class=\"position-absolute\"\n          name=\"activites[]\"\n          type=\"checkbox\"\n          value=\"D\u00e9veloppeur\"\n          aria-label=\"D\u00e9veloppeur\"\n        \/>\n\n        <label class=\"form__checkbox-label  font-size-body user-select-none m-0 position-relative d-block pl-50 fg-color-white\" for=\"activites_238579_1\">\n          D\u00e9veloppeur\n        <\/label>\n      <\/div>\n          <div class=\"mb-10\">\n        <input\n          id=\"activites_238579_2\"\n          class=\"position-absolute\"\n          name=\"activites[]\"\n          type=\"checkbox\"\n          value=\"EPC\/CBE\"\n          aria-label=\"EPC\/CBE\"\n        \/>\n\n        <label class=\"form__checkbox-label  font-size-body user-select-none m-0 position-relative d-block pl-50 fg-color-white\" for=\"activites_238579_2\">\n          EPC\/CBE\n        <\/label>\n      <\/div>\n          <div class=\"mb-10\">\n        <input\n          id=\"activites_238579_3\"\n          class=\"position-absolute\"\n          name=\"activites[]\"\n          type=\"checkbox\"\n          value=\"Autre\"\n          aria-label=\"Autre\"\n        \/>\n\n        <label class=\"form__checkbox-label  font-size-body user-select-none m-0 position-relative d-block pl-50 fg-color-white\" for=\"activites_238579_3\">\n          Autre\n        <\/label>\n      <\/div>\n      <\/div>\n\n  <\/div>\n\n          <div id=\"avez-vous-un-projet-precis-si-oui-veuillez-le-resumer-brievement\" class=\"form__input-row d-flex flex-column mb-20 position-relative form__input-row--full  form__input-row--text \">\n          <label class=\"form__label user-select-none mb-12 font-weight-bold font-size-paragraph-small fg-color-white\" for=\"avez-vous-un-projet-precis-si-oui-veuillez-le-resumer-brievement_238579\">Avez-vous un projet pr\u00e9cis ? Si oui, veuillez le r\u00e9sumer bri\u00e8vement.<\/label>\n    \n    <input\n  id=\"avez-vous-un-projet-precis-si-oui-veuillez-le-resumer-brievement_238579\"\n  class=\"form__input h-55px w-100 px-20 py-10\"\n  type=\"text\"\n  name=\"avez-vous-un-projet-precis-si-oui-veuillez-le-resumer-brievement\"\n  placeholder=\"\"\n  value=\"\"\n\/>\n  <\/div>\n\n          <div id=\"coordonnees\" class=\"form__input-row d-flex flex-column mb-20 position-relative form__input-row--full  form__input-row--text \">\n          <label class=\"form__label user-select-none mb-12 font-weight-bold font-size-paragraph-small fg-color-white\" for=\"coordonnees_238579\">Coordonn\u00e9es<\/label>\n    \n    <input\n  id=\"coordonnees_238579\"\n  class=\"form__input h-55px w-100 px-20 py-10\"\n  type=\"text\"\n  name=\"coordonnees\"\n  placeholder=\"\"\n  value=\"\"\n\/>\n  <\/div>\n\n    \n    \n    <div class=\"form__input-row form__input-row--recaptcha form__input-row--full form__input-row--last relative d-flex justify-content-sm-center\">\n      <div name=\"recaptcha\" class=\"g-recaptcha\"><\/div>\n    <\/div>\n\n    <div class=\"d-flex mt-10\">\n      <div class=\"d-flex flex-column\">\n        \n        <div class=\"d-inline-flex w-100 button-container mt-20\">\n          <button class=\"form__submit-button button button--gradient my-0 mr-auto my-0\" href=\"\"><span class=\"button__text\">Soumettre<\/span> <svg xmlns=\"http:\/\/www.w3.org\/2000\/svg\" width=\"24\" height=\"25\" fill=\"none\"><path stroke=\"currentColor\" stroke-linecap=\"round\" stroke-linejoin=\"round\" stroke-width=\"2\" d=\"m20 4.54-9 9m9-9-5.6 16-3.2-7.2-7.2-3.2 16-5.6Z\"\/><\/svg>\n<\/button>\n        <\/div>\n\n      <\/div>\n    <\/div>\n  <\/form>\n            <\/div>\n                  <\/div>\n      <\/div>\n    <\/div>\n  <\/div>\n<\/section>\n\n","protected":false},"excerpt":{"rendered":"","protected":false},"author":40,"featured_media":0,"parent":313928,"menu_order":0,"comment_status":"closed","ping_status":"closed","template":"","meta":{"_acf_changed":false,"inline_featured_image":false,"footnotes":""},"class_list":["post-315123","page","type-page","status-publish","hentry"],"acf":[],"aioseo_notices":[],"_links":{"self":[{"href":"https:\/\/lightsourcebp.staging.1int.co.uk\/fr\/wp-json\/wp\/v2\/pages\/315123","targetHints":{"allow":["GET"]}}],"collection":[{"href":"https:\/\/lightsourcebp.staging.1int.co.uk\/fr\/wp-json\/wp\/v2\/pages"}],"about":[{"href":"https:\/\/lightsourcebp.staging.1int.co.uk\/fr\/wp-json\/wp\/v2\/types\/page"}],"author":[{"embeddable":true,"href":"https:\/\/lightsourcebp.staging.1int.co.uk\/fr\/wp-json\/wp\/v2\/users\/40"}],"replies":[{"embeddable":true,"href":"https:\/\/lightsourcebp.staging.1int.co.uk\/fr\/wp-json\/wp\/v2\/comments?post=315123"}],"version-history":[{"count":48,"href":"https:\/\/lightsourcebp.staging.1int.co.uk\/fr\/wp-json\/wp\/v2\/pages\/315123\/revisions"}],"predecessor-version":[{"id":436099,"href":"https:\/\/lightsourcebp.staging.1int.co.uk\/fr\/wp-json\/wp\/v2\/pages\/315123\/revisions\/436099"}],"up":[{"embeddable":true,"href":"https:\/\/lightsourcebp.staging.1int.co.uk\/fr\/wp-json\/wp\/v2\/pages\/313928"}],"wp:attachment":[{"href":"https:\/\/lightsourcebp.staging.1int.co.uk\/fr\/wp-json\/wp\/v2\/media?parent=315123"}],"curies":[{"name":"wp","href":"https:\/\/api.w.org\/{rel}","templated":true}]}}