{"id":315172,"date":"2023-09-26T09:40:36","date_gmt":"2023-09-26T09:40:36","guid":{"rendered":"https:\/\/lightsourcebp.staging.1int.co.uk\/?page_id=315172"},"modified":"2024-10-03T16:56:20","modified_gmt":"2024-10-03T16:56:20","slug":"carrieres","status":"publish","type":"page","link":"https:\/\/lightsourcebp.staging.1int.co.uk\/fr\/carrieres\/","title":{"rendered":"Carri\u00e8res"},"content":{"rendered":"<section class=\"block-page-title bg-color-white\">\n  <div class=\"pt-60 pt-lg-100\"><\/div>\n\n  <div class=\"container\">\n    <div class=\"row\">\n      <div class=\"col-12\">\n                <h1 class=\"fg-color-gradient\">Rejoignez Lightsource bp !<\/h1>\n      <\/div>\n    <\/div>\n  <\/div>\n\n  <div class=\"pt-60 pt-lg-100\"><\/div>\n<\/section>\n  \n\n\n<section class=\"banner-single position-relative\">\n  <div class=\"container-fluid\">\n    <div class=\"row\">\n      <div class=\"col-12 px-0\">\n                <div class=\"position-relative w-100 h-100 aspect-ratio-banner object-fit-cover\">\n          <picture>\n                    <source srcset=\"https:\/\/assets.lightsourcebp.staging.1int.co.uk\/app\/uploads\/2022\/11\/29201805\/careers-banner-image-min-aspect-ratio-1550-600-450x174.jpg, https:\/\/assets.lightsourcebp.staging.1int.co.uk\/app\/uploads\/2022\/11\/29201805\/careers-banner-image-min-aspect-ratio-1550-600-1000x387.jpg 2x\"\n                          media=\"(max-width: 575px)\">\n                    <source srcset=\"https:\/\/assets.lightsourcebp.staging.1int.co.uk\/app\/uploads\/2022\/11\/29201805\/careers-banner-image-min-aspect-ratio-1550-600-1000x387.jpg, https:\/\/assets.lightsourcebp.staging.1int.co.uk\/app\/uploads\/2022\/11\/29201805\/careers-banner-image-min-aspect-ratio-1550-600-1920x743.jpg 2x\"\n                          media=\"(min-width: 576px) and (max-width: 991px)\">\n                    <source srcset=\"https:\/\/assets.lightsourcebp.staging.1int.co.uk\/app\/uploads\/2022\/11\/29201805\/careers-banner-image-min-aspect-ratio-1550-600.jpg, https:\/\/assets.lightsourcebp.staging.1int.co.uk\/app\/uploads\/2022\/11\/29201805\/careers-banner-image-min-aspect-ratio-1550-600.jpg 2x\"\n                          media=\"(min-width: 992px)\">\n                    <img loading=\"lazy\" decoding=\"async\" src=\"https:\/\/assets.lightsourcebp.staging.1int.co.uk\/app\/uploads\/2022\/11\/29201805\/careers-banner-image-min-aspect-ratio-1550-600.jpg\" alt=\"\"\n                       srcset=\"https:\/\/assets.lightsourcebp.staging.1int.co.uk\/app\/uploads\/2022\/11\/29201805\/careers-banner-image-min-aspect-ratio-1550-600.jpg 2x\"\n                       sizes=\"auto, 100vw\"\n                       class=\"position-absolute w-100 h-100 left-0 top-0 object-fit-cover\"\n                       width=\"2148\"\n                       height=\"831\">\n                <\/picture>\n        <\/div>\n              <\/div>\n    <\/div>\n  <\/div>\n<\/section>\n\n\n<section class=\"fifty-fifty align block_acf-block-66feccb2defd6 block bg-color-white position-relative z-1 overflow-hidden\">\n        <div class=\"pt-60 pt-lg-100\"><\/div>\n\n    \n    <div class=\"fifty-fifty__row\">\n      <div class=\"container \">\n        <div class=\"row align-items-center\">\n                      <div class=\"col-12 col-lg-6 col-xl-5 align-self-center fifty-left d-flex flex-column order-2 order-lg-1\">\n                                                                  <h2 class=\"mb-20 \">#BeTheChange<\/h2>\n                                                                                                                                                                <div class=\"flex flex-column w-100 line-height-level-6 mb-15 fifty-fifty__text font-size-paragraph-medium  fg-color-navy-text \">\n                    <p><strong>Incarnez le changement<\/strong> au sein d\u2019une \u00e9quipe passionn\u00e9e et d\u2019une entreprise qui encourage l\u2019esprit d\u2019entreprise, promeut l\u2019inclusion et respecte chacun dans son individualit\u00e9.<\/p>\n<p>Travailler chez Lightsource bp, c\u2019est partager cette forte culture d\u2019entreprise au service de l\u2019innovation pour faire de la plan\u00e8te un endroit o\u00f9 il fait bon vivre gr\u00e2ce \u00e0 des projets \u00e9nerg\u00e9tiques bas carbone qui changent la donne.<\/p>\n\n                  <\/div>\n                                                                                                                                                                                  <div class=\"d-inline-flex w-100 button-container mb-15\">\n                    <a class=\"button button--gradient my-0 mr-auto\" href=\"https:\/\/lightsourcebp.staging.1int.co.uk\/fr\/a-propos\/talents-culture-entreprise\/\" target=\"_self\"><span>Notre culture d&#8217;entreprise<\/span> <svg xmlns=\"http:\/\/www.w3.org\/2000\/svg\" width=\"8\" height=\"14\" fill=\"none\"><path stroke=\"currentColor\" stroke-linecap=\"round\" stroke-linejoin=\"round\" stroke-width=\"2\" d=\"m1 13 6-6-6-6\"\/><\/svg><\/a>\n                  <\/div>\n                                                                                          <\/div>\n                                <div class=\"col-12 col-lg-6 col-xl-6 offset-xl-1 align-self-center fifty-right d-flex flex-column mb-lg-0 mt-lg-0 order-3 order-lg-1  mt-15 \">\n                                                                                                                  <div class=\"flex flex-column w-100 mb-30 fifty-fifty__video\">\n                    <div class=\"video video--third-party ratio ratio-16x9 position-relative no-highlight\">\n  <div class=\"video__poster position-absolute w-100 h-100 left-0 top-0 bg-color-red z-1\">\n          <picture><source data-srcset=\"https:\/\/assets.lightsourcebp.staging.1int.co.uk\/app\/uploads\/2022\/12\/28232023\/bem-the-change-video.jpg 624w, https:\/\/assets.lightsourcebp.staging.1int.co.uk\/app\/uploads\/2022\/12\/28232023\/bem-the-change-video-300x169.jpg 300w, https:\/\/assets.lightsourcebp.staging.1int.co.uk\/app\/uploads\/2022\/12\/28232023\/bem-the-change-video-80x45.jpg 80w, https:\/\/assets.lightsourcebp.staging.1int.co.uk\/app\/uploads\/2022\/12\/28232023\/bem-the-change-video-150x84.jpg 150w, https:\/\/assets.lightsourcebp.staging.1int.co.uk\/app\/uploads\/2022\/12\/28232023\/bem-the-change-video-450x253.jpg 450w\" data-sizes=\"(max-width: 450px) calc(100vw - 24px), (min-width: 450px) and (max-width: 575.98px) 551px, (min-width: 576px) and (max-width: 767.98px) 516px, (min-width: 768px) and (max-width: 991.98px) 696px, (min-width: 992px) and (max-width: 1199.98px) 456px, (min-width: 1200px) and (max-width: 1399.98px) 546px, (min-width: 1400px) 636px\"><img data-src=\"https:\/\/assets.lightsourcebp.staging.1int.co.uk\/app\/uploads\/2022\/12\/28232023\/bem-the-change-video.jpg\" alt=\"\" width=\"624\" height=\"351\" class=\"d-flex mw-100 w-100 h-auto fit-cover rounded-10px lazy\"  decoding=\"sync\"><\/picture><noscript><img loading=\"lazy\" src=\"https:\/\/assets.lightsourcebp.staging.1int.co.uk\/app\/uploads\/2022\/12\/28232023\/bem-the-change-video.jpg\" alt=\"\" width=\"624\" height=\"351\" class=\"d-flex mw-100 w-100 h-auto fit-cover rounded-10px \"  decoding=\"sync\"><\/noscript>\n      <\/div>\n\n  <button class=\"video__play-button bottom-0 position-absolute z-2 p-0 border-none transition-500 w-auto h-auto top-auto\">\n    <i class=\"fg-color-off-white\">\n      <svg xmlns=\"http:\/\/www.w3.org\/2000\/svg\" width=\"79\" height=\"79\" fill=\"none\"><path fill=\"url(#playIcon)\" d=\"M0 0h79v79H0V0z\"\/><path fill=\"#fff\" d=\"M29.625 29.269a1 1 0 011.543-.84L46.98 38.66a1 1 0 010 1.68L31.168 50.57a1 1 0 01-1.543-.839V29.27z\"\/><defs><linearGradient id=\"playIcon\" x1=\"0\" x2=\"107.528\" y1=\"79\" y2=\"-2.194\" gradientUnits=\"userSpaceOnUse\"><stop stop-color=\"#DF1995\"\/><stop offset=\"1\" stop-color=\"#FE5000\"\/><\/linearGradient><\/defs><\/svg>\n    <\/i>\n  <\/button>\n\n  <iframe\n  class=\"video__iframe position-absolute w-100 h-100 left-0 top-0 transition-500\"\n  data-src=\"https:\/\/www.youtube-nocookie.com\/embed\/dwSRhNNRPns?autoplay=1&amp;controls=1&amp;rel=0\"\n  data-title=\"Build your career at Lightsource bp - Be The Change\"\n  frameBorder=\"0\"\n  width=\"100%\" height=\"100%\"\n  allow=\"autoplay; encrypted-media\"\n  allowFullScreen=\"true\"\n  webkitallowfullscreen=\"true\"\n  mozallowfullscreen=\"true\"><\/iframe>\n<\/div>\n                  <\/div>\n                                                                                          <\/div>\n                  <\/div>\n      <\/div>\n    <\/div>\n\n  <div class=\"pt-30 pt-lg-50\"><\/div>\n  <\/section>\n\n\n<section class=\"call-to-action align block_acf-block-66feccb2df7f5 block call-to-action\">\n  <div class=\"pt-30 pt-lg-50\"><\/div>\n\n  <div class=\"container-fluid z-2\">\n\n    <div class=\"row\">\n      <div class=\"col-12 col-lg-6 pl-0 pr-0\">\n        <picture><source srcset=\"https:\/\/assets.lightsourcebp.staging.1int.co.uk\/app\/uploads\/2023\/03\/10163433\/join-lsbp-1-1.jpg 770w, https:\/\/assets.lightsourcebp.staging.1int.co.uk\/app\/uploads\/2023\/03\/10163433\/join-lsbp-1-1-300x238.jpg 300w, https:\/\/assets.lightsourcebp.staging.1int.co.uk\/app\/uploads\/2023\/03\/10163433\/join-lsbp-1-1-80x63.jpg 80w, https:\/\/assets.lightsourcebp.staging.1int.co.uk\/app\/uploads\/2023\/03\/10163433\/join-lsbp-1-1-150x119.jpg 150w, https:\/\/assets.lightsourcebp.staging.1int.co.uk\/app\/uploads\/2023\/03\/10163433\/join-lsbp-1-1-450x356.jpg 450w, https:\/\/assets.lightsourcebp.staging.1int.co.uk\/app\/uploads\/2023\/03\/10163433\/join-lsbp-1-1-767x608.jpg 767w\" sizes=\"\"><img loading=\"lazy\" decoding=\"async\" src=\"https:\/\/assets.lightsourcebp.staging.1int.co.uk\/app\/uploads\/2023\/03\/10163433\/join-lsbp-1-1.jpg\" alt=\"woman chatting to a man at an office desk\" width=\"770\" height=\"610\" class=\"w-100 w-lg-101 h-100 object-fit-cover ml--15px\"><\/picture>\n      <\/div>\n      <div class=\"col-12 col-lg-6 bg-color-gradient position-relative z-1 overflow-hidden\">\n\n        \n        <div class=\"d-flex flex-column flex-center h-100 px-15 px-md-50 py-60 py-lg-30 py-xxl-0\">\n                      <span class=\"d-flex font-size-navigation font-weight-semi-bold mb-15 text-transform-uppercase letter-spacing-title fg-color-gradient\">Carri\u00e8res<\/span>\n                                <h2 class=\"mb-20 fg-color-white\">Int\u00e9grez une aventure qui a du sens\u2009!<\/h2>\n                                <div class=\"flex flex-column w-100 rich-text fg-color-white\">\n              <p>Vous \u00eates passionn\u00e9(e) par les \u00e9nergies renouvelables et souhaitez contribuer \u00e0 la transition \u00e9nerg\u00e9tique\u2009? Vous d\u00e9sirez int\u00e9grer une \u00e9quipe internationale au service de l\u2019innovation pour un avenir \u00e9nerg\u00e9tique durable\u2009? Postulez en ligne pour rejoindre l\u2019aventure Lightsource bp\u00a0!<\/p>\n\n            <\/div>\n                                            <div class=\"d-inline-flex w-100 button-container mb-15\">\n              <a class=\"button button--gradient my-0 mr-auto\" href=\"https:\/\/careers.lightsourcebp.com\/go\/View-All-Jobs\/8639602\/\" target=\"_blank\"><span>Consultez nos offres d&#8217;emploi<\/span> <svg xmlns=\"http:\/\/www.w3.org\/2000\/svg\" width=\"8\" height=\"14\" fill=\"none\"><path stroke=\"currentColor\" stroke-linecap=\"round\" stroke-linejoin=\"round\" stroke-width=\"2\" d=\"m1 13 6-6-6-6\"\/><\/svg><\/a>\n            <\/div>\n                  <\/div>\n      <\/div>\n    <\/div>\n  <\/div>\n  <div class=\"pt-0 pt-lg-0\"><\/div>\n  <\/section>\n","protected":false},"excerpt":{"rendered":"","protected":false},"author":40,"featured_media":0,"parent":0,"menu_order":0,"comment_status":"closed","ping_status":"closed","template":"","meta":{"_acf_changed":false,"inline_featured_image":false,"footnotes":""},"class_list":["post-315172","page","type-page","status-publish","hentry"],"acf":[],"aioseo_notices":[],"_links":{"self":[{"href":"https:\/\/lightsourcebp.staging.1int.co.uk\/fr\/wp-json\/wp\/v2\/pages\/315172","targetHints":{"allow":["GET"]}}],"collection":[{"href":"https:\/\/lightsourcebp.staging.1int.co.uk\/fr\/wp-json\/wp\/v2\/pages"}],"about":[{"href":"https:\/\/lightsourcebp.staging.1int.co.uk\/fr\/wp-json\/wp\/v2\/types\/page"}],"author":[{"embeddable":true,"href":"https:\/\/lightsourcebp.staging.1int.co.uk\/fr\/wp-json\/wp\/v2\/users\/40"}],"replies":[{"embeddable":true,"href":"https:\/\/lightsourcebp.staging.1int.co.uk\/fr\/wp-json\/wp\/v2\/comments?post=315172"}],"version-history":[{"count":33,"href":"https:\/\/lightsourcebp.staging.1int.co.uk\/fr\/wp-json\/wp\/v2\/pages\/315172\/revisions"}],"predecessor-version":[{"id":427474,"href":"https:\/\/lightsourcebp.staging.1int.co.uk\/fr\/wp-json\/wp\/v2\/pages\/315172\/revisions\/427474"}],"wp:attachment":[{"href":"https:\/\/lightsourcebp.staging.1int.co.uk\/fr\/wp-json\/wp\/v2\/media?parent=315172"}],"curies":[{"name":"wp","href":"https:\/\/api.w.org\/{rel}","templated":true}]}}