{"id":321272,"date":"2023-09-26T08:29:04","date_gmt":"2023-09-26T08:29:04","guid":{"rendered":"https:\/\/lightsourcebp.staging.1int.co.uk\/?page_id=321272"},"modified":"2024-11-05T08:13:56","modified_gmt":"2024-11-05T08:13:56","slug":"achats-responsables","status":"publish","type":"page","link":"https:\/\/lightsourcebp.staging.1int.co.uk\/fr\/developpement-durable\/achats-responsables\/","title":{"rendered":"Achats responsables"},"content":{"rendered":"<section class=\"block-page-title bg-color-white\">\n  <div class=\"pt-60 pt-lg-100\"><\/div>\n\n  <div class=\"container\">\n    <div class=\"row\">\n      <div class=\"col-12\">\n                <h1 class=\"fg-color-gradient\">Notre politique d\u2019achats responsables<\/h1>\n      <\/div>\n    <\/div>\n  <\/div>\n\n  <div class=\"pt-60 pt-lg-100\"><\/div>\n<\/section>\n  \n\n\n<section class=\"banner-single position-relative\">\n  <div class=\"container-fluid\">\n    <div class=\"row\">\n      <div class=\"col-12 px-0\">\n                <div class=\"position-relative w-100 h-100 aspect-ratio-banner object-fit-cover\">\n          <picture>\n                    <source srcset=\"https:\/\/assets.lightsourcebp.staging.1int.co.uk\/app\/uploads\/2023\/09\/23144709\/Aerial_Impact_Solar_0158-450x174.jpg, https:\/\/assets.lightsourcebp.staging.1int.co.uk\/app\/uploads\/2023\/09\/23144709\/Aerial_Impact_Solar_0158-1000x387.jpg 2x\"\n                          media=\"(max-width: 575px)\">\n                    <source srcset=\"https:\/\/assets.lightsourcebp.staging.1int.co.uk\/app\/uploads\/2023\/09\/23144709\/Aerial_Impact_Solar_0158-1000x387.jpg, https:\/\/assets.lightsourcebp.staging.1int.co.uk\/app\/uploads\/2023\/09\/23144709\/Aerial_Impact_Solar_0158.jpg 2x\"\n                          media=\"(min-width: 576px) and (max-width: 991px)\">\n                    <source srcset=\"https:\/\/assets.lightsourcebp.staging.1int.co.uk\/app\/uploads\/2023\/09\/23144709\/Aerial_Impact_Solar_0158.jpg, https:\/\/assets.lightsourcebp.staging.1int.co.uk\/app\/uploads\/2023\/09\/23144709\/Aerial_Impact_Solar_0158.jpg 2x\"\n                          media=\"(min-width: 992px)\">\n                    <img loading=\"lazy\" decoding=\"async\" src=\"https:\/\/assets.lightsourcebp.staging.1int.co.uk\/app\/uploads\/2023\/09\/23144709\/Aerial_Impact_Solar_0158.jpg\" alt=\"\"\n                       srcset=\"https:\/\/assets.lightsourcebp.staging.1int.co.uk\/app\/uploads\/2023\/09\/23144709\/Aerial_Impact_Solar_0158.jpg 2x\"\n                       sizes=\"auto, 100vw\"\n                       class=\"position-absolute w-100 h-100 left-0 top-0 object-fit-cover\"\n                       width=\"1540\"\n                       height=\"596\">\n                <\/picture>\n        <\/div>\n              <\/div>\n    <\/div>\n  <\/div>\n<\/section>\n\n\n<section class=\"fifty-fifty align block_acf-block-668584cba25e7 block bg-color-white position-relative z-1 overflow-hidden\">\n        <div class=\"pt-60 pt-lg-100\"><\/div>\n\n    \n    <div class=\"fifty-fifty__row\">\n      <div class=\"container \">\n        <div class=\"row align-items-center\">\n                      <div class=\"col-12 col-lg-6 col-xl-5 align-self-center fifty-left d-flex flex-column order-2 order-lg-1\">\n                                                                  <h2 class=\"mb-20 \">Une s\u00e9lection rigoureuse de nos fournisseurs<\/h2>\n                                                                                                                                                                <div class=\"flex flex-column w-100 line-height-level-6 mb-15 fifty-fifty__text font-size-paragraph-medium  fg-color-navy-text \">\n                    <p>Notre objectif en mati\u00e8re d\u2019approvisionnement ? Promouvoir une cha\u00eene durable et responsable en int\u00e9grant des crit\u00e8res environnementaux, sociaux et de gouvernance (ESG) \u00e0 nos proc\u00e9dures d\u2019achat. Chez Lightsource bp, nos processus de s\u00e9lection et de gestion des fournisseurs sont ainsi guid\u00e9s par un examen rigoureux de leur fiabilit\u00e9, parfois suivi d\u2019un audit sur site lorsque nous le jugeons n\u00e9cessaire. En outre, tous nos fournisseurs et leurs sous-traitants doivent se conformer \u00e0 notre Code de conduite et d\u2019\u00e9thique \u00e0 l\u2019usage de nos contreparties professionnelles, notre Politique en mati\u00e8re de droits humains et notre D\u00e9claration contre l\u2019esclavage moderne.<\/p>\n\n                  <\/div>\n                                                                                                          <\/div>\n                                <div class=\"col-12 col-lg-6 col-xl-6 offset-xl-1 align-self-center fifty-right d-flex flex-column mb-lg-0 mt-lg-0 order-3 order-lg-1  mt-15 \">\n                                                                                                                <div class=\"flex flex-column w-100 mb-30 fifty-fifty__image\">\n                    <picture><source srcset=\"https:\/\/assets.lightsourcebp.staging.1int.co.uk\/app\/uploads\/2023\/09\/23131512\/Lightsource-bp-fournisseurs.jpg 624w, https:\/\/assets.lightsourcebp.staging.1int.co.uk\/app\/uploads\/2023\/09\/23131512\/Lightsource-bp-fournisseurs-300x169.jpg 300w, https:\/\/assets.lightsourcebp.staging.1int.co.uk\/app\/uploads\/2023\/09\/23131512\/Lightsource-bp-fournisseurs-80x45.jpg 80w, https:\/\/assets.lightsourcebp.staging.1int.co.uk\/app\/uploads\/2023\/09\/23131512\/Lightsource-bp-fournisseurs-150x84.jpg 150w, https:\/\/assets.lightsourcebp.staging.1int.co.uk\/app\/uploads\/2023\/09\/23131512\/Lightsource-bp-fournisseurs-450x253.jpg 450w\" sizes=\"100vw\"><img loading=\"lazy\" decoding=\"async\" src=\"https:\/\/assets.lightsourcebp.staging.1int.co.uk\/app\/uploads\/2023\/09\/23131512\/Lightsource-bp-fournisseurs.jpg\" alt=\"\" width=\"624\" height=\"351\" class=\"d-flex max-w-100 w-100 h-auto mx-auto fit-cover rounded-10px\"><\/picture>\n                  <\/div>\n                                                                          <\/div>\n                  <\/div>\n      <\/div>\n    <\/div>\n\n  <div class=\"pt-60 pt-lg-100\"><\/div>\n  <\/section>\n\n\n<section class=\"fifty-fifty align block_acf-block-6729d3c39b505 block bg-color-orange-3-percent position-relative z-1 overflow-hidden\">\n        <div class=\"pt-60 pt-lg-100\"><\/div>\n\n    \n    <div class=\"fifty-fifty__row\">\n      <div class=\"container \">\n        <div class=\"row align-items-center\">\n                      <div class=\"col-12 col-lg-6 col-xl-6 align-self-center fifty-left d-flex flex-column order-2 order-lg-1\">\n                                                                                                                <div class=\"flex flex-column w-100 mb-30 fifty-fifty__image\">\n                    <picture><source srcset=\"https:\/\/assets.lightsourcebp.staging.1int.co.uk\/app\/uploads\/2023\/09\/23131850\/Lightsource-bp-tracabilite-panneaux-solaires.jpg 624w, https:\/\/assets.lightsourcebp.staging.1int.co.uk\/app\/uploads\/2023\/09\/23131850\/Lightsource-bp-tracabilite-panneaux-solaires-300x169.jpg 300w, https:\/\/assets.lightsourcebp.staging.1int.co.uk\/app\/uploads\/2023\/09\/23131850\/Lightsource-bp-tracabilite-panneaux-solaires-80x45.jpg 80w, https:\/\/assets.lightsourcebp.staging.1int.co.uk\/app\/uploads\/2023\/09\/23131850\/Lightsource-bp-tracabilite-panneaux-solaires-150x84.jpg 150w, https:\/\/assets.lightsourcebp.staging.1int.co.uk\/app\/uploads\/2023\/09\/23131850\/Lightsource-bp-tracabilite-panneaux-solaires-450x253.jpg 450w\" sizes=\"100vw\"><img loading=\"lazy\" decoding=\"async\" src=\"https:\/\/assets.lightsourcebp.staging.1int.co.uk\/app\/uploads\/2023\/09\/23131850\/Lightsource-bp-tracabilite-panneaux-solaires.jpg\" alt=\"\" width=\"624\" height=\"351\" class=\"d-flex max-w-100 w-100 h-auto mx-auto fit-cover rounded-10px\"><\/picture>\n                  <\/div>\n                                                          <\/div>\n                                <div class=\"col-12 col-lg-6 col-xl-5 offset-xl-1 align-self-center fifty-right d-flex flex-column mb-lg-0 mt-lg-0 order-1 order-lg-1  mb-15 \">\n                                                                  <h2 class=\"mb-20 \">La tra\u00e7abilit\u00e9 comme boussole<\/h2>\n                                                                                                                                                                                <div class=\"flex flex-column w-100 line-height-level-6 mb-15 fifty-fifty__text font-size-paragraph-medium  fg-color-navy-text \">\n\n                    <p>La tra\u00e7abilit\u00e9 des mati\u00e8res premi\u00e8res est essentielle pour garantir une cha\u00eene d\u2019approvisionnement fiable, durable et responsable. C\u2019est pourquoi nous examinons les audits de tra\u00e7abilit\u00e9 de nos fournisseurs pour mieux comprendre la maturit\u00e9 de leur syst\u00e8me de management. Nous travaillons \u00e9galement avec nos principaux fournisseurs pour construire des cartographies des risques de leurs cha\u00eenes d\u2019approvisionnement qui couvrent \u00e9galement celles de leurs principaux sous-traitants.<\/p>\n\n                  <\/div>\n                                                                                                                          <\/div>\n                  <\/div>\n      <\/div>\n    <\/div>\n\n  <div class=\"pt-60 pt-lg-100\"><\/div>\n  <\/section>\n\n\n<section class=\"fifty-fifty align block_acf-block-6729d3c39b827 block bg-color-white position-relative z-1 overflow-hidden\">\n        <div class=\"pt-60 pt-lg-100\"><\/div>\n\n    \n    <div class=\"fifty-fifty__row\">\n      <div class=\"container \">\n        <div class=\"row align-items-center\">\n                      <div class=\"col-12 col-lg-6 col-xl-7 align-self-center fifty-left d-flex flex-column order-2 order-lg-1\">\n                                                                  <h2 class=\"mb-20 \">Sensibiliser \u00e0 la durabilit\u00e9 des cha\u00eenes d\u2019approvisionnement<\/h2>\n                                                                                                                                                                <div class=\"flex flex-column w-100 line-height-level-6 mb-15 fifty-fifty__text font-size-paragraph-medium  fg-color-navy-text \">\n                    <div>L\u2019industrie des \u00e9nergies renouvelables, comme tant d\u2019autres, est confront\u00e9e aux enjeux de durabilit\u00e9, qu\u2019il s\u2019agisse de son approvisionnement en mati\u00e8res premi\u00e8res ou de la r\u00e9duction de l\u2019empreinte environnementale des produits manufactur\u00e9s. Chez Lightsource bp, pour rendre nos cha\u00eenes d\u2019approvisionnement plus durables:<\/div>\n<ul>\n<li>nous formons nos \u00e9quipes d\u2019acheteurs \u00e0 la cartographie des risques des cha\u00eenes d\u2019approvisionnement, aux achats durables et \u00e0 la probl\u00e9matique de l\u2019esclavage moderne ;<\/li>\n<li>nous nous mobilisons pour r\u00e9duire les \u00e9missions de gaz \u00e0 effet de serre de nos principaux \u00e9quipements sur toute la cha\u00eene d\u2019approvisionnement ;<\/li>\n<li>nous travaillons \u00e9troitement avec nos pairs industriels pour promouvoir les normes ESG, notamment dans le cadre du Solar Stewardship Initiative, que nous pr\u00e9sidons, port\u00e9 par SolarPower Europe et Solar Energy UK ;<\/li>\n<li>nous renfor\u00e7ons nos exigences contractuelles avec certains fournisseurs strat\u00e9giques en mati\u00e8re d\u2019examen de leur fiabilit\u00e9, de gestion des \u00e9missions de gaz \u00e0 effet de serre et de tra\u00e7abilit\u00e9.<\/li>\n<\/ul>\n\n                  <\/div>\n                                                                                                                                                                                  <div class=\"d-inline-flex w-100 button-container mb-15\">\n                    <a class=\"button button--gradient my-0 mr-auto\" href=\"https:\/\/lightsourcebp.staging.1int.co.uk\/fr\/developpement-durable\/\" target=\"_self\"><span>Notre cadre de d\u00e9veloppement durable<\/span> <svg xmlns=\"http:\/\/www.w3.org\/2000\/svg\" width=\"8\" height=\"14\" fill=\"none\"><path stroke=\"currentColor\" stroke-linecap=\"round\" stroke-linejoin=\"round\" stroke-width=\"2\" d=\"m1 13 6-6-6-6\"\/><\/svg><\/a>\n                  <\/div>\n                                                                                          <\/div>\n                                <div class=\"col-12 col-lg-6 col-xl-4 offset-xl-1 align-self-center fifty-right d-flex flex-column mb-lg-0 mt-lg-0 order-3 order-lg-1  mt-15 \">\n                                                                                                                <div class=\"flex flex-column w-100 mb-30 fifty-fifty__image\">\n                    <picture><source srcset=\"https:\/\/assets.lightsourcebp.staging.1int.co.uk\/app\/uploads\/2023\/09\/23132256\/Lightsource-bp-approvisonnement-durable.jpg 624w, https:\/\/assets.lightsourcebp.staging.1int.co.uk\/app\/uploads\/2023\/09\/23132256\/Lightsource-bp-approvisonnement-durable-200x300.jpg 200w, https:\/\/assets.lightsourcebp.staging.1int.co.uk\/app\/uploads\/2023\/09\/23132256\/Lightsource-bp-approvisonnement-durable-80x120.jpg 80w, https:\/\/assets.lightsourcebp.staging.1int.co.uk\/app\/uploads\/2023\/09\/23132256\/Lightsource-bp-approvisonnement-durable-150x225.jpg 150w, https:\/\/assets.lightsourcebp.staging.1int.co.uk\/app\/uploads\/2023\/09\/23132256\/Lightsource-bp-approvisonnement-durable-300x450.jpg 300w, https:\/\/assets.lightsourcebp.staging.1int.co.uk\/app\/uploads\/2023\/09\/23132256\/Lightsource-bp-approvisonnement-durable-450x675.jpg 450w\" sizes=\"100vw\"><img loading=\"lazy\" decoding=\"async\" src=\"https:\/\/assets.lightsourcebp.staging.1int.co.uk\/app\/uploads\/2023\/09\/23132256\/Lightsource-bp-approvisonnement-durable.jpg\" alt=\"\" width=\"624\" height=\"936\" class=\"d-flex max-w-100 w-100 h-auto mx-auto fit-cover rounded-10px\"><\/picture>\n                  <\/div>\n                                                                          <\/div>\n                  <\/div>\n      <\/div>\n    <\/div>\n\n  <div class=\"pt-60 pt-lg-100\"><\/div>\n  <\/section>\n","protected":false},"excerpt":{"rendered":"","protected":false},"author":40,"featured_media":0,"parent":313029,"menu_order":0,"comment_status":"closed","ping_status":"closed","template":"","meta":{"_acf_changed":false,"inline_featured_image":false,"footnotes":""},"class_list":["post-321272","page","type-page","status-publish","hentry"],"acf":[],"aioseo_notices":[],"_links":{"self":[{"href":"https:\/\/lightsourcebp.staging.1int.co.uk\/fr\/wp-json\/wp\/v2\/pages\/321272","targetHints":{"allow":["GET"]}}],"collection":[{"href":"https:\/\/lightsourcebp.staging.1int.co.uk\/fr\/wp-json\/wp\/v2\/pages"}],"about":[{"href":"https:\/\/lightsourcebp.staging.1int.co.uk\/fr\/wp-json\/wp\/v2\/types\/page"}],"author":[{"embeddable":true,"href":"https:\/\/lightsourcebp.staging.1int.co.uk\/fr\/wp-json\/wp\/v2\/users\/40"}],"replies":[{"embeddable":true,"href":"https:\/\/lightsourcebp.staging.1int.co.uk\/fr\/wp-json\/wp\/v2\/comments?post=321272"}],"version-history":[{"count":36,"href":"https:\/\/lightsourcebp.staging.1int.co.uk\/fr\/wp-json\/wp\/v2\/pages\/321272\/revisions"}],"predecessor-version":[{"id":436093,"href":"https:\/\/lightsourcebp.staging.1int.co.uk\/fr\/wp-json\/wp\/v2\/pages\/321272\/revisions\/436093"}],"up":[{"embeddable":true,"href":"https:\/\/lightsourcebp.staging.1int.co.uk\/fr\/wp-json\/wp\/v2\/pages\/313029"}],"wp:attachment":[{"href":"https:\/\/lightsourcebp.staging.1int.co.uk\/fr\/wp-json\/wp\/v2\/media?parent=321272"}],"curies":[{"name":"wp","href":"https:\/\/api.w.org\/{rel}","templated":true}]}}