{"id":28273,"date":"2022-09-20T08:50:52","date_gmt":"2022-09-20T08:50:52","guid":{"rendered":"https:\/\/lightsourcebp.staging.1int.co.uk\/partner-with-us\/"},"modified":"2023-08-24T09:40:53","modified_gmt":"2023-08-24T09:40:53","slug":"collabora-con-noi","status":"publish","type":"page","link":"https:\/\/lightsourcebp.staging.1int.co.uk\/it\/collabora-con-noi\/","title":{"rendered":"Collabora con noi"},"content":{"rendered":"<section class=\"block-page-title bg-color-white\">\n  <div class=\"pt-60 pt-lg-100\"><\/div>\n\n  <div class=\"container\">\n    <div class=\"row\">\n      <div class=\"col-12\">\n                <h1 class=\"fg-color-gradient\">Collabora con noi<\/h1>\n      <\/div>\n    <\/div>\n  <\/div>\n\n  <div class=\"pt-60 pt-lg-100\"><\/div>\n<\/section>\n  \n\n\n<section class=\"banner-single position-relative\">\n  <div class=\"container-fluid\">\n    <div class=\"row\">\n      <div class=\"col-12 px-0\">\n                <div class=\"position-relative w-100 h-100 aspect-ratio-banner object-fit-cover\">\n          <picture>\n                    <source srcset=\"https:\/\/assets.lightsourcebp.staging.1int.co.uk\/app\/uploads\/2022\/12\/28232135\/partner-with-us-banner-aspect-ratio-1550-600-450x174.jpg, https:\/\/assets.lightsourcebp.staging.1int.co.uk\/app\/uploads\/2022\/12\/28232135\/partner-with-us-banner-aspect-ratio-1550-600-1000x387.jpg 2x\"\n                          media=\"(max-width: 575px)\">\n                    <source srcset=\"https:\/\/assets.lightsourcebp.staging.1int.co.uk\/app\/uploads\/2022\/12\/28232135\/partner-with-us-banner-aspect-ratio-1550-600-1000x387.jpg, https:\/\/assets.lightsourcebp.staging.1int.co.uk\/app\/uploads\/2022\/12\/28232135\/partner-with-us-banner-aspect-ratio-1550-600.jpg 2x\"\n                          media=\"(min-width: 576px) and (max-width: 991px)\">\n                    <source srcset=\"https:\/\/assets.lightsourcebp.staging.1int.co.uk\/app\/uploads\/2022\/12\/28232135\/partner-with-us-banner-aspect-ratio-1550-600.jpg, https:\/\/assets.lightsourcebp.staging.1int.co.uk\/app\/uploads\/2022\/12\/28232135\/partner-with-us-banner-aspect-ratio-1550-600.jpg 2x\"\n                          media=\"(min-width: 992px)\">\n                    <img loading=\"lazy\" decoding=\"async\" src=\"https:\/\/assets.lightsourcebp.staging.1int.co.uk\/app\/uploads\/2022\/12\/28232135\/partner-with-us-banner-aspect-ratio-1550-600.jpg\" alt=\"\"\n                       srcset=\"https:\/\/assets.lightsourcebp.staging.1int.co.uk\/app\/uploads\/2022\/12\/28232135\/partner-with-us-banner-aspect-ratio-1550-600.jpg 2x\"\n                       sizes=\"auto, 100vw\"\n                       class=\"position-absolute w-100 h-100 left-0 top-0 object-fit-cover\"\n                       width=\"1540\"\n                       height=\"596\">\n                <\/picture>\n        <\/div>\n              <\/div>\n    <\/div>\n  <\/div>\n<\/section>\n\n\n<section class=\"text align block_363e7c9c973290ce82e54808bbaf64d2 block bg-color-white position-relative z-1 overflow-hidden\">\n    <div class=\"pt-60 pt-lg-100\"><\/div>\n\n  \n  <div class=\"container \">\n    <div class=\"row\">\n      <div class=\"col-12 col-md-9\">\n        <span class=\"rich-text extra-large-text fg-color-navy-text\">\n          <h2>Instauriamo relazioni commerciali volte ad accelerare la transizione energetica<\/h2>\n<p>Il nostro team di business development \u00e8 costantemente alla ricerca di partner che desiderino instaurare relazioni commerciali solide e durature per promuovere gli investimenti nel settore delle rinnovabili in Italia. Negli anni abbiamo creato partnership di successo con una vasta gamma di professionisti ed aziende, dagli sviluppatori locali agli esperti ambientali. Apprezziamo la trasparenza e l\u2019onest\u00e0 in tutte le nostre attivit\u00e0, onoriamo i nostri impegni e speriamo di lavorare con partner che condividano i nostri valori.<\/p>\n\n        <\/span>\n      <\/div>\n    <\/div>\n  <\/div>\n\n  <div class=\"pt-0 pt-lg-0\"><\/div>\n  <\/section>\n\n\n<section class=\"fifty-fifty align block_645bc8ff257312c056eb49349f1930a3 block bg-color-white position-relative z-1 overflow-hidden\">\n        <div class=\"pt-0 pt-lg-0\"><\/div>\n  \n    \n    <div class=\"fifty-fifty__row\">\n      <div class=\"container \">\n        <div class=\"row align-items-center\">\n                      <div class=\"col-12 col-lg-6 align-self-center fifty-left d-flex flex-column order-2 order-lg-1\">\n                                                                                                  <div class=\"d-inline-flex w-100 button-container mb-15\">\n                    <a class=\"button button--gradient my-0 mr-auto\" href=\"https:\/\/lightsourcebp.staging.1int.co.uk\/it\/contatto\/\" target=\"_self\"><span>Contattaci per una collaborazione<\/span> <svg xmlns=\"http:\/\/www.w3.org\/2000\/svg\" width=\"8\" height=\"14\" fill=\"none\"><path stroke=\"currentColor\" stroke-linecap=\"round\" stroke-linejoin=\"round\" stroke-width=\"2\" d=\"m1 13 6-6-6-6\"\/><\/svg><\/a>\n                  <\/div>\n                                                                                          <\/div>\n                                <div class=\"col-12 col-lg-6 align-self-center fifty-right d-flex flex-column mb-lg-0 mt-lg-0 order-3 order-lg-1  mt-15 \">\n                                                                                                                                                        <\/div>\n                  <\/div>\n      <\/div>\n    <\/div>\n\n  <div class=\"pt-60 pt-lg-100\"><\/div>\n  <\/section>\n\n\n<section class=\"fifty-fifty align block_ba399769ac0594aaf9ba17a87033d18a block bg-color-white position-relative z-1 overflow-hidden\">\n        <div class=\"pt-30 pt-lg-15\"><\/div>\n\n    \n    <div class=\"fifty-fifty__row\">\n      <div class=\"container \">\n        <div class=\"row align-items-center\">\n                      <div class=\"col-12 col-lg-6 col-xl-5 align-self-center fifty-left d-flex flex-column order-2 order-lg-1\">\n                                                                    <span class=\"font-size-navigation font-weight-semi-bold mb-15 text-transform-uppercase letter-spacing-title fg-color-gradient\">Sviluppatori locali<\/span>\n                                    <h2 class=\"mb-20 \">Creiamo solide partnership<\/h2>\n                                                                                                                                                                <div class=\"flex flex-column w-100 line-height-level-6 mb-15 fifty-fifty__text font-size-paragraph-medium  fg-color-navy-text \">\n                    <p>Nel corso degli anni abbiamo acquisito una notevole esperienza nell\u00b4instaurare relazioni commerciali che rappresentino un valore aggiunto per il contesto locale, inteso sia da un punto di vista economico che ambientale. La nostra grande esperienza nello sviluppo, nel finanziamento e nella costruzione di parchi solari, nonch\u00e8 la capacit\u00e0 del nostro team di lavorare con molteplici collaboratori sotto differenti strutture, ci permettono di offrire forme flessibili di partenariato. Siamo esperti nella strutturazione di accordi con intermediari, accordi di co-sviluppo, joint venture, acquisizioni di pipeline e molto altro. Inoltre, insieme ai nostri partner ci impegniamo a seguire i nostri valori aziendali e i pi\u00fa alti standard di qualit\u00e0 per lo sviluppo di progetti sicuri e sostenibili.<\/p>\n\n                  <\/div>\n                                                                                                          <\/div>\n                                <div class=\"col-12 col-lg-6 col-xl-6 offset-xl-1 align-self-center fifty-right d-flex flex-column mb-lg-0 mt-lg-0 order-3 order-lg-1  mt-15 \">\n                                                                                                                <div class=\"flex flex-column w-100 mb-30 fifty-fifty__image\">\n                    <picture><source srcset=\"https:\/\/assets.lightsourcebp.staging.1int.co.uk\/app\/uploads\/2022\/12\/27195512\/Nittany-1_DSC8250.jpg 472w, https:\/\/assets.lightsourcebp.staging.1int.co.uk\/app\/uploads\/2022\/12\/27195512\/Nittany-1_DSC8250-300x200.jpg 300w, https:\/\/assets.lightsourcebp.staging.1int.co.uk\/app\/uploads\/2022\/12\/27195512\/Nittany-1_DSC8250-80x53.jpg 80w, https:\/\/assets.lightsourcebp.staging.1int.co.uk\/app\/uploads\/2022\/12\/27195512\/Nittany-1_DSC8250-150x100.jpg 150w, https:\/\/assets.lightsourcebp.staging.1int.co.uk\/app\/uploads\/2022\/12\/27195512\/Nittany-1_DSC8250-450x300.jpg 450w\" sizes=\"100vw\"><img loading=\"lazy\" decoding=\"async\" src=\"https:\/\/assets.lightsourcebp.staging.1int.co.uk\/app\/uploads\/2022\/12\/27195512\/Nittany-1_DSC8250.jpg\" alt=\"\" width=\"472\" height=\"315\" class=\"d-flex max-w-100 w-100 h-auto mx-auto fit-cover rounded-10px\"><\/picture>\n                  <\/div>\n                                                                          <\/div>\n                  <\/div>\n      <\/div>\n    <\/div>\n\n  <div class=\"pt-30 pt-lg-30\"><\/div>\n  <\/section>\n\n\n<section class=\"fifty-fifty align block_11fd40a51a5d52a7e69193843c122111 block bg-color-white position-relative z-1 overflow-hidden\">\n        <div class=\"pt-30 pt-lg-50\"><\/div>\n\n    \n    <div class=\"fifty-fifty__row\">\n      <div class=\"container \">\n        <div class=\"row align-items-center\">\n                      <div class=\"col-12 col-lg-6 col-xl-6 align-self-center fifty-left d-flex flex-column order-2 order-lg-1\">\n                                                                                                                <div class=\"flex flex-column w-100 mb-30 fifty-fifty__image\">\n                    <picture><source srcset=\"https:\/\/assets.lightsourcebp.staging.1int.co.uk\/app\/uploads\/2022\/12\/28232200\/landowners.jpg 625w, https:\/\/assets.lightsourcebp.staging.1int.co.uk\/app\/uploads\/2022\/12\/28232200\/landowners-300x268.jpg 300w, https:\/\/assets.lightsourcebp.staging.1int.co.uk\/app\/uploads\/2022\/12\/28232200\/landowners-80x72.jpg 80w, https:\/\/assets.lightsourcebp.staging.1int.co.uk\/app\/uploads\/2022\/12\/28232200\/landowners-150x134.jpg 150w, https:\/\/assets.lightsourcebp.staging.1int.co.uk\/app\/uploads\/2022\/12\/28232200\/landowners-450x402.jpg 450w\" sizes=\"100vw\"><img loading=\"lazy\" decoding=\"async\" src=\"https:\/\/assets.lightsourcebp.staging.1int.co.uk\/app\/uploads\/2022\/12\/28232200\/landowners.jpg\" alt=\"\" width=\"625\" height=\"559\" class=\"d-flex max-w-100 w-100 h-auto mx-auto fit-cover rounded-10px\"><\/picture>\n                  <\/div>\n                                                          <\/div>\n                                <div class=\"col-12 col-lg-6 col-xl-5 offset-xl-1 align-self-center fifty-right d-flex flex-column mb-lg-0 mt-lg-0 order-1 order-lg-1  mb-15 \">\n                                                                    <span class=\"font-size-navigation font-weight-semi-bold mb-15 text-transform-uppercase letter-spacing-title fg-color-gradient\">Proprietari terrieri<\/span>\n                                    <h2 class=\"mb-20 \">Supportiamo un duplice uso del terreno<\/h2>\n                                                                                                                                                                                <div class=\"flex flex-column w-100 line-height-level-6 mb-15 fifty-fifty__text font-size-paragraph-medium  fg-color-navy-text \">\n\n                    <p>I proprietari terrieri e le comunit\u00e0 in Italia stanno riscontrando in prima persona i vantaggi di affittare il proprio terreno per lo sviluppo di un impianto fotovoltaico. Dedicare una porzione del proprio terreno per la costruzione di un parco solare consente di disporre di un introito diversificato e affidabile. Inoltre, impianti fotovoltaici progettati responsabilmente possono offrire un duplice uso del terreno, coniugando la produzione di energia pulita con le attivit\u00e0 agricole.<\/p>\n\n                  <\/div>\n                                                                                                                          <\/div>\n                  <\/div>\n      <\/div>\n    <\/div>\n\n  <div class=\"pt-60 pt-lg-100\"><\/div>\n  <\/section>\n\n\n<section class=\"fifty-fifty align block_5404cacdfee1d8c086a73043cdd7c433 block bg-color-orange-3-percent position-relative z-1 overflow-hidden\">\n        <div class=\"pt-60 pt-lg-100\"><\/div>\n\n          <img decoding=\"async\" class=\"position-absolute top-n20 right-n125 right-sm-n80 right-md-n45 right-xl-n32 rotate-230 -z-1\" src=\"https:\/\/lightsourcebp.staging.1int.co.uk\/app\/themes\/lightsourcebp-theme\/dist\/images\/global\/background-swirls_935dfcd0.png\" alt=\"\" \/>\n    \n    <div class=\"fifty-fifty__row\">\n      <div class=\"container \">\n        <div class=\"row align-items-center\">\n                      <div class=\"col-12 col-lg-6 col-xl-5 align-self-center fifty-left d-flex flex-column order-2 order-lg-1\">\n                                                                    <span class=\"font-size-navigation font-weight-semi-bold mb-15 text-transform-uppercase letter-spacing-title fg-color-gradient\">Aziende acquirenti di energia<\/span>\n                                    <h2 class=\"mb-20 \">Progettiamo soluzioni personalizzate<\/h2>\n                                                                                                                                                                <div class=\"flex flex-column w-100 line-height-level-6 mb-15 fifty-fifty__text font-size-paragraph-medium  fg-color-navy-text \">\n                    <p>Il nostro team in Italia e in Europa ha una vasta esperienza nel settore fotovoltaico e in particolare nella strutturazione e nel finanziamento di contratti di acquisto di energia (PPA). Questa competenza, unita a una conoscenza approfondita del mercato locale, ci consente di fornire soluzioni personalizzate in base alle esigenze del cliente e di eccellere come partner per lo sviluppo di impianti e la gestione di PPA sul lungo termine.<\/p>\n\n                  <\/div>\n                                                                                                          <\/div>\n                                <div class=\"col-12 col-lg-6 col-xl-6 offset-xl-1 align-self-center fifty-right d-flex flex-column mb-lg-0 mt-lg-0 order-3 order-lg-1  mt-15 \">\n                                                                                                                <div class=\"flex flex-column w-100 mb-30 fifty-fifty__image\">\n                    <picture><source srcset=\"https:\/\/assets.lightsourcebp.staging.1int.co.uk\/app\/uploads\/2022\/10\/26232031\/predictable-long-term-returns-min.jpg 624w, https:\/\/assets.lightsourcebp.staging.1int.co.uk\/app\/uploads\/2022\/10\/26232031\/predictable-long-term-returns-min-300x300.jpg 300w, https:\/\/assets.lightsourcebp.staging.1int.co.uk\/app\/uploads\/2022\/10\/26232031\/predictable-long-term-returns-min-150x150.jpg 150w, https:\/\/assets.lightsourcebp.staging.1int.co.uk\/app\/uploads\/2022\/10\/26232031\/predictable-long-term-returns-min-80x80.jpg 80w, https:\/\/assets.lightsourcebp.staging.1int.co.uk\/app\/uploads\/2022\/10\/26232031\/predictable-long-term-returns-min-450x450.jpg 450w\" sizes=\"100vw\"><img loading=\"lazy\" decoding=\"async\" src=\"https:\/\/assets.lightsourcebp.staging.1int.co.uk\/app\/uploads\/2022\/10\/26232031\/predictable-long-term-returns-min.jpg\" alt=\"row of solar panels\" width=\"624\" height=\"624\" class=\"d-flex max-w-100 w-100 h-auto mx-auto fit-cover rounded-10px\"><\/picture>\n                  <\/div>\n                                                                          <\/div>\n                  <\/div>\n      <\/div>\n    <\/div>\n\n  <div class=\"pt-60 pt-lg-100\"><\/div>\n  <\/section>\n\n\n<section class=\"fifty-fifty align block_213f10206ebaaf6ce1b9dcf10bb33aa3 block bg-color-white position-relative z-1 overflow-hidden\">\n        <div class=\"pt-60 pt-lg-100\"><\/div>\n\n    \n    <div class=\"fifty-fifty__row\">\n      <div class=\"container \">\n        <div class=\"row align-items-center\">\n                      <div class=\"col-12 col-lg-6 align-self-start fifty-left d-flex flex-column order-2 order-lg-1\">\n                                                                    <span class=\"font-size-navigation font-weight-semi-bold mb-15 text-transform-uppercase letter-spacing-title fg-color-gradient\">EPC e fornitori di servizi O&#038;M<\/span>\n                                    <h2 class=\"mb-20 \">Collaboriamo per uno sviluppo sicuro e responsabile dei nostri progetti<\/h2>\n                                                                                                                                                                <div class=\"flex flex-column w-100 line-height-level-6 mb-15 fifty-fifty__text font-size-paragraph-medium  fg-color-navy-text \">\n                    <p>Collaboriamo con partners locali ed internazionali per uno sviluppo responsabile dei nostri progetti. Tutti i nostri impianti sono realizzati seguendo gli standard di qualit\u00e0 e sicurezza pi\u00f9 elevati, la sicurezza infatti \u00e8 uno dei nostri valori fondamentali, al centro di tutto ci\u00f2 che facciamo, dalle prime fasi di sviluppo fino allo smantellamento del parco fotovoltaico al termine della sua vita utile. Essere partner di Lightsource bp significa avere accesso alla nostra pipeline mondiale e a finaziamenti sicuri che ci permettono di costruire e gestire i nostri parchi solari secondo le migliori best practice del settore.<\/p>\n\n                  <\/div>\n                                                                                                          <\/div>\n                                <div class=\"col-12 col-lg-6 align-self-start fifty-right d-flex flex-column mb-lg-0 mt-lg-0 order-3 order-lg-1  mt-15 \">\n                                                                                                                                                                                                                                              <div class=\"flex flex-column w-100 mb-30 fifty-fifty__image\">\n                    <picture><source srcset=\"https:\/\/assets.lightsourcebp.staging.1int.co.uk\/app\/uploads\/2022\/12\/27192600\/Lightsourcebp-homepage-supporting-image-5.jpg 936w, https:\/\/assets.lightsourcebp.staging.1int.co.uk\/app\/uploads\/2022\/12\/27192600\/Lightsourcebp-homepage-supporting-image-5-300x169.jpg 300w, https:\/\/assets.lightsourcebp.staging.1int.co.uk\/app\/uploads\/2022\/12\/27192600\/Lightsourcebp-homepage-supporting-image-5-80x45.jpg 80w, https:\/\/assets.lightsourcebp.staging.1int.co.uk\/app\/uploads\/2022\/12\/27192600\/Lightsourcebp-homepage-supporting-image-5-150x84.jpg 150w, https:\/\/assets.lightsourcebp.staging.1int.co.uk\/app\/uploads\/2022\/12\/27192600\/Lightsourcebp-homepage-supporting-image-5-450x253.jpg 450w, https:\/\/assets.lightsourcebp.staging.1int.co.uk\/app\/uploads\/2022\/12\/27192600\/Lightsourcebp-homepage-supporting-image-5-767x432.jpg 767w\" sizes=\"100vw\"><img loading=\"lazy\" decoding=\"async\" src=\"https:\/\/assets.lightsourcebp.staging.1int.co.uk\/app\/uploads\/2022\/12\/27192600\/Lightsourcebp-homepage-supporting-image-5.jpg\" alt=\"\" width=\"936\" height=\"527\" class=\"d-flex max-w-100 w-100 h-auto mx-auto fit-cover rounded-10px\"><\/picture>\n                  <\/div>\n                                                                          <\/div>\n                  <\/div>\n      <\/div>\n    <\/div>\n\n  <div class=\"pt-30 pt-lg-30\"><\/div>\n  <\/section>\n\n\n<section class=\"fifty-fifty align block_438ffbaeafa13117864fcdd19891d643 block bg-color-orange-3-percent position-relative z-1 overflow-hidden\">\n        <div class=\"pt-60 pt-lg-100\"><\/div>\n\n          <img decoding=\"async\" class=\"position-absolute top-n20 right-n125 right-sm-n80 right-md-n45 right-xl-n32 rotate-230 -z-1\" src=\"https:\/\/lightsourcebp.staging.1int.co.uk\/app\/themes\/lightsourcebp-theme\/dist\/images\/global\/background-swirls_935dfcd0.png\" alt=\"\" \/>\n    \n    <div class=\"fifty-fifty__row\">\n      <div class=\"container \">\n        <div class=\"row align-items-center\">\n                      <div class=\"col-12 col-lg-6 col-xl-5 align-self-center fifty-left d-flex flex-column order-2 order-lg-1\">\n                                                                    <span class=\"font-size-navigation font-weight-semi-bold mb-15 text-transform-uppercase letter-spacing-title fg-color-gradient\">Comunit\u00e0 e autorit\u00e0 locali<\/span>\n                                    <h2 class=\"mb-20 \">Cooperiamo per favorire l&#8217;adozione di soluzioni di energia rinnovabile<\/h2>\n                                                                                                                                                                <div class=\"flex flex-column w-100 line-height-level-6 mb-15 fifty-fifty__text font-size-paragraph-medium  fg-color-navy-text \">\n                    <p>Contribuire alla transizione energetica \u00e8 per noi fondamentale e pertanto ci impegniamo a collaborare con le realt\u00e1 locali supportandole nella scelta del solare. Desideriamo cooperare con il governo, le autorit\u00e0 e le comunit\u00e0 locali per favorire l\u00b4adozione di soluzioni di energia rinnovabile che apportino benefici ai territori su cui si inseriscono, promuovendo lo sviluppo economico e la biodiversit\u00e0 locali. La nostra esperienza decennale e la nostra capacit\u00e0 finanziaria, oltre alla presenza globale dell\u00b4azienda, ci rendono il partner ideale con cui interagire per il raggiungimento degli obiettivi di sostenibilit\u00e0 stabiliti dall\u00b4Unione Europea.<\/p>\n\n                  <\/div>\n                                                                                                          <\/div>\n                                <div class=\"col-12 col-lg-6 col-xl-6 offset-xl-1 align-self-center fifty-right d-flex flex-column mb-lg-0 mt-lg-0 order-3 order-lg-1  mt-15 \">\n                                                                                                                <div class=\"flex flex-column w-100 mb-30 fifty-fifty__image\">\n                    <picture><source srcset=\"https:\/\/assets.lightsourcebp.staging.1int.co.uk\/app\/uploads\/2022\/12\/27204009\/Education.png 471w, https:\/\/assets.lightsourcebp.staging.1int.co.uk\/app\/uploads\/2022\/12\/27204009\/Education-300x201.png 300w, https:\/\/assets.lightsourcebp.staging.1int.co.uk\/app\/uploads\/2022\/12\/27204009\/Education-80x54.png 80w, https:\/\/assets.lightsourcebp.staging.1int.co.uk\/app\/uploads\/2022\/12\/27204009\/Education-150x100.png 150w, https:\/\/assets.lightsourcebp.staging.1int.co.uk\/app\/uploads\/2022\/12\/27204009\/Education-450x301.png 450w\" sizes=\"100vw\"><img loading=\"lazy\" decoding=\"async\" src=\"https:\/\/assets.lightsourcebp.staging.1int.co.uk\/app\/uploads\/2022\/12\/27204009\/Education.png\" alt=\"\" width=\"471\" height=\"315\" class=\"d-flex max-w-100 w-100 h-auto mx-auto fit-cover rounded-10px\"><\/picture>\n                  <\/div>\n                                                                          <\/div>\n                  <\/div>\n      <\/div>\n    <\/div>\n\n  <div class=\"pt-30 pt-lg-50\"><\/div>\n  <\/section>\n","protected":false},"excerpt":{"rendered":"","protected":false},"author":1,"featured_media":0,"parent":0,"menu_order":0,"comment_status":"closed","ping_status":"closed","template":"","meta":{"_acf_changed":false,"inline_featured_image":false,"footnotes":""},"class_list":["post-28273","page","type-page","status-publish","hentry"],"acf":[],"aioseo_notices":[],"_links":{"self":[{"href":"https:\/\/lightsourcebp.staging.1int.co.uk\/it\/wp-json\/wp\/v2\/pages\/28273","targetHints":{"allow":["GET"]}}],"collection":[{"href":"https:\/\/lightsourcebp.staging.1int.co.uk\/it\/wp-json\/wp\/v2\/pages"}],"about":[{"href":"https:\/\/lightsourcebp.staging.1int.co.uk\/it\/wp-json\/wp\/v2\/types\/page"}],"author":[{"embeddable":true,"href":"https:\/\/lightsourcebp.staging.1int.co.uk\/it\/wp-json\/wp\/v2\/users\/1"}],"replies":[{"embeddable":true,"href":"https:\/\/lightsourcebp.staging.1int.co.uk\/it\/wp-json\/wp\/v2\/comments?post=28273"}],"version-history":[{"count":18,"href":"https:\/\/lightsourcebp.staging.1int.co.uk\/it\/wp-json\/wp\/v2\/pages\/28273\/revisions"}],"predecessor-version":[{"id":309095,"href":"https:\/\/lightsourcebp.staging.1int.co.uk\/it\/wp-json\/wp\/v2\/pages\/28273\/revisions\/309095"}],"wp:attachment":[{"href":"https:\/\/lightsourcebp.staging.1int.co.uk\/it\/wp-json\/wp\/v2\/media?parent=28273"}],"curies":[{"name":"wp","href":"https:\/\/api.w.org\/{rel}","templated":true}]}}