{"id":476484,"date":"2025-10-03T09:19:53","date_gmt":"2025-10-03T09:19:53","guid":{"rendered":"https:\/\/lightsourcebp.staging.1int.co.uk\/?page_id=476484"},"modified":"2025-10-03T09:19:54","modified_gmt":"2025-10-03T09:19:54","slug":"modello-organizzativo-231","status":"publish","type":"page","link":"https:\/\/lightsourcebp.staging.1int.co.uk\/it\/modello-organizzativo-231\/","title":{"rendered":"La nostra dichiarazione in merito al Modello Organizzativo 231"},"content":{"rendered":"<section class=\"block-page-title bg-color-white\">\n  <div class=\"pt-60 pt-lg-100\"><\/div>\n\n  <div class=\"container\">\n    <div class=\"row\">\n      <div class=\"col-12\">\n                <h1 class=\"fg-color-gradient\">La nostra dichiarazione in merito al Modello Organizzativo 231<\/h1>\n      <\/div>\n    <\/div>\n  <\/div>\n\n  <div class=\"pt-60 pt-lg-100\"><\/div>\n<\/section>\n  \n\n\n<section class=\"banner-single position-relative\">\n  <div class=\"container-fluid\">\n    <div class=\"row\">\n      <div class=\"col-12 px-0\">\n                <div class=\"position-relative w-100 h-100 aspect-ratio-banner object-fit-cover\">\n          <picture>\n                    <source srcset=\"https:\/\/assets.lightsourcebp.staging.1int.co.uk\/app\/uploads\/2025\/10\/03091654\/IT-231-banner-450x175.jpg, https:\/\/assets.lightsourcebp.staging.1int.co.uk\/app\/uploads\/2025\/10\/03091654\/IT-231-banner-1000x389.jpg 2x\"\n                          media=\"(max-width: 575px)\">\n                    <source srcset=\"https:\/\/assets.lightsourcebp.staging.1int.co.uk\/app\/uploads\/2025\/10\/03091654\/IT-231-banner-1000x389.jpg, https:\/\/assets.lightsourcebp.staging.1int.co.uk\/app\/uploads\/2025\/10\/03091654\/IT-231-banner-1920x748.jpg 2x\"\n                          media=\"(min-width: 576px) and (max-width: 991px)\">\n                    <source srcset=\"https:\/\/assets.lightsourcebp.staging.1int.co.uk\/app\/uploads\/2025\/10\/03091654\/IT-231-banner.jpg, https:\/\/assets.lightsourcebp.staging.1int.co.uk\/app\/uploads\/2025\/10\/03091654\/IT-231-banner.jpg 2x\"\n                          media=\"(min-width: 992px)\">\n                    <img loading=\"lazy\" decoding=\"async\" src=\"https:\/\/assets.lightsourcebp.staging.1int.co.uk\/app\/uploads\/2025\/10\/03091654\/IT-231-banner.jpg\" alt=\"\"\n                       srcset=\"https:\/\/assets.lightsourcebp.staging.1int.co.uk\/app\/uploads\/2025\/10\/03091654\/IT-231-banner.jpg 2x\"\n                       sizes=\"auto, 100vw\"\n                       class=\"position-absolute w-100 h-100 left-0 top-0 object-fit-cover\"\n                       width=\"2560\"\n                       height=\"997\">\n                <\/picture>\n        <\/div>\n              <\/div>\n    <\/div>\n  <\/div>\n<\/section>\n\n\n<section class=\"text align block_acf-block-68df953972ae4 block bg-color-white position-relative z-1 overflow-hidden\">\n    <div class=\"pt-60 pt-lg-100\"><\/div>\n\n  \n  <div class=\"container \">\n    <div class=\"row\">\n      <div class=\"col-12\">\n        <span class=\"rich-text standard-text fg-color-navy\">\n          <p>Lightsource bp \u00e8 un gruppo internazionale impegnato a operare con integrit\u00e0 e nel pieno rispetto delle normative locali e internazionali. In quanto societ\u00e0 globale, poniamo grande attenzione al rispetto dei requisiti locali. Per le nostre attivit\u00e0 in Italia, Lightsource bp promuove i pi\u00f9 alti standard di compliance adottando formalmente il Modello Organizzativo 231, in conformit\u00e0 al Decreto Legislativo n. 231\/2001, per tutte le nostre entit\u00e0 italiane.<\/p>\n<p>Il Modello Organizzativo 231 rappresenta un ulteriore passo nel nostro impegno verso i pi\u00f9 elevati standard di governance aziendale, compliance e condotta etica, non solo mediante l\u2019implementazione di un Programma Globale di Etica e Compliance, ma anche attraverso l\u2019adozione di programmi locali.<\/p>\n<p>Il presente Modello Organizzativo e di Gestione \u00e8 concepito per prevenire la commissione di reati che possano essere posti in essere nell\u2019interesse o a vantaggio della societ\u00e0, promuovendo trasparenza e responsabilit\u00e0 in tutte le nostre operazioni in Italia.<\/p>\n<p>Attraverso l\u2019implementazione di tale modello, Lightsource bp ribadisce il proprio impegno al rispetto di tutti i requisiti normativi applicabili, alla gestione dei rischi e alla promozione di una cultura dell\u2019integrit\u00e0. L\u2019adozione del Modello 231 rafforza ulteriormente i nostri sistemi di controllo interno, assicurando che le pratiche aziendali rispecchino i pi\u00f9 elevati standard legali ed etici.<\/p>\n<p>Manteniamo il nostro impegno nel perseguire un miglioramento continuo e la massima trasparenza, favorendo la fiducia di tutti i nostri stakeholder, inclusi dipendenti, partner, clienti e autorit\u00e0 di regolamentazione.<\/p>\n<p>Per ulteriori informazioni sul Modello Organizzativo 231 e sulle nostre iniziative di compliance, si prega di contattare ethics@lightsourcebp.com.<\/p>\n\n        <\/span>\n      <\/div>\n    <\/div>\n  <\/div>\n\n  <div class=\"pt-60 pt-lg-100\"><\/div>\n<\/section>\n","protected":false},"excerpt":{"rendered":"","protected":false},"author":33,"featured_media":476486,"parent":0,"menu_order":0,"comment_status":"closed","ping_status":"closed","template":"","meta":{"_acf_changed":false,"inline_featured_image":false,"footnotes":""},"class_list":["post-476484","page","type-page","status-publish","has-post-thumbnail","hentry"],"acf":[],"aioseo_notices":[],"_links":{"self":[{"href":"https:\/\/lightsourcebp.staging.1int.co.uk\/it\/wp-json\/wp\/v2\/pages\/476484","targetHints":{"allow":["GET"]}}],"collection":[{"href":"https:\/\/lightsourcebp.staging.1int.co.uk\/it\/wp-json\/wp\/v2\/pages"}],"about":[{"href":"https:\/\/lightsourcebp.staging.1int.co.uk\/it\/wp-json\/wp\/v2\/types\/page"}],"author":[{"embeddable":true,"href":"https:\/\/lightsourcebp.staging.1int.co.uk\/it\/wp-json\/wp\/v2\/users\/33"}],"replies":[{"embeddable":true,"href":"https:\/\/lightsourcebp.staging.1int.co.uk\/it\/wp-json\/wp\/v2\/comments?post=476484"}],"version-history":[{"count":2,"href":"https:\/\/lightsourcebp.staging.1int.co.uk\/it\/wp-json\/wp\/v2\/pages\/476484\/revisions"}],"predecessor-version":[{"id":476490,"href":"https:\/\/lightsourcebp.staging.1int.co.uk\/it\/wp-json\/wp\/v2\/pages\/476484\/revisions\/476490"}],"wp:featuredmedia":[{"embeddable":true,"href":"https:\/\/lightsourcebp.staging.1int.co.uk\/it\/wp-json\/wp\/v2\/media\/476486"}],"wp:attachment":[{"href":"https:\/\/lightsourcebp.staging.1int.co.uk\/it\/wp-json\/wp\/v2\/media?parent=476484"}],"curies":[{"name":"wp","href":"https:\/\/api.w.org\/{rel}","templated":true}]}}