{"id":163406,"date":"2022-09-20T08:47:58","date_gmt":"2022-09-20T08:47:58","guid":{"rendered":"https:\/\/lightsourcebp.staging.1int.co.uk\/sustainability\/"},"modified":"2025-06-11T10:42:18","modified_gmt":"2025-06-11T10:42:18","slug":"sustentabilidade","status":"publish","type":"page","link":"https:\/\/lightsourcebp.staging.1int.co.uk\/pt\/sustentabilidade\/","title":{"rendered":"Sustentabilidade"},"content":{"rendered":"<section class=\"block-page-title bg-color-white\">\n  <div class=\"pt-60 pt-lg-100\"><\/div>\n\n  <div class=\"container\">\n    <div class=\"row\">\n      <div class=\"col-12\">\n                <h1 class=\"fg-color-gradient\">Sustentabilidade<\/h1>\n      <\/div>\n    <\/div>\n  <\/div>\n\n  <div class=\"pt-60 pt-lg-100\"><\/div>\n<\/section>\n  \n\n\n<section class=\"banner-single position-relative\">\n  <div class=\"container-fluid\">\n    <div class=\"row\">\n      <div class=\"col-12 px-0\">\n                <div class=\"position-relative w-100 h-100 aspect-ratio-banner object-fit-cover\">\n          <picture>\n                    <source srcset=\"https:\/\/assets.lightsourcebp.staging.1int.co.uk\/app\/uploads\/2022\/11\/29203518\/sustainability-banner-image-aspect-ratio-1550-600-450x174.jpg, https:\/\/assets.lightsourcebp.staging.1int.co.uk\/app\/uploads\/2022\/11\/29203518\/sustainability-banner-image-aspect-ratio-1550-600-1000x387.jpg 2x\"\n                          media=\"(max-width: 575px)\">\n                    <source srcset=\"https:\/\/assets.lightsourcebp.staging.1int.co.uk\/app\/uploads\/2022\/11\/29203518\/sustainability-banner-image-aspect-ratio-1550-600-1000x387.jpg, https:\/\/assets.lightsourcebp.staging.1int.co.uk\/app\/uploads\/2022\/11\/29203518\/sustainability-banner-image-aspect-ratio-1550-600.jpg 2x\"\n                          media=\"(min-width: 576px) and (max-width: 991px)\">\n                    <source srcset=\"https:\/\/assets.lightsourcebp.staging.1int.co.uk\/app\/uploads\/2022\/11\/29203518\/sustainability-banner-image-aspect-ratio-1550-600.jpg, https:\/\/assets.lightsourcebp.staging.1int.co.uk\/app\/uploads\/2022\/11\/29203518\/sustainability-banner-image-aspect-ratio-1550-600.jpg 2x\"\n                          media=\"(min-width: 992px)\">\n                    <img loading=\"lazy\" decoding=\"async\" src=\"https:\/\/assets.lightsourcebp.staging.1int.co.uk\/app\/uploads\/2022\/11\/29203518\/sustainability-banner-image-aspect-ratio-1550-600.jpg\" alt=\"\"\n                       srcset=\"https:\/\/assets.lightsourcebp.staging.1int.co.uk\/app\/uploads\/2022\/11\/29203518\/sustainability-banner-image-aspect-ratio-1550-600.jpg 2x\"\n                       sizes=\"auto, 100vw\"\n                       class=\"position-absolute w-100 h-100 left-0 top-0 object-fit-cover\"\n                       width=\"1540\"\n                       height=\"596\">\n                <\/picture>\n        <\/div>\n              <\/div>\n    <\/div>\n  <\/div>\n<\/section>\n\n\n<section class=\"lightsource-bp-supports align block_acf-block-667549b2e6117 block\">\n  <div class=\"pt-60 pt-lg-100\"><\/div>\n\n    <div class=\"container\">\n      <div class=\"row\">\n        <div class=\"col-12\">\n          <h2 class=\"mb-25\"><\/h2>\n        <\/div>\n      <\/div>\n      <div class=\"row\">\n                  <div class=\"d-flex flex-column w-20 w-lg-12 mb-25\">\n            <picture><source srcset=\"https:\/\/assets.lightsourcebp.staging.1int.co.uk\/app\/uploads\/2022\/10\/26234026\/affordable-and-clean-energy.jpg 120w, https:\/\/assets.lightsourcebp.staging.1int.co.uk\/app\/uploads\/2022\/10\/26234026\/affordable-and-clean-energy-80x80.jpg 80w\" sizes=\"\"><img loading=\"lazy\" decoding=\"async\" src=\"https:\/\/assets.lightsourcebp.staging.1int.co.uk\/app\/uploads\/2022\/10\/26234026\/affordable-and-clean-energy.jpg\" alt=\"\" width=\"120\" height=\"120\" class=\"d-flex max-w-100 w-100 h-100\"><\/picture>\n          <\/div>\n                  <div class=\"d-flex flex-column w-20 w-lg-12 mb-25\">\n            <picture><source srcset=\"https:\/\/assets.lightsourcebp.staging.1int.co.uk\/app\/uploads\/2022\/12\/28234537\/sdg-8.png 120w, https:\/\/assets.lightsourcebp.staging.1int.co.uk\/app\/uploads\/2022\/12\/28234537\/sdg-8-80x80.png 80w\" sizes=\"\"><img loading=\"lazy\" decoding=\"async\" src=\"https:\/\/assets.lightsourcebp.staging.1int.co.uk\/app\/uploads\/2022\/12\/28234537\/sdg-8.png\" alt=\"\" width=\"120\" height=\"120\" class=\"d-flex max-w-100 w-100 h-100\"><\/picture>\n          <\/div>\n                  <div class=\"d-flex flex-column w-20 w-lg-12 mb-25\">\n            <picture><source srcset=\"https:\/\/assets.lightsourcebp.staging.1int.co.uk\/app\/uploads\/2022\/12\/28234532\/sdg-13.png 120w, https:\/\/assets.lightsourcebp.staging.1int.co.uk\/app\/uploads\/2022\/12\/28234532\/sdg-13-80x80.png 80w\" sizes=\"\"><img loading=\"lazy\" decoding=\"async\" src=\"https:\/\/assets.lightsourcebp.staging.1int.co.uk\/app\/uploads\/2022\/12\/28234532\/sdg-13.png\" alt=\"\" width=\"120\" height=\"120\" class=\"d-flex max-w-100 w-100 h-100\"><\/picture>\n          <\/div>\n                  <div class=\"d-flex flex-column w-20 w-lg-12 mb-25\">\n            <picture><source srcset=\"https:\/\/assets.lightsourcebp.staging.1int.co.uk\/app\/uploads\/2022\/12\/28234528\/sdg-15.png 120w, https:\/\/assets.lightsourcebp.staging.1int.co.uk\/app\/uploads\/2022\/12\/28234528\/sdg-15-80x80.png 80w\" sizes=\"\"><img loading=\"lazy\" decoding=\"async\" src=\"https:\/\/assets.lightsourcebp.staging.1int.co.uk\/app\/uploads\/2022\/12\/28234528\/sdg-15.png\" alt=\"\" width=\"120\" height=\"120\" class=\"d-flex max-w-100 w-100 h-100\"><\/picture>\n          <\/div>\n              <\/div>\n      <div class=\"row\">\n        <div class=\"col-12\">\n          <div class=\"font-size-paragraph-large\">\n            <p><a href=\"https:\/\/sdgs.un.org\/goals\">Apoiamos os Objetivos de Desenvolvimento Sustent\u00e1vel da ONU<\/a><\/p>\n\n          <\/div>\n      <\/div>\n    <\/div>\n\n  <div class=\"pt-30 pt-lg-100\"><\/div>\n<\/section>\n\n\n<section class=\"fifty-fifty align block_acf-block-68495d8a103cf block bg-color-white position-relative z-1 overflow-hidden\">\n        <div class=\"pt-30 pt-lg-15\"><\/div>\n\n    \n    <div class=\"fifty-fifty__row\">\n      <div class=\"container \">\n        <div class=\"row align-items-center\">\n                      <div class=\"col-12 col-lg-6 col-xl-5 align-self-center fifty-left d-flex flex-column order-2 order-lg-1\">\n                                                                  <h2 class=\"mb-20 \">Sustentabilidade, \u00e9 tempo de agir agora<\/h2>\n                                                                                                                                                                <div class=\"flex flex-column w-100 line-height-level-6 mb-15 fifty-fifty__text font-size-paragraph-large  fg-color-navy-text \">\n                    <p>As altera\u00e7\u00f5es clim\u00e1ticas, a descarboniza\u00e7\u00e3o da energia e a perda de biodiversidade est\u00e3o entre as quest\u00f5es globais complexas e interligadas que enfrentamos atualmente. Na Lightsource bp, estamos a tomar medidas para responder ao apelo urgente de abordar estas quest\u00f5es.<\/p>\n<p>A sustentabilidade \u00e9 um dos nossos valores. A nossa estrutura de sustentabilidade abrange tr\u00eas pilares fundamentais: <strong>Energia<\/strong>, <strong>Ambiente <\/strong>e <strong>Pessoas<\/strong>. Pode ver os nossos relat\u00f3rios anuais de sustentabilidade abaixo.<\/p>\n\n                  <\/div>\n                                                                                                                                                                                  <div class=\"d-inline-flex w-100 button-container mb-15\">\n                    <a class=\"button button--gradient my-0 mr-auto\" href=\"https:\/\/assets.lightsourcebp.staging.1int.co.uk\/app\/uploads\/2025\/05\/28103225\/Lightsource-bp-Sustainability-Report-2024-1.pdf\" target=\"_blank\"><span>Sustainability report 2024<\/span> <svg xmlns=\"http:\/\/www.w3.org\/2000\/svg\" width=\"8\" height=\"14\" fill=\"none\"><path stroke=\"currentColor\" stroke-linecap=\"round\" stroke-linejoin=\"round\" stroke-width=\"2\" d=\"m1 13 6-6-6-6\"\/><\/svg><\/a>\n                  <\/div>\n                                                                                                                                                                  <div class=\"d-inline-flex w-100 button-container mb-15\">\n                    <a class=\"button fg-color-orange fg-color- text-decoration-none font-weight-bold my-0 mr-auto\" href=\"https:\/\/assets.lightsourcebp.staging.1int.co.uk\/app\/uploads\/2024\/06\/19152736\/Lightsource-bp-Sustainability-Report-2023.pdf\" target=\"_self\"><span>Sustainability report 2023<\/span> <svg xmlns=\"http:\/\/www.w3.org\/2000\/svg\" width=\"24\" height=\"24\" fill=\"none\"><path stroke=\"currentColor\" stroke-linecap=\"round\" stroke-linejoin=\"round\" stroke-width=\"2\" d=\"M21 15v4a2 2 0 0 1-2 2H5a2 2 0 0 1-2-2v-4m4-5 5 5 5-5m-5 5V3\"\/><\/svg><\/a>\n                  <\/div>\n                                                                                                                                                                  <div class=\"d-inline-flex w-100 button-container mb-15\">\n                    <a class=\"button fg-color-orange fg-color- text-decoration-none font-weight-bold my-0 mr-auto\" href=\"https:\/\/assets.lightsourcebp.staging.1int.co.uk\/app\/uploads\/2023\/07\/21153904\/Lightsource-bp-Sustainability-Report-2022.pdf\" target=\"_blank\"><span>Sustainability report 2022<\/span> <svg xmlns=\"http:\/\/www.w3.org\/2000\/svg\" width=\"24\" height=\"24\" fill=\"none\"><path stroke=\"currentColor\" stroke-linecap=\"round\" stroke-linejoin=\"round\" stroke-width=\"2\" d=\"M21 15v4a2 2 0 0 1-2 2H5a2 2 0 0 1-2-2v-4m4-5 5 5 5-5m-5 5V3\"\/><\/svg><\/a>\n                  <\/div>\n                                                                                                                                                                  <div class=\"d-inline-flex w-100 button-container mb-15\">\n                    <a class=\"button fg-color-orange fg-color- text-decoration-none font-weight-bold my-0 mr-auto\" href=\"https:\/\/assets.lightsourcebp.staging.1int.co.uk\/app\/uploads\/2022\/11\/29201729\/Sustainability-Report-Lightsource-bp-2021.pdf\" target=\"_blank\"><span>Sustainability report 2021<\/span> <svg xmlns=\"http:\/\/www.w3.org\/2000\/svg\" width=\"24\" height=\"24\" fill=\"none\"><path stroke=\"currentColor\" stroke-linecap=\"round\" stroke-linejoin=\"round\" stroke-width=\"2\" d=\"M21 15v4a2 2 0 0 1-2 2H5a2 2 0 0 1-2-2v-4m4-5 5 5 5-5m-5 5V3\"\/><\/svg><\/a>\n                  <\/div>\n                                                                                          <\/div>\n                                <div class=\"col-12 col-lg-6 col-xl-6 offset-xl-1 align-self-center fifty-right d-flex flex-column mb-lg-0 mt-lg-0 order-3 order-lg-1  mt-15 \">\n                                                                                                                <div class=\"flex flex-column w-100 mb-30 fifty-fifty__image\">\n                    <picture><source srcset=\"https:\/\/assets.lightsourcebp.staging.1int.co.uk\/app\/uploads\/2022\/12\/28234546\/rectangle-166.jpg 624w, https:\/\/assets.lightsourcebp.staging.1int.co.uk\/app\/uploads\/2022\/12\/28234546\/rectangle-166-300x189.jpg 300w, https:\/\/assets.lightsourcebp.staging.1int.co.uk\/app\/uploads\/2022\/12\/28234546\/rectangle-166-80x50.jpg 80w, https:\/\/assets.lightsourcebp.staging.1int.co.uk\/app\/uploads\/2022\/12\/28234546\/rectangle-166-150x94.jpg 150w, https:\/\/assets.lightsourcebp.staging.1int.co.uk\/app\/uploads\/2022\/12\/28234546\/rectangle-166-450x283.jpg 450w\" sizes=\"100vw\"><img loading=\"lazy\" decoding=\"async\" src=\"https:\/\/assets.lightsourcebp.staging.1int.co.uk\/app\/uploads\/2022\/12\/28234546\/rectangle-166.jpg\" alt=\"\" width=\"624\" height=\"393\" class=\"d-flex max-w-100 w-100 h-auto mx-auto fit-cover rounded-10px\"><\/picture>\n                  <\/div>\n                                                                          <\/div>\n                  <\/div>\n      <\/div>\n    <\/div>\n\n  <div class=\"pt-30 pt-lg-100\"><\/div>\n  <\/section>\n\n\n<section class=\"fifty-fifty align block_acf-block-668fd8e8b6806 block bg-color-white position-relative z-1 overflow-hidden\">\n        <div class=\"pt-30 pt-lg-15\"><\/div>\n\n    \n    <div class=\"fifty-fifty__row\">\n      <div class=\"container \">\n        <div class=\"row align-items-center\">\n                      <div class=\"col-12 col-lg-6 col-xl-5 align-self-center fifty-left d-flex flex-column order-2 order-lg-1\">\n                                                                                                                <div class=\"flex flex-column w-100 mb-30 fifty-fifty__image\">\n                    <picture><source srcset=\"https:\/\/assets.lightsourcebp.staging.1int.co.uk\/app\/uploads\/2022\/10\/26234019\/solor-power-for-our-world.png 442w, https:\/\/assets.lightsourcebp.staging.1int.co.uk\/app\/uploads\/2022\/10\/26234019\/solor-power-for-our-world-300x300.png 300w, https:\/\/assets.lightsourcebp.staging.1int.co.uk\/app\/uploads\/2022\/10\/26234019\/solor-power-for-our-world-150x150.png 150w, https:\/\/assets.lightsourcebp.staging.1int.co.uk\/app\/uploads\/2022\/10\/26234019\/solor-power-for-our-world-80x80.png 80w\" sizes=\"100vw\"><img loading=\"lazy\" decoding=\"async\" src=\"https:\/\/assets.lightsourcebp.staging.1int.co.uk\/app\/uploads\/2022\/10\/26234019\/solor-power-for-our-world.png\" alt=\"\" width=\"442\" height=\"442\" class=\"d-flex max-w-100 w-100 h-auto mx-auto fit-cover rounded-10px\"><\/picture>\n                  <\/div>\n                                                          <\/div>\n                                <div class=\"col-12 col-lg-6 col-xl-6 offset-xl-1 align-self-center fifty-right d-flex flex-column mb-lg-0 mt-lg-0 order-3 order-lg-1  mt-15 \">\n                                                                  <h2 class=\"mb-20 \">A nossa estrutura de sustentabilidade<\/h2>\n                                                                                                                                                                                <div class=\"flex flex-column w-100 line-height-level-6 mb-15 fifty-fifty__text font-size-paragraph-medium  fg-color-navy-text \">\n\n                    <p>A nossa estrat\u00e9gia de sustentabilidade no seu n\u00facleo contribui para ajudar Portugal a transitar para um futuro com menos carbono atrav\u00e9s de projetos de energia solar desenvolvidos de forma respons\u00e1vel. Mas a nossa dedica\u00e7\u00e3o a um Portugal sustent\u00e1vel vai para al\u00e9m da energia solar. Veja a nossa estrutura para saber mais sobre os objetivos de sustentabilidade da Lightsource bp.<\/p>\n\n                  <\/div>\n                                                                                                                          <\/div>\n                  <\/div>\n      <\/div>\n    <\/div>\n\n  <div class=\"pt-30 pt-lg-100\"><\/div>\n  <\/section>\n\n\n<section class=\"full-width-50-50-list-with-image align block_acf-block-668fd8e8b6e5b block call-to-action\">\n    <div class=\"pt-60 pt-lg-30\"><\/div>\n\n  <div class=\"container-fluid z-2\">\n    <div class=\"row\">\n      <div class=\"col-12 col-lg-6 bg-color-orange-3-percent position-relative z-1 overflow-hidden pt-50 pb-50 pr-xl-130\">\n        <div class=\"d-flex flex-column flex-center h-100 px-15 px-md-50 py-60 py-lg-0\">\n                      <h3 class=\"mb-20\">Descubra mais<\/h3>\n                                <div class=\"flex flex-column w-100 line-height-level-5 fg-color-navy-text mb-50\">\n              Descubra mais sobre a nossa estrat\u00e9gia global de sustentabilidade\n            <\/div>\n                                              <div class=\"mb-30 border-bottom-1px border-solid border-left-0 border-right-0 border-top-0 border-color-beige w-100\">\n                <a class=\"call-to-action-hover-link d-block\" target=\"\" href=\"https:\/\/lightsourcebp.staging.1int.co.uk\/sustainability\/environment\/\" data-image-ref=\"1\">\n                  <div class=\"d-flex\">\n                    <div class=\"d-flex flex-grow-1 flex-column\">\n                      <h4 class=\"call-to-action-hover-link__title fg-color-orange mb-10\">Ambiente<\/h4>\n                      <p class=\"call-to-action-hover-link__text fg-color-navy-text line-height-level-5\">Ao ajudarmos a impulsionar a transi\u00e7\u00e3o para a energia verde e a combater os efeitos das altera\u00e7\u00f5es clim\u00e1ticas, mantemos uma consci\u00eancia clim\u00e1tica forte. Por isso, acompanhamos as nossas emiss\u00f5es de gases com efeito de estufa e os nossos res\u00edduos e procuramos continuamente reduzir ambos. Queremos continuar a melhorar os ecossistemas e a fomentar a biodiversidade nas comunidades em que trabalhamos em Portugal.<\/p>\n                    <\/div>\n                    <div class=\"mb-2 d-flex flex-end flex-middle fg-color-orange w-80px w-lg-140px pl-20\">\n                      <svg xmlns=\"http:\/\/www.w3.org\/2000\/svg\" width=\"8\" height=\"14\" fill=\"none\"><path stroke=\"currentColor\" stroke-linecap=\"round\" stroke-linejoin=\"round\" stroke-width=\"2\" d=\"M1 13l6-6-6-6\"\/><\/svg>\n                    <\/div>\n                  <\/div>\n                <\/a>\n              <\/div>\n                          <div class=\"mb-30 border-bottom-1px border-solid border-left-0 border-right-0 border-top-0 border-color-beige w-100\">\n                <a class=\"call-to-action-hover-link d-block\" target=\"\" href=\"https:\/\/lightsourcebp.staging.1int.co.uk\/sustainability\/energy\/\" data-image-ref=\"2\">\n                  <div class=\"d-flex\">\n                    <div class=\"d-flex flex-grow-1 flex-column\">\n                      <h4 class=\"call-to-action-hover-link__title fg-color-orange mb-10\">Energia<\/h4>\n                      <p class=\"call-to-action-hover-link__text fg-color-navy-text line-height-level-5\">Queremos inspirar e permitir que a milh\u00f5es de comunidades e empresas em Portugal e em todo o mundo, optem pela energia solar. A energia solar \u00e9 uma forma passiva de tecnologia que n\u00e3o produz subprodutos prejudiciais. Ao fornecer eletricidade local, sustent\u00e1vel e acess\u00edvel, podemos fazer dela a escolha natural para impulsionar a transi\u00e7\u00e3o para uma sociedade de baixo n\u00edvel de  emiss\u00f5es de carbono.<\/p>\n                    <\/div>\n                    <div class=\"mb-2 d-flex flex-end flex-middle fg-color-orange w-80px w-lg-140px pl-20\">\n                      <svg xmlns=\"http:\/\/www.w3.org\/2000\/svg\" width=\"8\" height=\"14\" fill=\"none\"><path stroke=\"currentColor\" stroke-linecap=\"round\" stroke-linejoin=\"round\" stroke-width=\"2\" d=\"M1 13l6-6-6-6\"\/><\/svg>\n                    <\/div>\n                  <\/div>\n                <\/a>\n              <\/div>\n                          <div class=\"mb-30 border-bottom-1px border-solid border-left-0 border-right-0 border-top-0 border-color-beige w-100\">\n                <a class=\"call-to-action-hover-link d-block\" target=\"\" href=\"https:\/\/lightsourcebp.staging.1int.co.uk\/sustainability\/social-responsibility\/\" data-image-ref=\"3\">\n                  <div class=\"d-flex\">\n                    <div class=\"d-flex flex-grow-1 flex-column\">\n                      <h4 class=\"call-to-action-hover-link__title fg-color-orange mb-10\">Pessoas<\/h4>\n                      <p class=\"call-to-action-hover-link__text fg-color-navy-text line-height-level-5\">Diversidade e inclus\u00e3o s\u00e3o uma parte importante da nossa cultura na Lightsource bp. Acreditamos que a nossa inclus\u00e3o nos distingue dos nossos concorrentes e nos d\u00e1 uma perspetiva \u00fanica e diversificada, mas n\u00e3o vamos parar por a\u00ed. Temos de continuar a alargar os limites do nosso pensamento e manter viva a vitalidade e transpar\u00eancia da nossa cultura, de modo a continuarmos a trabalhar para a nossa miss\u00e3o clim\u00e1tica positiva.<\/p>\n                    <\/div>\n                    <div class=\"mb-2 d-flex flex-end flex-middle fg-color-orange w-80px w-lg-140px pl-20\">\n                      <svg xmlns=\"http:\/\/www.w3.org\/2000\/svg\" width=\"8\" height=\"14\" fill=\"none\"><path stroke=\"currentColor\" stroke-linecap=\"round\" stroke-linejoin=\"round\" stroke-width=\"2\" d=\"M1 13l6-6-6-6\"\/><\/svg>\n                    <\/div>\n                  <\/div>\n                <\/a>\n              <\/div>\n                              <\/div>\n      <\/div>\n      <div class=\"col-12 col-lg-6 position-relative px-0\">\n        <picture><source srcset=\"https:\/\/assets.lightsourcebp.staging.1int.co.uk\/app\/uploads\/2022\/10\/26234012\/find-out-more-image-min.jpg 770w, https:\/\/assets.lightsourcebp.staging.1int.co.uk\/app\/uploads\/2022\/10\/26234012\/find-out-more-image-min-276x300.jpg 276w, https:\/\/assets.lightsourcebp.staging.1int.co.uk\/app\/uploads\/2022\/10\/26234012\/find-out-more-image-min-80x87.jpg 80w, https:\/\/assets.lightsourcebp.staging.1int.co.uk\/app\/uploads\/2022\/10\/26234012\/find-out-more-image-min-150x163.jpg 150w, https:\/\/assets.lightsourcebp.staging.1int.co.uk\/app\/uploads\/2022\/10\/26234012\/find-out-more-image-min-300x326.jpg 300w, https:\/\/assets.lightsourcebp.staging.1int.co.uk\/app\/uploads\/2022\/10\/26234012\/find-out-more-image-min-450x489.jpg 450w, https:\/\/assets.lightsourcebp.staging.1int.co.uk\/app\/uploads\/2022\/10\/26234012\/find-out-more-image-min-767x834.jpg 767w\" sizes=\"\"><img loading=\"lazy\" decoding=\"async\" src=\"https:\/\/assets.lightsourcebp.staging.1int.co.uk\/app\/uploads\/2022\/10\/26234012\/find-out-more-image-min.jpg\" alt=\"\" width=\"770\" height=\"837\" class=\"w-100 h-100 object-fit-cover\"><\/picture>\n                  <div class=\"call-to-action-hover-images position-absolute top-0 right-0 bottom-0 left-0\">\n                          <div class=\"call-to-action-hover-image position-absolute top-0 right-0 bottom-0 left-0\"  data-link-ref=\"1\">\n                <picture><source srcset=\"https:\/\/assets.lightsourcebp.staging.1int.co.uk\/app\/uploads\/2022\/12\/28234557\/environmental-stewardship-promo.jpg 700w, https:\/\/assets.lightsourcebp.staging.1int.co.uk\/app\/uploads\/2022\/12\/28234557\/environmental-stewardship-promo-300x285.jpg 300w, https:\/\/assets.lightsourcebp.staging.1int.co.uk\/app\/uploads\/2022\/12\/28234557\/environmental-stewardship-promo-80x76.jpg 80w, https:\/\/assets.lightsourcebp.staging.1int.co.uk\/app\/uploads\/2022\/12\/28234557\/environmental-stewardship-promo-150x142.jpg 150w, https:\/\/assets.lightsourcebp.staging.1int.co.uk\/app\/uploads\/2022\/12\/28234557\/environmental-stewardship-promo-450x427.jpg 450w\" sizes=\"\"><img loading=\"lazy\" decoding=\"async\" src=\"https:\/\/assets.lightsourcebp.staging.1int.co.uk\/app\/uploads\/2022\/12\/28234557\/environmental-stewardship-promo.jpg\" alt=\"\" width=\"700\" height=\"664\" class=\"w-100 h-100 object-fit-cover\"><\/picture>\n              <\/div>\n                          <div class=\"call-to-action-hover-image position-absolute top-0 right-0 bottom-0 left-0\"  data-link-ref=\"2\">\n                <picture><source srcset=\"https:\/\/assets.lightsourcebp.staging.1int.co.uk\/app\/uploads\/2022\/12\/28234601\/energy-promo.jpg 700w, https:\/\/assets.lightsourcebp.staging.1int.co.uk\/app\/uploads\/2022\/12\/28234601\/energy-promo-300x285.jpg 300w, https:\/\/assets.lightsourcebp.staging.1int.co.uk\/app\/uploads\/2022\/12\/28234601\/energy-promo-80x76.jpg 80w, https:\/\/assets.lightsourcebp.staging.1int.co.uk\/app\/uploads\/2022\/12\/28234601\/energy-promo-150x142.jpg 150w, https:\/\/assets.lightsourcebp.staging.1int.co.uk\/app\/uploads\/2022\/12\/28234601\/energy-promo-450x427.jpg 450w\" sizes=\"\"><img loading=\"lazy\" decoding=\"async\" src=\"https:\/\/assets.lightsourcebp.staging.1int.co.uk\/app\/uploads\/2022\/12\/28234601\/energy-promo.jpg\" alt=\"\" width=\"700\" height=\"664\" class=\"w-100 h-100 object-fit-cover\"><\/picture>\n              <\/div>\n                          <div class=\"call-to-action-hover-image position-absolute top-0 right-0 bottom-0 left-0\"  data-link-ref=\"3\">\n                <picture><source srcset=\"https:\/\/assets.lightsourcebp.staging.1int.co.uk\/app\/uploads\/2022\/12\/28234522\/social-rsponsibility-promo.jpg 700w, https:\/\/assets.lightsourcebp.staging.1int.co.uk\/app\/uploads\/2022\/12\/28234522\/social-rsponsibility-promo-300x285.jpg 300w, https:\/\/assets.lightsourcebp.staging.1int.co.uk\/app\/uploads\/2022\/12\/28234522\/social-rsponsibility-promo-80x76.jpg 80w, https:\/\/assets.lightsourcebp.staging.1int.co.uk\/app\/uploads\/2022\/12\/28234522\/social-rsponsibility-promo-150x142.jpg 150w, https:\/\/assets.lightsourcebp.staging.1int.co.uk\/app\/uploads\/2022\/12\/28234522\/social-rsponsibility-promo-450x427.jpg 450w\" sizes=\"\"><img loading=\"lazy\" decoding=\"async\" src=\"https:\/\/assets.lightsourcebp.staging.1int.co.uk\/app\/uploads\/2022\/12\/28234522\/social-rsponsibility-promo.jpg\" alt=\"\" width=\"700\" height=\"664\" class=\"w-100 h-100 object-fit-cover\"><\/picture>\n              <\/div>\n                      <\/div>\n              <\/div>\n    <\/div>\n  <\/div>\n<\/section>\n","protected":false},"excerpt":{"rendered":"","protected":false},"author":1,"featured_media":412153,"parent":0,"menu_order":0,"comment_status":"closed","ping_status":"closed","template":"","meta":{"_acf_changed":false,"inline_featured_image":false,"footnotes":""},"class_list":["post-163406","page","type-page","status-publish","has-post-thumbnail","hentry"],"acf":[],"aioseo_notices":[],"_links":{"self":[{"href":"https:\/\/lightsourcebp.staging.1int.co.uk\/pt\/wp-json\/wp\/v2\/pages\/163406","targetHints":{"allow":["GET"]}}],"collection":[{"href":"https:\/\/lightsourcebp.staging.1int.co.uk\/pt\/wp-json\/wp\/v2\/pages"}],"about":[{"href":"https:\/\/lightsourcebp.staging.1int.co.uk\/pt\/wp-json\/wp\/v2\/types\/page"}],"author":[{"embeddable":true,"href":"https:\/\/lightsourcebp.staging.1int.co.uk\/pt\/wp-json\/wp\/v2\/users\/1"}],"replies":[{"embeddable":true,"href":"https:\/\/lightsourcebp.staging.1int.co.uk\/pt\/wp-json\/wp\/v2\/comments?post=163406"}],"version-history":[{"count":13,"href":"https:\/\/lightsourcebp.staging.1int.co.uk\/pt\/wp-json\/wp\/v2\/pages\/163406\/revisions"}],"predecessor-version":[{"id":464706,"href":"https:\/\/lightsourcebp.staging.1int.co.uk\/pt\/wp-json\/wp\/v2\/pages\/163406\/revisions\/464706"}],"wp:featuredmedia":[{"embeddable":true,"href":"https:\/\/lightsourcebp.staging.1int.co.uk\/pt\/wp-json\/wp\/v2\/media\/412153"}],"wp:attachment":[{"href":"https:\/\/lightsourcebp.staging.1int.co.uk\/pt\/wp-json\/wp\/v2\/media?parent=163406"}],"curies":[{"name":"wp","href":"https:\/\/api.w.org\/{rel}","templated":true}]}}