{"id":163417,"date":"2022-12-07T12:47:28","date_gmt":"2022-12-07T12:47:28","guid":{"rendered":"https:\/\/lightsourcebp.staging.1int.co.uk\/biodiversidade\/"},"modified":"2024-08-21T15:53:58","modified_gmt":"2024-08-21T15:53:58","slug":"biodiversidade","status":"publish","type":"page","link":"https:\/\/lightsourcebp.staging.1int.co.uk\/pt\/biodiversidade\/","title":{"rendered":"Biodiversidade"},"content":{"rendered":"<section class=\"block-page-title bg-color-white\">\n  <div class=\"pt-60 pt-lg-100\"><\/div>\n\n  <div class=\"container\">\n    <div class=\"row\">\n      <div class=\"col-12\">\n                <h1 class=\"fg-color-gradient\">Biodiversidade<\/h1>\n      <\/div>\n    <\/div>\n  <\/div>\n\n  <div class=\"pt-60 pt-lg-100\"><\/div>\n<\/section>\n  \n\n\n<section class=\"banner-single position-relative\">\n  <div class=\"container-fluid\">\n    <div class=\"row\">\n      <div class=\"col-12 px-0\">\n                <div class=\"position-relative w-100 h-100 aspect-ratio-banner object-fit-cover\">\n          <picture>\n                    <source srcset=\"https:\/\/assets.lightsourcebp.staging.1int.co.uk\/app\/uploads\/2022\/12\/27202009\/2021-04-07-07.34.28-VENDIMIA-Plonsky-Cam-B-7671-Edit-MED-1920x800-2-aspect-ratio-450-490-2-450x490.jpg, https:\/\/assets.lightsourcebp.staging.1int.co.uk\/app\/uploads\/2022\/12\/27202009\/2021-04-07-07.34.28-VENDIMIA-Plonsky-Cam-B-7671-Edit-MED-1920x800-2-aspect-ratio-450-490-2.jpg 2x\"\n                          media=\"(max-width: 575px)\">\n                    <source srcset=\"https:\/\/assets.lightsourcebp.staging.1int.co.uk\/app\/uploads\/2022\/12\/28193521\/2021-04-07-07.34.28-VENDIMIA-Plonsky-Cam-B-7671-Edit-MED-1920x800-2-1000x417.jpg, https:\/\/assets.lightsourcebp.staging.1int.co.uk\/app\/uploads\/2022\/12\/28193521\/2021-04-07-07.34.28-VENDIMIA-Plonsky-Cam-B-7671-Edit-MED-1920x800-2.jpg 2x\"\n                          media=\"(min-width: 576px) and (max-width: 991px)\">\n                    <source srcset=\"https:\/\/assets.lightsourcebp.staging.1int.co.uk\/app\/uploads\/2022\/12\/28193521\/2021-04-07-07.34.28-VENDIMIA-Plonsky-Cam-B-7671-Edit-MED-1920x800-2.jpg, https:\/\/assets.lightsourcebp.staging.1int.co.uk\/app\/uploads\/2022\/12\/28193521\/2021-04-07-07.34.28-VENDIMIA-Plonsky-Cam-B-7671-Edit-MED-1920x800-2.jpg 2x\"\n                          media=\"(min-width: 992px)\">\n                    <img loading=\"lazy\" decoding=\"async\" src=\"https:\/\/assets.lightsourcebp.staging.1int.co.uk\/app\/uploads\/2022\/12\/28193521\/2021-04-07-07.34.28-VENDIMIA-Plonsky-Cam-B-7671-Edit-MED-1920x800-2.jpg\" alt=\"\"\n                       srcset=\"https:\/\/assets.lightsourcebp.staging.1int.co.uk\/app\/uploads\/2022\/12\/28193521\/2021-04-07-07.34.28-VENDIMIA-Plonsky-Cam-B-7671-Edit-MED-1920x800-2.jpg 2x\"\n                       sizes=\"auto, 100vw\"\n                       class=\"position-absolute w-100 h-100 left-0 top-0 object-fit-cover\"\n                       width=\"1920\"\n                       height=\"800\">\n                <\/picture>\n        <\/div>\n              <\/div>\n    <\/div>\n  <\/div>\n<\/section>\n\n\n<section class=\"text align block_acf-block-6690e6d7de540 block bg-color-orange-3-percent position-relative z-1 overflow-hidden\">\n    <div class=\"pt-60 pt-lg-100\"><\/div>\n\n      <img decoding=\"async\" class=\"position-absolute bottom-0 right-10 -z-1\" src=\"https:\/\/lightsourcebp.staging.1int.co.uk\/app\/themes\/lightsourcebp-theme\/dist\/images\/global\/background-swirls_935dfcd0.png\" alt=\"\" \/>\n  \n  <div class=\"container \">\n    <div class=\"row\">\n      <div class=\"col-12\">\n        <span class=\"rich-text standard-text fg-color-navy\">\n          <h2>Melhoria da biodiversidade adaptada para habitats portugueses<\/h2>\n<p>Portugal \u00e9 um pa\u00eds rico em vida selvagem e estima-se que aqui existam 35.000 esp\u00e9cies de animais e plantas, o que representa 22% do n\u00famero total de esp\u00e9cies da Europa. A degrada\u00e7\u00e3o e a fragmenta\u00e7\u00e3o do ecossistema s\u00e3o consideradas as maiores amea\u00e7as \u00e0s esp\u00e9cies em Portugal. A Lightsource bp est\u00e1 empenhada em preservar a biodiversidade portuguesa, atrav\u00e9s de um conjunto de iniciativas personalizadas.<\/p>\n\n        <\/span>\n      <\/div>\n    <\/div>\n  <\/div>\n\n  <div class=\"pt-60 pt-lg-100\"><\/div>\n<\/section>\n\n\n<section class=\"fifty-fifty align block_acf-block-6690e6d7dfb8b block bg-color-white position-relative z-1 overflow-hidden\">\n        <div class=\"pt-60 pt-lg-100\"><\/div>\n\n    \n    <div class=\"fifty-fifty__row\">\n      <div class=\"container \">\n        <div class=\"row align-items-center\">\n                      <div class=\"col-12 col-lg-6 align-self-center fifty-left d-flex flex-column order-2 order-lg-1\">\n                                                                  <h2 class=\"mb-20 \">Cria\u00e7\u00e3o de habitat polinizador<\/h2>\n                                                                                                                                                                <div class=\"flex flex-column w-100 line-height-level-6 mb-15 fifty-fifty__text font-size-paragraph-medium  fg-color-navy-text \">\n                    <p>Uma popula\u00e7\u00e3o de abelhas promove a poliniza\u00e7\u00e3o dos terrenos agr\u00edcolas circundantes, assim como a biodiversidade. Al\u00e9m disso, \u00e9 vital para um futuro sustent\u00e1vel, tanto em Portugal como em todo o mundo. Infelizmente, assistimos globalmente a uma preocupante diminui\u00e7\u00e3o das popula\u00e7\u00f5es de abelhas, o que se deve, em larga medida, ao desaparecimento dos seus habitats. As plantas selvagens s\u00e3o fundamentais para as popula\u00e7\u00f5es de abelhas. Por sua vez, isto aumenta a produ\u00e7\u00e3o agr\u00edcola e estes ecossistemas est\u00e3o a diminuir em todo o mundo. Inverter esta situa\u00e7\u00e3o \u00e9 um dos principais focos da Estrat\u00e9gia de Biodiversidade para 2030 da Comiss\u00e3o Europeia.<\/p>\n<p>As unidades de produ\u00e7\u00e3o de energia solar portuguesas podem ser o habitat ideal para as abelhas e para as borboletas. Aqui, n\u00e3o sofrem perturba\u00e7\u00f5es durante o ano e podem ajudar a promover o crescimento de flores silvestres e de vegeta\u00e7\u00e3o. Os projetos de energia solar da Lightsource bp s\u00e3o desenvolvidos de acordo com Planos de Gest\u00e3o da Biodiversidade adaptados, que incluem programas de planta\u00e7\u00e3o pormenorizados. Nos nossos projetos, inclu\u00edmos frequentemente misturas de flores e ervas de diversas esp\u00e9cies, o que proporciona uma forragem rica para polinizadores e insetos locais.<\/p>\n\n                  <\/div>\n                                                                                                          <\/div>\n                                <div class=\"col-12 col-lg-6 align-self-center fifty-right d-flex flex-column mb-lg-0 mt-lg-0 order-3 order-lg-1  mt-15 \">\n                                                                                                                <div class=\"flex flex-column w-100 mb-30 fifty-fifty__image\">\n                    <picture><source srcset=\"https:\/\/assets.lightsourcebp.staging.1int.co.uk\/app\/uploads\/2022\/12\/28193516\/2021-04-07-08.27.04-VENDIMIA-Plonsky-Cam-A-1534-MED-527x702-2.jpg 527w, https:\/\/assets.lightsourcebp.staging.1int.co.uk\/app\/uploads\/2022\/12\/28193516\/2021-04-07-08.27.04-VENDIMIA-Plonsky-Cam-A-1534-MED-527x702-2-225x300.jpg 225w, https:\/\/assets.lightsourcebp.staging.1int.co.uk\/app\/uploads\/2022\/12\/28193516\/2021-04-07-08.27.04-VENDIMIA-Plonsky-Cam-A-1534-MED-527x702-2-80x107.jpg 80w, https:\/\/assets.lightsourcebp.staging.1int.co.uk\/app\/uploads\/2022\/12\/28193516\/2021-04-07-08.27.04-VENDIMIA-Plonsky-Cam-A-1534-MED-527x702-2-150x200.jpg 150w, https:\/\/assets.lightsourcebp.staging.1int.co.uk\/app\/uploads\/2022\/12\/28193516\/2021-04-07-08.27.04-VENDIMIA-Plonsky-Cam-A-1534-MED-527x702-2-300x400.jpg 300w, https:\/\/assets.lightsourcebp.staging.1int.co.uk\/app\/uploads\/2022\/12\/28193516\/2021-04-07-08.27.04-VENDIMIA-Plonsky-Cam-A-1534-MED-527x702-2-450x599.jpg 450w\" sizes=\"100vw\"><img loading=\"lazy\" decoding=\"async\" src=\"https:\/\/assets.lightsourcebp.staging.1int.co.uk\/app\/uploads\/2022\/12\/28193516\/2021-04-07-08.27.04-VENDIMIA-Plonsky-Cam-A-1534-MED-527x702-2.jpg\" alt=\"\" width=\"527\" height=\"702\" class=\"d-flex max-w-100 w-100 h-auto mx-auto fit-cover rounded-10px\"><\/picture>\n                  <\/div>\n                                                                          <\/div>\n                  <\/div>\n      <\/div>\n    <\/div>\n\n  <div class=\"pt-60 pt-lg-100\"><\/div>\n  <\/section>\n\n\n<section class=\"fifty-fifty align block_acf-block-6690e6d7e004d block bg-color-white position-relative z-1 overflow-hidden\">\n        <div class=\"pt-60 pt-lg-100\"><\/div>\n\n    \n    <div class=\"fifty-fifty__row\">\n      <div class=\"container \">\n        <div class=\"row align-items-center\">\n                      <div class=\"col-12 col-lg-6 align-self-center fifty-left d-flex flex-column order-2 order-lg-1\">\n                                                                                                                <div class=\"flex flex-column w-100 mb-30 fifty-fifty__image\">\n                    <picture><source srcset=\"https:\/\/assets.lightsourcebp.staging.1int.co.uk\/app\/uploads\/2022\/12\/27113020\/Ladybug-at-briar-creek-390x520-2.jpg 390w, https:\/\/assets.lightsourcebp.staging.1int.co.uk\/app\/uploads\/2022\/12\/27113020\/Ladybug-at-briar-creek-390x520-2-225x300.jpg 225w, https:\/\/assets.lightsourcebp.staging.1int.co.uk\/app\/uploads\/2022\/12\/27113020\/Ladybug-at-briar-creek-390x520-2-80x107.jpg 80w, https:\/\/assets.lightsourcebp.staging.1int.co.uk\/app\/uploads\/2022\/12\/27113020\/Ladybug-at-briar-creek-390x520-2-150x200.jpg 150w, https:\/\/assets.lightsourcebp.staging.1int.co.uk\/app\/uploads\/2022\/12\/27113020\/Ladybug-at-briar-creek-390x520-2-300x400.jpg 300w\" sizes=\"100vw\"><img loading=\"lazy\" decoding=\"async\" src=\"https:\/\/assets.lightsourcebp.staging.1int.co.uk\/app\/uploads\/2022\/12\/27113020\/Ladybug-at-briar-creek-390x520-2.jpg\" alt=\"flowers and insect on solar field\" width=\"390\" height=\"520\" class=\"d-flex max-w-100 w-100 h-auto mx-auto fit-cover rounded-10px\"><\/picture>\n                  <\/div>\n                                                          <\/div>\n                                <div class=\"col-12 col-lg-6 align-self-center fifty-right d-flex flex-column mb-lg-0 mt-lg-0 order-3 order-lg-1  mt-15 \">\n                                                                  <h2 class=\"mb-20 \">Planta\u00e7\u00e3o, sementeira e manuten\u00e7\u00e3o de paisagem<\/h2>\n                                                                                                                                                                                <div class=\"flex flex-column w-100 line-height-level-6 mb-15 fifty-fifty__text font-size-paragraph-medium  fg-color-navy-text \">\n\n                    <p>Concebemos os layouts dos nossos projetos portugueses para que seja poss\u00edvel reter e proteger os habitats importantes existentes, bem como incluir novas planta\u00e7\u00f5es paisag\u00edsticas nos nossos planos. Damos prioridade a esp\u00e9cies locais quando plantamos \u00e1rvores e arbustos novos, o que proporciona a cria\u00e7\u00e3o de habitats para a flora e fauna locais, bem como integra\u00e7\u00e3o visual natural.<\/p>\n<h3>Melhoria do habitat<\/h3>\n<p>Os projetos de energia solar criam excelentes habitats para os animais, uma vez que o terreno permanece inalterado durante d\u00e9cadas, e protegido de riscos, como s\u00e3o as pessoas e os c\u00e3es. Inclu\u00edmos tamb\u00e9m frequentemente nos nossos projetos:<\/p>\n<ul>\n<li>port\u00f5es\/aberturas, instalados em cercas, para permitir que pequenos mam\u00edferos continuem a aceder ao terreno onde est\u00e1 instalado o projeto de energia solar<\/li>\n<li>caixas para p\u00e1ssaros e morcegos, para disponibilizar uma habita\u00e7\u00e3o adicional para prote\u00e7\u00e3o e reprodu\u00e7\u00e3o<\/li>\n<li>ref\u00fagios para r\u00e9pteis, para fornecer abrigos seguros para lagartos e outros r\u00e9pteis<\/li>\n<li>hot\u00e9is para insetos, para promover e apoiar popula\u00e7\u00f5es de invertebrados<\/li>\n<\/ul>\n\n                  <\/div>\n                                                                                                                          <\/div>\n                  <\/div>\n      <\/div>\n    <\/div>\n\n  <div class=\"pt-60 pt-lg-100\"><\/div>\n  <\/section>\n\n\n<section class=\"text align block_acf-block-6690e6d7e029c block bg-color-orange-3-percent position-relative z-1 overflow-hidden\">\n    <div class=\"pt-60 pt-lg-100\"><\/div>\n\n  \n  <div class=\"container \">\n    <div class=\"row\">\n      <div class=\"col-12\">\n        <span class=\"rich-text standard-text fg-color-navy\">\n          <h2>O nosso compromisso<\/h2>\n<p>Antes da constru\u00e7\u00e3o de qualquer projeto portugu\u00eas, a Lightsource bp compromete-se a consultar ecologistas devidamente qualificados para avaliarem as op\u00e7\u00f5es mais apropriadas, tendo em conta o local, com o objetivo de apoiar e promover a biodiversidade. Os especialistas ter\u00e3o a responsabilidade de preparar um Plano de Gest\u00e3o de Biodiversidade, no qual ficar\u00e1 definida a gest\u00e3o de biodiversidade espec\u00edfica do local selecionado. Ser\u00e3o tamb\u00e9m identificadas as medidas de melhoria a implementar, juntamente com os programas de monitoriza\u00e7\u00e3o e manuten\u00e7\u00e3o a longo prazo para assegurar que o espa\u00e7o tem um impacto positivo no meio ambiente local.<\/p>\n<p>Descubra mais sobre o nosso compromisso com a sustentabilidade em Portugal e no mundo na nossa p\u00e1gina de Sustentabilidade.<\/p>\n\n        <\/span>\n      <\/div>\n    <\/div>\n  <\/div>\n\n  <div class=\"pt-60 pt-lg-100\"><\/div>\n<\/section>\n\n\n<section class=\"contact-form align block_acf-block-66c60d95e4dfe block call-to-action\">\n  \n  <div class=\"container-fluid z-2\">\n    <div class=\"row\">\n      <div class=\"col-12 col-lg-6 px-0 position-relative\">\n        <picture><source srcset=\"https:\/\/assets.lightsourcebp.staging.1int.co.uk\/app\/uploads\/2022\/12\/26231023\/Lightsourcebp-landowner-supporting-image-2.jpg 624w, https:\/\/assets.lightsourcebp.staging.1int.co.uk\/app\/uploads\/2022\/12\/26231023\/Lightsourcebp-landowner-supporting-image-2-300x188.jpg 300w, https:\/\/assets.lightsourcebp.staging.1int.co.uk\/app\/uploads\/2022\/12\/26231023\/Lightsourcebp-landowner-supporting-image-2-80x50.jpg 80w, https:\/\/assets.lightsourcebp.staging.1int.co.uk\/app\/uploads\/2022\/12\/26231023\/Lightsourcebp-landowner-supporting-image-2-150x94.jpg 150w, https:\/\/assets.lightsourcebp.staging.1int.co.uk\/app\/uploads\/2022\/12\/26231023\/Lightsourcebp-landowner-supporting-image-2-450x281.jpg 450w\" sizes=\"\"><img loading=\"lazy\" decoding=\"async\" src=\"https:\/\/assets.lightsourcebp.staging.1int.co.uk\/app\/uploads\/2022\/12\/26231023\/Lightsourcebp-landowner-supporting-image-2.jpg\" alt=\"\" width=\"624\" height=\"390\" class=\"w-101 h-auto h-sm-100 object-fit-cover ml-15px\"><\/picture>\n        <div class=\"contact-form__overlap-text position-absolute bg-color-white top-35px top-sm-100px left-5 left-md-15 w-90 w-md-70 py-50 px-15 px-md-65\">\n                      <h2>Contacto<br>\n<\/h2>\n                    <p class=\"line-height-level-6 font-size-paragraph-large\">Estamos sempre dispon\u00edveis para ajudar em quaisquer quest\u00f5es.<\/p>\n                            <\/div>\n      <\/div>\n      <div class=\"col-12 col-lg-6 bg-color-gradient fg-color-navy position-relative z-1 overflow-hidden\">\n\n        <img decoding=\"async\" class=\"position-absolute top-n20 right-n125 right-sm-n100 right-md-n80 right-xl-n68 rotate-230 -z-1\" src=\"https:\/\/lightsourcebp.staging.1int.co.uk\/app\/themes\/lightsourcebp-theme\/dist\/images\/global\/background-swirls-alt-red_935dfcd0.png\" alt=\"\" \/>\n\n        <div class=\"d-flex flex-column flex-center px-15 px-md-100 py-40 py-lg-100\">\n                      <div class=\"row flex-center\">\n              <p class=\"fg-color-white font-weight-bold mb-30\">*Campo obrigat\u00f3rio<\/p>\n              <form novalidate action=\"https:\/\/lightsourcebp.staging.1int.co.uk\/pt\/forms\/contact-form\/#contact-form_acf-block-66c60d95e4dfe\" class=\"form d-flex flex-wrap text-left \" data-id=\"238124\" enctype=\"multipart\/form-data\">\n\n          <div id=\"tipo-de-consulta\" class=\"form__input-row d-flex flex-column mb-20 position-relative form__input-row--full  form__input-row--select \">\n          <label class=\"form__label user-select-none mb-12 font-weight-bold font-size-paragraph-small fg-color-white\" for=\"tipo-de-consulta_238124\">Tipo de consulta<span class=\"form__required-indicator\">*<\/span><\/label>\n    \n    <div class=\"position-relative w-100\">\n  <select\n    id=\"tipo-de-consulta_238124\"\n    class=\"form__select form__select--unselected pl-20 pr-50 py-14\"\n    name=\"tipo-de-consulta\"\n    data-field-label=\"Tipo de consulta&lt;span class=&quot;form__required-indicator&quot;&gt;*&lt;\/span&gt;\"\n  \/>\n    <option value=\"\" disabled 1>Please choose<\/option>\n          <option value=\"Informa\u00e7\u00e3o sobre arrendamento de terrenos\" >Informa\u00e7\u00e3o sobre arrendamento de terrenos<\/option>\n          <option value=\"Informa\u00e7\u00e3o sobre PPAs \/ compra de energia\" >Informa\u00e7\u00e3o sobre PPAs \/ compra de energia<\/option>\n          <option value=\"Informa\u00e7\u00e3o sobre projetos\" >Informa\u00e7\u00e3o sobre projetos<\/option>\n          <option value=\"Informa\u00e7\u00e3o geral\" >Informa\u00e7\u00e3o geral<\/option>\n          <option value=\"Informa\u00e7\u00e3o sobre oportunidades profissionais\" >Informa\u00e7\u00e3o sobre oportunidades profissionais<\/option>\n      <\/select>\n  <div class=\"pointer-events-none position-absolute d-flex flex-center flex-middle w-70px h-100 top-1px right-0 fg-color-white\">\n    \n  <\/div>\n<\/div>\n  <\/div>\n\n          <div id=\"nome\" class=\"form__input-row d-flex flex-column mb-20 position-relative form__input-row--full  form__input-row--text \">\n          <label class=\"form__label user-select-none mb-12 font-weight-bold font-size-paragraph-small fg-color-white\" for=\"nome_238124\">Nome<span class=\"form__required-indicator\">*<\/span><\/label>\n    \n    <input\n  id=\"nome_238124\"\n  class=\"form__input h-55px w-100 px-20 py-10\"\n  type=\"text\"\n  name=\"nome\"\n  placeholder=\"\"\n  value=\"\"\n\/>\n  <\/div>\n\n          <div id=\"email\" class=\"form__input-row d-flex flex-column mb-20 position-relative form__input-row--full  form__input-row--text \">\n          <label class=\"form__label user-select-none mb-12 font-weight-bold font-size-paragraph-small fg-color-white\" for=\"email_238124\">Email<span class=\"form__required-indicator\">*<\/span><\/label>\n    \n    <input\n  id=\"email_238124\"\n  class=\"form__input h-55px w-100 px-20 py-10\"\n  type=\"text\"\n  name=\"email\"\n  placeholder=\"\"\n  value=\"\"\n\/>\n  <\/div>\n\n          <div id=\"organizacao\" class=\"form__input-row d-flex flex-column mb-20 position-relative form__input-row--full  form__input-row--text \">\n          <label class=\"form__label user-select-none mb-12 font-weight-bold font-size-paragraph-small fg-color-white\" for=\"organizacao_238124\">Organiza\u00e7\u00e3o<\/label>\n    \n    <input\n  id=\"organizacao_238124\"\n  class=\"form__input h-55px w-100 px-20 py-10\"\n  type=\"text\"\n  name=\"organizacao\"\n  placeholder=\"\"\n  value=\"\"\n\/>\n  <\/div>\n\n          <div id=\"mensagem\" class=\"form__input-row d-flex flex-column mb-20 position-relative form__input-row--full  form__input-row--textarea \">\n          <label class=\"form__label user-select-none mb-12 font-weight-bold font-size-paragraph-small fg-color-white\" for=\"mensagem_238124\">Mensagem<span class=\"form__required-indicator\">*<\/span><\/label>\n    \n    <textarea\n  id=\"mensagem_238124\"\n  class=\"form__textarea w-100 position-relative px-20 py-22\"\n  name=\"mensagem\"\n  placeholder=\"\"\n  rows=\"2\"\n>\n<\/textarea>\n  <\/div>\n\n    \n    \n    <div class=\"form__input-row form__input-row--recaptcha form__input-row--full form__input-row--last relative d-flex justify-content-sm-center\">\n      <div name=\"recaptcha\" class=\"g-recaptcha\"><\/div>\n    <\/div>\n\n    <div class=\"d-flex mt-10\">\n      <div class=\"d-flex flex-column\">\n        \n        <div class=\"d-inline-flex w-100 button-container mt-20\">\n          <button class=\"form__submit-button button button--gradient my-0 mr-auto my-0\" href=\"\"><span class=\"button__text\">Enviar<\/span> <svg xmlns=\"http:\/\/www.w3.org\/2000\/svg\" width=\"24\" height=\"25\" fill=\"none\"><path stroke=\"currentColor\" stroke-linecap=\"round\" stroke-linejoin=\"round\" stroke-width=\"2\" d=\"m20 4.54-9 9m9-9-5.6 16-3.2-7.2-7.2-3.2 16-5.6Z\"\/><\/svg>\n<\/button>\n        <\/div>\n\n      <\/div>\n    <\/div>\n  <\/form>\n            <\/div>\n                  <\/div>\n      <\/div>\n    <\/div>\n  <\/div>\n<\/section>\n\n","protected":false},"excerpt":{"rendered":"","protected":false},"author":33,"featured_media":0,"parent":0,"menu_order":0,"comment_status":"closed","ping_status":"closed","template":"","meta":{"_acf_changed":false,"inline_featured_image":false,"footnotes":""},"class_list":["post-163417","page","type-page","status-publish","hentry"],"acf":[],"aioseo_notices":[],"_links":{"self":[{"href":"https:\/\/lightsourcebp.staging.1int.co.uk\/pt\/wp-json\/wp\/v2\/pages\/163417","targetHints":{"allow":["GET"]}}],"collection":[{"href":"https:\/\/lightsourcebp.staging.1int.co.uk\/pt\/wp-json\/wp\/v2\/pages"}],"about":[{"href":"https:\/\/lightsourcebp.staging.1int.co.uk\/pt\/wp-json\/wp\/v2\/types\/page"}],"author":[{"embeddable":true,"href":"https:\/\/lightsourcebp.staging.1int.co.uk\/pt\/wp-json\/wp\/v2\/users\/33"}],"replies":[{"embeddable":true,"href":"https:\/\/lightsourcebp.staging.1int.co.uk\/pt\/wp-json\/wp\/v2\/comments?post=163417"}],"version-history":[{"count":14,"href":"https:\/\/lightsourcebp.staging.1int.co.uk\/pt\/wp-json\/wp\/v2\/pages\/163417\/revisions"}],"predecessor-version":[{"id":403767,"href":"https:\/\/lightsourcebp.staging.1int.co.uk\/pt\/wp-json\/wp\/v2\/pages\/163417\/revisions\/403767"}],"wp:attachment":[{"href":"https:\/\/lightsourcebp.staging.1int.co.uk\/pt\/wp-json\/wp\/v2\/media?parent=163417"}],"curies":[{"name":"wp","href":"https:\/\/api.w.org\/{rel}","templated":true}]}}