{"id":163419,"date":"2022-12-07T12:46:53","date_gmt":"2022-12-07T12:46:53","guid":{"rendered":"https:\/\/lightsourcebp.staging.1int.co.uk\/agricultura\/"},"modified":"2025-07-08T07:02:57","modified_gmt":"2025-07-08T07:02:57","slug":"agricultura","status":"publish","type":"page","link":"https:\/\/lightsourcebp.staging.1int.co.uk\/pt\/agricultura\/","title":{"rendered":"Agricultura"},"content":{"rendered":"<section class=\"block-page-title bg-color-white\">\n  <div class=\"pt-60 pt-lg-100\"><\/div>\n\n  <div class=\"container\">\n    <div class=\"row\">\n      <div class=\"col-12\">\n                <h1 class=\"fg-color-gradient\">Agricultura<\/h1>\n      <\/div>\n    <\/div>\n  <\/div>\n\n  <div class=\"pt-60 pt-lg-100\"><\/div>\n<\/section>\n  \n\n\n<section class=\"banner-single position-relative\">\n  <div class=\"container-fluid\">\n    <div class=\"row\">\n      <div class=\"col-12 px-0\">\n                <div class=\"position-relative w-100 h-100 aspect-ratio-banner object-fit-cover\">\n          <picture>\n                    <source srcset=\"https:\/\/assets.lightsourcebp.staging.1int.co.uk\/app\/uploads\/2022\/12\/27201532\/Nittany-1_325A3498-1024x681-5-aspect-ratio-450-490-450x490.jpg, https:\/\/assets.lightsourcebp.staging.1int.co.uk\/app\/uploads\/2022\/12\/27201532\/Nittany-1_325A3498-1024x681-5-aspect-ratio-450-490.jpg 2x\"\n                          media=\"(max-width: 575px)\">\n                    <source srcset=\"https:\/\/assets.lightsourcebp.staging.1int.co.uk\/app\/uploads\/2022\/12\/27201536\/Nittany-1_325A3498-1024x681-5-1000x665.jpg, https:\/\/assets.lightsourcebp.staging.1int.co.uk\/app\/uploads\/2022\/12\/27201536\/Nittany-1_325A3498-1024x681-5.jpg 2x\"\n                          media=\"(min-width: 576px) and (max-width: 991px)\">\n                    <source srcset=\"https:\/\/assets.lightsourcebp.staging.1int.co.uk\/app\/uploads\/2022\/12\/27201536\/Nittany-1_325A3498-1024x681-5.jpg, https:\/\/assets.lightsourcebp.staging.1int.co.uk\/app\/uploads\/2022\/12\/27201536\/Nittany-1_325A3498-1024x681-5.jpg 2x\"\n                          media=\"(min-width: 992px)\">\n                    <img loading=\"lazy\" decoding=\"async\" src=\"https:\/\/assets.lightsourcebp.staging.1int.co.uk\/app\/uploads\/2022\/12\/27201536\/Nittany-1_325A3498-1024x681-5.jpg\" alt=\"\"\n                       srcset=\"https:\/\/assets.lightsourcebp.staging.1int.co.uk\/app\/uploads\/2022\/12\/27201536\/Nittany-1_325A3498-1024x681-5.jpg 2x\"\n                       sizes=\"auto, 100vw\"\n                       class=\"position-absolute w-100 h-100 left-0 top-0 object-fit-cover\"\n                       width=\"1024\"\n                       height=\"681\">\n                <\/picture>\n        <\/div>\n              <\/div>\n    <\/div>\n  <\/div>\n<\/section>\n\n\n<section class=\"text align block_acf-block-686cc29fd7943 block bg-color-orange-3-percent position-relative z-1 overflow-hidden\">\n    <div class=\"pt-60 pt-lg-100\"><\/div>\n\n      <img decoding=\"async\" class=\"position-absolute bottom-0 right-10 -z-1\" src=\"https:\/\/lightsourcebp.staging.1int.co.uk\/app\/themes\/lightsourcebp-theme\/dist\/images\/global\/background-swirls_935dfcd0.png\" alt=\"\" \/>\n  \n  <div class=\"container \">\n    <div class=\"row\">\n      <div class=\"col-12\">\n        <span class=\"rich-text standard-text fg-color-navy\">\n          <h2>Projetos de energia solar representam mais possibilidades do que apenas energia renov\u00e1vel<\/h2>\n<p>A energia solar fotovoltaica tem mais para oferecer \u00e0 sustentabilidade global do que simplesmente eletricidade renov\u00e1vel. Os projetos de energia solar podem ser elaborados para que possam coexistir, lado a lado, com as atividades agr\u00edcolas. Desta forma, permite-se que os terrenos continuem a fazer parte da economia rural local e mantenham um prop\u00f3sito agr\u00edcola.<\/p>\n<p>Ao comprometermo-nos em integrar a utiliza\u00e7\u00e3o de terrenos agr\u00edcolas com a energia solar fotovoltaica, os projetos de energia solar da Lightsource bp proporcionam fontes adicionais de rendimento aos agricultores e \u00e0s comunidades rurais de Portugal. Estas fontes extra de rendimento prov\u00eam do cultivo das terras, mas tamb\u00e9m da pastagem de gado e da cria\u00e7\u00e3o de abelhas. Desta forma, o terreno continua a destinar-se ao uso agr\u00edcola e est\u00e1 protegido do abandono ao longo da dura\u00e7\u00e3o do projeto solar, que pode ir at\u00e9 40 anos. Isto contribui para a redu\u00e7\u00e3o do risco local de desertifica\u00e7\u00e3o e instabilidade hidrogeol\u00f3gica.<\/p>\n\n        <\/span>\n      <\/div>\n    <\/div>\n  <\/div>\n\n  <div class=\"pt-60 pt-lg-100\"><\/div>\n<\/section>\n\n\n<section class=\"fifty-fifty align block_acf-block-6690e556a4dd0 block bg-color-white position-relative z-1 overflow-hidden\">\n        <div class=\"pt-60 pt-lg-100\"><\/div>\n\n    \n    <div class=\"fifty-fifty__row\">\n      <div class=\"container \">\n        <div class=\"row align-items-center\">\n                      <div class=\"col-12 col-lg-6 align-self-center fifty-left d-flex flex-column order-2 order-lg-1\">\n                                                                  <h2 class=\"mb-20 \">Pastagem<\/h2>\n                                                                                                                                                                <div class=\"flex flex-column w-100 line-height-level-6 mb-15 fifty-fifty__text font-size-paragraph-medium  fg-color-navy-text \">\n                    <p>As unidades de produ\u00e7\u00e3o de energia solar da Lightsource bp podem ser concebidas para permitir a presen\u00e7a de gado, apresentando assim uma fonte adicional de rendimento para grupos e comunidades agr\u00edcolas. Temos uma vasta experi\u00eancia na combina\u00e7\u00e3o de pastagem de gado e energia solar, e temos verificado que \u00e9 mutuamente ben\u00e9fico, ao criar uma utiliza\u00e7\u00e3o dupla, em conjunto com a produ\u00e7\u00e3o de energia renov\u00e1vel. Os nossos pain\u00e9is solares e equipamentos ocupam, normalmente, apenas 40% do terreno, deixando muito espa\u00e7o livre entre os pain\u00e9is para permitir o crescimento de vegeta\u00e7\u00e3o nativa e a pastagem de gado.<\/p>\n<p>Os desenvolvimentos na \u00e1rea da energia solar que permitem uma utiliza\u00e7\u00e3o dupla podem oferecer aos propriet\u00e1rios dos terrenos a capacidade de diversificarem o respetivo rendimento. Al\u00e9m disso, proporcionam um rendimento est\u00e1vel para as pr\u00f3ximas d\u00e9cadas, tornando poss\u00edvel a pastagem de gado no mesmo terreno em que \u00e9 produzida energia solar.<\/p>\n\n                  <\/div>\n                                                                                                          <\/div>\n                                <div class=\"col-12 col-lg-6 align-self-center fifty-right d-flex flex-column mb-lg-0 mt-lg-0 order-3 order-lg-1  mt-15 \">\n                                                                                                                <div class=\"flex flex-column w-100 mb-30 fifty-fifty__image\">\n                    <picture><source srcset=\"https:\/\/assets.lightsourcebp.staging.1int.co.uk\/app\/uploads\/2022\/12\/28194020\/HTgpzhtj-Sheep-Grazing-at-Broadgate-solar-farm-ID-701219-527x702-2.jpg 527w, https:\/\/assets.lightsourcebp.staging.1int.co.uk\/app\/uploads\/2022\/12\/28194020\/HTgpzhtj-Sheep-Grazing-at-Broadgate-solar-farm-ID-701219-527x702-2-225x300.jpg 225w, https:\/\/assets.lightsourcebp.staging.1int.co.uk\/app\/uploads\/2022\/12\/28194020\/HTgpzhtj-Sheep-Grazing-at-Broadgate-solar-farm-ID-701219-527x702-2-80x107.jpg 80w, https:\/\/assets.lightsourcebp.staging.1int.co.uk\/app\/uploads\/2022\/12\/28194020\/HTgpzhtj-Sheep-Grazing-at-Broadgate-solar-farm-ID-701219-527x702-2-150x200.jpg 150w, https:\/\/assets.lightsourcebp.staging.1int.co.uk\/app\/uploads\/2022\/12\/28194020\/HTgpzhtj-Sheep-Grazing-at-Broadgate-solar-farm-ID-701219-527x702-2-300x400.jpg 300w, https:\/\/assets.lightsourcebp.staging.1int.co.uk\/app\/uploads\/2022\/12\/28194020\/HTgpzhtj-Sheep-Grazing-at-Broadgate-solar-farm-ID-701219-527x702-2-450x599.jpg 450w\" sizes=\"100vw\"><img loading=\"lazy\" decoding=\"async\" src=\"https:\/\/assets.lightsourcebp.staging.1int.co.uk\/app\/uploads\/2022\/12\/28194020\/HTgpzhtj-Sheep-Grazing-at-Broadgate-solar-farm-ID-701219-527x702-2.jpg\" alt=\"\" width=\"527\" height=\"702\" class=\"d-flex max-w-100 w-100 h-auto mx-auto fit-cover rounded-10px\"><\/picture>\n                  <\/div>\n                                                                          <\/div>\n                  <\/div>\n      <\/div>\n    <\/div>\n\n  <div class=\"pt-60 pt-lg-100\"><\/div>\n  <\/section>\n\n\n<section class=\"fifty-fifty align block_acf-block-6690e556a610c block bg-color-white position-relative z-1 overflow-hidden\">\n        <div class=\"pt-60 pt-lg-100\"><\/div>\n\n    \n    <div class=\"fifty-fifty__row\">\n      <div class=\"container \">\n        <div class=\"row align-items-center\">\n                      <div class=\"col-12 col-lg-6 align-self-center fifty-left d-flex flex-column order-2 order-lg-1\">\n                                                                                                                <div class=\"flex flex-column w-100 mb-30 fifty-fifty__image\">\n                    <picture><source srcset=\"https:\/\/assets.lightsourcebp.staging.1int.co.uk\/app\/uploads\/2022\/12\/28194015\/yxELCHAt-UNP-Lightsourse-33416-Trevemper-Farm003-ID-684588-527x702-2.jpg 527w, https:\/\/assets.lightsourcebp.staging.1int.co.uk\/app\/uploads\/2022\/12\/28194015\/yxELCHAt-UNP-Lightsourse-33416-Trevemper-Farm003-ID-684588-527x702-2-225x300.jpg 225w, https:\/\/assets.lightsourcebp.staging.1int.co.uk\/app\/uploads\/2022\/12\/28194015\/yxELCHAt-UNP-Lightsourse-33416-Trevemper-Farm003-ID-684588-527x702-2-80x107.jpg 80w, https:\/\/assets.lightsourcebp.staging.1int.co.uk\/app\/uploads\/2022\/12\/28194015\/yxELCHAt-UNP-Lightsourse-33416-Trevemper-Farm003-ID-684588-527x702-2-150x200.jpg 150w, https:\/\/assets.lightsourcebp.staging.1int.co.uk\/app\/uploads\/2022\/12\/28194015\/yxELCHAt-UNP-Lightsourse-33416-Trevemper-Farm003-ID-684588-527x702-2-300x400.jpg 300w, https:\/\/assets.lightsourcebp.staging.1int.co.uk\/app\/uploads\/2022\/12\/28194015\/yxELCHAt-UNP-Lightsourse-33416-Trevemper-Farm003-ID-684588-527x702-2-450x599.jpg 450w\" sizes=\"100vw\"><img loading=\"lazy\" decoding=\"async\" src=\"https:\/\/assets.lightsourcebp.staging.1int.co.uk\/app\/uploads\/2022\/12\/28194015\/yxELCHAt-UNP-Lightsourse-33416-Trevemper-Farm003-ID-684588-527x702-2.jpg\" alt=\"\" width=\"527\" height=\"702\" class=\"d-flex max-w-100 w-100 h-auto mx-auto fit-cover rounded-10px\"><\/picture>\n                  <\/div>\n                                                          <\/div>\n                                <div class=\"col-12 col-lg-6 align-self-center fifty-right d-flex flex-column mb-lg-0 mt-lg-0 order-3 order-lg-1  mt-15 \">\n                                                                  <h2 class=\"mb-20 \">Crescimento de culturas<\/h2>\n                                                                                                                                                                                <div class=\"flex flex-column w-100 line-height-level-6 mb-15 fifty-fifty__text font-size-paragraph-medium  fg-color-navy-text \">\n\n                    <p>Com margens largas entre as filas de pain\u00e9is para evitar a forma\u00e7\u00e3o de sombra, os nossos projetos de energia solar em Portugal s\u00e3o os locais ideais para uma variedade de culturas. Normalmente, as unidades de produ\u00e7\u00e3o de energia solar da Lightsource bp podem ser utilizadas para o crescimento de ervas para a produ\u00e7\u00e3o de feno, uma vez que os espa\u00e7os livres entre as filas de pain\u00e9is s\u00e3o suficientemente largos para permitirem o acesso de tratores e outros ve\u00edculos agr\u00edcolas. Assim, as atividades agr\u00edcolas podem continuar a ser realizadas no local.<\/p>\n<p>Realizamos, frequentemente, a planta\u00e7\u00e3o de \u00e1rvores em torno das zonas lim\u00edtrofes dos nossos projetos portugueses, de forma a integr\u00e1-los visualmente na paisagem. Isto pode tamb\u00e9m proporcionar uma boa oportunidade para o crescimento local de culturas arb\u00f3reas e outras esp\u00e9cies aut\u00f3ctones, o que representa uma fonte adicional de rendimento e se consubstancia num empreendimento agr\u00edcola, ao mesmo tempo que enriquece a biodiversidade local.<\/p>\n\n                  <\/div>\n                                                                                                                          <\/div>\n                  <\/div>\n      <\/div>\n    <\/div>\n\n  <div class=\"pt-60 pt-lg-100\"><\/div>\n  <\/section>\n\n\n<section class=\"fifty-fifty align block_acf-block-6690e556a6181 block bg-color-white position-relative z-1 overflow-hidden\">\n        <div class=\"pt-60 pt-lg-100\"><\/div>\n\n    \n    <div class=\"fifty-fifty__row\">\n      <div class=\"container \">\n        <div class=\"row align-items-center\">\n                      <div class=\"col-12 col-lg-6 align-self-center fifty-left d-flex flex-column order-2 order-lg-1\">\n                                                                  <h2 class=\"mb-20 \">Apicultura<\/h2>\n                                                                                                                                                                <div class=\"flex flex-column w-100 line-height-level-6 mb-15 fifty-fifty__text font-size-paragraph-medium  fg-color-navy-text \">\n                    <p>Os projetos de energia solar da Lightsource bp em Portugal podem tornar-se na localiza\u00e7\u00e3o perfeita para a apicultura, com espa\u00e7os amplos para colmeias e a possibilidade de plantar prados de flores silvestres com grande variedade de esp\u00e9cies, que criem habitats e forragem. Estabelecemos parcerias com os apicultores locais para instalar e manter as colmeias e, em muitos casos, para produzir o nosso pr\u00f3prio mel no local do projeto de energia solar.<\/p>\n\n                  <\/div>\n                                                                                                          <\/div>\n                                <div class=\"col-12 col-lg-6 align-self-center fifty-right d-flex flex-column mb-lg-0 mt-lg-0 order-3 order-lg-1  mt-15 \">\n                                                                                                                <div class=\"flex flex-column w-100 mb-30 fifty-fifty__image\">\n                    <picture><source srcset=\"https:\/\/assets.lightsourcebp.staging.1int.co.uk\/app\/uploads\/2022\/12\/28194011\/zQG9jaTC-Wilburton-Beekeeping_2018_18-527x702-2.jpg 527w, https:\/\/assets.lightsourcebp.staging.1int.co.uk\/app\/uploads\/2022\/12\/28194011\/zQG9jaTC-Wilburton-Beekeeping_2018_18-527x702-2-225x300.jpg 225w, https:\/\/assets.lightsourcebp.staging.1int.co.uk\/app\/uploads\/2022\/12\/28194011\/zQG9jaTC-Wilburton-Beekeeping_2018_18-527x702-2-80x107.jpg 80w, https:\/\/assets.lightsourcebp.staging.1int.co.uk\/app\/uploads\/2022\/12\/28194011\/zQG9jaTC-Wilburton-Beekeeping_2018_18-527x702-2-150x200.jpg 150w, https:\/\/assets.lightsourcebp.staging.1int.co.uk\/app\/uploads\/2022\/12\/28194011\/zQG9jaTC-Wilburton-Beekeeping_2018_18-527x702-2-300x400.jpg 300w, https:\/\/assets.lightsourcebp.staging.1int.co.uk\/app\/uploads\/2022\/12\/28194011\/zQG9jaTC-Wilburton-Beekeeping_2018_18-527x702-2-450x599.jpg 450w\" sizes=\"100vw\"><img loading=\"lazy\" decoding=\"async\" src=\"https:\/\/assets.lightsourcebp.staging.1int.co.uk\/app\/uploads\/2022\/12\/28194011\/zQG9jaTC-Wilburton-Beekeeping_2018_18-527x702-2.jpg\" alt=\"\" width=\"527\" height=\"702\" class=\"d-flex max-w-100 w-100 h-auto mx-auto fit-cover rounded-10px\"><\/picture>\n                  <\/div>\n                                                                          <\/div>\n                  <\/div>\n      <\/div>\n    <\/div>\n\n  <div class=\"pt-60 pt-lg-100\"><\/div>\n  <\/section>\n\n\n<section class=\"contact-form align block_acf-block-66c60d6459497 block call-to-action\">\n  \n  <div class=\"container-fluid z-2\">\n    <div class=\"row\">\n      <div class=\"col-12 col-lg-6 px-0 position-relative\">\n        <picture><source srcset=\"https:\/\/assets.lightsourcebp.staging.1int.co.uk\/app\/uploads\/2022\/12\/26231023\/Lightsourcebp-landowner-supporting-image-2.jpg 624w, https:\/\/assets.lightsourcebp.staging.1int.co.uk\/app\/uploads\/2022\/12\/26231023\/Lightsourcebp-landowner-supporting-image-2-300x188.jpg 300w, https:\/\/assets.lightsourcebp.staging.1int.co.uk\/app\/uploads\/2022\/12\/26231023\/Lightsourcebp-landowner-supporting-image-2-80x50.jpg 80w, https:\/\/assets.lightsourcebp.staging.1int.co.uk\/app\/uploads\/2022\/12\/26231023\/Lightsourcebp-landowner-supporting-image-2-150x94.jpg 150w, https:\/\/assets.lightsourcebp.staging.1int.co.uk\/app\/uploads\/2022\/12\/26231023\/Lightsourcebp-landowner-supporting-image-2-450x281.jpg 450w\" sizes=\"\"><img loading=\"lazy\" decoding=\"async\" src=\"https:\/\/assets.lightsourcebp.staging.1int.co.uk\/app\/uploads\/2022\/12\/26231023\/Lightsourcebp-landowner-supporting-image-2.jpg\" alt=\"\" width=\"624\" height=\"390\" class=\"w-101 h-auto h-sm-100 object-fit-cover ml-15px\"><\/picture>\n        <div class=\"contact-form__overlap-text position-absolute bg-color-white top-35px top-sm-100px left-5 left-md-15 w-90 w-md-70 py-50 px-15 px-md-65\">\n                      <h2>Contacto<br>\n<\/h2>\n                    <p class=\"line-height-level-6 font-size-paragraph-large\">Estamos sempre dispon\u00edveis para ajudar em quaisquer quest\u00f5es.<\/p>\n                            <\/div>\n      <\/div>\n      <div class=\"col-12 col-lg-6 bg-color-gradient fg-color-navy position-relative z-1 overflow-hidden\">\n\n        <img decoding=\"async\" class=\"position-absolute top-n20 right-n125 right-sm-n100 right-md-n80 right-xl-n68 rotate-230 -z-1\" src=\"https:\/\/lightsourcebp.staging.1int.co.uk\/app\/themes\/lightsourcebp-theme\/dist\/images\/global\/background-swirls-alt-red_935dfcd0.png\" alt=\"\" \/>\n\n        <div class=\"d-flex flex-column flex-center px-15 px-md-100 py-40 py-lg-100\">\n                      <div class=\"row flex-center\">\n              <p class=\"fg-color-white font-weight-bold mb-30\">*Campo obrigat\u00f3rio<\/p>\n              <form novalidate action=\"https:\/\/lightsourcebp.staging.1int.co.uk\/pt\/forms\/contact-form\/#contact-form_acf-block-66c60d6459497\" class=\"form d-flex flex-wrap text-left \" data-id=\"238124\" enctype=\"multipart\/form-data\">\n\n          <div id=\"tipo-de-consulta\" class=\"form__input-row d-flex flex-column mb-20 position-relative form__input-row--full  form__input-row--select \">\n          <label class=\"form__label user-select-none mb-12 font-weight-bold font-size-paragraph-small fg-color-white\" for=\"tipo-de-consulta_238124\">Tipo de consulta<span class=\"form__required-indicator\">*<\/span><\/label>\n    \n    <div class=\"position-relative w-100\">\n  <select\n    id=\"tipo-de-consulta_238124\"\n    class=\"form__select form__select--unselected pl-20 pr-50 py-14\"\n    name=\"tipo-de-consulta\"\n    data-field-label=\"Tipo de consulta&lt;span class=&quot;form__required-indicator&quot;&gt;*&lt;\/span&gt;\"\n  \/>\n    <option value=\"\" disabled 1>Please choose<\/option>\n          <option value=\"Informa\u00e7\u00e3o sobre arrendamento de terrenos\" >Informa\u00e7\u00e3o sobre arrendamento de terrenos<\/option>\n          <option value=\"Informa\u00e7\u00e3o sobre PPAs \/ compra de energia\" >Informa\u00e7\u00e3o sobre PPAs \/ compra de energia<\/option>\n          <option value=\"Informa\u00e7\u00e3o sobre projetos\" >Informa\u00e7\u00e3o sobre projetos<\/option>\n          <option value=\"Informa\u00e7\u00e3o geral\" >Informa\u00e7\u00e3o geral<\/option>\n          <option value=\"Informa\u00e7\u00e3o sobre oportunidades profissionais\" >Informa\u00e7\u00e3o sobre oportunidades profissionais<\/option>\n      <\/select>\n  <div class=\"pointer-events-none position-absolute d-flex flex-center flex-middle w-70px h-100 top-1px right-0 fg-color-white\">\n    \n  <\/div>\n<\/div>\n  <\/div>\n\n          <div id=\"nome\" class=\"form__input-row d-flex flex-column mb-20 position-relative form__input-row--full  form__input-row--text \">\n          <label class=\"form__label user-select-none mb-12 font-weight-bold font-size-paragraph-small fg-color-white\" for=\"nome_238124\">Nome<span class=\"form__required-indicator\">*<\/span><\/label>\n    \n    <input\n  id=\"nome_238124\"\n  class=\"form__input h-55px w-100 px-20 py-10\"\n  type=\"text\"\n  name=\"nome\"\n  placeholder=\"\"\n  value=\"\"\n\/>\n  <\/div>\n\n          <div id=\"email\" class=\"form__input-row d-flex flex-column mb-20 position-relative form__input-row--full  form__input-row--text \">\n          <label class=\"form__label user-select-none mb-12 font-weight-bold font-size-paragraph-small fg-color-white\" for=\"email_238124\">Email<span class=\"form__required-indicator\">*<\/span><\/label>\n    \n    <input\n  id=\"email_238124\"\n  class=\"form__input h-55px w-100 px-20 py-10\"\n  type=\"text\"\n  name=\"email\"\n  placeholder=\"\"\n  value=\"\"\n\/>\n  <\/div>\n\n          <div id=\"organizacao\" class=\"form__input-row d-flex flex-column mb-20 position-relative form__input-row--full  form__input-row--text \">\n          <label class=\"form__label user-select-none mb-12 font-weight-bold font-size-paragraph-small fg-color-white\" for=\"organizacao_238124\">Organiza\u00e7\u00e3o<\/label>\n    \n    <input\n  id=\"organizacao_238124\"\n  class=\"form__input h-55px w-100 px-20 py-10\"\n  type=\"text\"\n  name=\"organizacao\"\n  placeholder=\"\"\n  value=\"\"\n\/>\n  <\/div>\n\n          <div id=\"mensagem\" class=\"form__input-row d-flex flex-column mb-20 position-relative form__input-row--full  form__input-row--textarea \">\n          <label class=\"form__label user-select-none mb-12 font-weight-bold font-size-paragraph-small fg-color-white\" for=\"mensagem_238124\">Mensagem<span class=\"form__required-indicator\">*<\/span><\/label>\n    \n    <textarea\n  id=\"mensagem_238124\"\n  class=\"form__textarea w-100 position-relative px-20 py-22\"\n  name=\"mensagem\"\n  placeholder=\"\"\n  rows=\"2\"\n>\n<\/textarea>\n  <\/div>\n\n    \n    \n    <div class=\"form__input-row form__input-row--recaptcha form__input-row--full form__input-row--last relative d-flex justify-content-sm-center\">\n      <div name=\"recaptcha\" class=\"g-recaptcha\"><\/div>\n    <\/div>\n\n    <div class=\"d-flex mt-10\">\n      <div class=\"d-flex flex-column\">\n        \n        <div class=\"d-inline-flex w-100 button-container mt-20\">\n          <button class=\"form__submit-button button button--gradient my-0 mr-auto my-0\" href=\"\"><span class=\"button__text\">Enviar<\/span> <svg xmlns=\"http:\/\/www.w3.org\/2000\/svg\" width=\"24\" height=\"25\" fill=\"none\"><path stroke=\"currentColor\" stroke-linecap=\"round\" stroke-linejoin=\"round\" stroke-width=\"2\" d=\"m20 4.54-9 9m9-9-5.6 16-3.2-7.2-7.2-3.2 16-5.6Z\"\/><\/svg>\n<\/button>\n        <\/div>\n\n      <\/div>\n    <\/div>\n  <\/form>\n            <\/div>\n                  <\/div>\n      <\/div>\n    <\/div>\n  <\/div>\n<\/section>\n\n","protected":false},"excerpt":{"rendered":"","protected":false},"author":33,"featured_media":0,"parent":0,"menu_order":0,"comment_status":"closed","ping_status":"closed","template":"","meta":{"_acf_changed":false,"inline_featured_image":false,"footnotes":""},"class_list":["post-163419","page","type-page","status-publish","hentry"],"acf":[],"aioseo_notices":[],"_links":{"self":[{"href":"https:\/\/lightsourcebp.staging.1int.co.uk\/pt\/wp-json\/wp\/v2\/pages\/163419","targetHints":{"allow":["GET"]}}],"collection":[{"href":"https:\/\/lightsourcebp.staging.1int.co.uk\/pt\/wp-json\/wp\/v2\/pages"}],"about":[{"href":"https:\/\/lightsourcebp.staging.1int.co.uk\/pt\/wp-json\/wp\/v2\/types\/page"}],"author":[{"embeddable":true,"href":"https:\/\/lightsourcebp.staging.1int.co.uk\/pt\/wp-json\/wp\/v2\/users\/33"}],"replies":[{"embeddable":true,"href":"https:\/\/lightsourcebp.staging.1int.co.uk\/pt\/wp-json\/wp\/v2\/comments?post=163419"}],"version-history":[{"count":8,"href":"https:\/\/lightsourcebp.staging.1int.co.uk\/pt\/wp-json\/wp\/v2\/pages\/163419\/revisions"}],"predecessor-version":[{"id":466696,"href":"https:\/\/lightsourcebp.staging.1int.co.uk\/pt\/wp-json\/wp\/v2\/pages\/163419\/revisions\/466696"}],"wp:attachment":[{"href":"https:\/\/lightsourcebp.staging.1int.co.uk\/pt\/wp-json\/wp\/v2\/media?parent=163419"}],"curies":[{"name":"wp","href":"https:\/\/api.w.org\/{rel}","templated":true}]}}