{"id":163440,"date":"2022-10-24T15:04:18","date_gmt":"2022-10-24T15:04:18","guid":{"rendered":"https:\/\/lightsourcebp.staging.1int.co.uk\/careers\/"},"modified":"2024-07-12T08:34:08","modified_gmt":"2024-07-12T08:34:08","slug":"carreiras","status":"publish","type":"page","link":"https:\/\/lightsourcebp.staging.1int.co.uk\/pt\/carreiras\/","title":{"rendered":"Carreiras"},"content":{"rendered":"<section class=\"block-page-title bg-color-white\">\n  <div class=\"pt-60 pt-lg-100\"><\/div>\n\n  <div class=\"container\">\n    <div class=\"row\">\n      <div class=\"col-12\">\n                <h1 class=\"fg-color-gradient\">Carreiras<\/h1>\n      <\/div>\n    <\/div>\n  <\/div>\n\n  <div class=\"pt-60 pt-lg-100\"><\/div>\n<\/section>\n  \n\n\n<section class=\"banner-single position-relative\">\n  <div class=\"container-fluid\">\n    <div class=\"row\">\n      <div class=\"col-12 px-0\">\n                <div class=\"position-relative w-100 h-100 aspect-ratio-banner object-fit-cover\">\n          <picture>\n                    <source srcset=\"https:\/\/assets.lightsourcebp.staging.1int.co.uk\/app\/uploads\/2022\/11\/29201805\/careers-banner-image-min-aspect-ratio-1550-600-450x174.jpg, https:\/\/assets.lightsourcebp.staging.1int.co.uk\/app\/uploads\/2022\/11\/29201805\/careers-banner-image-min-aspect-ratio-1550-600-1000x387.jpg 2x\"\n                          media=\"(max-width: 575px)\">\n                    <source srcset=\"https:\/\/assets.lightsourcebp.staging.1int.co.uk\/app\/uploads\/2022\/11\/29201805\/careers-banner-image-min-aspect-ratio-1550-600-1000x387.jpg, https:\/\/assets.lightsourcebp.staging.1int.co.uk\/app\/uploads\/2022\/11\/29201805\/careers-banner-image-min-aspect-ratio-1550-600-1920x743.jpg 2x\"\n                          media=\"(min-width: 576px) and (max-width: 991px)\">\n                    <source srcset=\"https:\/\/assets.lightsourcebp.staging.1int.co.uk\/app\/uploads\/2022\/11\/29201805\/careers-banner-image-min-aspect-ratio-1550-600.jpg, https:\/\/assets.lightsourcebp.staging.1int.co.uk\/app\/uploads\/2022\/11\/29201805\/careers-banner-image-min-aspect-ratio-1550-600.jpg 2x\"\n                          media=\"(min-width: 992px)\">\n                    <img loading=\"lazy\" decoding=\"async\" src=\"https:\/\/assets.lightsourcebp.staging.1int.co.uk\/app\/uploads\/2022\/11\/29201805\/careers-banner-image-min-aspect-ratio-1550-600.jpg\" alt=\"\"\n                       srcset=\"https:\/\/assets.lightsourcebp.staging.1int.co.uk\/app\/uploads\/2022\/11\/29201805\/careers-banner-image-min-aspect-ratio-1550-600.jpg 2x\"\n                       sizes=\"auto, 100vw\"\n                       class=\"position-absolute w-100 h-100 left-0 top-0 object-fit-cover\"\n                       width=\"2148\"\n                       height=\"831\">\n                <\/picture>\n        <\/div>\n              <\/div>\n    <\/div>\n  <\/div>\n<\/section>\n\n\n<section class=\"fifty-fifty align block_acf-block-6690ea4124931 block bg-color-white position-relative z-1 overflow-hidden\">\n        <div class=\"pt-60 pt-lg-100\"><\/div>\n\n    \n    <div class=\"fifty-fifty__row\">\n      <div class=\"container \">\n        <div class=\"row align-items-center\">\n                      <div class=\"col-12 col-lg-6 col-xl-5 align-self-center fifty-left d-flex flex-column order-2 order-lg-1\">\n                                                                  <h2 class=\"mb-20 \">Seja a mudan\u00e7a<\/h2>\n                                                                                                                                                                <div class=\"flex flex-column w-100 line-height-level-6 mb-15 fifty-fifty__text font-size-paragraph-medium  fg-color-navy-text \">\n                    <p>A Lightsource bp \u00e9 composta por um grupo diversificado de pessoas apaixonadas e com vontade de mudar o mundo. A nossa equipa em Portugal trabalha com uma s\u00e9rie de empresas e comunidades para ajudar o pa\u00eds a atingir os seus objetivos em mat\u00e9ria de energias renov\u00e1veis e transi\u00e7\u00e3o energ\u00e9tica. Trabalhando em estreita colabora\u00e7\u00e3o com os nossos colegas de todo o mundo, podemos tirar partido de uma m\u00faltiplas experi\u00eancias para fazer a diferen\u00e7a aqui em Portugal.<\/p>\n\n                  <\/div>\n                                                                                                          <\/div>\n                                <div class=\"col-12 col-lg-6 col-xl-6 offset-xl-1 align-self-center fifty-right d-flex flex-column mb-lg-0 mt-lg-0 order-3 order-lg-1  mt-15 \">\n                                                                                                                  <div class=\"flex flex-column w-100 mb-30 fifty-fifty__video\">\n                    <div class=\"video video--third-party ratio ratio-16x9 position-relative no-highlight\">\n  <div class=\"video__poster position-absolute w-100 h-100 left-0 top-0 bg-color-red z-1\">\n          <picture><source data-srcset=\"https:\/\/assets.lightsourcebp.staging.1int.co.uk\/app\/uploads\/2022\/12\/28232023\/bem-the-change-video.jpg 624w, https:\/\/assets.lightsourcebp.staging.1int.co.uk\/app\/uploads\/2022\/12\/28232023\/bem-the-change-video-300x169.jpg 300w, https:\/\/assets.lightsourcebp.staging.1int.co.uk\/app\/uploads\/2022\/12\/28232023\/bem-the-change-video-80x45.jpg 80w, https:\/\/assets.lightsourcebp.staging.1int.co.uk\/app\/uploads\/2022\/12\/28232023\/bem-the-change-video-150x84.jpg 150w, https:\/\/assets.lightsourcebp.staging.1int.co.uk\/app\/uploads\/2022\/12\/28232023\/bem-the-change-video-450x253.jpg 450w\" data-sizes=\"(max-width: 450px) calc(100vw - 24px), (min-width: 450px) and (max-width: 575.98px) 551px, (min-width: 576px) and (max-width: 767.98px) 516px, (min-width: 768px) and (max-width: 991.98px) 696px, (min-width: 992px) and (max-width: 1199.98px) 456px, (min-width: 1200px) and (max-width: 1399.98px) 546px, (min-width: 1400px) 636px\"><img data-src=\"https:\/\/assets.lightsourcebp.staging.1int.co.uk\/app\/uploads\/2022\/12\/28232023\/bem-the-change-video.jpg\" alt=\"\" width=\"624\" height=\"351\" class=\"d-flex mw-100 w-100 h-auto fit-cover rounded-10px lazy\"  decoding=\"sync\"><\/picture><noscript><img loading=\"lazy\" src=\"https:\/\/assets.lightsourcebp.staging.1int.co.uk\/app\/uploads\/2022\/12\/28232023\/bem-the-change-video.jpg\" alt=\"\" width=\"624\" height=\"351\" class=\"d-flex mw-100 w-100 h-auto fit-cover rounded-10px \"  decoding=\"sync\"><\/noscript>\n      <\/div>\n\n  <button class=\"video__play-button bottom-0 position-absolute z-2 p-0 border-none transition-500 w-auto h-auto top-auto\">\n    <i class=\"fg-color-off-white\">\n      <svg xmlns=\"http:\/\/www.w3.org\/2000\/svg\" width=\"79\" height=\"79\" fill=\"none\"><path fill=\"url(#playIcon)\" d=\"M0 0h79v79H0V0z\"\/><path fill=\"#fff\" d=\"M29.625 29.269a1 1 0 011.543-.84L46.98 38.66a1 1 0 010 1.68L31.168 50.57a1 1 0 01-1.543-.839V29.27z\"\/><defs><linearGradient id=\"playIcon\" x1=\"0\" x2=\"107.528\" y1=\"79\" y2=\"-2.194\" gradientUnits=\"userSpaceOnUse\"><stop stop-color=\"#DF1995\"\/><stop offset=\"1\" stop-color=\"#FE5000\"\/><\/linearGradient><\/defs><\/svg>\n    <\/i>\n  <\/button>\n\n  <iframe\n  class=\"video__iframe position-absolute w-100 h-100 left-0 top-0 transition-500\"\n  data-src=\"https:\/\/www.youtube-nocookie.com\/embed\/dwSRhNNRPns?autoplay=1&amp;controls=1&amp;rel=0\"\n  data-title=\"Build your career at Lightsource bp - Be The Change\"\n  frameBorder=\"0\"\n  width=\"100%\" height=\"100%\"\n  allow=\"autoplay; encrypted-media\"\n  allowFullScreen=\"true\"\n  webkitallowfullscreen=\"true\"\n  mozallowfullscreen=\"true\"><\/iframe>\n<\/div>\n                  <\/div>\n                                                                                          <\/div>\n                  <\/div>\n      <\/div>\n    <\/div>\n\n  <div class=\"pt-30 pt-lg-50\"><\/div>\n  <\/section>\n\n\n<section class=\"call-to-action align block_acf-block-6690ea7fc94c1 block call-to-action\">\n  <div class=\"pt-30 pt-lg-50\"><\/div>\n\n  <div class=\"container z-2\">\n\n    <div class=\"row\">\n      <div class=\"col-12 col-lg-6 pl-0 pr-0\">\n        <picture><source srcset=\"https:\/\/assets.lightsourcebp.staging.1int.co.uk\/app\/uploads\/2022\/12\/28221024\/Join-LSBP-e1670110277542.jpg 1000w, https:\/\/assets.lightsourcebp.staging.1int.co.uk\/app\/uploads\/2022\/12\/28221024\/Join-LSBP-e1670110277542-300x205.jpg 300w, https:\/\/assets.lightsourcebp.staging.1int.co.uk\/app\/uploads\/2022\/12\/28221024\/Join-LSBP-e1670110277542-80x55.jpg 80w, https:\/\/assets.lightsourcebp.staging.1int.co.uk\/app\/uploads\/2022\/12\/28221024\/Join-LSBP-e1670110277542-150x103.jpg 150w, https:\/\/assets.lightsourcebp.staging.1int.co.uk\/app\/uploads\/2022\/12\/28221024\/Join-LSBP-e1670110277542-450x308.jpg 450w, https:\/\/assets.lightsourcebp.staging.1int.co.uk\/app\/uploads\/2022\/12\/28221024\/Join-LSBP-e1670110277542-767x525.jpg 767w\" sizes=\"\"><img loading=\"lazy\" decoding=\"async\" src=\"https:\/\/assets.lightsourcebp.staging.1int.co.uk\/app\/uploads\/2022\/12\/28221024\/Join-LSBP-e1670110277542.jpg\" alt=\"\" width=\"1000\" height=\"684\" class=\"w-100 w-lg-101 h-100 object-fit-cover ml--15px\"><\/picture>\n      <\/div>\n      <div class=\"col-12 col-lg-6 bg-color-gradient position-relative z-1 overflow-hidden\">\n\n        \n        <div class=\"d-flex flex-column flex-center h-100 px-15 px-md-50 py-60 py-lg-30 py-xxl-0\">\n                      <span class=\"d-flex font-size-navigation font-weight-semi-bold mb-15 text-transform-uppercase letter-spacing-title fg-color-gradient\">Carreiras<\/span>\n                                <h2 class=\"mb-20 fg-color-white\">Junta-te \u00e0 Lightsource bp<\/h2>\n                                <div class=\"flex flex-column w-100 rich-text fg-color-white\">\n              <p>Ao escolher uma carreira na Lightsource bp, est\u00e1 a juntar-se a uma equipa que se preocupa verdadeiramente em criar um futuro mais sustent\u00e1vel para o nosso mundo, atrav\u00e9s de projetos de energia seguros, relevantes e com baixo n\u00edvel de <span class=\"TextRun Highlight SCXW92938142 BCX8\" lang=\"PT-PT\" xml:lang=\"PT-PT\" data-contrast=\"none\"><span class=\"NormalTextRun TrackChangeHoverSelectHighlightRed SCXW92938142 BCX8\" data-ccp-parastyle=\"line-height-level-6\" data-ccp-parastyle-defn=\"{&quot;ObjectId&quot;:&quot;479bed5f-77ba-4fcf-831e-3a284ba1b077|201&quot;,&quot;ClassId&quot;:1073872969,&quot;Properties&quot;:[201342446,&quot;0&quot;,201342449,&quot;0&quot;,469777841,&quot;Times New Roman&quot;,469777844,&quot;Times New Roman&quot;,201341986,&quot;0&quot;,469769226,&quot;Times New Roman&quot;,335551547,&quot;3082&quot;,335559740,&quot;240&quot;,201341983,&quot;0&quot;,335559739,&quot;240&quot;,201342447,&quot;5&quot;,201342448,&quot;1&quot;,469777842,&quot;Times New Roman&quot;,469777843,&quot;Times New Roman&quot;,268442635,&quot;24&quot;,335559704,&quot;1025&quot;,335559705,&quot;3082&quot;,469775450,&quot;line-height-level-6&quot;,201340122,&quot;2&quot;,134233614,&quot;true&quot;,469778129,&quot;line-height-level-6&quot;,335572020,&quot;1&quot;,134233118,&quot;true&quot;,134233117,&quot;true&quot;,469778324,&quot;Normal&quot;]}\">emiss\u00f5es de<\/span><\/span> carbono.<\/p>\n\n            <\/div>\n                                            <div class=\"d-inline-flex w-100 button-container mb-15\">\n              <a class=\"button button--gradient my-0 mr-auto\" href=\"https:\/\/careers.lightsourcebp.com\/go\/View-All-Jobs\/8639602\/\" target=\"_blank\"><span>oportunidades<\/span> <svg xmlns=\"http:\/\/www.w3.org\/2000\/svg\" width=\"8\" height=\"14\" fill=\"none\"><path stroke=\"currentColor\" stroke-linecap=\"round\" stroke-linejoin=\"round\" stroke-width=\"2\" d=\"m1 13 6-6-6-6\"\/><\/svg><\/a>\n            <\/div>\n                  <\/div>\n      <\/div>\n    <\/div>\n  <\/div>\n  <div class=\"pt-0 pt-lg-100\"><\/div>\n<\/section>\n","protected":false},"excerpt":{"rendered":"","protected":false},"author":1,"featured_media":0,"parent":0,"menu_order":0,"comment_status":"closed","ping_status":"closed","template":"","meta":{"_acf_changed":false,"inline_featured_image":false,"footnotes":""},"class_list":["post-163440","page","type-page","status-publish","hentry"],"acf":[],"aioseo_notices":[],"_links":{"self":[{"href":"https:\/\/lightsourcebp.staging.1int.co.uk\/pt\/wp-json\/wp\/v2\/pages\/163440","targetHints":{"allow":["GET"]}}],"collection":[{"href":"https:\/\/lightsourcebp.staging.1int.co.uk\/pt\/wp-json\/wp\/v2\/pages"}],"about":[{"href":"https:\/\/lightsourcebp.staging.1int.co.uk\/pt\/wp-json\/wp\/v2\/types\/page"}],"author":[{"embeddable":true,"href":"https:\/\/lightsourcebp.staging.1int.co.uk\/pt\/wp-json\/wp\/v2\/users\/1"}],"replies":[{"embeddable":true,"href":"https:\/\/lightsourcebp.staging.1int.co.uk\/pt\/wp-json\/wp\/v2\/comments?post=163440"}],"version-history":[{"count":7,"href":"https:\/\/lightsourcebp.staging.1int.co.uk\/pt\/wp-json\/wp\/v2\/pages\/163440\/revisions"}],"predecessor-version":[{"id":398298,"href":"https:\/\/lightsourcebp.staging.1int.co.uk\/pt\/wp-json\/wp\/v2\/pages\/163440\/revisions\/398298"}],"wp:attachment":[{"href":"https:\/\/lightsourcebp.staging.1int.co.uk\/pt\/wp-json\/wp\/v2\/media?parent=163440"}],"curies":[{"name":"wp","href":"https:\/\/api.w.org\/{rel}","templated":true}]}}