{"id":163462,"date":"2022-09-20T08:50:52","date_gmt":"2022-09-20T08:50:52","guid":{"rendered":"https:\/\/lightsourcebp.staging.1int.co.uk\/partner-with-us\/"},"modified":"2024-07-12T08:25:32","modified_gmt":"2024-07-12T08:25:32","slug":"seja-nosso-parceiro","status":"publish","type":"page","link":"https:\/\/lightsourcebp.staging.1int.co.uk\/pt\/seja-nosso-parceiro\/","title":{"rendered":"Seja nosso parceiro"},"content":{"rendered":"<section class=\"block-page-title bg-color-white\">\n  <div class=\"pt-60 pt-lg-100\"><\/div>\n\n  <div class=\"container\">\n    <div class=\"row\">\n      <div class=\"col-12\">\n                <h1 class=\"fg-color-gradient\">Seja nosso parceiro<\/h1>\n      <\/div>\n    <\/div>\n  <\/div>\n\n  <div class=\"pt-60 pt-lg-100\"><\/div>\n<\/section>\n  \n\n\n<section class=\"banner-single position-relative\">\n  <div class=\"container-fluid\">\n    <div class=\"row\">\n      <div class=\"col-12 px-0\">\n                <div class=\"position-relative w-100 h-100 aspect-ratio-banner object-fit-cover\">\n          <picture>\n                    <source srcset=\"https:\/\/assets.lightsourcebp.staging.1int.co.uk\/app\/uploads\/2022\/12\/27211505\/COLABORA-CON-NOSOTROS-ID-994096-1920x800-3-aspect-ratio-450-490-450x490.jpg, https:\/\/assets.lightsourcebp.staging.1int.co.uk\/app\/uploads\/2022\/12\/27211505\/COLABORA-CON-NOSOTROS-ID-994096-1920x800-3-aspect-ratio-450-490.jpg 2x\"\n                          media=\"(max-width: 575px)\">\n                    <source srcset=\"https:\/\/assets.lightsourcebp.staging.1int.co.uk\/app\/uploads\/2022\/12\/28192528\/COLABORA-CON-NOSOTROS-ID-994096-1920x800-3-1000x417.jpg, https:\/\/assets.lightsourcebp.staging.1int.co.uk\/app\/uploads\/2022\/12\/28192528\/COLABORA-CON-NOSOTROS-ID-994096-1920x800-3.jpg 2x\"\n                          media=\"(min-width: 576px) and (max-width: 991px)\">\n                    <source srcset=\"https:\/\/assets.lightsourcebp.staging.1int.co.uk\/app\/uploads\/2022\/12\/28192528\/COLABORA-CON-NOSOTROS-ID-994096-1920x800-3.jpg, https:\/\/assets.lightsourcebp.staging.1int.co.uk\/app\/uploads\/2022\/12\/28192528\/COLABORA-CON-NOSOTROS-ID-994096-1920x800-3.jpg 2x\"\n                          media=\"(min-width: 992px)\">\n                    <img loading=\"lazy\" decoding=\"async\" src=\"https:\/\/assets.lightsourcebp.staging.1int.co.uk\/app\/uploads\/2022\/12\/28192528\/COLABORA-CON-NOSOTROS-ID-994096-1920x800-3.jpg\" alt=\"\"\n                       srcset=\"https:\/\/assets.lightsourcebp.staging.1int.co.uk\/app\/uploads\/2022\/12\/28192528\/COLABORA-CON-NOSOTROS-ID-994096-1920x800-3.jpg 2x\"\n                       sizes=\"auto, 100vw\"\n                       class=\"position-absolute w-100 h-100 left-0 top-0 object-fit-cover\"\n                       width=\"1920\"\n                       height=\"800\">\n                <\/picture>\n        <\/div>\n              <\/div>\n    <\/div>\n  <\/div>\n<\/section>\n\n\n<section class=\"text align block_acf-block-6690e87b0b55b block bg-color-orange-3-percent position-relative z-1 overflow-hidden\">\n    <div class=\"pt-60 pt-lg-100\"><\/div>\n\n      <img decoding=\"async\" class=\"position-absolute bottom-0 right-10 -z-1\" src=\"https:\/\/lightsourcebp.staging.1int.co.uk\/app\/themes\/lightsourcebp-theme\/dist\/images\/global\/background-swirls_935dfcd0.png\" alt=\"\" \/>\n  \n  <div class=\"container \">\n    <div class=\"row\">\n      <div class=\"col-12 col-md-9\">\n        <span class=\"rich-text extra-large-text fg-color-navy-text\">\n          <h2>Parcerias criadas para promover a transi\u00e7\u00e3o energ\u00e9tica<\/h2>\n<p>A nossa equipa in-house dedicada ao desenvolvimento de neg\u00f3cio est\u00e1 sempre dispon\u00edvel para ouvir particulares e entidades que procurem a cria\u00e7\u00e3o de parcerias robustas e duradouras com vista a desenvolver os pr\u00f3ximos investimentos na \u00e1rea da energia renov\u00e1vel em Portugal. Constru\u00edmos rela\u00e7\u00f5es de trabalho eficazes com um conjunto diversificado de parceiros de confian\u00e7a, desde produtores locais a especialistas em mat\u00e9ria do ambiente. Valorizamos a transpar\u00eancia e a honestidade no nosso neg\u00f3cio, honramos os nossos compromissos e procuramos trabalhar com parceiros que partilhem os mesmos valores.<\/p>\n\n        <\/span>\n      <\/div>\n    <\/div>\n  <\/div>\n\n  <div class=\"pt-30 pt-lg-100\"><\/div>\n<\/section>\n\n\n<section class=\"fifty-fifty align block_acf-block-6690e87b0c954 block bg-color-white position-relative z-1 overflow-hidden\">\n        <div class=\"pt-30 pt-lg-15\"><\/div>\n\n    \n    <div class=\"fifty-fifty__row\">\n      <div class=\"container \">\n        <div class=\"row align-items-center\">\n                      <div class=\"col-12 col-lg-6 col-xl-5 align-self-center fifty-left d-flex flex-column order-2 order-lg-1\">\n                                                                    <span class=\"font-size-navigation font-weight-semi-bold mb-15 text-transform-uppercase letter-spacing-title fg-color-gradient\">Criar rela\u00e7\u00f5es s\u00f3lidas e efetivas<\/span>\n                                    <h2 class=\"mb-20 \">Coprodutores<\/h2>\n                                                                                                                                                                <div class=\"flex flex-column w-100 line-height-level-6 mb-15 fifty-fifty__text font-size-paragraph-medium  fg-color-navy-text \">\n                    <p>Ao longo dos anos, fortalecemos a nossa capacidade de desenvolvimento de parcerias consolidadas. Centr\u00e1mos o nosso foco na cria\u00e7\u00e3o de parcerias flex\u00edveis, alavancando o nosso expertise no desenvolvimento, financiamento, contrata\u00e7\u00e3o e constru\u00e7\u00e3o de ativos solares. Procur\u00e1mos ainda desenvolver a capacidade da nossa equipa de trabalhar com diferentes parceiros em v\u00e1rias estruturas. Temos experi\u00eancia na realiza\u00e7\u00e3o de acordos introdut\u00f3rios, acordos de desenvolvimento conjunto de portef\u00f3lio, joint ventures, aquisi\u00e7\u00f5es de projetos em fase de prepara\u00e7\u00e3o e muito mais. O nosso compromisso com pr\u00e1ticas de neg\u00f3cio \u00e9ticas e seguras representa o nosso empenho em assegurar que tanto n\u00f3s quanto os nossos parceiros seguimos os mais elevados padr\u00f5es existentes.<\/p>\n\n                  <\/div>\n                                                                                                          <\/div>\n                                <div class=\"col-12 col-lg-6 col-xl-6 offset-xl-1 align-self-center fifty-right d-flex flex-column mb-lg-0 mt-lg-0 order-3 order-lg-1  mt-15 \">\n                                                                                                                <div class=\"flex flex-column w-100 mb-30 fifty-fifty__image\">\n                    <picture><source srcset=\"https:\/\/assets.lightsourcebp.staging.1int.co.uk\/app\/uploads\/2022\/12\/27143010\/Promens003-1024x771-1.jpg 1024w, https:\/\/assets.lightsourcebp.staging.1int.co.uk\/app\/uploads\/2022\/12\/27143010\/Promens003-1024x771-1-300x226.jpg 300w, https:\/\/assets.lightsourcebp.staging.1int.co.uk\/app\/uploads\/2022\/12\/27143010\/Promens003-1024x771-1-80x60.jpg 80w, https:\/\/assets.lightsourcebp.staging.1int.co.uk\/app\/uploads\/2022\/12\/27143010\/Promens003-1024x771-1-150x113.jpg 150w, https:\/\/assets.lightsourcebp.staging.1int.co.uk\/app\/uploads\/2022\/12\/27143010\/Promens003-1024x771-1-450x339.jpg 450w, https:\/\/assets.lightsourcebp.staging.1int.co.uk\/app\/uploads\/2022\/12\/27143010\/Promens003-1024x771-1-767x577.jpg 767w, https:\/\/assets.lightsourcebp.staging.1int.co.uk\/app\/uploads\/2022\/12\/27143010\/Promens003-1024x771-1-1000x753.jpg 1000w\" sizes=\"100vw\"><img loading=\"lazy\" decoding=\"async\" src=\"https:\/\/assets.lightsourcebp.staging.1int.co.uk\/app\/uploads\/2022\/12\/27143010\/Promens003-1024x771-1.jpg\" alt=\"people on solar field\" width=\"1024\" height=\"771\" class=\"d-flex max-w-100 w-100 h-auto mx-auto fit-cover rounded-10px\"><\/picture>\n                  <\/div>\n                                                                          <\/div>\n                  <\/div>\n      <\/div>\n    <\/div>\n\n  <div class=\"pt-30 pt-lg-30\"><\/div>\n  <\/section>\n\n\n<section class=\"fifty-fifty align block_acf-block-6690e87b0c9f6 block bg-color-white position-relative z-1 overflow-hidden\">\n        <div class=\"pt-30 pt-lg-50\"><\/div>\n\n    \n    <div class=\"fifty-fifty__row\">\n      <div class=\"container \">\n        <div class=\"row align-items-center\">\n                      <div class=\"col-12 col-lg-6 col-xl-6 align-self-center fifty-left d-flex flex-column order-2 order-lg-1\">\n                                                                                                                <div class=\"flex flex-column w-100 mb-30 fifty-fifty__image\">\n                    <picture><source srcset=\"https:\/\/assets.lightsourcebp.staging.1int.co.uk\/app\/uploads\/2019\/12\/29223006\/lightsource-bp-accelerates-global-solar-growth.jpg.img_.1024.medium.jpg 1024w, https:\/\/assets.lightsourcebp.staging.1int.co.uk\/app\/uploads\/2019\/12\/29223006\/lightsource-bp-accelerates-global-solar-growth.jpg.img_.1024.medium-300x169.jpg 300w, https:\/\/assets.lightsourcebp.staging.1int.co.uk\/app\/uploads\/2019\/12\/29223006\/lightsource-bp-accelerates-global-solar-growth.jpg.img_.1024.medium-80x45.jpg 80w, https:\/\/assets.lightsourcebp.staging.1int.co.uk\/app\/uploads\/2019\/12\/29223006\/lightsource-bp-accelerates-global-solar-growth.jpg.img_.1024.medium-150x84.jpg 150w, https:\/\/assets.lightsourcebp.staging.1int.co.uk\/app\/uploads\/2019\/12\/29223006\/lightsource-bp-accelerates-global-solar-growth.jpg.img_.1024.medium-450x253.jpg 450w, https:\/\/assets.lightsourcebp.staging.1int.co.uk\/app\/uploads\/2019\/12\/29223006\/lightsource-bp-accelerates-global-solar-growth.jpg.img_.1024.medium-767x431.jpg 767w, https:\/\/assets.lightsourcebp.staging.1int.co.uk\/app\/uploads\/2019\/12\/29223006\/lightsource-bp-accelerates-global-solar-growth.jpg.img_.1024.medium-1000x563.jpg 1000w\" sizes=\"100vw\"><img loading=\"lazy\" decoding=\"async\" src=\"https:\/\/assets.lightsourcebp.staging.1int.co.uk\/app\/uploads\/2019\/12\/29223006\/lightsource-bp-accelerates-global-solar-growth.jpg.img_.1024.medium.jpg\" alt=\"row of solar panels\" width=\"1024\" height=\"576\" class=\"d-flex max-w-100 w-100 h-auto mx-auto fit-cover rounded-10px\"><\/picture>\n                  <\/div>\n                                                          <\/div>\n                                <div class=\"col-12 col-lg-6 col-xl-5 offset-xl-1 align-self-center fifty-right d-flex flex-column mb-lg-0 mt-lg-0 order-1 order-lg-1  mb-15 \">\n                                                                  <h2 class=\"mb-20 \">Compradores de energia<\/h2>\n                                                                                                                                                                                <div class=\"flex flex-column w-100 line-height-level-6 mb-15 fifty-fifty__text font-size-paragraph-medium  fg-color-navy-text \">\n\n                    <p>As nossas equipas locais em Portugal e distribu\u00eddas pela Europa s\u00e3o especialistas na \u00e1rea da energia solar e t\u00eam um profundo conhecimento na estrutura\u00e7\u00e3o e no financiamento de contratos de aquisi\u00e7\u00e3o de energia. Este expertise, aliado ao conhecimento espec\u00edfico local, permite-nos assegurar uma posi\u00e7\u00e3o de destaque enquanto parceiro de desenvolvimento e de longo-prazo de empresas portuguesas.<\/p>\n\n                  <\/div>\n                                                                                                                          <\/div>\n                  <\/div>\n      <\/div>\n    <\/div>\n\n  <div class=\"pt-60 pt-lg-100\"><\/div>\n  <\/section>\n\n\n<section class=\"fifty-fifty align block_acf-block-6690e87b0cd2c block bg-color-orange-3-percent position-relative z-1 overflow-hidden\">\n        <div class=\"pt-60 pt-lg-100\"><\/div>\n\n          <img decoding=\"async\" class=\"position-absolute top-n20 right-n125 right-sm-n80 right-md-n45 right-xl-n32 rotate-230 -z-1\" src=\"https:\/\/lightsourcebp.staging.1int.co.uk\/app\/themes\/lightsourcebp-theme\/dist\/images\/global\/background-swirls_935dfcd0.png\" alt=\"\" \/>\n    \n    <div class=\"fifty-fifty__row\">\n      <div class=\"container \">\n        <div class=\"row align-items-center\">\n                      <div class=\"col-12 col-lg-6 col-xl-5 align-self-center fifty-left d-flex flex-column order-2 order-lg-1\">\n                                                                  <h2 class=\"mb-20 \">Fornecedores com certificado de desempenho energ\u00e9tico e de funcionamento e manuten\u00e7\u00e3o<\/h2>\n                                                                                                                                                                <div class=\"flex flex-column w-100 line-height-level-6 mb-15 fifty-fifty__text font-size-paragraph-medium  fg-color-navy-text \">\n                    <p>Orgulhamo-nos de desenvolver projetos de energia solar respons\u00e1veis. Todas as nossas instala\u00e7\u00f5es respeitam os mais elevados padr\u00f5es de melhores pr\u00e1ticas, logo desde a constru\u00e7\u00e3o. Trabalhar com a Lightsource bp proporciona acesso aos nossos projetos em fase de prepara\u00e7\u00e3o a n\u00edvel mundial, bem como \u00e0s nossas pr\u00e1ticas inovadoras e \u00e0 nossa solidez financeira. A seguran\u00e7a \u00e9 um dos nossos valores fundamentais e est\u00e1 no cerne de tudo o que fazemos, desde as primeiras fases de desenvolvimento at\u00e9 ao momento do desmantelamento.<\/p>\n\n                  <\/div>\n                                                                                                          <\/div>\n                                <div class=\"col-12 col-lg-6 col-xl-6 offset-xl-1 align-self-center fifty-right d-flex flex-column mb-lg-0 mt-lg-0 order-3 order-lg-1  mt-15 \">\n                                                                                                                <div class=\"flex flex-column w-100 mb-30 fifty-fifty__image\">\n                    <picture><source srcset=\"https:\/\/assets.lightsourcebp.staging.1int.co.uk\/app\/uploads\/2020\/06\/29221021\/recycling-thumbnail-images.jpg 400w, https:\/\/assets.lightsourcebp.staging.1int.co.uk\/app\/uploads\/2020\/06\/29221021\/recycling-thumbnail-images-300x188.jpg 300w, https:\/\/assets.lightsourcebp.staging.1int.co.uk\/app\/uploads\/2020\/06\/29221021\/recycling-thumbnail-images-80x50.jpg 80w, https:\/\/assets.lightsourcebp.staging.1int.co.uk\/app\/uploads\/2020\/06\/29221021\/recycling-thumbnail-images-150x94.jpg 150w\" sizes=\"100vw\"><img loading=\"lazy\" decoding=\"async\" src=\"https:\/\/assets.lightsourcebp.staging.1int.co.uk\/app\/uploads\/2020\/06\/29221021\/recycling-thumbnail-images.jpg\" alt=\"solar panel maintenance\" width=\"400\" height=\"250\" class=\"d-flex max-w-100 w-100 h-auto mx-auto fit-cover rounded-10px\"><\/picture>\n                  <\/div>\n                                                                          <\/div>\n                  <\/div>\n      <\/div>\n    <\/div>\n\n  <div class=\"pt-60 pt-lg-100\"><\/div>\n  <\/section>\n\n\n<section class=\"fifty-fifty align block_acf-block-6690e87b0cfcf block bg-color-white position-relative z-1 overflow-hidden\">\n        <div class=\"pt-60 pt-lg-100\"><\/div>\n\n    \n    <div class=\"fifty-fifty__row\">\n      <div class=\"container \">\n        <div class=\"row align-items-center\">\n                      <div class=\"col-12 col-lg-6 col-xl-6 align-self-center fifty-left d-flex flex-column order-2 order-lg-1\">\n                                                                                                                <div class=\"flex flex-column w-100 mb-30 fifty-fifty__image\">\n                    <picture><source srcset=\"https:\/\/assets.lightsourcebp.staging.1int.co.uk\/app\/uploads\/2023\/01\/27084016\/Elm_Branch_0494.jpg 770w, https:\/\/assets.lightsourcebp.staging.1int.co.uk\/app\/uploads\/2023\/01\/27084016\/Elm_Branch_0494-300x259.jpg 300w, https:\/\/assets.lightsourcebp.staging.1int.co.uk\/app\/uploads\/2023\/01\/27084016\/Elm_Branch_0494-80x69.jpg 80w, https:\/\/assets.lightsourcebp.staging.1int.co.uk\/app\/uploads\/2023\/01\/27084016\/Elm_Branch_0494-150x130.jpg 150w, https:\/\/assets.lightsourcebp.staging.1int.co.uk\/app\/uploads\/2023\/01\/27084016\/Elm_Branch_0494-450x389.jpg 450w, https:\/\/assets.lightsourcebp.staging.1int.co.uk\/app\/uploads\/2023\/01\/27084016\/Elm_Branch_0494-767x662.jpg 767w\" sizes=\"100vw\"><img loading=\"lazy\" decoding=\"async\" src=\"https:\/\/assets.lightsourcebp.staging.1int.co.uk\/app\/uploads\/2023\/01\/27084016\/Elm_Branch_0494.jpg\" alt=\"landowner on solar field\" width=\"770\" height=\"665\" class=\"d-flex max-w-100 w-100 h-auto mx-auto fit-cover rounded-10px\"><\/picture>\n                  <\/div>\n                                                          <\/div>\n                                <div class=\"col-12 col-lg-6 col-xl-5 offset-xl-1 align-self-center fifty-right d-flex flex-column mb-lg-0 mt-lg-0 order-3 order-lg-1  mt-15 \">\n                                                                  <h2 class=\"mb-20 \">Comunidades locais e autoridades locais<\/h2>\n                                                                                                                                                                                <div class=\"flex flex-column w-100 line-height-level-6 mb-15 fifty-fifty__text font-size-paragraph-medium  fg-color-navy-text \">\n\n                    <p>Estamos empenhados em ajudar as comunidades a escolher a energia solar e queremos trabalhar com autoridades locais, governos e institui\u00e7\u00f5es para desenvolver solu\u00e7\u00f5es de energia renov\u00e1vel que beneficiem a economia local, protejam o ecossistema e impulsionem a biodiversidade local. O nosso percurso, as nossas estruturas financeiras inovadoras e a nossa pegada global fazem de n\u00f3s o parceiro ideal para as comunidades portuguesas e pasa as institui\u00e7\u00f5es alcan\u00e7arem os seus objetivos relacionados com as energias renov\u00e1veis.<\/p>\n\n                  <\/div>\n                                                                                                                          <\/div>\n                  <\/div>\n      <\/div>\n    <\/div>\n\n  <div class=\"pt-60 pt-lg-100\"><\/div>\n  <\/section>\n","protected":false},"excerpt":{"rendered":"","protected":false},"author":1,"featured_media":0,"parent":0,"menu_order":0,"comment_status":"closed","ping_status":"closed","template":"","meta":{"_acf_changed":false,"inline_featured_image":false,"footnotes":""},"class_list":["post-163462","page","type-page","status-publish","hentry"],"acf":[],"aioseo_notices":[],"_links":{"self":[{"href":"https:\/\/lightsourcebp.staging.1int.co.uk\/pt\/wp-json\/wp\/v2\/pages\/163462","targetHints":{"allow":["GET"]}}],"collection":[{"href":"https:\/\/lightsourcebp.staging.1int.co.uk\/pt\/wp-json\/wp\/v2\/pages"}],"about":[{"href":"https:\/\/lightsourcebp.staging.1int.co.uk\/pt\/wp-json\/wp\/v2\/types\/page"}],"author":[{"embeddable":true,"href":"https:\/\/lightsourcebp.staging.1int.co.uk\/pt\/wp-json\/wp\/v2\/users\/1"}],"replies":[{"embeddable":true,"href":"https:\/\/lightsourcebp.staging.1int.co.uk\/pt\/wp-json\/wp\/v2\/comments?post=163462"}],"version-history":[{"count":5,"href":"https:\/\/lightsourcebp.staging.1int.co.uk\/pt\/wp-json\/wp\/v2\/pages\/163462\/revisions"}],"predecessor-version":[{"id":398292,"href":"https:\/\/lightsourcebp.staging.1int.co.uk\/pt\/wp-json\/wp\/v2\/pages\/163462\/revisions\/398292"}],"wp:attachment":[{"href":"https:\/\/lightsourcebp.staging.1int.co.uk\/pt\/wp-json\/wp\/v2\/media?parent=163462"}],"curies":[{"name":"wp","href":"https:\/\/api.w.org\/{rel}","templated":true}]}}