{"id":163473,"date":"2022-09-20T08:45:22","date_gmt":"2022-09-20T08:45:22","guid":{"rendered":"https:\/\/lightsourcebp.staging.1int.co.uk\/about\/leadership\/"},"modified":"2025-09-10T14:33:30","modified_gmt":"2025-09-10T14:33:30","slug":"lideranca","status":"publish","type":"page","link":"https:\/\/lightsourcebp.staging.1int.co.uk\/pt\/sobre-nos\/lideranca\/","title":{"rendered":"Lideran\u00e7a"},"content":{"rendered":"<section class=\"block-page-title bg-color-white\">\n  <div class=\"pt-60 pt-lg-100\"><\/div>\n\n  <div class=\"container\">\n    <div class=\"row\">\n      <div class=\"col-12\">\n                <h1 class=\"fg-color-gradient\">Lideran\u00e7a<\/h1>\n      <\/div>\n    <\/div>\n  <\/div>\n\n  <div class=\"pt-60 pt-lg-100\"><\/div>\n<\/section>\n  \n\n\n<section class=\"banner-single position-relative\">\n  <div class=\"container-fluid\">\n    <div class=\"row\">\n      <div class=\"col-12 px-0\">\n                <div class=\"position-relative w-100 h-100 aspect-ratio-banner object-fit-cover\">\n          <picture>\n                    <source srcset=\"https:\/\/assets.lightsourcebp.staging.1int.co.uk\/app\/uploads\/2022\/10\/29210057\/our-leadership-banner-min-aspect-ratio-450-490-1-450x490.jpg, https:\/\/assets.lightsourcebp.staging.1int.co.uk\/app\/uploads\/2022\/10\/29210057\/our-leadership-banner-min-aspect-ratio-450-490-1.jpg 2x\"\n                          media=\"(max-width: 575px)\">\n                    <source srcset=\"https:\/\/assets.lightsourcebp.staging.1int.co.uk\/app\/uploads\/2022\/11\/29202510\/our-leadership-banner-min-aspect-ratio-1550-600-1000x387.jpg, https:\/\/assets.lightsourcebp.staging.1int.co.uk\/app\/uploads\/2022\/11\/29202510\/our-leadership-banner-min-aspect-ratio-1550-600.jpg 2x\"\n                          media=\"(min-width: 576px) and (max-width: 991px)\">\n                    <source srcset=\"https:\/\/assets.lightsourcebp.staging.1int.co.uk\/app\/uploads\/2022\/11\/29202510\/our-leadership-banner-min-aspect-ratio-1550-600.jpg, https:\/\/assets.lightsourcebp.staging.1int.co.uk\/app\/uploads\/2022\/11\/29202510\/our-leadership-banner-min-aspect-ratio-1550-600.jpg 2x\"\n                          media=\"(min-width: 992px)\">\n                    <img loading=\"lazy\" decoding=\"async\" src=\"https:\/\/assets.lightsourcebp.staging.1int.co.uk\/app\/uploads\/2022\/11\/29202510\/our-leadership-banner-min-aspect-ratio-1550-600.jpg\" alt=\"\"\n                       srcset=\"https:\/\/assets.lightsourcebp.staging.1int.co.uk\/app\/uploads\/2022\/11\/29202510\/our-leadership-banner-min-aspect-ratio-1550-600.jpg 2x\"\n                       sizes=\"auto, 100vw\"\n                       class=\"position-absolute w-100 h-100 left-0 top-0 object-fit-cover\"\n                       width=\"1916\"\n                       height=\"742\">\n                <\/picture>\n        <\/div>\n              <\/div>\n    <\/div>\n  <\/div>\n<\/section>\n\n\n<section class=\"text align block_acf-block-668fd5086f524 block bg-color-orange-3-percent position-relative z-1 overflow-hidden\">\n    <div class=\"pt-60 pt-lg-100\"><\/div>\n\n      <img decoding=\"async\" class=\"position-absolute bottom-0 right-10 -z-1\" src=\"https:\/\/lightsourcebp.staging.1int.co.uk\/app\/themes\/lightsourcebp-theme\/dist\/images\/global\/background-swirls_935dfcd0.png\" alt=\"\" \/>\n  \n  <div class=\"container \">\n    <div class=\"row\">\n      <div class=\"col-12\">\n        <span class=\"rich-text standard-text fg-color-navy\">\n          <h2>Uma equipa de lideran\u00e7a com experi\u00eancia<\/h2>\n<p>A nossa equipa de lideran\u00e7a portuguesa tem uma vasta experi\u00eancia em energia solar e trabalha intensamente em todo o mundo para desenvolver projetos de energias renov\u00e1veis. Na Lightsource bp, a chave do nosso sucesso s\u00e3o as nossas pessoas e cultura. Trabalhamos de forma colaborativa para avan\u00e7ar nas carreiras e promover a inclus\u00e3o, a diversidade e a equidade. Apoiamos e trabalhamos com organiza\u00e7\u00f5es que s\u00e3o importantes e com quem partilhamos os valores quais nos regemos.<\/p>\n\n        <\/span>\n      <\/div>\n    <\/div>\n  <\/div>\n\n  <div class=\"pt-60 pt-lg-100\"><\/div>\n<\/section>\n\n\n<section class=\"multi-column-cards align block_acf-block-68c18c398748a block bg-color-white\">\n  <div class=\"pt-60 pt-lg-100\"><\/div>\n\n  <div class=\"container\">\n    <div class=\"row\">\n      <div class=\"col-12\">\n                <h3 class=\"mb-35\"><\/h3>\n      <\/div>\n    <\/div>\n    <div class=\"row\">\n                        <div class=\"col-12 col-lg-4 mb-30\">\n  <a class=\"text-decoration-none\" href=\"https:\/\/lightsourcebp.staging.1int.co.uk\/pt\/leadership-team\/miguel-lobo\/\">\n    <div class=\"multi-column-cards__image-container\">\n      <img decoding=\"async\" src=\"https:\/\/assets.lightsourcebp.staging.1int.co.uk\/app\/uploads\/2025\/08\/11113101\/Miguel-Lobo.jpg\" \/>\n    <\/div>\n    <h5 class=\"mt-25 mb-5 fg-color-orange\">Miguel Lobo<\/h5>\n    <p class=\"fg-color-navy\">Country Head Portugal<\/p>\n  <\/a>\n<\/div>\n                  <div class=\"col-12 col-lg-4 mb-30\">\n  <a class=\"text-decoration-none\" href=\"https:\/\/lightsourcebp.staging.1int.co.uk\/pt\/leadership-team\/afonso-coelho\/\">\n    <div class=\"multi-column-cards__image-container\">\n      <img decoding=\"async\" src=\"https:\/\/assets.lightsourcebp.staging.1int.co.uk\/app\/uploads\/2025\/08\/11113056\/Afonso-Coelho-4.jpg\" \/>\n    <\/div>\n    <h5 class=\"mt-25 mb-5 fg-color-orange\">Afonso Coelho<\/h5>\n    <p class=\"fg-color-navy\">Head of Development Portugal<\/p>\n  <\/a>\n<\/div>\n                  <div class=\"col-12 col-lg-4 mb-30\">\n  <a class=\"text-decoration-none\" href=\"https:\/\/lightsourcebp.staging.1int.co.uk\/pt\/leadership-team\/pedro-fernandes\/\">\n    <div class=\"multi-column-cards__image-container\">\n      <img decoding=\"async\" src=\"https:\/\/assets.lightsourcebp.staging.1int.co.uk\/app\/uploads\/2025\/08\/11113119\/Pedro-Fernandes.jpg\" \/>\n    <\/div>\n    <h5 class=\"mt-25 mb-5 fg-color-orange\">Pedro Fernandes<\/h5>\n    <p class=\"fg-color-navy\">Head of Environmental Planning Portugal <\/p>\n  <\/a>\n<\/div>\n                  <div class=\"col-12 col-lg-4 mb-30\">\n  <a class=\"text-decoration-none\" href=\"https:\/\/lightsourcebp.staging.1int.co.uk\/pt\/leadership-team\/nuno-correia\/\">\n    <div class=\"multi-column-cards__image-container\">\n      <img decoding=\"async\" src=\"https:\/\/assets.lightsourcebp.staging.1int.co.uk\/app\/uploads\/2025\/08\/11113114\/Nuno-Correia.jpg\" \/>\n    <\/div>\n    <h5 class=\"mt-25 mb-5 fg-color-orange\">Nuno Correia<\/h5>\n    <p class=\"fg-color-navy\">Head of Grid Portugal<\/p>\n  <\/a>\n<\/div>\n                  <div class=\"col-12 col-lg-4 mb-30\">\n  <a class=\"text-decoration-none\" href=\"https:\/\/lightsourcebp.staging.1int.co.uk\/pt\/leadership-team\/ana-pires\/\">\n    <div class=\"multi-column-cards__image-container\">\n      <img decoding=\"async\" src=\"https:\/\/assets.lightsourcebp.staging.1int.co.uk\/app\/uploads\/2025\/08\/11113110\/Ana-Pires-2.jpg\" \/>\n    <\/div>\n    <h5 class=\"mt-25 mb-5 fg-color-orange\">Ana Pires<\/h5>\n    <p class=\"fg-color-navy\">Senior Development Manager<\/p>\n  <\/a>\n<\/div>\n                  <div class=\"col-12 col-lg-4 mb-30\">\n  <a class=\"text-decoration-none\" href=\"https:\/\/lightsourcebp.staging.1int.co.uk\/pt\/leadership-team\/eduardo-lacerda\/\">\n    <div class=\"multi-column-cards__image-container\">\n      <img decoding=\"async\" src=\"https:\/\/assets.lightsourcebp.staging.1int.co.uk\/app\/uploads\/2024\/10\/07071117\/Eduardo-Lacerda.jpg\" \/>\n    <\/div>\n    <h5 class=\"mt-25 mb-5 fg-color-orange\">Eduardo Lacerda<\/h5>\n    <p class=\"fg-color-navy\">Head of Construction Spain and Portugal<\/p>\n  <\/a>\n<\/div>\n                  <div class=\"col-12 col-lg-4 mb-30\">\n  <a class=\"text-decoration-none\" href=\"https:\/\/lightsourcebp.staging.1int.co.uk\/pt\/leadership-team\/anisa-gelissen\/\">\n    <div class=\"multi-column-cards__image-container\">\n      <img decoding=\"async\" src=\"https:\/\/assets.lightsourcebp.staging.1int.co.uk\/app\/uploads\/2025\/09\/10104509\/Anisa-Gelissen.jpg\" \/>\n    <\/div>\n    <h5 class=\"mt-25 mb-5 fg-color-orange\">Anisa Gelissen<\/h5>\n    <p class=\"fg-color-navy\">Structure Finance Director<\/p>\n  <\/a>\n<\/div>\n                  <div class=\"col-12 col-lg-4 mb-30\">\n  <a class=\"text-decoration-none\" href=\"https:\/\/lightsourcebp.staging.1int.co.uk\/pt\/leadership-team\/joao-santos-vitor\/\">\n    <div class=\"multi-column-cards__image-container\">\n      <img decoding=\"async\" src=\"https:\/\/assets.lightsourcebp.staging.1int.co.uk\/app\/uploads\/2025\/08\/11113105\/Joao-Santos-Vitor.jpg\" \/>\n    <\/div>\n    <h5 class=\"mt-25 mb-5 fg-color-orange\">Jo\u00e3o Santos-Vitor<\/h5>\n    <p class=\"fg-color-navy\">Senior Business Development Manager<\/p>\n  <\/a>\n<\/div>\n                  <div class=\"col-12 col-lg-4 mb-30\">\n  <a class=\"text-decoration-none\" href=\"https:\/\/lightsourcebp.staging.1int.co.uk\/pt\/leadership-team\/joao-cortez-vaz\/\">\n    <div class=\"multi-column-cards__image-container\">\n      <img decoding=\"async\" src=\"https:\/\/assets.lightsourcebp.staging.1int.co.uk\/app\/uploads\/2025\/01\/07104539\/Joao-Cortez-Vaz.jpg\" \/>\n    <\/div>\n    <h5 class=\"mt-25 mb-5 fg-color-orange\">Jo\u00e3o Cortez Vaz<\/h5>\n    <p class=\"fg-color-navy\">Head of Legal Development<\/p>\n  <\/a>\n<\/div>\n                  <\/div>\n  <\/div>\n\n  <div class=\"pt-60 pt-lg-100\"><\/div>\n<\/section>\n\n\n<section class=\"multi-column-cards align block_acf-block-668fd793b49cd block bg-color-orange-3-percent\">\n  <div class=\"pt-60 pt-lg-100\"><\/div>\n\n  <div class=\"container\">\n    <div class=\"row\">\n      <div class=\"col-12\">\n                <h3 class=\"mb-35\">Descubra mais<\/h3>\n      <\/div>\n    <\/div>\n    <div class=\"row\">\n                        <div class=\"col-12 col-lg-6 mb-30\">\n  <div class=\"multi-column-cards__image-container\">\n          <a href=\"https:\/\/lightsourcebp.staging.1int.co.uk\/pt\/seja-nosso-parceiro\/\" >\n          <img decoding=\"async\" src=\"https:\/\/assets.lightsourcebp.staging.1int.co.uk\/app\/uploads\/2022\/12\/28235533\/the-power-of-solar-thumb.jpg\" \/>\n          <\/a>\n      <\/div>\n      <a class=\"text-decoration-none text-decoration-sm-underline-hover\" href=\"https:\/\/lightsourcebp.staging.1int.co.uk\/pt\/seja-nosso-parceiro\/\" >\n        <h5 class=\"mt-25 mb-15 fg-color-navy\">Seja nosso parceiro<\/h5>\n      <\/a>\n        <p class=\"line-height-level-6\">Parcerias criadas para promover a transi\u00e7\u00e3o energ\u00e9tica <\/p>\n        <p><a href=\"https:\/\/lightsourcebp.staging.1int.co.uk\/pt\/seja-nosso-parceiro\/\" >Seja nosso parceiro <span class=\"ml-10\"><svg xmlns=\"http:\/\/www.w3.org\/2000\/svg\" width=\"8\" height=\"14\" fill=\"none\"><path stroke=\"currentColor\" stroke-linecap=\"round\" stroke-linejoin=\"round\" stroke-width=\"2\" d=\"M1 13l6-6-6-6\"\/><\/svg><\/span><\/a><\/p>\n  <\/div>\n                  <div class=\"col-12 col-lg-6 mb-30\">\n  <div class=\"multi-column-cards__image-container\">\n          <a href=\"https:\/\/lightsourcebp.staging.1int.co.uk\/pt\/carreiras\/\" >\n          <img decoding=\"async\" src=\"https:\/\/assets.lightsourcebp.staging.1int.co.uk\/app\/uploads\/2022\/12\/27000527\/Careers-Thumbnail.jpg\" \/>\n          <\/a>\n      <\/div>\n      <a class=\"text-decoration-none text-decoration-sm-underline-hover\" href=\"https:\/\/lightsourcebp.staging.1int.co.uk\/pt\/carreiras\/\" >\n        <h5 class=\"mt-25 mb-15 fg-color-navy\">Carreiras<\/h5>\n      <\/a>\n        <p class=\"line-height-level-6\">Ao escolher uma carreira na Lightsource bp, est\u00e1 a juntar-se a uma equipa que se preocupa verdadeiramente em criar um futuro mais sustent\u00e1vel para o nosso mundo, atrav\u00e9s de projetos de energia seguros, relevantes e com baixo n\u00edvel de  emiss\u00f5es de carbono.<\/p>\n        <p><a href=\"https:\/\/lightsourcebp.staging.1int.co.uk\/pt\/carreiras\/\" >Carreiras <span class=\"ml-10\"><svg xmlns=\"http:\/\/www.w3.org\/2000\/svg\" width=\"8\" height=\"14\" fill=\"none\"><path stroke=\"currentColor\" stroke-linecap=\"round\" stroke-linejoin=\"round\" stroke-width=\"2\" d=\"M1 13l6-6-6-6\"\/><\/svg><\/span><\/a><\/p>\n  <\/div>\n                  <\/div>\n  <\/div>\n\n  <div class=\"pt-60 pt-lg-100\"><\/div>\n<\/section>\n","protected":false},"excerpt":{"rendered":"","protected":false},"author":1,"featured_media":0,"parent":163409,"menu_order":0,"comment_status":"closed","ping_status":"closed","template":"","meta":{"_acf_changed":false,"inline_featured_image":false,"footnotes":""},"class_list":["post-163473","page","type-page","status-publish","hentry"],"acf":[],"aioseo_notices":[],"_links":{"self":[{"href":"https:\/\/lightsourcebp.staging.1int.co.uk\/pt\/wp-json\/wp\/v2\/pages\/163473","targetHints":{"allow":["GET"]}}],"collection":[{"href":"https:\/\/lightsourcebp.staging.1int.co.uk\/pt\/wp-json\/wp\/v2\/pages"}],"about":[{"href":"https:\/\/lightsourcebp.staging.1int.co.uk\/pt\/wp-json\/wp\/v2\/types\/page"}],"author":[{"embeddable":true,"href":"https:\/\/lightsourcebp.staging.1int.co.uk\/pt\/wp-json\/wp\/v2\/users\/1"}],"replies":[{"embeddable":true,"href":"https:\/\/lightsourcebp.staging.1int.co.uk\/pt\/wp-json\/wp\/v2\/comments?post=163473"}],"version-history":[{"count":24,"href":"https:\/\/lightsourcebp.staging.1int.co.uk\/pt\/wp-json\/wp\/v2\/pages\/163473\/revisions"}],"predecessor-version":[{"id":471378,"href":"https:\/\/lightsourcebp.staging.1int.co.uk\/pt\/wp-json\/wp\/v2\/pages\/163473\/revisions\/471378"}],"up":[{"embeddable":true,"href":"https:\/\/lightsourcebp.staging.1int.co.uk\/pt\/wp-json\/wp\/v2\/pages\/163409"}],"wp:attachment":[{"href":"https:\/\/lightsourcebp.staging.1int.co.uk\/pt\/wp-json\/wp\/v2\/media?parent=163473"}],"curies":[{"name":"wp","href":"https:\/\/api.w.org\/{rel}","templated":true}]}}